{"id":1034,"date":"2016-07-04T09:52:59","date_gmt":"2016-07-04T08:52:59","guid":{"rendered":"http:\/\/bedbugfoundation.org\/?page_id=1034"},"modified":"2026-03-18T10:04:38","modified_gmt":"2026-03-18T10:04:38","slug":"certification-process-rules-requirements","status":"publish","type":"page","link":"https:\/\/www.bedbugfoundation.org\/de\/certification-process-rules-requirements\/","title":{"rendered":"Zertifizierungsprozess, Regeln und Anforderungen"},"content":{"rendered":"<p>Die folgenden Bestimmungen dienen als Grundlage f\u00fcr die Zertifizierung von Bettwanzensp\u00fcrhundeteams.<\/p>\n\n\n\n<p><strong> 1.1 &nbsp; &nbsp;Evaluator<\/strong><\/p>\n\n\n\n<p>Die von der Bed Bug Foundation (BBF) eingesetzten Gutachter durchlaufen ein internes Auswahlverfahren, werden gepr\u00fcft und anschlie\u00dfend zertifiziert.<\/p>\n\n\n\n<p>Auswerter, die auch F\u00e4hrtenleseteams ausbilden, d\u00fcrfen die von ihnen ausgebildeten Teams nicht zertifizieren.<\/p>\n\n\n\n<p><strong>1.2&nbsp;&nbsp;&nbsp;&nbsp;&nbsp;&nbsp; Training requirements for handler and dog<\/strong><\/p>\n\n\n\n<p>Die Bed Bug Foundation verlangt, dass die folgenden Mindestanforderungen w\u00e4hrend der Pr\u00fcfung erf\u00fcllt werden, um die Pr\u00fcfung erfolgreich zu bestehen und zertifiziert zu werden.<\/p>\n\n\n\n<ul class=\"wp-block-list\">\n<li>Geruchsidentifizierung des Ziels.<\/li>\n\n\n\n<li>Warnung oder Kennzeichnung.<\/li>\n\n\n\n<li>Entwicklung der Suchintensit\u00e4t und der Bedingungen.<\/li>\n\n\n\n<li>Grundkenntnisse \u00fcber Verhalten und Biologie von Bettwanzen.<\/li>\n\n\n\n<li>Grundkenntnisse \u00fcber das Verhalten und die Gesundheit von Hunden.<\/li>\n\n\n\n<li>Die F\u00e4higkeit eines Hundes, 15 Minuten lang ohne Pause zu suchen.<\/li>\n<\/ul>\n\n\n\n<p><strong>&nbsp;<\/strong><\/p>\n\n\n\n<p><strong>1.3&nbsp;&nbsp;&nbsp;&nbsp;&nbsp;&nbsp; Definition of bed bug detection dog team<\/strong><\/p>\n\n\n\n<ul class=\"wp-block-list\">\n<li>Die Zertifizierung gilt ausschlie\u00dflich f\u00fcr ein Team, bestehend aus Hund und Hundef\u00fchrer; eine separate Zertifizierung f\u00fcr Hund und Hundef\u00fchrer ist nicht m\u00f6glich.<\/li>\n\n\n\n<li>Sollte sich ein Hundef\u00fchrer von seinem Hund trennen, wird die Zertifizierung annulliert.<\/li>\n\n\n\n<li>Es ist m\u00f6glich, einen Hund mit mehr als einem Hundef\u00fchrer pr\u00fcfen zu lassen. Jeder Hundef\u00fchrer wird separat mit dem Hund und an verschiedenen Orten gepr\u00fcft.<\/li>\n<\/ul>\n\n\n\n<p><strong>&nbsp;<\/strong><\/p>\n\n\n\n<p><strong>1.4&nbsp;&nbsp;&nbsp;&nbsp;&nbsp;&nbsp; General Provision<\/strong><\/p>\n\n\n\n<ul class=\"wp-block-list\">\n<li>Die Mitgliedschaft in der BBF ist Voraussetzung f\u00fcr die Teilnahme an der Pr\u00fcfung.<\/li>\n\n\n\n<li>Jedes Team kann frei entscheiden, in welchem Land es sich zertifizieren lassen m\u00f6chte.<\/li>\n\n\n\n<li>Ziel der Zertifizierung ist es, Bettwanzensp\u00fcrhundeteams im Sinne von Punkt 1.1 zu pr\u00fcfen und zu zertifizieren, damit sie die von der Bed Bug Foundation angestrebten hohen Qualit\u00e4tsstandards erf\u00fcllen.<\/li>\n\n\n\n<li>Die Pr\u00fcfung besteht sowohl aus theoretischen als auch aus praktischen Kriterien. Das Bestehen des theoretischen Teils der Pr\u00fcfung ist eine Voraussetzung f\u00fcr die Teilnahme am praktischen Teil. Nach Bestehen beider Pr\u00fcfungsteile ist das Bettwanzensp\u00fcrhundeteam zertifiziert.<\/li>\n\n\n\n<li>Die Zertifizierung ist 12 Monate lang g\u00fcltig. Nach der Erstzertifizierung muss sich das Team alle 12 Monate neu zertifizieren lassen.<\/li>\n<\/ul>\n\n\n\n<p><strong>&nbsp;<\/strong><\/p>\n\n\n\n<p><strong>2. &nbsp; &nbsp; &nbsp; Examination requirements <\/strong><\/p>\n\n\n\n<p><strong>2.1 Anforderungen an den Hundef\u00fchrer<\/strong>.<\/p>\n\n\n\n<ul class=\"wp-block-list\">\n<li>Einwilligung in die Ver\u00f6ffentlichung der Kontaktdaten auf der BBF-Website.<\/li>\n\n\n\n<li>Aktueller Versicherungsschutz f\u00fcr Sch\u00e4den, die durch den Hundef\u00fchrer oder den Hund verursacht werden.<\/li>\n<\/ul>\n\n\n\n<p><strong>2.2&nbsp;&nbsp;&nbsp;&nbsp;&nbsp;&nbsp; Requirements of the dog<\/strong><\/p>\n\n\n\n<ul class=\"wp-block-list\">\n<li>Der Hund muss am Tag der Pr\u00fcfung mindestens 15 Monate alt sein, in Ausnahmef\u00e4llen kann bei der BBF eine Pr\u00fcfung im Alter von 12 bis 14 Monaten beantragt werden.<\/li>\n\n\n\n<li>Der Hund darf zum Zeitpunkt der ersten Pr\u00fcfung nicht \u00e4lter als 10 Jahre sein.<\/li>\n\n\n\n<li>Die Identit\u00e4t des Hundes muss durch Auslesen des Transponderchips zweifelsfrei nachgewiesen werden.<\/li>\n\n\n\n<li>Presentation of a valid vaccination certificate (the legal requirements of the respective country must be observed) and a veterinary health certificate, which must not be older than 2 weeks at the time of the test.<\/li>\n\n\n\n<li>Der Hund muss neutrale Reaktionen auf angemessene Umwelteinfl\u00fcsse zeigen.<\/li>\n\n\n\n<li>Der Pr\u00fcfer ist berechtigt, den Hund durch freundlichen neutralen Kontakt und\/oder angemessene Ber\u00fchrung auf aggressives und\/oder \u00e4ngstliches Verhalten zu \u00fcberpr\u00fcfen. Zeigt der Hund \u00fcberm\u00e4\u00dfig aggressives oder \u00e4ngstliches Verhalten, so f\u00fchrt dies zum Ausschluss von der Pr\u00fcfung und wird der BBF gemeldet.<\/li>\n\n\n\n<li>Hunde, die professionell ausgebildet sind oder f\u00fcr andere Aufsp\u00fcrarbeiten eingesetzt werden, werden nicht zur Pr\u00fcfung zugelassen.<\/li>\n\n\n\n<li>Der Hundef\u00fchrer ist verpflichtet, die BBF \u00fcber jede weitere Detektionsarbeit zu informieren, andernfalls wird die Zertifizierung sofort entzogen.<\/li>\n\n\n\n<li>Die Arbeit als Such- und Rettungshund oder Tr\u00fcffelsp\u00fcrhund ist erlaubt. Der Vorstand der BBF hat den entsprechenden Antr\u00e4gen von Hundef\u00fchrern stattgegeben, da diese Sucharbeit au\u00dferhalb von Innenr\u00e4umen durchgef\u00fchrt wird und daher nicht zu Konflikten bei der Bewertung einer positiven Meldung f\u00fchrt.<\/li>\n<\/ul>\n\n\n\n<p><strong>3 &nbsp; &nbsp; &nbsp; &nbsp;Examination Procedere<\/strong><\/p>\n\n\n\n<p><strong>3.1&nbsp;&nbsp;&nbsp;&nbsp;&nbsp;&nbsp; General<\/strong><\/p>\n\n\n\n<ul class=\"wp-block-list\">\n<li>Die Zertifizierung ist nur f\u00fcr Mitglieder m\u00f6glich, die sich zuvor auf der BBF-Website f\u00fcr eine Pr\u00fcfung angemeldet haben.<\/li>\n\n\n\n<li>Die BBF hat sich zum Ziel gesetzt, mindestens vier Pr\u00fcfungen pro Jahr in ganz Europa abzuhalten und die Ergebnisse auf den Websites der Organisation zu ver\u00f6ffentlichen.<\/li>\n\n\n\n<li>Ein von der BBF ernannter Pr\u00fcfer wird w\u00e4hrend der gesamten Pr\u00fcfung anwesend sein.<\/li>\n\n\n\n<li>Der Ausbilder des Hundef\u00fchrers darf bei der Pr\u00fcfung anwesend sein, darf aber keinen Einfluss auf die Entscheidungsfindung des Hundef\u00fchrers nehmen.<\/li>\n\n\n\n<li>Andere von der BBF zugelassene Personen k\u00f6nnen nach Absprache zwischen dem Hundef\u00fchrer und dem Pr\u00fcfer die Pr\u00fcfung beobachten.<\/li>\n<\/ul>\n\n\n\n<p><strong>&nbsp;<\/strong><\/p>\n\n\n\n<p><strong>3.2&nbsp;&nbsp;&nbsp;&nbsp;&nbsp;&nbsp; Disqualification from the certification<\/strong><\/p>\n\n\n\n<ul class=\"wp-block-list\">\n<li>Zeigt der Hundef\u00fchrer nach Meinung des Pr\u00fcfers starken Zwang oder \u00fcberm\u00e4\u00dfige H\u00e4rte gegen\u00fcber dem Hund, so f\u00fchrt dies zur sofortigen Disqualifikation (nicht bestandene Pr\u00fcfung und Meldung an den Landesvertreter). Der BBF-Vertreter muss einen schriftlichen Bericht an die Tierschutzbeh\u00f6rde des Landes, in dem die Pr\u00fcfung durchgef\u00fchrt wurde, sowie an die BBF schicken. Die BBF beh\u00e4lt sich das Recht vor, gegebenenfalls weitere Ma\u00dfnahmen zu ergreifen.<\/li>\n\n\n\n<li>Da die Zertifizierung f\u00fcr den Einsatz in Hotels oder Privathaushalten angestrebt wird, ist eine vorbildliche Pflege des Hundes Pr\u00fcfungsvoraussetzung; ungepflegte oder verschmutzte Teams werden nicht zur Pr\u00fcfung zugelassen.<\/li>\n\n\n\n<li>Zeigt der Hund w\u00e4hrend der Pr\u00fcfung \u00fcberm\u00e4\u00dfig aggressives oder \u00e4ngstliches Verhalten, so f\u00fchrt dies zur Disqualifikation (nicht bestandene Pr\u00fcfung) mit Meldung an die BBF.<\/li>\n<\/ul>\n\n\n\n<p><strong><br>4&nbsp;&nbsp;&nbsp;&nbsp;&nbsp;&nbsp;&nbsp;&nbsp;&nbsp; Carrying out the test<\/strong><\/p>\n\n\n\n<p><strong>4.1&nbsp;&nbsp;&nbsp;&nbsp;&nbsp;&nbsp; Suitable locations<\/strong><\/p>\n\n\n\n<ul class=\"wp-block-list\">\n<li>Privater Wohnsitz.<\/li>\n\n\n\n<li>Hotel, Herberge oder andere Unterkunft.<\/li>\n\n\n\n<li>Der Raum muss frei von Zugluft sein, die Fenster m\u00fcssen geschlossen und Heizung, K\u00fchlung und Bel\u00fcftung ausgeschaltet sein (wenn m\u00f6glich).<\/li>\n\n\n\n<li>Die Innentemperatur sollte zwischen 17 Grad C und 24 Grad C liegen.<\/li>\n<\/ul>\n\n\n\n<p><strong>&nbsp;<\/strong><\/p>\n\n\n\n<p><strong>4.2&nbsp;&nbsp;&nbsp;&nbsp;&nbsp;&nbsp; Hiding place for bed bug samples<\/strong><\/p>\n\n\n\n<ul class=\"wp-block-list\">\n<li>Die Proben m\u00fcssen mindestens 30 Minuten vor Beginn der Pr\u00fcfung ausgelegt werden.<\/li>\n\n\n\n<li>Die Proben d\u00fcrfen weder f\u00fcr den Hundef\u00fchrer noch f\u00fcr den Hund sichtbar sein.<\/li>\n\n\n\n<li>Eine maximale H\u00f6he von 1,20 m und eine maximale Tiefe von 20 cm der Verstecke muss eingehalten werden.<\/li>\n\n\n\n<li>Wenn die Ausbringung am Vortag m\u00f6glich ist, ist eine Ausbringung in einer H\u00f6he von maximal 2,0 m und einer Tiefe von maximal 40 cm zul\u00e4ssig.<\/li>\n<\/ul>\n\n\n\n<p><strong>4.3&nbsp;&nbsp;&nbsp;&nbsp;&nbsp;&nbsp; Tasks and responsibilities of the examiner<\/strong><\/p>\n\n\n\n<ul class=\"wp-block-list\">\n<li>Der Pr\u00fcfer w\u00e4hlt den Ort f\u00fcr die Durchf\u00fchrung einer BBF-Pr\u00fcfung aus und bereitet ihn vor. Wenn eine Pr\u00fcfung extern organisiert wird, ist der Veranstalter f\u00fcr den Ort verantwortlich.<\/li>\n\n\n\n<li>Der Pr\u00fcfer legt den Bereich fest, in dem das Team mit der Suche beginnen soll.<\/li>\n\n\n\n<li>Der Pr\u00fcfer begleitet das Team w\u00e4hrend der gesamten Pr\u00fcfung und muss in der Lage sein, die gezeigten Leistungen zu bewerten.<\/li>\n\n\n\n<li>The examiner describes a tactical situation to the handler in oral or written form at the beginning of the test. The handler may question the examiner to gather information as desired with the help of a checklist. The handler then communicates his planned approach to the search. This allows the handler to demonstrate his understanding and knowledge of the situation presented.<\/li>\n\n\n\n<li>Der Pr\u00fcfer kontrolliert den Hund w\u00e4hrend der Pr\u00fcfung auf neutrale Reaktionen auf \u00fcbliche Umwelteinfl\u00fcsse (z. B. das Zuschlagen einer T\u00fcr oder das Umfallen eines Besens).<\/li>\n\n\n\n<li>Der Pr\u00fcfer beurteilt den Hund w\u00e4hrend des Tests auf \u00fcberm\u00e4\u00dfig aggressives oder \u00fcberm\u00e4\u00dfig \u00e4ngstliches Verhalten.<\/li>\n<\/ul>\n\n\n\n<p><strong>&nbsp;<\/strong><\/p>\n\n\n\n<p><strong>4.4&nbsp;&nbsp;&nbsp;&nbsp;&nbsp;&nbsp; Handler and dog<\/strong><\/p>\n\n\n\n<ul class=\"wp-block-list\">\n<li>W\u00e4hrend der Pr\u00fcfung wird das Team auch danach beurteilt, wie gut Hundef\u00fchrer und Hund zusammenarbeiten und ob der Hundef\u00fchrer seinen Hund jederzeit unter Kontrolle hat.<\/li>\n\n\n\n<li>Der Hundef\u00fchrer entscheidet, ob er seinen Hund bei der Suche an der Leine oder abseits der Leine f\u00fchrt, sowie ob er eine Fein- oder Grobsuche zeigt; der Pr\u00fcfer ist berechtigt, einen Hundef\u00fchrer eine nicht gezeigte Suchtechnik (an der Leine\/abseits der Leine, Fein-\/Grobsuche) zeigen zu lassen.<\/li>\n\n\n\n<li>Der Hundef\u00fchrer kann die \u00fcbliche Ausr\u00fcstung (Halsband, Geschirr, Leine usw.) verwenden.<\/li>\n\n\n\n<li>Der Hundef\u00fchrer darf seinen Hund w\u00e4hrend der Suche loben und belohnen.<\/li>\n\n\n\n<li>Der Hundef\u00fchrer begleitet seinen Hund w\u00e4hrend der gesamten Suche und kann die \u00fcblichen Kommandos und Gesten verwenden.<\/li>\n\n\n\n<li>Alle Anzeigen des Hundes m\u00fcssen in einer passiven Technik erfolgen.<\/li>\n<\/ul>\n\n\n\n<p><strong>&nbsp;<\/strong><\/p>\n\n\n\n<p><strong>5&nbsp;&nbsp;&nbsp;&nbsp;&nbsp;&nbsp;&nbsp;&nbsp;&nbsp; Examination procedure and determination of results<\/strong><\/p>\n\n\n\n<p><strong>5.1&nbsp;&nbsp;&nbsp;&nbsp;&nbsp;&nbsp; Theoretical examination<\/strong><\/p>\n\n\n\n<ul class=\"wp-block-list\">\n<li>Um den theoretischen Teil zu bestehen, m\u00fcssen Sie mindestens 12 der 15 Fragen richtig beantworten.<\/li>\n\n\n\n<li>Wenn die Antworten im schriftlichen Teil f\u00fcr den Pr\u00fcfer nicht eindeutig sind, ist eine kurze m\u00fcndliche Nachpr\u00fcfung m\u00f6glich.<\/li>\n\n\n\n<li>Die Fragen f\u00fcr den theoretischen Teil der Pr\u00fcfung sind auf der Website der Stiftung f\u00fcr Bettwanzen f\u00fcr registrierte Mitglieder verf\u00fcgbar. Wenn Sie Fragen haben, wenden Sie sich bitte an die zertifizierten Schulungszentren.<\/li>\n<\/ul>\n\n\n\n<p><strong>5.2&nbsp;&nbsp;&nbsp;&nbsp;&nbsp;&nbsp; Practical examination <\/strong><\/p>\n\n\n\n<ul class=\"wp-block-list\">\n<li>Der Pr\u00fcfer entscheidet \u00fcber die Anzahl der zu durchsuchenden R\u00e4ume.<\/li>\n\n\n\n<li>Es ist m\u00f6glich, dass R\u00e4ume ohne Bettwanzenproben durchsucht werden sollen.<\/li>\n\n\n\n<li>Es werden insgesamt 4 - 6 Bettwanzenproben versteckt. Jedes R\u00f6hrchen enth\u00e4lt mindestens 5 und h\u00f6chstens 15 lebende, erwachsene Bettwanzen.<\/li>\n\n\n\n<li>1 - 2 Verstecke sind mit Ablenkern ausgestattet.<\/li>\n\n\n\n<li>Der Pr\u00fcfer entscheidet, welche der folgenden Ablenkungen verwendet werden:<\/li>\n\n\n\n<li>Tote Bettwanzen (seit mindestens 2 Wochen tot), versteckt in einem Rohr oder lose.<\/li>\n\n\n\n<li>Andere Nichtziel-Insektenarten, die h\u00e4ufig in einem Haushalt vorkommen, z. B. Teppichk\u00e4fer.<\/li>\n\n\n\n<li>Hundeleckerlis<\/li>\n\n\n\n<li>Die Verwendung von Pseudoduftstoffen (k\u00fcnstlicher Bettwanzengeruch) ist nicht zul\u00e4ssig.<\/li>\n\n\n\n<li>Um den Test zu bestehen, muss das Team mindestens 3 Verstecke finden. Es darf maximal ein Fehlschuss passieren.<\/li>\n\n\n\n<li>Eine Warnung vor Ablenkungsman\u00f6vern f\u00fchrt zum Nichtbestehen des Tests.<\/li>\n\n\n\n<li>Die Anzeige des Hundes muss f\u00fcr den Pr\u00fcfer deutlich sichtbar sein.<\/li>\n\n\n\n<li>Der Pr\u00fcfer kann ein Team auffordern, ein anderes Versteck zu suchen, wenn er Zweifel an der Leistung des Teams hat.<\/li>\n\n\n\n<li>Aktives Alarmverhalten, wie Kratzen oder Bellen, f\u00fchrt zum Nichtbestehen des Tests.<\/li>\n\n\n\n<li>Wenn der Hund w\u00e4hrend der Suche eine Pause braucht, darf das Team eine Pause machen, aber das Suchgebiet nicht verlassen.<\/li>\n<\/ul>\n\n\n\n<p><strong>6 &nbsp; &nbsp;<\/strong><strong style=\"font-size: revert;\">Zertifikat und ID-Karte<\/strong><\/p>\n\n\n\n<ul class=\"wp-block-list\">\n<li>Nach erfolgreichem Abschluss der Pr\u00fcfung erh\u00e4lt das Team ein Zertifikat und einen Ausweis.<\/li>\n\n\n\n<li>Die Zertifizierung ist ab dem Ausstellungsdatum 12 Monate lang g\u00fcltig.<\/li>\n\n\n\n<li>Der Abfertiger hat die M\u00f6glichkeit, aus triftigen Gr\u00fcnden beim zust\u00e4ndigen L\u00e4nderbeauftragten eine Verl\u00e4ngerung von 3 Monaten zu beantragen.<\/li>\n<\/ul>\n\n\n\n<p><strong>7 &nbsp; Repetition of the examination<\/strong><\/p>\n\n\n\n<ul class=\"wp-block-list\">\n<li>Sollte ein Team den praktischen Teil der Pr\u00fcfung nicht bestehen, kann die Zertifizierung nach drei Wochen wiederholt werden.<\/li>\n\n\n\n<li>Wenn ein Team eine zweite Zertifizierung anstrebt, muss es drei Monate warten.<\/li>\n\n\n\n<li>Bei praktischen Wiederholungspr\u00fcfungen oder Rezertifizierungen muss eine bestandene theoretische Pr\u00fcfung nicht wiederholt werden.<\/li>\n\n\n\n<li>Nach dem Nichtbestehen der Pr\u00fcfung hat das Team maximal zwei weitere Versuche, eine praktische Pr\u00fcfung zu wiederholen.<\/li>\n<\/ul>\n\n\n\n<p><strong>8 &nbsp; Costs<\/strong><\/p>\n\n\n\n<ul class=\"wp-block-list\">\n<li>Annual Membership Fee \u00a335<\/li>\n\n\n\n<li>Certification Booking is \u00a3150 for the first team and then subsequent teams are \u00a3100 (please use the button on the certification page to pay for all additional teams).<\/li>\n\n\n\n<li>Assesment Fee which varies (approximately \u00a350) based on travel cost, duration, venue booking and number of teams attending.<\/li>\n<\/ul>\n\n\n\n<p>Kontaktieren Sie Larry Hansen unter: <a href=\"mailto:larry@bedbugfoundation.org\">larry@bedbugfoundation.org<\/a> f\u00fcr alle Einzelheiten, wie Sie an einer Zertifizierungsveranstaltung teilnehmen oder diese ausrichten k\u00f6nnen, und f\u00fcr alle anderen Fragen, die Sie zum Zertifizierungsprozess haben k\u00f6nnten.<\/p>","protected":false},"excerpt":{"rendered":"<p>The following regulations serve as the foundation for the certification of bed bug detection dog teams. 1.1 &nbsp; &nbsp;Evaluator The evaluators employed by the Bed Bug Foundation (BBF) undergo an internal selection process, examination and then certification. Evaluators who also &hellip; <a href=\"https:\/\/www.bedbugfoundation.org\/de\/certification-process-rules-requirements\/\">Weiterlesen <span class=\"meta-nav\">\u2192<\/span><\/a><\/p>","protected":false},"author":1,"featured_media":0,"parent":0,"menu_order":0,"comment_status":"closed","ping_status":"closed","template":"","meta":{"_bbp_topic_count":0,"_bbp_reply_count":0,"_bbp_total_topic_count":0,"_bbp_total_reply_count":0,"_bbp_voice_count":0,"_bbp_anonymous_reply_count":0,"_bbp_topic_count_hidden":0,"_bbp_reply_count_hidden":0,"_bbp_forum_subforum_count":0,"footnotes":""},"class_list":["post-1034","page","type-page","status-publish","hentry"],"yoast_head":"<!-- This site is optimized with the Yoast SEO plugin v27.4 - https:\/\/yoast.com\/product\/yoast-seo-wordpress\/ -->\n<title>Certification Process, Rules &amp; Requirements - Bed Bug Foundation<\/title>\n<meta name=\"robots\" content=\"index, follow, max-snippet:-1, max-image-preview:large, max-video-preview:-1\" \/>\n<link rel=\"canonical\" href=\"https:\/\/www.bedbugfoundation.org\/de\/certification-process-rules-requirements\/\" \/>\n<meta property=\"og:locale\" content=\"de_DE\" \/>\n<meta property=\"og:type\" content=\"article\" \/>\n<meta property=\"og:title\" content=\"Certification Process, Rules &amp; Requirements - Bed Bug Foundation\" \/>\n<meta property=\"og:description\" content=\"The following regulations serve as the foundation for the certification of bed bug detection dog teams. 1.1 &nbsp; &nbsp;Evaluator The evaluators employed by the Bed Bug Foundation (BBF) undergo an internal selection process, examination and then certification. Evaluators who also &hellip; Weiterlesen &rarr;\" \/>\n<meta property=\"og:url\" content=\"https:\/\/www.bedbugfoundation.org\/de\/certification-process-rules-requirements\/\" \/>\n<meta property=\"og:site_name\" content=\"Bed Bug Foundation\" \/>\n<meta property=\"article:modified_time\" content=\"2026-03-18T10:04:38+00:00\" \/>\n<meta name=\"twitter:card\" content=\"summary_large_image\" \/>\n<meta name=\"twitter:label1\" content=\"Gesch\u00e4tzte Lesezeit\" \/>\n\t<meta name=\"twitter:data1\" content=\"8\u00a0Minuten\" \/>\n<script type=\"application\/ld+json\" class=\"yoast-schema-graph\">{\"@context\":\"https:\\\/\\\/schema.org\",\"@graph\":[{\"@type\":\"WebPage\",\"@id\":\"https:\\\/\\\/www.bedbugfoundation.org\\\/certification-process-rules-requirements\\\/\",\"url\":\"https:\\\/\\\/www.bedbugfoundation.org\\\/certification-process-rules-requirements\\\/\",\"name\":\"Certification Process, Rules & Requirements - Bed Bug Foundation\",\"isPartOf\":{\"@id\":\"https:\\\/\\\/www.bedbugfoundation.org\\\/#website\"},\"datePublished\":\"2016-07-04T08:52:59+00:00\",\"dateModified\":\"2026-03-18T10:04:38+00:00\",\"breadcrumb\":{\"@id\":\"https:\\\/\\\/www.bedbugfoundation.org\\\/certification-process-rules-requirements\\\/#breadcrumb\"},\"inLanguage\":\"de\",\"potentialAction\":[{\"@type\":\"ReadAction\",\"target\":[\"https:\\\/\\\/www.bedbugfoundation.org\\\/certification-process-rules-requirements\\\/\"]}]},{\"@type\":\"BreadcrumbList\",\"@id\":\"https:\\\/\\\/www.bedbugfoundation.org\\\/certification-process-rules-requirements\\\/#breadcrumb\",\"itemListElement\":[{\"@type\":\"ListItem\",\"position\":1,\"name\":\"Home\",\"item\":\"https:\\\/\\\/www.bedbugfoundation.org\\\/\"},{\"@type\":\"ListItem\",\"position\":2,\"name\":\"Certification Process, Rules &#038; Requirements\"}]},{\"@type\":\"WebSite\",\"@id\":\"https:\\\/\\\/www.bedbugfoundation.org\\\/#website\",\"url\":\"https:\\\/\\\/www.bedbugfoundation.org\\\/\",\"name\":\"Bed Bug Foundation\",\"description\":\"Home of the European Code of Practice for Bed Bug Management\",\"potentialAction\":[{\"@type\":\"SearchAction\",\"target\":{\"@type\":\"EntryPoint\",\"urlTemplate\":\"https:\\\/\\\/www.bedbugfoundation.org\\\/?s={search_term_string}\"},\"query-input\":{\"@type\":\"PropertyValueSpecification\",\"valueRequired\":true,\"valueName\":\"search_term_string\"}}],\"inLanguage\":\"de\"}]}<\/script>\n<!-- \/ Yoast SEO plugin. -->","yoast_head_json":{"title":"Zertifizierungsprozess, Regeln und Anforderungen - Bed Bug Foundation","robots":{"index":"index","follow":"follow","max-snippet":"max-snippet:-1","max-image-preview":"max-image-preview:large","max-video-preview":"max-video-preview:-1"},"canonical":"https:\/\/www.bedbugfoundation.org\/de\/certification-process-rules-requirements\/","og_locale":"de_DE","og_type":"article","og_title":"Certification Process, Rules & Requirements - Bed Bug Foundation","og_description":"The following regulations serve as the foundation for the certification of bed bug detection dog teams. 1.1 &nbsp; &nbsp;Evaluator The evaluators employed by the Bed Bug Foundation (BBF) undergo an internal selection process, examination and then certification. Evaluators who also &hellip; Weiterlesen &rarr;","og_url":"https:\/\/www.bedbugfoundation.org\/de\/certification-process-rules-requirements\/","og_site_name":"Bed Bug Foundation","article_modified_time":"2026-03-18T10:04:38+00:00","twitter_card":"summary_large_image","twitter_misc":{"Gesch\u00e4tzte Lesezeit":"8\u00a0Minuten"},"schema":{"@context":"https:\/\/schema.org","@graph":[{"@type":"WebPage","@id":"https:\/\/www.bedbugfoundation.org\/certification-process-rules-requirements\/","url":"https:\/\/www.bedbugfoundation.org\/certification-process-rules-requirements\/","name":"Zertifizierungsprozess, Regeln und Anforderungen - Bed Bug Foundation","isPartOf":{"@id":"https:\/\/www.bedbugfoundation.org\/#website"},"datePublished":"2016-07-04T08:52:59+00:00","dateModified":"2026-03-18T10:04:38+00:00","breadcrumb":{"@id":"https:\/\/www.bedbugfoundation.org\/certification-process-rules-requirements\/#breadcrumb"},"inLanguage":"de","potentialAction":[{"@type":"ReadAction","target":["https:\/\/www.bedbugfoundation.org\/certification-process-rules-requirements\/"]}]},{"@type":"BreadcrumbList","@id":"https:\/\/www.bedbugfoundation.org\/certification-process-rules-requirements\/#breadcrumb","itemListElement":[{"@type":"ListItem","position":1,"name":"Home","item":"https:\/\/www.bedbugfoundation.org\/"},{"@type":"ListItem","position":2,"name":"Certification Process, Rules &#038; Requirements"}]},{"@type":"WebSite","@id":"https:\/\/www.bedbugfoundation.org\/#website","url":"https:\/\/www.bedbugfoundation.org\/","name":"Bettwanzen-Stiftung","description":"Startseite des Europ\u00e4ischen Verhaltenskodex f\u00fcr Bettwanzenmanagement","potentialAction":[{"@type":"SearchAction","target":{"@type":"EntryPoint","urlTemplate":"https:\/\/www.bedbugfoundation.org\/?s={search_term_string}"},"query-input":{"@type":"PropertyValueSpecification","valueRequired":true,"valueName":"search_term_string"}}],"inLanguage":"de"}]}},"_links":{"self":[{"href":"https:\/\/www.bedbugfoundation.org\/de\/wp-json\/wp\/v2\/pages\/1034","targetHints":{"allow":["GET"]}}],"collection":[{"href":"https:\/\/www.bedbugfoundation.org\/de\/wp-json\/wp\/v2\/pages"}],"about":[{"href":"https:\/\/www.bedbugfoundation.org\/de\/wp-json\/wp\/v2\/types\/page"}],"author":[{"embeddable":true,"href":"https:\/\/www.bedbugfoundation.org\/de\/wp-json\/wp\/v2\/users\/1"}],"replies":[{"embeddable":true,"href":"https:\/\/www.bedbugfoundation.org\/de\/wp-json\/wp\/v2\/comments?post=1034"}],"version-history":[{"count":16,"href":"https:\/\/www.bedbugfoundation.org\/de\/wp-json\/wp\/v2\/pages\/1034\/revisions"}],"predecessor-version":[{"id":10746,"href":"https:\/\/www.bedbugfoundation.org\/de\/wp-json\/wp\/v2\/pages\/1034\/revisions\/10746"}],"wp:attachment":[{"href":"https:\/\/www.bedbugfoundation.org\/de\/wp-json\/wp\/v2\/media?parent=1034"}],"curies":[{"name":"wp","href":"https:\/\/api.w.org\/{rel}","templated":true}]}}