{"id":133,"date":"2012-12-20T20:59:35","date_gmt":"2012-12-20T20:59:35","guid":{"rendered":"http:\/\/bedbugfoundation.org\/?page_id=133"},"modified":"2016-05-19T21:20:33","modified_gmt":"2016-05-19T20:20:33","slug":"ecop","status":"publish","type":"page","link":"https:\/\/www.bedbugfoundation.org\/de\/ecop\/","title":{"rendered":"Verhaltenskodex"},"content":{"rendered":"<p>Die Bed Bug Foundation freut sich, bekannt geben zu k\u00f6nnen, dass die Version 2 des European Code of Practice (ECoPv2) jetzt verf\u00fcgbar ist.<\/p>\n<p>Im Gegensatz zur vorherigen Ausgabe richtet sich das ECoPv2 nun ausschlie\u00dflich an Sch\u00e4dlingsbek\u00e4mpfungstechniker (PCTs), mit dem Ziel, die aktuellsten Ratschl\u00e4ge f\u00fcr die Behandlung eines Bettwanzenbefalls zu geben. Der ECoPv2 umrei\u00dft auch Schl\u00fcsselaspekte der Biologie und des Verhaltens von Bettwanzen, deren Verst\u00e4ndnis f\u00fcr die Festlegung von Bek\u00e4mpfungsstrategien entscheidend ist. Speziell f\u00fcr Privatpersonen und Beherbergungsbetriebe geschriebene Dokumente werden zu gegebener Zeit \u00fcber diese Website zur Verf\u00fcgung gestellt.<\/p>\n<p>Die Treuh\u00e4nder m\u00f6chten all jenen danken, die sich die Zeit genommen haben, das Ende 2012 ver\u00f6ffentlichte Konsultationsdokument zu lesen und Kommentare dazu abzugeben. Die Bed Bug Foundation war von dem \u00f6ffentlichen Feedback \u00fcberw\u00e4ltigt und ist der Meinung, dass die ECoP dadurch enorm profitiert hat.<\/p>\n<p>Die Zeit f\u00fcr die Abgabe von Kommentaren ist jedoch noch nicht abgelaufen. Wir haben bereits Verbesserungsvorschl\u00e4ge erhalten, die in die Version 3 einflie\u00dfen werden. Wir hoffen, dass dies ein kontinuierlicher Prozess der \u00dcberarbeitung und Verfeinerung wird, um sicherzustellen, dass der ECoP die neuesten Fortschritte in der Forschung und Managementtechnologie bei der Bek\u00e4mpfung von Bettwanzen ber\u00fccksichtigt. Alle Versionen, die gr\u00f6\u00dfere \u00c4nderungen beinhalten, werden zur Einsichtnahme zur Verf\u00fcgung gestellt. Kleinere \u00c4nderungen werden nach dem Ermessen des Senats vorgenommen.<\/p>\n<p>Der ECoP wird letztendlich in den meisten europ\u00e4ischen Sprachen zur Verf\u00fcgung gestellt werden, komplett mit l\u00e4nderspezifischen Informationen zu relevanten Regeln und Vorschriften. Dieser Prozess ist derzeit im Gange, braucht aber Zeit. Wir freuen uns \u00fcber die Unterst\u00fctzung von Freiwilligen, die bereit sind, sich am \u00dcbersetzungsprogramm zu beteiligen. Erforderlich sind lediglich Kenntnisse der englischen Sprache und einer weiteren europ\u00e4ischen Sprache sowie ein Verst\u00e4ndnis f\u00fcr die Regeln und Vorschriften, die in dem Land gelten, f\u00fcr das Sie die \u00dcbersetzung liefern. Die \u00dcbersetzer werden auf dem Dokument genannt und erhalten eine Mitgliedschaft in der Bed Bug Foundation, die ihnen das Recht gibt, das Logo zu verwenden.<\/p>\n<p>Sobald eine europ\u00e4ische Version fertiggestellt ist, wird sie unten zur Verf\u00fcgung gestellt.<\/p>\n<style type=\"text\/css\">\n#foogallery-gallery-927.fg-simple_portfolio { justify-content: center; --fg-gutter: 40px; }\n#foogallery-gallery-927.fg-simple_portfolio .fg-item { flex-basis: 240px; }<\/style>\n\t\t\t<div class=\"foogallery foogallery-container foogallery-simple_portfolio foogallery-lightbox-foobox-free fg-simple_portfolio fg-ready fg-light fg-loading-default fg-loaded-fade-in fg-caption-always\" id=\"foogallery-gallery-927\" data-foogallery=\"{&quot;item&quot;:{&quot;showCaptionTitle&quot;:true,&quot;showCaptionDescription&quot;:true},&quot;lazy&quot;:true}\" style=\"--fg-title-line-clamp: 0; --fg-description-line-clamp: 0;\" >\n\t<div class=\"fg-item fg-type-iframe fg-idle\"><figure class=\"fg-item-inner\"><a href=\"http:\/\/bedbugfoundation.org\/wp-content\/uploads\/fileuploads\/ECoPv2%20UK.pdf\" data-caption-title=\"English\" data-attachment-id=\"932\" class=\"foogallery-thumb fg-thumb\" data-type=\"iframe\"><span class=\"fg-image-wrap\"><img fetchpriority=\"high\" decoding=\"async\" title=\"Englisch\" class=\"bf-img skip-lazy fg-image\" height=\"340\" width=\"240\" data-src-fg=\"https:\/\/www.bedbugfoundation.org\/wp-content\/uploads\/cache\/2016\/05\/code-logo-UKs\/1098029617.jpg\" src=\"data:image\/svg+xml,%3Csvg%20xmlns%3D%22http%3A%2F%2Fwww.w3.org%2F2000%2Fsvg%22%20width%3D%22240%22%20height%3D%22340%22%20viewBox%3D%220%200%20240%20340%22%3E%3C%2Fsvg%3E\" loading=\"eager\"><\/span><span class=\"fg-image-overlay\"><\/span><\/a><figcaption class=\"fg-caption\"><div class=\"fg-caption-inner\"><div class=\"fg-caption-title\">Englisch<\/div><\/div><\/figcaption><\/figure><div class=\"fg-loader\"><\/div><\/div><div class=\"fg-item fg-type-iframe fg-idle\"><figure class=\"fg-item-inner\"><a href=\"http:\/\/bedbugfoundation.org\/wp-content\/uploads\/fileuploads\/ECoPv2%20ES.pdf\" data-caption-title=\"Espa\u00f1ol\" data-caption-desc=\"kindly translated by Alegr\u00eda Arias G\u00f3mez\" data-attachment-id=\"929\" class=\"foogallery-thumb fg-thumb\" data-type=\"iframe\"><span class=\"fg-image-wrap\"><img decoding=\"async\" title=\"Espa\u00f1ol\" class=\"bf-img skip-lazy fg-image\" height=\"340\" width=\"240\" data-src-fg=\"https:\/\/www.bedbugfoundation.org\/wp-content\/uploads\/cache\/2016\/05\/code-logo-ESs\/957905016.jpg\" src=\"data:image\/svg+xml,%3Csvg%20xmlns%3D%22http%3A%2F%2Fwww.w3.org%2F2000%2Fsvg%22%20width%3D%22240%22%20height%3D%22340%22%20viewBox%3D%220%200%20240%20340%22%3E%3C%2Fsvg%3E\" loading=\"eager\"><\/span><span class=\"fg-image-overlay\"><\/span><\/a><figcaption class=\"fg-caption\"><div class=\"fg-caption-inner\"><div class=\"fg-caption-title\">Espa\u00f1ol<\/div><div class=\"fg-caption-desc\">freundlicherweise \u00fcbersetzt von Alegr\u00eda Arias G\u00f3mez<\/div><\/div><\/figcaption><\/figure><div class=\"fg-loader\"><\/div><\/div><div class=\"fg-item fg-type-iframe fg-idle\"><figure class=\"fg-item-inner\"><a href=\"http:\/\/bedbugfoundation.org\/wp-content\/uploads\/fileuploads\/ECoPv2%20NL.pdf\" data-caption-title=\"Nederlands\" data-caption-desc=\"kindly translated by Bruce Schoelitsz\" data-attachment-id=\"931\" class=\"foogallery-thumb fg-thumb\" data-type=\"iframe\"><span class=\"fg-image-wrap\"><img decoding=\"async\" title=\"Niederl\u00e4ndisch\" class=\"bf-img skip-lazy fg-image\" height=\"340\" width=\"240\" data-src-fg=\"https:\/\/www.bedbugfoundation.org\/wp-content\/uploads\/cache\/2016\/05\/code-logo-NLs\/228841173.jpg\" src=\"data:image\/svg+xml,%3Csvg%20xmlns%3D%22http%3A%2F%2Fwww.w3.org%2F2000%2Fsvg%22%20width%3D%22240%22%20height%3D%22340%22%20viewBox%3D%220%200%20240%20340%22%3E%3C%2Fsvg%3E\" loading=\"eager\"><\/span><span class=\"fg-image-overlay\"><\/span><\/a><figcaption class=\"fg-caption\"><div class=\"fg-caption-inner\"><div class=\"fg-caption-title\">Niederl\u00e4ndisch<\/div><div class=\"fg-caption-desc\">freundlicherweise \u00fcbersetzt von Bruce Schoelitsz<\/div><\/div><\/figcaption><\/figure><div class=\"fg-loader\"><\/div><\/div><div class=\"fg-item fg-type-iframe fg-idle\"><figure class=\"fg-item-inner\"><a href=\"http:\/\/bedbugfoundation.org\/wp-content\/uploads\/fileuploads\/ECoPv2%20DE.pdf\" data-caption-title=\"Deutsch\" data-caption-desc=\"Official German Version of the BBF ECoP V2Kindly translated by Rolf Rosendahl, edited by Ulrich Lachmuth\" data-attachment-id=\"1237\" class=\"foogallery-thumb fg-thumb\" data-type=\"iframe\"><span class=\"fg-image-wrap\"><img decoding=\"async\" title=\"Deutsch\" class=\"bf-img skip-lazy fg-image\" height=\"340\" width=\"240\" data-src-fg=\"https:\/\/www.bedbugfoundation.org\/wp-content\/uploads\/cache\/2016\/05\/code-cover-DE\/2397405597.jpg\" src=\"data:image\/svg+xml,%3Csvg%20xmlns%3D%22http%3A%2F%2Fwww.w3.org%2F2000%2Fsvg%22%20width%3D%22240%22%20height%3D%22340%22%20viewBox%3D%220%200%20240%20340%22%3E%3C%2Fsvg%3E\" loading=\"eager\"><\/span><span class=\"fg-image-overlay\"><\/span><\/a><figcaption class=\"fg-caption\"><div class=\"fg-caption-inner\"><div class=\"fg-caption-title\">Deutsch<\/div><div class=\"fg-caption-desc\">Offizielle deutsche Version des BBF ECoP V2\r\nMit freundlicher Genehmigung \u00fcbersetzt von Rolf Rosendahl, bearbeitet von Ulrich Lachmuth<\/div><\/div><\/figcaption><\/figure><div class=\"fg-loader\"><\/div><\/div><div class=\"fg-item fg-type-image fg-idle\"><figure class=\"fg-item-inner\"><a href=\"https:\/\/www.bedbugfoundation.org\/wp-content\/uploads\/2016\/05\/code-logo-FRs.jpg\" data-caption-title=\"Fran\u00e7ais coming soon!\" data-caption-desc=\"kindly translated by Aldo Massaglia\" data-attachment-id=\"930\" class=\"foogallery-thumb fg-thumb\" data-type=\"image\"><span class=\"fg-image-wrap\"><img decoding=\"async\" title=\"Fran\u00e7ais kommt bald!\" class=\"bf-img skip-lazy fg-image\" height=\"340\" width=\"240\" data-src-fg=\"https:\/\/www.bedbugfoundation.org\/wp-content\/uploads\/cache\/2016\/05\/code-logo-FRs\/685521196.jpg\" src=\"data:image\/svg+xml,%3Csvg%20xmlns%3D%22http%3A%2F%2Fwww.w3.org%2F2000%2Fsvg%22%20width%3D%22240%22%20height%3D%22340%22%20viewBox%3D%220%200%20240%20340%22%3E%3C%2Fsvg%3E\" loading=\"eager\"><\/span><span class=\"fg-image-overlay\"><\/span><\/a><figcaption class=\"fg-caption\"><div class=\"fg-caption-inner\"><div class=\"fg-caption-title\">Fran\u00e7ais kommt bald!<\/div><div class=\"fg-caption-desc\">freundlicherweise \u00fcbersetzt von Aldo Massaglia<\/div><\/div><\/figcaption><\/figure><div class=\"fg-loader\"><\/div><\/div><div class=\"fg-item fg-type-iframe fg-idle\"><figure class=\"fg-item-inner\"><a href=\"http:\/\/bedbugfoundation.org\/wp-content\/uploads\/fileuploads\/ECoPv2%20DE2.pdf\" data-caption-title=\"Deutsch - DSV\" data-caption-desc=\"Interpretation of the code by the DSV (this version contains amendments that are not endorsed by the BBF)\" data-attachment-id=\"1246\" class=\"foogallery-thumb fg-thumb\" data-type=\"iframe\"><span class=\"fg-image-wrap\"><img decoding=\"async\" title=\"Deutsch - DSV\" class=\"bf-img skip-lazy fg-image\" height=\"340\" width=\"240\" data-src-fg=\"https:\/\/www.bedbugfoundation.org\/wp-content\/uploads\/cache\/2016\/10\/frontpage_dsv\/3066334453.png\" src=\"data:image\/svg+xml,%3Csvg%20xmlns%3D%22http%3A%2F%2Fwww.w3.org%2F2000%2Fsvg%22%20width%3D%22240%22%20height%3D%22340%22%20viewBox%3D%220%200%20240%20340%22%3E%3C%2Fsvg%3E\" loading=\"eager\"><\/span><span class=\"fg-image-overlay\"><\/span><\/a><figcaption class=\"fg-caption\"><div class=\"fg-caption-inner\"><div class=\"fg-caption-title\">Deutsch - DSV<\/div><div class=\"fg-caption-desc\">Auslegung des Kodex durch den DSV (diese Version enth\u00e4lt \u00c4nderungen, die von der BBF nicht \u00fcbernommen werden)<\/div><\/div><\/figcaption><\/figure><div class=\"fg-loader\"><\/div><\/div><div class=\"fg-item fg-type-iframe fg-idle\"><figure class=\"fg-item-inner\"><a href=\"http:\/\/bedbugfoundation.org\/wp-content\/uploads\/fileuploads\/ECoPv2%20IT.pdf\" data-caption-title=\"Italiano\" data-caption-desc=\"Kindly translated by Aldo Massaglia and Dr. Guido Sodano\" data-attachment-id=\"1567\" class=\"foogallery-thumb fg-thumb\" data-type=\"iframe\"><span class=\"fg-image-wrap\"><img decoding=\"async\" title=\"Italiano\" class=\"bf-img skip-lazy fg-image\" height=\"340\" width=\"240\" data-src-fg=\"https:\/\/www.bedbugfoundation.org\/wp-content\/uploads\/cache\/2016\/05\/Screen-Shot-2017-02-21-at-14_51_42\/4021701835.png\" src=\"data:image\/svg+xml,%3Csvg%20xmlns%3D%22http%3A%2F%2Fwww.w3.org%2F2000%2Fsvg%22%20width%3D%22240%22%20height%3D%22340%22%20viewBox%3D%220%200%20240%20340%22%3E%3C%2Fsvg%3E\" loading=\"eager\"><\/span><span class=\"fg-image-overlay\"><\/span><\/a><figcaption class=\"fg-caption\"><div class=\"fg-caption-inner\"><div class=\"fg-caption-title\">Italiano<\/div><div class=\"fg-caption-desc\">Freundlicherweise \u00fcbersetzt von Aldo Massaglia und Dr. Guido Sodano<\/div><\/div><\/figcaption><\/figure><div class=\"fg-loader\"><\/div><\/div><\/div>","protected":false},"excerpt":{"rendered":"<p>Die Stiftung f\u00fcr Bettwanzenbek\u00e4mpfung freut sich, bekannt geben zu k\u00f6nnen, dass Version 2 des Europ\u00e4ischen Verhaltenskodex (ECoPv2) jetzt verf\u00fcgbar ist. Im Gegensatz zur vorherigen Ausgabe richtet sich der ECoPv2 nun ausschlie\u00dflich an Sch\u00e4dlingsbek\u00e4mpfungstechniker (PCTs), mit dem Ziel, ... <a href=\"https:\/\/www.bedbugfoundation.org\/de\/ecop\/\">Weiterlesen <span class=\"meta-nav\">\u2192<\/span><\/a><\/p>","protected":false},"author":1,"featured_media":0,"parent":0,"menu_order":0,"comment_status":"closed","ping_status":"closed","template":"","meta":{"_bbp_topic_count":0,"_bbp_reply_count":0,"_bbp_total_topic_count":0,"_bbp_total_reply_count":0,"_bbp_voice_count":0,"_bbp_anonymous_reply_count":0,"_bbp_topic_count_hidden":0,"_bbp_reply_count_hidden":0,"_bbp_forum_subforum_count":0,"footnotes":""},"class_list":["post-133","page","type-page","status-publish","hentry"],"yoast_head":"<!-- This site is optimized with the Yoast SEO plugin v27.4 - https:\/\/yoast.com\/product\/yoast-seo-wordpress\/ -->\n<title>Code of Practice - Bed Bug Foundation<\/title>\n<meta name=\"robots\" content=\"index, follow, max-snippet:-1, max-image-preview:large, max-video-preview:-1\" \/>\n<link rel=\"canonical\" href=\"https:\/\/www.bedbugfoundation.org\/de\/ecop\/\" \/>\n<meta property=\"og:locale\" content=\"de_DE\" \/>\n<meta property=\"og:type\" content=\"article\" \/>\n<meta property=\"og:title\" content=\"Code of Practice - Bed Bug Foundation\" \/>\n<meta property=\"og:description\" content=\"The Bed Bug Foundation is pleased to announce that Version 2 of The European Code of Practice (ECoPv2) is now available. Unlike the previous edition, the ECoPv2 is now targeted solely at Pest Control Technicians (PCTs), with the aim of &hellip; Weiterlesen &rarr;\" \/>\n<meta property=\"og:url\" content=\"https:\/\/www.bedbugfoundation.org\/de\/ecop\/\" \/>\n<meta property=\"og:site_name\" content=\"Bed Bug Foundation\" \/>\n<meta property=\"article:modified_time\" content=\"2016-05-19T20:20:33+00:00\" \/>\n<meta name=\"twitter:card\" content=\"summary_large_image\" \/>\n<meta name=\"twitter:label1\" content=\"Gesch\u00e4tzte Lesezeit\" \/>\n\t<meta name=\"twitter:data1\" content=\"2\u00a0Minuten\" \/>\n<script type=\"application\/ld+json\" class=\"yoast-schema-graph\">{\"@context\":\"https:\\\/\\\/schema.org\",\"@graph\":[{\"@type\":\"WebPage\",\"@id\":\"https:\\\/\\\/www.bedbugfoundation.org\\\/ecop\\\/\",\"url\":\"https:\\\/\\\/www.bedbugfoundation.org\\\/ecop\\\/\",\"name\":\"Code of Practice - Bed Bug Foundation\",\"isPartOf\":{\"@id\":\"https:\\\/\\\/www.bedbugfoundation.org\\\/#website\"},\"datePublished\":\"2012-12-20T20:59:35+00:00\",\"dateModified\":\"2016-05-19T20:20:33+00:00\",\"breadcrumb\":{\"@id\":\"https:\\\/\\\/www.bedbugfoundation.org\\\/ecop\\\/#breadcrumb\"},\"inLanguage\":\"de\",\"potentialAction\":[{\"@type\":\"ReadAction\",\"target\":[\"https:\\\/\\\/www.bedbugfoundation.org\\\/ecop\\\/\"]}]},{\"@type\":\"BreadcrumbList\",\"@id\":\"https:\\\/\\\/www.bedbugfoundation.org\\\/ecop\\\/#breadcrumb\",\"itemListElement\":[{\"@type\":\"ListItem\",\"position\":1,\"name\":\"Home\",\"item\":\"https:\\\/\\\/www.bedbugfoundation.org\\\/\"},{\"@type\":\"ListItem\",\"position\":2,\"name\":\"Code of Practice\"}]},{\"@type\":\"WebSite\",\"@id\":\"https:\\\/\\\/www.bedbugfoundation.org\\\/#website\",\"url\":\"https:\\\/\\\/www.bedbugfoundation.org\\\/\",\"name\":\"Bed Bug Foundation\",\"description\":\"Home of the European Code of Practice for Bed Bug Management\",\"potentialAction\":[{\"@type\":\"SearchAction\",\"target\":{\"@type\":\"EntryPoint\",\"urlTemplate\":\"https:\\\/\\\/www.bedbugfoundation.org\\\/?s={search_term_string}\"},\"query-input\":{\"@type\":\"PropertyValueSpecification\",\"valueRequired\":true,\"valueName\":\"search_term_string\"}}],\"inLanguage\":\"de\"}]}<\/script>\n<!-- \/ Yoast SEO plugin. -->","yoast_head_json":{"title":"Verhaltenskodex - Stiftung f\u00fcr Bettwanzen","robots":{"index":"index","follow":"follow","max-snippet":"max-snippet:-1","max-image-preview":"max-image-preview:large","max-video-preview":"max-video-preview:-1"},"canonical":"https:\/\/www.bedbugfoundation.org\/de\/ecop\/","og_locale":"de_DE","og_type":"article","og_title":"Code of Practice - Bed Bug Foundation","og_description":"The Bed Bug Foundation is pleased to announce that Version 2 of The European Code of Practice (ECoPv2) is now available. Unlike the previous edition, the ECoPv2 is now targeted solely at Pest Control Technicians (PCTs), with the aim of &hellip; Weiterlesen &rarr;","og_url":"https:\/\/www.bedbugfoundation.org\/de\/ecop\/","og_site_name":"Bed Bug Foundation","article_modified_time":"2016-05-19T20:20:33+00:00","twitter_card":"summary_large_image","twitter_misc":{"Gesch\u00e4tzte Lesezeit":"2\u00a0Minuten"},"schema":{"@context":"https:\/\/schema.org","@graph":[{"@type":"WebPage","@id":"https:\/\/www.bedbugfoundation.org\/ecop\/","url":"https:\/\/www.bedbugfoundation.org\/ecop\/","name":"Verhaltenskodex - Stiftung f\u00fcr Bettwanzen","isPartOf":{"@id":"https:\/\/www.bedbugfoundation.org\/#website"},"datePublished":"2012-12-20T20:59:35+00:00","dateModified":"2016-05-19T20:20:33+00:00","breadcrumb":{"@id":"https:\/\/www.bedbugfoundation.org\/ecop\/#breadcrumb"},"inLanguage":"de","potentialAction":[{"@type":"ReadAction","target":["https:\/\/www.bedbugfoundation.org\/ecop\/"]}]},{"@type":"BreadcrumbList","@id":"https:\/\/www.bedbugfoundation.org\/ecop\/#breadcrumb","itemListElement":[{"@type":"ListItem","position":1,"name":"Home","item":"https:\/\/www.bedbugfoundation.org\/"},{"@type":"ListItem","position":2,"name":"Code of Practice"}]},{"@type":"WebSite","@id":"https:\/\/www.bedbugfoundation.org\/#website","url":"https:\/\/www.bedbugfoundation.org\/","name":"Bettwanzen-Stiftung","description":"Startseite des Europ\u00e4ischen Verhaltenskodex f\u00fcr Bettwanzenmanagement","potentialAction":[{"@type":"SearchAction","target":{"@type":"EntryPoint","urlTemplate":"https:\/\/www.bedbugfoundation.org\/?s={search_term_string}"},"query-input":{"@type":"PropertyValueSpecification","valueRequired":true,"valueName":"search_term_string"}}],"inLanguage":"de"}]}},"_links":{"self":[{"href":"https:\/\/www.bedbugfoundation.org\/de\/wp-json\/wp\/v2\/pages\/133","targetHints":{"allow":["GET"]}}],"collection":[{"href":"https:\/\/www.bedbugfoundation.org\/de\/wp-json\/wp\/v2\/pages"}],"about":[{"href":"https:\/\/www.bedbugfoundation.org\/de\/wp-json\/wp\/v2\/types\/page"}],"author":[{"embeddable":true,"href":"https:\/\/www.bedbugfoundation.org\/de\/wp-json\/wp\/v2\/users\/1"}],"replies":[{"embeddable":true,"href":"https:\/\/www.bedbugfoundation.org\/de\/wp-json\/wp\/v2\/comments?post=133"}],"version-history":[{"count":9,"href":"https:\/\/www.bedbugfoundation.org\/de\/wp-json\/wp\/v2\/pages\/133\/revisions"}],"predecessor-version":[{"id":942,"href":"https:\/\/www.bedbugfoundation.org\/de\/wp-json\/wp\/v2\/pages\/133\/revisions\/942"}],"wp:attachment":[{"href":"https:\/\/www.bedbugfoundation.org\/de\/wp-json\/wp\/v2\/media?parent=133"}],"curies":[{"name":"wp","href":"https:\/\/api.w.org\/{rel}","templated":true}]}}