{"id":176,"date":"2012-12-21T12:39:20","date_gmt":"2012-12-21T12:39:20","guid":{"rendered":"http:\/\/bedbugfoundation.org\/?page_id=176"},"modified":"2024-09-17T13:14:27","modified_gmt":"2024-09-17T12:14:27","slug":"specimen-identification-service","status":"publish","type":"page","link":"https:\/\/www.bedbugfoundation.org\/de\/specimen-identification-service\/","title":{"rendered":"Proben-Identifizierungsservice"},"content":{"rendered":"<div class=\"wp-block-image is-style-default\">\n<figure class=\"alignright size-thumbnail\"><img loading=\"lazy\" decoding=\"async\" width=\"150\" height=\"150\" src=\"https:\/\/www.bedbugfoundation.org\/wp-content\/uploads\/2020\/11\/magnifine-150x150.png\" alt=\"\" class=\"wp-image-7588\" srcset=\"https:\/\/www.bedbugfoundation.org\/wp-content\/uploads\/2020\/11\/magnifine-150x150.png 150w, https:\/\/www.bedbugfoundation.org\/wp-content\/uploads\/2020\/11\/magnifine-100x100.png 100w, https:\/\/www.bedbugfoundation.org\/wp-content\/uploads\/2020\/11\/magnifine-300x300.png 300w, https:\/\/www.bedbugfoundation.org\/wp-content\/uploads\/2020\/11\/magnifine-1024x1024.png 1024w, https:\/\/www.bedbugfoundation.org\/wp-content\/uploads\/2020\/11\/magnifine-768x768.png 768w, https:\/\/www.bedbugfoundation.org\/wp-content\/uploads\/2020\/11\/magnifine-12x12.png 12w, https:\/\/www.bedbugfoundation.org\/wp-content\/uploads\/2020\/11\/magnifine.png 1200w\" sizes=\"auto, (max-width: 150px) 100vw, 150px\" \/><\/figure>\n<\/div>\n\n\n<p>Wenn Sie glauben, eine Bettwanze oder bettwanzen\u00e4hnliche Verunreinigungen gefunden zu haben, und eine Best\u00e4tigung w\u00fcnschen, k\u00f6nnen Sie gerne unseren kostenlosen Identifizierungsservice in Anspruch nehmen. Die Bed Bug Foundation verf\u00fcgt \u00fcber gut ausgebildete und erfahrene Entomologen, die Ihnen gerne bei der Identifizierung der Exemplare behilflich sind.<\/p>\n\n\n\n<p>Bilder von Proben in guter Qualit\u00e4t sollten per E-Mail geschickt werden an: <a href=\"mailto:help@bedbugfoundation.org\">help@bedbugfoundation.org<\/a> or you can use the form at the bottom of the page.<\/p>\n\n\n\n<div class=\"wp-block-group\"><div class=\"wp-block-group__inner-container is-layout-constrained wp-block-group-is-layout-constrained\">\n<h2 class=\"wp-block-heading\">Proben k\u00f6nnen auch per Post an folgende Adresse geschickt werden:<\/h2>\n\n\n\n<p>The Bed Bug Foundation, Prior's Loft, Coleford Road, Tidenham, Chepstow, Monmouthshire, NP16 7JD, UK.<\/p>\n\n\n\n<p>Bitte denken Sie daran, der Probe Ihre Kontaktdaten (vorzugsweise eine E-Mail-Adresse) beizuf\u00fcgen.<\/p>\n<\/div><\/div>\n\n\n\n<div class=\"forminator-guttenberg\"><div class=\"forminator-ui forminator-custom-form forminator-custom-form-10163 forminator-design--default  forminator_ajax\" data-forminator-render=\"0\" data-form=\"forminator-module-10163\" data-uid=\"69dad3535d13d\"><br\/><\/div><form\n\t\t\t\tid=\"forminator-module-10163\"\n\t\t\t\tclass=\"forminator-ui forminator-custom-form forminator-custom-form-10163 forminator-design--default  forminator_ajax\"\n\t\t\t\tmethod=\"post\"\n\t\t\t\tdata-forminator-render=\"0\"\n\t\t\t\tdata-form-id=\"10163\"\n\t\t\t\tenctype=\"multipart\/form-data\" data-color-option=\"default\" data-design=\"default\" data-grid=\"open\" style=\"display: none;\"\n\t\t\t\tdata-uid=\"69dad3535d13d\" action=\"\"\n\t\t\t><div role=\"alert\" aria-live=\"polite\" class=\"forminator-response-message forminator-error\" aria-hidden=\"true\"><\/div><div class=\"forminator-row\"><div id=\"section-1\" class=\"forminator-field-section forminator-col forminator-col-12\"><div class=\"forminator-field\"><h2 class=\"forminator-title\">Personal Details<\/h2><\/div><\/div><\/div><div class=\"forminator-row\"><div id=\"name-1\" class=\"forminator-field-name forminator-col forminator-col-12\"><div class=\"forminator-row forminator-no-margin\" data-multiple=\"true\"><div class=\"forminator-col forminator-col-md-6\"><div class=\"forminator-field\"><label for=\"forminator-field-first-name-1_69dad3535d13d\" id=\"forminator-field-first-name-1_69dad3535d13d-label\" class=\"forminator-label\">First Name<\/label><input type=\"text\" name=\"name-1-first-name\" placeholder=\"E.g. John\" id=\"forminator-field-first-name-1_69dad3535d13d\" class=\"forminator-input\" aria-required=\"false\" data-multi=\"1\" autocomplete=\"given-name\" value=\"\" \/><\/div><\/div><div class=\"forminator-col forminator-col-md-6\"><div class=\"forminator-field\"><label for=\"forminator-field-last-name-1_69dad3535d13d\" id=\"forminator-field-last-name-1_69dad3535d13d-label\" class=\"forminator-label\">Last Name<\/label><input type=\"text\" name=\"name-1-last-name\" placeholder=\"E.g. Doe\" id=\"forminator-field-last-name-1_69dad3535d13d\" class=\"forminator-input\" aria-required=\"false\" data-multi=\"1\" autocomplete=\"family-name\" value=\"\" \/><\/div><\/div><\/div><\/div><\/div><div class=\"forminator-row\"><div id=\"email-1\" class=\"forminator-field-email forminator-col forminator-col-12\"><div class=\"forminator-field\"><label for=\"forminator-field-email-1_69dad3535d13d\" id=\"forminator-field-email-1_69dad3535d13d-label\" class=\"forminator-label\">Email Address <span class=\"forminator-required\">*<\/span><\/label><input type=\"email\" name=\"email-1\" value=\"\" placeholder=\"E.g. john@doe.com\" id=\"forminator-field-email-1_69dad3535d13d\" class=\"forminator-input forminator-email--field\" data-required=\"true\" aria-required=\"true\" autocomplete=\"email\" \/><\/div><\/div><\/div><div class=\"forminator-row\"><div id=\"section-2\" class=\"forminator-field-section forminator-col forminator-col-12\"><div class=\"forminator-field\"><h2 class=\"forminator-title\">Specimen Details<\/h2><\/div><\/div><\/div><div class=\"forminator-row\"><div id=\"text-1\" class=\"forminator-field-text forminator-col forminator-col-12\"><div class=\"forminator-field\"><label for=\"forminator-field-text-1_69dad3535d13d\" id=\"forminator-field-text-1_69dad3535d13d-label\" class=\"forminator-label\">What country were you in? <span class=\"forminator-required\">*<\/span><\/label><input type=\"text\" name=\"text-1\" value=\"\" placeholder=\"I was in france at my home or in italy on holiday.\" id=\"forminator-field-text-1_69dad3535d13d\" class=\"forminator-input forminator-name--field\" data-required=\"1\" aria-describedby=\"forminator-field-text-1_69dad3535d13d-description\" \/><span id=\"forminator-field-text-1_69dad3535d13d-description\" class=\"forminator-description\">Many biting insects are specific to certain regions<\/span><\/div><\/div><\/div><div class=\"forminator-row\"><div id=\"group-1\" class=\"forminator-field-group forminator-col forminator-col-12\"><label class=\"forminator-label forminator-repeater-label\">Bisse<\/label><div class=\"forminator-all-group-copies forminator-repeater-field\"><div class=\"forminator-grouped-fields\" data-options=\"{&quot;is_repeater&quot;:false,&quot;min_type&quot;:&quot;custom&quot;,&quot;max_type&quot;:&quot;custom&quot;,&quot;min&quot;:1,&quot;max&quot;:9223372036854775807,&quot;add_text&quot;:&quot;Element hinzuf\\u00fcgen&quot;,&quot;remove_text&quot;:&quot;Element entfernen&quot;,&quot;action_element_type&quot;:&quot;button&quot;}\"><div class=\"forminator-row\"><div id=\"checkbox-1\" class=\"forminator-field-checkbox forminator-col forminator-col-12\"><div role=\"group\" class=\"forminator-field\" aria-labelledby=\"forminator-checkbox-group-forminator-field-checkbox-1-69dad3535d13d-label\"><span id=\"forminator-checkbox-group-forminator-field-checkbox-1-69dad3535d13d-label\" class=\"forminator-label\">Do you have bites on your body?<\/span><label id=\"forminator-field-checkbox-1-1-69dad3535d13d-label\" for=\"forminator-field-checkbox-1-1-69dad3535d13d\" class=\"forminator-checkbox\" title=\"Yes\"><input type=\"checkbox\" name=\"checkbox-1[]\" value=\"one\" id=\"forminator-field-checkbox-1-1-69dad3535d13d\" aria-labelledby=\"forminator-field-checkbox-1-1-69dad3535d13d-label\" data-calculation=\"0\"   data-hidden-behavior=\"zero\"\/><span class=\"forminator-checkbox-box\" aria-hidden=\"true\"><\/span><span class=\"forminator-checkbox-label\">Yes<\/span><\/label><\/div><\/div><\/div><div class=\"forminator-row\"><div id=\"textarea-2\" class=\"forminator-field-textarea forminator-col forminator-col-12\"><div class=\"forminator-field\"><label for=\"forminator-field-textarea-2_69dad3535d13d\" id=\"forminator-field-textarea-2_69dad3535d13d-label\" class=\"forminator-label\">Where on your body have you found bites?<\/label><textarea name=\"textarea-2\" placeholder=\"Legs, feet, wrists...\" id=\"forminator-field-textarea-2_69dad3535d13d\" class=\"forminator-textarea\" rows=\"6\" style=\"min-height:140px;\" ><\/textarea><\/div><\/div><\/div><div class=\"forminator-row\"><div id=\"textarea-3\" class=\"forminator-field-textarea forminator-col forminator-col-12\"><div class=\"forminator-field\"><label for=\"forminator-field-textarea-3_69dad3535d13d\" id=\"forminator-field-textarea-3_69dad3535d13d-label\" class=\"forminator-label\">Was the bite on an area that is covered while sleeping?<\/label><textarea name=\"textarea-3\" placeholder=\"Under my shirt, shorts, pajamas...\" id=\"forminator-field-textarea-3_69dad3535d13d\" class=\"forminator-textarea\" rows=\"6\" style=\"min-height:140px;\" ><\/textarea><\/div><\/div><\/div><div class=\"forminator-row\"><div id=\"textarea-4\" class=\"forminator-field-textarea forminator-col forminator-col-12\"><div class=\"forminator-field\"><label for=\"forminator-field-textarea-4_69dad3535d13d\" id=\"forminator-field-textarea-4_69dad3535d13d-label\" class=\"forminator-label\">How often are you bitten\/Over what time period?<\/label><textarea name=\"textarea-4\" placeholder=\"Every night, several times a month...\" id=\"forminator-field-textarea-4_69dad3535d13d\" class=\"forminator-textarea\" rows=\"6\" style=\"min-height:140px;\" ><\/textarea><\/div><\/div><\/div><\/div><\/div><\/div><\/div><div class=\"forminator-row\"><div id=\"group-2\" class=\"forminator-field-group forminator-col forminator-col-12\"><label class=\"forminator-label forminator-repeater-label\">Specimen<\/label><div class=\"forminator-all-group-copies forminator-repeater-field\"><div class=\"forminator-grouped-fields\" data-options=\"{&quot;is_repeater&quot;:false,&quot;min_type&quot;:&quot;custom&quot;,&quot;max_type&quot;:&quot;custom&quot;,&quot;min&quot;:1,&quot;max&quot;:9223372036854775807,&quot;add_text&quot;:&quot;Element hinzuf\\u00fcgen&quot;,&quot;remove_text&quot;:&quot;Element entfernen&quot;,&quot;action_element_type&quot;:&quot;button&quot;}\"><div class=\"forminator-row\"><div id=\"checkbox-2\" class=\"forminator-field-checkbox forminator-col forminator-col-12\"><div role=\"group\" class=\"forminator-field\" aria-labelledby=\"forminator-checkbox-group-forminator-field-checkbox-2-69dad3535d13d-label\"><span id=\"forminator-checkbox-group-forminator-field-checkbox-2-69dad3535d13d-label\" class=\"forminator-label\">Have you found a specimen?<\/span><label id=\"forminator-field-checkbox-2-1-69dad3535d13d-label\" for=\"forminator-field-checkbox-2-1-69dad3535d13d\" class=\"forminator-checkbox\" title=\"Yes\"><input type=\"checkbox\" name=\"checkbox-2[]\" value=\"one\" id=\"forminator-field-checkbox-2-1-69dad3535d13d\" aria-labelledby=\"forminator-field-checkbox-2-1-69dad3535d13d-label\" data-calculation=\"0\"   data-hidden-behavior=\"zero\"\/><span class=\"forminator-checkbox-box\" aria-hidden=\"true\"><\/span><span class=\"forminator-checkbox-label\">Yes<\/span><\/label><\/div><\/div><\/div><div class=\"forminator-row\"><div id=\"html-1\" class=\"forminator-field-html forminator-col forminator-col-12\"><div class=\"forminator-field forminator-merge-tags\" data-field=\"html-1\"><label class=\"forminator-label\">Photo Instructions<\/label><p>If you have found a specimen then take a clear photo:<\/p>\n<ol>\n<li>Find good lighting, like near a window or in bright, even indoor light.<\/li>\n<li>Add something for scale, like a coin or ruler, next to it.<\/li>\n<li>Take a few shots from different angles for better results.<\/li>\n<\/ol>\n<p>Upload all relevent images in the Upload section at the bottom of this form.<\/p><\/div><\/div><\/div><\/div><\/div><\/div><\/div><div class=\"forminator-row\"><div id=\"textarea-1\" class=\"forminator-field-textarea forminator-col forminator-col-12\"><div class=\"forminator-field\"><label for=\"forminator-field-textarea-1_69dad3535d13d\" id=\"forminator-field-textarea-1_69dad3535d13d-label\" class=\"forminator-label\">Mehr Details<\/label><textarea name=\"textarea-1\" placeholder=\"Enter your message...\" id=\"forminator-field-textarea-1_69dad3535d13d\" class=\"forminator-textarea\" rows=\"6\" style=\"min-height:140px;\" ><\/textarea><\/div><\/div><\/div><div class=\"forminator-row\"><div id=\"upload-1\" class=\"forminator-field-upload forminator-col forminator-col-12\"><div class=\"forminator-field\"><label for=\"forminator-field-upload-1_69dad3535d13d\" id=\"forminator-field-upload-1_69dad3535d13d-label\" class=\"forminator-label\">Upload Specimen Images<\/label><div class=\"forminator-multi-upload\" data-element=\"upload-1_69dad3535d13d\" aria-describedby=\"forminator-field-upload-1_69dad3535d13d-description\"><input type=\"file\" name=\"upload-1[]\" id=\"forminator-field-upload-1_69dad3535d13d\" class=\"forminator-input-file forminator-field-upload-1_69dad3535d13d-10163\" multiple=\"multiple\" data-method=\"ajax\" data-size=\"8000000\" data-size-message=\"Die maximale Dateigr\u00f6\u00dfe betr\u00e4gt 8 MB. \"><div class=\"forminator-multi-upload-message\" aria-hidden=\"true\"><span class=\"forminator-icon-upload\" aria-hidden=\"true\"><\/span><p>Drag &amp; Drop (oder) <a class=\"forminator-upload-file--forminator-field-upload-1_69dad3535d13d\" href=\"#\" onclick=\"return false;\">W\u00e4hle Dateien<\/a><\/p><\/div><\/div><span id=\"forminator-field-upload-1_69dad3535d13d-description\" class=\"forminator-description\">Upload any Good quality images of Specimens you have discovered, bites or detritus..<\/span><ul class=\"forminator-uploaded-files upload-container-upload-1_69dad3535d13d\"><\/ul><\/div><\/div><\/div><div class=\"forminator-row\" style=\"margin: 0;\"><div id=\"captcha-1\" class=\"forminator-field-captcha  forminator-col-12\"><div class=\"forminator-captcha-left forminator-g-recaptcha recaptcha-invisible\" data-theme=\"light\" data-badge=\"bottomright\" data-sitekey=\"6LcC1UYqAAAAALtQfnWG5r7FjxsQyrVoedz2hxaF\" data-size=\"invisible\"><\/div> <\/div><\/div><input type=\"hidden\" name=\"referer_url\" value=\"\" \/><script type=\"text\/javascript\" src=\"https:\/\/challenges.cloudflare.com\/turnstile\/v0\/api.js?render=explicit&amp;ver=6.9.4\" id=\"cfturnstile-js\"><\/script>\n<style>#cf-turnstile-fmntr-10163 { margin-left: 0px !important; }<\/style>\t\t<div id=\"cf-turnstile-fmntr-10163\"\r\n\t\tclass=\"cf-turnstile\" \t\tdata-sitekey=\"0x4AAAAAACotkQJL5fhbHWYB\"\r\n\t\tdata-theme=\"light\"\r\n\t\tdata-language=\"auto\"\r\n\t\tdata-size=\"normal\"\r\n\t\tdata-retry=\"auto\" data-retry-interval=\"1000\"\r\n\t\tdata-refresh-expired=\"auto\"\r\n\t\tdata-action=\"forminator-form-10163\"\r\n\t\t\t\tdata-appearance=\"always\"><\/div>\r\n\t\t\t<script>document.addEventListener(\"DOMContentLoaded\", function() { setTimeout(function(){ var e=document.getElementById(\"cf-turnstile-fmntr-10163\"); e&&!e.innerHTML.trim()&&(turnstile.remove(\"#cf-turnstile-fmntr-10163\"), turnstile.render(\"#cf-turnstile-fmntr-10163\", {sitekey:\"0x4AAAAAACotkQJL5fhbHWYB\"})); }, 100); });<\/script>\r\n\t\t\t<br class=\"cf-turnstile-br cf-turnstile-br-fmntr-10163\">\r\n\t\t\t\t<style>#cf-turnstile-fmntr-10163 { margin-left: -15px; }<\/style>\r\n\t\t                        <script>\r\n            \/\/ On ajax.complete run turnstile.render if element is empty\r\n            jQuery(document).ajaxComplete(function() {\r\n                setTimeout(function() {\r\n                    if (document.getElementById('cf-turnstile-fmntr-10163')) {\r\n                        if(!document.getElementById('cf-turnstile-fmntr-10163').innerHTML.trim()) {\r\n                                turnstile.remove('#cf-turnstile-fmntr-10163');\r\n                                turnstile.render('#cf-turnstile-fmntr-10163');\r\n                        }\r\n                    }\r\n                }, 1000);\r\n            });\r\n            \/\/ Enable Submit Button Function\r\n            function turnstileForminatorCallback() {\r\n                document.querySelectorAll('.forminator-button, .forminator-button-submit').forEach(function(el) {\r\n                    el.style.pointerEvents = 'auto';\r\n                    el.style.opacity = '1';\r\n                });\r\n            }\r\n            \/\/ On submit re-render\r\n            jQuery(document).ready(function() {\r\n                jQuery('.forminator-custom-form').on('submit', function() {\r\n                    if(document.getElementById('cf-turnstile-fmntr-10163')) {\r\n                        setTimeout(function() {\r\n                            turnstile.remove('#cf-turnstile-fmntr-10163');\r\n                            turnstile.render('#cf-turnstile-fmntr-10163');\r\n                        }, 1000);\r\n                    }\r\n                });\r\n            });\r\n            <\/script>\r\n                        <div class=\"forminator-row forminator-row-last\"><div class=\"forminator-col\"><div class=\"forminator-field\"><button class=\"forminator-button forminator-button-submit\">Send Message<\/button><\/div><\/div><\/div><input type=\"hidden\" id=\"forminator_nonce\" name=\"forminator_nonce\" value=\"38724c190a\" \/><input type=\"hidden\" name=\"_wp_http_referer\" value=\"\/de\/wp-json\/wp\/v2\/pages\/176\" \/><input type=\"hidden\" name=\"form_id\" value=\"10163\"><input type=\"hidden\" name=\"page_id\" value=\"176\"><input type=\"hidden\" name=\"form_type\" value=\"default\"><input type=\"hidden\" name=\"current_url\" value=\"https:\/\/www.bedbugfoundation.org\/de\/specimen-identification-service\/\"><input type=\"hidden\" name=\"render_id\" value=\"0\"><input type=\"hidden\" name=\"forminator-multifile-hidden\" class=\"forminator-multifile-hidden\"><input type=\"hidden\" name=\"action\" value=\"forminator_submit_form_custom-forms\"><input type=\"hidden\" name=\"trp-form-language\" value=\"de\"\/><\/form><\/div>","protected":false},"excerpt":{"rendered":"<p>Wenn Sie glauben, eine Bettwanze oder bettwanzen\u00e4hnliche Verunreinigungen gefunden zu haben und eine Best\u00e4tigung w\u00fcnschen, k\u00f6nnen Sie unseren kostenlosen Identifizierungsservice in Anspruch nehmen. Die Bed Bug Foundation hat gut ausgebildete und erfahrene Entomologen bei ... <a href=\"https:\/\/www.bedbugfoundation.org\/de\/specimen-identification-service\/\">Weiterlesen <span class=\"meta-nav\">\u2192<\/span><\/a><\/p>","protected":false},"author":1,"featured_media":0,"parent":0,"menu_order":0,"comment_status":"closed","ping_status":"closed","template":"","meta":{"_bbp_topic_count":0,"_bbp_reply_count":0,"_bbp_total_topic_count":0,"_bbp_total_reply_count":0,"_bbp_voice_count":0,"_bbp_anonymous_reply_count":0,"_bbp_topic_count_hidden":0,"_bbp_reply_count_hidden":0,"_bbp_forum_subforum_count":0,"footnotes":""},"class_list":["post-176","page","type-page","status-publish","hentry"],"yoast_head":"<!-- This site is optimized with the Yoast SEO plugin v27.3 - https:\/\/yoast.com\/product\/yoast-seo-wordpress\/ -->\n<title>Specimen Identification Service - Bed Bug Foundation<\/title>\n<meta name=\"robots\" content=\"index, follow, max-snippet:-1, max-image-preview:large, max-video-preview:-1\" \/>\n<link rel=\"canonical\" href=\"https:\/\/www.bedbugfoundation.org\/de\/specimen-identification-service\/\" \/>\n<meta property=\"og:locale\" content=\"de_DE\" \/>\n<meta property=\"og:type\" content=\"article\" \/>\n<meta property=\"og:title\" content=\"Specimen Identification Service - Bed Bug Foundation\" \/>\n<meta property=\"og:description\" content=\"If you believe you have found a bed bug, or bed bug related debris, and would like confirmation, please feel free to make use of our free identification service. The Bed Bug Foundation has highly trained and experienced entomologists at &hellip; Weiterlesen &rarr;\" \/>\n<meta property=\"og:url\" content=\"https:\/\/www.bedbugfoundation.org\/de\/specimen-identification-service\/\" \/>\n<meta property=\"og:site_name\" content=\"Bed Bug Foundation\" \/>\n<meta property=\"article:modified_time\" content=\"2024-09-17T12:14:27+00:00\" \/>\n<meta property=\"og:image\" content=\"https:\/\/www.bedbugfoundation.org\/wp-content\/uploads\/2020\/11\/magnifine-150x150.png\" \/>\n<meta name=\"twitter:card\" content=\"summary_large_image\" \/>\n<meta name=\"twitter:label1\" content=\"Gesch\u00e4tzte Lesezeit\" \/>\n\t<meta name=\"twitter:data1\" content=\"1\u00a0Minute\" \/>\n<script type=\"application\/ld+json\" class=\"yoast-schema-graph\">{\"@context\":\"https:\\\/\\\/schema.org\",\"@graph\":[{\"@type\":\"WebPage\",\"@id\":\"https:\\\/\\\/www.bedbugfoundation.org\\\/specimen-identification-service\\\/\",\"url\":\"https:\\\/\\\/www.bedbugfoundation.org\\\/specimen-identification-service\\\/\",\"name\":\"Specimen Identification Service - Bed Bug Foundation\",\"isPartOf\":{\"@id\":\"https:\\\/\\\/www.bedbugfoundation.org\\\/#website\"},\"primaryImageOfPage\":{\"@id\":\"https:\\\/\\\/www.bedbugfoundation.org\\\/specimen-identification-service\\\/#primaryimage\"},\"image\":{\"@id\":\"https:\\\/\\\/www.bedbugfoundation.org\\\/specimen-identification-service\\\/#primaryimage\"},\"thumbnailUrl\":\"https:\\\/\\\/www.bedbugfoundation.org\\\/wp-content\\\/uploads\\\/2020\\\/11\\\/magnifine-150x150.png\",\"datePublished\":\"2012-12-21T12:39:20+00:00\",\"dateModified\":\"2024-09-17T12:14:27+00:00\",\"breadcrumb\":{\"@id\":\"https:\\\/\\\/www.bedbugfoundation.org\\\/specimen-identification-service\\\/#breadcrumb\"},\"inLanguage\":\"de\",\"potentialAction\":[{\"@type\":\"ReadAction\",\"target\":[\"https:\\\/\\\/www.bedbugfoundation.org\\\/specimen-identification-service\\\/\"]}]},{\"@type\":\"ImageObject\",\"inLanguage\":\"de\",\"@id\":\"https:\\\/\\\/www.bedbugfoundation.org\\\/specimen-identification-service\\\/#primaryimage\",\"url\":\"https:\\\/\\\/www.bedbugfoundation.org\\\/wp-content\\\/uploads\\\/2020\\\/11\\\/magnifine-150x150.png\",\"contentUrl\":\"https:\\\/\\\/www.bedbugfoundation.org\\\/wp-content\\\/uploads\\\/2020\\\/11\\\/magnifine-150x150.png\"},{\"@type\":\"BreadcrumbList\",\"@id\":\"https:\\\/\\\/www.bedbugfoundation.org\\\/specimen-identification-service\\\/#breadcrumb\",\"itemListElement\":[{\"@type\":\"ListItem\",\"position\":1,\"name\":\"Home\",\"item\":\"https:\\\/\\\/www.bedbugfoundation.org\\\/\"},{\"@type\":\"ListItem\",\"position\":2,\"name\":\"Specimen Identification Service\"}]},{\"@type\":\"WebSite\",\"@id\":\"https:\\\/\\\/www.bedbugfoundation.org\\\/#website\",\"url\":\"https:\\\/\\\/www.bedbugfoundation.org\\\/\",\"name\":\"Bed Bug Foundation\",\"description\":\"Home of the European Code of Practice for Bed Bug Management\",\"potentialAction\":[{\"@type\":\"SearchAction\",\"target\":{\"@type\":\"EntryPoint\",\"urlTemplate\":\"https:\\\/\\\/www.bedbugfoundation.org\\\/?s={search_term_string}\"},\"query-input\":{\"@type\":\"PropertyValueSpecification\",\"valueRequired\":true,\"valueName\":\"search_term_string\"}}],\"inLanguage\":\"de\"}]}<\/script>\n<!-- \/ Yoast SEO plugin. -->","yoast_head_json":{"title":"Probenidentifikationsservice - Stiftung Bettwanzen","robots":{"index":"index","follow":"follow","max-snippet":"max-snippet:-1","max-image-preview":"max-image-preview:large","max-video-preview":"max-video-preview:-1"},"canonical":"https:\/\/www.bedbugfoundation.org\/de\/specimen-identification-service\/","og_locale":"de_DE","og_type":"article","og_title":"Specimen Identification Service - Bed Bug Foundation","og_description":"If you believe you have found a bed bug, or bed bug related debris, and would like confirmation, please feel free to make use of our free identification service. The Bed Bug Foundation has highly trained and experienced entomologists at &hellip; Weiterlesen &rarr;","og_url":"https:\/\/www.bedbugfoundation.org\/de\/specimen-identification-service\/","og_site_name":"Bed Bug Foundation","article_modified_time":"2024-09-17T12:14:27+00:00","og_image":[{"url":"https:\/\/www.bedbugfoundation.org\/wp-content\/uploads\/2020\/11\/magnifine-150x150.png","type":"","width":"","height":""}],"twitter_card":"summary_large_image","twitter_misc":{"Gesch\u00e4tzte Lesezeit":"1\u00a0Minute"},"schema":{"@context":"https:\/\/schema.org","@graph":[{"@type":"WebPage","@id":"https:\/\/www.bedbugfoundation.org\/specimen-identification-service\/","url":"https:\/\/www.bedbugfoundation.org\/specimen-identification-service\/","name":"Probenidentifikationsservice - Stiftung Bettwanzen","isPartOf":{"@id":"https:\/\/www.bedbugfoundation.org\/#website"},"primaryImageOfPage":{"@id":"https:\/\/www.bedbugfoundation.org\/specimen-identification-service\/#primaryimage"},"image":{"@id":"https:\/\/www.bedbugfoundation.org\/specimen-identification-service\/#primaryimage"},"thumbnailUrl":"https:\/\/www.bedbugfoundation.org\/wp-content\/uploads\/2020\/11\/magnifine-150x150.png","datePublished":"2012-12-21T12:39:20+00:00","dateModified":"2024-09-17T12:14:27+00:00","breadcrumb":{"@id":"https:\/\/www.bedbugfoundation.org\/specimen-identification-service\/#breadcrumb"},"inLanguage":"de","potentialAction":[{"@type":"ReadAction","target":["https:\/\/www.bedbugfoundation.org\/specimen-identification-service\/"]}]},{"@type":"ImageObject","inLanguage":"de","@id":"https:\/\/www.bedbugfoundation.org\/specimen-identification-service\/#primaryimage","url":"https:\/\/www.bedbugfoundation.org\/wp-content\/uploads\/2020\/11\/magnifine-150x150.png","contentUrl":"https:\/\/www.bedbugfoundation.org\/wp-content\/uploads\/2020\/11\/magnifine-150x150.png"},{"@type":"BreadcrumbList","@id":"https:\/\/www.bedbugfoundation.org\/specimen-identification-service\/#breadcrumb","itemListElement":[{"@type":"ListItem","position":1,"name":"Home","item":"https:\/\/www.bedbugfoundation.org\/"},{"@type":"ListItem","position":2,"name":"Specimen Identification Service"}]},{"@type":"WebSite","@id":"https:\/\/www.bedbugfoundation.org\/#website","url":"https:\/\/www.bedbugfoundation.org\/","name":"Bettwanzen-Stiftung","description":"Startseite des Europ\u00e4ischen Verhaltenskodex f\u00fcr Bettwanzenmanagement","potentialAction":[{"@type":"SearchAction","target":{"@type":"EntryPoint","urlTemplate":"https:\/\/www.bedbugfoundation.org\/?s={search_term_string}"},"query-input":{"@type":"PropertyValueSpecification","valueRequired":true,"valueName":"search_term_string"}}],"inLanguage":"de"}]}},"_links":{"self":[{"href":"https:\/\/www.bedbugfoundation.org\/de\/wp-json\/wp\/v2\/pages\/176","targetHints":{"allow":["GET"]}}],"collection":[{"href":"https:\/\/www.bedbugfoundation.org\/de\/wp-json\/wp\/v2\/pages"}],"about":[{"href":"https:\/\/www.bedbugfoundation.org\/de\/wp-json\/wp\/v2\/types\/page"}],"author":[{"embeddable":true,"href":"https:\/\/www.bedbugfoundation.org\/de\/wp-json\/wp\/v2\/users\/1"}],"replies":[{"embeddable":true,"href":"https:\/\/www.bedbugfoundation.org\/de\/wp-json\/wp\/v2\/comments?post=176"}],"version-history":[{"count":14,"href":"https:\/\/www.bedbugfoundation.org\/de\/wp-json\/wp\/v2\/pages\/176\/revisions"}],"predecessor-version":[{"id":10164,"href":"https:\/\/www.bedbugfoundation.org\/de\/wp-json\/wp\/v2\/pages\/176\/revisions\/10164"}],"wp:attachment":[{"href":"https:\/\/www.bedbugfoundation.org\/de\/wp-json\/wp\/v2\/media?parent=176"}],"curies":[{"name":"wp","href":"https:\/\/api.w.org\/{rel}","templated":true}]}}