{"id":208,"date":"2012-12-21T17:02:13","date_gmt":"2012-12-21T17:02:13","guid":{"rendered":"http:\/\/bedbugfoundation.org\/?page_id=208"},"modified":"2020-02-25T16:09:10","modified_gmt":"2020-02-25T16:09:10","slug":"life-cycle","status":"publish","type":"page","link":"https:\/\/www.bedbugfoundation.org\/de\/bed-bug-biology\/life-cycle\/","title":{"rendered":"Lebenszyklus"},"content":{"rendered":"<p>Bettwanzen sind echte Wanzen (Ordnung: Hemiptera), die zur Familie der Cimicidae geh\u00f6ren. Wie alle anderen Mitglieder dieser Familie ern\u00e4hren sie sich ausschlie\u00dflich von Blut und ben\u00f6tigen eine Mahlzeit von einem der Wirbeltier-Wirte, um sich zwischen den Instanzen (Lebensstadien) zu entwickeln und sich zu vermehren.<\/p>\n<p><a href=\"http:\/\/bedbugfoundation.org\/wp-content\/uploads\/2012\/12\/Life-Cyle-of-the-Bedbug.png\"><img loading=\"lazy\" decoding=\"async\" class=\"alignnone size-full wp-image-209\" src=\"http:\/\/bedbugfoundation.org\/wp-content\/uploads\/2012\/12\/Life-Cyle-of-the-Bedbug.png\" alt=\"Lebensweise der Bettwanze\" width=\"633\" height=\"752\" srcset=\"https:\/\/www.bedbugfoundation.org\/wp-content\/uploads\/2012\/12\/Life-Cyle-of-the-Bedbug.png 839w, https:\/\/www.bedbugfoundation.org\/wp-content\/uploads\/2012\/12\/Life-Cyle-of-the-Bedbug-300x356.png 300w, https:\/\/www.bedbugfoundation.org\/wp-content\/uploads\/2012\/12\/Life-Cyle-of-the-Bedbug-252x300.png 252w\" sizes=\"auto, (max-width: 633px) 100vw, 633px\" \/><\/a><\/p>\n<p><strong>Entwicklungszeit<\/strong><\/p>\n<p>Die Entwicklungszeit wird stark von der Temperatur beeinflusst. Unter 13\u00b0C wird die Entwicklung eingestellt, die Weibchen legen nicht mehr und die abgelegten Eier schl\u00fcpfen nicht. \u00dcber 36\u00b0C f\u00fchrt die Sch\u00e4digung der bakteriellen Symbionten, die bei der Synthese von Mikron\u00e4hrstoffen helfen, zu einer verminderten Fruchtbarkeit und \u00dcberlebensf\u00e4higkeit. Zwischen diesen beiden Extremen nimmt die Entwicklungszeit mit steigender Temperatur ab (siehe unten).<\/p>\n<p><a href=\"http:\/\/bedbugfoundation.org\/wp-content\/uploads\/2012\/12\/Screen-Shot-2012-12-21-at-17.07.57.png\"><img loading=\"lazy\" decoding=\"async\" class=\"alignnone size-full wp-image-214\" src=\"http:\/\/bedbugfoundation.org\/wp-content\/uploads\/2012\/12\/Screen-Shot-2012-12-21-at-17.07.57.png\" alt=\"Bildschirmfoto 2012-12-21 um 17.07.57\" width=\"625\" height=\"377\" srcset=\"https:\/\/www.bedbugfoundation.org\/wp-content\/uploads\/2012\/12\/Screen-Shot-2012-12-21-at-17.07.57.png 1030w, https:\/\/www.bedbugfoundation.org\/wp-content\/uploads\/2012\/12\/Screen-Shot-2012-12-21-at-17.07.57-300x181.png 300w, https:\/\/www.bedbugfoundation.org\/wp-content\/uploads\/2012\/12\/Screen-Shot-2012-12-21-at-17.07.57-1024x618.png 1024w\" sizes=\"auto, (max-width: 625px) 100vw, 625px\" \/><\/a><\/p>\n<p><strong>Reproduktionsrate<\/strong><\/p>\n<p>Weibliche Bettwanzen m\u00fcssen sich mindestens einmal alle 5 - 6 Wochen paaren, um ihre volle Fruchtbarkeit zu erhalten, obwohl die nat\u00fcrlichen Paarungsraten vermutlich sehr viel h\u00f6her sind.<\/p>\n<p>Die Anzahl der Eier, die ein Weibchen pro Woche legt, wird stark von der Temperatur und den individuellen Schwankungen beeinflusst. In einem warmen Raum kann man davon ausgehen, dass ein einzelnes Weibchen 15 - 25 Eier pro Woche und bis zu 500 Eier in ihrem Leben  legt, solange es st\u00e4ndigen Zugang zu Nahrung hat und regelm\u00e4\u00dfig gedeckt wird.<\/p>\n<p><a href=\"https:\/\/www.bedbugfoundation.org\/de\/bedbug-biology\/identification\/\">N\u00e4chste &gt;&gt;<\/a><\/p>","protected":false},"excerpt":{"rendered":"<p>Bed bugs are true bugs (Order: Hemiptera), belonging to the family Cimicidae. Like all other members of this family they feed solely on blood, requiring a meal from one of a range of vertebrate hosts in order to develop between &hellip; <a href=\"https:\/\/www.bedbugfoundation.org\/de\/bed-bug-biology\/life-cycle\/\">Weiterlesen <span class=\"meta-nav\">\u2192<\/span><\/a><\/p>","protected":false},"author":1,"featured_media":0,"parent":216,"menu_order":0,"comment_status":"closed","ping_status":"closed","template":"","meta":{"_bbp_topic_count":0,"_bbp_reply_count":0,"_bbp_total_topic_count":0,"_bbp_total_reply_count":0,"_bbp_voice_count":0,"_bbp_anonymous_reply_count":0,"_bbp_topic_count_hidden":0,"_bbp_reply_count_hidden":0,"_bbp_forum_subforum_count":0,"footnotes":""},"class_list":["post-208","page","type-page","status-publish","hentry"],"yoast_head":"<!-- This site is optimized with the Yoast SEO plugin v27.3 - https:\/\/yoast.com\/product\/yoast-seo-wordpress\/ -->\n<title>Life Cycle - Bed Bug Foundation<\/title>\n<meta name=\"robots\" content=\"index, follow, max-snippet:-1, max-image-preview:large, max-video-preview:-1\" \/>\n<link rel=\"canonical\" href=\"https:\/\/www.bedbugfoundation.org\/de\/bed-bug-biology\/life-cycle\/\" \/>\n<meta property=\"og:locale\" content=\"de_DE\" \/>\n<meta property=\"og:type\" content=\"article\" \/>\n<meta property=\"og:title\" content=\"Life Cycle - Bed Bug Foundation\" \/>\n<meta property=\"og:description\" content=\"Bed bugs are true bugs (Order: Hemiptera), belonging to the family Cimicidae. Like all other members of this family they feed solely on blood, requiring a meal from one of a range of vertebrate hosts in order to develop between &hellip; Weiterlesen &rarr;\" \/>\n<meta property=\"og:url\" content=\"https:\/\/www.bedbugfoundation.org\/de\/bed-bug-biology\/life-cycle\/\" \/>\n<meta property=\"og:site_name\" content=\"Bed Bug Foundation\" \/>\n<meta property=\"article:modified_time\" content=\"2020-02-25T16:09:10+00:00\" \/>\n<meta property=\"og:image\" content=\"http:\/\/bedbugfoundation.org\/wp-content\/uploads\/2012\/12\/Life-Cyle-of-the-Bedbug.png\" \/>\n<meta name=\"twitter:card\" content=\"summary_large_image\" \/>\n<meta name=\"twitter:label1\" content=\"Gesch\u00e4tzte Lesezeit\" \/>\n\t<meta name=\"twitter:data1\" content=\"1\u00a0Minute\" \/>\n<script type=\"application\/ld+json\" class=\"yoast-schema-graph\">{\"@context\":\"https:\\\/\\\/schema.org\",\"@graph\":[{\"@type\":\"WebPage\",\"@id\":\"https:\\\/\\\/www.bedbugfoundation.org\\\/sv\\\/bed-bug-biology\\\/life-cycle\\\/\",\"url\":\"https:\\\/\\\/www.bedbugfoundation.org\\\/sv\\\/bed-bug-biology\\\/life-cycle\\\/\",\"name\":\"Life Cycle - Bed Bug Foundation\",\"isPartOf\":{\"@id\":\"https:\\\/\\\/www.bedbugfoundation.org\\\/#website\"},\"primaryImageOfPage\":{\"@id\":\"https:\\\/\\\/www.bedbugfoundation.org\\\/sv\\\/bed-bug-biology\\\/life-cycle\\\/#primaryimage\"},\"image\":{\"@id\":\"https:\\\/\\\/www.bedbugfoundation.org\\\/sv\\\/bed-bug-biology\\\/life-cycle\\\/#primaryimage\"},\"thumbnailUrl\":\"http:\\\/\\\/bedbugfoundation.org\\\/wp-content\\\/uploads\\\/2012\\\/12\\\/Life-Cyle-of-the-Bedbug.png\",\"datePublished\":\"2012-12-21T17:02:13+00:00\",\"dateModified\":\"2020-02-25T16:09:10+00:00\",\"breadcrumb\":{\"@id\":\"https:\\\/\\\/www.bedbugfoundation.org\\\/sv\\\/bed-bug-biology\\\/life-cycle\\\/#breadcrumb\"},\"inLanguage\":\"de\",\"potentialAction\":[{\"@type\":\"ReadAction\",\"target\":[\"https:\\\/\\\/www.bedbugfoundation.org\\\/sv\\\/bed-bug-biology\\\/life-cycle\\\/\"]}]},{\"@type\":\"ImageObject\",\"inLanguage\":\"de\",\"@id\":\"https:\\\/\\\/www.bedbugfoundation.org\\\/sv\\\/bed-bug-biology\\\/life-cycle\\\/#primaryimage\",\"url\":\"http:\\\/\\\/bedbugfoundation.org\\\/wp-content\\\/uploads\\\/2012\\\/12\\\/Life-Cyle-of-the-Bedbug.png\",\"contentUrl\":\"http:\\\/\\\/bedbugfoundation.org\\\/wp-content\\\/uploads\\\/2012\\\/12\\\/Life-Cyle-of-the-Bedbug.png\"},{\"@type\":\"BreadcrumbList\",\"@id\":\"https:\\\/\\\/www.bedbugfoundation.org\\\/sv\\\/bed-bug-biology\\\/life-cycle\\\/#breadcrumb\",\"itemListElement\":[{\"@type\":\"ListItem\",\"position\":1,\"name\":\"Home\",\"item\":\"https:\\\/\\\/www.bedbugfoundation.org\\\/\"},{\"@type\":\"ListItem\",\"position\":2,\"name\":\"Bed Bug Biology\",\"item\":\"https:\\\/\\\/www.bedbugfoundation.org\\\/bed-bug-biology\\\/\"},{\"@type\":\"ListItem\",\"position\":3,\"name\":\"Life Cycle\"}]},{\"@type\":\"WebSite\",\"@id\":\"https:\\\/\\\/www.bedbugfoundation.org\\\/#website\",\"url\":\"https:\\\/\\\/www.bedbugfoundation.org\\\/\",\"name\":\"Bed Bug Foundation\",\"description\":\"Home of the European Code of Practice for Bed Bug Management\",\"potentialAction\":[{\"@type\":\"SearchAction\",\"target\":{\"@type\":\"EntryPoint\",\"urlTemplate\":\"https:\\\/\\\/www.bedbugfoundation.org\\\/?s={search_term_string}\"},\"query-input\":{\"@type\":\"PropertyValueSpecification\",\"valueRequired\":true,\"valueName\":\"search_term_string\"}}],\"inLanguage\":\"de\"}]}<\/script>\n<!-- \/ Yoast SEO plugin. -->","yoast_head_json":{"title":"Lebenszyklus - Stiftung Bettwanzen","robots":{"index":"index","follow":"follow","max-snippet":"max-snippet:-1","max-image-preview":"max-image-preview:large","max-video-preview":"max-video-preview:-1"},"canonical":"https:\/\/www.bedbugfoundation.org\/de\/bed-bug-biology\/life-cycle\/","og_locale":"de_DE","og_type":"article","og_title":"Life Cycle - Bed Bug Foundation","og_description":"Bed bugs are true bugs (Order: Hemiptera), belonging to the family Cimicidae. Like all other members of this family they feed solely on blood, requiring a meal from one of a range of vertebrate hosts in order to develop between &hellip; Weiterlesen &rarr;","og_url":"https:\/\/www.bedbugfoundation.org\/de\/bed-bug-biology\/life-cycle\/","og_site_name":"Bed Bug Foundation","article_modified_time":"2020-02-25T16:09:10+00:00","og_image":[{"url":"http:\/\/bedbugfoundation.org\/wp-content\/uploads\/2012\/12\/Life-Cyle-of-the-Bedbug.png","type":"","width":"","height":""}],"twitter_card":"summary_large_image","twitter_misc":{"Gesch\u00e4tzte Lesezeit":"1\u00a0Minute"},"schema":{"@context":"https:\/\/schema.org","@graph":[{"@type":"WebPage","@id":"https:\/\/www.bedbugfoundation.org\/sv\/bed-bug-biology\/life-cycle\/","url":"https:\/\/www.bedbugfoundation.org\/sv\/bed-bug-biology\/life-cycle\/","name":"Lebenszyklus - Stiftung Bettwanzen","isPartOf":{"@id":"https:\/\/www.bedbugfoundation.org\/#website"},"primaryImageOfPage":{"@id":"https:\/\/www.bedbugfoundation.org\/sv\/bed-bug-biology\/life-cycle\/#primaryimage"},"image":{"@id":"https:\/\/www.bedbugfoundation.org\/sv\/bed-bug-biology\/life-cycle\/#primaryimage"},"thumbnailUrl":"http:\/\/bedbugfoundation.org\/wp-content\/uploads\/2012\/12\/Life-Cyle-of-the-Bedbug.png","datePublished":"2012-12-21T17:02:13+00:00","dateModified":"2020-02-25T16:09:10+00:00","breadcrumb":{"@id":"https:\/\/www.bedbugfoundation.org\/sv\/bed-bug-biology\/life-cycle\/#breadcrumb"},"inLanguage":"de","potentialAction":[{"@type":"ReadAction","target":["https:\/\/www.bedbugfoundation.org\/sv\/bed-bug-biology\/life-cycle\/"]}]},{"@type":"ImageObject","inLanguage":"de","@id":"https:\/\/www.bedbugfoundation.org\/sv\/bed-bug-biology\/life-cycle\/#primaryimage","url":"http:\/\/bedbugfoundation.org\/wp-content\/uploads\/2012\/12\/Life-Cyle-of-the-Bedbug.png","contentUrl":"http:\/\/bedbugfoundation.org\/wp-content\/uploads\/2012\/12\/Life-Cyle-of-the-Bedbug.png"},{"@type":"BreadcrumbList","@id":"https:\/\/www.bedbugfoundation.org\/sv\/bed-bug-biology\/life-cycle\/#breadcrumb","itemListElement":[{"@type":"ListItem","position":1,"name":"Home","item":"https:\/\/www.bedbugfoundation.org\/"},{"@type":"ListItem","position":2,"name":"Bed Bug Biology","item":"https:\/\/www.bedbugfoundation.org\/bed-bug-biology\/"},{"@type":"ListItem","position":3,"name":"Life Cycle"}]},{"@type":"WebSite","@id":"https:\/\/www.bedbugfoundation.org\/#website","url":"https:\/\/www.bedbugfoundation.org\/","name":"Bettwanzen-Stiftung","description":"Startseite des Europ\u00e4ischen Verhaltenskodex f\u00fcr Bettwanzenmanagement","potentialAction":[{"@type":"SearchAction","target":{"@type":"EntryPoint","urlTemplate":"https:\/\/www.bedbugfoundation.org\/?s={search_term_string}"},"query-input":{"@type":"PropertyValueSpecification","valueRequired":true,"valueName":"search_term_string"}}],"inLanguage":"de"}]}},"_links":{"self":[{"href":"https:\/\/www.bedbugfoundation.org\/de\/wp-json\/wp\/v2\/pages\/208","targetHints":{"allow":["GET"]}}],"collection":[{"href":"https:\/\/www.bedbugfoundation.org\/de\/wp-json\/wp\/v2\/pages"}],"about":[{"href":"https:\/\/www.bedbugfoundation.org\/de\/wp-json\/wp\/v2\/types\/page"}],"author":[{"embeddable":true,"href":"https:\/\/www.bedbugfoundation.org\/de\/wp-json\/wp\/v2\/users\/1"}],"replies":[{"embeddable":true,"href":"https:\/\/www.bedbugfoundation.org\/de\/wp-json\/wp\/v2\/comments?post=208"}],"version-history":[{"count":14,"href":"https:\/\/www.bedbugfoundation.org\/de\/wp-json\/wp\/v2\/pages\/208\/revisions"}],"predecessor-version":[{"id":6182,"href":"https:\/\/www.bedbugfoundation.org\/de\/wp-json\/wp\/v2\/pages\/208\/revisions\/6182"}],"up":[{"embeddable":true,"href":"https:\/\/www.bedbugfoundation.org\/de\/wp-json\/wp\/v2\/pages\/216"}],"wp:attachment":[{"href":"https:\/\/www.bedbugfoundation.org\/de\/wp-json\/wp\/v2\/media?parent=208"}],"curies":[{"name":"wp","href":"https:\/\/api.w.org\/{rel}","templated":true}]}}