{"id":22,"date":"2012-12-20T10:50:31","date_gmt":"2012-12-20T10:50:31","guid":{"rendered":"http:\/\/bedbugfoundation.org\/?page_id=22"},"modified":"2026-03-24T09:43:43","modified_gmt":"2026-03-24T09:43:43","slug":"home","status":"publish","type":"page","link":"https:\/\/www.bedbugfoundation.org\/de\/","title":{"rendered":"Willkommen bei der Bed Bug Foundation!"},"content":{"rendered":"<p>Die Bed Bug Foundation CIC ist eine unabh\u00e4ngige, gemeinn\u00fctzige Organisation, die die <b><i>Bewusstsein f\u00fcr Bettwanzen<\/i> <\/b>durch <b><i>Kommunikation<\/i><\/b> und <b><i>Ausbildung sch\u00e4rft<\/i><\/b>. Wir bieten Informationen und Beratung f\u00fcr Hauseigent\u00fcmer und Unternehmen gleicherma\u00dfen, um das Stigma, die finanziellen Kosten und emotionalen Belastungen, die Bettwanzen mit sich bringen k\u00f6nnen, zu bek\u00e4mpfen.<\/p>\n\n\n<style type=\"text\/css\">\n#foogallery-gallery-2283 .fg-image { width: 180px; }\n#foogallery-gallery-2283 { --fg-gutter: 10px; }<\/style>\n\t\t\t<div class=\"foogallery foogallery-container foogallery-default foogallery-lightbox-foobox fg-center fg-default fg-ready fg-light fg-loading-partial fg-loaded-scale-up fg-caption-always fg-hover-fade fg-c-c\" id=\"foogallery-gallery-2283\" data-foogallery=\"{&quot;item&quot;:{&quot;showCaptionTitle&quot;:true,&quot;showCaptionDescription&quot;:false},&quot;lazy&quot;:true}\" style=\"--fg-title-line-clamp: 0; --fg-description-line-clamp: 0;\" >\n\t<div class=\"fg-item fg-type-iframe fg-idle\"><figure class=\"fg-item-inner\"><a href=\"https:\/\/www.bedbugfoundation.org\/de\/self-help\/\" data-caption-title=\"Self-help guide\" data-caption-desc=\"Self-help guide\" data-attachment-id=\"9130\" data-type=\"iframe\" class=\"fg-thumb\"><span class=\"fg-image-wrap\"><img decoding=\"async\" title=\"Selbsthilfe-Ratgeber\" width=\"180\" height=\"180\" class=\"skip-lazy fg-image\" data-src-fg=\"https:\/\/www.bedbugfoundation.org\/wp-content\/uploads\/cache\/2019\/08\/help-png\/2190814928.png\" src=\"data:image\/svg+xml,%3Csvg%20xmlns%3D%22http%3A%2F%2Fwww.w3.org%2F2000%2Fsvg%22%20width%3D%22180%22%20height%3D%22180%22%20viewBox%3D%220%200%20180%20180%22%3E%3C%2Fsvg%3E\" loading=\"eager\"><\/span><span class=\"fg-image-overlay\"><\/span><\/a><figcaption class=\"fg-caption\"><div class=\"fg-caption-inner\"><div class=\"fg-caption-title\">Selbsthilfe-Ratgeber<\/div><\/div><\/figcaption><\/figure><div class=\"fg-loader\"><\/div><\/div><div class=\"fg-item fg-type-iframe fg-idle\"><figure class=\"fg-item-inner\"><a href=\"https:\/\/bbf-k9.org\/\" data-caption-title=\"Find a bed bug team\" data-caption-desc=\"Find a bed bug team\" data-attachment-id=\"9135\" data-type=\"iframe\" class=\"fg-thumb\"><span class=\"fg-image-wrap\"><img decoding=\"async\" title=\"Finden Sie ein Bettwanzenteam\" width=\"180\" height=\"180\" class=\"skip-lazy fg-image\" data-src-fg=\"https:\/\/www.bedbugfoundation.org\/wp-content\/uploads\/cache\/2021\/11\/k9-png\/3529108085.png\" src=\"data:image\/svg+xml,%3Csvg%20xmlns%3D%22http%3A%2F%2Fwww.w3.org%2F2000%2Fsvg%22%20width%3D%22180%22%20height%3D%22180%22%20viewBox%3D%220%200%20180%20180%22%3E%3C%2Fsvg%3E\" loading=\"eager\"><\/span><span class=\"fg-image-overlay\"><\/span><\/a><figcaption class=\"fg-caption\"><div class=\"fg-caption-inner\"><div class=\"fg-caption-title\">Finden Sie ein Bettwanzenteam<\/div><\/div><\/figcaption><\/figure><div class=\"fg-loader\"><\/div><\/div><div class=\"fg-item fg-type-iframe fg-idle\"><figure class=\"fg-item-inner\"><a href=\"https:\/\/www.bedbugfoundation.org\/wp-content\/uploads\/2022\/01\/Bed-bugs-what-to-do-easy-read-v1-1.22.pdf\" data-caption-title=\"Self-help pamphlet\" data-caption-desc=\"Self-help pamphlet\" data-attachment-id=\"9253\" data-type=\"iframe\" class=\"fg-thumb\"><span class=\"fg-image-wrap\"><img decoding=\"async\" alt=\"Selbsthilfe-Brosch\u00fcre\" title=\"Selbsthilfe-Brosch\u00fcre\" width=\"180\" height=\"180\" class=\"skip-lazy fg-image\" data-src-fg=\"https:\/\/www.bedbugfoundation.org\/wp-content\/uploads\/cache\/2019\/08\/pamphlet\/914110597.png\" src=\"data:image\/svg+xml,%3Csvg%20xmlns%3D%22http%3A%2F%2Fwww.w3.org%2F2000%2Fsvg%22%20width%3D%22180%22%20height%3D%22180%22%20viewBox%3D%220%200%20180%20180%22%3E%3C%2Fsvg%3E\" loading=\"eager\"><\/span><span class=\"fg-image-overlay\"><\/span><\/a><figcaption class=\"fg-caption\"><div class=\"fg-caption-inner\"><div class=\"fg-caption-title\">Selbsthilfe-Brosch\u00fcre<\/div><\/div><\/figcaption><\/figure><div class=\"fg-loader\"><\/div><\/div><\/div>\n\n\n\n\n<div style=\"height:20px\" aria-hidden=\"true\" class=\"wp-block-spacer\"><\/div>\n\n\n\n<p>Die Bed Bug Foundation fungiert auch als Zertifizierungsstelle f\u00fcr die Bettwanzensp\u00fcrhundeindustrie in Europa. Wenn Sie die Dienste eines Bettwanzensp\u00fcrhundes in Anspruch nehmen m\u00f6chten, wenden Sie sich bitte an <a href=\"https:\/\/bbf-k9.org\/\">hier klicken<\/a> um Teams zu finden, die in Ihrer Region t\u00e4tig sind.<\/p>\n\n\n<style type=\"text\/css\">\n#foogallery-gallery-9133 .fg-image { width: 180px; }\n#foogallery-gallery-9133 { --fg-gutter: 10px; }<\/style>\n\t\t\t<div class=\"foogallery foogallery-container foogallery-default foogallery-lightbox-foobox fg-center fg-default fg-ready fg-light fg-loading-partial fg-loaded-scale-up fg-caption-always fg-hover-fade fg-c-c\" id=\"foogallery-gallery-9133\" data-foogallery=\"{&quot;item&quot;:{&quot;showCaptionTitle&quot;:true,&quot;showCaptionDescription&quot;:false},&quot;lazy&quot;:true}\" style=\"--fg-title-line-clamp: 0; --fg-description-line-clamp: 0;\" >\n\t<div class=\"fg-item fg-type-iframe fg-idle\"><figure class=\"fg-item-inner\"><a href=\"https:\/\/www.bedbugfoundation.org\/de\/help\/how-to-become-a-certified-team\/\" data-caption-title=\"How to certify a team\" data-caption-desc=\"How to certify a team\" data-attachment-id=\"9134\" data-type=\"iframe\" class=\"fg-thumb\"><span class=\"fg-image-wrap\"><img decoding=\"async\" title=\"Wie man ein Team zertifiziert\" width=\"180\" height=\"180\" class=\"skip-lazy fg-image\" data-src-fg=\"https:\/\/www.bedbugfoundation.org\/wp-content\/uploads\/cache\/2021\/11\/id-card-png\/1698371604.png\" src=\"data:image\/svg+xml,%3Csvg%20xmlns%3D%22http%3A%2F%2Fwww.w3.org%2F2000%2Fsvg%22%20width%3D%22180%22%20height%3D%22180%22%20viewBox%3D%220%200%20180%20180%22%3E%3C%2Fsvg%3E\" loading=\"eager\"><\/span><span class=\"fg-image-overlay\"><\/span><\/a><figcaption class=\"fg-caption\"><div class=\"fg-caption-inner\"><div class=\"fg-caption-title\">Wie man ein Team zertifiziert<\/div><\/div><\/figcaption><\/figure><div class=\"fg-loader\"><\/div><\/div><div class=\"fg-item fg-type-iframe fg-idle\"><figure class=\"fg-item-inner\"><a href=\"http:\/\/www.bedbugfoundation.org\/de\/bedbug-gallery\/\" data-caption-title=\"Image Gallery\" data-caption-desc=\"Image Gallery\" data-attachment-id=\"8407\" data-type=\"iframe\" class=\"fg-thumb\"><span class=\"fg-image-wrap\"><img decoding=\"async\" title=\"Bild-Galerie\" width=\"180\" height=\"180\" class=\"skip-lazy fg-image\" data-src-fg=\"https:\/\/www.bedbugfoundation.org\/wp-content\/uploads\/cache\/2016\/07\/1452134788\/3560522783.jpg\" src=\"data:image\/svg+xml,%3Csvg%20xmlns%3D%22http%3A%2F%2Fwww.w3.org%2F2000%2Fsvg%22%20width%3D%22180%22%20height%3D%22180%22%20viewBox%3D%220%200%20180%20180%22%3E%3C%2Fsvg%3E\" loading=\"eager\"><\/span><span class=\"fg-image-overlay\"><\/span><\/a><figcaption class=\"fg-caption\"><div class=\"fg-caption-inner\"><div class=\"fg-caption-title\">Bild-Galerie<\/div><\/div><\/figcaption><\/figure><div class=\"fg-loader\"><\/div><\/div><div class=\"fg-item fg-type-iframe fg-idle\"><figure class=\"fg-item-inner\"><a href=\"https:\/\/www.bedbugfoundation.org\/de\/bbf-approved-training-schools\/\" data-caption-title=\"BBF training schools\" data-attachment-id=\"9189\" data-type=\"iframe\" class=\"fg-thumb\"><span class=\"fg-image-wrap\"><img decoding=\"async\" title=\"BBF-Schulen\" width=\"180\" height=\"180\" class=\"skip-lazy fg-image\" data-src-fg=\"https:\/\/www.bedbugfoundation.org\/wp-content\/uploads\/cache\/2021\/11\/companies-1\/163386146.png\" src=\"data:image\/svg+xml,%3Csvg%20xmlns%3D%22http%3A%2F%2Fwww.w3.org%2F2000%2Fsvg%22%20width%3D%22180%22%20height%3D%22180%22%20viewBox%3D%220%200%20180%20180%22%3E%3C%2Fsvg%3E\" loading=\"eager\"><\/span><span class=\"fg-image-overlay\"><\/span><\/a><figcaption class=\"fg-caption\"><div class=\"fg-caption-inner\"><div class=\"fg-caption-title\">BBF-Schulen<\/div><\/div><\/figcaption><\/figure><div class=\"fg-loader\"><\/div><\/div><\/div>\n\n\n\n\n<div style=\"height:20px\" aria-hidden=\"true\" class=\"wp-block-spacer\"><\/div>\n\n\n\n<p>Wenn Sie ein Exemplar gefunden haben und m\u00f6chten, dass wir es uns ansehen, nutzen Sie bitte unseren kostenlosen <a href=\"https:\/\/www.bedbugfoundation.org\/de\/specimen-identification-service\/\">Proben-Identifikationsservice<\/a>.<\/p>\n\n\n\n<div class=\"wp-block-buttons is-content-justification-center is-layout-flex wp-container-core-buttons-is-layout-16018d1d wp-block-buttons-is-layout-flex\">\n<div class=\"wp-block-button is-style-outline is-style-outline--1\"><a class=\"wp-block-button__link wp-element-button\" href=\"https:\/\/www.bedbugfoundation.org\/de\/bed-bug-media\/\">Bed Bug Media<\/a><\/div>\n<\/div>\n\n\n\n<div style=\"height:20px\" aria-hidden=\"true\" class=\"wp-block-spacer\"><\/div>","protected":false},"excerpt":{"rendered":"<p>Bed Bug Foundation CIC is an independent not-for-profit organisation that raises bed bug awareness through communication and education. We provide information and advice to home-owners and businesses alike, to help combat the stigma, financial and emotional cost that bed bugs &hellip; <a href=\"https:\/\/www.bedbugfoundation.org\/de\/\">Weiterlesen <span class=\"meta-nav\">\u2192<\/span><\/a><\/p>","protected":false},"author":1,"featured_media":0,"parent":0,"menu_order":0,"comment_status":"closed","ping_status":"closed","template":"showcase.php","meta":{"_bbp_topic_count":0,"_bbp_reply_count":0,"_bbp_total_topic_count":0,"_bbp_total_reply_count":0,"_bbp_voice_count":0,"_bbp_anonymous_reply_count":0,"_bbp_topic_count_hidden":0,"_bbp_reply_count_hidden":0,"_bbp_forum_subforum_count":0,"footnotes":""},"class_list":["post-22","page","type-page","status-publish","hentry"],"yoast_head":"<!-- This site is optimized with the Yoast SEO plugin v27.3 - https:\/\/yoast.com\/product\/yoast-seo-wordpress\/ -->\n<title>Welcome to the Bed Bug Foundation! - Bed Bug Foundation<\/title>\n<meta name=\"description\" content=\"Bed Bug Foundation CIC is a not-for-profit, which advises home-owners and businesses in the management of bed bug infestations.\" \/>\n<meta name=\"robots\" content=\"index, follow, max-snippet:-1, max-image-preview:large, max-video-preview:-1\" \/>\n<link rel=\"canonical\" href=\"https:\/\/www.bedbugfoundation.org\/de\/\" \/>\n<meta property=\"og:locale\" content=\"de_DE\" \/>\n<meta property=\"og:type\" content=\"article\" \/>\n<meta property=\"og:title\" content=\"Welcome to the Bed Bug Foundation! - Bed Bug Foundation\" \/>\n<meta property=\"og:description\" content=\"Bed Bug Foundation CIC is a not-for-profit, which advises home-owners and businesses in the management of bed bug infestations.\" \/>\n<meta property=\"og:url\" content=\"https:\/\/www.bedbugfoundation.org\/de\/\" \/>\n<meta property=\"og:site_name\" content=\"Bed Bug Foundation\" \/>\n<meta property=\"article:modified_time\" content=\"2026-03-24T09:43:43+00:00\" \/>\n<meta name=\"twitter:card\" content=\"summary_large_image\" \/>\n<meta name=\"twitter:label1\" content=\"Gesch\u00e4tzte Lesezeit\" \/>\n\t<meta name=\"twitter:data1\" content=\"1\u00a0Minute\" \/>\n<script type=\"application\/ld+json\" class=\"yoast-schema-graph\">{\"@context\":\"https:\\\/\\\/schema.org\",\"@graph\":[{\"@type\":\"WebPage\",\"@id\":\"https:\\\/\\\/www.bedbugfoundation.org\\\/\",\"url\":\"https:\\\/\\\/www.bedbugfoundation.org\\\/\",\"name\":\"Welcome to the Bed Bug Foundation! - Bed Bug Foundation\",\"isPartOf\":{\"@id\":\"https:\\\/\\\/www.bedbugfoundation.org\\\/#website\"},\"datePublished\":\"2012-12-20T10:50:31+00:00\",\"dateModified\":\"2026-03-24T09:43:43+00:00\",\"description\":\"Bed Bug Foundation CIC is a not-for-profit, which advises home-owners and businesses in the management of bed bug infestations.\",\"breadcrumb\":{\"@id\":\"https:\\\/\\\/www.bedbugfoundation.org\\\/#breadcrumb\"},\"inLanguage\":\"de\",\"potentialAction\":[{\"@type\":\"ReadAction\",\"target\":[\"https:\\\/\\\/www.bedbugfoundation.org\\\/\"]}]},{\"@type\":\"BreadcrumbList\",\"@id\":\"https:\\\/\\\/www.bedbugfoundation.org\\\/#breadcrumb\",\"itemListElement\":[{\"@type\":\"ListItem\",\"position\":1,\"name\":\"Home\",\"item\":\"https:\\\/\\\/www.bedbugfoundation.org\\\/\"},{\"@type\":\"ListItem\",\"position\":2,\"name\":\"Welcome to the Bed Bug Foundation!\"}]},{\"@type\":\"WebSite\",\"@id\":\"https:\\\/\\\/www.bedbugfoundation.org\\\/#website\",\"url\":\"https:\\\/\\\/www.bedbugfoundation.org\\\/\",\"name\":\"Bed Bug Foundation\",\"description\":\"Home of the European Code of Practice for Bed Bug Management\",\"potentialAction\":[{\"@type\":\"SearchAction\",\"target\":{\"@type\":\"EntryPoint\",\"urlTemplate\":\"https:\\\/\\\/www.bedbugfoundation.org\\\/?s={search_term_string}\"},\"query-input\":{\"@type\":\"PropertyValueSpecification\",\"valueRequired\":true,\"valueName\":\"search_term_string\"}}],\"inLanguage\":\"de\"}]}<\/script>\n<!-- \/ Yoast SEO plugin. -->","yoast_head_json":{"title":"Willkommen bei der Stiftung f\u00fcr Bettwanzen! - Stiftung f\u00fcr Bettwanzen","description":"Die Bed Bug Foundation CIC ist eine gemeinn\u00fctzige Organisation, die Hausbesitzer und Unternehmen bei der Bek\u00e4mpfung von Bettwanzenbefall ber\u00e4t.","robots":{"index":"index","follow":"follow","max-snippet":"max-snippet:-1","max-image-preview":"max-image-preview:large","max-video-preview":"max-video-preview:-1"},"canonical":"https:\/\/www.bedbugfoundation.org\/de\/","og_locale":"de_DE","og_type":"article","og_title":"Welcome to the Bed Bug Foundation! - Bed Bug Foundation","og_description":"Bed Bug Foundation CIC is a not-for-profit, which advises home-owners and businesses in the management of bed bug infestations.","og_url":"https:\/\/www.bedbugfoundation.org\/de\/","og_site_name":"Bed Bug Foundation","article_modified_time":"2026-03-24T09:43:43+00:00","twitter_card":"summary_large_image","twitter_misc":{"Gesch\u00e4tzte Lesezeit":"1\u00a0Minute"},"schema":{"@context":"https:\/\/schema.org","@graph":[{"@type":"WebPage","@id":"https:\/\/www.bedbugfoundation.org\/","url":"https:\/\/www.bedbugfoundation.org\/","name":"Willkommen bei der Stiftung f\u00fcr Bettwanzen! - Stiftung f\u00fcr Bettwanzen","isPartOf":{"@id":"https:\/\/www.bedbugfoundation.org\/#website"},"datePublished":"2012-12-20T10:50:31+00:00","dateModified":"2026-03-24T09:43:43+00:00","description":"Die Bed Bug Foundation CIC ist eine gemeinn\u00fctzige Organisation, die Hausbesitzer und Unternehmen bei der Bek\u00e4mpfung von Bettwanzenbefall ber\u00e4t.","breadcrumb":{"@id":"https:\/\/www.bedbugfoundation.org\/#breadcrumb"},"inLanguage":"de","potentialAction":[{"@type":"ReadAction","target":["https:\/\/www.bedbugfoundation.org\/"]}]},{"@type":"BreadcrumbList","@id":"https:\/\/www.bedbugfoundation.org\/#breadcrumb","itemListElement":[{"@type":"ListItem","position":1,"name":"Home","item":"https:\/\/www.bedbugfoundation.org\/"},{"@type":"ListItem","position":2,"name":"Welcome to the Bed Bug Foundation!"}]},{"@type":"WebSite","@id":"https:\/\/www.bedbugfoundation.org\/#website","url":"https:\/\/www.bedbugfoundation.org\/","name":"Bettwanzen-Stiftung","description":"Startseite des Europ\u00e4ischen Verhaltenskodex f\u00fcr Bettwanzenmanagement","potentialAction":[{"@type":"SearchAction","target":{"@type":"EntryPoint","urlTemplate":"https:\/\/www.bedbugfoundation.org\/?s={search_term_string}"},"query-input":{"@type":"PropertyValueSpecification","valueRequired":true,"valueName":"search_term_string"}}],"inLanguage":"de"}]}},"_links":{"self":[{"href":"https:\/\/www.bedbugfoundation.org\/de\/wp-json\/wp\/v2\/pages\/22","targetHints":{"allow":["GET"]}}],"collection":[{"href":"https:\/\/www.bedbugfoundation.org\/de\/wp-json\/wp\/v2\/pages"}],"about":[{"href":"https:\/\/www.bedbugfoundation.org\/de\/wp-json\/wp\/v2\/types\/page"}],"author":[{"embeddable":true,"href":"https:\/\/www.bedbugfoundation.org\/de\/wp-json\/wp\/v2\/users\/1"}],"replies":[{"embeddable":true,"href":"https:\/\/www.bedbugfoundation.org\/de\/wp-json\/wp\/v2\/comments?post=22"}],"version-history":[{"count":127,"href":"https:\/\/www.bedbugfoundation.org\/de\/wp-json\/wp\/v2\/pages\/22\/revisions"}],"predecessor-version":[{"id":10749,"href":"https:\/\/www.bedbugfoundation.org\/de\/wp-json\/wp\/v2\/pages\/22\/revisions\/10749"}],"wp:attachment":[{"href":"https:\/\/www.bedbugfoundation.org\/de\/wp-json\/wp\/v2\/media?parent=22"}],"curies":[{"name":"wp","href":"https:\/\/api.w.org\/{rel}","templated":true}]}}