{"id":222,"date":"2012-12-21T17:43:57","date_gmt":"2012-12-21T17:43:57","guid":{"rendered":"http:\/\/bedbugfoundation.org\/?page_id=222"},"modified":"2020-02-25T16:10:23","modified_gmt":"2020-02-25T16:10:23","slug":"identification","status":"publish","type":"page","link":"https:\/\/www.bedbugfoundation.org\/de\/bed-bug-biology\/identification\/","title":{"rendered":"Identifikation"},"content":{"rendered":"<p><strong>Lebenszyklen<\/strong><\/p>\n<p>Da Bettwanzen kein Larvenstadium haben, sind diese Merkmale in allen Stadien des Lebenszyklus sichtbar (au\u00dfer im Ei).<\/p>\n<p><a href=\"http:\/\/bedbugfoundation.org\/wp-content\/uploads\/2012\/12\/Screen-Shot-2012-12-21-at-17.48.02.png\"><img loading=\"lazy\" decoding=\"async\" class=\"alignnone size-full wp-image-226\" src=\"http:\/\/bedbugfoundation.org\/wp-content\/uploads\/2012\/12\/Screen-Shot-2012-12-21-at-17.48.02.png\" alt=\"Bildschirmfoto 2012-12-21 um 17.48.02\" width=\"683\" height=\"300\" srcset=\"https:\/\/www.bedbugfoundation.org\/wp-content\/uploads\/2012\/12\/Screen-Shot-2012-12-21-at-17.48.02.png 849w, https:\/\/www.bedbugfoundation.org\/wp-content\/uploads\/2012\/12\/Screen-Shot-2012-12-21-at-17.48.02-300x131.png 300w\" sizes=\"auto, (max-width: 683px) 100vw, 683px\" \/><\/a><\/p>\n<p><strong>Eier<\/strong><\/p>\n<p>Die Eier von Bettwanzen sind klein (ca. 1,2 mm lang), aber (mit Erfahrung) leicht von denen anderer Haushaltsinsekten zu unterscheiden.<\/p>\n<p>In der Vergr\u00f6\u00dferung k\u00f6nnen geschl\u00fcpfte und lebensf\u00e4hige Eier leicht unterschieden werden. Lebensf\u00e4hige Eizellen sind perlfarben und in den sp\u00e4teren Entwicklungsstadien ist der Augenfleck des sich entwickelnden Embryos durch die Eischale sichtbar. Bereits geschl\u00fcpfte Eier sind an der fehlenden Endkappe und an  ihrem durchsichtigen Aussehen zu erkennen.<\/p>\n<p><a href=\"http:\/\/bedbugfoundation.org\/wp-content\/uploads\/2012\/12\/Screen-Shot-2012-12-21-at-17.52.01.png\"><img loading=\"lazy\" decoding=\"async\" class=\"alignnone size-full wp-image-227\" src=\"http:\/\/bedbugfoundation.org\/wp-content\/uploads\/2012\/12\/Screen-Shot-2012-12-21-at-17.52.01.png\" alt=\"Bildschirmfoto 2012-12-21 um 17.52.01\" width=\"594\" height=\"511\" srcset=\"https:\/\/www.bedbugfoundation.org\/wp-content\/uploads\/2012\/12\/Screen-Shot-2012-12-21-at-17.52.01.png 594w, https:\/\/www.bedbugfoundation.org\/wp-content\/uploads\/2012\/12\/Screen-Shot-2012-12-21-at-17.52.01-300x258.png 300w\" sizes=\"auto, (max-width: 594px) 100vw, 594px\" \/><\/a><\/p>\n<p><strong>H\u00e4utungsh\u00fcllen<\/strong><\/p>\n<p><a href=\"http:\/\/bedbugfoundation.org\/wp-content\/uploads\/2012\/12\/Screen-Shot-2012-12-21-at-17.55.36.png\"><img loading=\"lazy\" decoding=\"async\" class=\"alignnone size-full wp-image-228\" src=\"http:\/\/bedbugfoundation.org\/wp-content\/uploads\/2012\/12\/Screen-Shot-2012-12-21-at-17.55.36.png\" alt=\"Bildschirmfoto 2012-12-21 um 17.55.36\" width=\"643\" height=\"197\" srcset=\"https:\/\/www.bedbugfoundation.org\/wp-content\/uploads\/2012\/12\/Screen-Shot-2012-12-21-at-17.55.36.png 961w, https:\/\/www.bedbugfoundation.org\/wp-content\/uploads\/2012\/12\/Screen-Shot-2012-12-21-at-17.55.36-300x92.png 300w\" sizes=\"auto, (max-width: 643px) 100vw, 643px\" \/><\/a><\/p>\n<p>Mit Erfahrung sind die H\u00e4utungsreste von Bettwanzen leicht von denen anderer Insekten zu unterscheiden. Sie k\u00f6nnen jedoch lange erhalten bleiben und k\u00f6nnen daher nicht zur Unterscheidung von aktivem und vergangenem Befall verwendet werden.<\/p>\n<p><strong>Kotflecken<\/strong><\/p>\n<p>Bettwanzen beginnen mit der Produktion von dunklem, w\u00e4ssrigem Kotmaterial, sobald sie sich ern\u00e4hrt haben. Diese Kotflecken sind oft eines der ersten Anzeichen f\u00fcr einen Befall. Schwarze, tinten\u00e4hnliche Flecken auf den Laken, der Matratze oder dem Bettrahmen sind eines der erkennbarsten Anzeichen f\u00fcr Bettwanzen. Allerdings k\u00f6nnen sehr \u00e4hnliche Flecken auch von Spinnen, Fliegen und Schaben verursacht werden, so dass die Stelle ein wichtiger Faktor bei der Unterscheidung der beiden sein kann. Flecken, die hoch an den W\u00e4nden, an der Decke oder auf Leuchten zu finden sind, werden mit gro\u00dfer Wahrscheinlichkeit von Fliegen verursacht. Blutidentifizierungskits haben sich als vielversprechend erwiesen, um das Kotmaterial von blutfressenden Insekten, wie Bettwanzen, von dem anderer wirbelloser Haustiere zu unterscheiden.<\/p>\n<p>Kotflecken k\u00f6nnen von schwarz bis braun variieren, je nach den relativen Anteilen von verdautem Blut und Harns\u00e4ure. Das Aussehen der Kotpunkte wird auch durch die Saugf\u00e4higkeit des Untergrundes beeinflusst, auf dem sie abgeschieden werden. Kotflecken, die sich auf saugf\u00e4higen Oberfl\u00e4chen wie Bettw\u00e4sche ablagern, werden in die Fasern eingelagert und \u00e4hneln schwarzer Tinte. Kotflecken, die auf nicht saugf\u00e4higen Oberfl\u00e4chen wie lackiertem Holz abgelegt wurden, trocken oft zu einem dunklen erh\u00f6hten Fleck.<\/p>\n<p><a href=\"http:\/\/bedbugfoundation.org\/wp-content\/uploads\/2012\/12\/Screen-Shot-2012-12-21-at-17.58.48.png\"><img loading=\"lazy\" decoding=\"async\" class=\"alignnone size-full wp-image-230\" src=\"http:\/\/bedbugfoundation.org\/wp-content\/uploads\/2012\/12\/Screen-Shot-2012-12-21-at-17.58.48.png\" alt=\"Bildschirmfoto 2012-12-21 um 17.58.48\" width=\"473\" height=\"499\" srcset=\"https:\/\/www.bedbugfoundation.org\/wp-content\/uploads\/2012\/12\/Screen-Shot-2012-12-21-at-17.58.48.png 473w, https:\/\/www.bedbugfoundation.org\/wp-content\/uploads\/2012\/12\/Screen-Shot-2012-12-21-at-17.58.48-300x316.png 300w, https:\/\/www.bedbugfoundation.org\/wp-content\/uploads\/2012\/12\/Screen-Shot-2012-12-21-at-17.58.48-284x300.png 284w\" sizes=\"auto, (max-width: 473px) 100vw, 473px\" \/><\/a><\/p>\n<p><a href=\"http:\/\/bedbugfoundation.org\/wp-content\/uploads\/2012\/12\/Screen-Shot-2012-12-21-at-17.59.05.png\"><img loading=\"lazy\" decoding=\"async\" class=\"alignnone size-medium wp-image-229\" title=\"Kotflecken von Bettwanzen und Fliegen auf der Tapete.\" src=\"http:\/\/bedbugfoundation.org\/wp-content\/uploads\/2012\/12\/Screen-Shot-2012-12-21-at-17.59.05-300x199.png\" alt=\"Bildschirmfoto 2012-12-21 um 17.59.05\" width=\"333\" height=\"221\" srcset=\"https:\/\/www.bedbugfoundation.org\/wp-content\/uploads\/2012\/12\/Screen-Shot-2012-12-21-at-17.59.05-300x199.png 300w, https:\/\/www.bedbugfoundation.org\/wp-content\/uploads\/2012\/12\/Screen-Shot-2012-12-21-at-17.59.05.png 564w\" sizes=\"auto, (max-width: 333px) 100vw, 333px\" \/><\/a><\/p>\n<p><strong>Bisse<\/strong><\/p>\n<p>Bettwanzen ern\u00e4hren sich auf freiliegender Haut und ziehen es oft vor, nicht auf den Wirt zu klettern, w\u00e4hrend sie fressen. Dies kann dazu f\u00fchren, dass Bisse reihenweise auftreten, da sie sich auf der Suche nach einer geeigneten Stelle am Rand der freiliegenden Haut entlang bewegen.<\/p>\n<p>Bisse sollten nie als schl\u00fcssiges Zeichen f\u00fcr einen Bettwanzenbefall angesehen werden, da sie auch von einer Reihe anderer Insekten wie M\u00fccken, Stechm\u00fccken, Fl\u00f6hen und L\u00e4usen verursacht werden k\u00f6nnen. \u00c4hnliche Reaktionen k\u00f6nnen auch durch Kr\u00e4tzemilben und eine Vielzahl von Allergenen verursacht werden.<\/p>\n<p>Die Reaktionen auf Bettwanzenbisse sind von Mensch zu Mensch sehr unterschiedlich. Einige haben \u00fcberhaupt keine Reaktion, w\u00e4hrend andere starke, blasenbildende Reaktionen haben. Schwerwiegendere (anaphylaktische) systemische Reaktionen sind selten, wurden aber schon berichtet.<\/p>\n<p><a href=\"http:\/\/bedbugfoundation.org\/wp-content\/uploads\/2012\/12\/bedbug-bites.png\"><img loading=\"lazy\" decoding=\"async\" class=\"alignnone size-full wp-image-238\" src=\"http:\/\/bedbugfoundation.org\/wp-content\/uploads\/2012\/12\/bedbug-bites.png\" alt=\"Bettwanzenstiche\" width=\"429\" height=\"167\" srcset=\"https:\/\/www.bedbugfoundation.org\/wp-content\/uploads\/2012\/12\/bedbug-bites.png 972w, https:\/\/www.bedbugfoundation.org\/wp-content\/uploads\/2012\/12\/bedbug-bites-300x116.png 300w\" sizes=\"auto, (max-width: 429px) 100vw, 429px\" \/><\/a><\/p>\n<p>Die Hautreaktion auf einen Bettwanzenbiss kann sich um bis zu zwei Wochen verz\u00f6gern, insbesondere wenn der Betroffene zum ersten Mal gebissen wurde. Folglich kann es, wenn die Person k\u00fcrzlich auf Reisen war, schwierig sein, genau festzustellen, wo und wann die Bisse aufgetreten sind. Dies kann zu der falschen Annahme f\u00fchren, dass sie Bettwanzen mit nach Hause gebracht haben oder alternativ zu Verz\u00f6gerungen bei der Erkennung eines Befalls f\u00fchren.<\/p>\n<p>Bettwanzen ern\u00e4hren sich in der Regel nachts. Sie sind jedoch sehr anpassungsf\u00e4hig und passen ihren Ern\u00e4hrungszyklus an die t\u00e4glichen Bewegungen des Wirts an. St\u00fchle und Sofas werden oft in Situationen befallen, in denen der Bewohner den gr\u00f6\u00dften Teil des Tages sitzend an einem Ort verbringt. In solchen Situationen sind Bettwanzen gezwungen, sich tags\u00fcber zu ern\u00e4hren, w\u00e4hrend der Wirt anwesend ist.<\/p>","protected":false},"excerpt":{"rendered":"<p>Live Stages As bed bugs do not have a larval stage, these features are visible at all stages of the lifecycle (except the egg). Eggs The eggs of bed bugs are small (ca. 1.2 mm long), but easily distinguishable (with &hellip; <a href=\"https:\/\/www.bedbugfoundation.org\/de\/bed-bug-biology\/identification\/\">Weiterlesen <span class=\"meta-nav\">\u2192<\/span><\/a><\/p>","protected":false},"author":1,"featured_media":0,"parent":216,"menu_order":0,"comment_status":"closed","ping_status":"closed","template":"","meta":{"_bbp_topic_count":0,"_bbp_reply_count":0,"_bbp_total_topic_count":0,"_bbp_total_reply_count":0,"_bbp_voice_count":0,"_bbp_anonymous_reply_count":0,"_bbp_topic_count_hidden":0,"_bbp_reply_count_hidden":0,"_bbp_forum_subforum_count":0,"footnotes":""},"class_list":["post-222","page","type-page","status-publish","hentry"],"yoast_head":"<!-- This site is optimized with the Yoast SEO plugin v27.4 - https:\/\/yoast.com\/product\/yoast-seo-wordpress\/ -->\n<title>Identification - Bed Bug Foundation<\/title>\n<meta name=\"robots\" content=\"index, follow, max-snippet:-1, max-image-preview:large, max-video-preview:-1\" \/>\n<link rel=\"canonical\" href=\"https:\/\/www.bedbugfoundation.org\/de\/bed-bug-biology\/identification\/\" \/>\n<meta property=\"og:locale\" content=\"de_DE\" \/>\n<meta property=\"og:type\" content=\"article\" \/>\n<meta property=\"og:title\" content=\"Identification - Bed Bug Foundation\" \/>\n<meta property=\"og:description\" content=\"Live Stages As bed bugs do not have a larval stage, these features are visible at all stages of the lifecycle (except the egg). Eggs The eggs of bed bugs are small (ca. 1.2 mm long), but easily distinguishable (with &hellip; Weiterlesen &rarr;\" \/>\n<meta property=\"og:url\" content=\"https:\/\/www.bedbugfoundation.org\/de\/bed-bug-biology\/identification\/\" \/>\n<meta property=\"og:site_name\" content=\"Bed Bug Foundation\" \/>\n<meta property=\"article:modified_time\" content=\"2020-02-25T16:10:23+00:00\" \/>\n<meta property=\"og:image\" content=\"http:\/\/bedbugfoundation.org\/wp-content\/uploads\/2012\/12\/Screen-Shot-2012-12-21-at-17.48.02.png\" \/>\n<meta name=\"twitter:card\" content=\"summary_large_image\" \/>\n<meta name=\"twitter:label1\" content=\"Gesch\u00e4tzte Lesezeit\" \/>\n\t<meta name=\"twitter:data1\" content=\"3\u00a0Minuten\" \/>\n<script type=\"application\/ld+json\" class=\"yoast-schema-graph\">{\"@context\":\"https:\\\/\\\/schema.org\",\"@graph\":[{\"@type\":\"WebPage\",\"@id\":\"https:\\\/\\\/www.bedbugfoundation.org\\\/sv\\\/bed-bug-biology\\\/identification\\\/\",\"url\":\"https:\\\/\\\/www.bedbugfoundation.org\\\/sv\\\/bed-bug-biology\\\/identification\\\/\",\"name\":\"Identification - Bed Bug Foundation\",\"isPartOf\":{\"@id\":\"https:\\\/\\\/www.bedbugfoundation.org\\\/#website\"},\"primaryImageOfPage\":{\"@id\":\"https:\\\/\\\/www.bedbugfoundation.org\\\/sv\\\/bed-bug-biology\\\/identification\\\/#primaryimage\"},\"image\":{\"@id\":\"https:\\\/\\\/www.bedbugfoundation.org\\\/sv\\\/bed-bug-biology\\\/identification\\\/#primaryimage\"},\"thumbnailUrl\":\"http:\\\/\\\/bedbugfoundation.org\\\/wp-content\\\/uploads\\\/2012\\\/12\\\/Screen-Shot-2012-12-21-at-17.48.02.png\",\"datePublished\":\"2012-12-21T17:43:57+00:00\",\"dateModified\":\"2020-02-25T16:10:23+00:00\",\"breadcrumb\":{\"@id\":\"https:\\\/\\\/www.bedbugfoundation.org\\\/sv\\\/bed-bug-biology\\\/identification\\\/#breadcrumb\"},\"inLanguage\":\"de\",\"potentialAction\":[{\"@type\":\"ReadAction\",\"target\":[\"https:\\\/\\\/www.bedbugfoundation.org\\\/sv\\\/bed-bug-biology\\\/identification\\\/\"]}]},{\"@type\":\"ImageObject\",\"inLanguage\":\"de\",\"@id\":\"https:\\\/\\\/www.bedbugfoundation.org\\\/sv\\\/bed-bug-biology\\\/identification\\\/#primaryimage\",\"url\":\"http:\\\/\\\/bedbugfoundation.org\\\/wp-content\\\/uploads\\\/2012\\\/12\\\/Screen-Shot-2012-12-21-at-17.48.02.png\",\"contentUrl\":\"http:\\\/\\\/bedbugfoundation.org\\\/wp-content\\\/uploads\\\/2012\\\/12\\\/Screen-Shot-2012-12-21-at-17.48.02.png\"},{\"@type\":\"BreadcrumbList\",\"@id\":\"https:\\\/\\\/www.bedbugfoundation.org\\\/sv\\\/bed-bug-biology\\\/identification\\\/#breadcrumb\",\"itemListElement\":[{\"@type\":\"ListItem\",\"position\":1,\"name\":\"Home\",\"item\":\"https:\\\/\\\/www.bedbugfoundation.org\\\/\"},{\"@type\":\"ListItem\",\"position\":2,\"name\":\"Bed Bug Biology\",\"item\":\"https:\\\/\\\/www.bedbugfoundation.org\\\/bed-bug-biology\\\/\"},{\"@type\":\"ListItem\",\"position\":3,\"name\":\"Identification\"}]},{\"@type\":\"WebSite\",\"@id\":\"https:\\\/\\\/www.bedbugfoundation.org\\\/#website\",\"url\":\"https:\\\/\\\/www.bedbugfoundation.org\\\/\",\"name\":\"Bed Bug Foundation\",\"description\":\"Home of the European Code of Practice for Bed Bug Management\",\"potentialAction\":[{\"@type\":\"SearchAction\",\"target\":{\"@type\":\"EntryPoint\",\"urlTemplate\":\"https:\\\/\\\/www.bedbugfoundation.org\\\/?s={search_term_string}\"},\"query-input\":{\"@type\":\"PropertyValueSpecification\",\"valueRequired\":true,\"valueName\":\"search_term_string\"}}],\"inLanguage\":\"de\"}]}<\/script>\n<!-- \/ Yoast SEO plugin. -->","yoast_head_json":{"title":"Identifizierung - Stiftung Bettwanzen","robots":{"index":"index","follow":"follow","max-snippet":"max-snippet:-1","max-image-preview":"max-image-preview:large","max-video-preview":"max-video-preview:-1"},"canonical":"https:\/\/www.bedbugfoundation.org\/de\/bed-bug-biology\/identification\/","og_locale":"de_DE","og_type":"article","og_title":"Identification - Bed Bug Foundation","og_description":"Live Stages As bed bugs do not have a larval stage, these features are visible at all stages of the lifecycle (except the egg). Eggs The eggs of bed bugs are small (ca. 1.2 mm long), but easily distinguishable (with &hellip; Weiterlesen &rarr;","og_url":"https:\/\/www.bedbugfoundation.org\/de\/bed-bug-biology\/identification\/","og_site_name":"Bed Bug Foundation","article_modified_time":"2020-02-25T16:10:23+00:00","og_image":[{"url":"http:\/\/bedbugfoundation.org\/wp-content\/uploads\/2012\/12\/Screen-Shot-2012-12-21-at-17.48.02.png","type":"","width":"","height":""}],"twitter_card":"summary_large_image","twitter_misc":{"Gesch\u00e4tzte Lesezeit":"3\u00a0Minuten"},"schema":{"@context":"https:\/\/schema.org","@graph":[{"@type":"WebPage","@id":"https:\/\/www.bedbugfoundation.org\/sv\/bed-bug-biology\/identification\/","url":"https:\/\/www.bedbugfoundation.org\/sv\/bed-bug-biology\/identification\/","name":"Identifizierung - Stiftung Bettwanzen","isPartOf":{"@id":"https:\/\/www.bedbugfoundation.org\/#website"},"primaryImageOfPage":{"@id":"https:\/\/www.bedbugfoundation.org\/sv\/bed-bug-biology\/identification\/#primaryimage"},"image":{"@id":"https:\/\/www.bedbugfoundation.org\/sv\/bed-bug-biology\/identification\/#primaryimage"},"thumbnailUrl":"http:\/\/bedbugfoundation.org\/wp-content\/uploads\/2012\/12\/Screen-Shot-2012-12-21-at-17.48.02.png","datePublished":"2012-12-21T17:43:57+00:00","dateModified":"2020-02-25T16:10:23+00:00","breadcrumb":{"@id":"https:\/\/www.bedbugfoundation.org\/sv\/bed-bug-biology\/identification\/#breadcrumb"},"inLanguage":"de","potentialAction":[{"@type":"ReadAction","target":["https:\/\/www.bedbugfoundation.org\/sv\/bed-bug-biology\/identification\/"]}]},{"@type":"ImageObject","inLanguage":"de","@id":"https:\/\/www.bedbugfoundation.org\/sv\/bed-bug-biology\/identification\/#primaryimage","url":"http:\/\/bedbugfoundation.org\/wp-content\/uploads\/2012\/12\/Screen-Shot-2012-12-21-at-17.48.02.png","contentUrl":"http:\/\/bedbugfoundation.org\/wp-content\/uploads\/2012\/12\/Screen-Shot-2012-12-21-at-17.48.02.png"},{"@type":"BreadcrumbList","@id":"https:\/\/www.bedbugfoundation.org\/sv\/bed-bug-biology\/identification\/#breadcrumb","itemListElement":[{"@type":"ListItem","position":1,"name":"Home","item":"https:\/\/www.bedbugfoundation.org\/"},{"@type":"ListItem","position":2,"name":"Bed Bug Biology","item":"https:\/\/www.bedbugfoundation.org\/bed-bug-biology\/"},{"@type":"ListItem","position":3,"name":"Identification"}]},{"@type":"WebSite","@id":"https:\/\/www.bedbugfoundation.org\/#website","url":"https:\/\/www.bedbugfoundation.org\/","name":"Bettwanzen-Stiftung","description":"Startseite des Europ\u00e4ischen Verhaltenskodex f\u00fcr Bettwanzenmanagement","potentialAction":[{"@type":"SearchAction","target":{"@type":"EntryPoint","urlTemplate":"https:\/\/www.bedbugfoundation.org\/?s={search_term_string}"},"query-input":{"@type":"PropertyValueSpecification","valueRequired":true,"valueName":"search_term_string"}}],"inLanguage":"de"}]}},"_links":{"self":[{"href":"https:\/\/www.bedbugfoundation.org\/de\/wp-json\/wp\/v2\/pages\/222","targetHints":{"allow":["GET"]}}],"collection":[{"href":"https:\/\/www.bedbugfoundation.org\/de\/wp-json\/wp\/v2\/pages"}],"about":[{"href":"https:\/\/www.bedbugfoundation.org\/de\/wp-json\/wp\/v2\/types\/page"}],"author":[{"embeddable":true,"href":"https:\/\/www.bedbugfoundation.org\/de\/wp-json\/wp\/v2\/users\/1"}],"replies":[{"embeddable":true,"href":"https:\/\/www.bedbugfoundation.org\/de\/wp-json\/wp\/v2\/comments?post=222"}],"version-history":[{"count":17,"href":"https:\/\/www.bedbugfoundation.org\/de\/wp-json\/wp\/v2\/pages\/222\/revisions"}],"predecessor-version":[{"id":6183,"href":"https:\/\/www.bedbugfoundation.org\/de\/wp-json\/wp\/v2\/pages\/222\/revisions\/6183"}],"up":[{"embeddable":true,"href":"https:\/\/www.bedbugfoundation.org\/de\/wp-json\/wp\/v2\/pages\/216"}],"wp:attachment":[{"href":"https:\/\/www.bedbugfoundation.org\/de\/wp-json\/wp\/v2\/media?parent=222"}],"curies":[{"name":"wp","href":"https:\/\/api.w.org\/{rel}","templated":true}]}}