{"id":2299,"date":"2019-08-27T12:27:15","date_gmt":"2019-08-27T11:27:15","guid":{"rendered":"https:\/\/www.bedbugfoundation.org\/?page_id=2299"},"modified":"2021-02-17T11:26:20","modified_gmt":"2021-02-17T11:26:20","slug":"step-2","status":"publish","type":"page","link":"https:\/\/www.bedbugfoundation.org\/de\/self-help\/step-2\/","title":{"rendered":"Schritt 2: Entscheiden Sie, ob Sie einen Fachmann beauftragen m\u00f6chten."},"content":{"rendered":"<p>Wenn eindeutige Beweise f\u00fcr einen Bettwanzenbefall vorliegen, m\u00fcssen Sie sich nun entscheiden, ob Sie das Problem selbst angehen oder einen Fachmann hinzuziehen. Bitte beachten Sie, dass Bettwanzen bekanntlich schwer zu bek\u00e4mpfen sind. Selbst Fachleute ben\u00f6tigen oft mehrere Besuche. Es brauchen nur ein oder zwei Individuen \u00fcberleben und der Befall kann zur\u00fcckkehren. Es ist darauf zu achten, dass der Befall sich weder in Ihrer Wohnung noch auf Nachbarwohnungen ausbreitet. In der Vergangenheit hat die BBF immer empfohlen, dass Hausbesitzer die Hilfe eines Fachmanns suchen. In vielen L\u00e4ndern sind professionelle Bettwanzenbek\u00e4mpfungen jedoch inzwischen sehr teuer und die BBF versteht, dass es sich einfach nicht jeder leisten kann, so dass wir nun Selbsthilfe anbieten.<\/p>\n\n\n\n<p>Ehe Sie sich entscheiden, einen Bettwanzenbefall selbst zu bek\u00e4mpfen,  m\u00fcssen Sie unbedingt einige Faktoren ber\u00fccksichtigen.<\/p>\n\n\n\n<p><strong><em><strong><em>Wer ist verantwortlich?<\/em><\/strong><\/em><\/strong><strong>&nbsp;<\/strong>- Es liegt oft in der Verantwortung des Vermieters, daf\u00fcr zu sorgen, dass ein Raum frei von Ungeziefer ist. Die Regeln variieren von Land zu Land und es k\u00f6nnen spezifische Klauseln in Ihrem Mietvertrag enthalten sein, also \u00fcberpr\u00fcfen Sie dies, bevor Sie einen Fachmann anrufen.<\/p>\n\n\n\n<p><strong><em><strong><em>Komplexit\u00e4t der Situation<\/em><\/strong><\/em><\/strong>&nbsp;- Kleine Bef\u00e4lle sind fast immer im oder in der N\u00e4he des Bettes. In Situationen, in denen Menschen viel Zeit damit verbringen, an einem Ort zu sitzen, wie z. B. in Seniorenheimen, k\u00f6nnen auch St\u00fchle und Sofas befallen werden. Je fr\u00fcher der Befall erkannt wird, desto leichter ist er zu bek\u00e4mpfen. Wenn sich der Befall mehr und mehr etabliert, neigen Bettwanzen dazu, sich mehr in M\u00f6beln und pers\u00f6nlichen Gegenst\u00e4nden rund ums Bett und sogar in benachbarten R\u00e4umen auszubreiten. In dieser Phase steigen die Bek\u00e4mpfungskosten, aber auch der Aufwand f\u00fcr den Umgang mit dem Befall selbst.<\/p>\n\n\n\n<p><strong><em><strong><em>Woher kommen sie?<\/em><\/strong><\/em><\/strong>&nbsp;- Es ist wichtig zu \u00fcberlegen, woher die Bettwanzen kommen k\u00f6nnten. Wenn sie sich von einer benachbarten Wohnung oder einem benachbarten Geb\u00e4ude her ausbreiten, dann kann auch eine erfolgreiche Behandlung der eigenen Wohnung nur eine vor\u00fcbergehende Entlastung bringen, wenn die benachbarten Wohnungen nicht auch gleichzeitig behandelt werden. Wenn dies nicht m\u00f6glich ist, dann k\u00f6nnen die Selbsthilfeoptionen von gr\u00f6\u00dferem Wert sein, als die Kosten f\u00fcr eine professionelle Bek\u00e4mpfung.<\/p>\n\n\n\n<p><strong><em><strong><em>K\u00f6rperliche Kraft und gutes Sehverm\u00f6gen<\/em><\/strong><\/em><\/strong>&nbsp;- Um Bettwanzen zu beseitigen, ist es notwendig, die Matratze vom Bett zu heben und das Bett zu bewegen. Sie m\u00fcssen in der Lage sein, alle Bereiche des Bettes und die unmittelbare Umgebung visuell zu inspizieren. Wichtig ist auch eine relativ gute Sehkraft. Erwachsene Bettwanzen sind fast so gro\u00df wie ein Apfelkern, aber junge Nymphen sind \u00e4hnlich gro\u00df wie ein Zuckerkorn.<\/p>\n\n\n\n<p class=\"has-text-align-center\"><a href=\"https:\/\/www.bedbugfoundation.org\/de\/self-help\/step-1\/\">Vorherige<\/a> \/ <a href=\"https:\/\/www.bedbugfoundation.org\/de\/self-help\/step-3\/\">Weiter<\/a><\/p>","protected":false},"excerpt":{"rendered":"<p>If you have conclusive evidence of a bed bug infestation, you must now decide whether to tackle the problem yourself, or to call in a professional. Please be aware that bed bugs are notoriously difficult to eradicate. Even professionals often &hellip; <a href=\"https:\/\/www.bedbugfoundation.org\/de\/self-help\/step-2\/\">Weiterlesen <span class=\"meta-nav\">\u2192<\/span><\/a><\/p>","protected":false},"author":1,"featured_media":0,"parent":2285,"menu_order":1,"comment_status":"closed","ping_status":"closed","template":"","meta":{"_bbp_topic_count":0,"_bbp_reply_count":0,"_bbp_total_topic_count":0,"_bbp_total_reply_count":0,"_bbp_voice_count":0,"_bbp_anonymous_reply_count":0,"_bbp_topic_count_hidden":0,"_bbp_reply_count_hidden":0,"_bbp_forum_subforum_count":0,"footnotes":""},"class_list":["post-2299","page","type-page","status-publish","hentry"],"yoast_head":"<!-- This site is optimized with the Yoast SEO plugin v27.4 - https:\/\/yoast.com\/product\/yoast-seo-wordpress\/ -->\n<title>Step 2: Decide whether to call a professional - Bed Bug Foundation<\/title>\n<meta name=\"robots\" content=\"index, follow, max-snippet:-1, max-image-preview:large, max-video-preview:-1\" \/>\n<link rel=\"canonical\" href=\"https:\/\/www.bedbugfoundation.org\/de\/self-help\/step-2\/\" \/>\n<meta property=\"og:locale\" content=\"de_DE\" \/>\n<meta property=\"og:type\" content=\"article\" \/>\n<meta property=\"og:title\" content=\"Step 2: Decide whether to call a professional - Bed Bug Foundation\" \/>\n<meta property=\"og:description\" content=\"If you have conclusive evidence of a bed bug infestation, you must now decide whether to tackle the problem yourself, or to call in a professional. Please be aware that bed bugs are notoriously difficult to eradicate. Even professionals often &hellip; Weiterlesen &rarr;\" \/>\n<meta property=\"og:url\" content=\"https:\/\/www.bedbugfoundation.org\/de\/self-help\/step-2\/\" \/>\n<meta property=\"og:site_name\" content=\"Bed Bug Foundation\" \/>\n<meta property=\"article:modified_time\" content=\"2021-02-17T11:26:20+00:00\" \/>\n<meta name=\"twitter:card\" content=\"summary_large_image\" \/>\n<meta name=\"twitter:label1\" content=\"Gesch\u00e4tzte Lesezeit\" \/>\n\t<meta name=\"twitter:data1\" content=\"2\u00a0Minuten\" \/>\n<script type=\"application\/ld+json\" class=\"yoast-schema-graph\">{\"@context\":\"https:\\\/\\\/schema.org\",\"@graph\":[{\"@type\":\"WebPage\",\"@id\":\"https:\\\/\\\/www.bedbugfoundation.org\\\/sv\\\/self-help\\\/step-2\\\/\",\"url\":\"https:\\\/\\\/www.bedbugfoundation.org\\\/sv\\\/self-help\\\/step-2\\\/\",\"name\":\"Step 2: Decide whether to call a professional - Bed Bug Foundation\",\"isPartOf\":{\"@id\":\"https:\\\/\\\/www.bedbugfoundation.org\\\/#website\"},\"datePublished\":\"2019-08-27T11:27:15+00:00\",\"dateModified\":\"2021-02-17T11:26:20+00:00\",\"breadcrumb\":{\"@id\":\"https:\\\/\\\/www.bedbugfoundation.org\\\/sv\\\/self-help\\\/step-2\\\/#breadcrumb\"},\"inLanguage\":\"de\",\"potentialAction\":[{\"@type\":\"ReadAction\",\"target\":[\"https:\\\/\\\/www.bedbugfoundation.org\\\/sv\\\/self-help\\\/step-2\\\/\"]}]},{\"@type\":\"BreadcrumbList\",\"@id\":\"https:\\\/\\\/www.bedbugfoundation.org\\\/sv\\\/self-help\\\/step-2\\\/#breadcrumb\",\"itemListElement\":[{\"@type\":\"ListItem\",\"position\":1,\"name\":\"Home\",\"item\":\"https:\\\/\\\/www.bedbugfoundation.org\\\/\"},{\"@type\":\"ListItem\",\"position\":2,\"name\":\"Help! I think I have bed bugs!\",\"item\":\"https:\\\/\\\/www.bedbugfoundation.org\\\/self-help\\\/\"},{\"@type\":\"ListItem\",\"position\":3,\"name\":\"Step 2: Decide whether to call a professional\"}]},{\"@type\":\"WebSite\",\"@id\":\"https:\\\/\\\/www.bedbugfoundation.org\\\/#website\",\"url\":\"https:\\\/\\\/www.bedbugfoundation.org\\\/\",\"name\":\"Bed Bug Foundation\",\"description\":\"Home of the European Code of Practice for Bed Bug Management\",\"potentialAction\":[{\"@type\":\"SearchAction\",\"target\":{\"@type\":\"EntryPoint\",\"urlTemplate\":\"https:\\\/\\\/www.bedbugfoundation.org\\\/?s={search_term_string}\"},\"query-input\":{\"@type\":\"PropertyValueSpecification\",\"valueRequired\":true,\"valueName\":\"search_term_string\"}}],\"inLanguage\":\"de\"}]}<\/script>\n<!-- \/ Yoast SEO plugin. -->","yoast_head_json":{"title":"Schritt 2: Entscheiden Sie, ob Sie einen Fachmann rufen sollten - Stiftung Bettwanzen","robots":{"index":"index","follow":"follow","max-snippet":"max-snippet:-1","max-image-preview":"max-image-preview:large","max-video-preview":"max-video-preview:-1"},"canonical":"https:\/\/www.bedbugfoundation.org\/de\/self-help\/step-2\/","og_locale":"de_DE","og_type":"article","og_title":"Step 2: Decide whether to call a professional - Bed Bug Foundation","og_description":"If you have conclusive evidence of a bed bug infestation, you must now decide whether to tackle the problem yourself, or to call in a professional. Please be aware that bed bugs are notoriously difficult to eradicate. Even professionals often &hellip; Weiterlesen &rarr;","og_url":"https:\/\/www.bedbugfoundation.org\/de\/self-help\/step-2\/","og_site_name":"Bed Bug Foundation","article_modified_time":"2021-02-17T11:26:20+00:00","twitter_card":"summary_large_image","twitter_misc":{"Gesch\u00e4tzte Lesezeit":"2\u00a0Minuten"},"schema":{"@context":"https:\/\/schema.org","@graph":[{"@type":"WebPage","@id":"https:\/\/www.bedbugfoundation.org\/sv\/self-help\/step-2\/","url":"https:\/\/www.bedbugfoundation.org\/sv\/self-help\/step-2\/","name":"Schritt 2: Entscheiden Sie, ob Sie einen Fachmann rufen sollten - Stiftung Bettwanzen","isPartOf":{"@id":"https:\/\/www.bedbugfoundation.org\/#website"},"datePublished":"2019-08-27T11:27:15+00:00","dateModified":"2021-02-17T11:26:20+00:00","breadcrumb":{"@id":"https:\/\/www.bedbugfoundation.org\/sv\/self-help\/step-2\/#breadcrumb"},"inLanguage":"de","potentialAction":[{"@type":"ReadAction","target":["https:\/\/www.bedbugfoundation.org\/sv\/self-help\/step-2\/"]}]},{"@type":"BreadcrumbList","@id":"https:\/\/www.bedbugfoundation.org\/sv\/self-help\/step-2\/#breadcrumb","itemListElement":[{"@type":"ListItem","position":1,"name":"Home","item":"https:\/\/www.bedbugfoundation.org\/"},{"@type":"ListItem","position":2,"name":"Help! I think I have bed bugs!","item":"https:\/\/www.bedbugfoundation.org\/self-help\/"},{"@type":"ListItem","position":3,"name":"Step 2: Decide whether to call a professional"}]},{"@type":"WebSite","@id":"https:\/\/www.bedbugfoundation.org\/#website","url":"https:\/\/www.bedbugfoundation.org\/","name":"Bettwanzen-Stiftung","description":"Startseite des Europ\u00e4ischen Verhaltenskodex f\u00fcr Bettwanzenmanagement","potentialAction":[{"@type":"SearchAction","target":{"@type":"EntryPoint","urlTemplate":"https:\/\/www.bedbugfoundation.org\/?s={search_term_string}"},"query-input":{"@type":"PropertyValueSpecification","valueRequired":true,"valueName":"search_term_string"}}],"inLanguage":"de"}]}},"_links":{"self":[{"href":"https:\/\/www.bedbugfoundation.org\/de\/wp-json\/wp\/v2\/pages\/2299","targetHints":{"allow":["GET"]}}],"collection":[{"href":"https:\/\/www.bedbugfoundation.org\/de\/wp-json\/wp\/v2\/pages"}],"about":[{"href":"https:\/\/www.bedbugfoundation.org\/de\/wp-json\/wp\/v2\/types\/page"}],"author":[{"embeddable":true,"href":"https:\/\/www.bedbugfoundation.org\/de\/wp-json\/wp\/v2\/users\/1"}],"replies":[{"embeddable":true,"href":"https:\/\/www.bedbugfoundation.org\/de\/wp-json\/wp\/v2\/comments?post=2299"}],"version-history":[{"count":11,"href":"https:\/\/www.bedbugfoundation.org\/de\/wp-json\/wp\/v2\/pages\/2299\/revisions"}],"predecessor-version":[{"id":8482,"href":"https:\/\/www.bedbugfoundation.org\/de\/wp-json\/wp\/v2\/pages\/2299\/revisions\/8482"}],"up":[{"embeddable":true,"href":"https:\/\/www.bedbugfoundation.org\/de\/wp-json\/wp\/v2\/pages\/2285"}],"wp:attachment":[{"href":"https:\/\/www.bedbugfoundation.org\/de\/wp-json\/wp\/v2\/media?parent=2299"}],"curies":[{"name":"wp","href":"https:\/\/api.w.org\/{rel}","templated":true}]}}