{"id":2308,"date":"2019-08-27T13:16:57","date_gmt":"2019-08-27T12:16:57","guid":{"rendered":"https:\/\/www.bedbugfoundation.org\/?page_id=2308"},"modified":"2026-02-24T11:03:17","modified_gmt":"2026-02-24T11:03:17","slug":"step-3","status":"publish","type":"page","link":"https:\/\/www.bedbugfoundation.org\/de\/self-help\/step-3\/","title":{"rendered":"Schritt 3: Selbsthilfe-Empfehlungen zur Kontrolle von Bettwanzen"},"content":{"rendered":"<p>Bettwanzen verstecken sich immer bevorzugt in Gruppen, irgendwo in der N\u00e4he ihrer Nahrungsquelle. Sie suchen nach harten Rissen und Spalten an gesch\u00fctzten Stellen, meist in und um die Bettkonstruktion. Ihre Verstecke sind meist stark mit schwarzem Kot, Eiern und H\u00e4utungsresten verschmutzt.<\/p>\n\n\n\n<p><strong>Bevor Sie beginnen<\/strong><strong><\/strong><\/p>\n\n\n\n<p>Sie werden brauchen:<\/p>\n\n\n\n<ul class=\"wp-block-list\">\n<li>Schwerlastm\u00fclls\u00e4cke<\/li>\n\n\n\n<li>eine gute Taschenlampe<\/li>\n\n\n\n<li>Pinzetten\/Zangen<\/li>\n\n\n\n<li>Werkzeuge zur Demontage des Bettes<\/li>\n\n\n\n<li>Staubsauger mit Fugend\u00fcse<\/li>\n\n\n\n<li>Schutzbezug f\u00fcr die Matratze<\/li>\n\n\n\n<li>Verkleidung f\u00fcr den Bettkasten (nur Sofa \/ Kastenbetten)<\/li>\n\n\n\n<li>Silikondichtungsmittel (optional, nur f\u00fcr Rahmenbetten)<\/li>\n\n\n\n<li>desiccant dust (e.g. CimeXa or ChinChex)<\/li>\n\n\n\n<li>Bett-Isolationsvorrichtung (Bettwanzenfallen, z.B. ClimbUp Interceptor)<\/li>\n<\/ul>\n\n\n\n<p><strong>Absuche um das Bett herum<\/strong><strong><\/strong><\/p>\n\n\n\n<p>Beginnen Sie, indem Sie um das Bett herum absuchen. Legen Sie alle schwer zu pr\u00fcfenden Gegenst\u00e4nde zur sp\u00e4teren Entwesung in Abfalls\u00e4cke. In den meisten F\u00e4llen verstecken sich Bettwanzen nicht in Gegenst\u00e4nden, die mehr als zwei Meter vom Bett entfernt sind, dies h\u00e4ngt jedoch von der Schwere des Befalls ab. Eine freie Fl\u00e4che um das Bett herum erleichtert die Arbeit und macht es auch einfacher, Wanzen zu erkennen, die versuchen aufgrund der St\u00f6rung vom Bett wegzulaufen.<\/p>\n\n\n\n<p>Ein Staubsauger kann n\u00fctzlich sein, um alle entdeckten und fl\u00fcchtenden Wanzen schnell aufzusaugen, aber beachten Sie, dass sie wahrscheinlich im Inneren des Staubsaugers \u00fcberleben werden, so dass dieser sofort nach dem Gebrauch in einem Abfallbeh\u00e4lter au\u00dferhalb des Hauses entleert werden muss.<\/p>\n\n\n\n<p><strong>Entfernen Sie Bettw\u00e4sche und andere Polsterartikel.<\/strong><strong><\/strong><\/p>\n\n\n\n<p>Beginnen Sie, indem Sie die Bettw\u00e4sche vorsichtig entfernen und in M\u00fclls\u00e4cke stecken, die man oben zubindet, sp\u00e4ter wird die Bettw\u00e4sche hei\u00df gewaschen und\/oder getrocknet, um sicherzustellen, dass sie frei von lebenden Wanzen oder Eiern ist. Manchmal kann das Entfernen der Bettw\u00e4sche Wanzen aufscheuchen, die sich unter der Matratze verstecken, so dass sie weglaufen. VersuchenSie alle fl\u00fcchtenden Wanzen zu erwischen und  jedes Entweichen zu vermeiden.<\/p>\n\n\n\n<p><strong>\u00dcberpr\u00fcfen Sie die Matratze<\/strong><strong><\/strong><\/p>\n\n\n\n<p>\u00dcberpr\u00fcfen Sie sorgf\u00e4ltig die Oberseite der Matratze, w\u00e4hrend sie noch auf dem Bett liegt. Achten Sie besonders auf die Paspel am Rand der Matratze und andere Merkmale wie Etiketten und Haltegriffe. Bettwanzen quetschen sich oft gerne neben diesen.<\/p>\n\n\n\n<figure class=\"wp-block-gallery aligncenter has-nested-images columns-default is-cropped wp-block-gallery-1 is-layout-flex wp-block-gallery-is-layout-flex\">\n<figure class=\"wp-block-image size-large\"><img loading=\"lazy\" decoding=\"async\" width=\"1024\" height=\"683\" data-id=\"1989\" src=\"https:\/\/www.bedbugfoundation.org\/wp-content\/uploads\/2019\/02\/SH7W6211-1024x683.jpg\" alt=\"\" class=\"wp-image-1989\" srcset=\"https:\/\/www.bedbugfoundation.org\/wp-content\/uploads\/2019\/02\/SH7W6211-1024x683.jpg 1024w, https:\/\/www.bedbugfoundation.org\/wp-content\/uploads\/2019\/02\/SH7W6211-300x200.jpg 300w, https:\/\/www.bedbugfoundation.org\/wp-content\/uploads\/2019\/02\/SH7W6211-768x512.jpg 768w, https:\/\/www.bedbugfoundation.org\/wp-content\/uploads\/2019\/02\/SH7W6211-450x300.jpg 450w, https:\/\/www.bedbugfoundation.org\/wp-content\/uploads\/2019\/02\/SH7W6211.jpg 1500w\" sizes=\"auto, (max-width: 1024px) 100vw, 1024px\" \/><\/figure>\n\n\n\n<figure class=\"wp-block-image size-large\"><img loading=\"lazy\" decoding=\"async\" width=\"1024\" height=\"683\" data-id=\"1961\" src=\"https:\/\/www.bedbugfoundation.org\/wp-content\/uploads\/2019\/02\/bedbug-harbourage-2-1024x683.jpg\" alt=\"\" class=\"wp-image-1961\" srcset=\"https:\/\/www.bedbugfoundation.org\/wp-content\/uploads\/2019\/02\/bedbug-harbourage-2-1024x683.jpg 1024w, https:\/\/www.bedbugfoundation.org\/wp-content\/uploads\/2019\/02\/bedbug-harbourage-2-300x200.jpg 300w, https:\/\/www.bedbugfoundation.org\/wp-content\/uploads\/2019\/02\/bedbug-harbourage-2-768x512.jpg 768w, https:\/\/www.bedbugfoundation.org\/wp-content\/uploads\/2019\/02\/bedbug-harbourage-2-450x300.jpg 450w, https:\/\/www.bedbugfoundation.org\/wp-content\/uploads\/2019\/02\/bedbug-harbourage-2.jpg 1500w\" sizes=\"auto, (max-width: 1024px) 100vw, 1024px\" \/><\/figure>\n\n\n\n<figure class=\"wp-block-image size-large\"><img loading=\"lazy\" decoding=\"async\" width=\"1000\" height=\"288\" data-id=\"592\" src=\"https:\/\/www.bedbugfoundation.org\/wp-content\/uploads\/2016\/05\/SH7W6278a-small.jpg\" alt=\"\" class=\"wp-image-592\" srcset=\"https:\/\/www.bedbugfoundation.org\/wp-content\/uploads\/2016\/05\/SH7W6278a-small.jpg 1000w, https:\/\/www.bedbugfoundation.org\/wp-content\/uploads\/2016\/05\/SH7W6278a-small-300x86.jpg 300w, https:\/\/www.bedbugfoundation.org\/wp-content\/uploads\/2016\/05\/SH7W6278a-small-768x221.jpg 768w\" sizes=\"auto, (max-width: 1000px) 100vw, 1000px\" \/><\/figure>\n<\/figure>\n\n\n\n<p>Heben Sie die Matratze vom Bett und stellen Sie diese senkrecht auf, so dass Sie die Unterseite absuchen k\u00f6nnen, einschlie\u00dflich der Paspel um die Unterkante herum.<\/p>\n\n\n\n<p>Es kann sinnvoll sein, einen Matratzenbezug zu kaufen, um m\u00f6gliche Verstecke auf der Matratze zu vermeiden und Wanzen und Eier, welche bei der Inspektion \u00fcbersehen wurden, zu isolieren. Dies ist nicht notwendig, wenn die Au\u00dfenseite der Matratze intakt ist, aber wenn es L\u00f6cher an der Au\u00dfenseite der Matratze gibt, die es Bettwanzen erm\u00f6glichen k\u00f6nnten, hineinzukommen, dann ist ein Matratzenbezug eine gute Alternative zur vollst\u00e4ndigen Entsorgung der Matratze.<\/p>\n\n\n\n<p><strong>\u00dcberpr\u00fcfung des Bettkastens \/ Rahmens<\/strong><strong><\/strong><\/p>\n\n\n\n<p><strong>Rahmenbetten <\/strong>- Wenn m\u00f6glich, entfernen Sie den Lattenrost und \u00fcberpr\u00fcfen Sie diesen sorgf\u00e4ltig. Die  Einsteck\u00f6ffnungen, mit denen die einzelnen Latten im Rahmen des Lattenrostes verankert sind, insbesondere am Kopfende des Bettes, sind ein Paradies f\u00fcr Bettwanzen.<strong><\/strong><\/p>\n\n\n\n<p>Einige Betten k\u00f6nnen leicht demontiert werden, was eine einfache Inspektion der Verbindungen und Schraubenl\u00f6cher erm\u00f6glicht, wo sich Bettwanzen verstecken.<\/p>\n\n\n\n<p>Silikondichtungsmittel k\u00f6nnen zum F\u00fcllen von Fugen und Befestigungsl\u00f6chern verwendet werden. Ziel ist es, potentielle Verstecke in Fugen und Befestigungsl\u00f6chern zu verschlie\u00dfen. Solange die Abdichtung ausreichend gr\u00fcndlich ist, werden die Wanzen eingeschlossen und sterben schlie\u00dflich ab.<\/p>\n\n\n\n<p><strong>Sofa-\/Boxspringbetten <\/strong>- Wenn das Kopfteil mit dem Bett verschraubt ist, entfernen Sie es und \u00fcberpr\u00fcfen Sie das Kopfteil separat.<strong><\/strong><\/p>\n\n\n\n<p>Betten mit unzug\u00e4nglichen Hohlr\u00e4umen sind besonders schwer, manchmal unm\u00f6glich zu inspizieren. Bettwanzen schaffen es oft, sich hineinzudr\u00fccken. In dieser Situation ist es meist am besten, eine Bettkastenummantelung anzubringen. Es ist notwendig, die Rollen oder F\u00fc\u00dfe vom Bettkasten zu entfernen, die Ummantelung anzubringen und dann die Rollen an der Au\u00dfenseite der Ummantelung wieder anzubringen. Dazu kann es erforderlich sein, kleine Schnitte in die Verkleidung zu machen, um Zugang zu den Befestigungsl\u00f6chern zu erhalten.<\/p>\n\n\n\n<p><strong>Trockenmittelst\u00e4ube <\/strong>Desiccant dusts are white or off-white, very finely ground silica. The natural form is called diatomaceous earth and the synthetic equivalent is called silica dioxide (e.g. CimeXa or ChinChex). Both can be effective for bed bug control if used correctly. They are relatively safe to use, although care should be taken not to inhale the dust, which can become airborne quite easily.<\/p>\n\n\n\n<p>Trockenmittelst\u00e4ube sind gut geeignet zur Behandlung von Rissen und Spalten in der Bettkonstruktion. Sie bieten einen dauerhaften Schutz vor Wiederbefall und sind besonders wirksam gegen kleine Nymphen, die bei einer Inspektion am ehesten \u00fcbersehen werden. Trockenmittelst\u00e4ube k\u00f6nnen mit einem speziell entwickelten Applikator oder einem weichen Farb- oder Make-up-Pinsel aufgetragen werden.<\/p>\n\n\n\n<p><strong>Das Bett in eine Insel verwandeln<\/strong><strong><\/strong><\/p>\n\n\n\n<p>Der letzte Schritt besteht darin, das Bett vom Rest des Zimmers zu trennen. Es gibt mehrere Hilfsmittel, die \u00fcber das Internet verf\u00fcgbar sind (z.B. ClimbUp Insect Interceptor oder ASPECTEK Bettwanzenfalle ). Bettwanzen haben es sehr schwer, \u00fcber glatte\/gl\u00e4nzende Oberfl\u00e4chen zu gehen, was bedeutet, dass alle Wanzen, die versuchen, \u00fcber die Beine (des Betts) auf das Bett zu klettern, in die Schale fallen und gefangen werden. Damit dieser Ansatz wirksam ist, ist es wichtig, dass das Bett etwas von der Wand weggezogen wird und die Bettw\u00e4sche den Boden nicht ber\u00fchren darf. Dadurch wird das Bett effektiv in eine riesige Bettwanzenfalle verwandelt. Alle verirrten Wanzen, die \u00fcbersehen wurden oder sich vom Bett gel\u00f6st haben, werden durch CO2 und<sub>2<\/sub>&nbsp;K\u00f6rperw\u00e4rme angezogen, sobald das Bett wieder benutzt wird.<\/p>\n\n\n\n<p>Wenn Bettwanzen sich nicht ern\u00e4hren k\u00f6nnen, vermehren sie sich nicht. Selbst wenn es also irgendwo in der Wohnung streunende Wanzen gibt, werden sie ohne regelm\u00e4\u00dfigen Zugang zu einer Blutquelle keinen Befall herstellen k\u00f6nnen. Mit der Zeit werden streunende Wanzen dazu neigen, in Richtung der Schlafbereiche zu wandern, so dass, solange alle benutzten Betten mit Bettwanzenfallen an den Bettf\u00fc\u00dfen ausgestattet sind, die Wanzen entweder gefangen werden oder (schlie\u00dflich) verhungern. Eine solche Isolierung des Bettes ist die beste Option f\u00fcr Menschen, die in Mehrfamilienh\u00e4usern leben, wo eine erneute Einwanderung von Wanzen aus benachbarten Zimmern oder Wohnungen wahrscheinlich ist.<\/p>\n\n\n\n<p>Bettwanzenfallen an den Bettf\u00fc\u00dfen neigen dazu, unwirksam zu werden, wenn sich zu viel Staub und Schmutzaus aus dem Raum darin sammelt, so dass die Wanzen herausklettern k\u00f6nnen. Es ist daher wichtig, die Fallen alle paar Wochen zu reinigen und sie leicht mit Talkumpuder oder Trockenmittelstaub zu best\u00e4uben.<\/p>\n\n\n\n<p class=\"has-text-align-center\"><a href=\"https:\/\/www.bedbugfoundation.org\/de\/self-help\/step-2\/\">Vorherige<\/a><\/p>","protected":false},"excerpt":{"rendered":"<p>Bettwanzen verstecken sich immer am liebsten in Gruppen, irgendwo in der N\u00e4he der Futterstelle. Sie suchen sich harte Ritzen und Spalten an gesch\u00fctzten Stellen, meist in und um den Bettaufbau. Ihre Verstecke sind meist stark verschmutzt mit ... <a href=\"https:\/\/www.bedbugfoundation.org\/de\/self-help\/step-3\/\">Weiterlesen <span class=\"meta-nav\">\u2192<\/span><\/a><\/p>","protected":false},"author":1,"featured_media":0,"parent":2285,"menu_order":2,"comment_status":"closed","ping_status":"closed","template":"","meta":{"_bbp_topic_count":0,"_bbp_reply_count":0,"_bbp_total_topic_count":0,"_bbp_total_reply_count":0,"_bbp_voice_count":0,"_bbp_anonymous_reply_count":0,"_bbp_topic_count_hidden":0,"_bbp_reply_count_hidden":0,"_bbp_forum_subforum_count":0,"footnotes":""},"class_list":["post-2308","page","type-page","status-publish","hentry"],"yoast_head":"<!-- This site is optimized with the Yoast SEO plugin v27.4 - https:\/\/yoast.com\/product\/yoast-seo-wordpress\/ -->\n<title>Step 3: Self-help advice for bed bug control - Bed Bug Foundation<\/title>\n<meta name=\"robots\" content=\"index, follow, max-snippet:-1, max-image-preview:large, max-video-preview:-1\" \/>\n<link rel=\"canonical\" href=\"https:\/\/www.bedbugfoundation.org\/de\/self-help\/step-3\/\" \/>\n<meta property=\"og:locale\" content=\"de_DE\" \/>\n<meta property=\"og:type\" content=\"article\" \/>\n<meta property=\"og:title\" content=\"Step 3: Self-help advice for bed bug control - Bed Bug Foundation\" \/>\n<meta property=\"og:description\" content=\"Bed bugs always prefer to hide in clusters, somewhere close to the feeding site. They look for hard cracks and crevices in sheltered locations, usually in and around the bed structure. Their hiding places tend to be heavily soiled with &hellip; Weiterlesen &rarr;\" \/>\n<meta property=\"og:url\" content=\"https:\/\/www.bedbugfoundation.org\/de\/self-help\/step-3\/\" \/>\n<meta property=\"og:site_name\" content=\"Bed Bug Foundation\" \/>\n<meta property=\"article:modified_time\" content=\"2026-02-24T11:03:17+00:00\" \/>\n<meta property=\"og:image\" content=\"https:\/\/www.bedbugfoundation.org\/wp-content\/uploads\/2019\/02\/SH7W6211.jpg\" \/>\n\t<meta property=\"og:image:width\" content=\"1500\" \/>\n\t<meta property=\"og:image:height\" content=\"1000\" \/>\n\t<meta property=\"og:image:type\" content=\"image\/jpeg\" \/>\n<meta name=\"twitter:card\" content=\"summary_large_image\" \/>\n<meta name=\"twitter:label1\" content=\"Gesch\u00e4tzte Lesezeit\" \/>\n\t<meta name=\"twitter:data1\" content=\"6\u00a0Minuten\" \/>\n<script type=\"application\/ld+json\" class=\"yoast-schema-graph\">{\"@context\":\"https:\\\/\\\/schema.org\",\"@graph\":[{\"@type\":\"WebPage\",\"@id\":\"https:\\\/\\\/www.bedbugfoundation.org\\\/self-help\\\/step-3\\\/\",\"url\":\"https:\\\/\\\/www.bedbugfoundation.org\\\/self-help\\\/step-3\\\/\",\"name\":\"Step 3: Self-help advice for bed bug control - Bed Bug Foundation\",\"isPartOf\":{\"@id\":\"https:\\\/\\\/www.bedbugfoundation.org\\\/#website\"},\"primaryImageOfPage\":{\"@id\":\"https:\\\/\\\/www.bedbugfoundation.org\\\/self-help\\\/step-3\\\/#primaryimage\"},\"image\":{\"@id\":\"https:\\\/\\\/www.bedbugfoundation.org\\\/self-help\\\/step-3\\\/#primaryimage\"},\"thumbnailUrl\":\"https:\\\/\\\/www.bedbugfoundation.org\\\/wp-content\\\/uploads\\\/2019\\\/02\\\/SH7W6211-1024x683.jpg\",\"datePublished\":\"2019-08-27T12:16:57+00:00\",\"dateModified\":\"2026-02-24T11:03:17+00:00\",\"breadcrumb\":{\"@id\":\"https:\\\/\\\/www.bedbugfoundation.org\\\/self-help\\\/step-3\\\/#breadcrumb\"},\"inLanguage\":\"de\",\"potentialAction\":[{\"@type\":\"ReadAction\",\"target\":[\"https:\\\/\\\/www.bedbugfoundation.org\\\/self-help\\\/step-3\\\/\"]}]},{\"@type\":\"ImageObject\",\"inLanguage\":\"de\",\"@id\":\"https:\\\/\\\/www.bedbugfoundation.org\\\/self-help\\\/step-3\\\/#primaryimage\",\"url\":\"https:\\\/\\\/www.bedbugfoundation.org\\\/wp-content\\\/uploads\\\/2019\\\/02\\\/SH7W6211-1024x683.jpg\",\"contentUrl\":\"https:\\\/\\\/www.bedbugfoundation.org\\\/wp-content\\\/uploads\\\/2019\\\/02\\\/SH7W6211-1024x683.jpg\"},{\"@type\":\"BreadcrumbList\",\"@id\":\"https:\\\/\\\/www.bedbugfoundation.org\\\/self-help\\\/step-3\\\/#breadcrumb\",\"itemListElement\":[{\"@type\":\"ListItem\",\"position\":1,\"name\":\"Home\",\"item\":\"https:\\\/\\\/www.bedbugfoundation.org\\\/\"},{\"@type\":\"ListItem\",\"position\":2,\"name\":\"Help! I think I have bed bugs!\",\"item\":\"https:\\\/\\\/www.bedbugfoundation.org\\\/self-help\\\/\"},{\"@type\":\"ListItem\",\"position\":3,\"name\":\"Step 3: Self-help advice for bed bug control\"}]},{\"@type\":\"WebSite\",\"@id\":\"https:\\\/\\\/www.bedbugfoundation.org\\\/#website\",\"url\":\"https:\\\/\\\/www.bedbugfoundation.org\\\/\",\"name\":\"Bed Bug Foundation\",\"description\":\"Home of the European Code of Practice for Bed Bug Management\",\"potentialAction\":[{\"@type\":\"SearchAction\",\"target\":{\"@type\":\"EntryPoint\",\"urlTemplate\":\"https:\\\/\\\/www.bedbugfoundation.org\\\/?s={search_term_string}\"},\"query-input\":{\"@type\":\"PropertyValueSpecification\",\"valueRequired\":true,\"valueName\":\"search_term_string\"}}],\"inLanguage\":\"de\"}]}<\/script>\n<!-- \/ Yoast SEO plugin. -->","yoast_head_json":{"title":"Schritt 3: Selbsthilfe-Ratschl\u00e4ge zur Bettwanzenbek\u00e4mpfung - Bed Bug Foundation","robots":{"index":"index","follow":"follow","max-snippet":"max-snippet:-1","max-image-preview":"max-image-preview:large","max-video-preview":"max-video-preview:-1"},"canonical":"https:\/\/www.bedbugfoundation.org\/de\/self-help\/step-3\/","og_locale":"de_DE","og_type":"article","og_title":"Step 3: Self-help advice for bed bug control - Bed Bug Foundation","og_description":"Bed bugs always prefer to hide in clusters, somewhere close to the feeding site. They look for hard cracks and crevices in sheltered locations, usually in and around the bed structure. Their hiding places tend to be heavily soiled with &hellip; Weiterlesen &rarr;","og_url":"https:\/\/www.bedbugfoundation.org\/de\/self-help\/step-3\/","og_site_name":"Bed Bug Foundation","article_modified_time":"2026-02-24T11:03:17+00:00","og_image":[{"width":1500,"height":1000,"url":"https:\/\/www.bedbugfoundation.org\/wp-content\/uploads\/2019\/02\/SH7W6211.jpg","type":"image\/jpeg"}],"twitter_card":"summary_large_image","twitter_misc":{"Gesch\u00e4tzte Lesezeit":"6\u00a0Minuten"},"schema":{"@context":"https:\/\/schema.org","@graph":[{"@type":"WebPage","@id":"https:\/\/www.bedbugfoundation.org\/self-help\/step-3\/","url":"https:\/\/www.bedbugfoundation.org\/self-help\/step-3\/","name":"Schritt 3: Selbsthilfe-Ratschl\u00e4ge zur Bettwanzenbek\u00e4mpfung - Bed Bug Foundation","isPartOf":{"@id":"https:\/\/www.bedbugfoundation.org\/#website"},"primaryImageOfPage":{"@id":"https:\/\/www.bedbugfoundation.org\/self-help\/step-3\/#primaryimage"},"image":{"@id":"https:\/\/www.bedbugfoundation.org\/self-help\/step-3\/#primaryimage"},"thumbnailUrl":"https:\/\/www.bedbugfoundation.org\/wp-content\/uploads\/2019\/02\/SH7W6211-1024x683.jpg","datePublished":"2019-08-27T12:16:57+00:00","dateModified":"2026-02-24T11:03:17+00:00","breadcrumb":{"@id":"https:\/\/www.bedbugfoundation.org\/self-help\/step-3\/#breadcrumb"},"inLanguage":"de","potentialAction":[{"@type":"ReadAction","target":["https:\/\/www.bedbugfoundation.org\/self-help\/step-3\/"]}]},{"@type":"ImageObject","inLanguage":"de","@id":"https:\/\/www.bedbugfoundation.org\/self-help\/step-3\/#primaryimage","url":"https:\/\/www.bedbugfoundation.org\/wp-content\/uploads\/2019\/02\/SH7W6211-1024x683.jpg","contentUrl":"https:\/\/www.bedbugfoundation.org\/wp-content\/uploads\/2019\/02\/SH7W6211-1024x683.jpg"},{"@type":"BreadcrumbList","@id":"https:\/\/www.bedbugfoundation.org\/self-help\/step-3\/#breadcrumb","itemListElement":[{"@type":"ListItem","position":1,"name":"Home","item":"https:\/\/www.bedbugfoundation.org\/"},{"@type":"ListItem","position":2,"name":"Help! I think I have bed bugs!","item":"https:\/\/www.bedbugfoundation.org\/self-help\/"},{"@type":"ListItem","position":3,"name":"Step 3: Self-help advice for bed bug control"}]},{"@type":"WebSite","@id":"https:\/\/www.bedbugfoundation.org\/#website","url":"https:\/\/www.bedbugfoundation.org\/","name":"Bettwanzen-Stiftung","description":"Startseite des Europ\u00e4ischen Verhaltenskodex f\u00fcr Bettwanzenmanagement","potentialAction":[{"@type":"SearchAction","target":{"@type":"EntryPoint","urlTemplate":"https:\/\/www.bedbugfoundation.org\/?s={search_term_string}"},"query-input":{"@type":"PropertyValueSpecification","valueRequired":true,"valueName":"search_term_string"}}],"inLanguage":"de"}]}},"_links":{"self":[{"href":"https:\/\/www.bedbugfoundation.org\/de\/wp-json\/wp\/v2\/pages\/2308","targetHints":{"allow":["GET"]}}],"collection":[{"href":"https:\/\/www.bedbugfoundation.org\/de\/wp-json\/wp\/v2\/pages"}],"about":[{"href":"https:\/\/www.bedbugfoundation.org\/de\/wp-json\/wp\/v2\/types\/page"}],"author":[{"embeddable":true,"href":"https:\/\/www.bedbugfoundation.org\/de\/wp-json\/wp\/v2\/users\/1"}],"replies":[{"embeddable":true,"href":"https:\/\/www.bedbugfoundation.org\/de\/wp-json\/wp\/v2\/comments?post=2308"}],"version-history":[{"count":14,"href":"https:\/\/www.bedbugfoundation.org\/de\/wp-json\/wp\/v2\/pages\/2308\/revisions"}],"predecessor-version":[{"id":10644,"href":"https:\/\/www.bedbugfoundation.org\/de\/wp-json\/wp\/v2\/pages\/2308\/revisions\/10644"}],"up":[{"embeddable":true,"href":"https:\/\/www.bedbugfoundation.org\/de\/wp-json\/wp\/v2\/pages\/2285"}],"wp:attachment":[{"href":"https:\/\/www.bedbugfoundation.org\/de\/wp-json\/wp\/v2\/media?parent=2308"}],"curies":[{"name":"wp","href":"https:\/\/api.w.org\/{rel}","templated":true}]}}