{"id":387,"date":"2016-03-15T12:32:20","date_gmt":"2016-03-15T12:32:20","guid":{"rendered":"http:\/\/bedbugfoundation.org\/?page_id=387"},"modified":"2024-02-28T12:45:45","modified_gmt":"2024-02-28T12:45:45","slug":"bed-bug-dogs","status":"publish","type":"page","link":"https:\/\/www.bedbugfoundation.org\/de\/bed-bug-dogs\/","title":{"rendered":"Bettwanzensp\u00fcrhunde"},"content":{"rendered":"<p>Bettwanzensp\u00fcrhunde k\u00f6nnen darauf trainiert werden, einen geringen Bettwanzenbefall aufzusp\u00fcren, das macht sie zu einer unsch\u00e4tzbaren Bereicherung f\u00fcr das Bettwanzenmanagement. Hier werden Bettwanzensp\u00fcrhunde normalerweise eingesetzt:<\/p>\n\n\n\n<ul class=\"wp-block-list\">\n<li>Um festzustellen, ob Bettwanzen die wahrscheinliche Ursache von vermuteten Insektenstichen sind.<\/li>\n\n\n\n<li>Routinem\u00e4\u00dfiges \u00dcberpr\u00fcfung von Hotels zur Fr\u00fcherkennung von Bettwanzen.<\/li>\n\n\n\n<li>Um den Behandlungserfolg nach einer W\u00e4rme- oder chemischen Bek\u00e4mpfung zu best\u00e4tigen.<\/li>\n\n\n\n<li>Durchsuchen des Gep\u00e4cks von zur\u00fcckkehrenden Reisenden nach einem vermuteten Befall mit Bettwanzen.<\/li>\n<\/ul>\n\n\n\n<p>Die Bed Bug Foundation arbeitet mit Ausbildungsst\u00e4tten in ganz Europa zusammen, um ein Zertifizierungsprogramm f\u00fcr Bettwanzensp\u00fcrhunde-Teams anzubieten.<\/p>\n\n\n\n<p>Wenn Sie ein Bettwanzen-Sp\u00fcrhundef\u00fchrer oder -Trainer sind und Interesse an einer Zusammenarbeit mit uns haben, kontaktieren Sie bitte <a href=\"mailto:larry@bedbugfoundation.org\">Larry Hansen<\/a> f\u00fcr weitere Informationen oder <a href=\"https:\/\/www.bedbugfoundation.org\/de\/bbf-approved-training-schools\/\">hier klicken<\/a> um unsere angeschlossenen Ausbildungsst\u00e4tten zu sehen.<\/p>\n\n\n\n<figure class=\"wp-block-image is-resized\"><img loading=\"lazy\" decoding=\"async\" width=\"916\" height=\"971\" src=\"https:\/\/www.bedbugfoundation.org\/wp-content\/uploads\/2019\/10\/SH7W3027.jpg\" alt=\"\" class=\"wp-image-3174\" style=\"width:539px;height:auto\" srcset=\"https:\/\/www.bedbugfoundation.org\/wp-content\/uploads\/2019\/10\/SH7W3027.jpg 916w, https:\/\/www.bedbugfoundation.org\/wp-content\/uploads\/2019\/10\/SH7W3027-300x318.jpg 300w, https:\/\/www.bedbugfoundation.org\/wp-content\/uploads\/2019\/10\/SH7W3027-283x300.jpg 283w, https:\/\/www.bedbugfoundation.org\/wp-content\/uploads\/2019\/10\/SH7W3027-768x814.jpg 768w\" sizes=\"auto, (max-width: 916px) 100vw, 916px\" \/><\/figure>\n\n\n\n<div class=\"wp-block-buttons is-horizontal is-content-justification-center is-layout-flex wp-container-core-buttons-is-layout-499968f5 wp-block-buttons-is-layout-flex\">\n<div class=\"wp-block-button is-style-outline is-style-outline--1\"><a class=\"wp-block-button__link wp-element-button\" href=\"https:\/\/bbf-k9.org\/\" style=\"border-radius:50px\">Zertifizierte Teams in Ihrer N\u00e4he<\/a><\/div>\n<\/div>","protected":false},"excerpt":{"rendered":"<p>Scent detection dogs can be trained to detect low-level bed bug infestations, making them an invaluable asset for bed bug management. Bed bug detection dogs are typically used to: The Bed Bug Foundation works with canine training schools across Europe &hellip; <a href=\"https:\/\/www.bedbugfoundation.org\/de\/bed-bug-dogs\/\">Weiterlesen <span class=\"meta-nav\">\u2192<\/span><\/a><\/p>","protected":false},"author":1,"featured_media":883,"parent":0,"menu_order":0,"comment_status":"closed","ping_status":"closed","template":"","meta":{"_bbp_topic_count":0,"_bbp_reply_count":0,"_bbp_total_topic_count":0,"_bbp_total_reply_count":0,"_bbp_voice_count":0,"_bbp_anonymous_reply_count":0,"_bbp_topic_count_hidden":0,"_bbp_reply_count_hidden":0,"_bbp_forum_subforum_count":0,"footnotes":""},"class_list":["post-387","page","type-page","status-publish","has-post-thumbnail","hentry"],"yoast_head":"<!-- This site is optimized with the Yoast SEO plugin v27.5 - https:\/\/yoast.com\/product\/yoast-seo-wordpress\/ -->\n<title>Detection Dogs - Bed Bug Foundation<\/title>\n<meta name=\"robots\" content=\"index, follow, max-snippet:-1, max-image-preview:large, max-video-preview:-1\" \/>\n<link rel=\"canonical\" href=\"https:\/\/www.bedbugfoundation.org\/de\/bed-bug-dogs\/\" \/>\n<meta property=\"og:locale\" content=\"de_DE\" \/>\n<meta property=\"og:type\" content=\"article\" \/>\n<meta property=\"og:title\" content=\"Detection Dogs - Bed Bug Foundation\" \/>\n<meta property=\"og:description\" content=\"Scent detection dogs can be trained to detect low-level bed bug infestations, making them an invaluable asset for bed bug management. Bed bug detection dogs are typically used to: The Bed Bug Foundation works with canine training schools across Europe &hellip; Weiterlesen &rarr;\" \/>\n<meta property=\"og:url\" content=\"https:\/\/www.bedbugfoundation.org\/de\/bed-bug-dogs\/\" \/>\n<meta property=\"og:site_name\" content=\"Bed Bug Foundation\" \/>\n<meta property=\"article:modified_time\" content=\"2024-02-28T12:45:45+00:00\" \/>\n<meta property=\"og:image\" content=\"https:\/\/www.bedbugfoundation.org\/wp-content\/uploads\/2016\/03\/BBF10.jpg\" \/>\n\t<meta property=\"og:image:width\" content=\"1000\" \/>\n\t<meta property=\"og:image:height\" content=\"288\" \/>\n\t<meta property=\"og:image:type\" content=\"image\/jpeg\" \/>\n<meta name=\"twitter:card\" content=\"summary_large_image\" \/>\n<meta name=\"twitter:label1\" content=\"Gesch\u00e4tzte Lesezeit\" \/>\n\t<meta name=\"twitter:data1\" content=\"1\u00a0Minute\" \/>\n<script type=\"application\/ld+json\" class=\"yoast-schema-graph\">{\"@context\":\"https:\\\/\\\/schema.org\",\"@graph\":[{\"@type\":\"WebPage\",\"@id\":\"https:\\\/\\\/www.bedbugfoundation.org\\\/bed-bug-dogs\\\/\",\"url\":\"https:\\\/\\\/www.bedbugfoundation.org\\\/bed-bug-dogs\\\/\",\"name\":\"Detection Dogs - Bed Bug Foundation\",\"isPartOf\":{\"@id\":\"https:\\\/\\\/www.bedbugfoundation.org\\\/#website\"},\"primaryImageOfPage\":{\"@id\":\"https:\\\/\\\/www.bedbugfoundation.org\\\/bed-bug-dogs\\\/#primaryimage\"},\"image\":{\"@id\":\"https:\\\/\\\/www.bedbugfoundation.org\\\/bed-bug-dogs\\\/#primaryimage\"},\"thumbnailUrl\":\"https:\\\/\\\/www.bedbugfoundation.org\\\/wp-content\\\/uploads\\\/2016\\\/03\\\/BBF10.jpg\",\"datePublished\":\"2016-03-15T12:32:20+00:00\",\"dateModified\":\"2024-02-28T12:45:45+00:00\",\"breadcrumb\":{\"@id\":\"https:\\\/\\\/www.bedbugfoundation.org\\\/bed-bug-dogs\\\/#breadcrumb\"},\"inLanguage\":\"de\",\"potentialAction\":[{\"@type\":\"ReadAction\",\"target\":[\"https:\\\/\\\/www.bedbugfoundation.org\\\/bed-bug-dogs\\\/\"]}]},{\"@type\":\"ImageObject\",\"inLanguage\":\"de\",\"@id\":\"https:\\\/\\\/www.bedbugfoundation.org\\\/bed-bug-dogs\\\/#primaryimage\",\"url\":\"https:\\\/\\\/www.bedbugfoundation.org\\\/wp-content\\\/uploads\\\/2016\\\/03\\\/BBF10.jpg\",\"contentUrl\":\"https:\\\/\\\/www.bedbugfoundation.org\\\/wp-content\\\/uploads\\\/2016\\\/03\\\/BBF10.jpg\",\"width\":1000,\"height\":288},{\"@type\":\"BreadcrumbList\",\"@id\":\"https:\\\/\\\/www.bedbugfoundation.org\\\/bed-bug-dogs\\\/#breadcrumb\",\"itemListElement\":[{\"@type\":\"ListItem\",\"position\":1,\"name\":\"Home\",\"item\":\"https:\\\/\\\/www.bedbugfoundation.org\\\/\"},{\"@type\":\"ListItem\",\"position\":2,\"name\":\"Detection Dogs\"}]},{\"@type\":\"WebSite\",\"@id\":\"https:\\\/\\\/www.bedbugfoundation.org\\\/#website\",\"url\":\"https:\\\/\\\/www.bedbugfoundation.org\\\/\",\"name\":\"Bed Bug Foundation\",\"description\":\"Home of the European Code of Practice for Bed Bug Management\",\"potentialAction\":[{\"@type\":\"SearchAction\",\"target\":{\"@type\":\"EntryPoint\",\"urlTemplate\":\"https:\\\/\\\/www.bedbugfoundation.org\\\/?s={search_term_string}\"},\"query-input\":{\"@type\":\"PropertyValueSpecification\",\"valueRequired\":true,\"valueName\":\"search_term_string\"}}],\"inLanguage\":\"de\"}]}<\/script>\n<!-- \/ Yoast SEO plugin. -->","yoast_head_json":{"title":"Sp\u00fcrhunde - Stiftung Bettwanzen","robots":{"index":"index","follow":"follow","max-snippet":"max-snippet:-1","max-image-preview":"max-image-preview:large","max-video-preview":"max-video-preview:-1"},"canonical":"https:\/\/www.bedbugfoundation.org\/de\/bed-bug-dogs\/","og_locale":"de_DE","og_type":"article","og_title":"Detection Dogs - Bed Bug Foundation","og_description":"Scent detection dogs can be trained to detect low-level bed bug infestations, making them an invaluable asset for bed bug management. Bed bug detection dogs are typically used to: The Bed Bug Foundation works with canine training schools across Europe &hellip; Weiterlesen &rarr;","og_url":"https:\/\/www.bedbugfoundation.org\/de\/bed-bug-dogs\/","og_site_name":"Bed Bug Foundation","article_modified_time":"2024-02-28T12:45:45+00:00","og_image":[{"width":1000,"height":288,"url":"https:\/\/www.bedbugfoundation.org\/wp-content\/uploads\/2016\/03\/BBF10.jpg","type":"image\/jpeg"}],"twitter_card":"summary_large_image","twitter_misc":{"Gesch\u00e4tzte Lesezeit":"1\u00a0Minute"},"schema":{"@context":"https:\/\/schema.org","@graph":[{"@type":"WebPage","@id":"https:\/\/www.bedbugfoundation.org\/bed-bug-dogs\/","url":"https:\/\/www.bedbugfoundation.org\/bed-bug-dogs\/","name":"Sp\u00fcrhunde - Stiftung Bettwanzen","isPartOf":{"@id":"https:\/\/www.bedbugfoundation.org\/#website"},"primaryImageOfPage":{"@id":"https:\/\/www.bedbugfoundation.org\/bed-bug-dogs\/#primaryimage"},"image":{"@id":"https:\/\/www.bedbugfoundation.org\/bed-bug-dogs\/#primaryimage"},"thumbnailUrl":"https:\/\/www.bedbugfoundation.org\/wp-content\/uploads\/2016\/03\/BBF10.jpg","datePublished":"2016-03-15T12:32:20+00:00","dateModified":"2024-02-28T12:45:45+00:00","breadcrumb":{"@id":"https:\/\/www.bedbugfoundation.org\/bed-bug-dogs\/#breadcrumb"},"inLanguage":"de","potentialAction":[{"@type":"ReadAction","target":["https:\/\/www.bedbugfoundation.org\/bed-bug-dogs\/"]}]},{"@type":"ImageObject","inLanguage":"de","@id":"https:\/\/www.bedbugfoundation.org\/bed-bug-dogs\/#primaryimage","url":"https:\/\/www.bedbugfoundation.org\/wp-content\/uploads\/2016\/03\/BBF10.jpg","contentUrl":"https:\/\/www.bedbugfoundation.org\/wp-content\/uploads\/2016\/03\/BBF10.jpg","width":1000,"height":288},{"@type":"BreadcrumbList","@id":"https:\/\/www.bedbugfoundation.org\/bed-bug-dogs\/#breadcrumb","itemListElement":[{"@type":"ListItem","position":1,"name":"Home","item":"https:\/\/www.bedbugfoundation.org\/"},{"@type":"ListItem","position":2,"name":"Detection Dogs"}]},{"@type":"WebSite","@id":"https:\/\/www.bedbugfoundation.org\/#website","url":"https:\/\/www.bedbugfoundation.org\/","name":"Bettwanzen-Stiftung","description":"Startseite des Europ\u00e4ischen Verhaltenskodex f\u00fcr Bettwanzenmanagement","potentialAction":[{"@type":"SearchAction","target":{"@type":"EntryPoint","urlTemplate":"https:\/\/www.bedbugfoundation.org\/?s={search_term_string}"},"query-input":{"@type":"PropertyValueSpecification","valueRequired":true,"valueName":"search_term_string"}}],"inLanguage":"de"}]}},"_links":{"self":[{"href":"https:\/\/www.bedbugfoundation.org\/de\/wp-json\/wp\/v2\/pages\/387","targetHints":{"allow":["GET"]}}],"collection":[{"href":"https:\/\/www.bedbugfoundation.org\/de\/wp-json\/wp\/v2\/pages"}],"about":[{"href":"https:\/\/www.bedbugfoundation.org\/de\/wp-json\/wp\/v2\/types\/page"}],"author":[{"embeddable":true,"href":"https:\/\/www.bedbugfoundation.org\/de\/wp-json\/wp\/v2\/users\/1"}],"replies":[{"embeddable":true,"href":"https:\/\/www.bedbugfoundation.org\/de\/wp-json\/wp\/v2\/comments?post=387"}],"version-history":[{"count":22,"href":"https:\/\/www.bedbugfoundation.org\/de\/wp-json\/wp\/v2\/pages\/387\/revisions"}],"predecessor-version":[{"id":9989,"href":"https:\/\/www.bedbugfoundation.org\/de\/wp-json\/wp\/v2\/pages\/387\/revisions\/9989"}],"wp:featuredmedia":[{"embeddable":true,"href":"https:\/\/www.bedbugfoundation.org\/de\/wp-json\/wp\/v2\/media\/883"}],"wp:attachment":[{"href":"https:\/\/www.bedbugfoundation.org\/de\/wp-json\/wp\/v2\/media?parent=387"}],"curies":[{"name":"wp","href":"https:\/\/api.w.org\/{rel}","templated":true}]}}