{"id":68,"date":"2012-12-20T11:31:55","date_gmt":"2012-12-20T11:31:55","guid":{"rendered":"http:\/\/bedbugfoundation.org\/?page_id=68"},"modified":"2026-02-11T15:54:20","modified_gmt":"2026-02-11T15:54:20","slug":"richard-naylor","status":"publish","type":"page","link":"https:\/\/www.bedbugfoundation.org\/de\/who-are-we\/the-administration\/richard-naylor\/","title":{"rendered":"Dr. Richard Naylor"},"content":{"rendered":"<div class=\"wp-block-columns is-layout-flex wp-container-core-columns-is-layout-9d6595d7 wp-block-columns-is-layout-flex\">\n<div class=\"wp-block-column is-layout-flow wp-block-column-is-layout-flow\" style=\"flex-basis:50%\">\n<p><strong>E-Mail:  <a href=\"mailto:richard@bedbugfoundation.org\">richard@bedbugfoundation.org<\/a><\/strong><\/p>\n<\/div>\n\n\n\n<div class=\"wp-block-column is-layout-flow wp-block-column-is-layout-flow\" style=\"flex-basis:50%\">\n<p class=\"has-text-align-right\"><strong>Telefon:   +44 1291 622409<\/strong><\/p>\n<\/div>\n<\/div>\n\n\n\n<div class=\"wp-block-image\"><figure class=\"alignleft size-large is-resized\"><a href=\"https:\/\/www.bedbugfoundation.org\/wp-content\/uploads\/2021\/02\/Richard_Naylor.jpg\"><img loading=\"lazy\" decoding=\"async\" src=\"https:\/\/www.bedbugfoundation.org\/wp-content\/uploads\/2021\/02\/Richard_Naylor.jpg\" alt=\"\" class=\"wp-image-8550\" width=\"227\" height=\"245\"\/><\/a><\/figure><\/div>\n\n\n\n<p>Ich bin Entomologe in der N\u00e4he von Chepstow an der Grenze zwischen England und Wales. Ich arbeite mit Bettwanzen seit 2001, als ich eine kleine Population in Gefangenschaft von Prof. Mike Siva-Jothy von der Universit\u00e4t Sheffield, U.K., kennenlernte. Ich habe Bettwanzen im Kontext ihrer Evolutionsgeschichte und Fledermausherkunft, Aspekte ihres ungew\u00f6hnlichen Paarungsverhaltens und der damit verbundenen Immunologie untersucht. F\u00fcr meine Doktorarbeit habe ich die \u00d6kologie und das Ausbreitungsverhalten von Bettwanzen in 3 Meter langen Arenen mit k\u00fcnstlichen Wirtsf\u00fctterungssystemen untersucht.<\/p>\n\n\n\n<div class=\"wp-block-image\"><figure class=\"alignright size-large is-resized\"><a href=\"https:\/\/www.bedbugfoundation.org\/wp-content\/uploads\/2021\/02\/lex-small-6.jpg\"><img loading=\"lazy\" decoding=\"async\" src=\"https:\/\/www.bedbugfoundation.org\/wp-content\/uploads\/2021\/02\/lex-small-6.jpg\" alt=\"\" class=\"wp-image-8545\" width=\"202\" height=\"247\" srcset=\"https:\/\/www.bedbugfoundation.org\/wp-content\/uploads\/2021\/02\/lex-small-6.jpg 548w, https:\/\/www.bedbugfoundation.org\/wp-content\/uploads\/2021\/02\/lex-small-6-300x367.jpg 300w, https:\/\/www.bedbugfoundation.org\/wp-content\/uploads\/2021\/02\/lex-small-6-245x300.jpg 245w, https:\/\/www.bedbugfoundation.org\/wp-content\/uploads\/2021\/02\/lex-small-6-10x12.jpg 10w, https:\/\/www.bedbugfoundation.org\/wp-content\/uploads\/2021\/02\/lex-small-6-49x60.jpg 49w, https:\/\/www.bedbugfoundation.org\/wp-content\/uploads\/2021\/02\/lex-small-6-74x90.jpg 74w\" sizes=\"auto, (max-width: 202px) 100vw, 202px\" \/><\/a><\/figure><\/div>\n\n\n\n<p>In den letzten 20 Jahren habe ich Bettwanzen in immer gr\u00f6\u00dferen und komplexeren Bereichen studiert. Ich habe jetzt zwei speziell gebaute Testzimmer mit Infrarotkameras, um ihr Verhalten zu studieren!<\/p>\n\n\n\n<p>Au\u00dferdem betreibe ich mit meiner Frau Alexia die CimexStore Ltd. Mit der Hilfe von zwei Technikern, Jan und Abigail, produzieren wir Insekten f\u00fcr die Forschung und das Geruchserkennungstraining und f\u00fchren Produkttests f\u00fcr die Sch\u00e4dlingsbek\u00e4mpfungsindustrie durch.<\/p>","protected":false},"excerpt":{"rendered":"<p>E-Mail: richard@bedbugfoundation.org Telefon: +44 1291 622409 Ich bin Entomologe in der N\u00e4he von Chepstow an der Grenze zwischen England und Wales. Ich besch\u00e4ftige mich seit 2001 mit Bettwanzen, als ich eine kleine Population in Gefangenschaft kennenlernte, die Prof. Mike Siva-Jothy von ... <a href=\"https:\/\/www.bedbugfoundation.org\/de\/who-are-we\/the-administration\/richard-naylor\/\">Weiterlesen <span class=\"meta-nav\">\u2192<\/span><\/a><\/p>","protected":false},"author":1,"featured_media":0,"parent":8455,"menu_order":0,"comment_status":"closed","ping_status":"closed","template":"","meta":{"_bbp_topic_count":0,"_bbp_reply_count":0,"_bbp_total_topic_count":0,"_bbp_total_reply_count":0,"_bbp_voice_count":0,"_bbp_anonymous_reply_count":0,"_bbp_topic_count_hidden":0,"_bbp_reply_count_hidden":0,"_bbp_forum_subforum_count":0,"footnotes":""},"class_list":["post-68","page","type-page","status-publish","hentry"],"yoast_head":"<!-- This site is optimized with the Yoast SEO plugin v27.3 - https:\/\/yoast.com\/product\/yoast-seo-wordpress\/ -->\n<title>Dr. Richard Naylor - Bed Bug Foundation<\/title>\n<meta name=\"robots\" content=\"index, follow, max-snippet:-1, max-image-preview:large, max-video-preview:-1\" \/>\n<link rel=\"canonical\" href=\"https:\/\/www.bedbugfoundation.org\/de\/who-are-we\/the-administration\/richard-naylor\/\" \/>\n<meta property=\"og:locale\" content=\"de_DE\" \/>\n<meta property=\"og:type\" content=\"article\" \/>\n<meta property=\"og:title\" content=\"Dr. Richard Naylor - Bed Bug Foundation\" \/>\n<meta property=\"og:description\" content=\"Email: richard@bedbugfoundation.org Phone: +44 1291 622409 I am an Entomologist based near Chepstow on the England-Wales boarder. I have worked on bed bugs since 2001 when I was introduced to a small captive population belonging to Prof. Mike Siva-Jothy of &hellip; Weiterlesen &rarr;\" \/>\n<meta property=\"og:url\" content=\"https:\/\/www.bedbugfoundation.org\/de\/who-are-we\/the-administration\/richard-naylor\/\" \/>\n<meta property=\"og:site_name\" content=\"Bed Bug Foundation\" \/>\n<meta property=\"article:modified_time\" content=\"2026-02-11T15:54:20+00:00\" \/>\n<meta property=\"og:image\" content=\"https:\/\/www.bedbugfoundation.org\/wp-content\/uploads\/2021\/02\/Richard_Naylor.jpg\" \/>\n\t<meta property=\"og:image:width\" content=\"176\" \/>\n\t<meta property=\"og:image:height\" content=\"176\" \/>\n\t<meta property=\"og:image:type\" content=\"image\/jpeg\" \/>\n<meta name=\"twitter:card\" content=\"summary_large_image\" \/>\n<meta name=\"twitter:label1\" content=\"Gesch\u00e4tzte Lesezeit\" \/>\n\t<meta name=\"twitter:data1\" content=\"2\u00a0Minuten\" \/>\n<script type=\"application\/ld+json\" class=\"yoast-schema-graph\">{\"@context\":\"https:\\\/\\\/schema.org\",\"@graph\":[{\"@type\":\"WebPage\",\"@id\":\"https:\\\/\\\/www.bedbugfoundation.org\\\/who-are-we\\\/the-administration\\\/richard-naylor\\\/\",\"url\":\"https:\\\/\\\/www.bedbugfoundation.org\\\/who-are-we\\\/the-administration\\\/richard-naylor\\\/\",\"name\":\"Dr. Richard Naylor - Bed Bug Foundation\",\"isPartOf\":{\"@id\":\"https:\\\/\\\/www.bedbugfoundation.org\\\/#website\"},\"primaryImageOfPage\":{\"@id\":\"https:\\\/\\\/www.bedbugfoundation.org\\\/who-are-we\\\/the-administration\\\/richard-naylor\\\/#primaryimage\"},\"image\":{\"@id\":\"https:\\\/\\\/www.bedbugfoundation.org\\\/who-are-we\\\/the-administration\\\/richard-naylor\\\/#primaryimage\"},\"thumbnailUrl\":\"https:\\\/\\\/www.bedbugfoundation.org\\\/wp-content\\\/uploads\\\/2021\\\/02\\\/Richard_Naylor.jpg\",\"datePublished\":\"2012-12-20T11:31:55+00:00\",\"dateModified\":\"2026-02-11T15:54:20+00:00\",\"breadcrumb\":{\"@id\":\"https:\\\/\\\/www.bedbugfoundation.org\\\/who-are-we\\\/the-administration\\\/richard-naylor\\\/#breadcrumb\"},\"inLanguage\":\"de\",\"potentialAction\":[{\"@type\":\"ReadAction\",\"target\":[\"https:\\\/\\\/www.bedbugfoundation.org\\\/who-are-we\\\/the-administration\\\/richard-naylor\\\/\"]}]},{\"@type\":\"ImageObject\",\"inLanguage\":\"de\",\"@id\":\"https:\\\/\\\/www.bedbugfoundation.org\\\/who-are-we\\\/the-administration\\\/richard-naylor\\\/#primaryimage\",\"url\":\"https:\\\/\\\/www.bedbugfoundation.org\\\/wp-content\\\/uploads\\\/2021\\\/02\\\/Richard_Naylor.jpg\",\"contentUrl\":\"https:\\\/\\\/www.bedbugfoundation.org\\\/wp-content\\\/uploads\\\/2021\\\/02\\\/Richard_Naylor.jpg\"},{\"@type\":\"BreadcrumbList\",\"@id\":\"https:\\\/\\\/www.bedbugfoundation.org\\\/who-are-we\\\/the-administration\\\/richard-naylor\\\/#breadcrumb\",\"itemListElement\":[{\"@type\":\"ListItem\",\"position\":1,\"name\":\"Home\",\"item\":\"https:\\\/\\\/www.bedbugfoundation.org\\\/\"},{\"@type\":\"ListItem\",\"position\":2,\"name\":\"Who Are We?\",\"item\":\"https:\\\/\\\/www.bedbugfoundation.org\\\/who-are-we\\\/\"},{\"@type\":\"ListItem\",\"position\":3,\"name\":\"Foundation Leadership\",\"item\":\"https:\\\/\\\/www.bedbugfoundation.org\\\/who-are-we\\\/the-administration\\\/\"},{\"@type\":\"ListItem\",\"position\":4,\"name\":\"Dr. Richard Naylor\"}]},{\"@type\":\"WebSite\",\"@id\":\"https:\\\/\\\/www.bedbugfoundation.org\\\/#website\",\"url\":\"https:\\\/\\\/www.bedbugfoundation.org\\\/\",\"name\":\"Bed Bug Foundation\",\"description\":\"Home of the European Code of Practice for Bed Bug Management\",\"potentialAction\":[{\"@type\":\"SearchAction\",\"target\":{\"@type\":\"EntryPoint\",\"urlTemplate\":\"https:\\\/\\\/www.bedbugfoundation.org\\\/?s={search_term_string}\"},\"query-input\":{\"@type\":\"PropertyValueSpecification\",\"valueRequired\":true,\"valueName\":\"search_term_string\"}}],\"inLanguage\":\"de\"}]}<\/script>\n<!-- \/ Yoast SEO plugin. -->","yoast_head_json":{"title":"Dr. Richard Naylor - Stiftung f\u00fcr Bettwanzen","robots":{"index":"index","follow":"follow","max-snippet":"max-snippet:-1","max-image-preview":"max-image-preview:large","max-video-preview":"max-video-preview:-1"},"canonical":"https:\/\/www.bedbugfoundation.org\/de\/who-are-we\/the-administration\/richard-naylor\/","og_locale":"de_DE","og_type":"article","og_title":"Dr. Richard Naylor - Bed Bug Foundation","og_description":"Email: richard@bedbugfoundation.org Phone: +44 1291 622409 I am an Entomologist based near Chepstow on the England-Wales boarder. I have worked on bed bugs since 2001 when I was introduced to a small captive population belonging to Prof. Mike Siva-Jothy of &hellip; Weiterlesen &rarr;","og_url":"https:\/\/www.bedbugfoundation.org\/de\/who-are-we\/the-administration\/richard-naylor\/","og_site_name":"Bed Bug Foundation","article_modified_time":"2026-02-11T15:54:20+00:00","og_image":[{"width":176,"height":176,"url":"https:\/\/www.bedbugfoundation.org\/wp-content\/uploads\/2021\/02\/Richard_Naylor.jpg","type":"image\/jpeg"}],"twitter_card":"summary_large_image","twitter_misc":{"Gesch\u00e4tzte Lesezeit":"2\u00a0Minuten"},"schema":{"@context":"https:\/\/schema.org","@graph":[{"@type":"WebPage","@id":"https:\/\/www.bedbugfoundation.org\/who-are-we\/the-administration\/richard-naylor\/","url":"https:\/\/www.bedbugfoundation.org\/who-are-we\/the-administration\/richard-naylor\/","name":"Dr. Richard Naylor - Stiftung f\u00fcr Bettwanzen","isPartOf":{"@id":"https:\/\/www.bedbugfoundation.org\/#website"},"primaryImageOfPage":{"@id":"https:\/\/www.bedbugfoundation.org\/who-are-we\/the-administration\/richard-naylor\/#primaryimage"},"image":{"@id":"https:\/\/www.bedbugfoundation.org\/who-are-we\/the-administration\/richard-naylor\/#primaryimage"},"thumbnailUrl":"https:\/\/www.bedbugfoundation.org\/wp-content\/uploads\/2021\/02\/Richard_Naylor.jpg","datePublished":"2012-12-20T11:31:55+00:00","dateModified":"2026-02-11T15:54:20+00:00","breadcrumb":{"@id":"https:\/\/www.bedbugfoundation.org\/who-are-we\/the-administration\/richard-naylor\/#breadcrumb"},"inLanguage":"de","potentialAction":[{"@type":"ReadAction","target":["https:\/\/www.bedbugfoundation.org\/who-are-we\/the-administration\/richard-naylor\/"]}]},{"@type":"ImageObject","inLanguage":"de","@id":"https:\/\/www.bedbugfoundation.org\/who-are-we\/the-administration\/richard-naylor\/#primaryimage","url":"https:\/\/www.bedbugfoundation.org\/wp-content\/uploads\/2021\/02\/Richard_Naylor.jpg","contentUrl":"https:\/\/www.bedbugfoundation.org\/wp-content\/uploads\/2021\/02\/Richard_Naylor.jpg"},{"@type":"BreadcrumbList","@id":"https:\/\/www.bedbugfoundation.org\/who-are-we\/the-administration\/richard-naylor\/#breadcrumb","itemListElement":[{"@type":"ListItem","position":1,"name":"Home","item":"https:\/\/www.bedbugfoundation.org\/"},{"@type":"ListItem","position":2,"name":"Who Are We?","item":"https:\/\/www.bedbugfoundation.org\/who-are-we\/"},{"@type":"ListItem","position":3,"name":"Foundation Leadership","item":"https:\/\/www.bedbugfoundation.org\/who-are-we\/the-administration\/"},{"@type":"ListItem","position":4,"name":"Dr. Richard Naylor"}]},{"@type":"WebSite","@id":"https:\/\/www.bedbugfoundation.org\/#website","url":"https:\/\/www.bedbugfoundation.org\/","name":"Bettwanzen-Stiftung","description":"Startseite des Europ\u00e4ischen Verhaltenskodex f\u00fcr Bettwanzenmanagement","potentialAction":[{"@type":"SearchAction","target":{"@type":"EntryPoint","urlTemplate":"https:\/\/www.bedbugfoundation.org\/?s={search_term_string}"},"query-input":{"@type":"PropertyValueSpecification","valueRequired":true,"valueName":"search_term_string"}}],"inLanguage":"de"}]}},"_links":{"self":[{"href":"https:\/\/www.bedbugfoundation.org\/de\/wp-json\/wp\/v2\/pages\/68","targetHints":{"allow":["GET"]}}],"collection":[{"href":"https:\/\/www.bedbugfoundation.org\/de\/wp-json\/wp\/v2\/pages"}],"about":[{"href":"https:\/\/www.bedbugfoundation.org\/de\/wp-json\/wp\/v2\/types\/page"}],"author":[{"embeddable":true,"href":"https:\/\/www.bedbugfoundation.org\/de\/wp-json\/wp\/v2\/users\/1"}],"replies":[{"embeddable":true,"href":"https:\/\/www.bedbugfoundation.org\/de\/wp-json\/wp\/v2\/comments?post=68"}],"version-history":[{"count":29,"href":"https:\/\/www.bedbugfoundation.org\/de\/wp-json\/wp\/v2\/pages\/68\/revisions"}],"predecessor-version":[{"id":8651,"href":"https:\/\/www.bedbugfoundation.org\/de\/wp-json\/wp\/v2\/pages\/68\/revisions\/8651"}],"up":[{"embeddable":true,"href":"https:\/\/www.bedbugfoundation.org\/de\/wp-json\/wp\/v2\/pages\/8455"}],"wp:attachment":[{"href":"https:\/\/www.bedbugfoundation.org\/de\/wp-json\/wp\/v2\/media?parent=68"}],"curies":[{"name":"wp","href":"https:\/\/api.w.org\/{rel}","templated":true}]}}