{"id":7603,"date":"2020-11-17T13:03:27","date_gmt":"2020-11-17T13:03:27","guid":{"rendered":"https:\/\/www.bedbugfoundation.org\/?page_id=7603"},"modified":"2024-07-09T15:37:30","modified_gmt":"2024-07-09T14:37:30","slug":"assessor-area","status":"publish","type":"page","link":"https:\/\/www.bedbugfoundation.org\/de\/assessor-area\/","title":{"rendered":"Pr\u00fcfer-Bereich"},"content":{"rendered":"<style type=\"text\/css\">\n#foogallery-gallery-7613 .fg-image { width: 150px; }\n#foogallery-gallery-7613 { --fg-gutter: 5px; }<\/style>\n\t\t\t<div class=\"foogallery foogallery-container foogallery-default foogallery-lightbox-foobox fg-center fg-default fg-ready fg-light fg-border-thin fg-round-medium fg-shadow-outline fg-loading-default fg-loaded-fade-in fg-caption-always fg-hover-fade\" id=\"foogallery-gallery-7613\" data-foogallery=\"{&quot;item&quot;:{&quot;showCaptionTitle&quot;:false,&quot;showCaptionDescription&quot;:true},&quot;lazy&quot;:true}\" style=\"--fg-title-line-clamp: 0; --fg-description-line-clamp: 0;\" >\n\t<div class=\"fg-item fg-type-iframe fg-idle\"><figure class=\"fg-item-inner\"><a href=\"https:\/\/www.bedbugfoundation.org\/canine-detection-teams\/\" data-caption-desc=\"All Teams\" data-attachment-id=\"8670\" data-type=\"iframe\" class=\"fg-thumb\"><span class=\"fg-image-wrap\"><img decoding=\"async\" width=\"150\" height=\"150\" class=\"skip-lazy fg-image\" data-src-fg=\"https:\/\/www.bedbugfoundation.org\/wp-content\/uploads\/cache\/2020\/11\/all-teams-3\/712376783.png\" src=\"data:image\/svg+xml,%3Csvg%20xmlns%3D%22http%3A%2F%2Fwww.w3.org%2F2000%2Fsvg%22%20width%3D%22150%22%20height%3D%22150%22%20viewBox%3D%220%200%20150%20150%22%3E%3C%2Fsvg%3E\" loading=\"eager\"><\/span><span class=\"fg-image-overlay\"><\/span><\/a><figcaption class=\"fg-caption\"><div class=\"fg-caption-inner\"><div class=\"fg-caption-desc\">All Teams<\/div><\/div><\/figcaption><\/figure><div class=\"fg-loader\"><\/div><\/div><div class=\"fg-item fg-type-iframe fg-idle\"><figure class=\"fg-item-inner\"><a href=\"https:\/\/www.bedbugfoundation.org\/all-assessors\/\" data-caption-desc=\"Assessor Teams\" data-attachment-id=\"8671\" data-type=\"iframe\" class=\"fg-thumb\"><span class=\"fg-image-wrap\"><img decoding=\"async\" width=\"150\" height=\"150\" class=\"skip-lazy fg-image\" data-src-fg=\"https:\/\/www.bedbugfoundation.org\/wp-content\/uploads\/cache\/2020\/11\/assessor-icon-2\/4033020611.png\" src=\"data:image\/svg+xml,%3Csvg%20xmlns%3D%22http%3A%2F%2Fwww.w3.org%2F2000%2Fsvg%22%20width%3D%22150%22%20height%3D%22150%22%20viewBox%3D%220%200%20150%20150%22%3E%3C%2Fsvg%3E\" loading=\"eager\"><\/span><span class=\"fg-image-overlay\"><\/span><\/a><figcaption class=\"fg-caption\"><div class=\"fg-caption-inner\"><div class=\"fg-caption-desc\">Assessor Teams<\/div><\/div><\/figcaption><\/figure><div class=\"fg-loader\"><\/div><\/div><div class=\"fg-item fg-type-iframe fg-idle\"><figure class=\"fg-item-inner\"><a href=\"https:\/\/www.bedbugfoundation.org\/certification-calendar\/\" data-caption-desc=\"Certification Events\" data-attachment-id=\"8672\" data-type=\"iframe\" class=\"fg-thumb\"><span class=\"fg-image-wrap\"><img decoding=\"async\" width=\"150\" height=\"150\" class=\"skip-lazy fg-image\" data-src-fg=\"https:\/\/www.bedbugfoundation.org\/wp-content\/uploads\/cache\/2020\/11\/certification-1\/859464070.png\" src=\"data:image\/svg+xml,%3Csvg%20xmlns%3D%22http%3A%2F%2Fwww.w3.org%2F2000%2Fsvg%22%20width%3D%22150%22%20height%3D%22150%22%20viewBox%3D%220%200%20150%20150%22%3E%3C%2Fsvg%3E\" loading=\"eager\"><\/span><span class=\"fg-image-overlay\"><\/span><\/a><figcaption class=\"fg-caption\"><div class=\"fg-caption-inner\"><div class=\"fg-caption-desc\">Certification Events<\/div><\/div><\/figcaption><\/figure><div class=\"fg-loader\"><\/div><\/div><\/div>\n\n\n\n<p>Use the links above to navigate useful pages while the window bellow will enable the creation and editing of certification events, each being tied to the assessor who created them.<\/p>\n\n\n\n<p>For any queries or issues please contact us at help@bedbugfoundation.org and we will get back to you as soon as possible.<\/p>\n\n\n\n<p class=\"has-text-align-center has-large-font-size\"><strong>Event Managment<\/strong><\/p>\n\n\n\n<p>Please wait, the event managment window might take a moment to load:<\/p>\n\n\n\n<p><strong><strong>\n\n<script>\nvar wpAmeliaTimeZones = [\"Africa\\\/Abidjan\",\"Africa\\\/Accra\",\"Africa\\\/Addis_Ababa\",\"Africa\\\/Algiers\",\"Africa\\\/Asmara\",\"Africa\\\/Bamako\",\"Africa\\\/Bangui\",\"Africa\\\/Banjul\",\"Africa\\\/Bissau\",\"Africa\\\/Blantyre\",\"Africa\\\/Brazzaville\",\"Africa\\\/Bujumbura\",\"Africa\\\/Cairo\",\"Africa\\\/Casablanca\",\"Africa\\\/Ceuta\",\"Africa\\\/Conakry\",\"Africa\\\/Dakar\",\"Africa\\\/Dar_es_Salaam\",\"Africa\\\/Djibouti\",\"Africa\\\/Douala\",\"Africa\\\/El_Aaiun\",\"Africa\\\/Freetown\",\"Africa\\\/Gaborone\",\"Africa\\\/Harare\",\"Africa\\\/Johannesburg\",\"Africa\\\/Juba\",\"Africa\\\/Kampala\",\"Africa\\\/Khartoum\",\"Africa\\\/Kigali\",\"Africa\\\/Kinshasa\",\"Africa\\\/Lagos\",\"Africa\\\/Libreville\",\"Africa\\\/Lome\",\"Africa\\\/Luanda\",\"Africa\\\/Lubumbashi\",\"Africa\\\/Lusaka\",\"Africa\\\/Malabo\",\"Africa\\\/Maputo\",\"Africa\\\/Maseru\",\"Africa\\\/Mbabane\",\"Africa\\\/Mogadishu\",\"Africa\\\/Monrovia\",\"Africa\\\/Nairobi\",\"Africa\\\/Ndjamena\",\"Africa\\\/Niamey\",\"Africa\\\/Nouakchott\",\"Africa\\\/Ouagadougou\",\"Africa\\\/Porto-Novo\",\"Africa\\\/Sao_Tome\",\"Africa\\\/Tripoli\",\"Africa\\\/Tunis\",\"Africa\\\/Windhoek\",\"America\\\/Adak\",\"America\\\/Anchorage\",\"America\\\/Anguilla\",\"America\\\/Antigua\",\"America\\\/Araguaina\",\"America\\\/Argentina\\\/Buenos_Aires\",\"America\\\/Argentina\\\/Catamarca\",\"America\\\/Argentina\\\/Cordoba\",\"America\\\/Argentina\\\/Jujuy\",\"America\\\/Argentina\\\/La_Rioja\",\"America\\\/Argentina\\\/Mendoza\",\"America\\\/Argentina\\\/Rio_Gallegos\",\"America\\\/Argentina\\\/Salta\",\"America\\\/Argentina\\\/San_Juan\",\"America\\\/Argentina\\\/San_Luis\",\"America\\\/Argentina\\\/Tucuman\",\"America\\\/Argentina\\\/Ushuaia\",\"America\\\/Aruba\",\"America\\\/Asuncion\",\"America\\\/Atikokan\",\"America\\\/Bahia\",\"America\\\/Bahia_Banderas\",\"America\\\/Barbados\",\"America\\\/Belem\",\"America\\\/Belize\",\"America\\\/Blanc-Sablon\",\"America\\\/Boa_Vista\",\"America\\\/Bogota\",\"America\\\/Boise\",\"America\\\/Cambridge_Bay\",\"America\\\/Campo_Grande\",\"America\\\/Cancun\",\"America\\\/Caracas\",\"America\\\/Cayenne\",\"America\\\/Cayman\",\"America\\\/Chicago\",\"America\\\/Chihuahua\",\"America\\\/Ciudad_Juarez\",\"America\\\/Costa_Rica\",\"America\\\/Coyhaique\",\"America\\\/Creston\",\"America\\\/Cuiaba\",\"America\\\/Curacao\",\"America\\\/Danmarkshavn\",\"America\\\/Dawson\",\"America\\\/Dawson_Creek\",\"America\\\/Denver\",\"America\\\/Detroit\",\"America\\\/Dominica\",\"America\\\/Edmonton\",\"America\\\/Eirunepe\",\"America\\\/El_Salvador\",\"America\\\/Fort_Nelson\",\"America\\\/Fortaleza\",\"America\\\/Glace_Bay\",\"America\\\/Goose_Bay\",\"America\\\/Grand_Turk\",\"America\\\/Grenada\",\"America\\\/Guadeloupe\",\"America\\\/Guatemala\",\"America\\\/Guayaquil\",\"America\\\/Guyana\",\"America\\\/Halifax\",\"America\\\/Havana\",\"America\\\/Hermosillo\",\"America\\\/Indiana\\\/Indianapolis\",\"America\\\/Indiana\\\/Knox\",\"America\\\/Indiana\\\/Marengo\",\"America\\\/Indiana\\\/Petersburg\",\"America\\\/Indiana\\\/Tell_City\",\"America\\\/Indiana\\\/Vevay\",\"America\\\/Indiana\\\/Vincennes\",\"America\\\/Indiana\\\/Winamac\",\"America\\\/Inuvik\",\"America\\\/Iqaluit\",\"America\\\/Jamaica\",\"America\\\/Juneau\",\"America\\\/Kentucky\\\/Louisville\",\"America\\\/Kentucky\\\/Monticello\",\"America\\\/Kralendijk\",\"America\\\/La_Paz\",\"America\\\/Lima\",\"America\\\/Los_Angeles\",\"America\\\/Lower_Princes\",\"America\\\/Maceio\",\"America\\\/Managua\",\"America\\\/Manaus\",\"America\\\/Marigot\",\"America\\\/Martinique\",\"America\\\/Matamoros\",\"America\\\/Mazatlan\",\"America\\\/Menominee\",\"America\\\/Merida\",\"America\\\/Metlakatla\",\"America\\\/Mexico_City\",\"America\\\/Miquelon\",\"America\\\/Moncton\",\"America\\\/Monterrey\",\"America\\\/Montevideo\",\"America\\\/Montserrat\",\"America\\\/Nassau\",\"America\\\/New_York\",\"America\\\/Nome\",\"America\\\/Noronha\",\"America\\\/North_Dakota\\\/Beulah\",\"America\\\/North_Dakota\\\/Center\",\"America\\\/North_Dakota\\\/New_Salem\",\"America\\\/Nuuk\",\"America\\\/Ojinaga\",\"America\\\/Panama\",\"America\\\/Paramaribo\",\"America\\\/Phoenix\",\"America\\\/Port-au-Prince\",\"America\\\/Port_of_Spain\",\"America\\\/Porto_Velho\",\"America\\\/Puerto_Rico\",\"America\\\/Punta_Arenas\",\"America\\\/Rankin_Inlet\",\"America\\\/Recife\",\"America\\\/Regina\",\"America\\\/Resolute\",\"America\\\/Rio_Branco\",\"America\\\/Santarem\",\"America\\\/Santiago\",\"America\\\/Santo_Domingo\",\"America\\\/Sao_Paulo\",\"America\\\/Scoresbysund\",\"America\\\/Sitka\",\"America\\\/St_Barthelemy\",\"America\\\/St_Johns\",\"America\\\/St_Kitts\",\"America\\\/St_Lucia\",\"America\\\/St_Thomas\",\"America\\\/St_Vincent\",\"America\\\/Swift_Current\",\"America\\\/Tegucigalpa\",\"America\\\/Thule\",\"America\\\/Tijuana\",\"America\\\/Toronto\",\"America\\\/Tortola\",\"America\\\/Vancouver\",\"America\\\/Whitehorse\",\"America\\\/Winnipeg\",\"America\\\/Yakutat\",\"Antarctica\\\/Casey\",\"Antarctica\\\/Davis\",\"Antarctica\\\/DumontDUrville\",\"Antarctica\\\/Macquarie\",\"Antarctica\\\/Mawson\",\"Antarctica\\\/McMurdo\",\"Antarctica\\\/Palmer\",\"Antarctica\\\/Rothera\",\"Antarctica\\\/Syowa\",\"Antarctica\\\/Troll\",\"Antarctica\\\/Vostok\",\"Arctic\\\/Longyearbyen\",\"Asia\\\/Aden\",\"Asia\\\/Almaty\",\"Asia\\\/Amman\",\"Asia\\\/Anadyr\",\"Asia\\\/Aqtau\",\"Asia\\\/Aqtobe\",\"Asia\\\/Ashgabat\",\"Asia\\\/Atyrau\",\"Asia\\\/Baghdad\",\"Asia\\\/Bahrain\",\"Asia\\\/Baku\",\"Asia\\\/Bangkok\",\"Asia\\\/Barnaul\",\"Asia\\\/Beirut\",\"Asia\\\/Bishkek\",\"Asia\\\/Brunei\",\"Asia\\\/Chita\",\"Asia\\\/Colombo\",\"Asia\\\/Damascus\",\"Asia\\\/Dhaka\",\"Asia\\\/Dili\",\"Asia\\\/Dubai\",\"Asia\\\/Dushanbe\",\"Asia\\\/Famagusta\",\"Asia\\\/Gaza\",\"Asia\\\/Hebron\",\"Asia\\\/Ho_Chi_Minh\",\"Asia\\\/Hong_Kong\",\"Asia\\\/Hovd\",\"Asia\\\/Irkutsk\",\"Asia\\\/Jakarta\",\"Asia\\\/Jayapura\",\"Asia\\\/Jerusalem\",\"Asia\\\/Kabul\",\"Asia\\\/Kamchatka\",\"Asia\\\/Karachi\",\"Asia\\\/Kathmandu\",\"Asia\\\/Khandyga\",\"Asia\\\/Kolkata\",\"Asia\\\/Krasnoyarsk\",\"Asia\\\/Kuala_Lumpur\",\"Asia\\\/Kuching\",\"Asia\\\/Kuwait\",\"Asia\\\/Macau\",\"Asia\\\/Magadan\",\"Asia\\\/Makassar\",\"Asia\\\/Manila\",\"Asia\\\/Muscat\",\"Asia\\\/Nicosia\",\"Asia\\\/Novokuznetsk\",\"Asia\\\/Novosibirsk\",\"Asia\\\/Omsk\",\"Asia\\\/Oral\",\"Asia\\\/Phnom_Penh\",\"Asia\\\/Pontianak\",\"Asia\\\/Pyongyang\",\"Asia\\\/Qatar\",\"Asia\\\/Qostanay\",\"Asia\\\/Qyzylorda\",\"Asia\\\/Riyadh\",\"Asia\\\/Sakhalin\",\"Asia\\\/Samarkand\",\"Asia\\\/Seoul\",\"Asia\\\/Shanghai\",\"Asia\\\/Singapore\",\"Asia\\\/Srednekolymsk\",\"Asia\\\/Taipei\",\"Asia\\\/Tashkent\",\"Asia\\\/Tbilisi\",\"Asia\\\/Tehran\",\"Asia\\\/Thimphu\",\"Asia\\\/Tokyo\",\"Asia\\\/Tomsk\",\"Asia\\\/Ulaanbaatar\",\"Asia\\\/Urumqi\",\"Asia\\\/Ust-Nera\",\"Asia\\\/Vientiane\",\"Asia\\\/Vladivostok\",\"Asia\\\/Yakutsk\",\"Asia\\\/Yangon\",\"Asia\\\/Yekaterinburg\",\"Asia\\\/Yerevan\",\"Atlantic\\\/Azores\",\"Atlantic\\\/Bermuda\",\"Atlantic\\\/Canary\",\"Atlantic\\\/Cape_Verde\",\"Atlantic\\\/Faroe\",\"Atlantic\\\/Madeira\",\"Atlantic\\\/Reykjavik\",\"Atlantic\\\/South_Georgia\",\"Atlantic\\\/St_Helena\",\"Atlantic\\\/Stanley\",\"Australia\\\/Adelaide\",\"Australia\\\/Brisbane\",\"Australia\\\/Broken_Hill\",\"Australia\\\/Darwin\",\"Australia\\\/Eucla\",\"Australia\\\/Hobart\",\"Australia\\\/Lindeman\",\"Australia\\\/Lord_Howe\",\"Australia\\\/Melbourne\",\"Australia\\\/Perth\",\"Australia\\\/Sydney\",\"Europe\\\/Amsterdam\",\"Europe\\\/Andorra\",\"Europe\\\/Astrakhan\",\"Europe\\\/Athens\",\"Europe\\\/Belgrade\",\"Europe\\\/Berlin\",\"Europe\\\/Bratislava\",\"Europe\\\/Brussels\",\"Europe\\\/Bucharest\",\"Europe\\\/Budapest\",\"Europe\\\/Busingen\",\"Europe\\\/Chisinau\",\"Europe\\\/Copenhagen\",\"Europe\\\/Dublin\",\"Europe\\\/Gibraltar\",\"Europe\\\/Guernsey\",\"Europe\\\/Helsinki\",\"Europe\\\/Isle_of_Man\",\"Europe\\\/Istanbul\",\"Europe\\\/Jersey\",\"Europe\\\/Kaliningrad\",\"Europe\\\/Kirov\",\"Europe\\\/Kyiv\",\"Europe\\\/Lisbon\",\"Europe\\\/Ljubljana\",\"Europe\\\/London\",\"Europe\\\/Luxembourg\",\"Europe\\\/Madrid\",\"Europe\\\/Malta\",\"Europe\\\/Mariehamn\",\"Europe\\\/Minsk\",\"Europe\\\/Monaco\",\"Europe\\\/Moscow\",\"Europe\\\/Oslo\",\"Europe\\\/Paris\",\"Europe\\\/Podgorica\",\"Europe\\\/Prague\",\"Europe\\\/Riga\",\"Europe\\\/Rome\",\"Europe\\\/Samara\",\"Europe\\\/San_Marino\",\"Europe\\\/Sarajevo\",\"Europe\\\/Saratov\",\"Europe\\\/Simferopol\",\"Europe\\\/Skopje\",\"Europe\\\/Sofia\",\"Europe\\\/Stockholm\",\"Europe\\\/Tallinn\",\"Europe\\\/Tirane\",\"Europe\\\/Ulyanovsk\",\"Europe\\\/Vaduz\",\"Europe\\\/Vatican\",\"Europe\\\/Vienna\",\"Europe\\\/Vilnius\",\"Europe\\\/Volgograd\",\"Europe\\\/Warsaw\",\"Europe\\\/Zagreb\",\"Europe\\\/Zurich\",\"Indian\\\/Antananarivo\",\"Indian\\\/Chagos\",\"Indian\\\/Christmas\",\"Indian\\\/Cocos\",\"Indian\\\/Comoro\",\"Indian\\\/Kerguelen\",\"Indian\\\/Mahe\",\"Indian\\\/Maldives\",\"Indian\\\/Mauritius\",\"Indian\\\/Mayotte\",\"Indian\\\/Reunion\",\"Pacific\\\/Apia\",\"Pacific\\\/Auckland\",\"Pacific\\\/Bougainville\",\"Pacific\\\/Chatham\",\"Pacific\\\/Chuuk\",\"Pacific\\\/Easter\",\"Pacific\\\/Efate\",\"Pacific\\\/Fakaofo\",\"Pacific\\\/Fiji\",\"Pacific\\\/Funafuti\",\"Pacific\\\/Galapagos\",\"Pacific\\\/Gambier\",\"Pacific\\\/Guadalcanal\",\"Pacific\\\/Guam\",\"Pacific\\\/Honolulu\",\"Pacific\\\/Kanton\",\"Pacific\\\/Kiritimati\",\"Pacific\\\/Kosrae\",\"Pacific\\\/Kwajalein\",\"Pacific\\\/Majuro\",\"Pacific\\\/Marquesas\",\"Pacific\\\/Midway\",\"Pacific\\\/Nauru\",\"Pacific\\\/Niue\",\"Pacific\\\/Norfolk\",\"Pacific\\\/Noumea\",\"Pacific\\\/Pago_Pago\",\"Pacific\\\/Palau\",\"Pacific\\\/Pitcairn\",\"Pacific\\\/Pohnpei\",\"Pacific\\\/Port_Moresby\",\"Pacific\\\/Rarotonga\",\"Pacific\\\/Saipan\",\"Pacific\\\/Tahiti\",\"Pacific\\\/Tarawa\",\"Pacific\\\/Tongatapu\",\"Pacific\\\/Wake\",\"Pacific\\\/Wallis\",\"UTC\"];  var bookingEntitiesIds = (typeof bookingEntitiesIds === 'undefined') ? [] : bookingEntitiesIds;\n  bookingEntitiesIds.push(\n    {\n      'hasApiCall': 1,\n      'trigger': '',\n      'counter': '1000',\n      'cabinetType': 'employee',\n      'appointments': '',\n      'events': '1',\n      'profile': ''\n    }\n  );\n\n<\/script>\n\n<script>\n    var ameliaShortcodeData = bookingEntitiesIds;\n    var ameliaShortcodeDataTriggered = (typeof ameliaShortcodeDataTriggered === 'undefined') ? [] : ameliaShortcodeDataTriggered;\n    if (ameliaShortcodeData[ameliaShortcodeData.length - 1].trigger !== '') {\n        if (ameliaShortcodeDataTriggered.filter(a => a.counter === ameliaShortcodeData[ameliaShortcodeData.length - 1].counter).length === 0) {\n            ameliaShortcodeDataTriggered.push(ameliaShortcodeData.pop());\n        } else {\n            ameliaShortcodeData.pop()\n        }\n    }\n<\/script>\n\n<div\n    id=\"amelia-v2-booking-1000\"\n    class=\"amelia-v2-booking \"\n>\n    <customer-panel-wrapper><\/customer-panel-wrapper>\n<\/div>\n<\/strong><\/strong><\/p>\n\n\n\n<p>Please login using your separate <strong>event managment account<\/strong> that has been emailed to you, <strong>NOT <\/strong>your bed bug foundation account.<\/p>\n\n\n\n<p>If you are stuggleing to use the event managment window then plase follow the instructions in the links bellow:<\/p>\n\n\n\n<div class=\"wp-block-buttons is-content-justification-center is-layout-flex wp-container-core-buttons-is-layout-16018d1d wp-block-buttons-is-layout-flex\">\n<div class=\"wp-block-button is-style-outline is-style-outline--1\"><a class=\"wp-block-button__link wp-element-button\" href=\"https:\/\/www.bedbugfoundation.org\/help\/event-managment-explained\/\">Event Managment Explained<\/a><\/div>\n\n\n\n<div class=\"wp-block-button is-style-outline is-style-outline--2\"><a class=\"wp-block-button__link wp-element-button\" href=\"https:\/\/www.bedbugfoundation.org\/help\/connect-to-the-event-calendar\/\">Connect to the Event Calendar<\/a><\/div>\n<\/div>\n\n\n\n<div style=\"height:36px\" aria-hidden=\"true\" class=\"wp-block-spacer\"><\/div>\n\n\n\n<p class=\"has-text-align-center\">The Link bellow is for ADMINISTRATION use only, not for assessors.<\/p>\n\n\n\n<div class=\"wp-block-buttons is-content-justification-center is-layout-flex wp-container-core-buttons-is-layout-16018d1d wp-block-buttons-is-layout-flex\">\n<div class=\"wp-block-button is-style-outline is-style-outline--3\"><a class=\"wp-block-button__link wp-element-button\" href=\"https:\/\/cimexstore.co.uk\/product\/bbf-exam-kit\/\">For ADMIN only: Exam Kit Purchase Link<\/a><\/div>\n<\/div>\n","protected":false},"excerpt":{"rendered":"<p>Verwenden Sie die Links oben, um durch n\u00fctzliche Seiten zu navigieren, w\u00e4hrend das Fenster unten die Erstellung und Bearbeitung von Zertifizierungsereignissen erm\u00f6glicht, wobei jedes an den Assessor gebunden ist, der es erstellt hat. Bei Fragen oder Problemen kontaktieren Sie uns bitte unter help@bedbugfoundation.org... <a href=\"https:\/\/www.bedbugfoundation.org\/de\/assessor-area\/\">Weiterlesen <span class=\"meta-nav\">\u2192<\/span><\/a><\/p>","protected":false},"author":195,"featured_media":0,"parent":0,"menu_order":0,"comment_status":"closed","ping_status":"closed","template":"","meta":{"_bbp_topic_count":0,"_bbp_reply_count":0,"_bbp_total_topic_count":0,"_bbp_total_reply_count":0,"_bbp_voice_count":0,"_bbp_anonymous_reply_count":0,"_bbp_topic_count_hidden":0,"_bbp_reply_count_hidden":0,"_bbp_forum_subforum_count":0,"footnotes":""},"class_list":["post-7603","page","type-page","status-publish","hentry"],"yoast_head":"<!-- This site is optimized with the Yoast SEO plugin v27.4 - https:\/\/yoast.com\/product\/yoast-seo-wordpress\/ -->\n<title>Assessor Area - Bed Bug Foundation<\/title>\n<meta name=\"robots\" content=\"index, follow, max-snippet:-1, max-image-preview:large, max-video-preview:-1\" \/>\n<link rel=\"canonical\" href=\"https:\/\/www.bedbugfoundation.org\/de\/assessor-area\/\" \/>\n<meta property=\"og:locale\" content=\"de_DE\" \/>\n<meta property=\"og:type\" content=\"article\" \/>\n<meta property=\"og:title\" content=\"Assessor Area - Bed Bug Foundation\" \/>\n<meta property=\"og:description\" content=\"Use the links above to navigate useful pages while the window bellow will enable the creation and editing of certification events, each being tied to the assessor who created them. For any queries or issues please contact us at help@bedbugfoundation.org &hellip; Weiterlesen &rarr;\" \/>\n<meta property=\"og:url\" content=\"https:\/\/www.bedbugfoundation.org\/de\/assessor-area\/\" \/>\n<meta property=\"og:site_name\" content=\"Bed Bug Foundation\" \/>\n<meta property=\"article:modified_time\" content=\"2024-07-09T14:37:30+00:00\" \/>\n<meta name=\"twitter:card\" content=\"summary_large_image\" \/>\n<meta name=\"twitter:label1\" content=\"Gesch\u00e4tzte Lesezeit\" \/>\n\t<meta name=\"twitter:data1\" content=\"1\u00a0Minute\" \/>\n<script type=\"application\/ld+json\" class=\"yoast-schema-graph\">{\"@context\":\"https:\\\/\\\/schema.org\",\"@graph\":[{\"@type\":\"WebPage\",\"@id\":\"https:\\\/\\\/www.bedbugfoundation.org\\\/assessor-area\\\/\",\"url\":\"https:\\\/\\\/www.bedbugfoundation.org\\\/assessor-area\\\/\",\"name\":\"Assessor Area - Bed Bug Foundation\",\"isPartOf\":{\"@id\":\"https:\\\/\\\/www.bedbugfoundation.org\\\/#website\"},\"datePublished\":\"2020-11-17T13:03:27+00:00\",\"dateModified\":\"2024-07-09T14:37:30+00:00\",\"breadcrumb\":{\"@id\":\"https:\\\/\\\/www.bedbugfoundation.org\\\/assessor-area\\\/#breadcrumb\"},\"inLanguage\":\"de\",\"potentialAction\":[{\"@type\":\"ReadAction\",\"target\":[\"https:\\\/\\\/www.bedbugfoundation.org\\\/assessor-area\\\/\"]}]},{\"@type\":\"BreadcrumbList\",\"@id\":\"https:\\\/\\\/www.bedbugfoundation.org\\\/assessor-area\\\/#breadcrumb\",\"itemListElement\":[{\"@type\":\"ListItem\",\"position\":1,\"name\":\"Home\",\"item\":\"https:\\\/\\\/www.bedbugfoundation.org\\\/\"},{\"@type\":\"ListItem\",\"position\":2,\"name\":\"Assessor Area\"}]},{\"@type\":\"WebSite\",\"@id\":\"https:\\\/\\\/www.bedbugfoundation.org\\\/#website\",\"url\":\"https:\\\/\\\/www.bedbugfoundation.org\\\/\",\"name\":\"Bed Bug Foundation\",\"description\":\"Home of the European Code of Practice for Bed Bug Management\",\"potentialAction\":[{\"@type\":\"SearchAction\",\"target\":{\"@type\":\"EntryPoint\",\"urlTemplate\":\"https:\\\/\\\/www.bedbugfoundation.org\\\/?s={search_term_string}\"},\"query-input\":{\"@type\":\"PropertyValueSpecification\",\"valueRequired\":true,\"valueName\":\"search_term_string\"}}],\"inLanguage\":\"de\"}]}<\/script>\n<!-- \/ Yoast SEO plugin. -->","yoast_head_json":{"title":"Assessor Area - Stiftung Bettwanzen","robots":{"index":"index","follow":"follow","max-snippet":"max-snippet:-1","max-image-preview":"max-image-preview:large","max-video-preview":"max-video-preview:-1"},"canonical":"https:\/\/www.bedbugfoundation.org\/de\/assessor-area\/","og_locale":"de_DE","og_type":"article","og_title":"Assessor Area - Bed Bug Foundation","og_description":"Use the links above to navigate useful pages while the window bellow will enable the creation and editing of certification events, each being tied to the assessor who created them. For any queries or issues please contact us at help@bedbugfoundation.org &hellip; Weiterlesen &rarr;","og_url":"https:\/\/www.bedbugfoundation.org\/de\/assessor-area\/","og_site_name":"Bed Bug Foundation","article_modified_time":"2024-07-09T14:37:30+00:00","twitter_card":"summary_large_image","twitter_misc":{"Gesch\u00e4tzte Lesezeit":"1\u00a0Minute"},"schema":{"@context":"https:\/\/schema.org","@graph":[{"@type":"WebPage","@id":"https:\/\/www.bedbugfoundation.org\/assessor-area\/","url":"https:\/\/www.bedbugfoundation.org\/assessor-area\/","name":"Assessor Area - Stiftung Bettwanzen","isPartOf":{"@id":"https:\/\/www.bedbugfoundation.org\/#website"},"datePublished":"2020-11-17T13:03:27+00:00","dateModified":"2024-07-09T14:37:30+00:00","breadcrumb":{"@id":"https:\/\/www.bedbugfoundation.org\/assessor-area\/#breadcrumb"},"inLanguage":"de","potentialAction":[{"@type":"ReadAction","target":["https:\/\/www.bedbugfoundation.org\/assessor-area\/"]}]},{"@type":"BreadcrumbList","@id":"https:\/\/www.bedbugfoundation.org\/assessor-area\/#breadcrumb","itemListElement":[{"@type":"ListItem","position":1,"name":"Home","item":"https:\/\/www.bedbugfoundation.org\/"},{"@type":"ListItem","position":2,"name":"Assessor Area"}]},{"@type":"WebSite","@id":"https:\/\/www.bedbugfoundation.org\/#website","url":"https:\/\/www.bedbugfoundation.org\/","name":"Bettwanzen-Stiftung","description":"Startseite des Europ\u00e4ischen Verhaltenskodex f\u00fcr Bettwanzenmanagement","potentialAction":[{"@type":"SearchAction","target":{"@type":"EntryPoint","urlTemplate":"https:\/\/www.bedbugfoundation.org\/?s={search_term_string}"},"query-input":{"@type":"PropertyValueSpecification","valueRequired":true,"valueName":"search_term_string"}}],"inLanguage":"de"}]}},"_links":{"self":[{"href":"https:\/\/www.bedbugfoundation.org\/de\/wp-json\/wp\/v2\/pages\/7603","targetHints":{"allow":["GET"]}}],"collection":[{"href":"https:\/\/www.bedbugfoundation.org\/de\/wp-json\/wp\/v2\/pages"}],"about":[{"href":"https:\/\/www.bedbugfoundation.org\/de\/wp-json\/wp\/v2\/types\/page"}],"author":[{"embeddable":true,"href":"https:\/\/www.bedbugfoundation.org\/de\/wp-json\/wp\/v2\/users\/195"}],"replies":[{"embeddable":true,"href":"https:\/\/www.bedbugfoundation.org\/de\/wp-json\/wp\/v2\/comments?post=7603"}],"version-history":[{"count":12,"href":"https:\/\/www.bedbugfoundation.org\/de\/wp-json\/wp\/v2\/pages\/7603\/revisions"}],"predecessor-version":[{"id":10142,"href":"https:\/\/www.bedbugfoundation.org\/de\/wp-json\/wp\/v2\/pages\/7603\/revisions\/10142"}],"wp:attachment":[{"href":"https:\/\/www.bedbugfoundation.org\/de\/wp-json\/wp\/v2\/media?parent=7603"}],"curies":[{"name":"wp","href":"https:\/\/api.w.org\/{rel}","templated":true}]}}