{"id":8281,"date":"2021-02-10T15:22:49","date_gmt":"2021-02-10T15:22:49","guid":{"rendered":"https:\/\/www.bedbugfoundation.org\/?page_id=8281"},"modified":"2023-12-13T09:30:27","modified_gmt":"2023-12-13T09:30:27","slug":"brian-leith","status":"publish","type":"page","link":"https:\/\/www.bedbugfoundation.org\/de\/who-are-we\/the-canine-leadership\/brian-leith\/","title":{"rendered":"Brian Leith"},"content":{"rendered":"<p><strong>E-Mail: <\/strong><a href=\"mailto:BDLCanineServices@outlook.com\">BDLCanineServices@outlook.com<\/a><\/p>\n\n\n<div class=\"wp-block-image\">\n<figure class=\"alignright size-large is-resized\"><a href=\"https:\/\/www.bedbugfoundation.org\/wp-content\/uploads\/2021\/02\/Brian-Leith-1.jpg\"><img loading=\"lazy\" decoding=\"async\" width=\"1024\" height=\"845\" src=\"https:\/\/www.bedbugfoundation.org\/wp-content\/uploads\/2021\/02\/Brian-Leith-1-1024x845.jpg\" alt=\"\" class=\"wp-image-8283\" style=\"width:256px;height:211px\" srcset=\"https:\/\/www.bedbugfoundation.org\/wp-content\/uploads\/2021\/02\/Brian-Leith-1-1024x845.jpg 1024w, https:\/\/www.bedbugfoundation.org\/wp-content\/uploads\/2021\/02\/Brian-Leith-1-300x248.jpg 300w, https:\/\/www.bedbugfoundation.org\/wp-content\/uploads\/2021\/02\/Brian-Leith-1-768x634.jpg 768w, https:\/\/www.bedbugfoundation.org\/wp-content\/uploads\/2021\/02\/Brian-Leith-1-1536x1267.jpg 1536w, https:\/\/www.bedbugfoundation.org\/wp-content\/uploads\/2021\/02\/Brian-Leith-1-16x12.jpg 16w, https:\/\/www.bedbugfoundation.org\/wp-content\/uploads\/2021\/02\/Brian-Leith-1-364x300.jpg 364w, https:\/\/www.bedbugfoundation.org\/wp-content\/uploads\/2021\/02\/Brian-Leith-1-73x60.jpg 73w, https:\/\/www.bedbugfoundation.org\/wp-content\/uploads\/2021\/02\/Brian-Leith-1-109x90.jpg 109w, https:\/\/www.bedbugfoundation.org\/wp-content\/uploads\/2021\/02\/Brian-Leith-1.jpg 1926w\" sizes=\"auto, (max-width: 1024px) 100vw, 1024px\" \/><\/a><\/figure>\n<\/div>\n\n\n<p>W\u00e4hrend meiner Dienstzeit bei der Royal Air Force Police qualifizierte ich mich als Milit\u00e4rhundef\u00fchrer.  Im Laufe meiner Karriere und mit Bef\u00f6rderungen qualifizierte ich mich und \u00fcbernahm verschiedene andere Aufgaben, darunter Sonderermittlungen, die Teilnahme an verschiedenen zivilen Polizeischulungen, Gegenspionage, Ausbilderaufgaben und Lufttransport-Sicherheit.  All diese Aufgaben gaben mir die M\u00f6glichkeit, die Welt zu bereisen, an einige sch\u00f6ne und weniger sch\u00f6ne Orte!  Trotzdem war ich immer noch aktiv an der Hundeausbildung beteiligt und hatte die Gesamtverantwortung f\u00fcr die Hundesektionen.<\/p>\n\n\n\n<p>Nach meinem Ausscheiden aus dem Milit\u00e4r wurde ich ausgebildet und f\u00fchrte operative Aufgaben im Bereich der Sprengstoff- und Drogensp\u00fcrhunde aus, wo ich erfolgreich bei hochkar\u00e4tigen Veranstaltungen wie den Olympischen Spielen in London und Royal Ascot gearbeitet habe.  Ich habe meine Lehrbef\u00e4higung (PTLLS) erworben und war stark an der Erst- und Fortbildung von Hunden und Hundef\u00fchrern in einer Vielzahl von Disziplinen beteiligt.<\/p>\n\n\n\n<p>Ich habe vor fast 10 Jahren eine Ausbildung zum Bettwanzensuchhundef\u00fchrer absolviert und neben der Ausbildung von Hunden und Hundef\u00fchrern habe ich an verschiedenen Orten in ganz Gro\u00dfbritannien Suchaktionen durchgef\u00fchrt, darunter Hotels, Wohnheime, Pflegeheime, Kinderabenteuerzentren, Sozialwohnungen, Privatwohnungen und Haftanstalten. Ich bin seit kurzem Assessor f\u00fcr die Bed Bug Foundation (BBF) und habe gerade in der neuen Rolle als BBF-Repr\u00e4sentant f\u00fcr Gro\u00dfbritannien angefangen.  Beide Positionen, die ich gerne aus\u00fcbe.<\/p>\n\n\n\n<p>Ich genie\u00dfe die Arbeit mit Hunden, das Erlernen neuer F\u00e4higkeiten und die Entwicklung von Hundef\u00fchrern.  Ich habe mein Wissen weiter vertieft, indem ich vor kurzem einen Foundation Degree in Science, Canine Studies (mit Auszeichnung) absolviert und erhalten habe.<\/p>\n\n\n\n<p>Ich engagiere mich bei der BBF, weil ich glaube, dass sie eine Organisation ist, die entschlossen ist und durch unabh\u00e4ngige Beurteilungen sicherstellen kann, dass ihre Hundeteams seri\u00f6s sind und einen hohen Standard haben.  Dies kann jedoch nur mit der richtigen Erstausbildung und kontinuierlichen Schulung erfolgen. &nbsp;<\/p>","protected":false},"excerpt":{"rendered":"<p>Email: BDLCanineServices@outlook.com Whilst serving in the Royal Air Force Police I qualified as a military dog handler. &nbsp;As my career progressed and with promotions, I qualified and carried out various other roles including, Special Investigations undertaking several Civilian Police training &hellip; <a href=\"https:\/\/www.bedbugfoundation.org\/de\/who-are-we\/the-canine-leadership\/brian-leith\/\">Weiterlesen <span class=\"meta-nav\">\u2192<\/span><\/a><\/p>","protected":false},"author":195,"featured_media":0,"parent":8297,"menu_order":0,"comment_status":"closed","ping_status":"closed","template":"","meta":{"_bbp_topic_count":0,"_bbp_reply_count":0,"_bbp_total_topic_count":0,"_bbp_total_reply_count":0,"_bbp_voice_count":0,"_bbp_anonymous_reply_count":0,"_bbp_topic_count_hidden":0,"_bbp_reply_count_hidden":0,"_bbp_forum_subforum_count":0,"footnotes":""},"class_list":["post-8281","page","type-page","status-publish","hentry"],"yoast_head":"<!-- This site is optimized with the Yoast SEO plugin v27.4 - https:\/\/yoast.com\/product\/yoast-seo-wordpress\/ -->\n<title>Brian Leith - Bed Bug Foundation<\/title>\n<meta name=\"robots\" content=\"index, follow, max-snippet:-1, max-image-preview:large, max-video-preview:-1\" \/>\n<link rel=\"canonical\" href=\"https:\/\/www.bedbugfoundation.org\/de\/who-are-we\/the-canine-leadership\/brian-leith\/\" \/>\n<meta property=\"og:locale\" content=\"de_DE\" \/>\n<meta property=\"og:type\" content=\"article\" \/>\n<meta property=\"og:title\" content=\"Brian Leith - Bed Bug Foundation\" \/>\n<meta property=\"og:description\" content=\"Email: BDLCanineServices@outlook.com Whilst serving in the Royal Air Force Police I qualified as a military dog handler. &nbsp;As my career progressed and with promotions, I qualified and carried out various other roles including, Special Investigations undertaking several Civilian Police training &hellip; Weiterlesen &rarr;\" \/>\n<meta property=\"og:url\" content=\"https:\/\/www.bedbugfoundation.org\/de\/who-are-we\/the-canine-leadership\/brian-leith\/\" \/>\n<meta property=\"og:site_name\" content=\"Bed Bug Foundation\" \/>\n<meta property=\"article:modified_time\" content=\"2023-12-13T09:30:27+00:00\" \/>\n<meta property=\"og:image\" content=\"https:\/\/www.bedbugfoundation.org\/wp-content\/uploads\/2021\/02\/Brian-Leith-1-1024x845.jpg\" \/>\n<meta name=\"twitter:card\" content=\"summary_large_image\" \/>\n<meta name=\"twitter:label1\" content=\"Gesch\u00e4tzte Lesezeit\" \/>\n\t<meta name=\"twitter:data1\" content=\"2\u00a0Minuten\" \/>\n<script type=\"application\/ld+json\" class=\"yoast-schema-graph\">{\"@context\":\"https:\\\/\\\/schema.org\",\"@graph\":[{\"@type\":\"WebPage\",\"@id\":\"https:\\\/\\\/www.bedbugfoundation.org\\\/who-are-we\\\/the-canine-leadership\\\/brian-leith\\\/\",\"url\":\"https:\\\/\\\/www.bedbugfoundation.org\\\/who-are-we\\\/the-canine-leadership\\\/brian-leith\\\/\",\"name\":\"Brian Leith - Bed Bug Foundation\",\"isPartOf\":{\"@id\":\"https:\\\/\\\/www.bedbugfoundation.org\\\/#website\"},\"primaryImageOfPage\":{\"@id\":\"https:\\\/\\\/www.bedbugfoundation.org\\\/who-are-we\\\/the-canine-leadership\\\/brian-leith\\\/#primaryimage\"},\"image\":{\"@id\":\"https:\\\/\\\/www.bedbugfoundation.org\\\/who-are-we\\\/the-canine-leadership\\\/brian-leith\\\/#primaryimage\"},\"thumbnailUrl\":\"https:\\\/\\\/www.bedbugfoundation.org\\\/wp-content\\\/uploads\\\/2021\\\/02\\\/Brian-Leith-1-1024x845.jpg\",\"datePublished\":\"2021-02-10T15:22:49+00:00\",\"dateModified\":\"2023-12-13T09:30:27+00:00\",\"breadcrumb\":{\"@id\":\"https:\\\/\\\/www.bedbugfoundation.org\\\/who-are-we\\\/the-canine-leadership\\\/brian-leith\\\/#breadcrumb\"},\"inLanguage\":\"de\",\"potentialAction\":[{\"@type\":\"ReadAction\",\"target\":[\"https:\\\/\\\/www.bedbugfoundation.org\\\/who-are-we\\\/the-canine-leadership\\\/brian-leith\\\/\"]}]},{\"@type\":\"ImageObject\",\"inLanguage\":\"de\",\"@id\":\"https:\\\/\\\/www.bedbugfoundation.org\\\/who-are-we\\\/the-canine-leadership\\\/brian-leith\\\/#primaryimage\",\"url\":\"https:\\\/\\\/www.bedbugfoundation.org\\\/wp-content\\\/uploads\\\/2021\\\/02\\\/Brian-Leith-1-1024x845.jpg\",\"contentUrl\":\"https:\\\/\\\/www.bedbugfoundation.org\\\/wp-content\\\/uploads\\\/2021\\\/02\\\/Brian-Leith-1-1024x845.jpg\"},{\"@type\":\"BreadcrumbList\",\"@id\":\"https:\\\/\\\/www.bedbugfoundation.org\\\/who-are-we\\\/the-canine-leadership\\\/brian-leith\\\/#breadcrumb\",\"itemListElement\":[{\"@type\":\"ListItem\",\"position\":1,\"name\":\"Home\",\"item\":\"https:\\\/\\\/www.bedbugfoundation.org\\\/\"},{\"@type\":\"ListItem\",\"position\":2,\"name\":\"Who Are We?\",\"item\":\"https:\\\/\\\/www.bedbugfoundation.org\\\/who-are-we\\\/\"},{\"@type\":\"ListItem\",\"position\":3,\"name\":\"Canine Leadership\",\"item\":\"https:\\\/\\\/www.bedbugfoundation.org\\\/fr\\\/who-are-we\\\/the-canine-leadership\\\/\"},{\"@type\":\"ListItem\",\"position\":4,\"name\":\"Brian Leith\"}]},{\"@type\":\"WebSite\",\"@id\":\"https:\\\/\\\/www.bedbugfoundation.org\\\/#website\",\"url\":\"https:\\\/\\\/www.bedbugfoundation.org\\\/\",\"name\":\"Bed Bug Foundation\",\"description\":\"Home of the European Code of Practice for Bed Bug Management\",\"potentialAction\":[{\"@type\":\"SearchAction\",\"target\":{\"@type\":\"EntryPoint\",\"urlTemplate\":\"https:\\\/\\\/www.bedbugfoundation.org\\\/?s={search_term_string}\"},\"query-input\":{\"@type\":\"PropertyValueSpecification\",\"valueRequired\":true,\"valueName\":\"search_term_string\"}}],\"inLanguage\":\"de\"}]}<\/script>\n<!-- \/ Yoast SEO plugin. -->","yoast_head_json":{"title":"Brian Leith - Stiftung f\u00fcr Bettwanzen","robots":{"index":"index","follow":"follow","max-snippet":"max-snippet:-1","max-image-preview":"max-image-preview:large","max-video-preview":"max-video-preview:-1"},"canonical":"https:\/\/www.bedbugfoundation.org\/de\/who-are-we\/the-canine-leadership\/brian-leith\/","og_locale":"de_DE","og_type":"article","og_title":"Brian Leith - Bed Bug Foundation","og_description":"Email: BDLCanineServices@outlook.com Whilst serving in the Royal Air Force Police I qualified as a military dog handler. &nbsp;As my career progressed and with promotions, I qualified and carried out various other roles including, Special Investigations undertaking several Civilian Police training &hellip; Weiterlesen &rarr;","og_url":"https:\/\/www.bedbugfoundation.org\/de\/who-are-we\/the-canine-leadership\/brian-leith\/","og_site_name":"Bed Bug Foundation","article_modified_time":"2023-12-13T09:30:27+00:00","og_image":[{"url":"https:\/\/www.bedbugfoundation.org\/wp-content\/uploads\/2021\/02\/Brian-Leith-1-1024x845.jpg","type":"","width":"","height":""}],"twitter_card":"summary_large_image","twitter_misc":{"Gesch\u00e4tzte Lesezeit":"2\u00a0Minuten"},"schema":{"@context":"https:\/\/schema.org","@graph":[{"@type":"WebPage","@id":"https:\/\/www.bedbugfoundation.org\/who-are-we\/the-canine-leadership\/brian-leith\/","url":"https:\/\/www.bedbugfoundation.org\/who-are-we\/the-canine-leadership\/brian-leith\/","name":"Brian Leith - Stiftung f\u00fcr Bettwanzen","isPartOf":{"@id":"https:\/\/www.bedbugfoundation.org\/#website"},"primaryImageOfPage":{"@id":"https:\/\/www.bedbugfoundation.org\/who-are-we\/the-canine-leadership\/brian-leith\/#primaryimage"},"image":{"@id":"https:\/\/www.bedbugfoundation.org\/who-are-we\/the-canine-leadership\/brian-leith\/#primaryimage"},"thumbnailUrl":"https:\/\/www.bedbugfoundation.org\/wp-content\/uploads\/2021\/02\/Brian-Leith-1-1024x845.jpg","datePublished":"2021-02-10T15:22:49+00:00","dateModified":"2023-12-13T09:30:27+00:00","breadcrumb":{"@id":"https:\/\/www.bedbugfoundation.org\/who-are-we\/the-canine-leadership\/brian-leith\/#breadcrumb"},"inLanguage":"de","potentialAction":[{"@type":"ReadAction","target":["https:\/\/www.bedbugfoundation.org\/who-are-we\/the-canine-leadership\/brian-leith\/"]}]},{"@type":"ImageObject","inLanguage":"de","@id":"https:\/\/www.bedbugfoundation.org\/who-are-we\/the-canine-leadership\/brian-leith\/#primaryimage","url":"https:\/\/www.bedbugfoundation.org\/wp-content\/uploads\/2021\/02\/Brian-Leith-1-1024x845.jpg","contentUrl":"https:\/\/www.bedbugfoundation.org\/wp-content\/uploads\/2021\/02\/Brian-Leith-1-1024x845.jpg"},{"@type":"BreadcrumbList","@id":"https:\/\/www.bedbugfoundation.org\/who-are-we\/the-canine-leadership\/brian-leith\/#breadcrumb","itemListElement":[{"@type":"ListItem","position":1,"name":"Home","item":"https:\/\/www.bedbugfoundation.org\/"},{"@type":"ListItem","position":2,"name":"Who Are We?","item":"https:\/\/www.bedbugfoundation.org\/who-are-we\/"},{"@type":"ListItem","position":3,"name":"Canine Leadership","item":"https:\/\/www.bedbugfoundation.org\/fr\/who-are-we\/the-canine-leadership\/"},{"@type":"ListItem","position":4,"name":"Brian Leith"}]},{"@type":"WebSite","@id":"https:\/\/www.bedbugfoundation.org\/#website","url":"https:\/\/www.bedbugfoundation.org\/","name":"Bettwanzen-Stiftung","description":"Startseite des Europ\u00e4ischen Verhaltenskodex f\u00fcr Bettwanzenmanagement","potentialAction":[{"@type":"SearchAction","target":{"@type":"EntryPoint","urlTemplate":"https:\/\/www.bedbugfoundation.org\/?s={search_term_string}"},"query-input":{"@type":"PropertyValueSpecification","valueRequired":true,"valueName":"search_term_string"}}],"inLanguage":"de"}]}},"_links":{"self":[{"href":"https:\/\/www.bedbugfoundation.org\/de\/wp-json\/wp\/v2\/pages\/8281","targetHints":{"allow":["GET"]}}],"collection":[{"href":"https:\/\/www.bedbugfoundation.org\/de\/wp-json\/wp\/v2\/pages"}],"about":[{"href":"https:\/\/www.bedbugfoundation.org\/de\/wp-json\/wp\/v2\/types\/page"}],"author":[{"embeddable":true,"href":"https:\/\/www.bedbugfoundation.org\/de\/wp-json\/wp\/v2\/users\/195"}],"replies":[{"embeddable":true,"href":"https:\/\/www.bedbugfoundation.org\/de\/wp-json\/wp\/v2\/comments?post=8281"}],"version-history":[{"count":6,"href":"https:\/\/www.bedbugfoundation.org\/de\/wp-json\/wp\/v2\/pages\/8281\/revisions"}],"predecessor-version":[{"id":9920,"href":"https:\/\/www.bedbugfoundation.org\/de\/wp-json\/wp\/v2\/pages\/8281\/revisions\/9920"}],"up":[{"embeddable":true,"href":"https:\/\/www.bedbugfoundation.org\/de\/wp-json\/wp\/v2\/pages\/8297"}],"wp:attachment":[{"href":"https:\/\/www.bedbugfoundation.org\/de\/wp-json\/wp\/v2\/media?parent=8281"}],"curies":[{"name":"wp","href":"https:\/\/api.w.org\/{rel}","templated":true}]}}