{"id":8289,"date":"2021-02-10T15:48:52","date_gmt":"2021-02-10T15:48:52","guid":{"rendered":"https:\/\/www.bedbugfoundation.org\/?page_id=8289"},"modified":"2021-03-02T10:44:17","modified_gmt":"2021-03-02T10:44:17","slug":"stefan-hedin","status":"publish","type":"page","link":"https:\/\/www.bedbugfoundation.org\/de\/who-are-we\/the-canine-leadership\/stefan-hedin\/","title":{"rendered":"Stefan Hedin"},"content":{"rendered":"<p><strong>E-Mail: <a href=\"mailto:stefan@milentum.se\">stefan@milentum.se<\/a><\/strong><\/p>\n\n\n\n<div class=\"wp-block-image\"><figure class=\"alignright size-large is-resized\"><a href=\"https:\/\/www.bedbugfoundation.org\/wp-content\/uploads\/2021\/02\/Stefan-Hedin-1.jpg\"><img loading=\"lazy\" decoding=\"async\" src=\"https:\/\/www.bedbugfoundation.org\/wp-content\/uploads\/2021\/02\/Stefan-Hedin-1-730x1024.jpg\" alt=\"\" class=\"wp-image-8291\" width=\"227\" height=\"317\" srcset=\"https:\/\/www.bedbugfoundation.org\/wp-content\/uploads\/2021\/02\/Stefan-Hedin-1-730x1024.jpg 730w, https:\/\/www.bedbugfoundation.org\/wp-content\/uploads\/2021\/02\/Stefan-Hedin-1-214x300.jpg 214w, https:\/\/www.bedbugfoundation.org\/wp-content\/uploads\/2021\/02\/Stefan-Hedin-1-768x1077.jpg 768w, https:\/\/www.bedbugfoundation.org\/wp-content\/uploads\/2021\/02\/Stefan-Hedin-1-9x12.jpg 9w, https:\/\/www.bedbugfoundation.org\/wp-content\/uploads\/2021\/02\/Stefan-Hedin-1-43x60.jpg 43w, https:\/\/www.bedbugfoundation.org\/wp-content\/uploads\/2021\/02\/Stefan-Hedin-1-64x90.jpg 64w, https:\/\/www.bedbugfoundation.org\/wp-content\/uploads\/2021\/02\/Stefan-Hedin-1.jpg 1035w\" sizes=\"auto, (max-width: 227px) 100vw, 227px\" \/><\/a><\/figure><\/div>\n\n\n\n<p>Ich bin im besten Alter (noch unter 50) und wohne in Halmstad in Schweden.<\/p>\n\n\n\n<p>Meine Frau leitet Dog In Work hier in Schweden und ich bin f\u00fcr die Zusammenarbeit mit den Partnern und die Vereinbarungen zust\u00e4ndig. Au\u00dferdem erstelle ich alle Berichte an unsere Kunden und k\u00fcmmere mich um unsere Mitarbeiter in unserer Firma Incensor, wo Anticimex einer unserer gr\u00f6\u00dften Kunden ist.<\/p>\n\n\n\n<p>Au\u00dferdem leite ich ein paar Firmen, so dass meine Tage voll von Arbeit sind. Meine beste Zeit des Tages ist morgens, wenn ich mit unseren Hunden im Wald oder am Strand einen langen Spaziergang mache.<\/p>\n\n\n\n<p>Also, ich bin kein Hundetrainer, aber ich habe auch einige Hundetrainingsger\u00e4te entwickelt, die wir auch an Schulen auf der ganzen Welt verkaufen. Ich habe auch einen Sensor entwickelt, der f\u00fcr die Langstreckensuche verwendet werden kann, wobei man den Sensor um die ganze Welt schicken kann. Man legt ihn f\u00fcr 10-20 Stunden in einen Raum und schickt ihn an uns zur\u00fcck, wo ein Hund erkennen kann, ob der Sensor in einem Raum mit Bettwanzen war oder nicht. Es ist ein spezieller Filter, der die Molek\u00fcle auff\u00e4ngt und festh\u00e4lt. Sie k\u00f6nnen also sagen, dass ich ein bisschen entrepenaur bin...<\/p>","protected":false},"excerpt":{"rendered":"<p>Email: stefan@milentum.se Ich bin in meinem besten Alter (noch unter 50) und lebe in Halmstad in Schweden. Meine Frau betreibt Dog In Work hier in Schweden und ich habe die Verantwortung f\u00fcr die Zusammenarbeit mit den Partnern und die Vereinbarungen und mache auch alle ... <a href=\"https:\/\/www.bedbugfoundation.org\/de\/who-are-we\/the-canine-leadership\/stefan-hedin\/\">Weiterlesen <span class=\"meta-nav\">\u2192<\/span><\/a><\/p>","protected":false},"author":195,"featured_media":0,"parent":8297,"menu_order":0,"comment_status":"closed","ping_status":"closed","template":"","meta":{"_bbp_topic_count":0,"_bbp_reply_count":0,"_bbp_total_topic_count":0,"_bbp_total_reply_count":0,"_bbp_voice_count":0,"_bbp_anonymous_reply_count":0,"_bbp_topic_count_hidden":0,"_bbp_reply_count_hidden":0,"_bbp_forum_subforum_count":0,"footnotes":""},"class_list":["post-8289","page","type-page","status-publish","hentry"],"yoast_head":"<!-- This site is optimized with the Yoast SEO plugin v27.4 - https:\/\/yoast.com\/product\/yoast-seo-wordpress\/ -->\n<title>Stefan Hedin - Bed Bug Foundation<\/title>\n<meta name=\"robots\" content=\"index, follow, max-snippet:-1, max-image-preview:large, max-video-preview:-1\" \/>\n<link rel=\"canonical\" href=\"https:\/\/www.bedbugfoundation.org\/de\/who-are-we\/the-canine-leadership\/stefan-hedin\/\" \/>\n<meta property=\"og:locale\" content=\"de_DE\" \/>\n<meta property=\"og:type\" content=\"article\" \/>\n<meta property=\"og:title\" content=\"Stefan Hedin - Bed Bug Foundation\" \/>\n<meta property=\"og:description\" content=\"Email: stefan@milentum.se I am in my best age (still under 50) and live in Halmstad in Sweden. My wife runs Dog In Work here in Sweden and I have the responsibility of partner cooperation and agreements and also do all &hellip; Weiterlesen &rarr;\" \/>\n<meta property=\"og:url\" content=\"https:\/\/www.bedbugfoundation.org\/de\/who-are-we\/the-canine-leadership\/stefan-hedin\/\" \/>\n<meta property=\"og:site_name\" content=\"Bed Bug Foundation\" \/>\n<meta property=\"article:modified_time\" content=\"2021-03-02T10:44:17+00:00\" \/>\n<meta property=\"og:image\" content=\"https:\/\/www.bedbugfoundation.org\/wp-content\/uploads\/2021\/02\/Stefan-Hedin-1-730x1024.jpg\" \/>\n<meta name=\"twitter:card\" content=\"summary_large_image\" \/>\n<meta name=\"twitter:label1\" content=\"Gesch\u00e4tzte Lesezeit\" \/>\n\t<meta name=\"twitter:data1\" content=\"1\u00a0Minute\" \/>\n<script type=\"application\/ld+json\" class=\"yoast-schema-graph\">{\"@context\":\"https:\\\/\\\/schema.org\",\"@graph\":[{\"@type\":\"WebPage\",\"@id\":\"https:\\\/\\\/www.bedbugfoundation.org\\\/fr\\\/who-are-we\\\/the-canine-leadership\\\/stefan-hedin\\\/\",\"url\":\"https:\\\/\\\/www.bedbugfoundation.org\\\/fr\\\/who-are-we\\\/the-canine-leadership\\\/stefan-hedin\\\/\",\"name\":\"Stefan Hedin - Bed Bug Foundation\",\"isPartOf\":{\"@id\":\"https:\\\/\\\/www.bedbugfoundation.org\\\/#website\"},\"primaryImageOfPage\":{\"@id\":\"https:\\\/\\\/www.bedbugfoundation.org\\\/fr\\\/who-are-we\\\/the-canine-leadership\\\/stefan-hedin\\\/#primaryimage\"},\"image\":{\"@id\":\"https:\\\/\\\/www.bedbugfoundation.org\\\/fr\\\/who-are-we\\\/the-canine-leadership\\\/stefan-hedin\\\/#primaryimage\"},\"thumbnailUrl\":\"https:\\\/\\\/www.bedbugfoundation.org\\\/wp-content\\\/uploads\\\/2021\\\/02\\\/Stefan-Hedin-1-730x1024.jpg\",\"datePublished\":\"2021-02-10T15:48:52+00:00\",\"dateModified\":\"2021-03-02T10:44:17+00:00\",\"breadcrumb\":{\"@id\":\"https:\\\/\\\/www.bedbugfoundation.org\\\/fr\\\/who-are-we\\\/the-canine-leadership\\\/stefan-hedin\\\/#breadcrumb\"},\"inLanguage\":\"de\",\"potentialAction\":[{\"@type\":\"ReadAction\",\"target\":[\"https:\\\/\\\/www.bedbugfoundation.org\\\/fr\\\/who-are-we\\\/the-canine-leadership\\\/stefan-hedin\\\/\"]}]},{\"@type\":\"ImageObject\",\"inLanguage\":\"de\",\"@id\":\"https:\\\/\\\/www.bedbugfoundation.org\\\/fr\\\/who-are-we\\\/the-canine-leadership\\\/stefan-hedin\\\/#primaryimage\",\"url\":\"https:\\\/\\\/www.bedbugfoundation.org\\\/wp-content\\\/uploads\\\/2021\\\/02\\\/Stefan-Hedin-1-730x1024.jpg\",\"contentUrl\":\"https:\\\/\\\/www.bedbugfoundation.org\\\/wp-content\\\/uploads\\\/2021\\\/02\\\/Stefan-Hedin-1-730x1024.jpg\"},{\"@type\":\"BreadcrumbList\",\"@id\":\"https:\\\/\\\/www.bedbugfoundation.org\\\/fr\\\/who-are-we\\\/the-canine-leadership\\\/stefan-hedin\\\/#breadcrumb\",\"itemListElement\":[{\"@type\":\"ListItem\",\"position\":1,\"name\":\"Home\",\"item\":\"https:\\\/\\\/www.bedbugfoundation.org\\\/\"},{\"@type\":\"ListItem\",\"position\":2,\"name\":\"Who Are We?\",\"item\":\"https:\\\/\\\/www.bedbugfoundation.org\\\/who-are-we\\\/\"},{\"@type\":\"ListItem\",\"position\":3,\"name\":\"Canine Leadership\",\"item\":\"https:\\\/\\\/www.bedbugfoundation.org\\\/fr\\\/who-are-we\\\/the-canine-leadership\\\/\"},{\"@type\":\"ListItem\",\"position\":4,\"name\":\"Stefan Hedin\"}]},{\"@type\":\"WebSite\",\"@id\":\"https:\\\/\\\/www.bedbugfoundation.org\\\/#website\",\"url\":\"https:\\\/\\\/www.bedbugfoundation.org\\\/\",\"name\":\"Bed Bug Foundation\",\"description\":\"Home of the European Code of Practice for Bed Bug Management\",\"potentialAction\":[{\"@type\":\"SearchAction\",\"target\":{\"@type\":\"EntryPoint\",\"urlTemplate\":\"https:\\\/\\\/www.bedbugfoundation.org\\\/?s={search_term_string}\"},\"query-input\":{\"@type\":\"PropertyValueSpecification\",\"valueRequired\":true,\"valueName\":\"search_term_string\"}}],\"inLanguage\":\"de\"}]}<\/script>\n<!-- \/ Yoast SEO plugin. -->","yoast_head_json":{"title":"Stefan Hedin - Stiftung f\u00fcr Bettwanzen","robots":{"index":"index","follow":"follow","max-snippet":"max-snippet:-1","max-image-preview":"max-image-preview:large","max-video-preview":"max-video-preview:-1"},"canonical":"https:\/\/www.bedbugfoundation.org\/de\/who-are-we\/the-canine-leadership\/stefan-hedin\/","og_locale":"de_DE","og_type":"article","og_title":"Stefan Hedin - Bed Bug Foundation","og_description":"Email: stefan@milentum.se I am in my best age (still under 50) and live in Halmstad in Sweden. My wife runs Dog In Work here in Sweden and I have the responsibility of partner cooperation and agreements and also do all &hellip; Weiterlesen &rarr;","og_url":"https:\/\/www.bedbugfoundation.org\/de\/who-are-we\/the-canine-leadership\/stefan-hedin\/","og_site_name":"Bed Bug Foundation","article_modified_time":"2021-03-02T10:44:17+00:00","og_image":[{"url":"https:\/\/www.bedbugfoundation.org\/wp-content\/uploads\/2021\/02\/Stefan-Hedin-1-730x1024.jpg","type":"","width":"","height":""}],"twitter_card":"summary_large_image","twitter_misc":{"Gesch\u00e4tzte Lesezeit":"1\u00a0Minute"},"schema":{"@context":"https:\/\/schema.org","@graph":[{"@type":"WebPage","@id":"https:\/\/www.bedbugfoundation.org\/fr\/who-are-we\/the-canine-leadership\/stefan-hedin\/","url":"https:\/\/www.bedbugfoundation.org\/fr\/who-are-we\/the-canine-leadership\/stefan-hedin\/","name":"Stefan Hedin - Stiftung f\u00fcr Bettwanzen","isPartOf":{"@id":"https:\/\/www.bedbugfoundation.org\/#website"},"primaryImageOfPage":{"@id":"https:\/\/www.bedbugfoundation.org\/fr\/who-are-we\/the-canine-leadership\/stefan-hedin\/#primaryimage"},"image":{"@id":"https:\/\/www.bedbugfoundation.org\/fr\/who-are-we\/the-canine-leadership\/stefan-hedin\/#primaryimage"},"thumbnailUrl":"https:\/\/www.bedbugfoundation.org\/wp-content\/uploads\/2021\/02\/Stefan-Hedin-1-730x1024.jpg","datePublished":"2021-02-10T15:48:52+00:00","dateModified":"2021-03-02T10:44:17+00:00","breadcrumb":{"@id":"https:\/\/www.bedbugfoundation.org\/fr\/who-are-we\/the-canine-leadership\/stefan-hedin\/#breadcrumb"},"inLanguage":"de","potentialAction":[{"@type":"ReadAction","target":["https:\/\/www.bedbugfoundation.org\/fr\/who-are-we\/the-canine-leadership\/stefan-hedin\/"]}]},{"@type":"ImageObject","inLanguage":"de","@id":"https:\/\/www.bedbugfoundation.org\/fr\/who-are-we\/the-canine-leadership\/stefan-hedin\/#primaryimage","url":"https:\/\/www.bedbugfoundation.org\/wp-content\/uploads\/2021\/02\/Stefan-Hedin-1-730x1024.jpg","contentUrl":"https:\/\/www.bedbugfoundation.org\/wp-content\/uploads\/2021\/02\/Stefan-Hedin-1-730x1024.jpg"},{"@type":"BreadcrumbList","@id":"https:\/\/www.bedbugfoundation.org\/fr\/who-are-we\/the-canine-leadership\/stefan-hedin\/#breadcrumb","itemListElement":[{"@type":"ListItem","position":1,"name":"Home","item":"https:\/\/www.bedbugfoundation.org\/"},{"@type":"ListItem","position":2,"name":"Who Are We?","item":"https:\/\/www.bedbugfoundation.org\/who-are-we\/"},{"@type":"ListItem","position":3,"name":"Canine Leadership","item":"https:\/\/www.bedbugfoundation.org\/fr\/who-are-we\/the-canine-leadership\/"},{"@type":"ListItem","position":4,"name":"Stefan Hedin"}]},{"@type":"WebSite","@id":"https:\/\/www.bedbugfoundation.org\/#website","url":"https:\/\/www.bedbugfoundation.org\/","name":"Bettwanzen-Stiftung","description":"Startseite des Europ\u00e4ischen Verhaltenskodex f\u00fcr Bettwanzenmanagement","potentialAction":[{"@type":"SearchAction","target":{"@type":"EntryPoint","urlTemplate":"https:\/\/www.bedbugfoundation.org\/?s={search_term_string}"},"query-input":{"@type":"PropertyValueSpecification","valueRequired":true,"valueName":"search_term_string"}}],"inLanguage":"de"}]}},"_links":{"self":[{"href":"https:\/\/www.bedbugfoundation.org\/de\/wp-json\/wp\/v2\/pages\/8289","targetHints":{"allow":["GET"]}}],"collection":[{"href":"https:\/\/www.bedbugfoundation.org\/de\/wp-json\/wp\/v2\/pages"}],"about":[{"href":"https:\/\/www.bedbugfoundation.org\/de\/wp-json\/wp\/v2\/types\/page"}],"author":[{"embeddable":true,"href":"https:\/\/www.bedbugfoundation.org\/de\/wp-json\/wp\/v2\/users\/195"}],"replies":[{"embeddable":true,"href":"https:\/\/www.bedbugfoundation.org\/de\/wp-json\/wp\/v2\/comments?post=8289"}],"version-history":[{"count":3,"href":"https:\/\/www.bedbugfoundation.org\/de\/wp-json\/wp\/v2\/pages\/8289\/revisions"}],"predecessor-version":[{"id":8693,"href":"https:\/\/www.bedbugfoundation.org\/de\/wp-json\/wp\/v2\/pages\/8289\/revisions\/8693"}],"up":[{"embeddable":true,"href":"https:\/\/www.bedbugfoundation.org\/de\/wp-json\/wp\/v2\/pages\/8297"}],"wp:attachment":[{"href":"https:\/\/www.bedbugfoundation.org\/de\/wp-json\/wp\/v2\/media?parent=8289"}],"curies":[{"name":"wp","href":"https:\/\/api.w.org\/{rel}","templated":true}]}}