{"id":8328,"date":"2021-02-16T12:19:58","date_gmt":"2021-02-16T12:19:58","guid":{"rendered":"https:\/\/www.bedbugfoundation.org\/?page_id=8328"},"modified":"2025-06-30T14:02:44","modified_gmt":"2025-06-30T13:02:44","slug":"support-the-foundation","status":"publish","type":"page","link":"https:\/\/www.bedbugfoundation.org\/de\/support-the-foundation\/","title":{"rendered":"Unterst\u00fctzen Sie die Stiftung"},"content":{"rendered":"<div class=\"wp-block-image is-style-default\">\n<figure class=\"alignright size-large is-resized\"><a href=\"https:\/\/www.bedbugfoundation.org\/wp-content\/uploads\/2016\/05\/BBF-LOGO.png\"><img loading=\"lazy\" decoding=\"async\" width=\"960\" height=\"372\" src=\"https:\/\/www.bedbugfoundation.org\/wp-content\/uploads\/2016\/05\/BBF-LOGO.png\" alt=\"\" class=\"wp-image-583\" style=\"width:176px;height:67px\" srcset=\"https:\/\/www.bedbugfoundation.org\/wp-content\/uploads\/2016\/05\/BBF-LOGO.png 960w, https:\/\/www.bedbugfoundation.org\/wp-content\/uploads\/2016\/05\/BBF-LOGO-300x116.png 300w, https:\/\/www.bedbugfoundation.org\/wp-content\/uploads\/2016\/05\/BBF-LOGO-768x298.png 768w\" sizes=\"auto, (max-width: 960px) 100vw, 960px\" \/><\/a><\/figure>\n<\/div>\n\n\n<p>Our voluntary organisation is funded by our members and by donations from the public. This allows us to support pest management professionals and the general public in the management of bed bugs.<\/p>\n\n\n\n<p>By supporting our work, you help us to maintain our website and our free insect identification service.<\/p>\n\n\n\n<p>Thank you!<\/p>\n\n\n\n<form action=\"https:\/\/www.paypal.com\/donate\" method=\"post\" target=\"_top\">\n<input type=\"hidden\" name=\"hosted_button_id\" value=\"5E3YCHDNM84KN\">\n<input type=\"image\" src=\"https:\/\/www.paypalobjects.com\/en_US\/GB\/i\/btn\/btn_donateCC_LG.gif\" border=\"0\" name=\"submit\" title=\"PayPal - Die sicherere und einfachere Art, online zu bezahlen!\" alt=\"Donate with PayPal button\">\n<img loading=\"lazy\" decoding=\"async\" alt=\"\" border=\"0\" src=\"https:\/\/www.paypal.com\/en_GB\/i\/scr\/pixel.gif\" width=\"1\" height=\"1\">\n<\/form>\n\n\n\n<p><\/p>\n\n\n\n<p>Einige unserer j\u00fcngsten R\u00fcckmeldungen...<\/p>\n\n\n\n<blockquote class=\"wp-block-quote is-layout-flow wp-block-quote-is-layout-flow\">\n<p>Thank you very much for your great support!\u00a0If I find something, I&#8217;ll get back to you &#8230;. Thank you.\u00a0Have a nice weekend! &#8211; <strong>Christian<\/strong><\/p>\n<\/blockquote>\n\n\n\n<blockquote class=\"wp-block-quote is-layout-flow wp-block-quote-is-layout-flow\">\n<p>Ich bin sehr froh, dass es die Bed Bug Foundation gibt, ich w\u00fcnschte, wir h\u00e4tten eine in Australien. Wenn es einen Ort gibt, an dem ich eine Spende f\u00fcr die Stiftung hinterlassen kann, w\u00fcrde ich das gerne tun, obwohl ich auf der Website nichts finden konnte... Nochmals vielen Dank - <strong>Anna<\/strong><\/p>\n<\/blockquote>\n\n\n\n<blockquote class=\"wp-block-quote is-layout-flow wp-block-quote-is-layout-flow\">\n<p>Vielen Dank f\u00fcr Ihre schnelle Antwort. Wir sind sehr froh, dass dies wahrscheinlich nicht bettwanzenbedingt ist. Nochmals vielen Dank und herzliche Gr\u00fc\u00dfe - <strong>Markus<\/strong><\/p>\n<\/blockquote>\n\n\n\n<blockquote class=\"wp-block-quote is-layout-flow wp-block-quote-is-layout-flow\">\n<p>Thank you very much for your quick reply! I am happy to hear this is not a bedbug and I will keep an eye out for inky black spots like you said, but I haven&#8217;t seen any, so I am optimistic I don&#8217;t have an infestation. Here are some other angles, in case it helps identify the bug, but if it doesn&#8217;t help, that&#8217;s ok; I am just happy it&#8217;s not a bedbug.\u00a0I can&#8217;t express enough how much I appreciate your help. Thank you so much &#8211; <strong>Nathan<\/strong><\/p>\n<\/blockquote>\n\n\n\n<blockquote class=\"wp-block-quote is-layout-flow wp-block-quote-is-layout-flow\">\n<p>Danke, das ist sehr beruhigend. Obwohl der Gedanke an jede Art von K\u00e4fer auf dem Bett nicht mein Favorit ist. Danke, dass Sie so schnell geantwortet haben - <strong>Patricia<\/strong><\/p>\n<\/blockquote>\n\n\n\n<blockquote class=\"wp-block-quote is-layout-flow wp-block-quote-is-layout-flow\">\n<p>Vielen Dank f\u00fcr Ihre schnelle und beruhigende Antwort auf meine Bedenken. Ich interessiere mich auch f\u00fcr K\u00e4fer, da es im letzten Sommer am East End von Long Island eine ungew\u00f6hnliche Anzahl zu geben scheint. Sie wurden von den Einheimischen hier \"Stinkk\u00e4fer\" genannt. Ich werde Ihnen ein weiteres Foto desselben K\u00e4fers schicken, diesmal nicht auf dem R\u00fccken liegend, und vielleicht k\u00f6nnen Sie die genaue Art identifizieren. Ich war auf jeden Fall erleichtert, dass es keine Bettwanze war, genauso wie meine Tochter, die sie in ihrem Bett fand! Ich vermisse meine h\u00e4ufigen Besuche in England, besonders London und die Cotswolds. Passen Sie gut auf sich auf. <strong>Richard<\/strong><\/p>\n<\/blockquote>\n\n\n\n<blockquote class=\"wp-block-quote is-layout-flow wp-block-quote-is-layout-flow\">\n<p>Vielen Dank noch einmal f\u00fcr deine Antwort Richard. Ich habe mir diese F\u00e4kalien-Nachweis-Kit angeschaut, aber anscheinend kann man sie nicht f\u00fcr alte Flecken verwenden. Ich werde weiter beobachten, aber auch versuchen, das Ganze entspannt anzugehen. Vielen Dank f\u00fcr all Ihre Hilfe. Mit freundlichen Gr\u00fc\u00dfen - <strong>Patricia<\/strong><\/p>\n<\/blockquote>\n\n\n\n<blockquote class=\"wp-block-quote is-layout-flow wp-block-quote-is-layout-flow\">\n<p>Ich danke Ihnen. Ich sch\u00e4tze Ihr Feedback und Ihren Rat sehr. - \u2013 <strong>Sally<\/strong><\/p>\n<\/blockquote>\n\n\n\n<blockquote class=\"wp-block-quote is-layout-flow wp-block-quote-is-layout-flow\">\n<p>Vielen herzlichen Dank f\u00fcr Ihre ausf\u00fchrliche Antwort. Das ist wirklich hilfreich und beruhigt mich!!! Ich w\u00fcnsche Ihnen ein sch\u00f6nes Wochenende! - \u2013 <strong>Bretagne<\/strong><\/p>\n<\/blockquote>\n\n\n\n<blockquote class=\"wp-block-quote is-layout-flow wp-block-quote-is-layout-flow\">\n<p>Ach herrje, tolle Neuigkeiten. Ein toller und reaktionsschneller Service!! Gibt es ein amerikanisches \u00c4quivalent, da es so aussieht, als ob Sie in Gro\u00dfbritannien sind? - \u2013 <strong>Tracie<\/strong><\/p>\n<\/blockquote>\n\n\n\n<blockquote class=\"wp-block-quote is-layout-flow wp-block-quote-is-layout-flow\">\n<p>Das sind tolle Neuigkeiten, vielen Dank f\u00fcr Ihre Zeit. Was f\u00fcr eine Erleichterung! Ich glaube, die Vormieterin des Hauses hat in ihrem Bett gegessen, so dass die Teppichk\u00e4fer hier rund herum zu finden sind, was die Verwirrung erkl\u00e4rt. Nochmals vielen Dank f\u00fcr Ihre Hilfe. Mit freundlichen Gr\u00fc\u00dfen - <strong>Curtis<\/strong><\/p>\n<\/blockquote>","protected":false},"excerpt":{"rendered":"<p>Our voluntary organisation is funded by our members and by donations from the public. This allows us to support pest management professionals and the general public in the management of bed bugs. By supporting our work, you help us to &hellip; <a href=\"https:\/\/www.bedbugfoundation.org\/de\/support-the-foundation\/\">Weiterlesen <span class=\"meta-nav\">\u2192<\/span><\/a><\/p>","protected":false},"author":195,"featured_media":0,"parent":0,"menu_order":0,"comment_status":"closed","ping_status":"closed","template":"","meta":{"_bbp_topic_count":0,"_bbp_reply_count":0,"_bbp_total_topic_count":0,"_bbp_total_reply_count":0,"_bbp_voice_count":0,"_bbp_anonymous_reply_count":0,"_bbp_topic_count_hidden":0,"_bbp_reply_count_hidden":0,"_bbp_forum_subforum_count":0,"footnotes":""},"class_list":["post-8328","page","type-page","status-publish","hentry"],"yoast_head":"<!-- This site is optimized with the Yoast SEO plugin v27.5 - https:\/\/yoast.com\/product\/yoast-seo-wordpress\/ -->\n<title>Support the Foundation - Bed Bug Foundation<\/title>\n<meta name=\"robots\" content=\"index, follow, max-snippet:-1, max-image-preview:large, max-video-preview:-1\" \/>\n<link rel=\"canonical\" href=\"https:\/\/www.bedbugfoundation.org\/de\/support-the-foundation\/\" \/>\n<meta property=\"og:locale\" content=\"de_DE\" \/>\n<meta property=\"og:type\" content=\"article\" \/>\n<meta property=\"og:title\" content=\"Support the Foundation - Bed Bug Foundation\" \/>\n<meta property=\"og:description\" content=\"Our voluntary organisation is funded by our members and by donations from the public. This allows us to support pest management professionals and the general public in the management of bed bugs. By supporting our work, you help us to &hellip; Weiterlesen &rarr;\" \/>\n<meta property=\"og:url\" content=\"https:\/\/www.bedbugfoundation.org\/de\/support-the-foundation\/\" \/>\n<meta property=\"og:site_name\" content=\"Bed Bug Foundation\" \/>\n<meta property=\"article:modified_time\" content=\"2025-06-30T13:02:44+00:00\" \/>\n<meta property=\"og:image\" content=\"https:\/\/www.bedbugfoundation.org\/wp-content\/uploads\/2016\/05\/BBF-LOGO.png\" \/>\n\t<meta property=\"og:image:width\" content=\"960\" \/>\n\t<meta property=\"og:image:height\" content=\"372\" \/>\n\t<meta property=\"og:image:type\" content=\"image\/png\" \/>\n<meta name=\"twitter:card\" content=\"summary_large_image\" \/>\n<meta name=\"twitter:label1\" content=\"Gesch\u00e4tzte Lesezeit\" \/>\n\t<meta name=\"twitter:data1\" content=\"1\u00a0Minute\" \/>\n<script type=\"application\/ld+json\" class=\"yoast-schema-graph\">{\"@context\":\"https:\\\/\\\/schema.org\",\"@graph\":[{\"@type\":\"WebPage\",\"@id\":\"https:\\\/\\\/www.bedbugfoundation.org\\\/support-the-foundation\\\/\",\"url\":\"https:\\\/\\\/www.bedbugfoundation.org\\\/support-the-foundation\\\/\",\"name\":\"Support the Foundation - Bed Bug Foundation\",\"isPartOf\":{\"@id\":\"https:\\\/\\\/www.bedbugfoundation.org\\\/#website\"},\"primaryImageOfPage\":{\"@id\":\"https:\\\/\\\/www.bedbugfoundation.org\\\/support-the-foundation\\\/#primaryimage\"},\"image\":{\"@id\":\"https:\\\/\\\/www.bedbugfoundation.org\\\/support-the-foundation\\\/#primaryimage\"},\"thumbnailUrl\":\"https:\\\/\\\/www.bedbugfoundation.org\\\/wp-content\\\/uploads\\\/2016\\\/05\\\/BBF-LOGO.png\",\"datePublished\":\"2021-02-16T12:19:58+00:00\",\"dateModified\":\"2025-06-30T13:02:44+00:00\",\"breadcrumb\":{\"@id\":\"https:\\\/\\\/www.bedbugfoundation.org\\\/support-the-foundation\\\/#breadcrumb\"},\"inLanguage\":\"de\",\"potentialAction\":[{\"@type\":\"ReadAction\",\"target\":[\"https:\\\/\\\/www.bedbugfoundation.org\\\/support-the-foundation\\\/\"]}]},{\"@type\":\"ImageObject\",\"inLanguage\":\"de\",\"@id\":\"https:\\\/\\\/www.bedbugfoundation.org\\\/support-the-foundation\\\/#primaryimage\",\"url\":\"https:\\\/\\\/www.bedbugfoundation.org\\\/wp-content\\\/uploads\\\/2016\\\/05\\\/BBF-LOGO.png\",\"contentUrl\":\"https:\\\/\\\/www.bedbugfoundation.org\\\/wp-content\\\/uploads\\\/2016\\\/05\\\/BBF-LOGO.png\"},{\"@type\":\"BreadcrumbList\",\"@id\":\"https:\\\/\\\/www.bedbugfoundation.org\\\/support-the-foundation\\\/#breadcrumb\",\"itemListElement\":[{\"@type\":\"ListItem\",\"position\":1,\"name\":\"Home\",\"item\":\"https:\\\/\\\/www.bedbugfoundation.org\\\/\"},{\"@type\":\"ListItem\",\"position\":2,\"name\":\"Support the Foundation\"}]},{\"@type\":\"WebSite\",\"@id\":\"https:\\\/\\\/www.bedbugfoundation.org\\\/#website\",\"url\":\"https:\\\/\\\/www.bedbugfoundation.org\\\/\",\"name\":\"Bed Bug Foundation\",\"description\":\"Home of the European Code of Practice for Bed Bug Management\",\"potentialAction\":[{\"@type\":\"SearchAction\",\"target\":{\"@type\":\"EntryPoint\",\"urlTemplate\":\"https:\\\/\\\/www.bedbugfoundation.org\\\/?s={search_term_string}\"},\"query-input\":{\"@type\":\"PropertyValueSpecification\",\"valueRequired\":true,\"valueName\":\"search_term_string\"}}],\"inLanguage\":\"de\"}]}<\/script>\n<!-- \/ Yoast SEO plugin. -->","yoast_head_json":{"title":"Unterst\u00fctzen Sie die Stiftung - Bed Bug Foundation","robots":{"index":"index","follow":"follow","max-snippet":"max-snippet:-1","max-image-preview":"max-image-preview:large","max-video-preview":"max-video-preview:-1"},"canonical":"https:\/\/www.bedbugfoundation.org\/de\/support-the-foundation\/","og_locale":"de_DE","og_type":"article","og_title":"Support the Foundation - Bed Bug Foundation","og_description":"Our voluntary organisation is funded by our members and by donations from the public. This allows us to support pest management professionals and the general public in the management of bed bugs. By supporting our work, you help us to &hellip; Weiterlesen &rarr;","og_url":"https:\/\/www.bedbugfoundation.org\/de\/support-the-foundation\/","og_site_name":"Bed Bug Foundation","article_modified_time":"2025-06-30T13:02:44+00:00","og_image":[{"width":960,"height":372,"url":"https:\/\/www.bedbugfoundation.org\/wp-content\/uploads\/2016\/05\/BBF-LOGO.png","type":"image\/png"}],"twitter_card":"summary_large_image","twitter_misc":{"Gesch\u00e4tzte Lesezeit":"1\u00a0Minute"},"schema":{"@context":"https:\/\/schema.org","@graph":[{"@type":"WebPage","@id":"https:\/\/www.bedbugfoundation.org\/support-the-foundation\/","url":"https:\/\/www.bedbugfoundation.org\/support-the-foundation\/","name":"Unterst\u00fctzen Sie die Stiftung - Bed Bug Foundation","isPartOf":{"@id":"https:\/\/www.bedbugfoundation.org\/#website"},"primaryImageOfPage":{"@id":"https:\/\/www.bedbugfoundation.org\/support-the-foundation\/#primaryimage"},"image":{"@id":"https:\/\/www.bedbugfoundation.org\/support-the-foundation\/#primaryimage"},"thumbnailUrl":"https:\/\/www.bedbugfoundation.org\/wp-content\/uploads\/2016\/05\/BBF-LOGO.png","datePublished":"2021-02-16T12:19:58+00:00","dateModified":"2025-06-30T13:02:44+00:00","breadcrumb":{"@id":"https:\/\/www.bedbugfoundation.org\/support-the-foundation\/#breadcrumb"},"inLanguage":"de","potentialAction":[{"@type":"ReadAction","target":["https:\/\/www.bedbugfoundation.org\/support-the-foundation\/"]}]},{"@type":"ImageObject","inLanguage":"de","@id":"https:\/\/www.bedbugfoundation.org\/support-the-foundation\/#primaryimage","url":"https:\/\/www.bedbugfoundation.org\/wp-content\/uploads\/2016\/05\/BBF-LOGO.png","contentUrl":"https:\/\/www.bedbugfoundation.org\/wp-content\/uploads\/2016\/05\/BBF-LOGO.png"},{"@type":"BreadcrumbList","@id":"https:\/\/www.bedbugfoundation.org\/support-the-foundation\/#breadcrumb","itemListElement":[{"@type":"ListItem","position":1,"name":"Home","item":"https:\/\/www.bedbugfoundation.org\/"},{"@type":"ListItem","position":2,"name":"Support the Foundation"}]},{"@type":"WebSite","@id":"https:\/\/www.bedbugfoundation.org\/#website","url":"https:\/\/www.bedbugfoundation.org\/","name":"Bettwanzen-Stiftung","description":"Startseite des Europ\u00e4ischen Verhaltenskodex f\u00fcr Bettwanzenmanagement","potentialAction":[{"@type":"SearchAction","target":{"@type":"EntryPoint","urlTemplate":"https:\/\/www.bedbugfoundation.org\/?s={search_term_string}"},"query-input":{"@type":"PropertyValueSpecification","valueRequired":true,"valueName":"search_term_string"}}],"inLanguage":"de"}]}},"_links":{"self":[{"href":"https:\/\/www.bedbugfoundation.org\/de\/wp-json\/wp\/v2\/pages\/8328","targetHints":{"allow":["GET"]}}],"collection":[{"href":"https:\/\/www.bedbugfoundation.org\/de\/wp-json\/wp\/v2\/pages"}],"about":[{"href":"https:\/\/www.bedbugfoundation.org\/de\/wp-json\/wp\/v2\/types\/page"}],"author":[{"embeddable":true,"href":"https:\/\/www.bedbugfoundation.org\/de\/wp-json\/wp\/v2\/users\/195"}],"replies":[{"embeddable":true,"href":"https:\/\/www.bedbugfoundation.org\/de\/wp-json\/wp\/v2\/comments?post=8328"}],"version-history":[{"count":28,"href":"https:\/\/www.bedbugfoundation.org\/de\/wp-json\/wp\/v2\/pages\/8328\/revisions"}],"predecessor-version":[{"id":10347,"href":"https:\/\/www.bedbugfoundation.org\/de\/wp-json\/wp\/v2\/pages\/8328\/revisions\/10347"}],"wp:attachment":[{"href":"https:\/\/www.bedbugfoundation.org\/de\/wp-json\/wp\/v2\/media?parent=8328"}],"curies":[{"name":"wp","href":"https:\/\/api.w.org\/{rel}","templated":true}]}}