{"id":1285,"date":"2016-11-01T15:36:23","date_gmt":"2016-11-01T15:36:23","guid":{"rendered":"http:\/\/bedbugfoundation.org\/adverts\/manage\/"},"modified":"2016-11-01T15:36:23","modified_gmt":"2016-11-01T15:36:23","slug":"manage","status":"publish","type":"page","link":"https:\/\/www.bedbugfoundation.org\/es\/manage\/","title":{"rendered":"Gestionar"},"content":{"rendered":"<p>[adverts_manage]<\/p>\n","protected":false},"excerpt":{"rendered":"<p>[adverts_manage]<\/p>\n","protected":false},"author":1,"featured_media":0,"parent":0,"menu_order":0,"comment_status":"closed","ping_status":"closed","template":"","meta":{"_bbp_topic_count":0,"_bbp_reply_count":0,"_bbp_total_topic_count":0,"_bbp_total_reply_count":0,"_bbp_voice_count":0,"_bbp_anonymous_reply_count":0,"_bbp_topic_count_hidden":0,"_bbp_reply_count_hidden":0,"_bbp_forum_subforum_count":0,"footnotes":""},"class_list":["post-1285","page","type-page","status-publish","hentry"],"yoast_head":"<!-- This site is optimized with the Yoast SEO plugin v27.3 - https:\/\/yoast.com\/product\/yoast-seo-wordpress\/ -->\n<title>Manage - Bed Bug Foundation<\/title>\n<meta name=\"robots\" content=\"index, follow, max-snippet:-1, max-image-preview:large, max-video-preview:-1\" \/>\n<link rel=\"canonical\" href=\"https:\/\/www.bedbugfoundation.org\/es\/manage\/\" \/>\n<meta property=\"og:locale\" content=\"es_ES\" \/>\n<meta property=\"og:type\" content=\"article\" \/>\n<meta property=\"og:title\" content=\"Manage - Bed Bug Foundation\" \/>\n<meta property=\"og:description\" content=\"[adverts_manage]\" \/>\n<meta property=\"og:url\" content=\"https:\/\/www.bedbugfoundation.org\/es\/manage\/\" \/>\n<meta property=\"og:site_name\" content=\"Bed Bug Foundation\" \/>\n<meta name=\"twitter:card\" content=\"summary_large_image\" \/>\n<script type=\"application\/ld+json\" class=\"yoast-schema-graph\">{\"@context\":\"https:\\\/\\\/schema.org\",\"@graph\":[{\"@type\":\"WebPage\",\"@id\":\"https:\\\/\\\/www.bedbugfoundation.org\\\/it\\\/manage\\\/\",\"url\":\"https:\\\/\\\/www.bedbugfoundation.org\\\/it\\\/manage\\\/\",\"name\":\"Manage - Bed Bug Foundation\",\"isPartOf\":{\"@id\":\"https:\\\/\\\/www.bedbugfoundation.org\\\/#website\"},\"datePublished\":\"2016-11-01T15:36:23+00:00\",\"breadcrumb\":{\"@id\":\"https:\\\/\\\/www.bedbugfoundation.org\\\/it\\\/manage\\\/#breadcrumb\"},\"inLanguage\":\"es\",\"potentialAction\":[{\"@type\":\"ReadAction\",\"target\":[\"https:\\\/\\\/www.bedbugfoundation.org\\\/it\\\/manage\\\/\"]}]},{\"@type\":\"BreadcrumbList\",\"@id\":\"https:\\\/\\\/www.bedbugfoundation.org\\\/it\\\/manage\\\/#breadcrumb\",\"itemListElement\":[{\"@type\":\"ListItem\",\"position\":1,\"name\":\"Home\",\"item\":\"https:\\\/\\\/www.bedbugfoundation.org\\\/\"},{\"@type\":\"ListItem\",\"position\":2,\"name\":\"Manage\"}]},{\"@type\":\"WebSite\",\"@id\":\"https:\\\/\\\/www.bedbugfoundation.org\\\/#website\",\"url\":\"https:\\\/\\\/www.bedbugfoundation.org\\\/\",\"name\":\"Bed Bug Foundation\",\"description\":\"Home of the European Code of Practice for Bed Bug Management\",\"potentialAction\":[{\"@type\":\"SearchAction\",\"target\":{\"@type\":\"EntryPoint\",\"urlTemplate\":\"https:\\\/\\\/www.bedbugfoundation.org\\\/?s={search_term_string}\"},\"query-input\":{\"@type\":\"PropertyValueSpecification\",\"valueRequired\":true,\"valueName\":\"search_term_string\"}}],\"inLanguage\":\"es\"}]}<\/script>\n<!-- \/ Yoast SEO plugin. -->","yoast_head_json":{"title":"Gestionar - Fundaci\u00f3n Chinche","robots":{"index":"index","follow":"follow","max-snippet":"max-snippet:-1","max-image-preview":"max-image-preview:large","max-video-preview":"max-video-preview:-1"},"canonical":"https:\/\/www.bedbugfoundation.org\/es\/manage\/","og_locale":"es_ES","og_type":"article","og_title":"Manage - Bed Bug Foundation","og_description":"[adverts_manage]","og_url":"https:\/\/www.bedbugfoundation.org\/es\/manage\/","og_site_name":"Bed Bug Foundation","twitter_card":"summary_large_image","schema":{"@context":"https:\/\/schema.org","@graph":[{"@type":"WebPage","@id":"https:\/\/www.bedbugfoundation.org\/it\/manage\/","url":"https:\/\/www.bedbugfoundation.org\/it\/manage\/","name":"Gestionar - Fundaci\u00f3n Chinche","isPartOf":{"@id":"https:\/\/www.bedbugfoundation.org\/#website"},"datePublished":"2016-11-01T15:36:23+00:00","breadcrumb":{"@id":"https:\/\/www.bedbugfoundation.org\/it\/manage\/#breadcrumb"},"inLanguage":"es","potentialAction":[{"@type":"ReadAction","target":["https:\/\/www.bedbugfoundation.org\/it\/manage\/"]}]},{"@type":"BreadcrumbList","@id":"https:\/\/www.bedbugfoundation.org\/it\/manage\/#breadcrumb","itemListElement":[{"@type":"ListItem","position":1,"name":"Home","item":"https:\/\/www.bedbugfoundation.org\/"},{"@type":"ListItem","position":2,"name":"Manage"}]},{"@type":"WebSite","@id":"https:\/\/www.bedbugfoundation.org\/#website","url":"https:\/\/www.bedbugfoundation.org\/","name":"Fundaci\u00f3n para las chinches de la cama","description":"Inicio del C\u00f3digo Europeo de Pr\u00e1cticas para la Gesti\u00f3n de las Chinches de la Cama","potentialAction":[{"@type":"SearchAction","target":{"@type":"EntryPoint","urlTemplate":"https:\/\/www.bedbugfoundation.org\/?s={search_term_string}"},"query-input":{"@type":"PropertyValueSpecification","valueRequired":true,"valueName":"search_term_string"}}],"inLanguage":"es"}]}},"_links":{"self":[{"href":"https:\/\/www.bedbugfoundation.org\/es\/wp-json\/wp\/v2\/pages\/1285","targetHints":{"allow":["GET"]}}],"collection":[{"href":"https:\/\/www.bedbugfoundation.org\/es\/wp-json\/wp\/v2\/pages"}],"about":[{"href":"https:\/\/www.bedbugfoundation.org\/es\/wp-json\/wp\/v2\/types\/page"}],"author":[{"embeddable":true,"href":"https:\/\/www.bedbugfoundation.org\/es\/wp-json\/wp\/v2\/users\/1"}],"replies":[{"embeddable":true,"href":"https:\/\/www.bedbugfoundation.org\/es\/wp-json\/wp\/v2\/comments?post=1285"}],"version-history":[{"count":0,"href":"https:\/\/www.bedbugfoundation.org\/es\/wp-json\/wp\/v2\/pages\/1285\/revisions"}],"wp:attachment":[{"href":"https:\/\/www.bedbugfoundation.org\/es\/wp-json\/wp\/v2\/media?parent=1285"}],"curies":[{"name":"wp","href":"https:\/\/api.w.org\/{rel}","templated":true}]}}