{"id":2308,"date":"2019-08-27T13:16:57","date_gmt":"2019-08-27T12:16:57","guid":{"rendered":"https:\/\/www.bedbugfoundation.org\/?page_id=2308"},"modified":"2026-02-24T11:03:17","modified_gmt":"2026-02-24T11:03:17","slug":"step-3","status":"publish","type":"page","link":"https:\/\/www.bedbugfoundation.org\/es\/self-help\/step-3\/","title":{"rendered":"Paso 3: Consejos de autoayuda para el control de chinches"},"content":{"rendered":"<p>Los chinches siempre prefieren esconderse en grupos, en alg\u00fan lugar cerca del lugar de alimentaci\u00f3n. Buscan grietas y hendiduras duras en lugares protegidos, generalmente en y alrededor de la estructura del lecho. Sus escondites tienden a estar muy sucios de materia fecal negra, as\u00ed como de huevos y pieles.<\/p>\n\n\n\n<p><strong>Antes de empezar<\/strong><strong><\/strong><\/p>\n\n\n\n<p>Lo necesitar\u00e1s:<\/p>\n\n\n\n<ul class=\"wp-block-list\">\n<li>sacos de basura de alta resistencia<\/li>\n\n\n\n<li>una buena antorcha<\/li>\n\n\n\n<li>pinzas\/fuerzas<\/li>\n\n\n\n<li>herramientas para desmantelar la cama<\/li>\n\n\n\n<li>aspiradora con herramienta para hendiduras<\/li>\n\n\n\n<li>el encajonamiento del colch\u00f3n<\/li>\n\n\n\n<li>encajonamiento para la base de la cama (s\u00f3lo para las camas de div\u00e1n\/caja)<\/li>\n\n\n\n<li>Sellador de silicona (opcional, s\u00f3lo para camas con marco)<\/li>\n\n\n\n<li>desiccant dust (e.g. CimeXa or ChinChex)<\/li>\n\n\n\n<li>dispositivo de aislamiento de la cama (por ejemplo, ClimbUp Interceptor)<\/li>\n<\/ul>\n\n\n\n<p><strong>Declutar alrededor de la cama<\/strong><strong><\/strong><\/p>\n\n\n\n<p>Empieza por desordenarse alrededor de la cama. Ponga los objetos que no puedan ser f\u00e1cilmente inspeccionados en bolsas de basura para su posterior desinfecci\u00f3n. En la mayor\u00eda de los casos, los art\u00edculos que se encuentran a m\u00e1s de dos metros de la cama no es probable que alberguen chinches, sin embargo, esto depender\u00e1 de la gravedad de la infestaci\u00f3n. Un poco de espacio alrededor de la cama facilitar\u00e1 el trabajo y tambi\u00e9n facilitar\u00e1 la detecci\u00f3n de cualquier chinche que trate de huir de la cama debido a la perturbaci\u00f3n.<\/p>\n\n\n\n<p>Una aspiradora puede ser \u00fatil para aspirar r\u00e1pidamente cualquier bicho que se descubra, pero hay que tener en cuenta que es probable que sobrevivan en el interior de la aspiradora, por lo que ser\u00e1 necesario vaciarla en un cubo de basura exterior inmediatamente despu\u00e9s de su uso.<\/p>\n\n\n\n<p><strong>Quitar la ropa de cama y otros muebles blandos<\/strong><strong><\/strong><\/p>\n\n\n\n<p>Empieza por quitar y aislar cuidadosamente la ropa de cama. Esto puede ser cuidadosamente envuelto en bolsas de basura y luego lavado y\/o secado en un ciclo caliente para asegurarse de que est\u00e1 libre de insectos. A veces, quitar las s\u00e1banas de la cama puede desalojar a los insectos que se esconden bajo el colch\u00f3n, haciendo que se escapen. Recoja las chinches errantes cuando las vea e intente evitar que se escapen.<\/p>\n\n\n\n<p><strong>Inspecciona el colch\u00f3n<\/strong><strong><\/strong><\/p>\n\n\n\n<p>Inspeccione cuidadosamente la parte superior del colch\u00f3n mientras est\u00e1 todav\u00eda en la cama. Preste especial atenci\u00f3n a las tuber\u00edas alrededor del borde del colch\u00f3n y a cualquier otra caracter\u00edstica, como las etiquetas y las asas. A las chinches a menudo les gusta apretarse junto a estos.<\/p>\n\n\n\n<figure class=\"wp-block-gallery aligncenter has-nested-images columns-default is-cropped wp-block-gallery-1 is-layout-flex wp-block-gallery-is-layout-flex\">\n<figure class=\"wp-block-image size-large\"><img loading=\"lazy\" decoding=\"async\" width=\"1024\" height=\"683\" data-id=\"1989\" src=\"https:\/\/www.bedbugfoundation.org\/wp-content\/uploads\/2019\/02\/SH7W6211-1024x683.jpg\" alt=\"\" class=\"wp-image-1989\" srcset=\"https:\/\/www.bedbugfoundation.org\/wp-content\/uploads\/2019\/02\/SH7W6211-1024x683.jpg 1024w, https:\/\/www.bedbugfoundation.org\/wp-content\/uploads\/2019\/02\/SH7W6211-300x200.jpg 300w, https:\/\/www.bedbugfoundation.org\/wp-content\/uploads\/2019\/02\/SH7W6211-768x512.jpg 768w, https:\/\/www.bedbugfoundation.org\/wp-content\/uploads\/2019\/02\/SH7W6211-450x300.jpg 450w, https:\/\/www.bedbugfoundation.org\/wp-content\/uploads\/2019\/02\/SH7W6211.jpg 1500w\" sizes=\"auto, (max-width: 1024px) 100vw, 1024px\" \/><\/figure>\n\n\n\n<figure class=\"wp-block-image size-large\"><img loading=\"lazy\" decoding=\"async\" width=\"1024\" height=\"683\" data-id=\"1961\" src=\"https:\/\/www.bedbugfoundation.org\/wp-content\/uploads\/2019\/02\/bedbug-harbourage-2-1024x683.jpg\" alt=\"\" class=\"wp-image-1961\" srcset=\"https:\/\/www.bedbugfoundation.org\/wp-content\/uploads\/2019\/02\/bedbug-harbourage-2-1024x683.jpg 1024w, https:\/\/www.bedbugfoundation.org\/wp-content\/uploads\/2019\/02\/bedbug-harbourage-2-300x200.jpg 300w, https:\/\/www.bedbugfoundation.org\/wp-content\/uploads\/2019\/02\/bedbug-harbourage-2-768x512.jpg 768w, https:\/\/www.bedbugfoundation.org\/wp-content\/uploads\/2019\/02\/bedbug-harbourage-2-450x300.jpg 450w, https:\/\/www.bedbugfoundation.org\/wp-content\/uploads\/2019\/02\/bedbug-harbourage-2.jpg 1500w\" sizes=\"auto, (max-width: 1024px) 100vw, 1024px\" \/><\/figure>\n\n\n\n<figure class=\"wp-block-image size-large\"><img loading=\"lazy\" decoding=\"async\" width=\"1000\" height=\"288\" data-id=\"592\" src=\"https:\/\/www.bedbugfoundation.org\/wp-content\/uploads\/2016\/05\/SH7W6278a-small.jpg\" alt=\"\" class=\"wp-image-592\" srcset=\"https:\/\/www.bedbugfoundation.org\/wp-content\/uploads\/2016\/05\/SH7W6278a-small.jpg 1000w, https:\/\/www.bedbugfoundation.org\/wp-content\/uploads\/2016\/05\/SH7W6278a-small-300x86.jpg 300w, https:\/\/www.bedbugfoundation.org\/wp-content\/uploads\/2016\/05\/SH7W6278a-small-768x221.jpg 768w\" sizes=\"auto, (max-width: 1000px) 100vw, 1000px\" \/><\/figure>\n<\/figure>\n\n\n\n<p>Ponga el colch\u00f3n contra la pared y complete la inspecci\u00f3n de la parte inferior, incluyendo la tuber\u00eda alrededor del borde inferior.<\/p>\n\n\n\n<p>Se pueden comprar fundas de colch\u00f3n para eliminar posibles escondrijos en el colch\u00f3n y sellar cualquier bicho o huevo que se haya pasado por alto durante la inspecci\u00f3n. Esto no siempre es necesario si el exterior del colch\u00f3n est\u00e1 intacto, pero si hay alg\u00fan agujero en el exterior del colch\u00f3n que pueda permitir que los chinches entren, entonces un encajonamiento de colch\u00f3n es una buena alternativa para deshacerse del colch\u00f3n por completo.<\/p>\n\n\n\n<p><strong>Inspeccione el somier \/ marco de la cama<\/strong><strong><\/strong><\/p>\n\n\n\n<p><strong>Camas con armaz\u00f3n... <\/strong>Si es posible, quite las tablillas de la cama e inspecci\u00f3nelas cuidadosamente. Los extremos de las tablillas de la cama, particularmente en la cabecera de la cama, tienden a ser un refugio para los chinches.<strong><\/strong><\/p>\n\n\n\n<p>Algunas camas pueden ser f\u00e1cilmente desmontadas, lo que permite una f\u00e1cil inspecci\u00f3n de las articulaciones y los agujeros de los tornillos donde los chinches tienden a esconderse.<\/p>\n\n\n\n<p>El sellador de silicona puede usarse para rellenar juntas y fijar agujeros. Esto puede resultar en que algunos insectos queden atrapados dentro de las juntas. Mientras el sellado sea lo suficientemente completo, los bichos quedar\u00e1n atrapados y morir\u00e1n eventualmente.<\/p>\n\n\n\n<p><strong>Div\u00e1n \/ camas con armaz\u00f3n de caja - <\/strong>Si hay un cabecero atornillado a la cama, qu\u00edtelo e inspeccione el cabecero por separado.<strong><\/strong><\/p>\n\n\n\n<p>Las camas con vac\u00edos inaccesibles son particularmente dif\u00edciles de inspeccionar. Los chinches a menudo se las arreglan para meterse dentro. En esta situaci\u00f3n, normalmente es mejor instalar un encapsulamiento de la base de la cama. Es necesario quitar las ruedas o las patas del somier, instalar el revestimiento y luego volver a colocar las ruedas en el exterior del revestimiento. Esto puede requerir que se hagan peque\u00f1as incisiones en el encajonamiento, para permitir el acceso a los agujeros de fijaci\u00f3n.<\/p>\n\n\n\n<p><strong>Polvos desecantes... <\/strong>Desiccant dusts are white or off-white, very finely ground silica. The natural form is called diatomaceous earth and the synthetic equivalent is called silica dioxide (e.g. CimeXa or ChinChex). Both can be effective for bed bug control if used correctly. They are relatively safe to use, although care should be taken not to inhale the dust, which can become airborne quite easily.<\/p>\n\n\n\n<p>Los polvos desecantes son buenos para tratar cualquier grieta y hendidura en la estructura del lecho. Proporcionan cierta protecci\u00f3n duradera contra la reinfestaci\u00f3n y son particularmente eficaces contra las ninfas peque\u00f1as, que son las m\u00e1s propensas a pasar desapercibidas en una inspecci\u00f3n. Los polvos desecantes se pueden aplicar con un aplicador de construcci\u00f3n especial o con una brocha de pintura suave o de maquillaje.<\/p>\n\n\n\n<p><strong>Convertir la cama en una isla<\/strong><strong><\/strong><\/p>\n\n\n\n<p>El paso final es aislar la cama del resto de la habitaci\u00f3n. Hay varios dispositivos disponibles en Internet (por ejemplo, el Interceptor de Insectos ClimbUp). A los chinches de cama les resulta muy dif\u00edcil caminar sobre superficies brillantes, lo que significa que cualquier insecto que intente subir a la cama por las patas caer\u00e1 en el plato y quedar\u00e1 atrapado. Para que este enfoque sea efectivo, es esencial que la cama se aleje ligeramente de la pared y que no se permita que la ropa de cama toque el suelo. Esto efectivamente convierte la cama en una trampa para chinches gigante. Cualquier chinche callejero que no se haya visto o que se est\u00e9 refugiando en el lecho ser\u00e1 atra\u00eddo de nuevo al lecho por el CO<sub>2<\/sub>&nbsp;y el calor corporal tan pronto como se ocupe de nuevo.<\/p>\n\n\n\n<p>Si los chinches no pueden alimentarse, no pueden reproducirse. As\u00ed que incluso si hay chinches callejeros en alg\u00fan lugar de la propiedad, no podr\u00e1n establecer una infestaci\u00f3n sin el acceso regular a una fuente de sangre. Con el tiempo, los chinches callejeros tender\u00e1n a migrar hacia las \u00e1reas de dormir, as\u00ed que mientras todas las camas ocupadas est\u00e9n equipadas con dispositivos de aislamiento de camas, los chinches ser\u00e1n capturados o (eventualmente) morir\u00e1n de hambre. Aislar la cama de esta manera es la mejor opci\u00f3n para las personas que viven en edificios de ocupaci\u00f3n m\u00faltiple, donde es probable la reinfestaci\u00f3n de las habitaciones o apartamentos vecinos.<\/p>\n\n\n\n<p>Los dispositivos de aislamiento de camas tienden a ser ineficaces cuando acumulan demasiado polvo y escombros en la habitaci\u00f3n, permitiendo que los bichos salgan. Por lo tanto, es importante limpiar los dispositivos de aislamiento de camas cada dos semanas y darles un ligero espolvoreo de talco o polvo desecante.<\/p>\n\n\n\n<p class=\"has-text-align-center\"><a href=\"https:\/\/www.bedbugfoundation.org\/es\/self-help\/step-2\/\">Anterior<\/a><\/p>","protected":false},"excerpt":{"rendered":"<p>Bed bugs always prefer to hide in clusters, somewhere close to the feeding site. They look for hard cracks and crevices in sheltered locations, usually in and around the bed structure. Their hiding places tend to be heavily soiled with &hellip; <a href=\"https:\/\/www.bedbugfoundation.org\/es\/self-help\/step-3\/\">Sigue leyendo <span class=\"meta-nav\">\u2192<\/span><\/a><\/p>","protected":false},"author":1,"featured_media":0,"parent":2285,"menu_order":2,"comment_status":"closed","ping_status":"closed","template":"","meta":{"_bbp_topic_count":0,"_bbp_reply_count":0,"_bbp_total_topic_count":0,"_bbp_total_reply_count":0,"_bbp_voice_count":0,"_bbp_anonymous_reply_count":0,"_bbp_topic_count_hidden":0,"_bbp_reply_count_hidden":0,"_bbp_forum_subforum_count":0,"footnotes":""},"class_list":["post-2308","page","type-page","status-publish","hentry"],"yoast_head":"<!-- This site is optimized with the Yoast SEO plugin v27.4 - https:\/\/yoast.com\/product\/yoast-seo-wordpress\/ -->\n<title>Step 3: Self-help advice for bed bug control - Bed Bug Foundation<\/title>\n<meta name=\"robots\" content=\"index, follow, max-snippet:-1, max-image-preview:large, max-video-preview:-1\" \/>\n<link rel=\"canonical\" href=\"https:\/\/www.bedbugfoundation.org\/es\/self-help\/step-3\/\" \/>\n<meta property=\"og:locale\" content=\"es_ES\" \/>\n<meta property=\"og:type\" content=\"article\" \/>\n<meta property=\"og:title\" content=\"Step 3: Self-help advice for bed bug control - Bed Bug Foundation\" \/>\n<meta property=\"og:description\" content=\"Bed bugs always prefer to hide in clusters, somewhere close to the feeding site. They look for hard cracks and crevices in sheltered locations, usually in and around the bed structure. Their hiding places tend to be heavily soiled with &hellip; Sigue leyendo &rarr;\" \/>\n<meta property=\"og:url\" content=\"https:\/\/www.bedbugfoundation.org\/es\/self-help\/step-3\/\" \/>\n<meta property=\"og:site_name\" content=\"Bed Bug Foundation\" \/>\n<meta property=\"article:modified_time\" content=\"2026-02-24T11:03:17+00:00\" \/>\n<meta property=\"og:image\" content=\"https:\/\/www.bedbugfoundation.org\/wp-content\/uploads\/2019\/02\/SH7W6211.jpg\" \/>\n\t<meta property=\"og:image:width\" content=\"1500\" \/>\n\t<meta property=\"og:image:height\" content=\"1000\" \/>\n\t<meta property=\"og:image:type\" content=\"image\/jpeg\" \/>\n<meta name=\"twitter:card\" content=\"summary_large_image\" \/>\n<meta name=\"twitter:label1\" content=\"Tiempo de lectura\" \/>\n\t<meta name=\"twitter:data1\" content=\"6 minutos\" \/>\n<script type=\"application\/ld+json\" class=\"yoast-schema-graph\">{\"@context\":\"https:\\\/\\\/schema.org\",\"@graph\":[{\"@type\":\"WebPage\",\"@id\":\"https:\\\/\\\/www.bedbugfoundation.org\\\/self-help\\\/step-3\\\/\",\"url\":\"https:\\\/\\\/www.bedbugfoundation.org\\\/self-help\\\/step-3\\\/\",\"name\":\"Step 3: Self-help advice for bed bug control - Bed Bug Foundation\",\"isPartOf\":{\"@id\":\"https:\\\/\\\/www.bedbugfoundation.org\\\/#website\"},\"primaryImageOfPage\":{\"@id\":\"https:\\\/\\\/www.bedbugfoundation.org\\\/self-help\\\/step-3\\\/#primaryimage\"},\"image\":{\"@id\":\"https:\\\/\\\/www.bedbugfoundation.org\\\/self-help\\\/step-3\\\/#primaryimage\"},\"thumbnailUrl\":\"https:\\\/\\\/www.bedbugfoundation.org\\\/wp-content\\\/uploads\\\/2019\\\/02\\\/SH7W6211-1024x683.jpg\",\"datePublished\":\"2019-08-27T12:16:57+00:00\",\"dateModified\":\"2026-02-24T11:03:17+00:00\",\"breadcrumb\":{\"@id\":\"https:\\\/\\\/www.bedbugfoundation.org\\\/self-help\\\/step-3\\\/#breadcrumb\"},\"inLanguage\":\"es\",\"potentialAction\":[{\"@type\":\"ReadAction\",\"target\":[\"https:\\\/\\\/www.bedbugfoundation.org\\\/self-help\\\/step-3\\\/\"]}]},{\"@type\":\"ImageObject\",\"inLanguage\":\"es\",\"@id\":\"https:\\\/\\\/www.bedbugfoundation.org\\\/self-help\\\/step-3\\\/#primaryimage\",\"url\":\"https:\\\/\\\/www.bedbugfoundation.org\\\/wp-content\\\/uploads\\\/2019\\\/02\\\/SH7W6211-1024x683.jpg\",\"contentUrl\":\"https:\\\/\\\/www.bedbugfoundation.org\\\/wp-content\\\/uploads\\\/2019\\\/02\\\/SH7W6211-1024x683.jpg\"},{\"@type\":\"BreadcrumbList\",\"@id\":\"https:\\\/\\\/www.bedbugfoundation.org\\\/self-help\\\/step-3\\\/#breadcrumb\",\"itemListElement\":[{\"@type\":\"ListItem\",\"position\":1,\"name\":\"Home\",\"item\":\"https:\\\/\\\/www.bedbugfoundation.org\\\/\"},{\"@type\":\"ListItem\",\"position\":2,\"name\":\"Help! I think I have bed bugs!\",\"item\":\"https:\\\/\\\/www.bedbugfoundation.org\\\/self-help\\\/\"},{\"@type\":\"ListItem\",\"position\":3,\"name\":\"Step 3: Self-help advice for bed bug control\"}]},{\"@type\":\"WebSite\",\"@id\":\"https:\\\/\\\/www.bedbugfoundation.org\\\/#website\",\"url\":\"https:\\\/\\\/www.bedbugfoundation.org\\\/\",\"name\":\"Bed Bug Foundation\",\"description\":\"Home of the European Code of Practice for Bed Bug Management\",\"potentialAction\":[{\"@type\":\"SearchAction\",\"target\":{\"@type\":\"EntryPoint\",\"urlTemplate\":\"https:\\\/\\\/www.bedbugfoundation.org\\\/?s={search_term_string}\"},\"query-input\":{\"@type\":\"PropertyValueSpecification\",\"valueRequired\":true,\"valueName\":\"search_term_string\"}}],\"inLanguage\":\"es\"}]}<\/script>\n<!-- \/ Yoast SEO plugin. -->","yoast_head_json":{"title":"Paso 3: Consejos de autoayuda para el control de chinches de cama - Bed Bug Foundation","robots":{"index":"index","follow":"follow","max-snippet":"max-snippet:-1","max-image-preview":"max-image-preview:large","max-video-preview":"max-video-preview:-1"},"canonical":"https:\/\/www.bedbugfoundation.org\/es\/self-help\/step-3\/","og_locale":"es_ES","og_type":"article","og_title":"Step 3: Self-help advice for bed bug control - Bed Bug Foundation","og_description":"Bed bugs always prefer to hide in clusters, somewhere close to the feeding site. They look for hard cracks and crevices in sheltered locations, usually in and around the bed structure. Their hiding places tend to be heavily soiled with &hellip; Sigue leyendo &rarr;","og_url":"https:\/\/www.bedbugfoundation.org\/es\/self-help\/step-3\/","og_site_name":"Bed Bug Foundation","article_modified_time":"2026-02-24T11:03:17+00:00","og_image":[{"width":1500,"height":1000,"url":"https:\/\/www.bedbugfoundation.org\/wp-content\/uploads\/2019\/02\/SH7W6211.jpg","type":"image\/jpeg"}],"twitter_card":"summary_large_image","twitter_misc":{"Tiempo de lectura":"6 minutos"},"schema":{"@context":"https:\/\/schema.org","@graph":[{"@type":"WebPage","@id":"https:\/\/www.bedbugfoundation.org\/self-help\/step-3\/","url":"https:\/\/www.bedbugfoundation.org\/self-help\/step-3\/","name":"Paso 3: Consejos de autoayuda para el control de chinches de cama - Bed Bug Foundation","isPartOf":{"@id":"https:\/\/www.bedbugfoundation.org\/#website"},"primaryImageOfPage":{"@id":"https:\/\/www.bedbugfoundation.org\/self-help\/step-3\/#primaryimage"},"image":{"@id":"https:\/\/www.bedbugfoundation.org\/self-help\/step-3\/#primaryimage"},"thumbnailUrl":"https:\/\/www.bedbugfoundation.org\/wp-content\/uploads\/2019\/02\/SH7W6211-1024x683.jpg","datePublished":"2019-08-27T12:16:57+00:00","dateModified":"2026-02-24T11:03:17+00:00","breadcrumb":{"@id":"https:\/\/www.bedbugfoundation.org\/self-help\/step-3\/#breadcrumb"},"inLanguage":"es","potentialAction":[{"@type":"ReadAction","target":["https:\/\/www.bedbugfoundation.org\/self-help\/step-3\/"]}]},{"@type":"ImageObject","inLanguage":"es","@id":"https:\/\/www.bedbugfoundation.org\/self-help\/step-3\/#primaryimage","url":"https:\/\/www.bedbugfoundation.org\/wp-content\/uploads\/2019\/02\/SH7W6211-1024x683.jpg","contentUrl":"https:\/\/www.bedbugfoundation.org\/wp-content\/uploads\/2019\/02\/SH7W6211-1024x683.jpg"},{"@type":"BreadcrumbList","@id":"https:\/\/www.bedbugfoundation.org\/self-help\/step-3\/#breadcrumb","itemListElement":[{"@type":"ListItem","position":1,"name":"Home","item":"https:\/\/www.bedbugfoundation.org\/"},{"@type":"ListItem","position":2,"name":"Help! I think I have bed bugs!","item":"https:\/\/www.bedbugfoundation.org\/self-help\/"},{"@type":"ListItem","position":3,"name":"Step 3: Self-help advice for bed bug control"}]},{"@type":"WebSite","@id":"https:\/\/www.bedbugfoundation.org\/#website","url":"https:\/\/www.bedbugfoundation.org\/","name":"Fundaci\u00f3n para las chinches de la cama","description":"Inicio del C\u00f3digo Europeo de Pr\u00e1cticas para la Gesti\u00f3n de las Chinches de la Cama","potentialAction":[{"@type":"SearchAction","target":{"@type":"EntryPoint","urlTemplate":"https:\/\/www.bedbugfoundation.org\/?s={search_term_string}"},"query-input":{"@type":"PropertyValueSpecification","valueRequired":true,"valueName":"search_term_string"}}],"inLanguage":"es"}]}},"_links":{"self":[{"href":"https:\/\/www.bedbugfoundation.org\/es\/wp-json\/wp\/v2\/pages\/2308","targetHints":{"allow":["GET"]}}],"collection":[{"href":"https:\/\/www.bedbugfoundation.org\/es\/wp-json\/wp\/v2\/pages"}],"about":[{"href":"https:\/\/www.bedbugfoundation.org\/es\/wp-json\/wp\/v2\/types\/page"}],"author":[{"embeddable":true,"href":"https:\/\/www.bedbugfoundation.org\/es\/wp-json\/wp\/v2\/users\/1"}],"replies":[{"embeddable":true,"href":"https:\/\/www.bedbugfoundation.org\/es\/wp-json\/wp\/v2\/comments?post=2308"}],"version-history":[{"count":14,"href":"https:\/\/www.bedbugfoundation.org\/es\/wp-json\/wp\/v2\/pages\/2308\/revisions"}],"predecessor-version":[{"id":10644,"href":"https:\/\/www.bedbugfoundation.org\/es\/wp-json\/wp\/v2\/pages\/2308\/revisions\/10644"}],"up":[{"embeddable":true,"href":"https:\/\/www.bedbugfoundation.org\/es\/wp-json\/wp\/v2\/pages\/2285"}],"wp:attachment":[{"href":"https:\/\/www.bedbugfoundation.org\/es\/wp-json\/wp\/v2\/media?parent=2308"}],"curies":[{"name":"wp","href":"https:\/\/api.w.org\/{rel}","templated":true}]}}