{"id":2312,"date":"2019-08-27T13:49:19","date_gmt":"2019-08-27T12:49:19","guid":{"rendered":"https:\/\/www.bedbugfoundation.org\/?page_id=2312"},"modified":"2019-08-27T13:49:20","modified_gmt":"2019-08-27T12:49:20","slug":"step-4-choosing-a-professional","status":"publish","type":"page","link":"https:\/\/www.bedbugfoundation.org\/es\/step-4-choosing-a-professional\/","title":{"rendered":"Paso 4: Elegir un profesional"},"content":{"rendered":"<p>Solicite un presupuesto<\/p>\n\n\n\n<p>Pregunte qu\u00e9 es lo que tiene que hacer<\/p>\n\n\n\n<p>Pregunte qu\u00e9 garant\u00edas ofrecen y sus condiciones<\/p>\n\n\n\n<p>Si no ha sido posible encontrar pruebas concluyentes de una infestaci\u00f3n antes de llamar al controlador de plagas, aseg\u00farese de que el controlador de plagas realice una inspecci\u00f3n antes del tratamiento y le muestre las pruebas que ha encontrado. Lo ideal es recoger muestras y conservarlas.<\/p>\n\n\n\n<p>Las empresas de control de plagas que utilizan el vapor suelen ser buenas porque...<\/p>\n\n\n\n<p><a href=\"https:\/\/www.bedbugfoundation.org\/es\/step-3-self-help-advice-for-bed-bug-control\/\">Anterior<\/a>\u00a0\/\u00a0<a href=\"https:\/\/www.bedbugfoundation.org\/es\/help-i-think-i-have-bed-bugs\/\">Inicio<\/a> <\/p>","protected":false},"excerpt":{"rendered":"<p>Ask for a quote Ask what you are required to do Ask what guarantees they offer and their terms If it has not been possible to find conclusive evidence of an infestation prior to calling the pest controller, make sure &hellip; <a href=\"https:\/\/www.bedbugfoundation.org\/es\/step-4-choosing-a-professional\/\">Sigue leyendo <span class=\"meta-nav\">\u2192<\/span><\/a><\/p>","protected":false},"author":1,"featured_media":0,"parent":0,"menu_order":0,"comment_status":"closed","ping_status":"closed","template":"","meta":{"_bbp_topic_count":0,"_bbp_reply_count":0,"_bbp_total_topic_count":0,"_bbp_total_reply_count":0,"_bbp_voice_count":0,"_bbp_anonymous_reply_count":0,"_bbp_topic_count_hidden":0,"_bbp_reply_count_hidden":0,"_bbp_forum_subforum_count":0,"footnotes":""},"class_list":["post-2312","page","type-page","status-publish","hentry"],"yoast_head":"<!-- This site is optimized with the Yoast SEO plugin v27.5 - https:\/\/yoast.com\/product\/yoast-seo-wordpress\/ -->\n<title>Step 4: Choosing a professional - Bed Bug Foundation<\/title>\n<meta name=\"robots\" content=\"index, follow, max-snippet:-1, max-image-preview:large, max-video-preview:-1\" \/>\n<link rel=\"canonical\" href=\"https:\/\/www.bedbugfoundation.org\/es\/step-4-choosing-a-professional\/\" \/>\n<meta property=\"og:locale\" content=\"es_ES\" \/>\n<meta property=\"og:type\" content=\"article\" \/>\n<meta property=\"og:title\" content=\"Step 4: Choosing a professional - Bed Bug Foundation\" \/>\n<meta property=\"og:description\" content=\"Ask for a quote Ask what you are required to do Ask what guarantees they offer and their terms If it has not been possible to find conclusive evidence of an infestation prior to calling the pest controller, make sure &hellip; Sigue leyendo &rarr;\" \/>\n<meta property=\"og:url\" content=\"https:\/\/www.bedbugfoundation.org\/es\/step-4-choosing-a-professional\/\" \/>\n<meta property=\"og:site_name\" content=\"Bed Bug Foundation\" \/>\n<meta property=\"article:modified_time\" content=\"2019-08-27T12:49:20+00:00\" \/>\n<meta name=\"twitter:card\" content=\"summary_large_image\" \/>\n<script type=\"application\/ld+json\" class=\"yoast-schema-graph\">{\"@context\":\"https:\\\/\\\/schema.org\",\"@graph\":[{\"@type\":\"WebPage\",\"@id\":\"https:\\\/\\\/www.bedbugfoundation.org\\\/de\\\/step-4-choosing-a-professional\\\/\",\"url\":\"https:\\\/\\\/www.bedbugfoundation.org\\\/de\\\/step-4-choosing-a-professional\\\/\",\"name\":\"Step 4: Choosing a professional - Bed Bug Foundation\",\"isPartOf\":{\"@id\":\"https:\\\/\\\/www.bedbugfoundation.org\\\/#website\"},\"datePublished\":\"2019-08-27T12:49:19+00:00\",\"dateModified\":\"2019-08-27T12:49:20+00:00\",\"breadcrumb\":{\"@id\":\"https:\\\/\\\/www.bedbugfoundation.org\\\/de\\\/step-4-choosing-a-professional\\\/#breadcrumb\"},\"inLanguage\":\"es\",\"potentialAction\":[{\"@type\":\"ReadAction\",\"target\":[\"https:\\\/\\\/www.bedbugfoundation.org\\\/de\\\/step-4-choosing-a-professional\\\/\"]}]},{\"@type\":\"BreadcrumbList\",\"@id\":\"https:\\\/\\\/www.bedbugfoundation.org\\\/de\\\/step-4-choosing-a-professional\\\/#breadcrumb\",\"itemListElement\":[{\"@type\":\"ListItem\",\"position\":1,\"name\":\"Home\",\"item\":\"https:\\\/\\\/www.bedbugfoundation.org\\\/\"},{\"@type\":\"ListItem\",\"position\":2,\"name\":\"Step 4: Choosing a professional\"}]},{\"@type\":\"WebSite\",\"@id\":\"https:\\\/\\\/www.bedbugfoundation.org\\\/#website\",\"url\":\"https:\\\/\\\/www.bedbugfoundation.org\\\/\",\"name\":\"Bed Bug Foundation\",\"description\":\"Home of the European Code of Practice for Bed Bug Management\",\"potentialAction\":[{\"@type\":\"SearchAction\",\"target\":{\"@type\":\"EntryPoint\",\"urlTemplate\":\"https:\\\/\\\/www.bedbugfoundation.org\\\/?s={search_term_string}\"},\"query-input\":{\"@type\":\"PropertyValueSpecification\",\"valueRequired\":true,\"valueName\":\"search_term_string\"}}],\"inLanguage\":\"es\"}]}<\/script>\n<!-- \/ Yoast SEO plugin. -->","yoast_head_json":{"title":"Paso 4: Elecci\u00f3n de un profesional - Bed Bug Foundation","robots":{"index":"index","follow":"follow","max-snippet":"max-snippet:-1","max-image-preview":"max-image-preview:large","max-video-preview":"max-video-preview:-1"},"canonical":"https:\/\/www.bedbugfoundation.org\/es\/step-4-choosing-a-professional\/","og_locale":"es_ES","og_type":"article","og_title":"Step 4: Choosing a professional - Bed Bug Foundation","og_description":"Ask for a quote Ask what you are required to do Ask what guarantees they offer and their terms If it has not been possible to find conclusive evidence of an infestation prior to calling the pest controller, make sure &hellip; Sigue leyendo &rarr;","og_url":"https:\/\/www.bedbugfoundation.org\/es\/step-4-choosing-a-professional\/","og_site_name":"Bed Bug Foundation","article_modified_time":"2019-08-27T12:49:20+00:00","twitter_card":"summary_large_image","schema":{"@context":"https:\/\/schema.org","@graph":[{"@type":"WebPage","@id":"https:\/\/www.bedbugfoundation.org\/de\/step-4-choosing-a-professional\/","url":"https:\/\/www.bedbugfoundation.org\/de\/step-4-choosing-a-professional\/","name":"Paso 4: Elecci\u00f3n de un profesional - Bed Bug Foundation","isPartOf":{"@id":"https:\/\/www.bedbugfoundation.org\/#website"},"datePublished":"2019-08-27T12:49:19+00:00","dateModified":"2019-08-27T12:49:20+00:00","breadcrumb":{"@id":"https:\/\/www.bedbugfoundation.org\/de\/step-4-choosing-a-professional\/#breadcrumb"},"inLanguage":"es","potentialAction":[{"@type":"ReadAction","target":["https:\/\/www.bedbugfoundation.org\/de\/step-4-choosing-a-professional\/"]}]},{"@type":"BreadcrumbList","@id":"https:\/\/www.bedbugfoundation.org\/de\/step-4-choosing-a-professional\/#breadcrumb","itemListElement":[{"@type":"ListItem","position":1,"name":"Home","item":"https:\/\/www.bedbugfoundation.org\/"},{"@type":"ListItem","position":2,"name":"Step 4: Choosing a professional"}]},{"@type":"WebSite","@id":"https:\/\/www.bedbugfoundation.org\/#website","url":"https:\/\/www.bedbugfoundation.org\/","name":"Fundaci\u00f3n para las chinches de la cama","description":"Inicio del C\u00f3digo Europeo de Pr\u00e1cticas para la Gesti\u00f3n de las Chinches de la Cama","potentialAction":[{"@type":"SearchAction","target":{"@type":"EntryPoint","urlTemplate":"https:\/\/www.bedbugfoundation.org\/?s={search_term_string}"},"query-input":{"@type":"PropertyValueSpecification","valueRequired":true,"valueName":"search_term_string"}}],"inLanguage":"es"}]}},"_links":{"self":[{"href":"https:\/\/www.bedbugfoundation.org\/es\/wp-json\/wp\/v2\/pages\/2312","targetHints":{"allow":["GET"]}}],"collection":[{"href":"https:\/\/www.bedbugfoundation.org\/es\/wp-json\/wp\/v2\/pages"}],"about":[{"href":"https:\/\/www.bedbugfoundation.org\/es\/wp-json\/wp\/v2\/types\/page"}],"author":[{"embeddable":true,"href":"https:\/\/www.bedbugfoundation.org\/es\/wp-json\/wp\/v2\/users\/1"}],"replies":[{"embeddable":true,"href":"https:\/\/www.bedbugfoundation.org\/es\/wp-json\/wp\/v2\/comments?post=2312"}],"version-history":[{"count":1,"href":"https:\/\/www.bedbugfoundation.org\/es\/wp-json\/wp\/v2\/pages\/2312\/revisions"}],"predecessor-version":[{"id":2313,"href":"https:\/\/www.bedbugfoundation.org\/es\/wp-json\/wp\/v2\/pages\/2312\/revisions\/2313"}],"wp:attachment":[{"href":"https:\/\/www.bedbugfoundation.org\/es\/wp-json\/wp\/v2\/media?parent=2312"}],"curies":[{"name":"wp","href":"https:\/\/api.w.org\/{rel}","templated":true}]}}