{"id":284,"date":"2013-10-25T17:14:21","date_gmt":"2013-10-25T17:14:21","guid":{"rendered":"http:\/\/bedbugfoundation.org\/?page_id=284"},"modified":"2016-10-12T10:33:51","modified_gmt":"2016-10-12T09:33:51","slug":"sponsors-page","status":"publish","type":"page","link":"https:\/\/www.bedbugfoundation.org\/es\/sponsors-page\/","title":{"rendered":"Patrocinadores de la Fundaci\u00f3n Chinche"},"content":{"rendered":"<p>The Bed Bug Foundation is extremely grateful for the help and support of all of its sponsors.<\/p>\n<p><strong><span style=\"font-size: x-small;\">[Please note, inclusion on the sponsors page does not constitute endorsement by the BBF of any of the products or services offered by the companies listed.]<\/span><\/strong><\/p>\n<style type=\"text\/css\">\n#foogallery-gallery-809 .fg-image { width: 180px; }\n#foogallery-gallery-809 { --fg-gutter: 10px; }<\/style>\n\t\t\t<div class=\"foogallery foogallery-container foogallery-default foogallery-lightbox-foobox fg-center fg-default fg-ready fg-light fg-loading-default fg-loaded-fade-in fg-hover-fade fg-hover-zoom\" id=\"foogallery-gallery-809\" data-foogallery=\"{&quot;item&quot;:{&quot;showCaptionTitle&quot;:true,&quot;showCaptionDescription&quot;:false},&quot;lazy&quot;:true}\" style=\"--fg-title-line-clamp: 0; --fg-description-line-clamp: 0;\" >\n\t<div class=\"fg-item fg-type-iframe fg-idle\"><figure class=\"fg-item-inner\"><a href=\"http:\/\/www.alpeco.co.nz\" data-attachment-id=\"831\" data-type=\"iframe\" class=\"fg-thumb\"><span class=\"fg-image-wrap\"><img decoding=\"async\" width=\"180\" height=\"150\" class=\"skip-lazy fg-image\" data-src-fg=\"https:\/\/www.bedbugfoundation.org\/wp-content\/uploads\/cache\/2016\/05\/alpeco\/1837809558.jpg\" src=\"data:image\/svg+xml,%3Csvg%20xmlns%3D%22http%3A%2F%2Fwww.w3.org%2F2000%2Fsvg%22%20width%3D%22180%22%20height%3D%22150%22%20viewBox%3D%220%200%20180%20150%22%3E%3C%2Fsvg%3E\" loading=\"eager\"><\/span><span class=\"fg-image-overlay\"><\/span><\/a><\/figure><div class=\"fg-loader\"><\/div><\/div><div class=\"fg-item fg-type-iframe fg-idle\"><figure class=\"fg-item-inner\"><a href=\"http:\/\/www.pe.st\" data-attachment-id=\"845\" data-type=\"iframe\" class=\"fg-thumb\"><span class=\"fg-image-wrap\"><img decoding=\"async\" width=\"180\" height=\"150\" class=\"skip-lazy fg-image\" data-src-fg=\"https:\/\/www.bedbugfoundation.org\/wp-content\/uploads\/cache\/2016\/05\/www_pest_\/728428747.jpg\" src=\"data:image\/svg+xml,%3Csvg%20xmlns%3D%22http%3A%2F%2Fwww.w3.org%2F2000%2Fsvg%22%20width%3D%22180%22%20height%3D%22150%22%20viewBox%3D%220%200%20180%20150%22%3E%3C%2Fsvg%3E\" loading=\"eager\"><\/span><span class=\"fg-image-overlay\"><\/span><\/a><\/figure><div class=\"fg-loader\"><\/div><\/div><div class=\"fg-item fg-type-iframe fg-idle\"><figure class=\"fg-item-inner\"><a href=\"http:\/\/ww\/cimexstore.co.uk\" data-attachment-id=\"2175\" data-type=\"iframe\" class=\"fg-thumb\"><span class=\"fg-image-wrap\"><img decoding=\"async\" width=\"180\" height=\"150\" class=\"skip-lazy fg-image\" data-src-fg=\"https:\/\/www.bedbugfoundation.org\/wp-content\/uploads\/cache\/2016\/05\/CimexStore-logo-june-2018\/2142490044.png\" src=\"data:image\/svg+xml,%3Csvg%20xmlns%3D%22http%3A%2F%2Fwww.w3.org%2F2000%2Fsvg%22%20width%3D%22180%22%20height%3D%22150%22%20viewBox%3D%220%200%20180%20150%22%3E%3C%2Fsvg%3E\" loading=\"eager\"><\/span><span class=\"fg-image-overlay\"><\/span><\/a><\/figure><div class=\"fg-loader\"><\/div><\/div><div class=\"fg-item fg-type-iframe fg-idle\"><figure class=\"fg-item-inner\"><a href=\"http:\/\/www.kad.nl\/\" data-attachment-id=\"961\" data-type=\"iframe\" class=\"fg-thumb\"><span class=\"fg-image-wrap\"><img decoding=\"async\" width=\"180\" height=\"150\" class=\"skip-lazy fg-image\" data-src-fg=\"https:\/\/www.bedbugfoundation.org\/wp-content\/uploads\/cache\/2016\/05\/KAD\/2017452256.jpg\" src=\"data:image\/svg+xml,%3Csvg%20xmlns%3D%22http%3A%2F%2Fwww.w3.org%2F2000%2Fsvg%22%20width%3D%22180%22%20height%3D%22150%22%20viewBox%3D%220%200%20180%20150%22%3E%3C%2Fsvg%3E\" loading=\"eager\"><\/span><span class=\"fg-image-overlay\"><\/span><\/a><\/figure><div class=\"fg-loader\"><\/div><\/div><div class=\"fg-item fg-type-iframe fg-idle\"><figure class=\"fg-item-inner\"><a href=\"http:\/\/bionetpestcontrol.co.uk\" data-attachment-id=\"1482\" data-type=\"iframe\" class=\"fg-thumb\"><span class=\"fg-image-wrap\"><img decoding=\"async\" alt=\"BioNet Pest Control\" width=\"180\" height=\"150\" class=\"skip-lazy fg-image\" data-src-fg=\"https:\/\/www.bedbugfoundation.org\/wp-content\/uploads\/cache\/2016\/05\/20161229_210415\/1509947204.png\" src=\"data:image\/svg+xml,%3Csvg%20xmlns%3D%22http%3A%2F%2Fwww.w3.org%2F2000%2Fsvg%22%20width%3D%22180%22%20height%3D%22150%22%20viewBox%3D%220%200%20180%20150%22%3E%3C%2Fsvg%3E\" loading=\"eager\"><\/span><span class=\"fg-image-overlay\"><\/span><\/a><\/figure><div class=\"fg-loader\"><\/div><\/div><div class=\"fg-item fg-type-iframe fg-idle\"><figure class=\"fg-item-inner\"><a href=\"https:\/\/www.bettwanzenbekaempfer.de\/\" data-attachment-id=\"2174\" data-type=\"iframe\" class=\"fg-thumb\"><span class=\"fg-image-wrap\"><img decoding=\"async\" width=\"180\" height=\"150\" class=\"skip-lazy fg-image\" data-src-fg=\"https:\/\/www.bedbugfoundation.org\/wp-content\/uploads\/cache\/2016\/05\/bettwanzenbekaempfer\/3720410069.png\" src=\"data:image\/svg+xml,%3Csvg%20xmlns%3D%22http%3A%2F%2Fwww.w3.org%2F2000%2Fsvg%22%20width%3D%22180%22%20height%3D%22150%22%20viewBox%3D%220%200%20180%20150%22%3E%3C%2Fsvg%3E\" loading=\"eager\"><\/span><span class=\"fg-image-overlay\"><\/span><\/a><\/figure><div class=\"fg-loader\"><\/div><\/div><div class=\"fg-item fg-type-iframe fg-idle\"><figure class=\"fg-item-inner\"><a href=\"http:\/\/ibbra.org\" data-attachment-id=\"839\" data-type=\"iframe\" class=\"fg-thumb\"><span class=\"fg-image-wrap\"><img decoding=\"async\" width=\"180\" height=\"150\" class=\"skip-lazy fg-image\" data-src-fg=\"https:\/\/www.bedbugfoundation.org\/wp-content\/uploads\/cache\/2016\/05\/ibbra\/2025083829.jpg\" src=\"data:image\/svg+xml,%3Csvg%20xmlns%3D%22http%3A%2F%2Fwww.w3.org%2F2000%2Fsvg%22%20width%3D%22180%22%20height%3D%22150%22%20viewBox%3D%220%200%20180%20150%22%3E%3C%2Fsvg%3E\" loading=\"eager\"><\/span><span class=\"fg-image-overlay\"><\/span><\/a><\/figure><div class=\"fg-loader\"><\/div><\/div><div class=\"fg-item fg-type-iframe fg-idle\"><figure class=\"fg-item-inner\"><a href=\"http:\/\/www.thebugo.co.uk\" data-attachment-id=\"834\" data-type=\"iframe\" class=\"fg-thumb\"><span class=\"fg-image-wrap\"><img decoding=\"async\" width=\"180\" height=\"150\" class=\"skip-lazy fg-image\" data-src-fg=\"https:\/\/www.bedbugfoundation.org\/wp-content\/uploads\/cache\/2016\/05\/BugO\/4292846160.jpg\" src=\"data:image\/svg+xml,%3Csvg%20xmlns%3D%22http%3A%2F%2Fwww.w3.org%2F2000%2Fsvg%22%20width%3D%22180%22%20height%3D%22150%22%20viewBox%3D%220%200%20180%20150%22%3E%3C%2Fsvg%3E\" loading=\"eager\"><\/span><span class=\"fg-image-overlay\"><\/span><\/a><\/figure><div class=\"fg-loader\"><\/div><\/div><div class=\"fg-item fg-type-iframe fg-idle\"><figure class=\"fg-item-inner\"><a href=\"http:\/\/www.merlinenvironmental.co.uk\" data-attachment-id=\"1485\" data-type=\"iframe\" class=\"fg-thumb\"><span class=\"fg-image-wrap\"><img decoding=\"async\" alt=\"Merlin Environmental\" width=\"180\" height=\"150\" class=\"skip-lazy fg-image\" data-src-fg=\"https:\/\/www.bedbugfoundation.org\/wp-content\/uploads\/cache\/2016\/05\/Merlin-Logo-1\/579393938.jpg\" src=\"data:image\/svg+xml,%3Csvg%20xmlns%3D%22http%3A%2F%2Fwww.w3.org%2F2000%2Fsvg%22%20width%3D%22180%22%20height%3D%22150%22%20viewBox%3D%220%200%20180%20150%22%3E%3C%2Fsvg%3E\" loading=\"eager\"><\/span><span class=\"fg-image-overlay\"><\/span><\/a><\/figure><div class=\"fg-loader\"><\/div><\/div><div class=\"fg-item fg-type-iframe fg-idle\"><figure class=\"fg-item-inner\"><a href=\"https:\/\/www.stadt-zuerich.ch\/schaedlingsbekaempfung\" data-attachment-id=\"1569\" data-type=\"iframe\" class=\"fg-thumb\"><span class=\"fg-image-wrap\"><img decoding=\"async\" width=\"180\" height=\"150\" class=\"skip-lazy fg-image\" data-src-fg=\"https:\/\/www.bedbugfoundation.org\/wp-content\/uploads\/cache\/2016\/05\/FSD_VSS_Logo\/3737135908.jpg\" src=\"data:image\/svg+xml,%3Csvg%20xmlns%3D%22http%3A%2F%2Fwww.w3.org%2F2000%2Fsvg%22%20width%3D%22180%22%20height%3D%22150%22%20viewBox%3D%220%200%20180%20150%22%3E%3C%2Fsvg%3E\" loading=\"eager\"><\/span><span class=\"fg-image-overlay\"><\/span><\/a><\/figure><div class=\"fg-loader\"><\/div><\/div><div class=\"fg-item fg-type-iframe fg-idle\"><figure class=\"fg-item-inner\"><a href=\"http:\/\/www.bpca.org.uk\/\" data-attachment-id=\"833\" data-type=\"iframe\" class=\"fg-thumb\"><span class=\"fg-image-wrap\"><img decoding=\"async\" width=\"180\" height=\"150\" class=\"skip-lazy fg-image\" data-src-fg=\"https:\/\/www.bedbugfoundation.org\/wp-content\/uploads\/cache\/2016\/05\/bpca\/1561888141.jpg\" src=\"data:image\/svg+xml,%3Csvg%20xmlns%3D%22http%3A%2F%2Fwww.w3.org%2F2000%2Fsvg%22%20width%3D%22180%22%20height%3D%22150%22%20viewBox%3D%220%200%20180%20150%22%3E%3C%2Fsvg%3E\" loading=\"eager\"><\/span><span class=\"fg-image-overlay\"><\/span><\/a><\/figure><div class=\"fg-loader\"><\/div><\/div><div class=\"fg-item fg-type-iframe fg-idle\"><figure class=\"fg-item-inner\"><a href=\"http:\/\/www.rokill.co.uk\" data-attachment-id=\"842\" data-type=\"iframe\" class=\"fg-thumb\"><span class=\"fg-image-wrap\"><img decoding=\"async\" width=\"180\" height=\"150\" class=\"skip-lazy fg-image\" data-src-fg=\"https:\/\/www.bedbugfoundation.org\/wp-content\/uploads\/cache\/2016\/05\/rokill\/2860912785.jpg\" src=\"data:image\/svg+xml,%3Csvg%20xmlns%3D%22http%3A%2F%2Fwww.w3.org%2F2000%2Fsvg%22%20width%3D%22180%22%20height%3D%22150%22%20viewBox%3D%220%200%20180%20150%22%3E%3C%2Fsvg%3E\" loading=\"eager\"><\/span><span class=\"fg-image-overlay\"><\/span><\/a><\/figure><div class=\"fg-loader\"><\/div><\/div><div class=\"fg-item fg-type-iframe fg-idle\"><figure class=\"fg-item-inner\"><a href=\"http:\/\/nattarolabs.se\" data-attachment-id=\"840\" data-type=\"iframe\" class=\"fg-thumb\"><span class=\"fg-image-wrap\"><img decoding=\"async\" width=\"180\" height=\"150\" class=\"skip-lazy fg-image\" data-src-fg=\"https:\/\/www.bedbugfoundation.org\/wp-content\/uploads\/cache\/2016\/05\/nattaro\/2609252089.jpg\" src=\"data:image\/svg+xml,%3Csvg%20xmlns%3D%22http%3A%2F%2Fwww.w3.org%2F2000%2Fsvg%22%20width%3D%22180%22%20height%3D%22150%22%20viewBox%3D%220%200%20180%20150%22%3E%3C%2Fsvg%3E\" loading=\"eager\"><\/span><span class=\"fg-image-overlay\"><\/span><\/a><\/figure><div class=\"fg-loader\"><\/div><\/div><div class=\"fg-item fg-type-iframe fg-idle\"><figure class=\"fg-item-inner\"><a href=\"http:\/\/bedbugsexperts.co.uk\/\" data-attachment-id=\"1272\" data-type=\"iframe\" class=\"fg-thumb\"><span class=\"fg-image-wrap\"><img decoding=\"async\" width=\"180\" height=\"150\" class=\"skip-lazy fg-image\" data-src-fg=\"https:\/\/www.bedbugfoundation.org\/wp-content\/uploads\/cache\/2016\/05\/the-bed-bugs-experts-logo\/1877702178.png\" src=\"data:image\/svg+xml,%3Csvg%20xmlns%3D%22http%3A%2F%2Fwww.w3.org%2F2000%2Fsvg%22%20width%3D%22180%22%20height%3D%22150%22%20viewBox%3D%220%200%20180%20150%22%3E%3C%2Fsvg%3E\" loading=\"eager\"><\/span><span class=\"fg-image-overlay\"><\/span><\/a><\/figure><div class=\"fg-loader\"><\/div><\/div><div class=\"fg-item fg-type-iframe fg-idle\"><figure class=\"fg-item-inner\"><a href=\"http:\/\/bed-bugs.co.uk\" data-attachment-id=\"832\" data-type=\"iframe\" class=\"fg-thumb\"><span class=\"fg-image-wrap\"><img decoding=\"async\" width=\"180\" height=\"150\" class=\"skip-lazy fg-image\" data-src-fg=\"https:\/\/www.bedbugfoundation.org\/wp-content\/uploads\/cache\/2016\/05\/bbltd\/1552855874.jpg\" src=\"data:image\/svg+xml,%3Csvg%20xmlns%3D%22http%3A%2F%2Fwww.w3.org%2F2000%2Fsvg%22%20width%3D%22180%22%20height%3D%22150%22%20viewBox%3D%220%200%20180%20150%22%3E%3C%2Fsvg%3E\" loading=\"eager\"><\/span><span class=\"fg-image-overlay\"><\/span><\/a><\/figure><div class=\"fg-loader\"><\/div><\/div><div class=\"fg-item fg-type-iframe fg-idle\"><figure class=\"fg-item-inner\"><a href=\"http:\/\/www.pest24.co.uk\" data-attachment-id=\"841\" data-type=\"iframe\" class=\"fg-thumb\"><span class=\"fg-image-wrap\"><img decoding=\"async\" width=\"180\" height=\"150\" class=\"skip-lazy fg-image\" data-src-fg=\"https:\/\/www.bedbugfoundation.org\/wp-content\/uploads\/cache\/2016\/05\/pest24\/4167752696.jpg\" src=\"data:image\/svg+xml,%3Csvg%20xmlns%3D%22http%3A%2F%2Fwww.w3.org%2F2000%2Fsvg%22%20width%3D%22180%22%20height%3D%22150%22%20viewBox%3D%220%200%20180%20150%22%3E%3C%2Fsvg%3E\" loading=\"eager\"><\/span><span class=\"fg-image-overlay\"><\/span><\/a><\/figure><div class=\"fg-loader\"><\/div><\/div><\/div>\n\n<p>&nbsp;<\/p>\n<p><a href=\"http:\/\/www.cimexstore.co.uk\" rel=\"attachment wp-att-290\">\u00a0<\/a><a href=\"http:\/\/www.cimexstore.co.uk\" rel=\"attachment wp-att-290\">\u00a0\u00a0<\/a><a href=\"http:\/\/www.cimexstore.co.uk\" rel=\"attachment wp-att-290\">\u00a0\u00a0\u00a0<\/a><a href=\"http:\/\/www.cimexstore.co.uk\" rel=\"attachment wp-att-290\">\u00a0\u00a0\u00a0<\/a><a href=\"http:\/\/www.cimexstore.co.uk\" rel=\"attachment wp-att-290\">\u00a0\u00a0\u00a0<\/a><\/p>\n<p>&nbsp;<\/p>\n<p><a href=\"http:\/\/www.pe.st\/\" rel=\"attachment wp-att-285\">\u00a0\u00a0\u00a0\u00a0\u00a0\u00a0\u00a0\u00a0<\/a><\/p>\n<p><a title=\"www.dogsspirit.de\" href=\"http:\/\/dogsspirit.de\">\u00a0 \u00a0 \u00a0 \u00a0\u00a0<\/a><\/p>\n<p><a href=\"http:\/\/www.alpeco.co.nz\/\" rel=\"attachment wp-att-287\">\u00a0\u00a0\u00a0\u00a0\u00a0\u00a0\u00a0\u00a0\u00a0<\/a><\/p>\n<p><a href=\"http:\/\/www.cimexstore.co.uk\" rel=\"attachment wp-att-290\">\u00a0 \u00a0 \u00a0 \u00a0 \u00a0\u00a0<\/a><\/p>\n<p><a href=\"http:\/\/www.cimexstore.co.uk\" rel=\"attachment wp-att-290\">\u00a0\u00a0\u00a0\u00a0\u00a0\u00a0\u00a0\u00a0\u00a0\u00a0<\/a><\/p>\n<p>&nbsp;<\/p>\n","protected":false},"excerpt":{"rendered":"<p>The Bed Bug Foundation is extremely grateful for the help and support of all of its sponsors. [Please note, inclusion on the sponsors page does not constitute endorsement by the BBF of any of the products or services offered by &hellip; <a href=\"https:\/\/www.bedbugfoundation.org\/es\/sponsors-page\/\">Sigue leyendo <span class=\"meta-nav\">\u2192<\/span><\/a><\/p>","protected":false},"author":1,"featured_media":0,"parent":0,"menu_order":0,"comment_status":"closed","ping_status":"closed","template":"","meta":{"_bbp_topic_count":0,"_bbp_reply_count":0,"_bbp_total_topic_count":0,"_bbp_total_reply_count":0,"_bbp_voice_count":0,"_bbp_anonymous_reply_count":0,"_bbp_topic_count_hidden":0,"_bbp_reply_count_hidden":0,"_bbp_forum_subforum_count":0,"footnotes":""},"class_list":["post-284","page","type-page","status-publish","hentry"],"yoast_head":"<!-- This site is optimized with the Yoast SEO plugin v27.5 - https:\/\/yoast.com\/product\/yoast-seo-wordpress\/ -->\n<title>Bed Bug Foundation Sponsors - Bed Bug Foundation<\/title>\n<meta name=\"robots\" content=\"index, follow, max-snippet:-1, max-image-preview:large, max-video-preview:-1\" \/>\n<link rel=\"canonical\" href=\"https:\/\/www.bedbugfoundation.org\/es\/sponsors-page\/\" \/>\n<meta property=\"og:locale\" content=\"es_ES\" \/>\n<meta property=\"og:type\" content=\"article\" \/>\n<meta property=\"og:title\" content=\"Bed Bug Foundation Sponsors - Bed Bug Foundation\" \/>\n<meta property=\"og:description\" content=\"The Bed Bug Foundation is extremely grateful for the help and support of all of its sponsors. [Please note, inclusion on the sponsors page does not constitute endorsement by the BBF of any of the products or services offered by &hellip; Sigue leyendo &rarr;\" \/>\n<meta property=\"og:url\" content=\"https:\/\/www.bedbugfoundation.org\/es\/sponsors-page\/\" \/>\n<meta property=\"og:site_name\" content=\"Bed Bug Foundation\" \/>\n<meta property=\"article:modified_time\" content=\"2016-10-12T09:33:51+00:00\" \/>\n<meta name=\"twitter:card\" content=\"summary_large_image\" \/>\n<script type=\"application\/ld+json\" class=\"yoast-schema-graph\">{\"@context\":\"https:\\\/\\\/schema.org\",\"@graph\":[{\"@type\":\"WebPage\",\"@id\":\"https:\\\/\\\/www.bedbugfoundation.org\\\/sponsors-page\\\/\",\"url\":\"https:\\\/\\\/www.bedbugfoundation.org\\\/sponsors-page\\\/\",\"name\":\"Bed Bug Foundation Sponsors - Bed Bug Foundation\",\"isPartOf\":{\"@id\":\"https:\\\/\\\/www.bedbugfoundation.org\\\/#website\"},\"datePublished\":\"2013-10-25T17:14:21+00:00\",\"dateModified\":\"2016-10-12T09:33:51+00:00\",\"breadcrumb\":{\"@id\":\"https:\\\/\\\/www.bedbugfoundation.org\\\/sponsors-page\\\/#breadcrumb\"},\"inLanguage\":\"es\",\"potentialAction\":[{\"@type\":\"ReadAction\",\"target\":[\"https:\\\/\\\/www.bedbugfoundation.org\\\/sponsors-page\\\/\"]}]},{\"@type\":\"BreadcrumbList\",\"@id\":\"https:\\\/\\\/www.bedbugfoundation.org\\\/sponsors-page\\\/#breadcrumb\",\"itemListElement\":[{\"@type\":\"ListItem\",\"position\":1,\"name\":\"Home\",\"item\":\"https:\\\/\\\/www.bedbugfoundation.org\\\/\"},{\"@type\":\"ListItem\",\"position\":2,\"name\":\"Bed Bug Foundation Sponsors\"}]},{\"@type\":\"WebSite\",\"@id\":\"https:\\\/\\\/www.bedbugfoundation.org\\\/#website\",\"url\":\"https:\\\/\\\/www.bedbugfoundation.org\\\/\",\"name\":\"Bed Bug Foundation\",\"description\":\"Home of the European Code of Practice for Bed Bug Management\",\"potentialAction\":[{\"@type\":\"SearchAction\",\"target\":{\"@type\":\"EntryPoint\",\"urlTemplate\":\"https:\\\/\\\/www.bedbugfoundation.org\\\/?s={search_term_string}\"},\"query-input\":{\"@type\":\"PropertyValueSpecification\",\"valueRequired\":true,\"valueName\":\"search_term_string\"}}],\"inLanguage\":\"es\"}]}<\/script>\n<!-- \/ Yoast SEO plugin. -->","yoast_head_json":{"title":"Patrocinadores de la Fundaci\u00f3n Chinche - Fundaci\u00f3n Chinche","robots":{"index":"index","follow":"follow","max-snippet":"max-snippet:-1","max-image-preview":"max-image-preview:large","max-video-preview":"max-video-preview:-1"},"canonical":"https:\/\/www.bedbugfoundation.org\/es\/sponsors-page\/","og_locale":"es_ES","og_type":"article","og_title":"Bed Bug Foundation Sponsors - Bed Bug Foundation","og_description":"The Bed Bug Foundation is extremely grateful for the help and support of all of its sponsors. [Please note, inclusion on the sponsors page does not constitute endorsement by the BBF of any of the products or services offered by &hellip; Sigue leyendo &rarr;","og_url":"https:\/\/www.bedbugfoundation.org\/es\/sponsors-page\/","og_site_name":"Bed Bug Foundation","article_modified_time":"2016-10-12T09:33:51+00:00","twitter_card":"summary_large_image","schema":{"@context":"https:\/\/schema.org","@graph":[{"@type":"WebPage","@id":"https:\/\/www.bedbugfoundation.org\/sponsors-page\/","url":"https:\/\/www.bedbugfoundation.org\/sponsors-page\/","name":"Patrocinadores de la Fundaci\u00f3n Chinche - Fundaci\u00f3n Chinche","isPartOf":{"@id":"https:\/\/www.bedbugfoundation.org\/#website"},"datePublished":"2013-10-25T17:14:21+00:00","dateModified":"2016-10-12T09:33:51+00:00","breadcrumb":{"@id":"https:\/\/www.bedbugfoundation.org\/sponsors-page\/#breadcrumb"},"inLanguage":"es","potentialAction":[{"@type":"ReadAction","target":["https:\/\/www.bedbugfoundation.org\/sponsors-page\/"]}]},{"@type":"BreadcrumbList","@id":"https:\/\/www.bedbugfoundation.org\/sponsors-page\/#breadcrumb","itemListElement":[{"@type":"ListItem","position":1,"name":"Home","item":"https:\/\/www.bedbugfoundation.org\/"},{"@type":"ListItem","position":2,"name":"Bed Bug Foundation Sponsors"}]},{"@type":"WebSite","@id":"https:\/\/www.bedbugfoundation.org\/#website","url":"https:\/\/www.bedbugfoundation.org\/","name":"Fundaci\u00f3n para las chinches de la cama","description":"Inicio del C\u00f3digo Europeo de Pr\u00e1cticas para la Gesti\u00f3n de las Chinches de la Cama","potentialAction":[{"@type":"SearchAction","target":{"@type":"EntryPoint","urlTemplate":"https:\/\/www.bedbugfoundation.org\/?s={search_term_string}"},"query-input":{"@type":"PropertyValueSpecification","valueRequired":true,"valueName":"search_term_string"}}],"inLanguage":"es"}]}},"_links":{"self":[{"href":"https:\/\/www.bedbugfoundation.org\/es\/wp-json\/wp\/v2\/pages\/284","targetHints":{"allow":["GET"]}}],"collection":[{"href":"https:\/\/www.bedbugfoundation.org\/es\/wp-json\/wp\/v2\/pages"}],"about":[{"href":"https:\/\/www.bedbugfoundation.org\/es\/wp-json\/wp\/v2\/types\/page"}],"author":[{"embeddable":true,"href":"https:\/\/www.bedbugfoundation.org\/es\/wp-json\/wp\/v2\/users\/1"}],"replies":[{"embeddable":true,"href":"https:\/\/www.bedbugfoundation.org\/es\/wp-json\/wp\/v2\/comments?post=284"}],"version-history":[{"count":42,"href":"https:\/\/www.bedbugfoundation.org\/es\/wp-json\/wp\/v2\/pages\/284\/revisions"}],"predecessor-version":[{"id":1231,"href":"https:\/\/www.bedbugfoundation.org\/es\/wp-json\/wp\/v2\/pages\/284\/revisions\/1231"}],"wp:attachment":[{"href":"https:\/\/www.bedbugfoundation.org\/es\/wp-json\/wp\/v2\/media?parent=284"}],"curies":[{"name":"wp","href":"https:\/\/api.w.org\/{rel}","templated":true}]}}