{"id":345,"date":"2015-06-18T15:49:38","date_gmt":"2015-06-18T14:49:38","guid":{"rendered":"http:\/\/bedbugfoundation.org\/?page_id=345"},"modified":"2026-02-11T15:51:49","modified_gmt":"2026-02-11T15:51:49","slug":"larry-hansen","status":"publish","type":"page","link":"https:\/\/www.bedbugfoundation.org\/es\/who-are-we\/the-canine-leadership\/larry-hansen\/","title":{"rendered":"Larry Hansen"},"content":{"rendered":"<div class=\"wp-block-columns is-layout-flex wp-container-core-columns-is-layout-9d6595d7 wp-block-columns-is-layout-flex\">\n<div class=\"wp-block-column is-layout-flow wp-block-column-is-layout-flow\" style=\"flex-basis:50%\">\n<p><strong>Correo electr\u00f3nico:   <a href=\"mailto:larry@bedbugfoundation.org\">larry@bedbugfoundation.org<\/a><\/strong><\/p>\n<\/div>\n\n\n\n<div class=\"wp-block-column is-layout-flow wp-block-column-is-layout-flow\" style=\"flex-basis:50%\">\n<p><\/p>\n<\/div>\n<\/div>\n\n\n<div class=\"wp-block-image is-resized\">\n<figure class=\"alignright\"><a href=\"https:\/\/www.bedbugfoundation.org\/es\/the-senate\/larry-hansen\/\" rel=\"attachment wp-att-118\"><img decoding=\"async\" src=\"http:\/\/bedbugfoundation.org\/wp-content\/uploads\/2012\/12\/L-Hansen-2.jpg\" alt=\"Richard Naylor\" class=\"wp-image-118\" title=\"Larry Hansen\"\/><\/a><\/figure>\n<\/div>\n\n\n<p>Larry Hansen ha trabajado en el campo de la aplicaci\u00f3n de la ley por m\u00e1s de 30 a\u00f1os. Durante m\u00e1s de 13 a\u00f1os ha concentrado sus esfuerzos en el entrenamiento de Perros de Detecci\u00f3n de Explosivos y durante dos a\u00f1os ha estudiado los aspectos de la formaci\u00f3n de Perros de Detecci\u00f3n de Chinches, y las \u00e1reas en las que pueden ser utilizados. En su tiempo libre, Larry es un \u00e1vido motociclista y es el primer presidente de un Club de Agility de Perros.<\/p>\n\n\n\n<p>Larry se ha unido recientemente a la Fundaci\u00f3n Bed Bug como nuestro experto en detecci\u00f3n de olores caninos. Actualmente est\u00e1 trabajando en un c\u00f3digo de pr\u00e1ctica y acreditaci\u00f3n para la industria de detecci\u00f3n de olores de chinches.<\/p>","protected":false},"excerpt":{"rendered":"<p>Email: larry@bedbugfoundation.org Larry Hansen has been working in the Law Enforcement field for over 30 years. For over 13 years he has concentrated his efforts on training Explosive Detection Dogs and for two years has studied the aspects of training &hellip; <a href=\"https:\/\/www.bedbugfoundation.org\/es\/who-are-we\/the-canine-leadership\/larry-hansen\/\">Sigue leyendo <span class=\"meta-nav\">\u2192<\/span><\/a><\/p>","protected":false},"author":1,"featured_media":0,"parent":8297,"menu_order":0,"comment_status":"closed","ping_status":"closed","template":"","meta":{"_bbp_topic_count":0,"_bbp_reply_count":0,"_bbp_total_topic_count":0,"_bbp_total_reply_count":0,"_bbp_voice_count":0,"_bbp_anonymous_reply_count":0,"_bbp_topic_count_hidden":0,"_bbp_reply_count_hidden":0,"_bbp_forum_subforum_count":0,"footnotes":""},"class_list":["post-345","page","type-page","status-publish","hentry"],"yoast_head":"<!-- This site is optimized with the Yoast SEO plugin v27.3 - https:\/\/yoast.com\/product\/yoast-seo-wordpress\/ -->\n<title>Larry Hansen - Bed Bug Foundation<\/title>\n<meta name=\"robots\" content=\"index, follow, max-snippet:-1, max-image-preview:large, max-video-preview:-1\" \/>\n<link rel=\"canonical\" href=\"https:\/\/www.bedbugfoundation.org\/es\/who-are-we\/the-canine-leadership\/larry-hansen\/\" \/>\n<meta property=\"og:locale\" content=\"es_ES\" \/>\n<meta property=\"og:type\" content=\"article\" \/>\n<meta property=\"og:title\" content=\"Larry Hansen - Bed Bug Foundation\" \/>\n<meta property=\"og:description\" content=\"Email: larry@bedbugfoundation.org Larry Hansen has been working in the Law Enforcement field for over 30 years. For over 13 years he has concentrated his efforts on training Explosive Detection Dogs and for two years has studied the aspects of training &hellip; Sigue leyendo &rarr;\" \/>\n<meta property=\"og:url\" content=\"https:\/\/www.bedbugfoundation.org\/es\/who-are-we\/the-canine-leadership\/larry-hansen\/\" \/>\n<meta property=\"og:site_name\" content=\"Bed Bug Foundation\" \/>\n<meta property=\"article:modified_time\" content=\"2026-02-11T15:51:49+00:00\" \/>\n<meta property=\"og:image\" content=\"https:\/\/www.bedbugfoundation.org\/wp-content\/uploads\/2012\/12\/4136010060_bff513e391_m.jpg\" \/>\n\t<meta property=\"og:image:width\" content=\"183\" \/>\n\t<meta property=\"og:image:height\" content=\"240\" \/>\n\t<meta property=\"og:image:type\" content=\"image\/jpeg\" \/>\n<meta name=\"twitter:card\" content=\"summary_large_image\" \/>\n<meta name=\"twitter:label1\" content=\"Tiempo de lectura\" \/>\n\t<meta name=\"twitter:data1\" content=\"1 minuto\" \/>\n<script type=\"application\/ld+json\" class=\"yoast-schema-graph\">{\"@context\":\"https:\\\/\\\/schema.org\",\"@graph\":[{\"@type\":\"WebPage\",\"@id\":\"https:\\\/\\\/www.bedbugfoundation.org\\\/who-are-we\\\/the-canine-leadership\\\/larry-hansen\\\/\",\"url\":\"https:\\\/\\\/www.bedbugfoundation.org\\\/who-are-we\\\/the-canine-leadership\\\/larry-hansen\\\/\",\"name\":\"Larry Hansen - Bed Bug Foundation\",\"isPartOf\":{\"@id\":\"https:\\\/\\\/www.bedbugfoundation.org\\\/#website\"},\"primaryImageOfPage\":{\"@id\":\"https:\\\/\\\/www.bedbugfoundation.org\\\/who-are-we\\\/the-canine-leadership\\\/larry-hansen\\\/#primaryimage\"},\"image\":{\"@id\":\"https:\\\/\\\/www.bedbugfoundation.org\\\/who-are-we\\\/the-canine-leadership\\\/larry-hansen\\\/#primaryimage\"},\"thumbnailUrl\":\"http:\\\/\\\/bedbugfoundation.org\\\/wp-content\\\/uploads\\\/2012\\\/12\\\/L-Hansen-2.jpg\",\"datePublished\":\"2015-06-18T14:49:38+00:00\",\"dateModified\":\"2026-02-11T15:51:49+00:00\",\"breadcrumb\":{\"@id\":\"https:\\\/\\\/www.bedbugfoundation.org\\\/who-are-we\\\/the-canine-leadership\\\/larry-hansen\\\/#breadcrumb\"},\"inLanguage\":\"es\",\"potentialAction\":[{\"@type\":\"ReadAction\",\"target\":[\"https:\\\/\\\/www.bedbugfoundation.org\\\/who-are-we\\\/the-canine-leadership\\\/larry-hansen\\\/\"]}]},{\"@type\":\"ImageObject\",\"inLanguage\":\"es\",\"@id\":\"https:\\\/\\\/www.bedbugfoundation.org\\\/who-are-we\\\/the-canine-leadership\\\/larry-hansen\\\/#primaryimage\",\"url\":\"http:\\\/\\\/bedbugfoundation.org\\\/wp-content\\\/uploads\\\/2012\\\/12\\\/L-Hansen-2.jpg\",\"contentUrl\":\"http:\\\/\\\/bedbugfoundation.org\\\/wp-content\\\/uploads\\\/2012\\\/12\\\/L-Hansen-2.jpg\"},{\"@type\":\"BreadcrumbList\",\"@id\":\"https:\\\/\\\/www.bedbugfoundation.org\\\/who-are-we\\\/the-canine-leadership\\\/larry-hansen\\\/#breadcrumb\",\"itemListElement\":[{\"@type\":\"ListItem\",\"position\":1,\"name\":\"Home\",\"item\":\"https:\\\/\\\/www.bedbugfoundation.org\\\/\"},{\"@type\":\"ListItem\",\"position\":2,\"name\":\"Who Are We?\",\"item\":\"https:\\\/\\\/www.bedbugfoundation.org\\\/who-are-we\\\/\"},{\"@type\":\"ListItem\",\"position\":3,\"name\":\"Canine Leadership\",\"item\":\"https:\\\/\\\/www.bedbugfoundation.org\\\/fr\\\/who-are-we\\\/the-canine-leadership\\\/\"},{\"@type\":\"ListItem\",\"position\":4,\"name\":\"Larry Hansen\"}]},{\"@type\":\"WebSite\",\"@id\":\"https:\\\/\\\/www.bedbugfoundation.org\\\/#website\",\"url\":\"https:\\\/\\\/www.bedbugfoundation.org\\\/\",\"name\":\"Bed Bug Foundation\",\"description\":\"Home of the European Code of Practice for Bed Bug Management\",\"potentialAction\":[{\"@type\":\"SearchAction\",\"target\":{\"@type\":\"EntryPoint\",\"urlTemplate\":\"https:\\\/\\\/www.bedbugfoundation.org\\\/?s={search_term_string}\"},\"query-input\":{\"@type\":\"PropertyValueSpecification\",\"valueRequired\":true,\"valueName\":\"search_term_string\"}}],\"inLanguage\":\"es\"}]}<\/script>\n<!-- \/ Yoast SEO plugin. -->","yoast_head_json":{"title":"Larry Hansen - Fundaci\u00f3n contra las chinches de la cama","robots":{"index":"index","follow":"follow","max-snippet":"max-snippet:-1","max-image-preview":"max-image-preview:large","max-video-preview":"max-video-preview:-1"},"canonical":"https:\/\/www.bedbugfoundation.org\/es\/who-are-we\/the-canine-leadership\/larry-hansen\/","og_locale":"es_ES","og_type":"article","og_title":"Larry Hansen - Bed Bug Foundation","og_description":"Email: larry@bedbugfoundation.org Larry Hansen has been working in the Law Enforcement field for over 30 years. For over 13 years he has concentrated his efforts on training Explosive Detection Dogs and for two years has studied the aspects of training &hellip; Sigue leyendo &rarr;","og_url":"https:\/\/www.bedbugfoundation.org\/es\/who-are-we\/the-canine-leadership\/larry-hansen\/","og_site_name":"Bed Bug Foundation","article_modified_time":"2026-02-11T15:51:49+00:00","og_image":[{"width":183,"height":240,"url":"https:\/\/www.bedbugfoundation.org\/wp-content\/uploads\/2012\/12\/4136010060_bff513e391_m.jpg","type":"image\/jpeg"}],"twitter_card":"summary_large_image","twitter_misc":{"Tiempo de lectura":"1 minuto"},"schema":{"@context":"https:\/\/schema.org","@graph":[{"@type":"WebPage","@id":"https:\/\/www.bedbugfoundation.org\/who-are-we\/the-canine-leadership\/larry-hansen\/","url":"https:\/\/www.bedbugfoundation.org\/who-are-we\/the-canine-leadership\/larry-hansen\/","name":"Larry Hansen - Fundaci\u00f3n contra las chinches de la cama","isPartOf":{"@id":"https:\/\/www.bedbugfoundation.org\/#website"},"primaryImageOfPage":{"@id":"https:\/\/www.bedbugfoundation.org\/who-are-we\/the-canine-leadership\/larry-hansen\/#primaryimage"},"image":{"@id":"https:\/\/www.bedbugfoundation.org\/who-are-we\/the-canine-leadership\/larry-hansen\/#primaryimage"},"thumbnailUrl":"http:\/\/bedbugfoundation.org\/wp-content\/uploads\/2012\/12\/L-Hansen-2.jpg","datePublished":"2015-06-18T14:49:38+00:00","dateModified":"2026-02-11T15:51:49+00:00","breadcrumb":{"@id":"https:\/\/www.bedbugfoundation.org\/who-are-we\/the-canine-leadership\/larry-hansen\/#breadcrumb"},"inLanguage":"es","potentialAction":[{"@type":"ReadAction","target":["https:\/\/www.bedbugfoundation.org\/who-are-we\/the-canine-leadership\/larry-hansen\/"]}]},{"@type":"ImageObject","inLanguage":"es","@id":"https:\/\/www.bedbugfoundation.org\/who-are-we\/the-canine-leadership\/larry-hansen\/#primaryimage","url":"http:\/\/bedbugfoundation.org\/wp-content\/uploads\/2012\/12\/L-Hansen-2.jpg","contentUrl":"http:\/\/bedbugfoundation.org\/wp-content\/uploads\/2012\/12\/L-Hansen-2.jpg"},{"@type":"BreadcrumbList","@id":"https:\/\/www.bedbugfoundation.org\/who-are-we\/the-canine-leadership\/larry-hansen\/#breadcrumb","itemListElement":[{"@type":"ListItem","position":1,"name":"Home","item":"https:\/\/www.bedbugfoundation.org\/"},{"@type":"ListItem","position":2,"name":"Who Are We?","item":"https:\/\/www.bedbugfoundation.org\/who-are-we\/"},{"@type":"ListItem","position":3,"name":"Canine Leadership","item":"https:\/\/www.bedbugfoundation.org\/fr\/who-are-we\/the-canine-leadership\/"},{"@type":"ListItem","position":4,"name":"Larry Hansen"}]},{"@type":"WebSite","@id":"https:\/\/www.bedbugfoundation.org\/#website","url":"https:\/\/www.bedbugfoundation.org\/","name":"Fundaci\u00f3n para las chinches de la cama","description":"Inicio del C\u00f3digo Europeo de Pr\u00e1cticas para la Gesti\u00f3n de las Chinches de la Cama","potentialAction":[{"@type":"SearchAction","target":{"@type":"EntryPoint","urlTemplate":"https:\/\/www.bedbugfoundation.org\/?s={search_term_string}"},"query-input":{"@type":"PropertyValueSpecification","valueRequired":true,"valueName":"search_term_string"}}],"inLanguage":"es"}]}},"_links":{"self":[{"href":"https:\/\/www.bedbugfoundation.org\/es\/wp-json\/wp\/v2\/pages\/345","targetHints":{"allow":["GET"]}}],"collection":[{"href":"https:\/\/www.bedbugfoundation.org\/es\/wp-json\/wp\/v2\/pages"}],"about":[{"href":"https:\/\/www.bedbugfoundation.org\/es\/wp-json\/wp\/v2\/types\/page"}],"author":[{"embeddable":true,"href":"https:\/\/www.bedbugfoundation.org\/es\/wp-json\/wp\/v2\/users\/1"}],"replies":[{"embeddable":true,"href":"https:\/\/www.bedbugfoundation.org\/es\/wp-json\/wp\/v2\/comments?post=345"}],"version-history":[{"count":9,"href":"https:\/\/www.bedbugfoundation.org\/es\/wp-json\/wp\/v2\/pages\/345\/revisions"}],"predecessor-version":[{"id":10615,"href":"https:\/\/www.bedbugfoundation.org\/es\/wp-json\/wp\/v2\/pages\/345\/revisions\/10615"}],"up":[{"embeddable":true,"href":"https:\/\/www.bedbugfoundation.org\/es\/wp-json\/wp\/v2\/pages\/8297"}],"wp:attachment":[{"href":"https:\/\/www.bedbugfoundation.org\/es\/wp-json\/wp\/v2\/media?parent=345"}],"curies":[{"name":"wp","href":"https:\/\/api.w.org\/{rel}","templated":true}]}}