{"id":387,"date":"2016-03-15T12:32:20","date_gmt":"2016-03-15T12:32:20","guid":{"rendered":"http:\/\/bedbugfoundation.org\/?page_id=387"},"modified":"2024-02-28T12:45:45","modified_gmt":"2024-02-28T12:45:45","slug":"bed-bug-dogs","status":"publish","type":"page","link":"https:\/\/www.bedbugfoundation.org\/es\/bed-bug-dogs\/","title":{"rendered":"Perros de detecci\u00f3n"},"content":{"rendered":"<p>Los perros detectores de olores pueden ser entrenados para detectar infestaciones de chinches de bajo nivel, lo que los convierte en un recurso invaluable para el manejo de los chinches. Los perros detectores de chinches est\u00e1n t\u00edpicamente acostumbrados:<\/p>\n\n\n\n<ul class=\"wp-block-list\">\n<li>Establecer si los chinches son la causa probable de las presuntas picaduras de insectos.<\/li>\n\n\n\n<li>Proporcionar un control rutinario de los hoteles para la detecci\u00f3n temprana de chinches.<\/li>\n\n\n\n<li>Confirmar el \u00e9xito del tratamiento despu\u00e9s de los tratamientos t\u00e9rmicos o qu\u00edmicos.<\/li>\n\n\n\n<li>Examinar el equipaje de los viajeros que regresan despu\u00e9s de una supuesta exposici\u00f3n a chinches.<\/li>\n<\/ul>\n\n\n\n<p>La Fundaci\u00f3n contra las chinches trabaja con escuelas de adiestramiento canino de toda Europa para ofrecer un programa de certificaci\u00f3n para los equipos de perros detectores de olores de chinches.<\/p>\n\n\n\n<p>Si eres un adiestrador o entrenador de perros detectores de chinches y est\u00e1s interesado en trabajar con nosotros, por favor contacta con <a href=\"mailto:larry@bedbugfoundation.org\">Larry Hansen<\/a> para m\u00e1s informaci\u00f3n o <a href=\"https:\/\/www.bedbugfoundation.org\/es\/bbf-approved-training-schools\/\">haga clic aqu\u00ed.<\/a> para ver nuestras escuelas de formaci\u00f3n afiliadas.<\/p>\n\n\n\n<figure class=\"wp-block-image is-resized\"><img loading=\"lazy\" decoding=\"async\" width=\"916\" height=\"971\" src=\"https:\/\/www.bedbugfoundation.org\/wp-content\/uploads\/2019\/10\/SH7W3027.jpg\" alt=\"\" class=\"wp-image-3174\" style=\"width:539px;height:auto\" srcset=\"https:\/\/www.bedbugfoundation.org\/wp-content\/uploads\/2019\/10\/SH7W3027.jpg 916w, https:\/\/www.bedbugfoundation.org\/wp-content\/uploads\/2019\/10\/SH7W3027-300x318.jpg 300w, https:\/\/www.bedbugfoundation.org\/wp-content\/uploads\/2019\/10\/SH7W3027-283x300.jpg 283w, https:\/\/www.bedbugfoundation.org\/wp-content\/uploads\/2019\/10\/SH7W3027-768x814.jpg 768w\" sizes=\"auto, (max-width: 916px) 100vw, 916px\" \/><\/figure>\n\n\n\n<div class=\"wp-block-buttons is-horizontal is-content-justification-center is-layout-flex wp-container-core-buttons-is-layout-499968f5 wp-block-buttons-is-layout-flex\">\n<div class=\"wp-block-button is-style-outline is-style-outline--1\"><a class=\"wp-block-button__link wp-element-button\" href=\"https:\/\/bbf-k9.org\/\" style=\"border-radius:50px\">Equipos certificados en su zona<\/a><\/div>\n<\/div>","protected":false},"excerpt":{"rendered":"<p>Scent detection dogs can be trained to detect low-level bed bug infestations, making them an invaluable asset for bed bug management. Bed bug detection dogs are typically used to: The Bed Bug Foundation works with canine training schools across Europe &hellip; <a href=\"https:\/\/www.bedbugfoundation.org\/es\/bed-bug-dogs\/\">Sigue leyendo <span class=\"meta-nav\">\u2192<\/span><\/a><\/p>","protected":false},"author":1,"featured_media":883,"parent":0,"menu_order":0,"comment_status":"closed","ping_status":"closed","template":"","meta":{"_bbp_topic_count":0,"_bbp_reply_count":0,"_bbp_total_topic_count":0,"_bbp_total_reply_count":0,"_bbp_voice_count":0,"_bbp_anonymous_reply_count":0,"_bbp_topic_count_hidden":0,"_bbp_reply_count_hidden":0,"_bbp_forum_subforum_count":0,"footnotes":""},"class_list":["post-387","page","type-page","status-publish","has-post-thumbnail","hentry"],"yoast_head":"<!-- This site is optimized with the Yoast SEO plugin v27.4 - https:\/\/yoast.com\/product\/yoast-seo-wordpress\/ -->\n<title>Detection Dogs - Bed Bug Foundation<\/title>\n<meta name=\"robots\" content=\"index, follow, max-snippet:-1, max-image-preview:large, max-video-preview:-1\" \/>\n<link rel=\"canonical\" href=\"https:\/\/www.bedbugfoundation.org\/es\/bed-bug-dogs\/\" \/>\n<meta property=\"og:locale\" content=\"es_ES\" \/>\n<meta property=\"og:type\" content=\"article\" \/>\n<meta property=\"og:title\" content=\"Detection Dogs - Bed Bug Foundation\" \/>\n<meta property=\"og:description\" content=\"Scent detection dogs can be trained to detect low-level bed bug infestations, making them an invaluable asset for bed bug management. Bed bug detection dogs are typically used to: The Bed Bug Foundation works with canine training schools across Europe &hellip; Sigue leyendo &rarr;\" \/>\n<meta property=\"og:url\" content=\"https:\/\/www.bedbugfoundation.org\/es\/bed-bug-dogs\/\" \/>\n<meta property=\"og:site_name\" content=\"Bed Bug Foundation\" \/>\n<meta property=\"article:modified_time\" content=\"2024-02-28T12:45:45+00:00\" \/>\n<meta property=\"og:image\" content=\"https:\/\/www.bedbugfoundation.org\/wp-content\/uploads\/2016\/03\/BBF10.jpg\" \/>\n\t<meta property=\"og:image:width\" content=\"1000\" \/>\n\t<meta property=\"og:image:height\" content=\"288\" \/>\n\t<meta property=\"og:image:type\" content=\"image\/jpeg\" \/>\n<meta name=\"twitter:card\" content=\"summary_large_image\" \/>\n<meta name=\"twitter:label1\" content=\"Tiempo de lectura\" \/>\n\t<meta name=\"twitter:data1\" content=\"1 minuto\" \/>\n<script type=\"application\/ld+json\" class=\"yoast-schema-graph\">{\"@context\":\"https:\\\/\\\/schema.org\",\"@graph\":[{\"@type\":\"WebPage\",\"@id\":\"https:\\\/\\\/www.bedbugfoundation.org\\\/bed-bug-dogs\\\/\",\"url\":\"https:\\\/\\\/www.bedbugfoundation.org\\\/bed-bug-dogs\\\/\",\"name\":\"Detection Dogs - Bed Bug Foundation\",\"isPartOf\":{\"@id\":\"https:\\\/\\\/www.bedbugfoundation.org\\\/#website\"},\"primaryImageOfPage\":{\"@id\":\"https:\\\/\\\/www.bedbugfoundation.org\\\/bed-bug-dogs\\\/#primaryimage\"},\"image\":{\"@id\":\"https:\\\/\\\/www.bedbugfoundation.org\\\/bed-bug-dogs\\\/#primaryimage\"},\"thumbnailUrl\":\"https:\\\/\\\/www.bedbugfoundation.org\\\/wp-content\\\/uploads\\\/2016\\\/03\\\/BBF10.jpg\",\"datePublished\":\"2016-03-15T12:32:20+00:00\",\"dateModified\":\"2024-02-28T12:45:45+00:00\",\"breadcrumb\":{\"@id\":\"https:\\\/\\\/www.bedbugfoundation.org\\\/bed-bug-dogs\\\/#breadcrumb\"},\"inLanguage\":\"es\",\"potentialAction\":[{\"@type\":\"ReadAction\",\"target\":[\"https:\\\/\\\/www.bedbugfoundation.org\\\/bed-bug-dogs\\\/\"]}]},{\"@type\":\"ImageObject\",\"inLanguage\":\"es\",\"@id\":\"https:\\\/\\\/www.bedbugfoundation.org\\\/bed-bug-dogs\\\/#primaryimage\",\"url\":\"https:\\\/\\\/www.bedbugfoundation.org\\\/wp-content\\\/uploads\\\/2016\\\/03\\\/BBF10.jpg\",\"contentUrl\":\"https:\\\/\\\/www.bedbugfoundation.org\\\/wp-content\\\/uploads\\\/2016\\\/03\\\/BBF10.jpg\",\"width\":1000,\"height\":288},{\"@type\":\"BreadcrumbList\",\"@id\":\"https:\\\/\\\/www.bedbugfoundation.org\\\/bed-bug-dogs\\\/#breadcrumb\",\"itemListElement\":[{\"@type\":\"ListItem\",\"position\":1,\"name\":\"Home\",\"item\":\"https:\\\/\\\/www.bedbugfoundation.org\\\/\"},{\"@type\":\"ListItem\",\"position\":2,\"name\":\"Detection Dogs\"}]},{\"@type\":\"WebSite\",\"@id\":\"https:\\\/\\\/www.bedbugfoundation.org\\\/#website\",\"url\":\"https:\\\/\\\/www.bedbugfoundation.org\\\/\",\"name\":\"Bed Bug Foundation\",\"description\":\"Home of the European Code of Practice for Bed Bug Management\",\"potentialAction\":[{\"@type\":\"SearchAction\",\"target\":{\"@type\":\"EntryPoint\",\"urlTemplate\":\"https:\\\/\\\/www.bedbugfoundation.org\\\/?s={search_term_string}\"},\"query-input\":{\"@type\":\"PropertyValueSpecification\",\"valueRequired\":true,\"valueName\":\"search_term_string\"}}],\"inLanguage\":\"es\"}]}<\/script>\n<!-- \/ Yoast SEO plugin. -->","yoast_head_json":{"title":"Perros detectores - Fundaci\u00f3n Chinche","robots":{"index":"index","follow":"follow","max-snippet":"max-snippet:-1","max-image-preview":"max-image-preview:large","max-video-preview":"max-video-preview:-1"},"canonical":"https:\/\/www.bedbugfoundation.org\/es\/bed-bug-dogs\/","og_locale":"es_ES","og_type":"article","og_title":"Detection Dogs - Bed Bug Foundation","og_description":"Scent detection dogs can be trained to detect low-level bed bug infestations, making them an invaluable asset for bed bug management. Bed bug detection dogs are typically used to: The Bed Bug Foundation works with canine training schools across Europe &hellip; Sigue leyendo &rarr;","og_url":"https:\/\/www.bedbugfoundation.org\/es\/bed-bug-dogs\/","og_site_name":"Bed Bug Foundation","article_modified_time":"2024-02-28T12:45:45+00:00","og_image":[{"width":1000,"height":288,"url":"https:\/\/www.bedbugfoundation.org\/wp-content\/uploads\/2016\/03\/BBF10.jpg","type":"image\/jpeg"}],"twitter_card":"summary_large_image","twitter_misc":{"Tiempo de lectura":"1 minuto"},"schema":{"@context":"https:\/\/schema.org","@graph":[{"@type":"WebPage","@id":"https:\/\/www.bedbugfoundation.org\/bed-bug-dogs\/","url":"https:\/\/www.bedbugfoundation.org\/bed-bug-dogs\/","name":"Perros detectores - Fundaci\u00f3n Chinche","isPartOf":{"@id":"https:\/\/www.bedbugfoundation.org\/#website"},"primaryImageOfPage":{"@id":"https:\/\/www.bedbugfoundation.org\/bed-bug-dogs\/#primaryimage"},"image":{"@id":"https:\/\/www.bedbugfoundation.org\/bed-bug-dogs\/#primaryimage"},"thumbnailUrl":"https:\/\/www.bedbugfoundation.org\/wp-content\/uploads\/2016\/03\/BBF10.jpg","datePublished":"2016-03-15T12:32:20+00:00","dateModified":"2024-02-28T12:45:45+00:00","breadcrumb":{"@id":"https:\/\/www.bedbugfoundation.org\/bed-bug-dogs\/#breadcrumb"},"inLanguage":"es","potentialAction":[{"@type":"ReadAction","target":["https:\/\/www.bedbugfoundation.org\/bed-bug-dogs\/"]}]},{"@type":"ImageObject","inLanguage":"es","@id":"https:\/\/www.bedbugfoundation.org\/bed-bug-dogs\/#primaryimage","url":"https:\/\/www.bedbugfoundation.org\/wp-content\/uploads\/2016\/03\/BBF10.jpg","contentUrl":"https:\/\/www.bedbugfoundation.org\/wp-content\/uploads\/2016\/03\/BBF10.jpg","width":1000,"height":288},{"@type":"BreadcrumbList","@id":"https:\/\/www.bedbugfoundation.org\/bed-bug-dogs\/#breadcrumb","itemListElement":[{"@type":"ListItem","position":1,"name":"Home","item":"https:\/\/www.bedbugfoundation.org\/"},{"@type":"ListItem","position":2,"name":"Detection Dogs"}]},{"@type":"WebSite","@id":"https:\/\/www.bedbugfoundation.org\/#website","url":"https:\/\/www.bedbugfoundation.org\/","name":"Fundaci\u00f3n para las chinches de la cama","description":"Inicio del C\u00f3digo Europeo de Pr\u00e1cticas para la Gesti\u00f3n de las Chinches de la Cama","potentialAction":[{"@type":"SearchAction","target":{"@type":"EntryPoint","urlTemplate":"https:\/\/www.bedbugfoundation.org\/?s={search_term_string}"},"query-input":{"@type":"PropertyValueSpecification","valueRequired":true,"valueName":"search_term_string"}}],"inLanguage":"es"}]}},"_links":{"self":[{"href":"https:\/\/www.bedbugfoundation.org\/es\/wp-json\/wp\/v2\/pages\/387","targetHints":{"allow":["GET"]}}],"collection":[{"href":"https:\/\/www.bedbugfoundation.org\/es\/wp-json\/wp\/v2\/pages"}],"about":[{"href":"https:\/\/www.bedbugfoundation.org\/es\/wp-json\/wp\/v2\/types\/page"}],"author":[{"embeddable":true,"href":"https:\/\/www.bedbugfoundation.org\/es\/wp-json\/wp\/v2\/users\/1"}],"replies":[{"embeddable":true,"href":"https:\/\/www.bedbugfoundation.org\/es\/wp-json\/wp\/v2\/comments?post=387"}],"version-history":[{"count":22,"href":"https:\/\/www.bedbugfoundation.org\/es\/wp-json\/wp\/v2\/pages\/387\/revisions"}],"predecessor-version":[{"id":9989,"href":"https:\/\/www.bedbugfoundation.org\/es\/wp-json\/wp\/v2\/pages\/387\/revisions\/9989"}],"wp:featuredmedia":[{"embeddable":true,"href":"https:\/\/www.bedbugfoundation.org\/es\/wp-json\/wp\/v2\/media\/883"}],"wp:attachment":[{"href":"https:\/\/www.bedbugfoundation.org\/es\/wp-json\/wp\/v2\/media?parent=387"}],"curies":[{"name":"wp","href":"https:\/\/api.w.org\/{rel}","templated":true}]}}