{"id":5003,"date":"2020-01-13T11:05:44","date_gmt":"2020-01-13T11:05:44","guid":{"rendered":"https:\/\/www.bedbugfoundation.org\/?page_id=5003"},"modified":"2020-01-13T11:05:45","modified_gmt":"2020-01-13T11:05:45","slug":"testing-signup","status":"publish","type":"page","link":"https:\/\/www.bedbugfoundation.org\/es\/testing-signup\/","title":{"rendered":"Prueba de inscripci\u00f3n"},"content":{"rendered":"\n<div class=\"wrap pdb-signup pdb-instance-2\" >\n\n    <form method=\"post\" enctype=\"multipart\/form-data\"  autocomplete=\"off\" action=\"\/es\/wp-json\/wp\/v2\/pages\/5003\" ><input name=\"username\" type=\"hidden\" value=\"\" \/>\n\n<input name=\"action\" type=\"hidden\" value=\"signup\" \/>\n\n<input name=\"subsource\" type=\"hidden\" value=\"participants-database\" \/>\n\n<input name=\"shortcode_page\" type=\"hidden\" value=\"\/es\/wp-json\/wp\/v2\/pages\/5003\" \/>\n\n<input name=\"thanks_page\" type=\"hidden\" value=\"\/es\/wp-json\/wp\/v2\/pages\/5003\" \/>\n\n<input name=\"instance_index\" type=\"hidden\" value=\"2\" \/>\n\n<input name=\"pdb_data_keys\" type=\"hidden\" value=\"54.9.8.29.79.25.24.28.30.35.33.32.3.6.7.31.68\" \/>\n\n<input name=\"session_hash\" type=\"hidden\" value=\"2f46da03a3\" \/>\n\n    <table class=\"form-table pdb-signup\">\n\n      \n      <tbody class=\"field-group field-group-main\">\n        \n                <tr class=\"signup-group\">\n          <td colspan=\"2\">\n            \n            <h3 class=\"pdb-group-title\">Handlers Info<\/h3>            \n          <\/td>\n        <\/tr>\n        \n        \n        <tr class=\"text-line handler_name-input-group\">\n\n          <th for=\"pdb-handler_name-2\">Handler name<span class=\"reqd\">*<\/span><\/th>\n\n          <td>\n\n            <input name=\"handler_name\" id=\"pdb-handler_name-2\" class=\"required-field regular-text\" type=\"text\" value=\"\" \/>\n\n                        <span class=\"helptext\">[required]<\/span>\n                        \n          <\/td>\n\n        <\/tr>\n  \n        \n        <tr class=\"text-line email-input-group\">\n\n          <th for=\"pdb-email-2\">Email<span class=\"reqd\">*<\/span><\/th>\n\n          <td>\n\n            <input name=\"email\" id=\"pdb-email-2\" class=\"required-field regular-text\" type=\"text\" value=\"\" \/>\n\n                        <span class=\"helptext\">personal Email address (office use only) [required]<\/span>\n                        \n          <\/td>\n\n        <\/tr>\n  \n        \n        <tr class=\"text-line phone-input-group\">\n\n          <th for=\"pdb-phone-2\">Phone<\/th>\n\n          <td>\n\n            <input name=\"phone\" id=\"pdb-phone-2\" class=\" regular-text\" type=\"text\" value=\"\" \/>\n\n                        <span class=\"helptext\">Your primary contact number<\/span>\n                        \n          <\/td>\n\n        <\/tr>\n  \n        \n        <tr class=\"image-upload handler_image-input-group\">\n\n          <th for=\"pdb-handler_image-2\">Handler Image<\/th>\n\n          <td>\n\n            <div class=\"pdb-upload\">\n<input name=\"MAX_FILE_SIZE\" type=\"hidden\" value=\"4194304\" \/>\n\n<input name=\"handler_image\" type=\"hidden\" value=\"\" \/>\n\n<input name=\"handler_image\" id=\"pdb-handler_image-2\" type=\"file\" value=\"\" \/>\n<\/div>\n\n                        <span class=\"helptext\">Image of handler for ID card (max. 1MB)<\/span>\n                        \n          <\/td>\n\n        <\/tr>\n  \n        \n        <tr class=\"dropdown prefered_language-input-group\">\n\n          <th for=\"pdb-prefered_language-2\">Prefered Language<\/th>\n\n          <td>\n\n            <select name=\"prefered_language\" id=\"pdb-prefered_language-2\">\n<option value=\"\"><\/option>\n<option value=\"English\" selected=\"selected\">English<\/option>\n<option value=\"French\">French<\/option>\n<option value=\"German\">German<\/option>\n<option value=\"Sweedish\">Sweedish<\/option>\n<\/select>\n\n                        <span class=\"helptext\">language of ID-Card\/Certificate<\/span>\n                        \n          <\/td>\n\n        <\/tr>\n  \n                \n        <\/tbody>\n\n      \n      <tbody class=\"field-group field-group-dog\">\n        \n                <tr class=\"signup-group\">\n          <td colspan=\"2\">\n            \n            <h3 class=\"pdb-group-title\">Dog Info<\/h3>            \n          <\/td>\n        <\/tr>\n        \n        \n        <tr class=\"text-line dog_name-input-group\">\n\n          <th for=\"pdb-dog_name-2\">Dog Name<span class=\"reqd\">*<\/span><\/th>\n\n          <td>\n\n            <input name=\"dog_name\" id=\"pdb-dog_name-2\" class=\"required-field regular-text\" type=\"text\" value=\"\" \/>\n\n                        <span class=\"helptext\">[required]<\/span>\n                        \n          <\/td>\n\n        <\/tr>\n  \n        \n        <tr class=\"numeric chip_number-input-group\">\n\n          <th for=\"pdb-chip_number-2\">Chip Number<span class=\"reqd\">*<\/span><\/th>\n\n          <td>\n\n            <input name=\"chip_number\" id=\"pdb-chip_number-2\" class=\"required-field\" type=\"number\" value=\"\" \/>\n\n                        <span class=\"helptext\">[required]<\/span>\n                        \n          <\/td>\n\n        <\/tr>\n  \n        \n        <tr class=\"image-upload dog_image-input-group\">\n\n          <th for=\"pdb-dog_image-2\">Dog Image<\/th>\n\n          <td>\n\n            <div class=\"pdb-upload\">\n<input name=\"MAX_FILE_SIZE\" type=\"hidden\" value=\"4194304\" \/>\n\n<input name=\"dog_image\" type=\"hidden\" value=\"\" \/>\n\n<input name=\"dog_image\" id=\"pdb-dog_image-2\" type=\"file\" value=\"\" \/>\n<\/div>\n\n                        <span class=\"helptext\">Image of dog head for ID card (max. 1MB)<\/span>\n                        \n          <\/td>\n\n        <\/tr>\n  \n                \n        <\/tbody>\n\n      \n      <tbody class=\"field-group field-group-company_info\">\n        \n                <tr class=\"signup-group\">\n          <td colspan=\"2\">\n            \n            <h3 class=\"pdb-group-title\">Company Info<\/h3>            \n          <\/td>\n        <\/tr>\n        \n        \n        <tr class=\"text-line company_name-input-group\">\n\n          <th for=\"pdb-company_name-2\">Company name<span class=\"reqd\">*<\/span><\/th>\n\n          <td>\n\n            <input name=\"company_name\" id=\"pdb-company_name-2\" class=\"required-field regular-text\" type=\"text\" value=\"\" \/>\n\n                        <span class=\"helptext\">Company name will be the displayed name for the BBF-K9 detection dog search results. Please enter your handler name  or the name you wish to be displayed if you do not have a company name.<\/span>\n                        \n          <\/td>\n\n        <\/tr>\n  \n        \n        <tr class=\"link company_website-input-group\">\n\n          <th for=\"pdb-company_website-2\">Website<\/th>\n\n          <td>\n\n            <div class=\"link-element\">\n<input name=\"company_website[]\" id=\"pdb-company_website-2-url\" placeholder=\"(URL)\" type=\"url\" value=\"\" \/>\n<input name=\"company_website[]\" id=\"pdb-company_website-2-text\" placeholder=\"Enlace\" type=\"text\" value=\"\" \/><\/div>\n\n                        \n          <\/td>\n\n        <\/tr>\n  \n        \n        <tr class=\"text-line company_email-input-group\">\n\n          <th for=\"pdb-company_email-2\">Email<\/th>\n\n          <td>\n\n            <input name=\"company_email\" id=\"pdb-company_email-2\" class=\" regular-text\" type=\"text\" value=\"\" \/>\n\n                        <span class=\"helptext\">Company email address (public)<\/span>\n                        \n          <\/td>\n\n        <\/tr>\n  \n        \n        <tr class=\"text-line company_contact_number-input-group\">\n\n          <th for=\"pdb-company_contact_number-2\">Telephone<\/th>\n\n          <td>\n\n            <input name=\"company_contact_number\" id=\"pdb-company_contact_number-2\" class=\" regular-text\" type=\"text\" value=\"\" \/>\n\n                        <span class=\"helptext\">Company telephone number (public)<\/span>\n                        \n          <\/td>\n\n        <\/tr>\n  \n        \n        <tr class=\"text-line address-input-group\">\n\n          <th for=\"pdb-address-2\">Address<span class=\"reqd\">*<\/span><\/th>\n\n          <td>\n\n            <input name=\"address\" id=\"pdb-address-2\" class=\"required-field regular-text\" type=\"text\" value=\"\" \/>\n\n                        <span class=\"helptext\">Your FULL business address (public) [required]<\/span>\n                        \n          <\/td>\n\n        <\/tr>\n  \n        \n        <tr class=\"multi-checkbox country-input-group\">\n\n          <th for=\"pdb-country-2\">Country<span class=\"reqd\">*<\/span><\/th>\n\n          <td>\n\n            <div class=\"multicheckbox\">\n<input name=\"country[]\" id=\"pdb-country-2-default\" class=\"required-field\" type=\"hidden\" value=\"\" \/>\n<div class=\"checkbox-group\">\n<fieldset class=\"no-border\">\n<legend class=\"screen-reader-text\">Country<\/legend>\n<label class=\"required-field\" for=\"pdb-country-uk-2\">\n<input name=\"country[]\" id=\"pdb-country-uk-2\" class=\"required-field\" type=\"checkbox\" value=\"UK\" \/>\nUK<\/label>\n<label class=\"required-field\" for=\"pdb-country-se-2\">\n<input name=\"country[]\" id=\"pdb-country-se-2\" class=\"required-field\" type=\"checkbox\" value=\"SE\" \/>\nSE<\/label>\n<label class=\"required-field\" for=\"pdb-country-dk-2\">\n<input name=\"country[]\" id=\"pdb-country-dk-2\" class=\"required-field\" type=\"checkbox\" value=\"DK\" \/>\nDK<\/label>\n<label class=\"required-field\" for=\"pdb-country-no-2\">\n<input name=\"country[]\" id=\"pdb-country-no-2\" class=\"required-field\" type=\"checkbox\" value=\"NO\" \/>\nNO<\/label>\n<label class=\"required-field\" for=\"pdb-country-fi-2\">\n<input name=\"country[]\" id=\"pdb-country-fi-2\" class=\"required-field\" type=\"checkbox\" value=\"FI\" \/>\nFI<\/label>\n<label class=\"required-field\" for=\"pdb-country-fr-2\">\n<input name=\"country[]\" id=\"pdb-country-fr-2\" class=\"required-field\" type=\"checkbox\" value=\"FR\" \/>\nFR<\/label>\n<label class=\"required-field\" for=\"pdb-country-be-2\">\n<input name=\"country[]\" id=\"pdb-country-be-2\" class=\"required-field\" type=\"checkbox\" value=\"BE\" \/>\nBE<\/label>\n<label class=\"required-field\" for=\"pdb-country-lx-2\">\n<input name=\"country[]\" id=\"pdb-country-lx-2\" class=\"required-field\" type=\"checkbox\" value=\"LX\" \/>\nLX<\/label>\n<label class=\"required-field\" for=\"pdb-country-ch-2\">\n<input name=\"country[]\" id=\"pdb-country-ch-2\" class=\"required-field\" type=\"checkbox\" value=\"CH\" \/>\nCH<\/label>\n<label class=\"required-field\" for=\"pdb-country-de-2\">\n<input name=\"country[]\" id=\"pdb-country-de-2\" class=\"required-field\" type=\"checkbox\" value=\"DE\" \/>\nDE<\/label>\n<label class=\"required-field\" for=\"pdb-country-at-2\">\n<input name=\"country[]\" id=\"pdb-country-at-2\" class=\"required-field\" type=\"checkbox\" value=\"AT\" \/>\nAT<\/label>\n<label class=\"required-field\" for=\"pdb-country-it-2\">\n<input name=\"country[]\" id=\"pdb-country-it-2\" class=\"required-field\" type=\"checkbox\" value=\"IT\" \/>\nIT<\/label>\n<label class=\"required-field\" for=\"pdb-country-cz-2\">\n<input name=\"country[]\" id=\"pdb-country-cz-2\" class=\"required-field\" type=\"checkbox\" value=\"CZ\" \/>\nCZ<\/label>\n<label class=\"required-field\" for=\"pdb-country-nl-2\">\n<input name=\"country[]\" id=\"pdb-country-nl-2\" class=\"required-field\" type=\"checkbox\" value=\"NL\" \/>\nNL<\/label>\n<\/fieldset><!-- .no-border --><\/div><!-- .checkbox-group -->\n<\/div>\n\n                        <span class=\"helptext\">Select 2 letter country code [required]<\/span>\n                        \n          <\/td>\n\n        <\/tr>\n  \n        \n        <tr class=\"text-line zip-input-group\">\n\n          <th for=\"pdb-zip-2\">Zip Code<span class=\"reqd\">*<\/span><\/th>\n\n          <td>\n\n            <input name=\"zip\" id=\"pdb-zip-2\" class=\"required-field regular-text\" type=\"text\" value=\"\" \/>\n\n                        <span class=\"helptext\">[required]<\/span>\n                        \n          <\/td>\n\n        <\/tr>\n  \n        \n        <tr class=\"image-upload company_logo-input-group\">\n\n          <th for=\"pdb-company_logo-2\">Logo<\/th>\n\n          <td>\n\n            <div class=\"pdb-upload\">\n<input name=\"MAX_FILE_SIZE\" type=\"hidden\" value=\"4194304\" \/>\n\n<input name=\"company_logo\" type=\"hidden\" value=\"\" \/>\n\n<input name=\"company_logo\" id=\"pdb-company_logo-2\" type=\"file\" value=\"\" \/>\n<\/div>\n\n                        <span class=\"helptext\">Upload company logo file (max. 1MB)<\/span>\n                        \n          <\/td>\n\n        <\/tr>\n  \n                \n        <\/tbody>\n\n            \n        <tbody class=\"field-group field-group-submit\">\n      \n        <tr>\n          <td class=\"submit-buttons\">\n            \n           <input name=\"submit_button\" class=\"button-primary pdb-submit\" type=\"submit\" value=\"Register Team\" \/>\n            \n          <\/td>\n          <td class=\"submit-buttons\">\n            \n                      \n          <\/td>\n        <\/tr>\n        \n      <\/tbody>\n      \n    <\/table>\n    \n  <\/form>  \n<\/div>\n","protected":false},"excerpt":{"rendered":"","protected":false},"author":195,"featured_media":0,"parent":0,"menu_order":0,"comment_status":"closed","ping_status":"closed","template":"","meta":{"_bbp_topic_count":0,"_bbp_reply_count":0,"_bbp_total_topic_count":0,"_bbp_total_reply_count":0,"_bbp_voice_count":0,"_bbp_anonymous_reply_count":0,"_bbp_topic_count_hidden":0,"_bbp_reply_count_hidden":0,"_bbp_forum_subforum_count":0,"footnotes":""},"class_list":["post-5003","page","type-page","status-publish","hentry"],"yoast_head":"<!-- This site is optimized with the Yoast SEO plugin v27.5 - https:\/\/yoast.com\/product\/yoast-seo-wordpress\/ -->\n<title>Testing signup - Bed Bug Foundation<\/title>\n<meta name=\"robots\" content=\"index, follow, max-snippet:-1, max-image-preview:large, max-video-preview:-1\" \/>\n<link rel=\"canonical\" href=\"https:\/\/www.bedbugfoundation.org\/es\/testing-signup\/\" \/>\n<meta property=\"og:locale\" content=\"es_ES\" \/>\n<meta property=\"og:type\" content=\"article\" \/>\n<meta property=\"og:title\" content=\"Testing signup - Bed Bug Foundation\" \/>\n<meta property=\"og:url\" content=\"https:\/\/www.bedbugfoundation.org\/es\/testing-signup\/\" \/>\n<meta property=\"og:site_name\" content=\"Bed Bug Foundation\" \/>\n<meta property=\"article:modified_time\" content=\"2020-01-13T11:05:45+00:00\" \/>\n<meta name=\"twitter:card\" content=\"summary_large_image\" \/>\n<script type=\"application\/ld+json\" class=\"yoast-schema-graph\">{\"@context\":\"https:\\\/\\\/schema.org\",\"@graph\":[{\"@type\":\"WebPage\",\"@id\":\"https:\\\/\\\/www.bedbugfoundation.org\\\/sv\\\/testing-signup\\\/\",\"url\":\"https:\\\/\\\/www.bedbugfoundation.org\\\/sv\\\/testing-signup\\\/\",\"name\":\"Testing signup - Bed Bug Foundation\",\"isPartOf\":{\"@id\":\"https:\\\/\\\/www.bedbugfoundation.org\\\/#website\"},\"datePublished\":\"2020-01-13T11:05:44+00:00\",\"dateModified\":\"2020-01-13T11:05:45+00:00\",\"breadcrumb\":{\"@id\":\"https:\\\/\\\/www.bedbugfoundation.org\\\/sv\\\/testing-signup\\\/#breadcrumb\"},\"inLanguage\":\"es\",\"potentialAction\":[{\"@type\":\"ReadAction\",\"target\":[\"https:\\\/\\\/www.bedbugfoundation.org\\\/sv\\\/testing-signup\\\/\"]}]},{\"@type\":\"BreadcrumbList\",\"@id\":\"https:\\\/\\\/www.bedbugfoundation.org\\\/sv\\\/testing-signup\\\/#breadcrumb\",\"itemListElement\":[{\"@type\":\"ListItem\",\"position\":1,\"name\":\"Home\",\"item\":\"https:\\\/\\\/www.bedbugfoundation.org\\\/\"},{\"@type\":\"ListItem\",\"position\":2,\"name\":\"Testing signup\"}]},{\"@type\":\"WebSite\",\"@id\":\"https:\\\/\\\/www.bedbugfoundation.org\\\/#website\",\"url\":\"https:\\\/\\\/www.bedbugfoundation.org\\\/\",\"name\":\"Bed Bug Foundation\",\"description\":\"Home of the European Code of Practice for Bed Bug Management\",\"potentialAction\":[{\"@type\":\"SearchAction\",\"target\":{\"@type\":\"EntryPoint\",\"urlTemplate\":\"https:\\\/\\\/www.bedbugfoundation.org\\\/?s={search_term_string}\"},\"query-input\":{\"@type\":\"PropertyValueSpecification\",\"valueRequired\":true,\"valueName\":\"search_term_string\"}}],\"inLanguage\":\"es\"}]}<\/script>\n<!-- \/ Yoast SEO plugin. -->","yoast_head_json":{"title":"Testing signup - Bed Bug Foundation","robots":{"index":"index","follow":"follow","max-snippet":"max-snippet:-1","max-image-preview":"max-image-preview:large","max-video-preview":"max-video-preview:-1"},"canonical":"https:\/\/www.bedbugfoundation.org\/es\/testing-signup\/","og_locale":"es_ES","og_type":"article","og_title":"Testing signup - Bed Bug Foundation","og_url":"https:\/\/www.bedbugfoundation.org\/es\/testing-signup\/","og_site_name":"Bed Bug Foundation","article_modified_time":"2020-01-13T11:05:45+00:00","twitter_card":"summary_large_image","schema":{"@context":"https:\/\/schema.org","@graph":[{"@type":"WebPage","@id":"https:\/\/www.bedbugfoundation.org\/sv\/testing-signup\/","url":"https:\/\/www.bedbugfoundation.org\/sv\/testing-signup\/","name":"Testing signup - Bed Bug Foundation","isPartOf":{"@id":"https:\/\/www.bedbugfoundation.org\/#website"},"datePublished":"2020-01-13T11:05:44+00:00","dateModified":"2020-01-13T11:05:45+00:00","breadcrumb":{"@id":"https:\/\/www.bedbugfoundation.org\/sv\/testing-signup\/#breadcrumb"},"inLanguage":"es","potentialAction":[{"@type":"ReadAction","target":["https:\/\/www.bedbugfoundation.org\/sv\/testing-signup\/"]}]},{"@type":"BreadcrumbList","@id":"https:\/\/www.bedbugfoundation.org\/sv\/testing-signup\/#breadcrumb","itemListElement":[{"@type":"ListItem","position":1,"name":"Home","item":"https:\/\/www.bedbugfoundation.org\/"},{"@type":"ListItem","position":2,"name":"Testing signup"}]},{"@type":"WebSite","@id":"https:\/\/www.bedbugfoundation.org\/#website","url":"https:\/\/www.bedbugfoundation.org\/","name":"Fundaci\u00f3n para las chinches de la cama","description":"Inicio del C\u00f3digo Europeo de Pr\u00e1cticas para la Gesti\u00f3n de las Chinches de la Cama","potentialAction":[{"@type":"SearchAction","target":{"@type":"EntryPoint","urlTemplate":"https:\/\/www.bedbugfoundation.org\/?s={search_term_string}"},"query-input":{"@type":"PropertyValueSpecification","valueRequired":true,"valueName":"search_term_string"}}],"inLanguage":"es"}]}},"_links":{"self":[{"href":"https:\/\/www.bedbugfoundation.org\/es\/wp-json\/wp\/v2\/pages\/5003","targetHints":{"allow":["GET"]}}],"collection":[{"href":"https:\/\/www.bedbugfoundation.org\/es\/wp-json\/wp\/v2\/pages"}],"about":[{"href":"https:\/\/www.bedbugfoundation.org\/es\/wp-json\/wp\/v2\/types\/page"}],"author":[{"embeddable":true,"href":"https:\/\/www.bedbugfoundation.org\/es\/wp-json\/wp\/v2\/users\/195"}],"replies":[{"embeddable":true,"href":"https:\/\/www.bedbugfoundation.org\/es\/wp-json\/wp\/v2\/comments?post=5003"}],"version-history":[{"count":1,"href":"https:\/\/www.bedbugfoundation.org\/es\/wp-json\/wp\/v2\/pages\/5003\/revisions"}],"predecessor-version":[{"id":5004,"href":"https:\/\/www.bedbugfoundation.org\/es\/wp-json\/wp\/v2\/pages\/5003\/revisions\/5004"}],"wp:attachment":[{"href":"https:\/\/www.bedbugfoundation.org\/es\/wp-json\/wp\/v2\/media?parent=5003"}],"curies":[{"name":"wp","href":"https:\/\/api.w.org\/{rel}","templated":true}]}}