{"id":10035,"date":"2024-04-17T15:04:28","date_gmt":"2024-04-17T14:04:28","guid":{"rendered":"https:\/\/www.bedbugfoundation.org\/?page_id=10035"},"modified":"2024-04-17T16:34:13","modified_gmt":"2024-04-17T15:34:13","slug":"achim-schroeder","status":"publish","type":"page","link":"https:\/\/www.bedbugfoundation.org\/fr\/achim-schroeder\/","title":{"rendered":"Achim Schroeder"},"content":{"rendered":"<p class=\"has-text-align-center\">Achim Schroeder, Jahrgang 1959, wohne in der N\u00e4he von Aachen, &nbsp;war<br>\u00fcber 30 Jahre in einem amerikanischen Konzern weltweit t\u00e4tig und seit<br>3 Jahren im Vorruhestand.<br>2023 habe ich gemeinsam mit meiner Nova Scotia Duck Tolling Retriever<br>H\u00fcndin Finja die &nbsp;Bettwanzen &#8211; Sp\u00fcrhund Ausbildung bei Larry Hansen<br>absolviert mit der entsprechenden Zertifizierung im Herbst.<br>Seit Anfang 2024 bin ich u. a. ehrenamtlich f\u00fcr die BBF in Deutschland t\u00e4tig.<\/p>\n\n\n\n<p class=\"has-text-align-center\">Mit freundlichem Gru\u00df<\/p>\n\n\n\n<p class=\"has-text-align-center\">Achim Schroeder<\/p>\n\n\n\n<p class=\"has-text-align-center\">0173 4 23 06 59<\/p>\n\n\n\n<p class=\"has-text-align-center\"><a href=\"http:\/\/www.bettwanzen-k9.de\/\" target=\"_blank\" rel=\"noreferrer noopener\">www.bettwanzen-k9.de<\/a><\/p>\n\n\n<div class=\"wp-block-image\">\n<figure class=\"aligncenter size-large is-resized\"><a href=\"https:\/\/www.bedbugfoundation.org\/wp-content\/uploads\/2021\/02\/Achim-Schroeder.jpg\"><img loading=\"lazy\" decoding=\"async\" width=\"1009\" height=\"1024\" src=\"https:\/\/www.bedbugfoundation.org\/wp-content\/uploads\/2021\/02\/Achim-Schroeder-1009x1024.jpg\" alt=\"Achim Schroeder\" class=\"wp-image-10034\" style=\"width:329px;height:auto\" srcset=\"https:\/\/www.bedbugfoundation.org\/wp-content\/uploads\/2021\/02\/Achim-Schroeder-1009x1024.jpg 1009w, https:\/\/www.bedbugfoundation.org\/wp-content\/uploads\/2021\/02\/Achim-Schroeder-296x300.jpg 296w, https:\/\/www.bedbugfoundation.org\/wp-content\/uploads\/2021\/02\/Achim-Schroeder-768x779.jpg 768w, https:\/\/www.bedbugfoundation.org\/wp-content\/uploads\/2021\/02\/Achim-Schroeder-1514x1536.jpg 1514w, https:\/\/www.bedbugfoundation.org\/wp-content\/uploads\/2021\/02\/Achim-Schroeder-12x12.jpg 12w, https:\/\/www.bedbugfoundation.org\/wp-content\/uploads\/2021\/02\/Achim-Schroeder-300x304.jpg 300w, https:\/\/www.bedbugfoundation.org\/wp-content\/uploads\/2021\/02\/Achim-Schroeder-100x100.jpg 100w, https:\/\/www.bedbugfoundation.org\/wp-content\/uploads\/2021\/02\/Achim-Schroeder.jpg 1551w\" sizes=\"auto, (max-width: 1009px) 100vw, 1009px\" \/><\/a><\/figure>\n<\/div>","protected":false},"excerpt":{"rendered":"<p>Achim Schroeder, Jahrgang 1959, wohne in der N\u00e4he von Aachen, &nbsp;war\u00fcber 30 Jahre in einem amerikanischen Konzern weltweit t\u00e4tig und seit3 Jahren im Vorruhestand.2023 habe ich gemeinsam mit meiner Nova Scotia Duck Tolling RetrieverH\u00fcndin Finja die &nbsp;Bettwanzen &#8211; Sp\u00fcrhund Ausbildung &hellip; <a href=\"https:\/\/www.bedbugfoundation.org\/fr\/achim-schroeder\/\">Continuer la lecture <span class=\"meta-nav\">\u2192<\/span><\/a><\/p>","protected":false},"author":195,"featured_media":0,"parent":0,"menu_order":0,"comment_status":"closed","ping_status":"closed","template":"","meta":{"_bbp_topic_count":0,"_bbp_reply_count":0,"_bbp_total_topic_count":0,"_bbp_total_reply_count":0,"_bbp_voice_count":0,"_bbp_anonymous_reply_count":0,"_bbp_topic_count_hidden":0,"_bbp_reply_count_hidden":0,"_bbp_forum_subforum_count":0,"footnotes":""},"class_list":["post-10035","page","type-page","status-publish","hentry"],"yoast_head":"<!-- This site is optimized with the Yoast SEO plugin v27.4 - https:\/\/yoast.com\/product\/yoast-seo-wordpress\/ -->\n<title>Achim Schroeder - Bed Bug Foundation<\/title>\n<meta name=\"robots\" content=\"index, follow, max-snippet:-1, max-image-preview:large, max-video-preview:-1\" \/>\n<link rel=\"canonical\" href=\"https:\/\/www.bedbugfoundation.org\/fr\/achim-schroeder\/\" \/>\n<meta property=\"og:locale\" content=\"fr_FR\" \/>\n<meta property=\"og:type\" content=\"article\" \/>\n<meta property=\"og:title\" content=\"Achim Schroeder - Bed Bug Foundation\" \/>\n<meta property=\"og:description\" content=\"Achim Schroeder, Jahrgang 1959, wohne in der N\u00e4he von Aachen, &nbsp;war\u00fcber 30 Jahre in einem amerikanischen Konzern weltweit t\u00e4tig und seit3 Jahren im Vorruhestand.2023 habe ich gemeinsam mit meiner Nova Scotia Duck Tolling RetrieverH\u00fcndin Finja die &nbsp;Bettwanzen &#8211; Sp\u00fcrhund Ausbildung &hellip; Continuer la lecture &rarr;\" \/>\n<meta property=\"og:url\" content=\"https:\/\/www.bedbugfoundation.org\/fr\/achim-schroeder\/\" \/>\n<meta property=\"og:site_name\" content=\"Bed Bug Foundation\" \/>\n<meta property=\"article:modified_time\" content=\"2024-04-17T15:34:13+00:00\" \/>\n<meta property=\"og:image\" content=\"https:\/\/www.bedbugfoundation.org\/wp-content\/uploads\/2021\/02\/Achim-Schroeder-1009x1024.jpg\" \/>\n<meta name=\"twitter:card\" content=\"summary_large_image\" \/>\n<meta name=\"twitter:label1\" content=\"Dur\u00e9e de lecture estim\u00e9e\" \/>\n\t<meta name=\"twitter:data1\" content=\"1 minute\" \/>\n<script type=\"application\/ld+json\" class=\"yoast-schema-graph\">{\"@context\":\"https:\\\/\\\/schema.org\",\"@graph\":[{\"@type\":\"WebPage\",\"@id\":\"https:\\\/\\\/www.bedbugfoundation.org\\\/achim-schroeder\\\/\",\"url\":\"https:\\\/\\\/www.bedbugfoundation.org\\\/achim-schroeder\\\/\",\"name\":\"Achim Schroeder - Bed Bug Foundation\",\"isPartOf\":{\"@id\":\"https:\\\/\\\/www.bedbugfoundation.org\\\/#website\"},\"primaryImageOfPage\":{\"@id\":\"https:\\\/\\\/www.bedbugfoundation.org\\\/achim-schroeder\\\/#primaryimage\"},\"image\":{\"@id\":\"https:\\\/\\\/www.bedbugfoundation.org\\\/achim-schroeder\\\/#primaryimage\"},\"thumbnailUrl\":\"https:\\\/\\\/www.bedbugfoundation.org\\\/wp-content\\\/uploads\\\/2021\\\/02\\\/Achim-Schroeder-1009x1024.jpg\",\"datePublished\":\"2024-04-17T14:04:28+00:00\",\"dateModified\":\"2024-04-17T15:34:13+00:00\",\"breadcrumb\":{\"@id\":\"https:\\\/\\\/www.bedbugfoundation.org\\\/achim-schroeder\\\/#breadcrumb\"},\"inLanguage\":\"fr-FR\",\"potentialAction\":[{\"@type\":\"ReadAction\",\"target\":[\"https:\\\/\\\/www.bedbugfoundation.org\\\/achim-schroeder\\\/\"]}]},{\"@type\":\"ImageObject\",\"inLanguage\":\"fr-FR\",\"@id\":\"https:\\\/\\\/www.bedbugfoundation.org\\\/achim-schroeder\\\/#primaryimage\",\"url\":\"https:\\\/\\\/www.bedbugfoundation.org\\\/wp-content\\\/uploads\\\/2021\\\/02\\\/Achim-Schroeder-1009x1024.jpg\",\"contentUrl\":\"https:\\\/\\\/www.bedbugfoundation.org\\\/wp-content\\\/uploads\\\/2021\\\/02\\\/Achim-Schroeder-1009x1024.jpg\"},{\"@type\":\"BreadcrumbList\",\"@id\":\"https:\\\/\\\/www.bedbugfoundation.org\\\/achim-schroeder\\\/#breadcrumb\",\"itemListElement\":[{\"@type\":\"ListItem\",\"position\":1,\"name\":\"Home\",\"item\":\"https:\\\/\\\/www.bedbugfoundation.org\\\/\"},{\"@type\":\"ListItem\",\"position\":2,\"name\":\"Achim Schroeder\"}]},{\"@type\":\"WebSite\",\"@id\":\"https:\\\/\\\/www.bedbugfoundation.org\\\/#website\",\"url\":\"https:\\\/\\\/www.bedbugfoundation.org\\\/\",\"name\":\"Bed Bug Foundation\",\"description\":\"Home of the European Code of Practice for Bed Bug Management\",\"potentialAction\":[{\"@type\":\"SearchAction\",\"target\":{\"@type\":\"EntryPoint\",\"urlTemplate\":\"https:\\\/\\\/www.bedbugfoundation.org\\\/?s={search_term_string}\"},\"query-input\":{\"@type\":\"PropertyValueSpecification\",\"valueRequired\":true,\"valueName\":\"search_term_string\"}}],\"inLanguage\":\"fr-FR\"}]}<\/script>\n<!-- \/ Yoast SEO plugin. -->","yoast_head_json":{"title":"Achim Schroeder - Bed Bug Foundation","robots":{"index":"index","follow":"follow","max-snippet":"max-snippet:-1","max-image-preview":"max-image-preview:large","max-video-preview":"max-video-preview:-1"},"canonical":"https:\/\/www.bedbugfoundation.org\/fr\/achim-schroeder\/","og_locale":"fr_FR","og_type":"article","og_title":"Achim Schroeder - Bed Bug Foundation","og_description":"Achim Schroeder, Jahrgang 1959, wohne in der N\u00e4he von Aachen, &nbsp;war\u00fcber 30 Jahre in einem amerikanischen Konzern weltweit t\u00e4tig und seit3 Jahren im Vorruhestand.2023 habe ich gemeinsam mit meiner Nova Scotia Duck Tolling RetrieverH\u00fcndin Finja die &nbsp;Bettwanzen &#8211; Sp\u00fcrhund Ausbildung &hellip; Continuer la lecture &rarr;","og_url":"https:\/\/www.bedbugfoundation.org\/fr\/achim-schroeder\/","og_site_name":"Bed Bug Foundation","article_modified_time":"2024-04-17T15:34:13+00:00","og_image":[{"url":"https:\/\/www.bedbugfoundation.org\/wp-content\/uploads\/2021\/02\/Achim-Schroeder-1009x1024.jpg","type":"","width":"","height":""}],"twitter_card":"summary_large_image","twitter_misc":{"Dur\u00e9e de lecture estim\u00e9e":"1 minute"},"schema":{"@context":"https:\/\/schema.org","@graph":[{"@type":"WebPage","@id":"https:\/\/www.bedbugfoundation.org\/achim-schroeder\/","url":"https:\/\/www.bedbugfoundation.org\/achim-schroeder\/","name":"Achim Schroeder - Bed Bug Foundation","isPartOf":{"@id":"https:\/\/www.bedbugfoundation.org\/#website"},"primaryImageOfPage":{"@id":"https:\/\/www.bedbugfoundation.org\/achim-schroeder\/#primaryimage"},"image":{"@id":"https:\/\/www.bedbugfoundation.org\/achim-schroeder\/#primaryimage"},"thumbnailUrl":"https:\/\/www.bedbugfoundation.org\/wp-content\/uploads\/2021\/02\/Achim-Schroeder-1009x1024.jpg","datePublished":"2024-04-17T14:04:28+00:00","dateModified":"2024-04-17T15:34:13+00:00","breadcrumb":{"@id":"https:\/\/www.bedbugfoundation.org\/achim-schroeder\/#breadcrumb"},"inLanguage":"fr-FR","potentialAction":[{"@type":"ReadAction","target":["https:\/\/www.bedbugfoundation.org\/achim-schroeder\/"]}]},{"@type":"ImageObject","inLanguage":"fr-FR","@id":"https:\/\/www.bedbugfoundation.org\/achim-schroeder\/#primaryimage","url":"https:\/\/www.bedbugfoundation.org\/wp-content\/uploads\/2021\/02\/Achim-Schroeder-1009x1024.jpg","contentUrl":"https:\/\/www.bedbugfoundation.org\/wp-content\/uploads\/2021\/02\/Achim-Schroeder-1009x1024.jpg"},{"@type":"BreadcrumbList","@id":"https:\/\/www.bedbugfoundation.org\/achim-schroeder\/#breadcrumb","itemListElement":[{"@type":"ListItem","position":1,"name":"Home","item":"https:\/\/www.bedbugfoundation.org\/"},{"@type":"ListItem","position":2,"name":"Achim Schroeder"}]},{"@type":"WebSite","@id":"https:\/\/www.bedbugfoundation.org\/#website","url":"https:\/\/www.bedbugfoundation.org\/","name":"Fondation contre les punaises de lit","description":"Accueil du Code europ\u00e9en de bonnes pratiques pour la lutte contre les punaises de lit","potentialAction":[{"@type":"SearchAction","target":{"@type":"EntryPoint","urlTemplate":"https:\/\/www.bedbugfoundation.org\/?s={search_term_string}"},"query-input":{"@type":"PropertyValueSpecification","valueRequired":true,"valueName":"search_term_string"}}],"inLanguage":"fr-FR"}]}},"_links":{"self":[{"href":"https:\/\/www.bedbugfoundation.org\/fr\/wp-json\/wp\/v2\/pages\/10035","targetHints":{"allow":["GET"]}}],"collection":[{"href":"https:\/\/www.bedbugfoundation.org\/fr\/wp-json\/wp\/v2\/pages"}],"about":[{"href":"https:\/\/www.bedbugfoundation.org\/fr\/wp-json\/wp\/v2\/types\/page"}],"author":[{"embeddable":true,"href":"https:\/\/www.bedbugfoundation.org\/fr\/wp-json\/wp\/v2\/users\/195"}],"replies":[{"embeddable":true,"href":"https:\/\/www.bedbugfoundation.org\/fr\/wp-json\/wp\/v2\/comments?post=10035"}],"version-history":[{"count":6,"href":"https:\/\/www.bedbugfoundation.org\/fr\/wp-json\/wp\/v2\/pages\/10035\/revisions"}],"predecessor-version":[{"id":10043,"href":"https:\/\/www.bedbugfoundation.org\/fr\/wp-json\/wp\/v2\/pages\/10035\/revisions\/10043"}],"wp:attachment":[{"href":"https:\/\/www.bedbugfoundation.org\/fr\/wp-json\/wp\/v2\/media?parent=10035"}],"curies":[{"name":"wp","href":"https:\/\/api.w.org\/{rel}","templated":true}]}}