{"id":1513,"date":"2017-02-02T07:27:58","date_gmt":"2017-02-02T07:27:58","guid":{"rendered":"http:\/\/bedbugfoundation.org\/?page_id=1513"},"modified":"2022-01-26T16:29:28","modified_gmt":"2022-01-26T16:29:28","slug":"bbf-approved-training-schools","status":"publish","type":"page","link":"https:\/\/www.bedbugfoundation.org\/fr\/bbf-approved-training-schools\/","title":{"rendered":"\u00c9coles de formation agr\u00e9\u00e9es par le BBF"},"content":{"rendered":"<div style=\"height:10px\" aria-hidden=\"true\" class=\"wp-block-spacer\"><\/div>\n\n\n\n<h2 class=\"wp-block-heading\" id=\"bbf-approved-training-schools\">\u00c9coles de formation agr\u00e9\u00e9es par le BBF<\/h2>\n\n\n\n<p>Les \u00e9coles suivantes ont \u00e9t\u00e9 inspect\u00e9es personnellement par Bed Bug Foundation pour la qualit\u00e9 de la formation qu'elles offrent. Une formation dans l'une des \u00e9coles de formation approuv\u00e9es par la BBF offre les meilleures chances de r\u00e9ussir la certification de d\u00e9tection de l'odeur des punaises de lit.<\/p>\n\n\n\n<p> <strong><style type=\"text\/css\">\n  .asl-p-cont .asl-print-btn,.asl-cont .asl-print-btn {display: none !important;}  .asl-cont .onoffswitch .onoffswitch-label .onoffswitch-switch:before {content: \"OUVRIR\" !important;}\n  .asl-cont .onoffswitch .onoffswitch-label .onoffswitch-switch:after {content: \"TOUT\" !important;}\n  @media (max-width: 767px) {\n    #asl-storelocator.asl-cont .asl-panel {order: 0;}\n  }\n  .asl-cont.sl-search-only .Filter_section + .sl-row {display: none;}\n  .asl-cont .sl-hide-branches,\n  .asl-cont .sl-hide-branches:hover {color: #FFF !important; text-decoration: none !important;cursor: pointer;}\n<\/style>\n<div id=\"asl-storelocator\" class=\"storelocator-main asl-cont asl-template-0 asl-layout-0 asl-bg-7 full-width  asl-text-0\">\n  <div class=\"asl-wrapper\">\n    <div class=\"sl-container-fluid\">\n             \n      <div class=\"sl-row Filter_section\">\n          <div class=\"pol-lg-4 pol-md-5 pol-sm-12 search_filter\">\n              <p class=\"mb-2\">Emplacement de Chercher<\/p>\n              <div class=\"sl-search-group d-flex\">\n                <input type=\"text\" value=\"\" data-submit=\"disable\"  tabindex=\"2\" id=\"auto-complete-search\" placeholder=\"Saisissez un lieu\"  class=\"asl-search-address form-control isp_ignore\">\n                <button type=\"button\" class=\"span-geo\"><i class=\"icon-search\" title=\"Emplacement de Chercher\"><\/i><\/button>\n              <\/div>\n          <\/div>\n          <div class=\"pol-lg-8 pol-md-7 pol-sm-12\">\n            <div class=\"sl-row\">\n              <div class=\"pol-sm-12 asl-advance-filters hide\">\n                <div class=\"sl-row\">\n                                                                        <div class=\"pol-lg-4 pol-md-6 pol-sm-12 range_filter asl-ddl-filters hide\">\n                      <div class=\"rangeFilter asl-filter-cntrl\">\n                        <label class=\"asl-cntrl-lbl\">Gamme de distance<\/label>\n                        <input id=\"asl-radius-slide\" type=\"text\" class=\"span2\" \/>\n                        <span class=\"rad-unit\">Rayon : <span id=\"asl-radius-input\"><\/span> <span id=\"asl-dist-unit\">KM<\/span><\/span>\n                      <\/div>\n                  <\/div>\n                  <div class=\"pol-lg-2 pol-md-3 pol-sm-12 Status_filter\">\n                      <div class=\"asl-filter-cntrl\">\n                        <label class=\"asl-cntrl-lbl\">Statut<\/label>\n                        <div class=\"onoffswitch\">\n                          <input type=\"checkbox\" name=\"onoffswitch\" class=\"onoffswitch-checkbox\" id=\"asl-open-close\" checked>\n                          <label class=\"onoffswitch-label\" for=\"asl-open-close\">\n                              <span class=\"onoffswitch-inner\"><\/span>\n                              <span class=\"onoffswitch-switch\"><\/span>\n                          <\/label>\n                        <\/div>\n                      <\/div>\n                  <\/div>\n                <\/div>\n              <\/div>\n            <\/div>\n          <\/div>\n      <\/div>\n            <div class=\"sl-row\">\n        <div class=\"pol-12\">\n            <div class=\"sl-main-cont\">\n                <div class=\"sl-row no-gutters sl-main-row\">\n                    <div id=\"asl-panel\" class=\"asl-panel pol-md-5 pol-lg-4 asl_locator-panel\">\n                        <div class=\"asl-overlay\" id=\"map-loading\">\n                            <div class=\"white\"><\/div>\n                            <div class=\"sl-loading\">\n                              <i class=\"animate-sl-spin icon-spin3\"><\/i>\n                              Chargement...                            <\/div>\n                        <\/div>\n                                                <!-- list -->\n                        <div class=\"asl-panel-inner\">\n                            <div class=\"top-title Num_of_store\">\n                              <span><span class=\"sl-head-title\">\u00c9coles de formation affili\u00e9es<\/span>: <span class=\"count-result\">0<\/span><\/span>\n                                                              <a class=\"asl-print-btn\"><span>IMPRIMER<\/span><span class=\"asl-print\"><\/span><\/a>\n                                                          <\/div>\n                            <div class=\"sl-main-cont-box\">\n                              <div id=\"asl-list\" class=\"sl-list-wrapper\">\n                                <ul id=\"p-statelist\" class=\"sl-list\">\n                                <\/ul>\n                              <\/div>\n                            <\/div>\n                        <\/div>\n\n                        <div class=\"directions-cont hide\">\n                            <div class=\"agile-modal-header\">\n                                <button type=\"button\" class=\"close\"><span aria-hidden=\"true\">\u00d7<\/span><\/button>\n                                <h4>Direction du magasin<\/h4>\n                            <\/div>\n                            <div class=\"rendered-directions\" id=\"asl-rendered-dir\" style=\"direction: ltr;\"><\/div>\n                        <\/div>\n                    <\/div>\n                    <div class=\"pol-md-7 pol-lg-8 asl-map\">\n                        <div class=\"map-image\">\n                            <div id=\"asl-map-canv\" class=\"asl-map-canv\"><\/div>\n                            <div id=\"agile-modal-direction\" class=\"agile-modal fade\">\n    <div class=\"agile-modal-backdrop-in\"><\/div>\n    <div class=\"agile-modal-dialog in\">\n        <div class=\"agile-modal-content\">\n            <div class=\"sl-form-group d-flex justify-content-between\">\n                <h4>Obtenez votre itin\u00e9raire<\/h4>\n                <button type=\"button\" class=\"close-directions sl-close\" data-dismiss=\"agile-modal\" aria-label=\"Fermer\">\u00d7<\/button>\n            <\/div>\n            <div class=\"sl-form-group\">\n                <label for=\"frm-lbl\">De :<\/label>\n                <input type=\"text\" class=\"form-control frm-place\" id=\"frm-lbl\" placeholder=\"Saisissez un lieu\">\n            <\/div>\n            <div class=\"sl-form-group\">\n                <label for=\"frm-lbl\">\u00c0 :<\/label>\n                <input readonly=\"true\" type=\"text\"  class=\"directions-to form-control\" id=\"to-lbl\" placeholder=\"Adresse de destination pr\u00e9remplie\">\n            <\/div>\n            <div class=\"sl-form-group mb-0\">\n                <label class=\"checkbox-inline\">\n                    <input type=\"radio\" name=\"dist-type\"  id=\"rbtn-km\" value=\"0\"> KM                <\/label>\n                <label class=\"checkbox-inline\">\n                    <input type=\"radio\" name=\"dist-type\" checked id=\"rbtn-mile\" value=\"1\"> Mile                <\/label>\n            <\/div>\n            <div class=\"sl-form-group mb-0\">\n                <button type=\"submit\" class=\"btn btn-default btn-submit\">OBTENIR DES INSTRUCTIONS<\/button>\n            <\/div>\n        <\/div>\n    <\/div>\n<\/div>\n\n<div id=\"asl-geolocation-agile-modal\" class=\"agile-modal fade\">\n  <div class=\"agile-modal-backdrop-in\"><\/div>\n  <div class=\"agile-modal-dialog in\">\n    <div class=\"agile-modal-content\">\n            <div class=\"sl-form-group d-flex justify-content-between\">\n        <h5>Utiliser mon emplacement pour trouver le fournisseur de services le plus pr\u00e8s de moi<\/h5>\n        <button type=\"button\" class=\"close-directions sl-close\" data-dismiss=\"agile-modal\" aria-label=\"Fermer\" aria-hidden=\"true\">\u00d7<\/button>\n      <\/div>\n      <div class=\"sl-form-group text-center mb-0\">\n        <button type=\"button\" id=\"asl-btn-geolocation\" class=\"btn btn-block btn-default\">UTILISATION EMPLACEMENT<\/button>\n      <\/div>\n          <\/div>\n  <\/div>\n<\/div>\n\n<div id=\"asl-desc-agile-modal\" class=\"agile-modal fade\">\n  <div class=\"agile-modal-backdrop-in\"><\/div>\n  <div class=\"agile-modal-dialog in\">\n    <div class=\"agile-modal-content\">\n      <div class=\"sl-row\">\n        <div class=\"pol-md-12\">\n          <div class=\"sl-form-group d-flex justify-content-between\">\n            <h4 class=\"sl-title\"><\/h4>\n            <button type=\"button\" class=\"close-directions sl-close\" data-dismiss=\"agile-modal\" aria-label=\"Fermer\">\u00d7<\/button>\n          <\/div>\n          <p class=\"sl-desc\"><\/p>\n        <\/div>\n      <\/div>\n    <\/div>\n  <\/div>\n<\/div>                        <\/div>\n                    <\/div>\n                <\/div>\n            <\/div>\n        <\/div>\n      <\/div>\n    <\/div>\n  <\/div>\n<\/div>\n<!-- This plugin is developed by \"Agile Store Locator for WordPress\" https:\/\/agilestorelocator.com --><\/strong> <\/p>\n\n\n\n<div class=\"wp-block-buttons is-horizontal is-content-justification-center is-layout-flex wp-container-core-buttons-is-layout-499968f5 wp-block-buttons-is-layout-flex\">\n<div class=\"wp-block-button is-style-outline is-style-outline--1\"><a class=\"wp-block-button__link\" href=\"https:\/\/bbf-k9.org\/\">Trouvez une \u00e9quipe certifi\u00e9e pr\u00e8s de chez vous sur <strong>BBF K9<\/strong><\/a><\/div>\n<\/div>","protected":false},"excerpt":{"rendered":"<p>\u00c9coles de formation approuv\u00e9es par la BBF Les \u00e9coles suivantes ont \u00e9t\u00e9 inspect\u00e9es personnellement par la Bed Bug Foundation pour la qualit\u00e9 de la formation qu'elles proposent. Une formation dans l'une des \u00e9coles de formation approuv\u00e9es par BBF offre les meilleures chances possibles de r\u00e9ussir l'examen de la punaise de lit ... <a href=\"https:\/\/www.bedbugfoundation.org\/fr\/bbf-approved-training-schools\/\">Continuer la lecture <span class=\"meta-nav\">\u2192<\/span><\/a><\/p>","protected":false},"author":1,"featured_media":0,"parent":0,"menu_order":0,"comment_status":"closed","ping_status":"closed","template":"showcase.php","meta":{"_bbp_topic_count":0,"_bbp_reply_count":0,"_bbp_total_topic_count":0,"_bbp_total_reply_count":0,"_bbp_voice_count":0,"_bbp_anonymous_reply_count":0,"_bbp_topic_count_hidden":0,"_bbp_reply_count_hidden":0,"_bbp_forum_subforum_count":0,"footnotes":""},"class_list":["post-1513","page","type-page","status-publish","hentry"],"yoast_head":"<!-- This site is optimized with the Yoast SEO plugin v27.4 - https:\/\/yoast.com\/product\/yoast-seo-wordpress\/ -->\n<title>BBF Approved Training Schools - Bed Bug Foundation<\/title>\n<meta name=\"robots\" content=\"index, follow, max-snippet:-1, max-image-preview:large, max-video-preview:-1\" \/>\n<link rel=\"canonical\" href=\"https:\/\/www.bedbugfoundation.org\/fr\/bbf-approved-training-schools\/\" \/>\n<meta property=\"og:locale\" content=\"fr_FR\" \/>\n<meta property=\"og:type\" content=\"article\" \/>\n<meta property=\"og:title\" content=\"BBF Approved Training Schools - Bed Bug Foundation\" \/>\n<meta property=\"og:description\" content=\"BBF Approved Training Schools The following schools have been inspected personally by Bed Bug Foundation for the quality of training they provide. Training at one of BBF&#8217;s Approved Training Schools offers the best possible chance of passing the Bed Bug &hellip; Continuer la lecture &rarr;\" \/>\n<meta property=\"og:url\" content=\"https:\/\/www.bedbugfoundation.org\/fr\/bbf-approved-training-schools\/\" \/>\n<meta property=\"og:site_name\" content=\"Bed Bug Foundation\" \/>\n<meta property=\"article:modified_time\" content=\"2022-01-26T16:29:28+00:00\" \/>\n<meta name=\"twitter:card\" content=\"summary_large_image\" \/>\n<meta name=\"twitter:label1\" content=\"Dur\u00e9e de lecture estim\u00e9e\" \/>\n\t<meta name=\"twitter:data1\" content=\"1 minute\" \/>\n<script type=\"application\/ld+json\" class=\"yoast-schema-graph\">{\"@context\":\"https:\\\/\\\/schema.org\",\"@graph\":[{\"@type\":\"WebPage\",\"@id\":\"https:\\\/\\\/www.bedbugfoundation.org\\\/bbf-approved-training-schools\\\/\",\"url\":\"https:\\\/\\\/www.bedbugfoundation.org\\\/bbf-approved-training-schools\\\/\",\"name\":\"BBF Approved Training Schools - Bed Bug Foundation\",\"isPartOf\":{\"@id\":\"https:\\\/\\\/www.bedbugfoundation.org\\\/#website\"},\"datePublished\":\"2017-02-02T07:27:58+00:00\",\"dateModified\":\"2022-01-26T16:29:28+00:00\",\"breadcrumb\":{\"@id\":\"https:\\\/\\\/www.bedbugfoundation.org\\\/bbf-approved-training-schools\\\/#breadcrumb\"},\"inLanguage\":\"fr-FR\",\"potentialAction\":[{\"@type\":\"ReadAction\",\"target\":[\"https:\\\/\\\/www.bedbugfoundation.org\\\/bbf-approved-training-schools\\\/\"]}]},{\"@type\":\"BreadcrumbList\",\"@id\":\"https:\\\/\\\/www.bedbugfoundation.org\\\/bbf-approved-training-schools\\\/#breadcrumb\",\"itemListElement\":[{\"@type\":\"ListItem\",\"position\":1,\"name\":\"Home\",\"item\":\"https:\\\/\\\/www.bedbugfoundation.org\\\/\"},{\"@type\":\"ListItem\",\"position\":2,\"name\":\"BBF Approved Training Schools\"}]},{\"@type\":\"WebSite\",\"@id\":\"https:\\\/\\\/www.bedbugfoundation.org\\\/#website\",\"url\":\"https:\\\/\\\/www.bedbugfoundation.org\\\/\",\"name\":\"Bed Bug Foundation\",\"description\":\"Home of the European Code of Practice for Bed Bug Management\",\"potentialAction\":[{\"@type\":\"SearchAction\",\"target\":{\"@type\":\"EntryPoint\",\"urlTemplate\":\"https:\\\/\\\/www.bedbugfoundation.org\\\/?s={search_term_string}\"},\"query-input\":{\"@type\":\"PropertyValueSpecification\",\"valueRequired\":true,\"valueName\":\"search_term_string\"}}],\"inLanguage\":\"fr-FR\"}]}<\/script>\n<!-- \/ Yoast SEO plugin. -->","yoast_head_json":{"title":"\u00c9coles de formation approuv\u00e9es par la BBF - Bed Bug Foundation","robots":{"index":"index","follow":"follow","max-snippet":"max-snippet:-1","max-image-preview":"max-image-preview:large","max-video-preview":"max-video-preview:-1"},"canonical":"https:\/\/www.bedbugfoundation.org\/fr\/bbf-approved-training-schools\/","og_locale":"fr_FR","og_type":"article","og_title":"BBF Approved Training Schools - Bed Bug Foundation","og_description":"BBF Approved Training Schools The following schools have been inspected personally by Bed Bug Foundation for the quality of training they provide. Training at one of BBF&#8217;s Approved Training Schools offers the best possible chance of passing the Bed Bug &hellip; Continuer la lecture &rarr;","og_url":"https:\/\/www.bedbugfoundation.org\/fr\/bbf-approved-training-schools\/","og_site_name":"Bed Bug Foundation","article_modified_time":"2022-01-26T16:29:28+00:00","twitter_card":"summary_large_image","twitter_misc":{"Dur\u00e9e de lecture estim\u00e9e":"1 minute"},"schema":{"@context":"https:\/\/schema.org","@graph":[{"@type":"WebPage","@id":"https:\/\/www.bedbugfoundation.org\/bbf-approved-training-schools\/","url":"https:\/\/www.bedbugfoundation.org\/bbf-approved-training-schools\/","name":"\u00c9coles de formation approuv\u00e9es par la BBF - Bed Bug Foundation","isPartOf":{"@id":"https:\/\/www.bedbugfoundation.org\/#website"},"datePublished":"2017-02-02T07:27:58+00:00","dateModified":"2022-01-26T16:29:28+00:00","breadcrumb":{"@id":"https:\/\/www.bedbugfoundation.org\/bbf-approved-training-schools\/#breadcrumb"},"inLanguage":"fr-FR","potentialAction":[{"@type":"ReadAction","target":["https:\/\/www.bedbugfoundation.org\/bbf-approved-training-schools\/"]}]},{"@type":"BreadcrumbList","@id":"https:\/\/www.bedbugfoundation.org\/bbf-approved-training-schools\/#breadcrumb","itemListElement":[{"@type":"ListItem","position":1,"name":"Home","item":"https:\/\/www.bedbugfoundation.org\/"},{"@type":"ListItem","position":2,"name":"BBF Approved Training Schools"}]},{"@type":"WebSite","@id":"https:\/\/www.bedbugfoundation.org\/#website","url":"https:\/\/www.bedbugfoundation.org\/","name":"Fondation contre les punaises de lit","description":"Accueil du Code europ\u00e9en de bonnes pratiques pour la lutte contre les punaises de lit","potentialAction":[{"@type":"SearchAction","target":{"@type":"EntryPoint","urlTemplate":"https:\/\/www.bedbugfoundation.org\/?s={search_term_string}"},"query-input":{"@type":"PropertyValueSpecification","valueRequired":true,"valueName":"search_term_string"}}],"inLanguage":"fr-FR"}]}},"_links":{"self":[{"href":"https:\/\/www.bedbugfoundation.org\/fr\/wp-json\/wp\/v2\/pages\/1513","targetHints":{"allow":["GET"]}}],"collection":[{"href":"https:\/\/www.bedbugfoundation.org\/fr\/wp-json\/wp\/v2\/pages"}],"about":[{"href":"https:\/\/www.bedbugfoundation.org\/fr\/wp-json\/wp\/v2\/types\/page"}],"author":[{"embeddable":true,"href":"https:\/\/www.bedbugfoundation.org\/fr\/wp-json\/wp\/v2\/users\/1"}],"replies":[{"embeddable":true,"href":"https:\/\/www.bedbugfoundation.org\/fr\/wp-json\/wp\/v2\/comments?post=1513"}],"version-history":[{"count":10,"href":"https:\/\/www.bedbugfoundation.org\/fr\/wp-json\/wp\/v2\/pages\/1513\/revisions"}],"predecessor-version":[{"id":9255,"href":"https:\/\/www.bedbugfoundation.org\/fr\/wp-json\/wp\/v2\/pages\/1513\/revisions\/9255"}],"wp:attachment":[{"href":"https:\/\/www.bedbugfoundation.org\/fr\/wp-json\/wp\/v2\/media?parent=1513"}],"curies":[{"name":"wp","href":"https:\/\/api.w.org\/{rel}","templated":true}]}}