{"id":208,"date":"2012-12-21T17:02:13","date_gmt":"2012-12-21T17:02:13","guid":{"rendered":"http:\/\/bedbugfoundation.org\/?page_id=208"},"modified":"2020-02-25T16:09:10","modified_gmt":"2020-02-25T16:09:10","slug":"life-cycle","status":"publish","type":"page","link":"https:\/\/www.bedbugfoundation.org\/fr\/bed-bug-biology\/life-cycle\/","title":{"rendered":"Cycle de vie"},"content":{"rendered":"<p>Les punaises de lit sont de v\u00e9ritables insectes (Ordre : Hemiptera), appartenant \u00e0 la famille des Cimicidae. Comme tous les autres membres de cette famille, elles se nourrissent uniquement de sang et ont besoin d'un repas provenant d'un h\u00f4te vert\u00e9br\u00e9 pour se d\u00e9velopper entre les stades (stades de vie) et se reproduire.<\/p>\n<p><a href=\"http:\/\/bedbugfoundation.org\/wp-content\/uploads\/2012\/12\/Life-Cyle-of-the-Bedbug.png\"><img loading=\"lazy\" decoding=\"async\" class=\"alignnone size-full wp-image-209\" src=\"http:\/\/bedbugfoundation.org\/wp-content\/uploads\/2012\/12\/Life-Cyle-of-the-Bedbug.png\" alt=\"Style de vie de la punaise de lit\" width=\"633\" height=\"752\" srcset=\"https:\/\/www.bedbugfoundation.org\/wp-content\/uploads\/2012\/12\/Life-Cyle-of-the-Bedbug.png 839w, https:\/\/www.bedbugfoundation.org\/wp-content\/uploads\/2012\/12\/Life-Cyle-of-the-Bedbug-300x356.png 300w, https:\/\/www.bedbugfoundation.org\/wp-content\/uploads\/2012\/12\/Life-Cyle-of-the-Bedbug-252x300.png 252w\" sizes=\"auto, (max-width: 633px) 100vw, 633px\" \/><\/a><\/p>\n<p><strong>Temps de d\u00e9veloppement<\/strong><\/p>\n<p>Le temps de d\u00e9veloppement est fortement influenc\u00e9 par la temp\u00e9rature. En dessous de 13 \u00b0C, tout d\u00e9veloppement cesse, les femelles cessent de pondre et les \u0153ufs qui ont \u00e9t\u00e9 pondus n'\u00e9closent pas. Au-dessus de 36 \u00b0C, les dommages caus\u00e9s aux symbiotes bact\u00e9riens, qui contribuent \u00e0 la synth\u00e8se des micronutriments, entra\u00eenent une r\u00e9duction de la f\u00e9condit\u00e9 et de la survie. Entre ces deux extr\u00eames, le temps de d\u00e9veloppement diminue avec l'augmentation de la temp\u00e9rature (voir ci-dessous).<\/p>\n<p><a href=\"http:\/\/bedbugfoundation.org\/wp-content\/uploads\/2012\/12\/Screen-Shot-2012-12-21-at-17.07.57.png\"><img loading=\"lazy\" decoding=\"async\" class=\"alignnone size-full wp-image-214\" src=\"http:\/\/bedbugfoundation.org\/wp-content\/uploads\/2012\/12\/Screen-Shot-2012-12-21-at-17.07.57.png\" alt=\"Capture d&#039;\u00e9cran du 2012-12-21 au 17.07.57\" width=\"625\" height=\"377\" srcset=\"https:\/\/www.bedbugfoundation.org\/wp-content\/uploads\/2012\/12\/Screen-Shot-2012-12-21-at-17.07.57.png 1030w, https:\/\/www.bedbugfoundation.org\/wp-content\/uploads\/2012\/12\/Screen-Shot-2012-12-21-at-17.07.57-300x181.png 300w, https:\/\/www.bedbugfoundation.org\/wp-content\/uploads\/2012\/12\/Screen-Shot-2012-12-21-at-17.07.57-1024x618.png 1024w\" sizes=\"auto, (max-width: 625px) 100vw, 625px\" \/><\/a><\/p>\n<p><strong>Taux de reproduction<\/strong><\/p>\n<p>Les punaises de lit femelles doivent s'accoupler au moins une fois toutes les 5-6 semaines pour maintenir leur pleine fertilit\u00e9, bien que les taux d'accouplement naturels soient consid\u00e9r\u00e9s comme beaucoup plus \u00e9lev\u00e9s.<\/p>\n<p>Le nombre d'\u0153ufs qu'une femelle pond par semaine est fortement influenc\u00e9 par la temp\u00e9rature et les variations individuelles. Dans une pi\u00e8ce chaude, une femelle seule peut pondre de 15 \u00e0 25 \u0153ufs par semaine, et jusqu'\u00e0 500 tout au long de sa vie, \u00e0 condition qu'elle ait un acc\u00e8s continu \u00e0 la nourriture et qu'elle soit r\u00e9guli\u00e8rement accoupl\u00e9e.<\/p>\n<p><a href=\"https:\/\/www.bedbugfoundation.org\/fr\/bedbug-biology\/identification\/\">Suivant &gt;&gt;<\/a><\/p>","protected":false},"excerpt":{"rendered":"<p>Bed bugs are true bugs (Order: Hemiptera), belonging to the family Cimicidae. Like all other members of this family they feed solely on blood, requiring a meal from one of a range of vertebrate hosts in order to develop between &hellip; <a href=\"https:\/\/www.bedbugfoundation.org\/fr\/bed-bug-biology\/life-cycle\/\">Continuer la lecture <span class=\"meta-nav\">\u2192<\/span><\/a><\/p>","protected":false},"author":1,"featured_media":0,"parent":216,"menu_order":0,"comment_status":"closed","ping_status":"closed","template":"","meta":{"_bbp_topic_count":0,"_bbp_reply_count":0,"_bbp_total_topic_count":0,"_bbp_total_reply_count":0,"_bbp_voice_count":0,"_bbp_anonymous_reply_count":0,"_bbp_topic_count_hidden":0,"_bbp_reply_count_hidden":0,"_bbp_forum_subforum_count":0,"footnotes":""},"class_list":["post-208","page","type-page","status-publish","hentry"],"yoast_head":"<!-- This site is optimized with the Yoast SEO plugin v27.5 - https:\/\/yoast.com\/product\/yoast-seo-wordpress\/ -->\n<title>Life Cycle - Bed Bug Foundation<\/title>\n<meta name=\"robots\" content=\"index, follow, max-snippet:-1, max-image-preview:large, max-video-preview:-1\" \/>\n<link rel=\"canonical\" href=\"https:\/\/www.bedbugfoundation.org\/fr\/bed-bug-biology\/life-cycle\/\" \/>\n<meta property=\"og:locale\" content=\"fr_FR\" \/>\n<meta property=\"og:type\" content=\"article\" \/>\n<meta property=\"og:title\" content=\"Life Cycle - Bed Bug Foundation\" \/>\n<meta property=\"og:description\" content=\"Bed bugs are true bugs (Order: Hemiptera), belonging to the family Cimicidae. Like all other members of this family they feed solely on blood, requiring a meal from one of a range of vertebrate hosts in order to develop between &hellip; Continuer la lecture &rarr;\" \/>\n<meta property=\"og:url\" content=\"https:\/\/www.bedbugfoundation.org\/fr\/bed-bug-biology\/life-cycle\/\" \/>\n<meta property=\"og:site_name\" content=\"Bed Bug Foundation\" \/>\n<meta property=\"article:modified_time\" content=\"2020-02-25T16:09:10+00:00\" \/>\n<meta property=\"og:image\" content=\"http:\/\/bedbugfoundation.org\/wp-content\/uploads\/2012\/12\/Life-Cyle-of-the-Bedbug.png\" \/>\n<meta name=\"twitter:card\" content=\"summary_large_image\" \/>\n<meta name=\"twitter:label1\" content=\"Dur\u00e9e de lecture estim\u00e9e\" \/>\n\t<meta name=\"twitter:data1\" content=\"1 minute\" \/>\n<script type=\"application\/ld+json\" class=\"yoast-schema-graph\">{\"@context\":\"https:\\\/\\\/schema.org\",\"@graph\":[{\"@type\":\"WebPage\",\"@id\":\"https:\\\/\\\/www.bedbugfoundation.org\\\/sv\\\/bed-bug-biology\\\/life-cycle\\\/\",\"url\":\"https:\\\/\\\/www.bedbugfoundation.org\\\/sv\\\/bed-bug-biology\\\/life-cycle\\\/\",\"name\":\"Life Cycle - Bed Bug Foundation\",\"isPartOf\":{\"@id\":\"https:\\\/\\\/www.bedbugfoundation.org\\\/#website\"},\"primaryImageOfPage\":{\"@id\":\"https:\\\/\\\/www.bedbugfoundation.org\\\/sv\\\/bed-bug-biology\\\/life-cycle\\\/#primaryimage\"},\"image\":{\"@id\":\"https:\\\/\\\/www.bedbugfoundation.org\\\/sv\\\/bed-bug-biology\\\/life-cycle\\\/#primaryimage\"},\"thumbnailUrl\":\"http:\\\/\\\/bedbugfoundation.org\\\/wp-content\\\/uploads\\\/2012\\\/12\\\/Life-Cyle-of-the-Bedbug.png\",\"datePublished\":\"2012-12-21T17:02:13+00:00\",\"dateModified\":\"2020-02-25T16:09:10+00:00\",\"breadcrumb\":{\"@id\":\"https:\\\/\\\/www.bedbugfoundation.org\\\/sv\\\/bed-bug-biology\\\/life-cycle\\\/#breadcrumb\"},\"inLanguage\":\"fr-FR\",\"potentialAction\":[{\"@type\":\"ReadAction\",\"target\":[\"https:\\\/\\\/www.bedbugfoundation.org\\\/sv\\\/bed-bug-biology\\\/life-cycle\\\/\"]}]},{\"@type\":\"ImageObject\",\"inLanguage\":\"fr-FR\",\"@id\":\"https:\\\/\\\/www.bedbugfoundation.org\\\/sv\\\/bed-bug-biology\\\/life-cycle\\\/#primaryimage\",\"url\":\"http:\\\/\\\/bedbugfoundation.org\\\/wp-content\\\/uploads\\\/2012\\\/12\\\/Life-Cyle-of-the-Bedbug.png\",\"contentUrl\":\"http:\\\/\\\/bedbugfoundation.org\\\/wp-content\\\/uploads\\\/2012\\\/12\\\/Life-Cyle-of-the-Bedbug.png\"},{\"@type\":\"BreadcrumbList\",\"@id\":\"https:\\\/\\\/www.bedbugfoundation.org\\\/sv\\\/bed-bug-biology\\\/life-cycle\\\/#breadcrumb\",\"itemListElement\":[{\"@type\":\"ListItem\",\"position\":1,\"name\":\"Home\",\"item\":\"https:\\\/\\\/www.bedbugfoundation.org\\\/\"},{\"@type\":\"ListItem\",\"position\":2,\"name\":\"Bed Bug Biology\",\"item\":\"https:\\\/\\\/www.bedbugfoundation.org\\\/bed-bug-biology\\\/\"},{\"@type\":\"ListItem\",\"position\":3,\"name\":\"Life Cycle\"}]},{\"@type\":\"WebSite\",\"@id\":\"https:\\\/\\\/www.bedbugfoundation.org\\\/#website\",\"url\":\"https:\\\/\\\/www.bedbugfoundation.org\\\/\",\"name\":\"Bed Bug Foundation\",\"description\":\"Home of the European Code of Practice for Bed Bug Management\",\"potentialAction\":[{\"@type\":\"SearchAction\",\"target\":{\"@type\":\"EntryPoint\",\"urlTemplate\":\"https:\\\/\\\/www.bedbugfoundation.org\\\/?s={search_term_string}\"},\"query-input\":{\"@type\":\"PropertyValueSpecification\",\"valueRequired\":true,\"valueName\":\"search_term_string\"}}],\"inLanguage\":\"fr-FR\"}]}<\/script>\n<!-- \/ Yoast SEO plugin. -->","yoast_head_json":{"title":"Cycle de vie - Bed Bug Foundation","robots":{"index":"index","follow":"follow","max-snippet":"max-snippet:-1","max-image-preview":"max-image-preview:large","max-video-preview":"max-video-preview:-1"},"canonical":"https:\/\/www.bedbugfoundation.org\/fr\/bed-bug-biology\/life-cycle\/","og_locale":"fr_FR","og_type":"article","og_title":"Life Cycle - Bed Bug Foundation","og_description":"Bed bugs are true bugs (Order: Hemiptera), belonging to the family Cimicidae. Like all other members of this family they feed solely on blood, requiring a meal from one of a range of vertebrate hosts in order to develop between &hellip; Continuer la lecture &rarr;","og_url":"https:\/\/www.bedbugfoundation.org\/fr\/bed-bug-biology\/life-cycle\/","og_site_name":"Bed Bug Foundation","article_modified_time":"2020-02-25T16:09:10+00:00","og_image":[{"url":"http:\/\/bedbugfoundation.org\/wp-content\/uploads\/2012\/12\/Life-Cyle-of-the-Bedbug.png","type":"","width":"","height":""}],"twitter_card":"summary_large_image","twitter_misc":{"Dur\u00e9e de lecture estim\u00e9e":"1 minute"},"schema":{"@context":"https:\/\/schema.org","@graph":[{"@type":"WebPage","@id":"https:\/\/www.bedbugfoundation.org\/sv\/bed-bug-biology\/life-cycle\/","url":"https:\/\/www.bedbugfoundation.org\/sv\/bed-bug-biology\/life-cycle\/","name":"Cycle de vie - Bed Bug Foundation","isPartOf":{"@id":"https:\/\/www.bedbugfoundation.org\/#website"},"primaryImageOfPage":{"@id":"https:\/\/www.bedbugfoundation.org\/sv\/bed-bug-biology\/life-cycle\/#primaryimage"},"image":{"@id":"https:\/\/www.bedbugfoundation.org\/sv\/bed-bug-biology\/life-cycle\/#primaryimage"},"thumbnailUrl":"http:\/\/bedbugfoundation.org\/wp-content\/uploads\/2012\/12\/Life-Cyle-of-the-Bedbug.png","datePublished":"2012-12-21T17:02:13+00:00","dateModified":"2020-02-25T16:09:10+00:00","breadcrumb":{"@id":"https:\/\/www.bedbugfoundation.org\/sv\/bed-bug-biology\/life-cycle\/#breadcrumb"},"inLanguage":"fr-FR","potentialAction":[{"@type":"ReadAction","target":["https:\/\/www.bedbugfoundation.org\/sv\/bed-bug-biology\/life-cycle\/"]}]},{"@type":"ImageObject","inLanguage":"fr-FR","@id":"https:\/\/www.bedbugfoundation.org\/sv\/bed-bug-biology\/life-cycle\/#primaryimage","url":"http:\/\/bedbugfoundation.org\/wp-content\/uploads\/2012\/12\/Life-Cyle-of-the-Bedbug.png","contentUrl":"http:\/\/bedbugfoundation.org\/wp-content\/uploads\/2012\/12\/Life-Cyle-of-the-Bedbug.png"},{"@type":"BreadcrumbList","@id":"https:\/\/www.bedbugfoundation.org\/sv\/bed-bug-biology\/life-cycle\/#breadcrumb","itemListElement":[{"@type":"ListItem","position":1,"name":"Home","item":"https:\/\/www.bedbugfoundation.org\/"},{"@type":"ListItem","position":2,"name":"Bed Bug Biology","item":"https:\/\/www.bedbugfoundation.org\/bed-bug-biology\/"},{"@type":"ListItem","position":3,"name":"Life Cycle"}]},{"@type":"WebSite","@id":"https:\/\/www.bedbugfoundation.org\/#website","url":"https:\/\/www.bedbugfoundation.org\/","name":"Fondation contre les punaises de lit","description":"Accueil du Code europ\u00e9en de bonnes pratiques pour la lutte contre les punaises de lit","potentialAction":[{"@type":"SearchAction","target":{"@type":"EntryPoint","urlTemplate":"https:\/\/www.bedbugfoundation.org\/?s={search_term_string}"},"query-input":{"@type":"PropertyValueSpecification","valueRequired":true,"valueName":"search_term_string"}}],"inLanguage":"fr-FR"}]}},"_links":{"self":[{"href":"https:\/\/www.bedbugfoundation.org\/fr\/wp-json\/wp\/v2\/pages\/208","targetHints":{"allow":["GET"]}}],"collection":[{"href":"https:\/\/www.bedbugfoundation.org\/fr\/wp-json\/wp\/v2\/pages"}],"about":[{"href":"https:\/\/www.bedbugfoundation.org\/fr\/wp-json\/wp\/v2\/types\/page"}],"author":[{"embeddable":true,"href":"https:\/\/www.bedbugfoundation.org\/fr\/wp-json\/wp\/v2\/users\/1"}],"replies":[{"embeddable":true,"href":"https:\/\/www.bedbugfoundation.org\/fr\/wp-json\/wp\/v2\/comments?post=208"}],"version-history":[{"count":14,"href":"https:\/\/www.bedbugfoundation.org\/fr\/wp-json\/wp\/v2\/pages\/208\/revisions"}],"predecessor-version":[{"id":6182,"href":"https:\/\/www.bedbugfoundation.org\/fr\/wp-json\/wp\/v2\/pages\/208\/revisions\/6182"}],"up":[{"embeddable":true,"href":"https:\/\/www.bedbugfoundation.org\/fr\/wp-json\/wp\/v2\/pages\/216"}],"wp:attachment":[{"href":"https:\/\/www.bedbugfoundation.org\/fr\/wp-json\/wp\/v2\/media?parent=208"}],"curies":[{"name":"wp","href":"https:\/\/api.w.org\/{rel}","templated":true}]}}