{"id":222,"date":"2012-12-21T17:43:57","date_gmt":"2012-12-21T17:43:57","guid":{"rendered":"http:\/\/bedbugfoundation.org\/?page_id=222"},"modified":"2020-02-25T16:10:23","modified_gmt":"2020-02-25T16:10:23","slug":"identification","status":"publish","type":"page","link":"https:\/\/www.bedbugfoundation.org\/fr\/bed-bug-biology\/identification\/","title":{"rendered":"Identification"},"content":{"rendered":"<p><strong>Stages en direct<\/strong><\/p>\n<p>Comme les punaises de lit n'ont pas de stade larvaire, ces caract\u00e9ristiques sont visibles \u00e0 tous les stades du cycle de vie (sauf l'\u0153uf).<\/p>\n<p><a href=\"http:\/\/bedbugfoundation.org\/wp-content\/uploads\/2012\/12\/Screen-Shot-2012-12-21-at-17.48.02.png\"><img loading=\"lazy\" decoding=\"async\" class=\"alignnone size-full wp-image-226\" src=\"http:\/\/bedbugfoundation.org\/wp-content\/uploads\/2012\/12\/Screen-Shot-2012-12-21-at-17.48.02.png\" alt=\"Capture d&#039;\u00e9cran 2012-12-21 \u00e0 17.48.02\" width=\"683\" height=\"300\" srcset=\"https:\/\/www.bedbugfoundation.org\/wp-content\/uploads\/2012\/12\/Screen-Shot-2012-12-21-at-17.48.02.png 849w, https:\/\/www.bedbugfoundation.org\/wp-content\/uploads\/2012\/12\/Screen-Shot-2012-12-21-at-17.48.02-300x131.png 300w\" sizes=\"auto, (max-width: 683px) 100vw, 683px\" \/><\/a><\/p>\n<p><strong>Oeufs<\/strong><\/p>\n<p>Les \u0153ufs des punaises de lit sont petits (environ 1,2 mm de long), mais se distinguent facilement (avec l'exp\u00e9rience) de ceux des autres insectes domestiques.<\/p>\n<p>\u00c0 la loupe, on peut facilement distinguer les \u0153ufs \u00e9clos et les \u0153ufs viables. Les \u0153ufs viables sont de couleur perle et, au cours des derniers stades de d\u00e9veloppement, l'\u0153il de l'embryon en d\u00e9veloppement est visible \u00e0 travers la coquille de l'\u0153uf. Les \u0153ufs \u00e9clos sont reconnaissables \u00e0 l'absence de capuchon et \u00e0 leur aspect translucide.<\/p>\n<p><a href=\"http:\/\/bedbugfoundation.org\/wp-content\/uploads\/2012\/12\/Screen-Shot-2012-12-21-at-17.52.01.png\"><img loading=\"lazy\" decoding=\"async\" class=\"alignnone size-full wp-image-227\" src=\"http:\/\/bedbugfoundation.org\/wp-content\/uploads\/2012\/12\/Screen-Shot-2012-12-21-at-17.52.01.png\" alt=\"Capture d&#039;\u00e9cran 2012-12-21 \u00e0 17.52.01\" width=\"594\" height=\"511\" srcset=\"https:\/\/www.bedbugfoundation.org\/wp-content\/uploads\/2012\/12\/Screen-Shot-2012-12-21-at-17.52.01.png 594w, https:\/\/www.bedbugfoundation.org\/wp-content\/uploads\/2012\/12\/Screen-Shot-2012-12-21-at-17.52.01-300x258.png 300w\" sizes=\"auto, (max-width: 594px) 100vw, 594px\" \/><\/a><\/p>\n<p><strong>Peaux moul\u00e9es<\/strong><\/p>\n<p><a href=\"http:\/\/bedbugfoundation.org\/wp-content\/uploads\/2012\/12\/Screen-Shot-2012-12-21-at-17.55.36.png\"><img loading=\"lazy\" decoding=\"async\" class=\"alignnone size-full wp-image-228\" src=\"http:\/\/bedbugfoundation.org\/wp-content\/uploads\/2012\/12\/Screen-Shot-2012-12-21-at-17.55.36.png\" alt=\"Capture d&#039;\u00e9cran 2012-12-21 \u00e0 17.55.36\" width=\"643\" height=\"197\" srcset=\"https:\/\/www.bedbugfoundation.org\/wp-content\/uploads\/2012\/12\/Screen-Shot-2012-12-21-at-17.55.36.png 961w, https:\/\/www.bedbugfoundation.org\/wp-content\/uploads\/2012\/12\/Screen-Shot-2012-12-21-at-17.55.36-300x92.png 300w\" sizes=\"auto, (max-width: 643px) 100vw, 643px\" \/><\/a><\/p>\n<p>Avec l'exp\u00e9rience, les peaux moul\u00e9es des punaises de lit se distinguent facilement de celles des autres insectes. Cependant, elles peuvent durer longtemps et ne peuvent donc pas \u00eatre utilis\u00e9es pour distinguer les infestations actives des infestations pass\u00e9es.<\/p>\n<p><strong>Taches f\u00e9cales<\/strong><\/p>\n<p>Les punaises de lit commencent \u00e0 produire des mati\u00e8res f\u00e9cales fonc\u00e9es et aqueuses d\u00e8s qu'elles se sont nourries. Ces taches f\u00e9cales sont souvent l'un des premiers indicateurs d'une infestation. Les taches noires, ressemblant \u00e0 de l'encre, sur les draps, le matelas ou le cadre du lit sont l'un des signes les plus reconnaissables des punaises de lit. Cependant, des taches tr\u00e8s similaires peuvent \u00eatre produites par les araign\u00e9es, les mouches et les blattes allemandes, de sorte que l'emplacement peut \u00eatre un facteur important pour distinguer les deux. Les mouches sont beaucoup plus susceptibles de produire des taches en hauteur sur les murs, le plafond ou les luminaires. Les kits d'identification sanguine se sont r\u00e9v\u00e9l\u00e9s prometteurs pour pouvoir distinguer les mati\u00e8res f\u00e9cales des insectes se nourrissant de sang, comme les punaises de lit, de celles d'autres invert\u00e9br\u00e9s domestiques ; voir la section produits.<\/p>\n<p>La couleur des taches f\u00e9cales peut varier du noir au beige en fonction des proportions relatives de sang dig\u00e9r\u00e9 et d'acide urique. L'apparence des taches f\u00e9cales est \u00e9galement influenc\u00e9e par le pouvoir absorbant du substrat sur lequel elles sont d\u00e9pos\u00e9es. Les taches f\u00e9cales d\u00e9pos\u00e9es sur des surfaces absorbantes telles que les draps de lit sont enfonc\u00e9es dans les fibres, ressemblant \u00e0 l'encre d'un stylo plume. Les taches f\u00e9cales d\u00e9pos\u00e9es sur des surfaces non absorbantes telles que le bois verni, souvent s\u00e8ches comme une bosse sombre et en relief.<\/p>\n<p><a href=\"http:\/\/bedbugfoundation.org\/wp-content\/uploads\/2012\/12\/Screen-Shot-2012-12-21-at-17.58.48.png\"><img loading=\"lazy\" decoding=\"async\" class=\"alignnone size-full wp-image-230\" src=\"http:\/\/bedbugfoundation.org\/wp-content\/uploads\/2012\/12\/Screen-Shot-2012-12-21-at-17.58.48.png\" alt=\"Capture d&#039;\u00e9cran 2012-12-21 \u00e0 17.58.48\" width=\"473\" height=\"499\" srcset=\"https:\/\/www.bedbugfoundation.org\/wp-content\/uploads\/2012\/12\/Screen-Shot-2012-12-21-at-17.58.48.png 473w, https:\/\/www.bedbugfoundation.org\/wp-content\/uploads\/2012\/12\/Screen-Shot-2012-12-21-at-17.58.48-300x316.png 300w, https:\/\/www.bedbugfoundation.org\/wp-content\/uploads\/2012\/12\/Screen-Shot-2012-12-21-at-17.58.48-284x300.png 284w\" sizes=\"auto, (max-width: 473px) 100vw, 473px\" \/><\/a><\/p>\n<p><a href=\"http:\/\/bedbugfoundation.org\/wp-content\/uploads\/2012\/12\/Screen-Shot-2012-12-21-at-17.59.05.png\"><img loading=\"lazy\" decoding=\"async\" class=\"alignnone size-medium wp-image-229\" title=\"Taches f\u00e9cales de punaises et de mouches sur le papier peint.\" src=\"http:\/\/bedbugfoundation.org\/wp-content\/uploads\/2012\/12\/Screen-Shot-2012-12-21-at-17.59.05-300x199.png\" alt=\"Capture d&#039;\u00e9cran 2012-12-21 \u00e0 17.59.05\" width=\"333\" height=\"221\" srcset=\"https:\/\/www.bedbugfoundation.org\/wp-content\/uploads\/2012\/12\/Screen-Shot-2012-12-21-at-17.59.05-300x199.png 300w, https:\/\/www.bedbugfoundation.org\/wp-content\/uploads\/2012\/12\/Screen-Shot-2012-12-21-at-17.59.05.png 564w\" sizes=\"auto, (max-width: 333px) 100vw, 333px\" \/><\/a><\/p>\n<p><strong>Morsures<\/strong><\/p>\n<p>Les punaises de lit se nourrissent de la peau expos\u00e9e et pr\u00e9f\u00e8rent souvent ne pas grimper sur l'h\u00f4te pendant qu'elles se nourrissent. Cela peut entra\u00eener des piq\u00fbres en rang\u00e9es lorsqu'elles se d\u00e9placent le long du bord de la peau expos\u00e9e \u00e0 la recherche d'un site d'alimentation appropri\u00e9.<\/p>\n<p>Les piq\u00fbres ne doivent jamais \u00eatre consid\u00e9r\u00e9es comme un signe concluant d'une infestation de punaises de lit, car elles peuvent \u00eatre caus\u00e9es par toute une s\u00e9rie d'autres insectes, notamment les moucherons, les moustiques, les puces et les poux. Des r\u00e9actions similaires peuvent \u00e9galement \u00eatre caus\u00e9es par les acariens de la gale et une grande vari\u00e9t\u00e9 d'allerg\u00e8nes.<\/p>\n<p>Les r\u00e9actions aux piq\u00fbres de punaises de lit sont tr\u00e8s variables d'une personne \u00e0 l'autre. Certaines ne r\u00e9agissent pas du tout, tandis que d'autres ont des r\u00e9actions fortes et v\u00e9siculaires. Les r\u00e9actions syst\u00e9miques plus graves (de type anaphylactique) sont rares, mais ont \u00e9t\u00e9 signal\u00e9es.<\/p>\n<p><a href=\"http:\/\/bedbugfoundation.org\/wp-content\/uploads\/2012\/12\/bedbug-bites.png\"><img loading=\"lazy\" decoding=\"async\" class=\"alignnone size-full wp-image-238\" src=\"http:\/\/bedbugfoundation.org\/wp-content\/uploads\/2012\/12\/bedbug-bites.png\" alt=\"les piq\u00fbres de punaises de lit\" width=\"429\" height=\"167\" srcset=\"https:\/\/www.bedbugfoundation.org\/wp-content\/uploads\/2012\/12\/bedbug-bites.png 972w, https:\/\/www.bedbugfoundation.org\/wp-content\/uploads\/2012\/12\/bedbug-bites-300x116.png 300w\" sizes=\"auto, (max-width: 429px) 100vw, 429px\" \/><\/a><\/p>\n<p>La r\u00e9action cutan\u00e9e \u00e0 une piq\u00fbre de punaise de lit peut \u00eatre retard\u00e9e jusqu'\u00e0 deux semaines, en particulier si c'est la premi\u00e8re fois que la personne est mordue. Par cons\u00e9quent, si la personne a r\u00e9cemment voyag\u00e9, il peut \u00eatre difficile d'\u00e9tablir exactement o\u00f9 et quand les piq\u00fbres ont eu lieu. Cela peut conduire \u00e0 la fausse croyance qu'elle a ramen\u00e9 des punaises de lit chez elle ou bien retarder la d\u00e9tection d'une infestation.<\/p>\n<p>Les punaises de lit se nourrissent g\u00e9n\u00e9ralement la nuit, mais elles sont tr\u00e8s adaptables et adaptent leur cycle d'alimentation en fonction des mouvements quotidiens de l'h\u00f4te. Les chaises et les canap\u00e9s sont souvent infest\u00e9s lorsque l'occupant passe la majorit\u00e9 de la journ\u00e9e assis au m\u00eame endroit. Dans de telles situations, les punaises de lit seront oblig\u00e9es de se nourrir pendant la journ\u00e9e, en pr\u00e9sence de l'h\u00f4te.<\/p>","protected":false},"excerpt":{"rendered":"<p>Live Stages As bed bugs do not have a larval stage, these features are visible at all stages of the lifecycle (except the egg). Eggs The eggs of bed bugs are small (ca. 1.2 mm long), but easily distinguishable (with &hellip; <a href=\"https:\/\/www.bedbugfoundation.org\/fr\/bed-bug-biology\/identification\/\">Continuer la lecture <span class=\"meta-nav\">\u2192<\/span><\/a><\/p>","protected":false},"author":1,"featured_media":0,"parent":216,"menu_order":0,"comment_status":"closed","ping_status":"closed","template":"","meta":{"_bbp_topic_count":0,"_bbp_reply_count":0,"_bbp_total_topic_count":0,"_bbp_total_reply_count":0,"_bbp_voice_count":0,"_bbp_anonymous_reply_count":0,"_bbp_topic_count_hidden":0,"_bbp_reply_count_hidden":0,"_bbp_forum_subforum_count":0,"footnotes":""},"class_list":["post-222","page","type-page","status-publish","hentry"],"yoast_head":"<!-- This site is optimized with the Yoast SEO plugin v27.5 - https:\/\/yoast.com\/product\/yoast-seo-wordpress\/ -->\n<title>Identification - Bed Bug Foundation<\/title>\n<meta name=\"robots\" content=\"index, follow, max-snippet:-1, max-image-preview:large, max-video-preview:-1\" \/>\n<link rel=\"canonical\" href=\"https:\/\/www.bedbugfoundation.org\/fr\/bed-bug-biology\/identification\/\" \/>\n<meta property=\"og:locale\" content=\"fr_FR\" \/>\n<meta property=\"og:type\" content=\"article\" \/>\n<meta property=\"og:title\" content=\"Identification - Bed Bug Foundation\" \/>\n<meta property=\"og:description\" content=\"Live Stages As bed bugs do not have a larval stage, these features are visible at all stages of the lifecycle (except the egg). Eggs The eggs of bed bugs are small (ca. 1.2 mm long), but easily distinguishable (with &hellip; Continuer la lecture &rarr;\" \/>\n<meta property=\"og:url\" content=\"https:\/\/www.bedbugfoundation.org\/fr\/bed-bug-biology\/identification\/\" \/>\n<meta property=\"og:site_name\" content=\"Bed Bug Foundation\" \/>\n<meta property=\"article:modified_time\" content=\"2020-02-25T16:10:23+00:00\" \/>\n<meta property=\"og:image\" content=\"http:\/\/bedbugfoundation.org\/wp-content\/uploads\/2012\/12\/Screen-Shot-2012-12-21-at-17.48.02.png\" \/>\n<meta name=\"twitter:card\" content=\"summary_large_image\" \/>\n<meta name=\"twitter:label1\" content=\"Dur\u00e9e de lecture estim\u00e9e\" \/>\n\t<meta name=\"twitter:data1\" content=\"3 minutes\" \/>\n<script type=\"application\/ld+json\" class=\"yoast-schema-graph\">{\"@context\":\"https:\\\/\\\/schema.org\",\"@graph\":[{\"@type\":\"WebPage\",\"@id\":\"https:\\\/\\\/www.bedbugfoundation.org\\\/sv\\\/bed-bug-biology\\\/identification\\\/\",\"url\":\"https:\\\/\\\/www.bedbugfoundation.org\\\/sv\\\/bed-bug-biology\\\/identification\\\/\",\"name\":\"Identification - Bed Bug Foundation\",\"isPartOf\":{\"@id\":\"https:\\\/\\\/www.bedbugfoundation.org\\\/#website\"},\"primaryImageOfPage\":{\"@id\":\"https:\\\/\\\/www.bedbugfoundation.org\\\/sv\\\/bed-bug-biology\\\/identification\\\/#primaryimage\"},\"image\":{\"@id\":\"https:\\\/\\\/www.bedbugfoundation.org\\\/sv\\\/bed-bug-biology\\\/identification\\\/#primaryimage\"},\"thumbnailUrl\":\"http:\\\/\\\/bedbugfoundation.org\\\/wp-content\\\/uploads\\\/2012\\\/12\\\/Screen-Shot-2012-12-21-at-17.48.02.png\",\"datePublished\":\"2012-12-21T17:43:57+00:00\",\"dateModified\":\"2020-02-25T16:10:23+00:00\",\"breadcrumb\":{\"@id\":\"https:\\\/\\\/www.bedbugfoundation.org\\\/sv\\\/bed-bug-biology\\\/identification\\\/#breadcrumb\"},\"inLanguage\":\"fr-FR\",\"potentialAction\":[{\"@type\":\"ReadAction\",\"target\":[\"https:\\\/\\\/www.bedbugfoundation.org\\\/sv\\\/bed-bug-biology\\\/identification\\\/\"]}]},{\"@type\":\"ImageObject\",\"inLanguage\":\"fr-FR\",\"@id\":\"https:\\\/\\\/www.bedbugfoundation.org\\\/sv\\\/bed-bug-biology\\\/identification\\\/#primaryimage\",\"url\":\"http:\\\/\\\/bedbugfoundation.org\\\/wp-content\\\/uploads\\\/2012\\\/12\\\/Screen-Shot-2012-12-21-at-17.48.02.png\",\"contentUrl\":\"http:\\\/\\\/bedbugfoundation.org\\\/wp-content\\\/uploads\\\/2012\\\/12\\\/Screen-Shot-2012-12-21-at-17.48.02.png\"},{\"@type\":\"BreadcrumbList\",\"@id\":\"https:\\\/\\\/www.bedbugfoundation.org\\\/sv\\\/bed-bug-biology\\\/identification\\\/#breadcrumb\",\"itemListElement\":[{\"@type\":\"ListItem\",\"position\":1,\"name\":\"Home\",\"item\":\"https:\\\/\\\/www.bedbugfoundation.org\\\/\"},{\"@type\":\"ListItem\",\"position\":2,\"name\":\"Bed Bug Biology\",\"item\":\"https:\\\/\\\/www.bedbugfoundation.org\\\/bed-bug-biology\\\/\"},{\"@type\":\"ListItem\",\"position\":3,\"name\":\"Identification\"}]},{\"@type\":\"WebSite\",\"@id\":\"https:\\\/\\\/www.bedbugfoundation.org\\\/#website\",\"url\":\"https:\\\/\\\/www.bedbugfoundation.org\\\/\",\"name\":\"Bed Bug Foundation\",\"description\":\"Home of the European Code of Practice for Bed Bug Management\",\"potentialAction\":[{\"@type\":\"SearchAction\",\"target\":{\"@type\":\"EntryPoint\",\"urlTemplate\":\"https:\\\/\\\/www.bedbugfoundation.org\\\/?s={search_term_string}\"},\"query-input\":{\"@type\":\"PropertyValueSpecification\",\"valueRequired\":true,\"valueName\":\"search_term_string\"}}],\"inLanguage\":\"fr-FR\"}]}<\/script>\n<!-- \/ Yoast SEO plugin. -->","yoast_head_json":{"title":"Identification - Fondation Punaises de lit","robots":{"index":"index","follow":"follow","max-snippet":"max-snippet:-1","max-image-preview":"max-image-preview:large","max-video-preview":"max-video-preview:-1"},"canonical":"https:\/\/www.bedbugfoundation.org\/fr\/bed-bug-biology\/identification\/","og_locale":"fr_FR","og_type":"article","og_title":"Identification - Bed Bug Foundation","og_description":"Live Stages As bed bugs do not have a larval stage, these features are visible at all stages of the lifecycle (except the egg). Eggs The eggs of bed bugs are small (ca. 1.2 mm long), but easily distinguishable (with &hellip; Continuer la lecture &rarr;","og_url":"https:\/\/www.bedbugfoundation.org\/fr\/bed-bug-biology\/identification\/","og_site_name":"Bed Bug Foundation","article_modified_time":"2020-02-25T16:10:23+00:00","og_image":[{"url":"http:\/\/bedbugfoundation.org\/wp-content\/uploads\/2012\/12\/Screen-Shot-2012-12-21-at-17.48.02.png","type":"","width":"","height":""}],"twitter_card":"summary_large_image","twitter_misc":{"Dur\u00e9e de lecture estim\u00e9e":"3 minutes"},"schema":{"@context":"https:\/\/schema.org","@graph":[{"@type":"WebPage","@id":"https:\/\/www.bedbugfoundation.org\/sv\/bed-bug-biology\/identification\/","url":"https:\/\/www.bedbugfoundation.org\/sv\/bed-bug-biology\/identification\/","name":"Identification - Fondation Punaises de lit","isPartOf":{"@id":"https:\/\/www.bedbugfoundation.org\/#website"},"primaryImageOfPage":{"@id":"https:\/\/www.bedbugfoundation.org\/sv\/bed-bug-biology\/identification\/#primaryimage"},"image":{"@id":"https:\/\/www.bedbugfoundation.org\/sv\/bed-bug-biology\/identification\/#primaryimage"},"thumbnailUrl":"http:\/\/bedbugfoundation.org\/wp-content\/uploads\/2012\/12\/Screen-Shot-2012-12-21-at-17.48.02.png","datePublished":"2012-12-21T17:43:57+00:00","dateModified":"2020-02-25T16:10:23+00:00","breadcrumb":{"@id":"https:\/\/www.bedbugfoundation.org\/sv\/bed-bug-biology\/identification\/#breadcrumb"},"inLanguage":"fr-FR","potentialAction":[{"@type":"ReadAction","target":["https:\/\/www.bedbugfoundation.org\/sv\/bed-bug-biology\/identification\/"]}]},{"@type":"ImageObject","inLanguage":"fr-FR","@id":"https:\/\/www.bedbugfoundation.org\/sv\/bed-bug-biology\/identification\/#primaryimage","url":"http:\/\/bedbugfoundation.org\/wp-content\/uploads\/2012\/12\/Screen-Shot-2012-12-21-at-17.48.02.png","contentUrl":"http:\/\/bedbugfoundation.org\/wp-content\/uploads\/2012\/12\/Screen-Shot-2012-12-21-at-17.48.02.png"},{"@type":"BreadcrumbList","@id":"https:\/\/www.bedbugfoundation.org\/sv\/bed-bug-biology\/identification\/#breadcrumb","itemListElement":[{"@type":"ListItem","position":1,"name":"Home","item":"https:\/\/www.bedbugfoundation.org\/"},{"@type":"ListItem","position":2,"name":"Bed Bug Biology","item":"https:\/\/www.bedbugfoundation.org\/bed-bug-biology\/"},{"@type":"ListItem","position":3,"name":"Identification"}]},{"@type":"WebSite","@id":"https:\/\/www.bedbugfoundation.org\/#website","url":"https:\/\/www.bedbugfoundation.org\/","name":"Fondation contre les punaises de lit","description":"Accueil du Code europ\u00e9en de bonnes pratiques pour la lutte contre les punaises de lit","potentialAction":[{"@type":"SearchAction","target":{"@type":"EntryPoint","urlTemplate":"https:\/\/www.bedbugfoundation.org\/?s={search_term_string}"},"query-input":{"@type":"PropertyValueSpecification","valueRequired":true,"valueName":"search_term_string"}}],"inLanguage":"fr-FR"}]}},"_links":{"self":[{"href":"https:\/\/www.bedbugfoundation.org\/fr\/wp-json\/wp\/v2\/pages\/222","targetHints":{"allow":["GET"]}}],"collection":[{"href":"https:\/\/www.bedbugfoundation.org\/fr\/wp-json\/wp\/v2\/pages"}],"about":[{"href":"https:\/\/www.bedbugfoundation.org\/fr\/wp-json\/wp\/v2\/types\/page"}],"author":[{"embeddable":true,"href":"https:\/\/www.bedbugfoundation.org\/fr\/wp-json\/wp\/v2\/users\/1"}],"replies":[{"embeddable":true,"href":"https:\/\/www.bedbugfoundation.org\/fr\/wp-json\/wp\/v2\/comments?post=222"}],"version-history":[{"count":17,"href":"https:\/\/www.bedbugfoundation.org\/fr\/wp-json\/wp\/v2\/pages\/222\/revisions"}],"predecessor-version":[{"id":6183,"href":"https:\/\/www.bedbugfoundation.org\/fr\/wp-json\/wp\/v2\/pages\/222\/revisions\/6183"}],"up":[{"embeddable":true,"href":"https:\/\/www.bedbugfoundation.org\/fr\/wp-json\/wp\/v2\/pages\/216"}],"wp:attachment":[{"href":"https:\/\/www.bedbugfoundation.org\/fr\/wp-json\/wp\/v2\/media?parent=222"}],"curies":[{"name":"wp","href":"https:\/\/api.w.org\/{rel}","templated":true}]}}