{"id":2294,"date":"2019-08-27T12:24:37","date_gmt":"2019-08-27T11:24:37","guid":{"rendered":"https:\/\/www.bedbugfoundation.org\/?page_id=2294"},"modified":"2021-02-17T12:06:48","modified_gmt":"2021-02-17T12:06:48","slug":"step-1","status":"publish","type":"page","link":"https:\/\/www.bedbugfoundation.org\/fr\/self-help\/step-1\/","title":{"rendered":"\u00c9tape 1 : Confirmation"},"content":{"rendered":"<p>Le BBF offre un service gratuit d'identification des sp\u00e9cimens. Vous pouvez trouver des d\u00e9tails sur la fa\u00e7on de soumettre des images ou des sp\u00e9cimens pour confirmation en cliquant sur le bouton ci-dessous :<\/p>\n\n\n\n<div class=\"wp-block-buttons aligncenter is-layout-flex wp-block-buttons-is-layout-flex\">\n<div class=\"wp-block-button is-style-outline is-style-outline--1\"><a class=\"wp-block-button__link\" href=\"https:\/\/www.bedbugfoundation.org\/fr\/specimen-identification-service\/\">Service d'identification des sp\u00e9cimens<\/a><\/div>\n<\/div>\n\n\n\n<p>Chaque ann\u00e9e, moins de 20% des sp\u00e9cimens et des photographies que le BBF re\u00e7oit sont des punaises de lit, il y a donc de fortes chances que vous n'ayez pas \u00e0 vous inqui\u00e9ter. De nombreuses entreprises de lutte contre les parasites sont connues pour effectuer des traitements co\u00fbteux contre les punaises de lit sans confirmer leur pr\u00e9sence. Dans certains cas, des traitements inutiles sont \u00e9galement caus\u00e9s par une mauvaise identification d'autres insectes domestiques comme \u00e9tant des punaises de lit. Quoi qu'il en soit, les traitements inutiles contre les punaises de lit sont un probl\u00e8me courant, qui entra\u00eene des perturbations et des d\u00e9penses inutiles consid\u00e9rables. Vous pouvez vous prot\u00e9ger contre ce probl\u00e8me en utilisant notre <a href=\"https:\/\/www.bedbugfoundation.org\/fr\/specimen-identification-service\/\">service d'identification<\/a>et vous familiariser avec <a href=\"https:\/\/www.bedbugfoundation.org\/fr\/bedbug-biology\/identification\/\">\u00e0 quoi ressemblent les punaises de lit et leurs signes<\/a>avant de contacter une entreprise de lutte contre les parasites.<\/p>\n\n\n\n<p><strong><em><strong><em>Morsures<\/em><\/strong><\/em><\/strong><strong>&nbsp;<\/strong>- Il n'est pas possible d'identifier le coupable uniquement \u00e0 partir des morsures. La r\u00e9partition des morsures peut donner quelques indices, mais l'ampleur des d\u00e9mangeaisons et des gonflements peut \u00eatre tr\u00e8s sp\u00e9cifique \u00e0 l'individu. Certaines personnes ne r\u00e9agissent pas du tout aux piq\u00fbres de punaises de lit, tandis que d'autres ont des r\u00e9actions fortes et durables, et parfois m\u00eame des cloques. Les punaises de lit et les moustiques ont tendance \u00e0 piquer la peau expos\u00e9e, tandis que les puces se glissent plus facilement sous les v\u00eatements.<\/p>\n\n\n\n<figure class=\"wp-block-gallery aligncenter columns-3 is-cropped wp-block-gallery-2 is-layout-flex wp-block-gallery-is-layout-flex\"><ul class=\"blocks-gallery-grid\"><li class=\"blocks-gallery-item\"><figure><img loading=\"lazy\" decoding=\"async\" width=\"1024\" height=\"803\" src=\"https:\/\/www.bedbugfoundation.org\/wp-content\/uploads\/2019\/02\/bedbug-bites-1024x803.jpg\" alt=\"\" data-id=\"1950\" data-link=\"https:\/\/www.bedbugfoundation.org\/?attachment_id=1950\" class=\"wp-image-1950\" srcset=\"https:\/\/www.bedbugfoundation.org\/wp-content\/uploads\/2019\/02\/bedbug-bites-1024x803.jpg 1024w, https:\/\/www.bedbugfoundation.org\/wp-content\/uploads\/2019\/02\/bedbug-bites-300x235.jpg 300w, https:\/\/www.bedbugfoundation.org\/wp-content\/uploads\/2019\/02\/bedbug-bites-768x602.jpg 768w, https:\/\/www.bedbugfoundation.org\/wp-content\/uploads\/2019\/02\/bedbug-bites-383x300.jpg 383w, https:\/\/www.bedbugfoundation.org\/wp-content\/uploads\/2019\/02\/bedbug-bites.jpg 1500w\" sizes=\"auto, (max-width: 1024px) 100vw, 1024px\" \/><\/figure><\/li><li class=\"blocks-gallery-item\"><figure><img loading=\"lazy\" decoding=\"async\" width=\"1024\" height=\"820\" src=\"https:\/\/www.bedbugfoundation.org\/wp-content\/uploads\/2019\/02\/bedbug-cimex-1-1024x820.jpg\" alt=\"\" data-id=\"1951\" data-link=\"https:\/\/www.bedbugfoundation.org\/?attachment_id=1951\" class=\"wp-image-1951\" srcset=\"https:\/\/www.bedbugfoundation.org\/wp-content\/uploads\/2019\/02\/bedbug-cimex-1-1024x820.jpg 1024w, https:\/\/www.bedbugfoundation.org\/wp-content\/uploads\/2019\/02\/bedbug-cimex-1-300x240.jpg 300w, https:\/\/www.bedbugfoundation.org\/wp-content\/uploads\/2019\/02\/bedbug-cimex-1-768x615.jpg 768w, https:\/\/www.bedbugfoundation.org\/wp-content\/uploads\/2019\/02\/bedbug-cimex-1-375x300.jpg 375w, https:\/\/www.bedbugfoundation.org\/wp-content\/uploads\/2019\/02\/bedbug-cimex-1.jpg 1500w\" sizes=\"auto, (max-width: 1024px) 100vw, 1024px\" \/><\/figure><\/li><li class=\"blocks-gallery-item\"><figure><img loading=\"lazy\" decoding=\"async\" width=\"1024\" height=\"672\" src=\"https:\/\/www.bedbugfoundation.org\/wp-content\/uploads\/2019\/02\/bedbug-cimex-9-1024x672.jpg\" alt=\"\" data-id=\"1957\" data-link=\"https:\/\/www.bedbugfoundation.org\/?attachment_id=1957\" class=\"wp-image-1957\" srcset=\"https:\/\/www.bedbugfoundation.org\/wp-content\/uploads\/2019\/02\/bedbug-cimex-9-1024x672.jpg 1024w, https:\/\/www.bedbugfoundation.org\/wp-content\/uploads\/2019\/02\/bedbug-cimex-9-300x197.jpg 300w, https:\/\/www.bedbugfoundation.org\/wp-content\/uploads\/2019\/02\/bedbug-cimex-9-768x504.jpg 768w, https:\/\/www.bedbugfoundation.org\/wp-content\/uploads\/2019\/02\/bedbug-cimex-9-457x300.jpg 457w, https:\/\/www.bedbugfoundation.org\/wp-content\/uploads\/2019\/02\/bedbug-cimex-9.jpg 1500w\" sizes=\"auto, (max-width: 1024px) 100vw, 1024px\" \/><\/figure><\/li><\/ul><\/figure>\n\n\n\n<p>Parfois, les punaises de lit piquent deux ou trois fois au m\u00eame endroit. Cela a tendance \u00e0 se produire lorsqu'elles cherchent un vaisseau sanguin appropri\u00e9. Le r\u00e9sultat est une collection de piq\u00fbres qui d\u00e9mangent \u00e0 quelques centim\u00e8tres les unes des autres. Il est rare d'avoir plus de quelques piq\u00fbres au m\u00eame endroit. Lorsqu'un grand nombre de l\u00e9sions de type morsure se produisent en m\u00eame temps, il convient d'envisager d'autres causes, telles qu'une r\u00e9action allergique localis\u00e9e \u00e0 quelque chose dans l'environnement, une infection bact\u00e9rienne (comme l'imp\u00e9tigo) ou une infection par des acariens (comme la gale). Il existe en fait de nombreuses affections cutan\u00e9es qui produisent des sympt\u00f4mes similaires \u00e0 ceux des piq\u00fbres d'insectes, il peut donc \u00eatre utile de les montrer \u00e0 votre m\u00e9decin ou \u00e0 votre dermatologue.<\/p>\n\n\n\n<p>&gt;&gt; <a href=\"https:\/\/bedbugfoundation.org\/wp-content\/uploads\/fileuploads\/ECoPv2%20UK.pdf\">3.2 Identification<\/a> &lt;&lt;<\/p>\n\n\n\n<p><strong><em><strong><em>Taches f\u00e9cales<\/em><\/strong><\/em><\/strong><strong>&nbsp;&#8211;<\/strong>&nbsp;Comme les punaises de lit ing\u00e8rent un r\u00e9gime exclusivement liquide, elles excr\u00e8tent de grandes quantit\u00e9s de f\u00e8ces aqueuses fonc\u00e9es. La pr\u00e9sence de taches f\u00e9cales fonc\u00e9es sur la literie est tr\u00e8s souvent le premier signe d'une infestation de punaises de lit. Bien que quelques taches soient souvent \u00e9videntes sur la liti\u00e8re, la plupart d'entre elles ont tendance \u00e0 se trouver l\u00e0 o\u00f9 les punaises se cachent, g\u00e9n\u00e9ralement dans une crevasse abrit\u00e9e, quelque part dans la structure du lit. Sur les surfaces absorbantes, comme la literie, elles ont tendance \u00e0 s'infiltrer dans les fibres, mais sur les surfaces non absorbantes, comme le bois verni, les taches ont tendance \u00e0 s\u00e9cher sous forme de bosses.<\/p>\n\n\n\n<figure class=\"wp-block-gallery aligncenter columns-3 is-cropped wp-block-gallery-3 is-layout-flex wp-block-gallery-is-layout-flex\"><ul class=\"blocks-gallery-grid\"><li class=\"blocks-gallery-item\"><figure><img loading=\"lazy\" decoding=\"async\" width=\"1024\" height=\"682\" src=\"https:\/\/www.bedbugfoundation.org\/wp-content\/uploads\/2019\/02\/SH7W6269-1024x682.jpg\" alt=\"\" data-id=\"1995\" data-link=\"https:\/\/www.bedbugfoundation.org\/?attachment_id=1995\" class=\"wp-image-1995\" srcset=\"https:\/\/www.bedbugfoundation.org\/wp-content\/uploads\/2019\/02\/SH7W6269-1024x682.jpg 1024w, https:\/\/www.bedbugfoundation.org\/wp-content\/uploads\/2019\/02\/SH7W6269-300x200.jpg 300w, https:\/\/www.bedbugfoundation.org\/wp-content\/uploads\/2019\/02\/SH7W6269-768x511.jpg 768w, https:\/\/www.bedbugfoundation.org\/wp-content\/uploads\/2019\/02\/SH7W6269-450x300.jpg 450w, https:\/\/www.bedbugfoundation.org\/wp-content\/uploads\/2019\/02\/SH7W6269.jpg 1500w\" sizes=\"auto, (max-width: 1024px) 100vw, 1024px\" \/><\/figure><\/li><li class=\"blocks-gallery-item\"><figure><img loading=\"lazy\" decoding=\"async\" width=\"683\" height=\"1024\" src=\"https:\/\/www.bedbugfoundation.org\/wp-content\/uploads\/2019\/02\/back-edge-of-wardrobe-683x1024.jpg\" alt=\"\" data-id=\"1947\" data-link=\"https:\/\/www.bedbugfoundation.org\/?attachment_id=1947\" class=\"wp-image-1947\" srcset=\"https:\/\/www.bedbugfoundation.org\/wp-content\/uploads\/2019\/02\/back-edge-of-wardrobe-683x1024.jpg 683w, https:\/\/www.bedbugfoundation.org\/wp-content\/uploads\/2019\/02\/back-edge-of-wardrobe-300x450.jpg 300w, https:\/\/www.bedbugfoundation.org\/wp-content\/uploads\/2019\/02\/back-edge-of-wardrobe-200x300.jpg 200w, https:\/\/www.bedbugfoundation.org\/wp-content\/uploads\/2019\/02\/back-edge-of-wardrobe-768x1152.jpg 768w, https:\/\/www.bedbugfoundation.org\/wp-content\/uploads\/2019\/02\/back-edge-of-wardrobe.jpg 1000w\" sizes=\"auto, (max-width: 683px) 100vw, 683px\" \/><\/figure><\/li><li class=\"blocks-gallery-item\"><figure><img loading=\"lazy\" decoding=\"async\" width=\"1024\" height=\"683\" src=\"https:\/\/www.bedbugfoundation.org\/wp-content\/uploads\/2019\/02\/bedbug-harbourage-2-1024x683.jpg\" alt=\"\" data-id=\"1961\" data-link=\"https:\/\/www.bedbugfoundation.org\/?attachment_id=1961\" class=\"wp-image-1961\" srcset=\"https:\/\/www.bedbugfoundation.org\/wp-content\/uploads\/2019\/02\/bedbug-harbourage-2-1024x683.jpg 1024w, https:\/\/www.bedbugfoundation.org\/wp-content\/uploads\/2019\/02\/bedbug-harbourage-2-300x200.jpg 300w, https:\/\/www.bedbugfoundation.org\/wp-content\/uploads\/2019\/02\/bedbug-harbourage-2-768x512.jpg 768w, https:\/\/www.bedbugfoundation.org\/wp-content\/uploads\/2019\/02\/bedbug-harbourage-2-450x300.jpg 450w, https:\/\/www.bedbugfoundation.org\/wp-content\/uploads\/2019\/02\/bedbug-harbourage-2.jpg 1500w\" sizes=\"auto, (max-width: 1024px) 100vw, 1024px\" \/><\/figure><\/li><\/ul><\/figure>\n\n\n\n<p><strong><em><strong><em>Chiens d\u00e9tecteurs d'odeurs<\/em><\/strong><\/em>\u00a0&#8211;<\/strong>\u00a0Les chiens d\u00e9tecteurs d'odeurs peuvent \u00eatre un moyen efficace de d\u00e9terminer si vous avez des punaises de lit. Vous pouvez en savoir plus sur les odeurs <a href=\"https:\/\/www.bedbugfoundation.org\/fr\/bed-bug-dogs\/\">chiens de d\u00e9tection ici<\/a>.<\/p>\n\n\n\n<p>Le BBF fournit une certification pour les chiens d\u00e9tecteurs d'odeurs en Europe. Vous pouvez trouver les coordonn\u00e9es des \u00e9quipes certifi\u00e9es travaillant dans votre r\u00e9gion.<\/p>\n\n\n\n<p class=\"has-text-align-center\"><a href=\"https:\/\/www.bedbugfoundation.org\/fr\/self-help\/step-2\/\">Suivant<\/a><\/p>","protected":false},"excerpt":{"rendered":"<p>Le BBF offre un service gratuit d'identification des sp\u00e9cimens. Vous trouverez des d\u00e9tails sur la fa\u00e7on de soumettre des images ou des sp\u00e9cimens pour confirmation en cliquant sur le bouton ci-dessous : Chaque ann\u00e9e, moins de 20% des sp\u00e9cimens et photographies que le BBF re\u00e7oit ... <a href=\"https:\/\/www.bedbugfoundation.org\/fr\/self-help\/step-1\/\">Continuer la lecture <span class=\"meta-nav\">\u2192<\/span><\/a><\/p>","protected":false},"author":1,"featured_media":0,"parent":2285,"menu_order":0,"comment_status":"closed","ping_status":"closed","template":"","meta":{"_bbp_topic_count":0,"_bbp_reply_count":0,"_bbp_total_topic_count":0,"_bbp_total_reply_count":0,"_bbp_voice_count":0,"_bbp_anonymous_reply_count":0,"_bbp_topic_count_hidden":0,"_bbp_reply_count_hidden":0,"_bbp_forum_subforum_count":0,"footnotes":""},"class_list":["post-2294","page","type-page","status-publish","hentry"],"yoast_head":"<!-- This site is optimized with the Yoast SEO plugin v27.5 - https:\/\/yoast.com\/product\/yoast-seo-wordpress\/ -->\n<title>Step 1: Confirmation - Bed Bug Foundation<\/title>\n<meta name=\"robots\" content=\"index, follow, max-snippet:-1, max-image-preview:large, max-video-preview:-1\" \/>\n<link rel=\"canonical\" href=\"https:\/\/www.bedbugfoundation.org\/fr\/self-help\/step-1\/\" \/>\n<meta property=\"og:locale\" content=\"fr_FR\" \/>\n<meta property=\"og:type\" content=\"article\" \/>\n<meta property=\"og:title\" content=\"Step 1: Confirmation - Bed Bug Foundation\" \/>\n<meta property=\"og:description\" content=\"The BBF offers a free specimen identification service. You can find details of how to submit images or specimens for confirmation by clicking the button below: Each year, less than 20% of the specimens and photographs that the BBF receives &hellip; Continuer la lecture &rarr;\" \/>\n<meta property=\"og:url\" content=\"https:\/\/www.bedbugfoundation.org\/fr\/self-help\/step-1\/\" \/>\n<meta property=\"og:site_name\" content=\"Bed Bug Foundation\" \/>\n<meta property=\"article:modified_time\" content=\"2021-02-17T12:06:48+00:00\" \/>\n<meta property=\"og:image\" content=\"https:\/\/www.bedbugfoundation.org\/wp-content\/uploads\/2019\/02\/bedbug-bites-1024x803.jpg\" \/>\n<meta name=\"twitter:card\" content=\"summary_large_image\" \/>\n<meta name=\"twitter:label1\" content=\"Dur\u00e9e de lecture estim\u00e9e\" \/>\n\t<meta name=\"twitter:data1\" content=\"3 minutes\" \/>\n<script type=\"application\/ld+json\" class=\"yoast-schema-graph\">{\"@context\":\"https:\\\/\\\/schema.org\",\"@graph\":[{\"@type\":\"WebPage\",\"@id\":\"https:\\\/\\\/www.bedbugfoundation.org\\\/sv\\\/self-help\\\/step-1\\\/\",\"url\":\"https:\\\/\\\/www.bedbugfoundation.org\\\/sv\\\/self-help\\\/step-1\\\/\",\"name\":\"Step 1: Confirmation - Bed Bug Foundation\",\"isPartOf\":{\"@id\":\"https:\\\/\\\/www.bedbugfoundation.org\\\/#website\"},\"primaryImageOfPage\":{\"@id\":\"https:\\\/\\\/www.bedbugfoundation.org\\\/sv\\\/self-help\\\/step-1\\\/#primaryimage\"},\"image\":{\"@id\":\"https:\\\/\\\/www.bedbugfoundation.org\\\/sv\\\/self-help\\\/step-1\\\/#primaryimage\"},\"thumbnailUrl\":\"https:\\\/\\\/www.bedbugfoundation.org\\\/wp-content\\\/uploads\\\/2019\\\/02\\\/bedbug-bites-1024x803.jpg\",\"datePublished\":\"2019-08-27T11:24:37+00:00\",\"dateModified\":\"2021-02-17T12:06:48+00:00\",\"breadcrumb\":{\"@id\":\"https:\\\/\\\/www.bedbugfoundation.org\\\/sv\\\/self-help\\\/step-1\\\/#breadcrumb\"},\"inLanguage\":\"fr-FR\",\"potentialAction\":[{\"@type\":\"ReadAction\",\"target\":[\"https:\\\/\\\/www.bedbugfoundation.org\\\/sv\\\/self-help\\\/step-1\\\/\"]}]},{\"@type\":\"ImageObject\",\"inLanguage\":\"fr-FR\",\"@id\":\"https:\\\/\\\/www.bedbugfoundation.org\\\/sv\\\/self-help\\\/step-1\\\/#primaryimage\",\"url\":\"https:\\\/\\\/www.bedbugfoundation.org\\\/wp-content\\\/uploads\\\/2019\\\/02\\\/bedbug-bites-1024x803.jpg\",\"contentUrl\":\"https:\\\/\\\/www.bedbugfoundation.org\\\/wp-content\\\/uploads\\\/2019\\\/02\\\/bedbug-bites-1024x803.jpg\"},{\"@type\":\"BreadcrumbList\",\"@id\":\"https:\\\/\\\/www.bedbugfoundation.org\\\/sv\\\/self-help\\\/step-1\\\/#breadcrumb\",\"itemListElement\":[{\"@type\":\"ListItem\",\"position\":1,\"name\":\"Home\",\"item\":\"https:\\\/\\\/www.bedbugfoundation.org\\\/\"},{\"@type\":\"ListItem\",\"position\":2,\"name\":\"Help! I think I have bed bugs!\",\"item\":\"https:\\\/\\\/www.bedbugfoundation.org\\\/self-help\\\/\"},{\"@type\":\"ListItem\",\"position\":3,\"name\":\"Step 1: Confirmation\"}]},{\"@type\":\"WebSite\",\"@id\":\"https:\\\/\\\/www.bedbugfoundation.org\\\/#website\",\"url\":\"https:\\\/\\\/www.bedbugfoundation.org\\\/\",\"name\":\"Bed Bug Foundation\",\"description\":\"Home of the European Code of Practice for Bed Bug Management\",\"potentialAction\":[{\"@type\":\"SearchAction\",\"target\":{\"@type\":\"EntryPoint\",\"urlTemplate\":\"https:\\\/\\\/www.bedbugfoundation.org\\\/?s={search_term_string}\"},\"query-input\":{\"@type\":\"PropertyValueSpecification\",\"valueRequired\":true,\"valueName\":\"search_term_string\"}}],\"inLanguage\":\"fr-FR\"}]}<\/script>\n<!-- \/ Yoast SEO plugin. -->","yoast_head_json":{"title":"\u00c9tape 1 : Confirmation - Fondation Bed Bug","robots":{"index":"index","follow":"follow","max-snippet":"max-snippet:-1","max-image-preview":"max-image-preview:large","max-video-preview":"max-video-preview:-1"},"canonical":"https:\/\/www.bedbugfoundation.org\/fr\/self-help\/step-1\/","og_locale":"fr_FR","og_type":"article","og_title":"Step 1: Confirmation - Bed Bug Foundation","og_description":"The BBF offers a free specimen identification service. You can find details of how to submit images or specimens for confirmation by clicking the button below: Each year, less than 20% of the specimens and photographs that the BBF receives &hellip; Continuer la lecture &rarr;","og_url":"https:\/\/www.bedbugfoundation.org\/fr\/self-help\/step-1\/","og_site_name":"Bed Bug Foundation","article_modified_time":"2021-02-17T12:06:48+00:00","og_image":[{"url":"https:\/\/www.bedbugfoundation.org\/wp-content\/uploads\/2019\/02\/bedbug-bites-1024x803.jpg","type":"","width":"","height":""}],"twitter_card":"summary_large_image","twitter_misc":{"Dur\u00e9e de lecture estim\u00e9e":"3 minutes"},"schema":{"@context":"https:\/\/schema.org","@graph":[{"@type":"WebPage","@id":"https:\/\/www.bedbugfoundation.org\/sv\/self-help\/step-1\/","url":"https:\/\/www.bedbugfoundation.org\/sv\/self-help\/step-1\/","name":"\u00c9tape 1 : Confirmation - Fondation Bed Bug","isPartOf":{"@id":"https:\/\/www.bedbugfoundation.org\/#website"},"primaryImageOfPage":{"@id":"https:\/\/www.bedbugfoundation.org\/sv\/self-help\/step-1\/#primaryimage"},"image":{"@id":"https:\/\/www.bedbugfoundation.org\/sv\/self-help\/step-1\/#primaryimage"},"thumbnailUrl":"https:\/\/www.bedbugfoundation.org\/wp-content\/uploads\/2019\/02\/bedbug-bites-1024x803.jpg","datePublished":"2019-08-27T11:24:37+00:00","dateModified":"2021-02-17T12:06:48+00:00","breadcrumb":{"@id":"https:\/\/www.bedbugfoundation.org\/sv\/self-help\/step-1\/#breadcrumb"},"inLanguage":"fr-FR","potentialAction":[{"@type":"ReadAction","target":["https:\/\/www.bedbugfoundation.org\/sv\/self-help\/step-1\/"]}]},{"@type":"ImageObject","inLanguage":"fr-FR","@id":"https:\/\/www.bedbugfoundation.org\/sv\/self-help\/step-1\/#primaryimage","url":"https:\/\/www.bedbugfoundation.org\/wp-content\/uploads\/2019\/02\/bedbug-bites-1024x803.jpg","contentUrl":"https:\/\/www.bedbugfoundation.org\/wp-content\/uploads\/2019\/02\/bedbug-bites-1024x803.jpg"},{"@type":"BreadcrumbList","@id":"https:\/\/www.bedbugfoundation.org\/sv\/self-help\/step-1\/#breadcrumb","itemListElement":[{"@type":"ListItem","position":1,"name":"Home","item":"https:\/\/www.bedbugfoundation.org\/"},{"@type":"ListItem","position":2,"name":"Help! I think I have bed bugs!","item":"https:\/\/www.bedbugfoundation.org\/self-help\/"},{"@type":"ListItem","position":3,"name":"Step 1: Confirmation"}]},{"@type":"WebSite","@id":"https:\/\/www.bedbugfoundation.org\/#website","url":"https:\/\/www.bedbugfoundation.org\/","name":"Fondation contre les punaises de lit","description":"Accueil du Code europ\u00e9en de bonnes pratiques pour la lutte contre les punaises de lit","potentialAction":[{"@type":"SearchAction","target":{"@type":"EntryPoint","urlTemplate":"https:\/\/www.bedbugfoundation.org\/?s={search_term_string}"},"query-input":{"@type":"PropertyValueSpecification","valueRequired":true,"valueName":"search_term_string"}}],"inLanguage":"fr-FR"}]}},"_links":{"self":[{"href":"https:\/\/www.bedbugfoundation.org\/fr\/wp-json\/wp\/v2\/pages\/2294","targetHints":{"allow":["GET"]}}],"collection":[{"href":"https:\/\/www.bedbugfoundation.org\/fr\/wp-json\/wp\/v2\/pages"}],"about":[{"href":"https:\/\/www.bedbugfoundation.org\/fr\/wp-json\/wp\/v2\/types\/page"}],"author":[{"embeddable":true,"href":"https:\/\/www.bedbugfoundation.org\/fr\/wp-json\/wp\/v2\/users\/1"}],"replies":[{"embeddable":true,"href":"https:\/\/www.bedbugfoundation.org\/fr\/wp-json\/wp\/v2\/comments?post=2294"}],"version-history":[{"count":12,"href":"https:\/\/www.bedbugfoundation.org\/fr\/wp-json\/wp\/v2\/pages\/2294\/revisions"}],"predecessor-version":[{"id":8488,"href":"https:\/\/www.bedbugfoundation.org\/fr\/wp-json\/wp\/v2\/pages\/2294\/revisions\/8488"}],"up":[{"embeddable":true,"href":"https:\/\/www.bedbugfoundation.org\/fr\/wp-json\/wp\/v2\/pages\/2285"}],"wp:attachment":[{"href":"https:\/\/www.bedbugfoundation.org\/fr\/wp-json\/wp\/v2\/media?parent=2294"}],"curies":[{"name":"wp","href":"https:\/\/api.w.org\/{rel}","templated":true}]}}