{"id":6453,"date":"2020-03-02T12:58:22","date_gmt":"2020-03-02T12:58:22","guid":{"rendered":"https:\/\/www.bedbugfoundation.org\/?page_id=6453"},"modified":"2021-06-23T12:46:18","modified_gmt":"2021-06-23T11:46:18","slug":"my-teams","status":"publish","type":"page","link":"https:\/\/www.bedbugfoundation.org\/fr\/members-area\/my-teams\/","title":{"rendered":"Mes \u00e9quipes"},"content":{"rendered":"<div class=\"swpm-post-not-logged-in-msg\">Vous devez \u00eatre connect\u00e9 pour voir ce contenu. Veuillez <a class=\"swpm-login-link\" href=\"https:\/\/www.bedbugfoundation.org\/fr\/membership-login\/?swpm_redirect_to=https%3A%2F%2Fwww.bedbugfoundation.org%2Ffr%2Fwp-json%2Fwp%2Fv2%2Fpages%2F6453\">Se connecter<\/a>. Vous n'\u00eates pas membre ? <a href=\"https:\/\/www.bedbugfoundation.org\/fr\/membership-join\/\">Nous Rejoindre<\/a><\/div>","protected":false},"excerpt":{"rendered":"<p>Vous devez \u00eatre connect\u00e9 pour voir ce contenu. Veuillez vous connecter. Vous n'\u00eates pas membre ? Nous Rejoindre<\/p>","protected":false},"author":1,"featured_media":0,"parent":895,"menu_order":0,"comment_status":"closed","ping_status":"closed","template":"","meta":{"_bbp_topic_count":0,"_bbp_reply_count":0,"_bbp_total_topic_count":0,"_bbp_total_reply_count":0,"_bbp_voice_count":0,"_bbp_anonymous_reply_count":0,"_bbp_topic_count_hidden":0,"_bbp_reply_count_hidden":0,"_bbp_forum_subforum_count":0,"footnotes":""},"class_list":["post-6453","page","type-page","status-publish","hentry"],"yoast_head":"<!-- This site is optimized with the Yoast SEO plugin v27.4 - https:\/\/yoast.com\/product\/yoast-seo-wordpress\/ -->\n<title>My Teams - Bed Bug Foundation<\/title>\n<meta name=\"robots\" content=\"index, follow, max-snippet:-1, max-image-preview:large, max-video-preview:-1\" \/>\n<link rel=\"canonical\" href=\"https:\/\/www.bedbugfoundation.org\/fr\/members-area\/my-teams\/\" \/>\n<meta property=\"og:locale\" content=\"fr_FR\" \/>\n<meta property=\"og:type\" content=\"article\" \/>\n<meta property=\"og:title\" content=\"My Teams - Bed Bug Foundation\" \/>\n<meta property=\"og:description\" content=\"You need to be logged in to view this content. Veuillez Log In. Not a Member? Nous Rejoindre\" \/>\n<meta property=\"og:url\" content=\"https:\/\/www.bedbugfoundation.org\/fr\/members-area\/my-teams\/\" \/>\n<meta property=\"og:site_name\" content=\"Bed Bug Foundation\" \/>\n<meta property=\"article:modified_time\" content=\"2021-06-23T11:46:18+00:00\" \/>\n<meta name=\"twitter:card\" content=\"summary_large_image\" \/>\n<script type=\"application\/ld+json\" class=\"yoast-schema-graph\">{\"@context\":\"https:\\\/\\\/schema.org\",\"@graph\":[{\"@type\":\"WebPage\",\"@id\":\"https:\\\/\\\/www.bedbugfoundation.org\\\/members-area\\\/my-teams\\\/\",\"url\":\"https:\\\/\\\/www.bedbugfoundation.org\\\/members-area\\\/my-teams\\\/\",\"name\":\"My Teams - Bed Bug Foundation\",\"isPartOf\":{\"@id\":\"https:\\\/\\\/www.bedbugfoundation.org\\\/#website\"},\"datePublished\":\"2020-03-02T12:58:22+00:00\",\"dateModified\":\"2021-06-23T11:46:18+00:00\",\"breadcrumb\":{\"@id\":\"https:\\\/\\\/www.bedbugfoundation.org\\\/members-area\\\/my-teams\\\/#breadcrumb\"},\"inLanguage\":\"fr-FR\",\"potentialAction\":[{\"@type\":\"ReadAction\",\"target\":[\"https:\\\/\\\/www.bedbugfoundation.org\\\/members-area\\\/my-teams\\\/\"]}]},{\"@type\":\"BreadcrumbList\",\"@id\":\"https:\\\/\\\/www.bedbugfoundation.org\\\/members-area\\\/my-teams\\\/#breadcrumb\",\"itemListElement\":[{\"@type\":\"ListItem\",\"position\":1,\"name\":\"Home\",\"item\":\"https:\\\/\\\/www.bedbugfoundation.org\\\/\"},{\"@type\":\"ListItem\",\"position\":2,\"name\":\"Member&#8217;s Area\",\"item\":\"https:\\\/\\\/www.bedbugfoundation.org\\\/members-area\\\/\"},{\"@type\":\"ListItem\",\"position\":3,\"name\":\"My Teams\"}]},{\"@type\":\"WebSite\",\"@id\":\"https:\\\/\\\/www.bedbugfoundation.org\\\/#website\",\"url\":\"https:\\\/\\\/www.bedbugfoundation.org\\\/\",\"name\":\"Bed Bug Foundation\",\"description\":\"Home of the European Code of Practice for Bed Bug Management\",\"potentialAction\":[{\"@type\":\"SearchAction\",\"target\":{\"@type\":\"EntryPoint\",\"urlTemplate\":\"https:\\\/\\\/www.bedbugfoundation.org\\\/?s={search_term_string}\"},\"query-input\":{\"@type\":\"PropertyValueSpecification\",\"valueRequired\":true,\"valueName\":\"search_term_string\"}}],\"inLanguage\":\"fr-FR\"}]}<\/script>\n<!-- \/ Yoast SEO plugin. -->","yoast_head_json":{"title":"Mes \u00e9quipes - Fondation Bed Bug","robots":{"index":"index","follow":"follow","max-snippet":"max-snippet:-1","max-image-preview":"max-image-preview:large","max-video-preview":"max-video-preview:-1"},"canonical":"https:\/\/www.bedbugfoundation.org\/fr\/members-area\/my-teams\/","og_locale":"fr_FR","og_type":"article","og_title":"My Teams - Bed Bug Foundation","og_description":"You need to be logged in to view this content. Veuillez Log In. Not a Member? Nous Rejoindre","og_url":"https:\/\/www.bedbugfoundation.org\/fr\/members-area\/my-teams\/","og_site_name":"Bed Bug Foundation","article_modified_time":"2021-06-23T11:46:18+00:00","twitter_card":"summary_large_image","schema":{"@context":"https:\/\/schema.org","@graph":[{"@type":"WebPage","@id":"https:\/\/www.bedbugfoundation.org\/members-area\/my-teams\/","url":"https:\/\/www.bedbugfoundation.org\/members-area\/my-teams\/","name":"Mes \u00e9quipes - Fondation Bed Bug","isPartOf":{"@id":"https:\/\/www.bedbugfoundation.org\/#website"},"datePublished":"2020-03-02T12:58:22+00:00","dateModified":"2021-06-23T11:46:18+00:00","breadcrumb":{"@id":"https:\/\/www.bedbugfoundation.org\/members-area\/my-teams\/#breadcrumb"},"inLanguage":"fr-FR","potentialAction":[{"@type":"ReadAction","target":["https:\/\/www.bedbugfoundation.org\/members-area\/my-teams\/"]}]},{"@type":"BreadcrumbList","@id":"https:\/\/www.bedbugfoundation.org\/members-area\/my-teams\/#breadcrumb","itemListElement":[{"@type":"ListItem","position":1,"name":"Home","item":"https:\/\/www.bedbugfoundation.org\/"},{"@type":"ListItem","position":2,"name":"Member&#8217;s Area","item":"https:\/\/www.bedbugfoundation.org\/members-area\/"},{"@type":"ListItem","position":3,"name":"My Teams"}]},{"@type":"WebSite","@id":"https:\/\/www.bedbugfoundation.org\/#website","url":"https:\/\/www.bedbugfoundation.org\/","name":"Fondation contre les punaises de lit","description":"Accueil du Code europ\u00e9en de bonnes pratiques pour la lutte contre les punaises de lit","potentialAction":[{"@type":"SearchAction","target":{"@type":"EntryPoint","urlTemplate":"https:\/\/www.bedbugfoundation.org\/?s={search_term_string}"},"query-input":{"@type":"PropertyValueSpecification","valueRequired":true,"valueName":"search_term_string"}}],"inLanguage":"fr-FR"}]}},"_links":{"self":[{"href":"https:\/\/www.bedbugfoundation.org\/fr\/wp-json\/wp\/v2\/pages\/6453","targetHints":{"allow":["GET"]}}],"collection":[{"href":"https:\/\/www.bedbugfoundation.org\/fr\/wp-json\/wp\/v2\/pages"}],"about":[{"href":"https:\/\/www.bedbugfoundation.org\/fr\/wp-json\/wp\/v2\/types\/page"}],"author":[{"embeddable":true,"href":"https:\/\/www.bedbugfoundation.org\/fr\/wp-json\/wp\/v2\/users\/1"}],"replies":[{"embeddable":true,"href":"https:\/\/www.bedbugfoundation.org\/fr\/wp-json\/wp\/v2\/comments?post=6453"}],"version-history":[{"count":25,"href":"https:\/\/www.bedbugfoundation.org\/fr\/wp-json\/wp\/v2\/pages\/6453\/revisions"}],"predecessor-version":[{"id":8882,"href":"https:\/\/www.bedbugfoundation.org\/fr\/wp-json\/wp\/v2\/pages\/6453\/revisions\/8882"}],"up":[{"embeddable":true,"href":"https:\/\/www.bedbugfoundation.org\/fr\/wp-json\/wp\/v2\/pages\/895"}],"wp:attachment":[{"href":"https:\/\/www.bedbugfoundation.org\/fr\/wp-json\/wp\/v2\/media?parent=6453"}],"curies":[{"name":"wp","href":"https:\/\/api.w.org\/{rel}","templated":true}]}}