{"id":7497,"date":"2020-09-29T11:37:30","date_gmt":"2020-09-29T10:37:30","guid":{"rendered":"https:\/\/www.bedbugfoundation.org\/?page_id=7497"},"modified":"2022-10-25T11:01:35","modified_gmt":"2022-10-25T10:01:35","slug":"how-to-become-a-certified-team","status":"publish","type":"page","link":"https:\/\/www.bedbugfoundation.org\/fr\/help\/how-to-become-a-certified-team\/","title":{"rendered":"Comment devenir une \u00e9quipe certifi\u00e9e"},"content":{"rendered":"<p>Pour devenir une \u00e9quipe certifi\u00e9e par la Bed Bug Foundation, vous devez suivre les trois \u00e9tapes suivantes :<\/p>\n\n\n\n<p>\u00c9tape 1 : Adh\u00e9rer \u00e0 la Bed Bug Foundation<\/p>\n\n\n\n<div class=\"wp-block-buttons is-horizontal is-content-justification-center is-layout-flex wp-container-core-buttons-is-layout-499968f5 wp-block-buttons-is-layout-flex\">\n<div class=\"wp-block-button is-style-outline is-style-outline--1\"><a class=\"wp-block-button__link\" href=\"https:\/\/www.bedbugfoundation.org\/fr\/membership-join\/\">Rejoignez-nous<\/a><\/div>\n<\/div>\n\n\n\n<p>\u00c9tape 2 : Inscrivez votre \u00e9quipe chez nous, en fournissant des d\u00e9tails et des images claires de vous-m\u00eame et de votre (vos) chien(s)<\/p>\n\n\n\n<div class=\"wp-block-buttons is-horizontal is-content-justification-center is-layout-flex wp-container-core-buttons-is-layout-499968f5 wp-block-buttons-is-layout-flex\">\n<div class=\"wp-block-button is-style-outline is-style-outline--2\"><a class=\"wp-block-button__link\" href=\"https:\/\/www.bedbugfoundation.org\/fr\/members-area\/my-teams\/\">Mes \u00e9quipes<\/a><\/div>\n<\/div>\n\n\n\n<p>\u00c9tape 3 : S'inscrire et payer pour un \u00e9v\u00e9nement de test de certification<\/p>\n\n\n\n<div class=\"wp-block-buttons is-horizontal is-content-justification-center is-layout-flex wp-container-core-buttons-is-layout-499968f5 wp-block-buttons-is-layout-flex\">\n<div class=\"wp-block-button is-style-outline is-style-outline--3\"><a class=\"wp-block-button__link\" href=\"https:\/\/www.bedbugfoundation.org\/fr\/certification-calendar\/\">Calendrier de certification<\/a><\/div>\n<\/div>\n\n\n\n<p><\/p>","protected":false},"excerpt":{"rendered":"<p>Pour devenir une \u00e9quipe certifi\u00e9e par la Bed Bug Foundation, vous devez suivre les trois \u00e9tapes suivantes : \u00c9tape 1 : Rejoindre la Bed Bug Foundation \u00c9tape 2 : Enregistrer votre \u00e9quipe aupr\u00e8s de nous, en fournissant des d\u00e9tails et des images claires de vous et de votre ... <a href=\"https:\/\/www.bedbugfoundation.org\/fr\/help\/how-to-become-a-certified-team\/\">Continuer la lecture <span class=\"meta-nav\">\u2192<\/span><\/a><\/p>","protected":false},"author":195,"featured_media":0,"parent":7526,"menu_order":0,"comment_status":"closed","ping_status":"closed","template":"","meta":{"_bbp_topic_count":0,"_bbp_reply_count":0,"_bbp_total_topic_count":0,"_bbp_total_reply_count":0,"_bbp_voice_count":0,"_bbp_anonymous_reply_count":0,"_bbp_topic_count_hidden":0,"_bbp_reply_count_hidden":0,"_bbp_forum_subforum_count":0,"footnotes":""},"class_list":["post-7497","page","type-page","status-publish","hentry"],"yoast_head":"<!-- This site is optimized with the Yoast SEO plugin v27.5 - https:\/\/yoast.com\/product\/yoast-seo-wordpress\/ -->\n<title>How to Become a Certified Team - Bed Bug Foundation<\/title>\n<meta name=\"robots\" content=\"index, follow, max-snippet:-1, max-image-preview:large, max-video-preview:-1\" \/>\n<link rel=\"canonical\" href=\"https:\/\/www.bedbugfoundation.org\/fr\/help\/how-to-become-a-certified-team\/\" \/>\n<meta property=\"og:locale\" content=\"fr_FR\" \/>\n<meta property=\"og:type\" content=\"article\" \/>\n<meta property=\"og:title\" content=\"How to Become a Certified Team - Bed Bug Foundation\" \/>\n<meta property=\"og:description\" content=\"To become a certified team with the Bed Bug Foundation you must follow the following three steps: Step 1: Join the Bed Bug Foundation Step 2: Register your team with us, providing details and clear images of yourself and your &hellip; Continuer la lecture &rarr;\" \/>\n<meta property=\"og:url\" content=\"https:\/\/www.bedbugfoundation.org\/fr\/help\/how-to-become-a-certified-team\/\" \/>\n<meta property=\"og:site_name\" content=\"Bed Bug Foundation\" \/>\n<meta property=\"article:modified_time\" content=\"2022-10-25T10:01:35+00:00\" \/>\n<meta name=\"twitter:card\" content=\"summary_large_image\" \/>\n<meta name=\"twitter:label1\" content=\"Dur\u00e9e de lecture estim\u00e9e\" \/>\n\t<meta name=\"twitter:data1\" content=\"1 minute\" \/>\n<script type=\"application\/ld+json\" class=\"yoast-schema-graph\">{\"@context\":\"https:\\\/\\\/schema.org\",\"@graph\":[{\"@type\":\"WebPage\",\"@id\":\"https:\\\/\\\/www.bedbugfoundation.org\\\/help\\\/how-to-become-a-certified-team\\\/\",\"url\":\"https:\\\/\\\/www.bedbugfoundation.org\\\/help\\\/how-to-become-a-certified-team\\\/\",\"name\":\"How to Become a Certified Team - Bed Bug Foundation\",\"isPartOf\":{\"@id\":\"https:\\\/\\\/www.bedbugfoundation.org\\\/#website\"},\"datePublished\":\"2020-09-29T10:37:30+00:00\",\"dateModified\":\"2022-10-25T10:01:35+00:00\",\"breadcrumb\":{\"@id\":\"https:\\\/\\\/www.bedbugfoundation.org\\\/help\\\/how-to-become-a-certified-team\\\/#breadcrumb\"},\"inLanguage\":\"fr-FR\",\"potentialAction\":[{\"@type\":\"ReadAction\",\"target\":[\"https:\\\/\\\/www.bedbugfoundation.org\\\/help\\\/how-to-become-a-certified-team\\\/\"]}]},{\"@type\":\"BreadcrumbList\",\"@id\":\"https:\\\/\\\/www.bedbugfoundation.org\\\/help\\\/how-to-become-a-certified-team\\\/#breadcrumb\",\"itemListElement\":[{\"@type\":\"ListItem\",\"position\":1,\"name\":\"Home\",\"item\":\"https:\\\/\\\/www.bedbugfoundation.org\\\/\"},{\"@type\":\"ListItem\",\"position\":2,\"name\":\"Help\",\"item\":\"https:\\\/\\\/www.bedbugfoundation.org\\\/help\\\/\"},{\"@type\":\"ListItem\",\"position\":3,\"name\":\"How to Become a Certified Team\"}]},{\"@type\":\"WebSite\",\"@id\":\"https:\\\/\\\/www.bedbugfoundation.org\\\/#website\",\"url\":\"https:\\\/\\\/www.bedbugfoundation.org\\\/\",\"name\":\"Bed Bug Foundation\",\"description\":\"Home of the European Code of Practice for Bed Bug Management\",\"potentialAction\":[{\"@type\":\"SearchAction\",\"target\":{\"@type\":\"EntryPoint\",\"urlTemplate\":\"https:\\\/\\\/www.bedbugfoundation.org\\\/?s={search_term_string}\"},\"query-input\":{\"@type\":\"PropertyValueSpecification\",\"valueRequired\":true,\"valueName\":\"search_term_string\"}}],\"inLanguage\":\"fr-FR\"}]}<\/script>\n<!-- \/ Yoast SEO plugin. -->","yoast_head_json":{"title":"Comment devenir une \u00e9quipe certifi\u00e9e - Fondation Bed Bug","robots":{"index":"index","follow":"follow","max-snippet":"max-snippet:-1","max-image-preview":"max-image-preview:large","max-video-preview":"max-video-preview:-1"},"canonical":"https:\/\/www.bedbugfoundation.org\/fr\/help\/how-to-become-a-certified-team\/","og_locale":"fr_FR","og_type":"article","og_title":"How to Become a Certified Team - Bed Bug Foundation","og_description":"To become a certified team with the Bed Bug Foundation you must follow the following three steps: Step 1: Join the Bed Bug Foundation Step 2: Register your team with us, providing details and clear images of yourself and your &hellip; Continuer la lecture &rarr;","og_url":"https:\/\/www.bedbugfoundation.org\/fr\/help\/how-to-become-a-certified-team\/","og_site_name":"Bed Bug Foundation","article_modified_time":"2022-10-25T10:01:35+00:00","twitter_card":"summary_large_image","twitter_misc":{"Dur\u00e9e de lecture estim\u00e9e":"1 minute"},"schema":{"@context":"https:\/\/schema.org","@graph":[{"@type":"WebPage","@id":"https:\/\/www.bedbugfoundation.org\/help\/how-to-become-a-certified-team\/","url":"https:\/\/www.bedbugfoundation.org\/help\/how-to-become-a-certified-team\/","name":"Comment devenir une \u00e9quipe certifi\u00e9e - Fondation Bed Bug","isPartOf":{"@id":"https:\/\/www.bedbugfoundation.org\/#website"},"datePublished":"2020-09-29T10:37:30+00:00","dateModified":"2022-10-25T10:01:35+00:00","breadcrumb":{"@id":"https:\/\/www.bedbugfoundation.org\/help\/how-to-become-a-certified-team\/#breadcrumb"},"inLanguage":"fr-FR","potentialAction":[{"@type":"ReadAction","target":["https:\/\/www.bedbugfoundation.org\/help\/how-to-become-a-certified-team\/"]}]},{"@type":"BreadcrumbList","@id":"https:\/\/www.bedbugfoundation.org\/help\/how-to-become-a-certified-team\/#breadcrumb","itemListElement":[{"@type":"ListItem","position":1,"name":"Home","item":"https:\/\/www.bedbugfoundation.org\/"},{"@type":"ListItem","position":2,"name":"Help","item":"https:\/\/www.bedbugfoundation.org\/help\/"},{"@type":"ListItem","position":3,"name":"How to Become a Certified Team"}]},{"@type":"WebSite","@id":"https:\/\/www.bedbugfoundation.org\/#website","url":"https:\/\/www.bedbugfoundation.org\/","name":"Fondation contre les punaises de lit","description":"Accueil du Code europ\u00e9en de bonnes pratiques pour la lutte contre les punaises de lit","potentialAction":[{"@type":"SearchAction","target":{"@type":"EntryPoint","urlTemplate":"https:\/\/www.bedbugfoundation.org\/?s={search_term_string}"},"query-input":{"@type":"PropertyValueSpecification","valueRequired":true,"valueName":"search_term_string"}}],"inLanguage":"fr-FR"}]}},"_links":{"self":[{"href":"https:\/\/www.bedbugfoundation.org\/fr\/wp-json\/wp\/v2\/pages\/7497","targetHints":{"allow":["GET"]}}],"collection":[{"href":"https:\/\/www.bedbugfoundation.org\/fr\/wp-json\/wp\/v2\/pages"}],"about":[{"href":"https:\/\/www.bedbugfoundation.org\/fr\/wp-json\/wp\/v2\/types\/page"}],"author":[{"embeddable":true,"href":"https:\/\/www.bedbugfoundation.org\/fr\/wp-json\/wp\/v2\/users\/195"}],"replies":[{"embeddable":true,"href":"https:\/\/www.bedbugfoundation.org\/fr\/wp-json\/wp\/v2\/comments?post=7497"}],"version-history":[{"count":11,"href":"https:\/\/www.bedbugfoundation.org\/fr\/wp-json\/wp\/v2\/pages\/7497\/revisions"}],"predecessor-version":[{"id":9401,"href":"https:\/\/www.bedbugfoundation.org\/fr\/wp-json\/wp\/v2\/pages\/7497\/revisions\/9401"}],"up":[{"embeddable":true,"href":"https:\/\/www.bedbugfoundation.org\/fr\/wp-json\/wp\/v2\/pages\/7526"}],"wp:attachment":[{"href":"https:\/\/www.bedbugfoundation.org\/fr\/wp-json\/wp\/v2\/media?parent=7497"}],"curies":[{"name":"wp","href":"https:\/\/api.w.org\/{rel}","templated":true}]}}