{"id":8,"date":"2012-12-19T22:06:45","date_gmt":"2012-12-19T22:06:45","guid":{"rendered":"http:\/\/bedbugfoundation.org\/?page_id=8"},"modified":"2021-08-24T11:16:00","modified_gmt":"2021-08-24T10:16:00","slug":"contact","status":"publish","type":"page","link":"https:\/\/www.bedbugfoundation.org\/fr\/contact\/","title":{"rendered":"Contactez"},"content":{"rendered":"<p>Pour les demandes de renseignements g\u00e9n\u00e9raux, veuillez envoyer un courriel : <a href=\"mailto:help@bedbugfoundation.org\">help@bedbugfoundation.org<\/a><\/p>\n\n\n\n<p>Pour les demandes relatives \u00e0 la formation et \u00e0 la certification des chiens d\u00e9tecteurs de punaises de lit, veuillez envoyer un courriel \u00e0 <a href=\"mailto:larry@bedbugfoundation.org\">larry@bedbugfoundation.org<\/a><\/p>\n\n\n\n<p class=\"has-text-align-center\"><strong><span style=\"text-decoration: underline;\">D\u00e9tails de l'activit\u00e9 de la fondation<\/span><\/strong><\/p>\n\n\n\n<p>Fondation Bed Bug CIC (<strong>12231220<\/strong>) est une fondation \u00e0 but non lucratif, qui se consacre \u00e0 l'am\u00e9lioration des normes en mati\u00e8re de d\u00e9tection et de gestion des punaises de lit.<\/p>\n\n\n\n<p><strong>Adresse commerciale enregistr\u00e9e :<\/strong> Bed Bug Foundation CIC, Prior's Loft, Coleford Road, Tidenham, Chepstow, Monmouthshire, NP16 7JD, Royaume-Uni.<\/p>\n\n\n\n<p><strong>T\u00e9l\u00e9phone :<\/strong> +44 1291 622409<\/p>\n\n\n\n<p class=\"has-text-align-center\"><strong><span style=\"text-decoration: underline;\">Repr\u00e9sentants des pays<\/span><\/strong><\/p>\n\n\n<style type=\"text\/css\">\n#foogallery-gallery-8301 .fg-image { width: 150px; }\n#foogallery-gallery-8301 { --fg-gutter: 10px; }<\/style>\n\t\t\t<div class=\"foogallery foogallery-container foogallery-default foogallery-lightbox-foobox fg-center fg-default fg-ready fg-light fg-border-medium fg-round-medium fg-shadow-outline fg-loading-default fg-loaded-fade-in fg-caption-always fg-hover-fade fg-hover-external\" id=\"foogallery-gallery-8301\" data-foogallery=\"{&quot;item&quot;:{&quot;showCaptionTitle&quot;:true,&quot;showCaptionDescription&quot;:true},&quot;lazy&quot;:true}\" style=\"--fg-title-line-clamp: 0; --fg-description-line-clamp: 0;\" >\n\t<div class=\"fg-item fg-type-iframe fg-idle\"><figure class=\"fg-item-inner\"><a href=\"https:\/\/www.bedbugfoundation.org\/fr\/stefan-hedin\/\" data-caption-title=\"Stefan Hedin\" data-caption-desc=\"Sweden\" data-attachment-id=\"8305\" data-type=\"iframe\" class=\"fg-thumb\"><span class=\"fg-image-wrap\"><img decoding=\"async\" alt=\"Stefan Hedin\" title=\"Stefan Hedin\" width=\"150\" height=\"240\" class=\"skip-lazy fg-image\" data-src-fg=\"https:\/\/www.bedbugfoundation.org\/wp-content\/uploads\/cache\/2021\/02\/Stefan-Hedin-3\/2555446174.jpg\" src=\"data:image\/svg+xml,%3Csvg%20xmlns%3D%22http%3A%2F%2Fwww.w3.org%2F2000%2Fsvg%22%20width%3D%22150%22%20height%3D%22240%22%20viewBox%3D%220%200%20150%20240%22%3E%3C%2Fsvg%3E\" loading=\"eager\"><\/span><span class=\"fg-image-overlay\"><\/span><\/a><figcaption class=\"fg-caption\"><div class=\"fg-caption-inner\"><div class=\"fg-caption-title\">Stefan Hedin<\/div><div class=\"fg-caption-desc\">Su\u00e8de<\/div><\/div><\/figcaption><\/figure><div class=\"fg-loader\"><\/div><\/div><div class=\"fg-item fg-type-iframe fg-idle\"><figure class=\"fg-item-inner\"><a href=\"https:\/\/www.bedbugfoundation.org\/fr\/brian-leith\/\" data-caption-title=\"Brian Leith\" data-caption-desc=\"UK\" data-attachment-id=\"8318\" data-type=\"iframe\" class=\"fg-thumb\"><span class=\"fg-image-wrap\"><img decoding=\"async\" alt=\"Brian Leith\" title=\"Brian Leith\" width=\"150\" height=\"240\" class=\"skip-lazy fg-image\" data-src-fg=\"https:\/\/www.bedbugfoundation.org\/wp-content\/uploads\/cache\/2021\/02\/Brian-Leith-4\/2317862614.jpg\" src=\"data:image\/svg+xml,%3Csvg%20xmlns%3D%22http%3A%2F%2Fwww.w3.org%2F2000%2Fsvg%22%20width%3D%22150%22%20height%3D%22240%22%20viewBox%3D%220%200%20150%20240%22%3E%3C%2Fsvg%3E\" loading=\"eager\"><\/span><span class=\"fg-image-overlay\"><\/span><\/a><figcaption class=\"fg-caption\"><div class=\"fg-caption-inner\"><div class=\"fg-caption-title\">Brian Leith<\/div><div class=\"fg-caption-desc\">ROYAUME-UNI<\/div><\/div><\/figcaption><\/figure><div class=\"fg-loader\"><\/div><\/div><div class=\"fg-item fg-type-iframe fg-idle\"><figure class=\"fg-item-inner\"><a href=\"https:\/\/www.bedbugfoundation.org\/fr\/michele-brandenburger\/\" data-caption-title=\"Mich\u00e8le Brandenburger\" data-caption-desc=\"Swtizerland\" data-attachment-id=\"9440\" data-type=\"iframe\" class=\"fg-thumb\"><span class=\"fg-image-wrap\"><img decoding=\"async\" alt=\"Mich\u00e8le Brandenburger\" title=\"Mich\u00e8le Brandenburger\" width=\"150\" height=\"240\" class=\"skip-lazy fg-image\" data-src-fg=\"https:\/\/www.bedbugfoundation.org\/wp-content\/uploads\/cache\/2022\/11\/jolie_plus-michle_brandenburger_portrait-3_ratio_35x45\/4050143464.webp\" src=\"data:image\/svg+xml,%3Csvg%20xmlns%3D%22http%3A%2F%2Fwww.w3.org%2F2000%2Fsvg%22%20width%3D%22150%22%20height%3D%22240%22%20viewBox%3D%220%200%20150%20240%22%3E%3C%2Fsvg%3E\" loading=\"eager\"><\/span><span class=\"fg-image-overlay\"><\/span><\/a><figcaption class=\"fg-caption\"><div class=\"fg-caption-inner\"><div class=\"fg-caption-title\">Mich\u00e8le Brandenburger<\/div><div class=\"fg-caption-desc\">Suisse<\/div><\/div><\/figcaption><\/figure><div class=\"fg-loader\"><\/div><\/div><div class=\"fg-item fg-type-iframe fg-idle\"><figure class=\"fg-item-inner\"><a href=\"https:\/\/www.bedbugfoundation.org\/fr\/who-are-we\/the-canine-leadership\/maylen-gare\/\" data-caption-title=\"Maylen Gare\" data-caption-desc=\"Norway\" data-attachment-id=\"9601\" data-type=\"iframe\" class=\"fg-thumb\"><span class=\"fg-image-wrap\"><img decoding=\"async\" alt=\"Maylen Gare\" title=\"Maylen Gare\" width=\"150\" height=\"240\" class=\"skip-lazy fg-image\" data-src-fg=\"https:\/\/www.bedbugfoundation.org\/wp-content\/uploads\/cache\/2021\/02\/Maylen-scaled-e1682520000824\/3809416607.jpeg\" src=\"data:image\/svg+xml,%3Csvg%20xmlns%3D%22http%3A%2F%2Fwww.w3.org%2F2000%2Fsvg%22%20width%3D%22150%22%20height%3D%22240%22%20viewBox%3D%220%200%20150%20240%22%3E%3C%2Fsvg%3E\" loading=\"eager\"><\/span><span class=\"fg-image-overlay\"><\/span><\/a><figcaption class=\"fg-caption\"><div class=\"fg-caption-inner\"><div class=\"fg-caption-title\">Maylen Gare<\/div><div class=\"fg-caption-desc\">Norv\u00e8ge<\/div><\/div><\/figcaption><\/figure><div class=\"fg-loader\"><\/div><\/div><div class=\"fg-item fg-type-iframe fg-idle\"><figure class=\"fg-item-inner\"><a href=\"https:\/\/www.bedbugfoundation.org\/fr\/who-are-we\/the-canine-leadership\/thomas-fiecha\/\" data-caption-title=\"Thomas Fiecha\" data-caption-desc=\"France\" data-attachment-id=\"9992\" data-type=\"iframe\" class=\"fg-thumb\"><span class=\"fg-image-wrap\"><img decoding=\"async\" alt=\"Thomas Fiecha\" title=\"Thomas Fiecha\" width=\"150\" height=\"240\" class=\"skip-lazy fg-image\" data-src-fg=\"https:\/\/www.bedbugfoundation.org\/wp-content\/uploads\/cache\/2021\/02\/Thomas-Fiecha-e1709202645963\/3903434322.png\" src=\"data:image\/svg+xml,%3Csvg%20xmlns%3D%22http%3A%2F%2Fwww.w3.org%2F2000%2Fsvg%22%20width%3D%22150%22%20height%3D%22240%22%20viewBox%3D%220%200%20150%20240%22%3E%3C%2Fsvg%3E\" loading=\"eager\"><\/span><span class=\"fg-image-overlay\"><\/span><\/a><figcaption class=\"fg-caption\"><div class=\"fg-caption-inner\"><div class=\"fg-caption-title\">Thomas Fiecha<\/div><div class=\"fg-caption-desc\">France<\/div><\/div><\/figcaption><\/figure><div class=\"fg-loader\"><\/div><\/div><div class=\"fg-item fg-type-iframe fg-idle\"><figure class=\"fg-item-inner\"><a href=\"https:\/\/www.bedbugfoundation.org\/fr\/achim-schroeder\/\" data-caption-title=\"Achim Schroeder\" data-caption-desc=\"Germany\" data-attachment-id=\"10034\" data-type=\"iframe\" class=\"fg-thumb\"><span class=\"fg-image-wrap\"><img decoding=\"async\" alt=\"Achim Schroeder\" title=\"Achim Schroeder\" width=\"150\" height=\"240\" class=\"skip-lazy fg-image\" data-src-fg=\"https:\/\/www.bedbugfoundation.org\/wp-content\/uploads\/cache\/2021\/02\/Achim-Schroeder\/1513491380.jpg\" src=\"data:image\/svg+xml,%3Csvg%20xmlns%3D%22http%3A%2F%2Fwww.w3.org%2F2000%2Fsvg%22%20width%3D%22150%22%20height%3D%22240%22%20viewBox%3D%220%200%20150%20240%22%3E%3C%2Fsvg%3E\" loading=\"eager\"><\/span><span class=\"fg-image-overlay\"><\/span><\/a><figcaption class=\"fg-caption\"><div class=\"fg-caption-inner\"><div class=\"fg-caption-title\">Achim Schroeder<\/div><div class=\"fg-caption-desc\">Allemagne<\/div><\/div><\/figcaption><\/figure><div class=\"fg-loader\"><\/div><\/div><\/div>","protected":false},"excerpt":{"rendered":"<p>Pour toute question d'ordre g\u00e9n\u00e9ral, veuillez envoyer un courriel \u00e0 l'adresse suivante : help@bedbugfoundation.org Pour toute question relative \u00e0 la formation et \u00e0 la certification des chiens anti-punaises de lit, veuillez envoyer un courriel \u00e0 l'adresse suivante : larry@bedbugfoundation.org Fondation D\u00e9tails de l'activit\u00e9 Bed Bug Foundation CIC (12231220) est une fondation \u00e0 but non lucratif, qui se consacre \u00e0 l'am\u00e9lioration des normes de d\u00e9tection et ... <a href=\"https:\/\/www.bedbugfoundation.org\/fr\/contact\/\">Continuer la lecture <span class=\"meta-nav\">\u2192<\/span><\/a><\/p>","protected":false},"author":1,"featured_media":0,"parent":0,"menu_order":0,"comment_status":"closed","ping_status":"closed","template":"","meta":{"_bbp_topic_count":0,"_bbp_reply_count":0,"_bbp_total_topic_count":0,"_bbp_total_reply_count":0,"_bbp_voice_count":0,"_bbp_anonymous_reply_count":0,"_bbp_topic_count_hidden":0,"_bbp_reply_count_hidden":0,"_bbp_forum_subforum_count":0,"footnotes":""},"class_list":["post-8","page","type-page","status-publish","hentry"],"yoast_head":"<!-- This site is optimized with the Yoast SEO plugin v27.4 - https:\/\/yoast.com\/product\/yoast-seo-wordpress\/ -->\n<title>Contact - Bed Bug Foundation<\/title>\n<meta name=\"robots\" content=\"index, follow, max-snippet:-1, max-image-preview:large, max-video-preview:-1\" \/>\n<link rel=\"canonical\" href=\"https:\/\/www.bedbugfoundation.org\/fr\/contact\/\" \/>\n<meta property=\"og:locale\" content=\"fr_FR\" \/>\n<meta property=\"og:type\" content=\"article\" \/>\n<meta property=\"og:title\" content=\"Contact - Bed Bug Foundation\" \/>\n<meta property=\"og:description\" content=\"For general enquiries, please email: help@bedbugfoundation.org For enquiries relating to training and certification of bed bug dogs, please email larry@bedbugfoundation.org Foundation Buisness Details Bed Bug Foundation CIC (12231220) is a not-for-profit foundation, dedicated to raising standards in the detection and &hellip; Continuer la lecture &rarr;\" \/>\n<meta property=\"og:url\" content=\"https:\/\/www.bedbugfoundation.org\/fr\/contact\/\" \/>\n<meta property=\"og:site_name\" content=\"Bed Bug Foundation\" \/>\n<meta property=\"article:modified_time\" content=\"2021-08-24T10:16:00+00:00\" \/>\n<meta name=\"twitter:card\" content=\"summary_large_image\" \/>\n<meta name=\"twitter:label1\" content=\"Dur\u00e9e de lecture estim\u00e9e\" \/>\n\t<meta name=\"twitter:data1\" content=\"1 minute\" \/>\n<script type=\"application\/ld+json\" class=\"yoast-schema-graph\">{\"@context\":\"https:\\\/\\\/schema.org\",\"@graph\":[{\"@type\":[\"WebPage\",\"ContactPage\"],\"@id\":\"https:\\\/\\\/www.bedbugfoundation.org\\\/contact\\\/\",\"url\":\"https:\\\/\\\/www.bedbugfoundation.org\\\/contact\\\/\",\"name\":\"Contact - Bed Bug Foundation\",\"isPartOf\":{\"@id\":\"https:\\\/\\\/www.bedbugfoundation.org\\\/#website\"},\"datePublished\":\"2012-12-19T22:06:45+00:00\",\"dateModified\":\"2021-08-24T10:16:00+00:00\",\"breadcrumb\":{\"@id\":\"https:\\\/\\\/www.bedbugfoundation.org\\\/contact\\\/#breadcrumb\"},\"inLanguage\":\"fr-FR\",\"potentialAction\":[{\"@type\":\"ReadAction\",\"target\":[\"https:\\\/\\\/www.bedbugfoundation.org\\\/contact\\\/\"]}]},{\"@type\":\"BreadcrumbList\",\"@id\":\"https:\\\/\\\/www.bedbugfoundation.org\\\/contact\\\/#breadcrumb\",\"itemListElement\":[{\"@type\":\"ListItem\",\"position\":1,\"name\":\"Home\",\"item\":\"https:\\\/\\\/www.bedbugfoundation.org\\\/\"},{\"@type\":\"ListItem\",\"position\":2,\"name\":\"Contact\"}]},{\"@type\":\"WebSite\",\"@id\":\"https:\\\/\\\/www.bedbugfoundation.org\\\/#website\",\"url\":\"https:\\\/\\\/www.bedbugfoundation.org\\\/\",\"name\":\"Bed Bug Foundation\",\"description\":\"Home of the European Code of Practice for Bed Bug Management\",\"potentialAction\":[{\"@type\":\"SearchAction\",\"target\":{\"@type\":\"EntryPoint\",\"urlTemplate\":\"https:\\\/\\\/www.bedbugfoundation.org\\\/?s={search_term_string}\"},\"query-input\":{\"@type\":\"PropertyValueSpecification\",\"valueRequired\":true,\"valueName\":\"search_term_string\"}}],\"inLanguage\":\"fr-FR\"}]}<\/script>\n<!-- \/ Yoast SEO plugin. -->","yoast_head_json":{"title":"Contact - Fondation Bed Bug","robots":{"index":"index","follow":"follow","max-snippet":"max-snippet:-1","max-image-preview":"max-image-preview:large","max-video-preview":"max-video-preview:-1"},"canonical":"https:\/\/www.bedbugfoundation.org\/fr\/contact\/","og_locale":"fr_FR","og_type":"article","og_title":"Contact - Bed Bug Foundation","og_description":"For general enquiries, please email: help@bedbugfoundation.org For enquiries relating to training and certification of bed bug dogs, please email larry@bedbugfoundation.org Foundation Buisness Details Bed Bug Foundation CIC (12231220) is a not-for-profit foundation, dedicated to raising standards in the detection and &hellip; Continuer la lecture &rarr;","og_url":"https:\/\/www.bedbugfoundation.org\/fr\/contact\/","og_site_name":"Bed Bug Foundation","article_modified_time":"2021-08-24T10:16:00+00:00","twitter_card":"summary_large_image","twitter_misc":{"Dur\u00e9e de lecture estim\u00e9e":"1 minute"},"schema":{"@context":"https:\/\/schema.org","@graph":[{"@type":["WebPage","ContactPage"],"@id":"https:\/\/www.bedbugfoundation.org\/contact\/","url":"https:\/\/www.bedbugfoundation.org\/contact\/","name":"Contact - Fondation Bed Bug","isPartOf":{"@id":"https:\/\/www.bedbugfoundation.org\/#website"},"datePublished":"2012-12-19T22:06:45+00:00","dateModified":"2021-08-24T10:16:00+00:00","breadcrumb":{"@id":"https:\/\/www.bedbugfoundation.org\/contact\/#breadcrumb"},"inLanguage":"fr-FR","potentialAction":[{"@type":"ReadAction","target":["https:\/\/www.bedbugfoundation.org\/contact\/"]}]},{"@type":"BreadcrumbList","@id":"https:\/\/www.bedbugfoundation.org\/contact\/#breadcrumb","itemListElement":[{"@type":"ListItem","position":1,"name":"Home","item":"https:\/\/www.bedbugfoundation.org\/"},{"@type":"ListItem","position":2,"name":"Contact"}]},{"@type":"WebSite","@id":"https:\/\/www.bedbugfoundation.org\/#website","url":"https:\/\/www.bedbugfoundation.org\/","name":"Fondation contre les punaises de lit","description":"Accueil du Code europ\u00e9en de bonnes pratiques pour la lutte contre les punaises de lit","potentialAction":[{"@type":"SearchAction","target":{"@type":"EntryPoint","urlTemplate":"https:\/\/www.bedbugfoundation.org\/?s={search_term_string}"},"query-input":{"@type":"PropertyValueSpecification","valueRequired":true,"valueName":"search_term_string"}}],"inLanguage":"fr-FR"}]}},"_links":{"self":[{"href":"https:\/\/www.bedbugfoundation.org\/fr\/wp-json\/wp\/v2\/pages\/8","targetHints":{"allow":["GET"]}}],"collection":[{"href":"https:\/\/www.bedbugfoundation.org\/fr\/wp-json\/wp\/v2\/pages"}],"about":[{"href":"https:\/\/www.bedbugfoundation.org\/fr\/wp-json\/wp\/v2\/types\/page"}],"author":[{"embeddable":true,"href":"https:\/\/www.bedbugfoundation.org\/fr\/wp-json\/wp\/v2\/users\/1"}],"replies":[{"embeddable":true,"href":"https:\/\/www.bedbugfoundation.org\/fr\/wp-json\/wp\/v2\/comments?post=8"}],"version-history":[{"count":13,"href":"https:\/\/www.bedbugfoundation.org\/fr\/wp-json\/wp\/v2\/pages\/8\/revisions"}],"predecessor-version":[{"id":8961,"href":"https:\/\/www.bedbugfoundation.org\/fr\/wp-json\/wp\/v2\/pages\/8\/revisions\/8961"}],"wp:attachment":[{"href":"https:\/\/www.bedbugfoundation.org\/fr\/wp-json\/wp\/v2\/media?parent=8"}],"curies":[{"name":"wp","href":"https:\/\/api.w.org\/{rel}","templated":true}]}}