{"id":8281,"date":"2021-02-10T15:22:49","date_gmt":"2021-02-10T15:22:49","guid":{"rendered":"https:\/\/www.bedbugfoundation.org\/?page_id=8281"},"modified":"2023-12-13T09:30:27","modified_gmt":"2023-12-13T09:30:27","slug":"brian-leith","status":"publish","type":"page","link":"https:\/\/www.bedbugfoundation.org\/fr\/who-are-we\/the-canine-leadership\/brian-leith\/","title":{"rendered":"Brian Leith"},"content":{"rendered":"<p><strong>Courrier \u00e9lectronique : <\/strong><a href=\"mailto:BDLCanineServices@outlook.com\">BDLCanineServices@outlook.com<\/a><\/p>\n\n\n<div class=\"wp-block-image\">\n<figure class=\"alignright size-large is-resized\"><a href=\"https:\/\/www.bedbugfoundation.org\/wp-content\/uploads\/2021\/02\/Brian-Leith-1.jpg\"><img loading=\"lazy\" decoding=\"async\" width=\"1024\" height=\"845\" src=\"https:\/\/www.bedbugfoundation.org\/wp-content\/uploads\/2021\/02\/Brian-Leith-1-1024x845.jpg\" alt=\"\" class=\"wp-image-8283\" style=\"width:256px;height:211px\" srcset=\"https:\/\/www.bedbugfoundation.org\/wp-content\/uploads\/2021\/02\/Brian-Leith-1-1024x845.jpg 1024w, https:\/\/www.bedbugfoundation.org\/wp-content\/uploads\/2021\/02\/Brian-Leith-1-300x248.jpg 300w, https:\/\/www.bedbugfoundation.org\/wp-content\/uploads\/2021\/02\/Brian-Leith-1-768x634.jpg 768w, https:\/\/www.bedbugfoundation.org\/wp-content\/uploads\/2021\/02\/Brian-Leith-1-1536x1267.jpg 1536w, https:\/\/www.bedbugfoundation.org\/wp-content\/uploads\/2021\/02\/Brian-Leith-1-16x12.jpg 16w, https:\/\/www.bedbugfoundation.org\/wp-content\/uploads\/2021\/02\/Brian-Leith-1-364x300.jpg 364w, https:\/\/www.bedbugfoundation.org\/wp-content\/uploads\/2021\/02\/Brian-Leith-1-73x60.jpg 73w, https:\/\/www.bedbugfoundation.org\/wp-content\/uploads\/2021\/02\/Brian-Leith-1-109x90.jpg 109w, https:\/\/www.bedbugfoundation.org\/wp-content\/uploads\/2021\/02\/Brian-Leith-1.jpg 1926w\" sizes=\"auto, (max-width: 1024px) 100vw, 1024px\" \/><\/a><\/figure>\n<\/div>\n\n\n<p>Pendant mon service dans la police de la Royal Air Force, j'ai obtenu le titre de ma\u00eetre-chien militaire.  Au fil de ma carri\u00e8re et des promotions, je me suis qualifi\u00e9 et j'ai exerc\u00e9 diverses autres fonctions, notamment dans le domaine des enqu\u00eates sp\u00e9ciales en suivant plusieurs cours de formation de la police civile, du contre-espionnage, des fonctions d'instructeur et de la s\u00e9curit\u00e9 du transport a\u00e9rien.  Toutes ces fonctions m'ont donn\u00e9 l'occasion de voyager dans le monde entier, dans des endroits agr\u00e9ables et moins agr\u00e9ables !  Cependant, j'ai r\u00e9ussi \u00e0 participer activement \u00e0 la formation des chiens et j'ai eu la responsabilit\u00e9 g\u00e9n\u00e9rale des sections canines.<\/p>\n\n\n\n<p>En quittant l'arm\u00e9e, j'ai \u00e9t\u00e9 form\u00e9 et j'ai effectu\u00e9 des t\u00e2ches op\u00e9rationnelles dans le domaine de la d\u00e9tection d'explosifs et de drogues sur les chiens, o\u00f9 j'ai travaill\u00e9 avec succ\u00e8s lors d'\u00e9v\u00e9nements de haut niveau, notamment les Jeux olympiques de Londres et Royal Ascot.  J'ai obtenu ma qualification d'enseignant (PTLLS) et j'ai \u00e9t\u00e9 fortement impliqu\u00e9 dans la formation initiale et continue des chiens et des ma\u00eetres-chiens dans diverses disciplines.<\/p>\n\n\n\n<p>J'ai suivi une formation de ma\u00eetre-chien pour la d\u00e9tection des punaises de lit il y a pr\u00e8s de dix ans et, en plus de la formation des chiens et des ma\u00eetres-chiens, j'ai \u00e9t\u00e9 pleinement op\u00e9rationnel pour effectuer des recherches dans divers endroits du Royaume-Uni, notamment dans des h\u00f4tels, des foyers, des maisons de soins, des centres d'aventure pour enfants, des logements sociaux, des r\u00e9sidences priv\u00e9es et des centres de d\u00e9tention. Je suis r\u00e9cemment devenu \u00e9valuateur pour la Bed Bug Foundation (BBF) et je viens de commencer dans le nouveau r\u00f4le de repr\u00e9sentant de la BBF pour le Royaume-Uni.  J'ai h\u00e2te d'exercer ces deux fonctions.<\/p>\n\n\n\n<p>J'aime travailler avec les chiens, acqu\u00e9rir de nouvelles comp\u00e9tences et former des ma\u00eetres-chiens.  J'ai approfondi mes connaissances en entreprenant r\u00e9cemment et j'ai obtenu un dipl\u00f4me de base en sciences, \u00e9tudes canines (avec distinction).<\/p>\n\n\n\n<p>Je suis impliqu\u00e9 dans le BBF car je pense que c'est une organisation qui est d\u00e9termin\u00e9e et qui, gr\u00e2ce \u00e0 des \u00e9valuations ind\u00e9pendantes, peut garantir que ses \u00e9quipes cynophiles sont r\u00e9put\u00e9es et de haut niveau.  Toutefois, cela ne peut se faire qu'avec une formation initiale et continue correcte. &nbsp;<\/p>","protected":false},"excerpt":{"rendered":"<p>Email: BDLCanineServices@outlook.com Whilst serving in the Royal Air Force Police I qualified as a military dog handler. &nbsp;As my career progressed and with promotions, I qualified and carried out various other roles including, Special Investigations undertaking several Civilian Police training &hellip; <a href=\"https:\/\/www.bedbugfoundation.org\/fr\/who-are-we\/the-canine-leadership\/brian-leith\/\">Continuer la lecture <span class=\"meta-nav\">\u2192<\/span><\/a><\/p>","protected":false},"author":195,"featured_media":0,"parent":8297,"menu_order":0,"comment_status":"closed","ping_status":"closed","template":"","meta":{"_bbp_topic_count":0,"_bbp_reply_count":0,"_bbp_total_topic_count":0,"_bbp_total_reply_count":0,"_bbp_voice_count":0,"_bbp_anonymous_reply_count":0,"_bbp_topic_count_hidden":0,"_bbp_reply_count_hidden":0,"_bbp_forum_subforum_count":0,"footnotes":""},"class_list":["post-8281","page","type-page","status-publish","hentry"],"yoast_head":"<!-- This site is optimized with the Yoast SEO plugin v27.5 - https:\/\/yoast.com\/product\/yoast-seo-wordpress\/ -->\n<title>Brian Leith - Bed Bug Foundation<\/title>\n<meta name=\"robots\" content=\"index, follow, max-snippet:-1, max-image-preview:large, max-video-preview:-1\" \/>\n<link rel=\"canonical\" href=\"https:\/\/www.bedbugfoundation.org\/fr\/who-are-we\/the-canine-leadership\/brian-leith\/\" \/>\n<meta property=\"og:locale\" content=\"fr_FR\" \/>\n<meta property=\"og:type\" content=\"article\" \/>\n<meta property=\"og:title\" content=\"Brian Leith - Bed Bug Foundation\" \/>\n<meta property=\"og:description\" content=\"Email: BDLCanineServices@outlook.com Whilst serving in the Royal Air Force Police I qualified as a military dog handler. &nbsp;As my career progressed and with promotions, I qualified and carried out various other roles including, Special Investigations undertaking several Civilian Police training &hellip; Continuer la lecture &rarr;\" \/>\n<meta property=\"og:url\" content=\"https:\/\/www.bedbugfoundation.org\/fr\/who-are-we\/the-canine-leadership\/brian-leith\/\" \/>\n<meta property=\"og:site_name\" content=\"Bed Bug Foundation\" \/>\n<meta property=\"article:modified_time\" content=\"2023-12-13T09:30:27+00:00\" \/>\n<meta property=\"og:image\" content=\"https:\/\/www.bedbugfoundation.org\/wp-content\/uploads\/2021\/02\/Brian-Leith-1-1024x845.jpg\" \/>\n<meta name=\"twitter:card\" content=\"summary_large_image\" \/>\n<meta name=\"twitter:label1\" content=\"Dur\u00e9e de lecture estim\u00e9e\" \/>\n\t<meta name=\"twitter:data1\" content=\"2 minutes\" \/>\n<script type=\"application\/ld+json\" class=\"yoast-schema-graph\">{\"@context\":\"https:\\\/\\\/schema.org\",\"@graph\":[{\"@type\":\"WebPage\",\"@id\":\"https:\\\/\\\/www.bedbugfoundation.org\\\/who-are-we\\\/the-canine-leadership\\\/brian-leith\\\/\",\"url\":\"https:\\\/\\\/www.bedbugfoundation.org\\\/who-are-we\\\/the-canine-leadership\\\/brian-leith\\\/\",\"name\":\"Brian Leith - Bed Bug Foundation\",\"isPartOf\":{\"@id\":\"https:\\\/\\\/www.bedbugfoundation.org\\\/#website\"},\"primaryImageOfPage\":{\"@id\":\"https:\\\/\\\/www.bedbugfoundation.org\\\/who-are-we\\\/the-canine-leadership\\\/brian-leith\\\/#primaryimage\"},\"image\":{\"@id\":\"https:\\\/\\\/www.bedbugfoundation.org\\\/who-are-we\\\/the-canine-leadership\\\/brian-leith\\\/#primaryimage\"},\"thumbnailUrl\":\"https:\\\/\\\/www.bedbugfoundation.org\\\/wp-content\\\/uploads\\\/2021\\\/02\\\/Brian-Leith-1-1024x845.jpg\",\"datePublished\":\"2021-02-10T15:22:49+00:00\",\"dateModified\":\"2023-12-13T09:30:27+00:00\",\"breadcrumb\":{\"@id\":\"https:\\\/\\\/www.bedbugfoundation.org\\\/who-are-we\\\/the-canine-leadership\\\/brian-leith\\\/#breadcrumb\"},\"inLanguage\":\"fr-FR\",\"potentialAction\":[{\"@type\":\"ReadAction\",\"target\":[\"https:\\\/\\\/www.bedbugfoundation.org\\\/who-are-we\\\/the-canine-leadership\\\/brian-leith\\\/\"]}]},{\"@type\":\"ImageObject\",\"inLanguage\":\"fr-FR\",\"@id\":\"https:\\\/\\\/www.bedbugfoundation.org\\\/who-are-we\\\/the-canine-leadership\\\/brian-leith\\\/#primaryimage\",\"url\":\"https:\\\/\\\/www.bedbugfoundation.org\\\/wp-content\\\/uploads\\\/2021\\\/02\\\/Brian-Leith-1-1024x845.jpg\",\"contentUrl\":\"https:\\\/\\\/www.bedbugfoundation.org\\\/wp-content\\\/uploads\\\/2021\\\/02\\\/Brian-Leith-1-1024x845.jpg\"},{\"@type\":\"BreadcrumbList\",\"@id\":\"https:\\\/\\\/www.bedbugfoundation.org\\\/who-are-we\\\/the-canine-leadership\\\/brian-leith\\\/#breadcrumb\",\"itemListElement\":[{\"@type\":\"ListItem\",\"position\":1,\"name\":\"Home\",\"item\":\"https:\\\/\\\/www.bedbugfoundation.org\\\/\"},{\"@type\":\"ListItem\",\"position\":2,\"name\":\"Who Are We?\",\"item\":\"https:\\\/\\\/www.bedbugfoundation.org\\\/who-are-we\\\/\"},{\"@type\":\"ListItem\",\"position\":3,\"name\":\"Canine Leadership\",\"item\":\"https:\\\/\\\/www.bedbugfoundation.org\\\/fr\\\/who-are-we\\\/the-canine-leadership\\\/\"},{\"@type\":\"ListItem\",\"position\":4,\"name\":\"Brian Leith\"}]},{\"@type\":\"WebSite\",\"@id\":\"https:\\\/\\\/www.bedbugfoundation.org\\\/#website\",\"url\":\"https:\\\/\\\/www.bedbugfoundation.org\\\/\",\"name\":\"Bed Bug Foundation\",\"description\":\"Home of the European Code of Practice for Bed Bug Management\",\"potentialAction\":[{\"@type\":\"SearchAction\",\"target\":{\"@type\":\"EntryPoint\",\"urlTemplate\":\"https:\\\/\\\/www.bedbugfoundation.org\\\/?s={search_term_string}\"},\"query-input\":{\"@type\":\"PropertyValueSpecification\",\"valueRequired\":true,\"valueName\":\"search_term_string\"}}],\"inLanguage\":\"fr-FR\"}]}<\/script>\n<!-- \/ Yoast SEO plugin. -->","yoast_head_json":{"title":"Brian Leith - Fondation Bed Bug","robots":{"index":"index","follow":"follow","max-snippet":"max-snippet:-1","max-image-preview":"max-image-preview:large","max-video-preview":"max-video-preview:-1"},"canonical":"https:\/\/www.bedbugfoundation.org\/fr\/who-are-we\/the-canine-leadership\/brian-leith\/","og_locale":"fr_FR","og_type":"article","og_title":"Brian Leith - Bed Bug Foundation","og_description":"Email: BDLCanineServices@outlook.com Whilst serving in the Royal Air Force Police I qualified as a military dog handler. &nbsp;As my career progressed and with promotions, I qualified and carried out various other roles including, Special Investigations undertaking several Civilian Police training &hellip; Continuer la lecture &rarr;","og_url":"https:\/\/www.bedbugfoundation.org\/fr\/who-are-we\/the-canine-leadership\/brian-leith\/","og_site_name":"Bed Bug Foundation","article_modified_time":"2023-12-13T09:30:27+00:00","og_image":[{"url":"https:\/\/www.bedbugfoundation.org\/wp-content\/uploads\/2021\/02\/Brian-Leith-1-1024x845.jpg","type":"","width":"","height":""}],"twitter_card":"summary_large_image","twitter_misc":{"Dur\u00e9e de lecture estim\u00e9e":"2 minutes"},"schema":{"@context":"https:\/\/schema.org","@graph":[{"@type":"WebPage","@id":"https:\/\/www.bedbugfoundation.org\/who-are-we\/the-canine-leadership\/brian-leith\/","url":"https:\/\/www.bedbugfoundation.org\/who-are-we\/the-canine-leadership\/brian-leith\/","name":"Brian Leith - Fondation Bed Bug","isPartOf":{"@id":"https:\/\/www.bedbugfoundation.org\/#website"},"primaryImageOfPage":{"@id":"https:\/\/www.bedbugfoundation.org\/who-are-we\/the-canine-leadership\/brian-leith\/#primaryimage"},"image":{"@id":"https:\/\/www.bedbugfoundation.org\/who-are-we\/the-canine-leadership\/brian-leith\/#primaryimage"},"thumbnailUrl":"https:\/\/www.bedbugfoundation.org\/wp-content\/uploads\/2021\/02\/Brian-Leith-1-1024x845.jpg","datePublished":"2021-02-10T15:22:49+00:00","dateModified":"2023-12-13T09:30:27+00:00","breadcrumb":{"@id":"https:\/\/www.bedbugfoundation.org\/who-are-we\/the-canine-leadership\/brian-leith\/#breadcrumb"},"inLanguage":"fr-FR","potentialAction":[{"@type":"ReadAction","target":["https:\/\/www.bedbugfoundation.org\/who-are-we\/the-canine-leadership\/brian-leith\/"]}]},{"@type":"ImageObject","inLanguage":"fr-FR","@id":"https:\/\/www.bedbugfoundation.org\/who-are-we\/the-canine-leadership\/brian-leith\/#primaryimage","url":"https:\/\/www.bedbugfoundation.org\/wp-content\/uploads\/2021\/02\/Brian-Leith-1-1024x845.jpg","contentUrl":"https:\/\/www.bedbugfoundation.org\/wp-content\/uploads\/2021\/02\/Brian-Leith-1-1024x845.jpg"},{"@type":"BreadcrumbList","@id":"https:\/\/www.bedbugfoundation.org\/who-are-we\/the-canine-leadership\/brian-leith\/#breadcrumb","itemListElement":[{"@type":"ListItem","position":1,"name":"Home","item":"https:\/\/www.bedbugfoundation.org\/"},{"@type":"ListItem","position":2,"name":"Who Are We?","item":"https:\/\/www.bedbugfoundation.org\/who-are-we\/"},{"@type":"ListItem","position":3,"name":"Canine Leadership","item":"https:\/\/www.bedbugfoundation.org\/fr\/who-are-we\/the-canine-leadership\/"},{"@type":"ListItem","position":4,"name":"Brian Leith"}]},{"@type":"WebSite","@id":"https:\/\/www.bedbugfoundation.org\/#website","url":"https:\/\/www.bedbugfoundation.org\/","name":"Fondation contre les punaises de lit","description":"Accueil du Code europ\u00e9en de bonnes pratiques pour la lutte contre les punaises de lit","potentialAction":[{"@type":"SearchAction","target":{"@type":"EntryPoint","urlTemplate":"https:\/\/www.bedbugfoundation.org\/?s={search_term_string}"},"query-input":{"@type":"PropertyValueSpecification","valueRequired":true,"valueName":"search_term_string"}}],"inLanguage":"fr-FR"}]}},"_links":{"self":[{"href":"https:\/\/www.bedbugfoundation.org\/fr\/wp-json\/wp\/v2\/pages\/8281","targetHints":{"allow":["GET"]}}],"collection":[{"href":"https:\/\/www.bedbugfoundation.org\/fr\/wp-json\/wp\/v2\/pages"}],"about":[{"href":"https:\/\/www.bedbugfoundation.org\/fr\/wp-json\/wp\/v2\/types\/page"}],"author":[{"embeddable":true,"href":"https:\/\/www.bedbugfoundation.org\/fr\/wp-json\/wp\/v2\/users\/195"}],"replies":[{"embeddable":true,"href":"https:\/\/www.bedbugfoundation.org\/fr\/wp-json\/wp\/v2\/comments?post=8281"}],"version-history":[{"count":6,"href":"https:\/\/www.bedbugfoundation.org\/fr\/wp-json\/wp\/v2\/pages\/8281\/revisions"}],"predecessor-version":[{"id":9920,"href":"https:\/\/www.bedbugfoundation.org\/fr\/wp-json\/wp\/v2\/pages\/8281\/revisions\/9920"}],"up":[{"embeddable":true,"href":"https:\/\/www.bedbugfoundation.org\/fr\/wp-json\/wp\/v2\/pages\/8297"}],"wp:attachment":[{"href":"https:\/\/www.bedbugfoundation.org\/fr\/wp-json\/wp\/v2\/media?parent=8281"}],"curies":[{"name":"wp","href":"https:\/\/api.w.org\/{rel}","templated":true}]}}