{"id":8289,"date":"2021-02-10T15:48:52","date_gmt":"2021-02-10T15:48:52","guid":{"rendered":"https:\/\/www.bedbugfoundation.org\/?page_id=8289"},"modified":"2021-03-02T10:44:17","modified_gmt":"2021-03-02T10:44:17","slug":"stefan-hedin","status":"publish","type":"page","link":"https:\/\/www.bedbugfoundation.org\/fr\/who-are-we\/the-canine-leadership\/stefan-hedin\/","title":{"rendered":"Stefan Hedin"},"content":{"rendered":"<p><strong>Courrier \u00e9lectronique : <a href=\"mailto:stefan@milentum.se\">stefan@milentum.se<\/a><\/strong><\/p>\n\n\n\n<div class=\"wp-block-image\"><figure class=\"alignright size-large is-resized\"><a href=\"https:\/\/www.bedbugfoundation.org\/wp-content\/uploads\/2021\/02\/Stefan-Hedin-1.jpg\"><img loading=\"lazy\" decoding=\"async\" src=\"https:\/\/www.bedbugfoundation.org\/wp-content\/uploads\/2021\/02\/Stefan-Hedin-1-730x1024.jpg\" alt=\"\" class=\"wp-image-8291\" width=\"227\" height=\"317\" srcset=\"https:\/\/www.bedbugfoundation.org\/wp-content\/uploads\/2021\/02\/Stefan-Hedin-1-730x1024.jpg 730w, https:\/\/www.bedbugfoundation.org\/wp-content\/uploads\/2021\/02\/Stefan-Hedin-1-214x300.jpg 214w, https:\/\/www.bedbugfoundation.org\/wp-content\/uploads\/2021\/02\/Stefan-Hedin-1-768x1077.jpg 768w, https:\/\/www.bedbugfoundation.org\/wp-content\/uploads\/2021\/02\/Stefan-Hedin-1-9x12.jpg 9w, https:\/\/www.bedbugfoundation.org\/wp-content\/uploads\/2021\/02\/Stefan-Hedin-1-43x60.jpg 43w, https:\/\/www.bedbugfoundation.org\/wp-content\/uploads\/2021\/02\/Stefan-Hedin-1-64x90.jpg 64w, https:\/\/www.bedbugfoundation.org\/wp-content\/uploads\/2021\/02\/Stefan-Hedin-1.jpg 1035w\" sizes=\"auto, (max-width: 227px) 100vw, 227px\" \/><\/a><\/figure><\/div>\n\n\n\n<p>Je suis dans mon meilleur \u00e2ge (encore moins de 50 ans) et je vis \u00e0 Halmstad en Su\u00e8de.<\/p>\n\n\n\n<p>Ma femme dirige Dog In Work ici en Su\u00e8de et je suis responsable de la coop\u00e9ration et des accords avec les partenaires. Je m'occupe \u00e9galement de tous les rapports \u00e0 nos clients et je m'occupe de notre personnel dans notre entreprise Incensor o\u00f9 Anticimex est l'un de nos plus gros clients.<\/p>\n\n\n\n<p>En outre, je dirige quelques entreprises, ce qui fait que mes journ\u00e9es sont bien remplies. Mon meilleur moment de la journ\u00e9e est le matin, lorsque j'emm\u00e8ne nos chiens dans les bois ou \u00e0 la plage pour une longue promenade.<\/p>\n\n\n\n<p>Je ne suis donc pas un dresseur de chiens, mais j'ai \u00e9galement d\u00e9velopp\u00e9 du mat\u00e9riel de dressage de chiens que nous vendons \u00e9galement aux \u00e9coles du monde entier. J'ai \u00e9galement mis au point un capteur qui peut \u00eatre utilis\u00e9 pour la recherche \u00e0 longue distance et que l'on peut envoyer \u00e0 travers le monde. Mettez-le dans une pi\u00e8ce pendant 10 \u00e0 20 heures et renvoyez-le nous o\u00f9 un chien peut dire si le capteur a \u00e9t\u00e9 dans une pi\u00e8ce avec des punaises de lit ou non. Il s'agit d'un filtre sp\u00e9cial qui collecte les taupinettes et les conserve. On peut donc dire que je suis un peu entreprenante...<\/p>","protected":false},"excerpt":{"rendered":"<p>Email : stefan@milentum.se Je suis dans mon meilleur \u00e2ge (encore moins de 50 ans) et je vis \u00e0 Halmstad en Su\u00e8de. Ma femme dirige Dog In Work ici en Su\u00e8de et j'ai la responsabilit\u00e9 de la coop\u00e9ration et des accords avec les partenaires et je m'occupe \u00e9galement de tout ce qui concerne ... <a href=\"https:\/\/www.bedbugfoundation.org\/fr\/who-are-we\/the-canine-leadership\/stefan-hedin\/\">Continuer la lecture <span class=\"meta-nav\">\u2192<\/span><\/a><\/p>","protected":false},"author":195,"featured_media":0,"parent":8297,"menu_order":0,"comment_status":"closed","ping_status":"closed","template":"","meta":{"_bbp_topic_count":0,"_bbp_reply_count":0,"_bbp_total_topic_count":0,"_bbp_total_reply_count":0,"_bbp_voice_count":0,"_bbp_anonymous_reply_count":0,"_bbp_topic_count_hidden":0,"_bbp_reply_count_hidden":0,"_bbp_forum_subforum_count":0,"footnotes":""},"class_list":["post-8289","page","type-page","status-publish","hentry"],"yoast_head":"<!-- This site is optimized with the Yoast SEO plugin v27.5 - https:\/\/yoast.com\/product\/yoast-seo-wordpress\/ -->\n<title>Stefan Hedin - Bed Bug Foundation<\/title>\n<meta name=\"robots\" content=\"index, follow, max-snippet:-1, max-image-preview:large, max-video-preview:-1\" \/>\n<link rel=\"canonical\" href=\"https:\/\/www.bedbugfoundation.org\/fr\/who-are-we\/the-canine-leadership\/stefan-hedin\/\" \/>\n<meta property=\"og:locale\" content=\"fr_FR\" \/>\n<meta property=\"og:type\" content=\"article\" \/>\n<meta property=\"og:title\" content=\"Stefan Hedin - Bed Bug Foundation\" \/>\n<meta property=\"og:description\" content=\"Email: stefan@milentum.se I am in my best age (still under 50) and live in Halmstad in Sweden. My wife runs Dog In Work here in Sweden and I have the responsibility of partner cooperation and agreements and also do all &hellip; Continuer la lecture &rarr;\" \/>\n<meta property=\"og:url\" content=\"https:\/\/www.bedbugfoundation.org\/fr\/who-are-we\/the-canine-leadership\/stefan-hedin\/\" \/>\n<meta property=\"og:site_name\" content=\"Bed Bug Foundation\" \/>\n<meta property=\"article:modified_time\" content=\"2021-03-02T10:44:17+00:00\" \/>\n<meta property=\"og:image\" content=\"https:\/\/www.bedbugfoundation.org\/wp-content\/uploads\/2021\/02\/Stefan-Hedin-1-730x1024.jpg\" \/>\n<meta name=\"twitter:card\" content=\"summary_large_image\" \/>\n<meta name=\"twitter:label1\" content=\"Dur\u00e9e de lecture estim\u00e9e\" \/>\n\t<meta name=\"twitter:data1\" content=\"1 minute\" \/>\n<script type=\"application\/ld+json\" class=\"yoast-schema-graph\">{\"@context\":\"https:\\\/\\\/schema.org\",\"@graph\":[{\"@type\":\"WebPage\",\"@id\":\"https:\\\/\\\/www.bedbugfoundation.org\\\/fr\\\/who-are-we\\\/the-canine-leadership\\\/stefan-hedin\\\/\",\"url\":\"https:\\\/\\\/www.bedbugfoundation.org\\\/fr\\\/who-are-we\\\/the-canine-leadership\\\/stefan-hedin\\\/\",\"name\":\"Stefan Hedin - Bed Bug Foundation\",\"isPartOf\":{\"@id\":\"https:\\\/\\\/www.bedbugfoundation.org\\\/#website\"},\"primaryImageOfPage\":{\"@id\":\"https:\\\/\\\/www.bedbugfoundation.org\\\/fr\\\/who-are-we\\\/the-canine-leadership\\\/stefan-hedin\\\/#primaryimage\"},\"image\":{\"@id\":\"https:\\\/\\\/www.bedbugfoundation.org\\\/fr\\\/who-are-we\\\/the-canine-leadership\\\/stefan-hedin\\\/#primaryimage\"},\"thumbnailUrl\":\"https:\\\/\\\/www.bedbugfoundation.org\\\/wp-content\\\/uploads\\\/2021\\\/02\\\/Stefan-Hedin-1-730x1024.jpg\",\"datePublished\":\"2021-02-10T15:48:52+00:00\",\"dateModified\":\"2021-03-02T10:44:17+00:00\",\"breadcrumb\":{\"@id\":\"https:\\\/\\\/www.bedbugfoundation.org\\\/fr\\\/who-are-we\\\/the-canine-leadership\\\/stefan-hedin\\\/#breadcrumb\"},\"inLanguage\":\"fr-FR\",\"potentialAction\":[{\"@type\":\"ReadAction\",\"target\":[\"https:\\\/\\\/www.bedbugfoundation.org\\\/fr\\\/who-are-we\\\/the-canine-leadership\\\/stefan-hedin\\\/\"]}]},{\"@type\":\"ImageObject\",\"inLanguage\":\"fr-FR\",\"@id\":\"https:\\\/\\\/www.bedbugfoundation.org\\\/fr\\\/who-are-we\\\/the-canine-leadership\\\/stefan-hedin\\\/#primaryimage\",\"url\":\"https:\\\/\\\/www.bedbugfoundation.org\\\/wp-content\\\/uploads\\\/2021\\\/02\\\/Stefan-Hedin-1-730x1024.jpg\",\"contentUrl\":\"https:\\\/\\\/www.bedbugfoundation.org\\\/wp-content\\\/uploads\\\/2021\\\/02\\\/Stefan-Hedin-1-730x1024.jpg\"},{\"@type\":\"BreadcrumbList\",\"@id\":\"https:\\\/\\\/www.bedbugfoundation.org\\\/fr\\\/who-are-we\\\/the-canine-leadership\\\/stefan-hedin\\\/#breadcrumb\",\"itemListElement\":[{\"@type\":\"ListItem\",\"position\":1,\"name\":\"Home\",\"item\":\"https:\\\/\\\/www.bedbugfoundation.org\\\/\"},{\"@type\":\"ListItem\",\"position\":2,\"name\":\"Who Are We?\",\"item\":\"https:\\\/\\\/www.bedbugfoundation.org\\\/who-are-we\\\/\"},{\"@type\":\"ListItem\",\"position\":3,\"name\":\"Canine Leadership\",\"item\":\"https:\\\/\\\/www.bedbugfoundation.org\\\/fr\\\/who-are-we\\\/the-canine-leadership\\\/\"},{\"@type\":\"ListItem\",\"position\":4,\"name\":\"Stefan Hedin\"}]},{\"@type\":\"WebSite\",\"@id\":\"https:\\\/\\\/www.bedbugfoundation.org\\\/#website\",\"url\":\"https:\\\/\\\/www.bedbugfoundation.org\\\/\",\"name\":\"Bed Bug Foundation\",\"description\":\"Home of the European Code of Practice for Bed Bug Management\",\"potentialAction\":[{\"@type\":\"SearchAction\",\"target\":{\"@type\":\"EntryPoint\",\"urlTemplate\":\"https:\\\/\\\/www.bedbugfoundation.org\\\/?s={search_term_string}\"},\"query-input\":{\"@type\":\"PropertyValueSpecification\",\"valueRequired\":true,\"valueName\":\"search_term_string\"}}],\"inLanguage\":\"fr-FR\"}]}<\/script>\n<!-- \/ Yoast SEO plugin. -->","yoast_head_json":{"title":"Stefan Hedin - Fondation Bed Bug","robots":{"index":"index","follow":"follow","max-snippet":"max-snippet:-1","max-image-preview":"max-image-preview:large","max-video-preview":"max-video-preview:-1"},"canonical":"https:\/\/www.bedbugfoundation.org\/fr\/who-are-we\/the-canine-leadership\/stefan-hedin\/","og_locale":"fr_FR","og_type":"article","og_title":"Stefan Hedin - Bed Bug Foundation","og_description":"Email: stefan@milentum.se I am in my best age (still under 50) and live in Halmstad in Sweden. My wife runs Dog In Work here in Sweden and I have the responsibility of partner cooperation and agreements and also do all &hellip; Continuer la lecture &rarr;","og_url":"https:\/\/www.bedbugfoundation.org\/fr\/who-are-we\/the-canine-leadership\/stefan-hedin\/","og_site_name":"Bed Bug Foundation","article_modified_time":"2021-03-02T10:44:17+00:00","og_image":[{"url":"https:\/\/www.bedbugfoundation.org\/wp-content\/uploads\/2021\/02\/Stefan-Hedin-1-730x1024.jpg","type":"","width":"","height":""}],"twitter_card":"summary_large_image","twitter_misc":{"Dur\u00e9e de lecture estim\u00e9e":"1 minute"},"schema":{"@context":"https:\/\/schema.org","@graph":[{"@type":"WebPage","@id":"https:\/\/www.bedbugfoundation.org\/fr\/who-are-we\/the-canine-leadership\/stefan-hedin\/","url":"https:\/\/www.bedbugfoundation.org\/fr\/who-are-we\/the-canine-leadership\/stefan-hedin\/","name":"Stefan Hedin - Fondation Bed Bug","isPartOf":{"@id":"https:\/\/www.bedbugfoundation.org\/#website"},"primaryImageOfPage":{"@id":"https:\/\/www.bedbugfoundation.org\/fr\/who-are-we\/the-canine-leadership\/stefan-hedin\/#primaryimage"},"image":{"@id":"https:\/\/www.bedbugfoundation.org\/fr\/who-are-we\/the-canine-leadership\/stefan-hedin\/#primaryimage"},"thumbnailUrl":"https:\/\/www.bedbugfoundation.org\/wp-content\/uploads\/2021\/02\/Stefan-Hedin-1-730x1024.jpg","datePublished":"2021-02-10T15:48:52+00:00","dateModified":"2021-03-02T10:44:17+00:00","breadcrumb":{"@id":"https:\/\/www.bedbugfoundation.org\/fr\/who-are-we\/the-canine-leadership\/stefan-hedin\/#breadcrumb"},"inLanguage":"fr-FR","potentialAction":[{"@type":"ReadAction","target":["https:\/\/www.bedbugfoundation.org\/fr\/who-are-we\/the-canine-leadership\/stefan-hedin\/"]}]},{"@type":"ImageObject","inLanguage":"fr-FR","@id":"https:\/\/www.bedbugfoundation.org\/fr\/who-are-we\/the-canine-leadership\/stefan-hedin\/#primaryimage","url":"https:\/\/www.bedbugfoundation.org\/wp-content\/uploads\/2021\/02\/Stefan-Hedin-1-730x1024.jpg","contentUrl":"https:\/\/www.bedbugfoundation.org\/wp-content\/uploads\/2021\/02\/Stefan-Hedin-1-730x1024.jpg"},{"@type":"BreadcrumbList","@id":"https:\/\/www.bedbugfoundation.org\/fr\/who-are-we\/the-canine-leadership\/stefan-hedin\/#breadcrumb","itemListElement":[{"@type":"ListItem","position":1,"name":"Home","item":"https:\/\/www.bedbugfoundation.org\/"},{"@type":"ListItem","position":2,"name":"Who Are We?","item":"https:\/\/www.bedbugfoundation.org\/who-are-we\/"},{"@type":"ListItem","position":3,"name":"Canine Leadership","item":"https:\/\/www.bedbugfoundation.org\/fr\/who-are-we\/the-canine-leadership\/"},{"@type":"ListItem","position":4,"name":"Stefan Hedin"}]},{"@type":"WebSite","@id":"https:\/\/www.bedbugfoundation.org\/#website","url":"https:\/\/www.bedbugfoundation.org\/","name":"Fondation contre les punaises de lit","description":"Accueil du Code europ\u00e9en de bonnes pratiques pour la lutte contre les punaises de lit","potentialAction":[{"@type":"SearchAction","target":{"@type":"EntryPoint","urlTemplate":"https:\/\/www.bedbugfoundation.org\/?s={search_term_string}"},"query-input":{"@type":"PropertyValueSpecification","valueRequired":true,"valueName":"search_term_string"}}],"inLanguage":"fr-FR"}]}},"_links":{"self":[{"href":"https:\/\/www.bedbugfoundation.org\/fr\/wp-json\/wp\/v2\/pages\/8289","targetHints":{"allow":["GET"]}}],"collection":[{"href":"https:\/\/www.bedbugfoundation.org\/fr\/wp-json\/wp\/v2\/pages"}],"about":[{"href":"https:\/\/www.bedbugfoundation.org\/fr\/wp-json\/wp\/v2\/types\/page"}],"author":[{"embeddable":true,"href":"https:\/\/www.bedbugfoundation.org\/fr\/wp-json\/wp\/v2\/users\/195"}],"replies":[{"embeddable":true,"href":"https:\/\/www.bedbugfoundation.org\/fr\/wp-json\/wp\/v2\/comments?post=8289"}],"version-history":[{"count":3,"href":"https:\/\/www.bedbugfoundation.org\/fr\/wp-json\/wp\/v2\/pages\/8289\/revisions"}],"predecessor-version":[{"id":8693,"href":"https:\/\/www.bedbugfoundation.org\/fr\/wp-json\/wp\/v2\/pages\/8289\/revisions\/8693"}],"up":[{"embeddable":true,"href":"https:\/\/www.bedbugfoundation.org\/fr\/wp-json\/wp\/v2\/pages\/8297"}],"wp:attachment":[{"href":"https:\/\/www.bedbugfoundation.org\/fr\/wp-json\/wp\/v2\/media?parent=8289"}],"curies":[{"name":"wp","href":"https:\/\/api.w.org\/{rel}","templated":true}]}}