{"id":8328,"date":"2021-02-16T12:19:58","date_gmt":"2021-02-16T12:19:58","guid":{"rendered":"https:\/\/www.bedbugfoundation.org\/?page_id=8328"},"modified":"2025-06-30T14:02:44","modified_gmt":"2025-06-30T13:02:44","slug":"support-the-foundation","status":"publish","type":"page","link":"https:\/\/www.bedbugfoundation.org\/fr\/support-the-foundation\/","title":{"rendered":"Soutenir la Fondation"},"content":{"rendered":"<div class=\"wp-block-image is-style-default\">\n<figure class=\"alignright size-large is-resized\"><a href=\"https:\/\/www.bedbugfoundation.org\/wp-content\/uploads\/2016\/05\/BBF-LOGO.png\"><img loading=\"lazy\" decoding=\"async\" width=\"960\" height=\"372\" src=\"https:\/\/www.bedbugfoundation.org\/wp-content\/uploads\/2016\/05\/BBF-LOGO.png\" alt=\"\" class=\"wp-image-583\" style=\"width:176px;height:67px\" srcset=\"https:\/\/www.bedbugfoundation.org\/wp-content\/uploads\/2016\/05\/BBF-LOGO.png 960w, https:\/\/www.bedbugfoundation.org\/wp-content\/uploads\/2016\/05\/BBF-LOGO-300x116.png 300w, https:\/\/www.bedbugfoundation.org\/wp-content\/uploads\/2016\/05\/BBF-LOGO-768x298.png 768w\" sizes=\"auto, (max-width: 960px) 100vw, 960px\" \/><\/a><\/figure>\n<\/div>\n\n\n<p>Our voluntary organisation is funded by our members and by donations from the public. This allows us to support pest management professionals and the general public in the management of bed bugs.<\/p>\n\n\n\n<p>By supporting our work, you help us to maintain our website and our free insect identification service.<\/p>\n\n\n\n<p>Thank you!<\/p>\n\n\n\n<form action=\"https:\/\/www.paypal.com\/donate\" method=\"post\" target=\"_top\">\n<input type=\"hidden\" name=\"hosted_button_id\" value=\"5E3YCHDNM84KN\">\n<input type=\"image\" src=\"https:\/\/www.paypalobjects.com\/en_US\/GB\/i\/btn\/btn_donateCC_LG.gif\" border=\"0\" name=\"submit\" title=\"PayPal - Le moyen le plus s\u00fbr et le plus simple de payer en ligne !\" alt=\"Donate with PayPal button\">\n<img loading=\"lazy\" decoding=\"async\" alt=\"\" border=\"0\" src=\"https:\/\/www.paypal.com\/en_GB\/i\/scr\/pixel.gif\" width=\"1\" height=\"1\">\n<\/form>\n\n\n\n<p><\/p>\n\n\n\n<p>Quelques-uns de nos r\u00e9cents commentaires...<\/p>\n\n\n\n<blockquote class=\"wp-block-quote is-layout-flow wp-block-quote-is-layout-flow\">\n<p>Thank you very much for your great support!\u00a0If I find something, I&#8217;ll get back to you &#8230;. Thank you.\u00a0Have a nice weekend! &#8211; <strong>Christian<\/strong><\/p>\n<\/blockquote>\n\n\n\n<blockquote class=\"wp-block-quote is-layout-flow wp-block-quote-is-layout-flow\">\n<p>Tr\u00e8s heureux que la Fondation contre les punaises de lit existe, nous aimerions en avoir une en Australie. S'il y a un endroit o\u00f9 je peux laisser un don pour la Fondation, j'aimerais bien, mais je n'ai pas pu en voir un sur son site web... Merci encore - <strong>Anna<\/strong><\/p>\n<\/blockquote>\n\n\n\n<blockquote class=\"wp-block-quote is-layout-flow wp-block-quote-is-layout-flow\">\n<p>Merci beaucoup pour votre r\u00e9ponse rapide. Nous sommes tr\u00e8s heureux que cela ne soit probablement pas li\u00e9 aux punaises de lit. Merci encore et bonjour. <strong>Markus<\/strong><\/p>\n<\/blockquote>\n\n\n\n<blockquote class=\"wp-block-quote is-layout-flow wp-block-quote-is-layout-flow\">\n<p>Thank you very much for your quick reply! I am happy to hear this is not a bedbug and I will keep an eye out for inky black spots like you said, but I haven&#8217;t seen any, so I am optimistic I don&#8217;t have an infestation. Here are some other angles, in case it helps identify the bug, but if it doesn&#8217;t help, that&#8217;s ok; I am just happy it&#8217;s not a bedbug.\u00a0I can&#8217;t express enough how much I appreciate your help. Thank you so much &#8211; <strong>Nathan<\/strong><\/p>\n<\/blockquote>\n\n\n\n<blockquote class=\"wp-block-quote is-layout-flow wp-block-quote-is-layout-flow\">\n<p>Merci, c'est tr\u00e8s rassurant. Bien que l'id\u00e9e de n'importe quel type d'insecte sur le lit ne soit pas ma pr\u00e9f\u00e9r\u00e9e. Merci d'avoir r\u00e9pondu si rapidement - <strong>Patricia<\/strong><\/p>\n<\/blockquote>\n\n\n\n<blockquote class=\"wp-block-quote is-layout-flow wp-block-quote-is-layout-flow\">\n<p>Merci beaucoup pour votre r\u00e9ponse rapide et r\u00e9confortante \u00e0 mes pr\u00e9occupations. Je m'int\u00e9resse \u00e9galement aux col\u00e9opt\u00e8res, car il semble y avoir eu un nombre inhabituel de col\u00e9opt\u00e8res l'\u00e9t\u00e9 dernier dans l'est de Long Island. Les habitants les ont appel\u00e9s \"punaises puantes\". Je vous enverrai une autre photo du m\u00eame insecte, cette fois-ci non couch\u00e9 sur le dos, et vous pourrez peut-\u00eatre identifier l'esp\u00e8ce exacte. J'ai \u00e9t\u00e9 soulag\u00e9e que ce ne soit pas une punaise de lit comme l'a \u00e9t\u00e9 ma fille qui l'a trouv\u00e9e dans son lit ! Mes fr\u00e9quentes visites en Angleterre me manquent, surtout \u00e0 Londres et dans les Cotswolds. Prenez bien soin de vous - <strong>Richard<\/strong><\/p>\n<\/blockquote>\n\n\n\n<blockquote class=\"wp-block-quote is-layout-flow wp-block-quote-is-layout-flow\">\n<p>Merci encore une fois Richard pour votre r\u00e9ponse. J'ai regard\u00e9 ce kit de d\u00e9tection f\u00e9cale mais apparemment il ne peut pas \u00eatre utilis\u00e9 sur de vieilles taches. Je vais continuer \u00e0 surveiller, mais j'essaie aussi de me d\u00e9tendre \u00e0 ce sujet. Merci beaucoup pour votre aide. Bien \u00e0 vous - <strong>Patricia<\/strong><\/p>\n<\/blockquote>\n\n\n\n<blockquote class=\"wp-block-quote is-layout-flow wp-block-quote-is-layout-flow\">\n<p>Je vous remercie. J'appr\u00e9cie beaucoup vos commentaires et vos conseils. \u2013 <strong>Sally<\/strong><\/p>\n<\/blockquote>\n\n\n\n<blockquote class=\"wp-block-quote is-layout-flow wp-block-quote-is-layout-flow\">\n<p>Merci beaucoup pour votre r\u00e9ponse approfondie. C'est vraiment utile et cela me rassure ! J'esp\u00e8re que vous passerez un merveilleux week-end ! \u2013 <strong>Bretagne<\/strong><\/p>\n<\/blockquote>\n\n\n\n<blockquote class=\"wp-block-quote is-layout-flow wp-block-quote-is-layout-flow\">\n<p>Omigosh, bonne nouvelle. En semaine, un service formidable et r\u00e9actif ! Y a-t-il un \u00e9quivalent am\u00e9ricain, puisqu'il semble que vous soyez au Royaume-Uni ? \u2013 <strong>Tracie<\/strong><\/p>\n<\/blockquote>\n\n\n\n<blockquote class=\"wp-block-quote is-layout-flow wp-block-quote-is-layout-flow\">\n<p>C'est une excellente nouvelle, merci beaucoup pour votre temps. Quel soulagement ! Je crois que l'ancienne locataire de la maison a mang\u00e9 dans son lit. On trouve donc les col\u00e9opt\u00e8res des tapis par ici, ce qui explique la confusion. Encore une fois, merci pour votre aide. Meilleures salutations - <strong>Curtis<\/strong><\/p>\n<\/blockquote>","protected":false},"excerpt":{"rendered":"<p>Our voluntary organisation is funded by our members and by donations from the public. This allows us to support pest management professionals and the general public in the management of bed bugs. By supporting our work, you help us to &hellip; <a href=\"https:\/\/www.bedbugfoundation.org\/fr\/support-the-foundation\/\">Continuer la lecture <span class=\"meta-nav\">\u2192<\/span><\/a><\/p>","protected":false},"author":195,"featured_media":0,"parent":0,"menu_order":0,"comment_status":"closed","ping_status":"closed","template":"","meta":{"_bbp_topic_count":0,"_bbp_reply_count":0,"_bbp_total_topic_count":0,"_bbp_total_reply_count":0,"_bbp_voice_count":0,"_bbp_anonymous_reply_count":0,"_bbp_topic_count_hidden":0,"_bbp_reply_count_hidden":0,"_bbp_forum_subforum_count":0,"footnotes":""},"class_list":["post-8328","page","type-page","status-publish","hentry"],"yoast_head":"<!-- This site is optimized with the Yoast SEO plugin v27.4 - https:\/\/yoast.com\/product\/yoast-seo-wordpress\/ -->\n<title>Support the Foundation - Bed Bug Foundation<\/title>\n<meta name=\"robots\" content=\"index, follow, max-snippet:-1, max-image-preview:large, max-video-preview:-1\" \/>\n<link rel=\"canonical\" href=\"https:\/\/www.bedbugfoundation.org\/fr\/support-the-foundation\/\" \/>\n<meta property=\"og:locale\" content=\"fr_FR\" \/>\n<meta property=\"og:type\" content=\"article\" \/>\n<meta property=\"og:title\" content=\"Support the Foundation - Bed Bug Foundation\" \/>\n<meta property=\"og:description\" content=\"Our voluntary organisation is funded by our members and by donations from the public. This allows us to support pest management professionals and the general public in the management of bed bugs. By supporting our work, you help us to &hellip; Continuer la lecture &rarr;\" \/>\n<meta property=\"og:url\" content=\"https:\/\/www.bedbugfoundation.org\/fr\/support-the-foundation\/\" \/>\n<meta property=\"og:site_name\" content=\"Bed Bug Foundation\" \/>\n<meta property=\"article:modified_time\" content=\"2025-06-30T13:02:44+00:00\" \/>\n<meta property=\"og:image\" content=\"https:\/\/www.bedbugfoundation.org\/wp-content\/uploads\/2016\/05\/BBF-LOGO.png\" \/>\n\t<meta property=\"og:image:width\" content=\"960\" \/>\n\t<meta property=\"og:image:height\" content=\"372\" \/>\n\t<meta property=\"og:image:type\" content=\"image\/png\" \/>\n<meta name=\"twitter:card\" content=\"summary_large_image\" \/>\n<meta name=\"twitter:label1\" content=\"Dur\u00e9e de lecture estim\u00e9e\" \/>\n\t<meta name=\"twitter:data1\" content=\"1 minute\" \/>\n<script type=\"application\/ld+json\" class=\"yoast-schema-graph\">{\"@context\":\"https:\\\/\\\/schema.org\",\"@graph\":[{\"@type\":\"WebPage\",\"@id\":\"https:\\\/\\\/www.bedbugfoundation.org\\\/support-the-foundation\\\/\",\"url\":\"https:\\\/\\\/www.bedbugfoundation.org\\\/support-the-foundation\\\/\",\"name\":\"Support the Foundation - Bed Bug Foundation\",\"isPartOf\":{\"@id\":\"https:\\\/\\\/www.bedbugfoundation.org\\\/#website\"},\"primaryImageOfPage\":{\"@id\":\"https:\\\/\\\/www.bedbugfoundation.org\\\/support-the-foundation\\\/#primaryimage\"},\"image\":{\"@id\":\"https:\\\/\\\/www.bedbugfoundation.org\\\/support-the-foundation\\\/#primaryimage\"},\"thumbnailUrl\":\"https:\\\/\\\/www.bedbugfoundation.org\\\/wp-content\\\/uploads\\\/2016\\\/05\\\/BBF-LOGO.png\",\"datePublished\":\"2021-02-16T12:19:58+00:00\",\"dateModified\":\"2025-06-30T13:02:44+00:00\",\"breadcrumb\":{\"@id\":\"https:\\\/\\\/www.bedbugfoundation.org\\\/support-the-foundation\\\/#breadcrumb\"},\"inLanguage\":\"fr-FR\",\"potentialAction\":[{\"@type\":\"ReadAction\",\"target\":[\"https:\\\/\\\/www.bedbugfoundation.org\\\/support-the-foundation\\\/\"]}]},{\"@type\":\"ImageObject\",\"inLanguage\":\"fr-FR\",\"@id\":\"https:\\\/\\\/www.bedbugfoundation.org\\\/support-the-foundation\\\/#primaryimage\",\"url\":\"https:\\\/\\\/www.bedbugfoundation.org\\\/wp-content\\\/uploads\\\/2016\\\/05\\\/BBF-LOGO.png\",\"contentUrl\":\"https:\\\/\\\/www.bedbugfoundation.org\\\/wp-content\\\/uploads\\\/2016\\\/05\\\/BBF-LOGO.png\"},{\"@type\":\"BreadcrumbList\",\"@id\":\"https:\\\/\\\/www.bedbugfoundation.org\\\/support-the-foundation\\\/#breadcrumb\",\"itemListElement\":[{\"@type\":\"ListItem\",\"position\":1,\"name\":\"Home\",\"item\":\"https:\\\/\\\/www.bedbugfoundation.org\\\/\"},{\"@type\":\"ListItem\",\"position\":2,\"name\":\"Support the Foundation\"}]},{\"@type\":\"WebSite\",\"@id\":\"https:\\\/\\\/www.bedbugfoundation.org\\\/#website\",\"url\":\"https:\\\/\\\/www.bedbugfoundation.org\\\/\",\"name\":\"Bed Bug Foundation\",\"description\":\"Home of the European Code of Practice for Bed Bug Management\",\"potentialAction\":[{\"@type\":\"SearchAction\",\"target\":{\"@type\":\"EntryPoint\",\"urlTemplate\":\"https:\\\/\\\/www.bedbugfoundation.org\\\/?s={search_term_string}\"},\"query-input\":{\"@type\":\"PropertyValueSpecification\",\"valueRequired\":true,\"valueName\":\"search_term_string\"}}],\"inLanguage\":\"fr-FR\"}]}<\/script>\n<!-- \/ Yoast SEO plugin. -->","yoast_head_json":{"title":"Soutenez la fondation - Fondation Bed Bug","robots":{"index":"index","follow":"follow","max-snippet":"max-snippet:-1","max-image-preview":"max-image-preview:large","max-video-preview":"max-video-preview:-1"},"canonical":"https:\/\/www.bedbugfoundation.org\/fr\/support-the-foundation\/","og_locale":"fr_FR","og_type":"article","og_title":"Support the Foundation - Bed Bug Foundation","og_description":"Our voluntary organisation is funded by our members and by donations from the public. This allows us to support pest management professionals and the general public in the management of bed bugs. By supporting our work, you help us to &hellip; Continuer la lecture &rarr;","og_url":"https:\/\/www.bedbugfoundation.org\/fr\/support-the-foundation\/","og_site_name":"Bed Bug Foundation","article_modified_time":"2025-06-30T13:02:44+00:00","og_image":[{"width":960,"height":372,"url":"https:\/\/www.bedbugfoundation.org\/wp-content\/uploads\/2016\/05\/BBF-LOGO.png","type":"image\/png"}],"twitter_card":"summary_large_image","twitter_misc":{"Dur\u00e9e de lecture estim\u00e9e":"1 minute"},"schema":{"@context":"https:\/\/schema.org","@graph":[{"@type":"WebPage","@id":"https:\/\/www.bedbugfoundation.org\/support-the-foundation\/","url":"https:\/\/www.bedbugfoundation.org\/support-the-foundation\/","name":"Soutenez la fondation - Fondation Bed Bug","isPartOf":{"@id":"https:\/\/www.bedbugfoundation.org\/#website"},"primaryImageOfPage":{"@id":"https:\/\/www.bedbugfoundation.org\/support-the-foundation\/#primaryimage"},"image":{"@id":"https:\/\/www.bedbugfoundation.org\/support-the-foundation\/#primaryimage"},"thumbnailUrl":"https:\/\/www.bedbugfoundation.org\/wp-content\/uploads\/2016\/05\/BBF-LOGO.png","datePublished":"2021-02-16T12:19:58+00:00","dateModified":"2025-06-30T13:02:44+00:00","breadcrumb":{"@id":"https:\/\/www.bedbugfoundation.org\/support-the-foundation\/#breadcrumb"},"inLanguage":"fr-FR","potentialAction":[{"@type":"ReadAction","target":["https:\/\/www.bedbugfoundation.org\/support-the-foundation\/"]}]},{"@type":"ImageObject","inLanguage":"fr-FR","@id":"https:\/\/www.bedbugfoundation.org\/support-the-foundation\/#primaryimage","url":"https:\/\/www.bedbugfoundation.org\/wp-content\/uploads\/2016\/05\/BBF-LOGO.png","contentUrl":"https:\/\/www.bedbugfoundation.org\/wp-content\/uploads\/2016\/05\/BBF-LOGO.png"},{"@type":"BreadcrumbList","@id":"https:\/\/www.bedbugfoundation.org\/support-the-foundation\/#breadcrumb","itemListElement":[{"@type":"ListItem","position":1,"name":"Home","item":"https:\/\/www.bedbugfoundation.org\/"},{"@type":"ListItem","position":2,"name":"Support the Foundation"}]},{"@type":"WebSite","@id":"https:\/\/www.bedbugfoundation.org\/#website","url":"https:\/\/www.bedbugfoundation.org\/","name":"Fondation contre les punaises de lit","description":"Accueil du Code europ\u00e9en de bonnes pratiques pour la lutte contre les punaises de lit","potentialAction":[{"@type":"SearchAction","target":{"@type":"EntryPoint","urlTemplate":"https:\/\/www.bedbugfoundation.org\/?s={search_term_string}"},"query-input":{"@type":"PropertyValueSpecification","valueRequired":true,"valueName":"search_term_string"}}],"inLanguage":"fr-FR"}]}},"_links":{"self":[{"href":"https:\/\/www.bedbugfoundation.org\/fr\/wp-json\/wp\/v2\/pages\/8328","targetHints":{"allow":["GET"]}}],"collection":[{"href":"https:\/\/www.bedbugfoundation.org\/fr\/wp-json\/wp\/v2\/pages"}],"about":[{"href":"https:\/\/www.bedbugfoundation.org\/fr\/wp-json\/wp\/v2\/types\/page"}],"author":[{"embeddable":true,"href":"https:\/\/www.bedbugfoundation.org\/fr\/wp-json\/wp\/v2\/users\/195"}],"replies":[{"embeddable":true,"href":"https:\/\/www.bedbugfoundation.org\/fr\/wp-json\/wp\/v2\/comments?post=8328"}],"version-history":[{"count":28,"href":"https:\/\/www.bedbugfoundation.org\/fr\/wp-json\/wp\/v2\/pages\/8328\/revisions"}],"predecessor-version":[{"id":10347,"href":"https:\/\/www.bedbugfoundation.org\/fr\/wp-json\/wp\/v2\/pages\/8328\/revisions\/10347"}],"wp:attachment":[{"href":"https:\/\/www.bedbugfoundation.org\/fr\/wp-json\/wp\/v2\/media?parent=8328"}],"curies":[{"name":"wp","href":"https:\/\/api.w.org\/{rel}","templated":true}]}}