{"id":9402,"date":"2022-10-25T11:14:35","date_gmt":"2022-10-25T10:14:35","guid":{"rendered":"https:\/\/www.bedbugfoundation.org\/?page_id=9402"},"modified":"2023-09-05T09:53:25","modified_gmt":"2023-09-05T08:53:25","slug":"the-bed-bug","status":"publish","type":"page","link":"https:\/\/www.bedbugfoundation.org\/fr\/the-bed-bug\/","title":{"rendered":"The Bed Bug Poem"},"content":{"rendered":"<blockquote class=\"wp-block-quote has-text-align-center is-layout-flow wp-block-quote-is-layout-flow\"><p>Parmi les insectes cr\u00e9\u00e9s par Dieu<br>Petit arthropode suceur de sang<br>Appel\u00e9 Cimex Lectularius<br>a \u00e9t\u00e9 envoy\u00e9 pour nous mordre et nous harceler.<br>\u00a0<br>Or, qu'est-ce qui a pouss\u00e9 la divinit\u00e9<br>Il s'agit d'un myst\u00e8re.<br>Peut-\u00eatre Dieu se sentait-il d'humeur badine,<br>Et il a dit : \"Je vais envoyer ce petit gars\".<br>\u00a0<br>\"Pour se cacher jusqu'\u00e0 ce que les gens se reposent,<br>\"Mordez ensuite leurs oreilles, leurs jambes, leur cou et leurs orteils.<br>\"Et attendez de voir l'humanit\u00e9<br>\"S'engager dans un blasph\u00e8me\".<br>\u00a0<br>Dieu a cr\u00e9\u00e9 ces petites bestioles \u00e0 peu pr\u00e8s<br>Partout o\u00f9 l'on trouve des \u00eatres humains.<br>Dans les grottes et les huttes, en bas et en haut,<br>Dieu a dit : \"Augmentez et multipliez !\".<br>\u00a0<br>Et c'est ce qu'ils ont fait - depuis l'Antiquit\u00e9<br>Dans les climats glacials ou tropicaux.<br>Ils ont mordu le cul et suc\u00e9 le sang<br>De No\u00e9, flottant sur le d\u00e9luge.<br>\u00a0<br>Ils ont mordu les pharaons au bord du Nil,<br>Et suc\u00e9 le sang de N\u00e9ron, tandis que<br>Il se tr\u00e9mousse en regardant les flammes<br>de Rome. Et si je cite des noms<br>\u00a0<br>Comme Platon, Michel-Ange<br>C'est juste pour que vous sachiez que<br>Que m\u00eame des gars aussi g\u00e9niaux que lui<br>Il a re\u00e7u le baiser sanglant de la punaise de lit.<br>\u00a0<br>M\u00eame la sainte Jeanne d'Arc<br>(Certainement l'\u00e9tincelle la plus brillante de son pays)<br>S'est jet\u00e9 sur le b\u00fbcher ardent,<br>Et s'est \u00e9cri\u00e9 : \"Je ne peux tout simplement pas supporter<br>\u00a0<br>\"Une autre nuit dans ce maudit lit,<br>\"Avec des insectes vivants des pieds \u00e0 la t\u00eate.<br>\"Je pr\u00e9f\u00e8re affronter le myst\u00e8re br\u00fblant de la mort.\"<br>Elle l'a fait.  Le reste appartient \u00e0 l'histoire.<br>\u00a0<br>Et que dire de Marie-Antoinette,<br>Qui a dit : \"Cinq cents insectes, je parie,<br>\"Mordez-moi, bien que je sois reine.<br>\"Je pr\u00e9f\u00e8re affronter la guillotine<br>\u00a0<br>\"Puis se blottir \u00e0 nouveau contre les insectes.\"<br>Ils l'ont prise au mot.  Amen.<br>A Oz, l'homme de la rivi\u00e8re enneig\u00e9e<br>Il a fait preuve d'audace et d'habilet\u00e9, selon l'article,<br>\u00a0<br>Pour contenir le troupeau de brumbies.<br>Ses propos r\u00e9v\u00e8lent un autre son de cloche -<br>Ils ont r\u00e9sonn\u00e9 dans l'escarpement de la montagne,<br>\"Il y a des punaises de lit dans mon swaaaag !\"<br>\u00a0<br>Et loin, dans les ann\u00e9es suivantes,<br>\u00a0Une histoire de cricket qui fait encore couler des larmes.<br>A Lord's, dans ce que certains appellent la malchance,<br>Don Bradman a fait un canard en match d'essai.<br>\u00a0<br>\"La malchance ?\", s'est-il emport\u00e9, \"C'\u00e9tait l'enfer -<br>\"Il y a des punaises de lit dans l'h\u00f4tel de l'\u00e9quipe !\"<br>Mais le pire, c'est que les punaises de lit ont piqu\u00e9<br>L'Adolph Hitler endormi. Il<br>\u00a0<br>Cela l'a mis en col\u00e8re plus qu'il ne pouvait le supporter.<br>Il a piqu\u00e9 une crise \u00e0 ce moment-l\u00e0<br>Il s'est arrach\u00e9 les cheveux, il a frapp\u00e9 sa botte,<br>Il d\u00e9gaine son arme, comme pour tirer.<br>\u00a0<br>Et pleura, de col\u00e8re plus que de chagrin,<br>\"Je commence la deuxi\u00e8me guerre mondiale DEMAIN !\"<br>Alors s'il vous pla\u00eet, cher lecteur, fouillez votre chambre<br>Avant de conna\u00eetre une fin douloureuse.<br>\u00a0<br>Cherchez dans votre matelas, cherchez dans votre doona,<br>Faites-le maintenant, ou m\u00eame plus t\u00f4t.<br>Fouillez les fissures et les recoins de vos planchers,<br>Fouillez votre maison, fouillez celle de votre grand-m\u00e8re,<br>\u00a0<br>Oncles, cousins, chaque parent.<br>Ne prenez pas le risque d'une infestation,<br>De peur que nous ne soyons tous<br>Les victimes de la troisi\u00e8me guerre mondiale.<\/p><\/blockquote>\n\n\n\n<p class=\"has-text-align-center\"><strong>Un po\u00e8me de Dermot Dorgan<\/strong><\/p>","protected":false},"excerpt":{"rendered":"<p>Among the insects made by GodA small blood-sucking arthropodCalled\u00a0Cimex LectulariusWas sent to bit and harry us.\u00a0Now, what possessed the DeityTo do this is a mystery.Perhaps God felt in playful mood,And said, &#8220;I&#8217;ll send this little dude\u00a0&#8220;To hide till folks are &hellip; <a href=\"https:\/\/www.bedbugfoundation.org\/fr\/the-bed-bug\/\">Continuer la lecture <span class=\"meta-nav\">\u2192<\/span><\/a><\/p>","protected":false},"author":195,"featured_media":0,"parent":0,"menu_order":0,"comment_status":"closed","ping_status":"closed","template":"","meta":{"_bbp_topic_count":0,"_bbp_reply_count":0,"_bbp_total_topic_count":0,"_bbp_total_reply_count":0,"_bbp_voice_count":0,"_bbp_anonymous_reply_count":0,"_bbp_topic_count_hidden":0,"_bbp_reply_count_hidden":0,"_bbp_forum_subforum_count":0,"footnotes":""},"class_list":["post-9402","page","type-page","status-publish","hentry"],"yoast_head":"<!-- This site is optimized with the Yoast SEO plugin v27.4 - https:\/\/yoast.com\/product\/yoast-seo-wordpress\/ -->\n<title>The Bed Bug Poem - Bed Bug Foundation<\/title>\n<meta name=\"robots\" content=\"index, follow, max-snippet:-1, max-image-preview:large, max-video-preview:-1\" \/>\n<link rel=\"canonical\" href=\"https:\/\/www.bedbugfoundation.org\/fr\/the-bed-bug\/\" \/>\n<meta property=\"og:locale\" content=\"fr_FR\" \/>\n<meta property=\"og:type\" content=\"article\" \/>\n<meta property=\"og:title\" content=\"The Bed Bug Poem - Bed Bug Foundation\" \/>\n<meta property=\"og:description\" content=\"Among the insects made by GodA small blood-sucking arthropodCalled\u00a0Cimex LectulariusWas sent to bit and harry us.\u00a0Now, what possessed the DeityTo do this is a mystery.Perhaps God felt in playful mood,And said, &#8220;I&#8217;ll send this little dude\u00a0&#8220;To hide till folks are &hellip; Continuer la lecture &rarr;\" \/>\n<meta property=\"og:url\" content=\"https:\/\/www.bedbugfoundation.org\/fr\/the-bed-bug\/\" \/>\n<meta property=\"og:site_name\" content=\"Bed Bug Foundation\" \/>\n<meta property=\"article:modified_time\" content=\"2023-09-05T08:53:25+00:00\" \/>\n<meta name=\"twitter:card\" content=\"summary_large_image\" \/>\n<meta name=\"twitter:label1\" content=\"Dur\u00e9e de lecture estim\u00e9e\" \/>\n\t<meta name=\"twitter:data1\" content=\"3 minutes\" \/>\n<script type=\"application\/ld+json\" class=\"yoast-schema-graph\">{\"@context\":\"https:\\\/\\\/schema.org\",\"@graph\":[{\"@type\":\"WebPage\",\"@id\":\"https:\\\/\\\/www.bedbugfoundation.org\\\/the-bed-bug\\\/\",\"url\":\"https:\\\/\\\/www.bedbugfoundation.org\\\/the-bed-bug\\\/\",\"name\":\"The Bed Bug Poem - Bed Bug Foundation\",\"isPartOf\":{\"@id\":\"https:\\\/\\\/www.bedbugfoundation.org\\\/#website\"},\"datePublished\":\"2022-10-25T10:14:35+00:00\",\"dateModified\":\"2023-09-05T08:53:25+00:00\",\"breadcrumb\":{\"@id\":\"https:\\\/\\\/www.bedbugfoundation.org\\\/the-bed-bug\\\/#breadcrumb\"},\"inLanguage\":\"fr-FR\",\"potentialAction\":[{\"@type\":\"ReadAction\",\"target\":[\"https:\\\/\\\/www.bedbugfoundation.org\\\/the-bed-bug\\\/\"]}]},{\"@type\":\"BreadcrumbList\",\"@id\":\"https:\\\/\\\/www.bedbugfoundation.org\\\/the-bed-bug\\\/#breadcrumb\",\"itemListElement\":[{\"@type\":\"ListItem\",\"position\":1,\"name\":\"Home\",\"item\":\"https:\\\/\\\/www.bedbugfoundation.org\\\/\"},{\"@type\":\"ListItem\",\"position\":2,\"name\":\"The Bed Bug Poem\"}]},{\"@type\":\"WebSite\",\"@id\":\"https:\\\/\\\/www.bedbugfoundation.org\\\/#website\",\"url\":\"https:\\\/\\\/www.bedbugfoundation.org\\\/\",\"name\":\"Bed Bug Foundation\",\"description\":\"Home of the European Code of Practice for Bed Bug Management\",\"potentialAction\":[{\"@type\":\"SearchAction\",\"target\":{\"@type\":\"EntryPoint\",\"urlTemplate\":\"https:\\\/\\\/www.bedbugfoundation.org\\\/?s={search_term_string}\"},\"query-input\":{\"@type\":\"PropertyValueSpecification\",\"valueRequired\":true,\"valueName\":\"search_term_string\"}}],\"inLanguage\":\"fr-FR\"}]}<\/script>\n<!-- \/ Yoast SEO plugin. -->","yoast_head_json":{"title":"The Bed Bug Poem - Bed Bug Foundation","robots":{"index":"index","follow":"follow","max-snippet":"max-snippet:-1","max-image-preview":"max-image-preview:large","max-video-preview":"max-video-preview:-1"},"canonical":"https:\/\/www.bedbugfoundation.org\/fr\/the-bed-bug\/","og_locale":"fr_FR","og_type":"article","og_title":"The Bed Bug Poem - Bed Bug Foundation","og_description":"Among the insects made by GodA small blood-sucking arthropodCalled\u00a0Cimex LectulariusWas sent to bit and harry us.\u00a0Now, what possessed the DeityTo do this is a mystery.Perhaps God felt in playful mood,And said, &#8220;I&#8217;ll send this little dude\u00a0&#8220;To hide till folks are &hellip; Continuer la lecture &rarr;","og_url":"https:\/\/www.bedbugfoundation.org\/fr\/the-bed-bug\/","og_site_name":"Bed Bug Foundation","article_modified_time":"2023-09-05T08:53:25+00:00","twitter_card":"summary_large_image","twitter_misc":{"Dur\u00e9e de lecture estim\u00e9e":"3 minutes"},"schema":{"@context":"https:\/\/schema.org","@graph":[{"@type":"WebPage","@id":"https:\/\/www.bedbugfoundation.org\/the-bed-bug\/","url":"https:\/\/www.bedbugfoundation.org\/the-bed-bug\/","name":"The Bed Bug Poem - Bed Bug Foundation","isPartOf":{"@id":"https:\/\/www.bedbugfoundation.org\/#website"},"datePublished":"2022-10-25T10:14:35+00:00","dateModified":"2023-09-05T08:53:25+00:00","breadcrumb":{"@id":"https:\/\/www.bedbugfoundation.org\/the-bed-bug\/#breadcrumb"},"inLanguage":"fr-FR","potentialAction":[{"@type":"ReadAction","target":["https:\/\/www.bedbugfoundation.org\/the-bed-bug\/"]}]},{"@type":"BreadcrumbList","@id":"https:\/\/www.bedbugfoundation.org\/the-bed-bug\/#breadcrumb","itemListElement":[{"@type":"ListItem","position":1,"name":"Home","item":"https:\/\/www.bedbugfoundation.org\/"},{"@type":"ListItem","position":2,"name":"The Bed Bug Poem"}]},{"@type":"WebSite","@id":"https:\/\/www.bedbugfoundation.org\/#website","url":"https:\/\/www.bedbugfoundation.org\/","name":"Fondation contre les punaises de lit","description":"Accueil du Code europ\u00e9en de bonnes pratiques pour la lutte contre les punaises de lit","potentialAction":[{"@type":"SearchAction","target":{"@type":"EntryPoint","urlTemplate":"https:\/\/www.bedbugfoundation.org\/?s={search_term_string}"},"query-input":{"@type":"PropertyValueSpecification","valueRequired":true,"valueName":"search_term_string"}}],"inLanguage":"fr-FR"}]}},"_links":{"self":[{"href":"https:\/\/www.bedbugfoundation.org\/fr\/wp-json\/wp\/v2\/pages\/9402","targetHints":{"allow":["GET"]}}],"collection":[{"href":"https:\/\/www.bedbugfoundation.org\/fr\/wp-json\/wp\/v2\/pages"}],"about":[{"href":"https:\/\/www.bedbugfoundation.org\/fr\/wp-json\/wp\/v2\/types\/page"}],"author":[{"embeddable":true,"href":"https:\/\/www.bedbugfoundation.org\/fr\/wp-json\/wp\/v2\/users\/195"}],"replies":[{"embeddable":true,"href":"https:\/\/www.bedbugfoundation.org\/fr\/wp-json\/wp\/v2\/comments?post=9402"}],"version-history":[{"count":4,"href":"https:\/\/www.bedbugfoundation.org\/fr\/wp-json\/wp\/v2\/pages\/9402\/revisions"}],"predecessor-version":[{"id":9816,"href":"https:\/\/www.bedbugfoundation.org\/fr\/wp-json\/wp\/v2\/pages\/9402\/revisions\/9816"}],"wp:attachment":[{"href":"https:\/\/www.bedbugfoundation.org\/fr\/wp-json\/wp\/v2\/media?parent=9402"}],"curies":[{"name":"wp","href":"https:\/\/api.w.org\/{rel}","templated":true}]}}