{"id":9602,"date":"2023-04-26T15:43:22","date_gmt":"2023-04-26T14:43:22","guid":{"rendered":"https:\/\/www.bedbugfoundation.org\/?page_id=9602"},"modified":"2023-04-26T15:51:54","modified_gmt":"2023-04-26T14:51:54","slug":"maylen-gare","status":"publish","type":"page","link":"https:\/\/www.bedbugfoundation.org\/fr\/who-are-we\/the-canine-leadership\/maylen-gare\/","title":{"rendered":"Maylen Gare"},"content":{"rendered":"<div class=\"wp-block-image\">\n<figure class=\"alignright size-large is-resized\"><a href=\"https:\/\/www.bedbugfoundation.org\/wp-content\/uploads\/2023\/04\/image3.jpeg\"><img loading=\"lazy\" decoding=\"async\" src=\"https:\/\/www.bedbugfoundation.org\/wp-content\/uploads\/2023\/04\/image3-edited.jpeg\" alt=\"\" class=\"wp-image-9605\" width=\"239\" height=\"327\"\/><\/a><\/figure>\n<\/div>\n\n\n<p>Je vis dans une petite ferme en Norv\u00e8ge o\u00f9 je dirige mon entreprise Gare G\u00e5rd.<\/p>\n\n\n\n<p>Vous y trouverez un h\u00f4tel pour chiens, un \u00e9levage de la race Chodsky Pes, des cours pour chiens et propri\u00e9taires et des chiens de d\u00e9tection.<\/p>\n\n\n\n<p>J'ai une formation d'instructrice agr\u00e9\u00e9e pour les chiots ainsi qu'une formation avec une sp\u00e9cialisation en comportement canin. Je travaille professionnellement avec des chiens depuis 10 ans.<\/p>\n\n\n\n<p>Ma grande passion pour le dressage des chiens est la d\u00e9tection et le pistage, ainsi que le langage du chien. J'ai beaucoup appris de mes h\u00f4tes \u00e0 l'h\u00f4tel pour chiens.<\/p>\n\n\n\n<p>J'ai moi-m\u00eame un chien m\u00e2le, Caizer, qui est certifi\u00e9 par le BBF. Mon deuxi\u00e8me chien, Baileys, est en cours de formation et j'esp\u00e8re que nous serons certifi\u00e9s cet \u00e9t\u00e9.&nbsp;<\/p>\n\n\n\n<p>En f\u00e9vrier, Larry \u00e9tait en Norv\u00e8ge pour certifier certaines des \u00e9quipes que j'ai form\u00e9es, qui ont toutes re\u00e7u leur certification. Je suis tr\u00e8s fi\u00e8re !<\/p>\n\n\n\n<p>J'ai \u00e9t\u00e9 agr\u00e9\u00e9e comme formatrice et lieu de formation par le BBF.<\/p>\n\n\n\n<p>Je suis incroyablement reconnaissante et fi\u00e8re de faire partie de cette \u00e9quipe, et j'attends avec impatience la suite.<\/p>\n\n\n\n<figure class=\"wp-block-image size-large\"><a href=\"https:\/\/www.bedbugfoundation.org\/wp-content\/uploads\/2023\/04\/image0-scaled.jpeg\"><img loading=\"lazy\" decoding=\"async\" width=\"1024\" height=\"768\" src=\"https:\/\/www.bedbugfoundation.org\/wp-content\/uploads\/2023\/04\/image0-1024x768.jpeg\" alt=\"\" class=\"wp-image-9603\" srcset=\"https:\/\/www.bedbugfoundation.org\/wp-content\/uploads\/2023\/04\/image0-1024x768.jpeg 1024w, https:\/\/www.bedbugfoundation.org\/wp-content\/uploads\/2023\/04\/image0-300x225.jpeg 300w, https:\/\/www.bedbugfoundation.org\/wp-content\/uploads\/2023\/04\/image0-768x576.jpeg 768w, https:\/\/www.bedbugfoundation.org\/wp-content\/uploads\/2023\/04\/image0-1536x1152.jpeg 1536w, https:\/\/www.bedbugfoundation.org\/wp-content\/uploads\/2023\/04\/image0-2048x1536.jpeg 2048w, https:\/\/www.bedbugfoundation.org\/wp-content\/uploads\/2023\/04\/image0-16x12.jpeg 16w, https:\/\/www.bedbugfoundation.org\/wp-content\/uploads\/2023\/04\/image0-400x300.jpeg 400w\" sizes=\"auto, (max-width: 1024px) 100vw, 1024px\" \/><\/a><\/figure>","protected":false},"excerpt":{"rendered":"<p>Je vis dans une petite ferme en Norv\u00e8ge o\u00f9 je dirige mon entreprise Gare G\u00e5rd. Vous y trouverez un h\u00f4tel pour chiens, un \u00e9levage de la race Chodsky Pes, des cours pour chiens et propri\u00e9taires et des chiens de d\u00e9tection. J'ai un ... <a href=\"https:\/\/www.bedbugfoundation.org\/fr\/who-are-we\/the-canine-leadership\/maylen-gare\/\">Continuer la lecture <span class=\"meta-nav\">\u2192<\/span><\/a><\/p>","protected":false},"author":195,"featured_media":0,"parent":8297,"menu_order":0,"comment_status":"closed","ping_status":"closed","template":"","meta":{"_bbp_topic_count":0,"_bbp_reply_count":0,"_bbp_total_topic_count":0,"_bbp_total_reply_count":0,"_bbp_voice_count":0,"_bbp_anonymous_reply_count":0,"_bbp_topic_count_hidden":0,"_bbp_reply_count_hidden":0,"_bbp_forum_subforum_count":0,"footnotes":""},"class_list":["post-9602","page","type-page","status-publish","hentry"],"yoast_head":"<!-- This site is optimized with the Yoast SEO plugin v27.5 - https:\/\/yoast.com\/product\/yoast-seo-wordpress\/ -->\n<title>Maylen Gare - Bed Bug Foundation<\/title>\n<meta name=\"robots\" content=\"index, follow, max-snippet:-1, max-image-preview:large, max-video-preview:-1\" \/>\n<link rel=\"canonical\" href=\"https:\/\/www.bedbugfoundation.org\/fr\/who-are-we\/the-canine-leadership\/maylen-gare\/\" \/>\n<meta property=\"og:locale\" content=\"fr_FR\" \/>\n<meta property=\"og:type\" content=\"article\" \/>\n<meta property=\"og:title\" content=\"Maylen Gare - Bed Bug Foundation\" \/>\n<meta property=\"og:description\" content=\"I live on a small farm in Norway where I run my company Gare G\u00e5rd. Here you will find a hotel for dogs, breeding of the Chodsky Pes breed, courses for dogs and owners and detection dogs. I have an &hellip; Continuer la lecture &rarr;\" \/>\n<meta property=\"og:url\" content=\"https:\/\/www.bedbugfoundation.org\/fr\/who-are-we\/the-canine-leadership\/maylen-gare\/\" \/>\n<meta property=\"og:site_name\" content=\"Bed Bug Foundation\" \/>\n<meta property=\"article:modified_time\" content=\"2023-04-26T14:51:54+00:00\" \/>\n<meta property=\"og:image\" content=\"https:\/\/www.bedbugfoundation.org\/wp-content\/uploads\/2023\/04\/image3-edited.jpeg\" \/>\n<meta name=\"twitter:card\" content=\"summary_large_image\" \/>\n<meta name=\"twitter:label1\" content=\"Dur\u00e9e de lecture estim\u00e9e\" \/>\n\t<meta name=\"twitter:data1\" content=\"2 minutes\" \/>\n<script type=\"application\/ld+json\" class=\"yoast-schema-graph\">{\"@context\":\"https:\\\/\\\/schema.org\",\"@graph\":[{\"@type\":\"WebPage\",\"@id\":\"https:\\\/\\\/www.bedbugfoundation.org\\\/who-are-we\\\/the-canine-leadership\\\/maylen-gare\\\/\",\"url\":\"https:\\\/\\\/www.bedbugfoundation.org\\\/who-are-we\\\/the-canine-leadership\\\/maylen-gare\\\/\",\"name\":\"Maylen Gare - Bed Bug Foundation\",\"isPartOf\":{\"@id\":\"https:\\\/\\\/www.bedbugfoundation.org\\\/#website\"},\"primaryImageOfPage\":{\"@id\":\"https:\\\/\\\/www.bedbugfoundation.org\\\/who-are-we\\\/the-canine-leadership\\\/maylen-gare\\\/#primaryimage\"},\"image\":{\"@id\":\"https:\\\/\\\/www.bedbugfoundation.org\\\/who-are-we\\\/the-canine-leadership\\\/maylen-gare\\\/#primaryimage\"},\"thumbnailUrl\":\"https:\\\/\\\/www.bedbugfoundation.org\\\/wp-content\\\/uploads\\\/2023\\\/04\\\/image3-edited.jpeg\",\"datePublished\":\"2023-04-26T14:43:22+00:00\",\"dateModified\":\"2023-04-26T14:51:54+00:00\",\"breadcrumb\":{\"@id\":\"https:\\\/\\\/www.bedbugfoundation.org\\\/who-are-we\\\/the-canine-leadership\\\/maylen-gare\\\/#breadcrumb\"},\"inLanguage\":\"fr-FR\",\"potentialAction\":[{\"@type\":\"ReadAction\",\"target\":[\"https:\\\/\\\/www.bedbugfoundation.org\\\/who-are-we\\\/the-canine-leadership\\\/maylen-gare\\\/\"]}]},{\"@type\":\"ImageObject\",\"inLanguage\":\"fr-FR\",\"@id\":\"https:\\\/\\\/www.bedbugfoundation.org\\\/who-are-we\\\/the-canine-leadership\\\/maylen-gare\\\/#primaryimage\",\"url\":\"https:\\\/\\\/www.bedbugfoundation.org\\\/wp-content\\\/uploads\\\/2023\\\/04\\\/image3-edited.jpeg\",\"contentUrl\":\"https:\\\/\\\/www.bedbugfoundation.org\\\/wp-content\\\/uploads\\\/2023\\\/04\\\/image3-edited.jpeg\"},{\"@type\":\"BreadcrumbList\",\"@id\":\"https:\\\/\\\/www.bedbugfoundation.org\\\/who-are-we\\\/the-canine-leadership\\\/maylen-gare\\\/#breadcrumb\",\"itemListElement\":[{\"@type\":\"ListItem\",\"position\":1,\"name\":\"Home\",\"item\":\"https:\\\/\\\/www.bedbugfoundation.org\\\/\"},{\"@type\":\"ListItem\",\"position\":2,\"name\":\"Who Are We?\",\"item\":\"https:\\\/\\\/www.bedbugfoundation.org\\\/who-are-we\\\/\"},{\"@type\":\"ListItem\",\"position\":3,\"name\":\"Canine Leadership\",\"item\":\"https:\\\/\\\/www.bedbugfoundation.org\\\/fr\\\/who-are-we\\\/the-canine-leadership\\\/\"},{\"@type\":\"ListItem\",\"position\":4,\"name\":\"Maylen Gare\"}]},{\"@type\":\"WebSite\",\"@id\":\"https:\\\/\\\/www.bedbugfoundation.org\\\/#website\",\"url\":\"https:\\\/\\\/www.bedbugfoundation.org\\\/\",\"name\":\"Bed Bug Foundation\",\"description\":\"Home of the European Code of Practice for Bed Bug Management\",\"potentialAction\":[{\"@type\":\"SearchAction\",\"target\":{\"@type\":\"EntryPoint\",\"urlTemplate\":\"https:\\\/\\\/www.bedbugfoundation.org\\\/?s={search_term_string}\"},\"query-input\":{\"@type\":\"PropertyValueSpecification\",\"valueRequired\":true,\"valueName\":\"search_term_string\"}}],\"inLanguage\":\"fr-FR\"}]}<\/script>\n<!-- \/ Yoast SEO plugin. -->","yoast_head_json":{"title":"Maylen Gare - Fondation contre les punaises de lit","robots":{"index":"index","follow":"follow","max-snippet":"max-snippet:-1","max-image-preview":"max-image-preview:large","max-video-preview":"max-video-preview:-1"},"canonical":"https:\/\/www.bedbugfoundation.org\/fr\/who-are-we\/the-canine-leadership\/maylen-gare\/","og_locale":"fr_FR","og_type":"article","og_title":"Maylen Gare - Bed Bug Foundation","og_description":"I live on a small farm in Norway where I run my company Gare G\u00e5rd. Here you will find a hotel for dogs, breeding of the Chodsky Pes breed, courses for dogs and owners and detection dogs. I have an &hellip; Continuer la lecture &rarr;","og_url":"https:\/\/www.bedbugfoundation.org\/fr\/who-are-we\/the-canine-leadership\/maylen-gare\/","og_site_name":"Bed Bug Foundation","article_modified_time":"2023-04-26T14:51:54+00:00","og_image":[{"url":"https:\/\/www.bedbugfoundation.org\/wp-content\/uploads\/2023\/04\/image3-edited.jpeg","type":"","width":"","height":""}],"twitter_card":"summary_large_image","twitter_misc":{"Dur\u00e9e de lecture estim\u00e9e":"2 minutes"},"schema":{"@context":"https:\/\/schema.org","@graph":[{"@type":"WebPage","@id":"https:\/\/www.bedbugfoundation.org\/who-are-we\/the-canine-leadership\/maylen-gare\/","url":"https:\/\/www.bedbugfoundation.org\/who-are-we\/the-canine-leadership\/maylen-gare\/","name":"Maylen Gare - Fondation contre les punaises de lit","isPartOf":{"@id":"https:\/\/www.bedbugfoundation.org\/#website"},"primaryImageOfPage":{"@id":"https:\/\/www.bedbugfoundation.org\/who-are-we\/the-canine-leadership\/maylen-gare\/#primaryimage"},"image":{"@id":"https:\/\/www.bedbugfoundation.org\/who-are-we\/the-canine-leadership\/maylen-gare\/#primaryimage"},"thumbnailUrl":"https:\/\/www.bedbugfoundation.org\/wp-content\/uploads\/2023\/04\/image3-edited.jpeg","datePublished":"2023-04-26T14:43:22+00:00","dateModified":"2023-04-26T14:51:54+00:00","breadcrumb":{"@id":"https:\/\/www.bedbugfoundation.org\/who-are-we\/the-canine-leadership\/maylen-gare\/#breadcrumb"},"inLanguage":"fr-FR","potentialAction":[{"@type":"ReadAction","target":["https:\/\/www.bedbugfoundation.org\/who-are-we\/the-canine-leadership\/maylen-gare\/"]}]},{"@type":"ImageObject","inLanguage":"fr-FR","@id":"https:\/\/www.bedbugfoundation.org\/who-are-we\/the-canine-leadership\/maylen-gare\/#primaryimage","url":"https:\/\/www.bedbugfoundation.org\/wp-content\/uploads\/2023\/04\/image3-edited.jpeg","contentUrl":"https:\/\/www.bedbugfoundation.org\/wp-content\/uploads\/2023\/04\/image3-edited.jpeg"},{"@type":"BreadcrumbList","@id":"https:\/\/www.bedbugfoundation.org\/who-are-we\/the-canine-leadership\/maylen-gare\/#breadcrumb","itemListElement":[{"@type":"ListItem","position":1,"name":"Home","item":"https:\/\/www.bedbugfoundation.org\/"},{"@type":"ListItem","position":2,"name":"Who Are We?","item":"https:\/\/www.bedbugfoundation.org\/who-are-we\/"},{"@type":"ListItem","position":3,"name":"Canine Leadership","item":"https:\/\/www.bedbugfoundation.org\/fr\/who-are-we\/the-canine-leadership\/"},{"@type":"ListItem","position":4,"name":"Maylen Gare"}]},{"@type":"WebSite","@id":"https:\/\/www.bedbugfoundation.org\/#website","url":"https:\/\/www.bedbugfoundation.org\/","name":"Fondation contre les punaises de lit","description":"Accueil du Code europ\u00e9en de bonnes pratiques pour la lutte contre les punaises de lit","potentialAction":[{"@type":"SearchAction","target":{"@type":"EntryPoint","urlTemplate":"https:\/\/www.bedbugfoundation.org\/?s={search_term_string}"},"query-input":{"@type":"PropertyValueSpecification","valueRequired":true,"valueName":"search_term_string"}}],"inLanguage":"fr-FR"}]}},"_links":{"self":[{"href":"https:\/\/www.bedbugfoundation.org\/fr\/wp-json\/wp\/v2\/pages\/9602","targetHints":{"allow":["GET"]}}],"collection":[{"href":"https:\/\/www.bedbugfoundation.org\/fr\/wp-json\/wp\/v2\/pages"}],"about":[{"href":"https:\/\/www.bedbugfoundation.org\/fr\/wp-json\/wp\/v2\/types\/page"}],"author":[{"embeddable":true,"href":"https:\/\/www.bedbugfoundation.org\/fr\/wp-json\/wp\/v2\/users\/195"}],"replies":[{"embeddable":true,"href":"https:\/\/www.bedbugfoundation.org\/fr\/wp-json\/wp\/v2\/comments?post=9602"}],"version-history":[{"count":1,"href":"https:\/\/www.bedbugfoundation.org\/fr\/wp-json\/wp\/v2\/pages\/9602\/revisions"}],"predecessor-version":[{"id":9606,"href":"https:\/\/www.bedbugfoundation.org\/fr\/wp-json\/wp\/v2\/pages\/9602\/revisions\/9606"}],"up":[{"embeddable":true,"href":"https:\/\/www.bedbugfoundation.org\/fr\/wp-json\/wp\/v2\/pages\/8297"}],"wp:attachment":[{"href":"https:\/\/www.bedbugfoundation.org\/fr\/wp-json\/wp\/v2\/media?parent=9602"}],"curies":[{"name":"wp","href":"https:\/\/api.w.org\/{rel}","templated":true}]}}