{"id":208,"date":"2012-12-21T17:02:13","date_gmt":"2012-12-21T17:02:13","guid":{"rendered":"http:\/\/bedbugfoundation.org\/?page_id=208"},"modified":"2020-02-25T16:09:10","modified_gmt":"2020-02-25T16:09:10","slug":"life-cycle","status":"publish","type":"page","link":"https:\/\/www.bedbugfoundation.org\/it\/bed-bug-biology\/life-cycle\/","title":{"rendered":"Ciclo di vita"},"content":{"rendered":"<p>Le cimici dei letti sono vere e proprie cimici (Ordine: Hemiptera), appartenenti alla famiglia Cimicidae. Come tutti gli altri membri di questa famiglia si nutrono esclusivamente di sangue, richiedendo un pasto a uno dei vari ospiti vertebrati per potersi sviluppare tra un istante e l'altro (fasi della vita) e per riprodursi.<\/p>\n<p><a href=\"http:\/\/bedbugfoundation.org\/wp-content\/uploads\/2012\/12\/Life-Cyle-of-the-Bedbug.png\"><img loading=\"lazy\" decoding=\"async\" class=\"alignnone size-full wp-image-209\" src=\"http:\/\/bedbugfoundation.org\/wp-content\/uploads\/2012\/12\/Life-Cyle-of-the-Bedbug.png\" alt=\"Ciclo della vita della cimice da letto\" width=\"633\" height=\"752\" srcset=\"https:\/\/www.bedbugfoundation.org\/wp-content\/uploads\/2012\/12\/Life-Cyle-of-the-Bedbug.png 839w, https:\/\/www.bedbugfoundation.org\/wp-content\/uploads\/2012\/12\/Life-Cyle-of-the-Bedbug-300x356.png 300w, https:\/\/www.bedbugfoundation.org\/wp-content\/uploads\/2012\/12\/Life-Cyle-of-the-Bedbug-252x300.png 252w\" sizes=\"auto, (max-width: 633px) 100vw, 633px\" \/><\/a><\/p>\n<p><strong>Tempo di sviluppo<\/strong><\/p>\n<p>Il tempo di sviluppo \u00e8 fortemente influenzato dalla temperatura. Al di sotto dei 13\u00b0C tutto lo sviluppo cessa, le femmine smettono di deporre e le uova che sono state deposte non si schiudono. Al di sopra dei 36\u00b0C, i danni ai simbionti batterici, che aiutano la sintesi dei micronutrienti, riducono la fecondit\u00e0 e la sopravvivenza. Tra questi due estremi il tempo di sviluppo diminuisce con l'aumentare della temperatura (vedi sotto).<\/p>\n<p><a href=\"http:\/\/bedbugfoundation.org\/wp-content\/uploads\/2012\/12\/Screen-Shot-2012-12-21-at-17.07.57.png\"><img loading=\"lazy\" decoding=\"async\" class=\"alignnone size-full wp-image-214\" src=\"http:\/\/bedbugfoundation.org\/wp-content\/uploads\/2012\/12\/Screen-Shot-2012-12-21-at-17.07.57.png\" alt=\"Screen Shot 2012-12-21 al 17.07.57\" width=\"625\" height=\"377\" srcset=\"https:\/\/www.bedbugfoundation.org\/wp-content\/uploads\/2012\/12\/Screen-Shot-2012-12-21-at-17.07.57.png 1030w, https:\/\/www.bedbugfoundation.org\/wp-content\/uploads\/2012\/12\/Screen-Shot-2012-12-21-at-17.07.57-300x181.png 300w, https:\/\/www.bedbugfoundation.org\/wp-content\/uploads\/2012\/12\/Screen-Shot-2012-12-21-at-17.07.57-1024x618.png 1024w\" sizes=\"auto, (max-width: 625px) 100vw, 625px\" \/><\/a><\/p>\n<p><strong>Tasso di riproduzione<\/strong><\/p>\n<p>Le cimici dei letti femminili devono accoppiarsi almeno una volta ogni 5-6 settimane per mantenere la piena fertilit\u00e0, anche se si ritiene che i tassi di accoppiamento naturale siano molto pi\u00f9 elevati.<\/p>\n<p>Il numero di uova che una femmina depone alla settimana \u00e8 fortemente influenzato dalla temperatura e dalla variazione individuale. In una stanza calda, ci si pu\u00f2 aspettare che una singola femmina deponga 15-25 uova alla settimana, e fino a 500 per tutta la vita, purch\u00e9 abbia accesso continuo al cibo e si accoppi regolarmente.<\/p>\n<p><a href=\"https:\/\/www.bedbugfoundation.org\/it\/bedbug-biology\/identification\/\">Prossimo &gt;&gt;<\/a><\/p>","protected":false},"excerpt":{"rendered":"<p>Le cimici dei letti sono vere e proprie cimici (Ordine: Hemiptera), appartenenti alla famiglia Cimicidae. Come tutti gli altri membri di questa famiglia, si nutrono esclusivamente di sangue, richiedendo un pasto da uno dei diversi ospiti vertebrati per svilupparsi tra ... <a href=\"https:\/\/www.bedbugfoundation.org\/it\/bed-bug-biology\/life-cycle\/\">Continua a leggere<span class=\"meta-nav\">\u2192<\/span><\/a><\/p>","protected":false},"author":1,"featured_media":0,"parent":216,"menu_order":0,"comment_status":"closed","ping_status":"closed","template":"","meta":{"_bbp_topic_count":0,"_bbp_reply_count":0,"_bbp_total_topic_count":0,"_bbp_total_reply_count":0,"_bbp_voice_count":0,"_bbp_anonymous_reply_count":0,"_bbp_topic_count_hidden":0,"_bbp_reply_count_hidden":0,"_bbp_forum_subforum_count":0,"footnotes":""},"class_list":["post-208","page","type-page","status-publish","hentry"],"yoast_head":"<!-- This site is optimized with the Yoast SEO plugin v27.4 - https:\/\/yoast.com\/product\/yoast-seo-wordpress\/ -->\n<title>Life Cycle - Bed Bug Foundation<\/title>\n<meta name=\"robots\" content=\"index, follow, max-snippet:-1, max-image-preview:large, max-video-preview:-1\" \/>\n<link rel=\"canonical\" href=\"https:\/\/www.bedbugfoundation.org\/it\/bed-bug-biology\/life-cycle\/\" \/>\n<meta property=\"og:locale\" content=\"it_IT\" \/>\n<meta property=\"og:type\" content=\"article\" \/>\n<meta property=\"og:title\" content=\"Life Cycle - Bed Bug Foundation\" \/>\n<meta property=\"og:description\" content=\"Bed bugs are true bugs (Order: Hemiptera), belonging to the family Cimicidae. Like all other members of this family they feed solely on blood, requiring a meal from one of a range of vertebrate hosts in order to develop between &hellip; Continua a leggere&rarr;\" \/>\n<meta property=\"og:url\" content=\"https:\/\/www.bedbugfoundation.org\/it\/bed-bug-biology\/life-cycle\/\" \/>\n<meta property=\"og:site_name\" content=\"Bed Bug Foundation\" \/>\n<meta property=\"article:modified_time\" content=\"2020-02-25T16:09:10+00:00\" \/>\n<meta property=\"og:image\" content=\"http:\/\/bedbugfoundation.org\/wp-content\/uploads\/2012\/12\/Life-Cyle-of-the-Bedbug.png\" \/>\n<meta name=\"twitter:card\" content=\"summary_large_image\" \/>\n<meta name=\"twitter:label1\" content=\"Tempo di lettura stimato\" \/>\n\t<meta name=\"twitter:data1\" content=\"1 minuto\" \/>\n<script type=\"application\/ld+json\" class=\"yoast-schema-graph\">{\"@context\":\"https:\\\/\\\/schema.org\",\"@graph\":[{\"@type\":\"WebPage\",\"@id\":\"https:\\\/\\\/www.bedbugfoundation.org\\\/sv\\\/bed-bug-biology\\\/life-cycle\\\/\",\"url\":\"https:\\\/\\\/www.bedbugfoundation.org\\\/sv\\\/bed-bug-biology\\\/life-cycle\\\/\",\"name\":\"Life Cycle - Bed Bug Foundation\",\"isPartOf\":{\"@id\":\"https:\\\/\\\/www.bedbugfoundation.org\\\/#website\"},\"primaryImageOfPage\":{\"@id\":\"https:\\\/\\\/www.bedbugfoundation.org\\\/sv\\\/bed-bug-biology\\\/life-cycle\\\/#primaryimage\"},\"image\":{\"@id\":\"https:\\\/\\\/www.bedbugfoundation.org\\\/sv\\\/bed-bug-biology\\\/life-cycle\\\/#primaryimage\"},\"thumbnailUrl\":\"http:\\\/\\\/bedbugfoundation.org\\\/wp-content\\\/uploads\\\/2012\\\/12\\\/Life-Cyle-of-the-Bedbug.png\",\"datePublished\":\"2012-12-21T17:02:13+00:00\",\"dateModified\":\"2020-02-25T16:09:10+00:00\",\"breadcrumb\":{\"@id\":\"https:\\\/\\\/www.bedbugfoundation.org\\\/sv\\\/bed-bug-biology\\\/life-cycle\\\/#breadcrumb\"},\"inLanguage\":\"it-IT\",\"potentialAction\":[{\"@type\":\"ReadAction\",\"target\":[\"https:\\\/\\\/www.bedbugfoundation.org\\\/sv\\\/bed-bug-biology\\\/life-cycle\\\/\"]}]},{\"@type\":\"ImageObject\",\"inLanguage\":\"it-IT\",\"@id\":\"https:\\\/\\\/www.bedbugfoundation.org\\\/sv\\\/bed-bug-biology\\\/life-cycle\\\/#primaryimage\",\"url\":\"http:\\\/\\\/bedbugfoundation.org\\\/wp-content\\\/uploads\\\/2012\\\/12\\\/Life-Cyle-of-the-Bedbug.png\",\"contentUrl\":\"http:\\\/\\\/bedbugfoundation.org\\\/wp-content\\\/uploads\\\/2012\\\/12\\\/Life-Cyle-of-the-Bedbug.png\"},{\"@type\":\"BreadcrumbList\",\"@id\":\"https:\\\/\\\/www.bedbugfoundation.org\\\/sv\\\/bed-bug-biology\\\/life-cycle\\\/#breadcrumb\",\"itemListElement\":[{\"@type\":\"ListItem\",\"position\":1,\"name\":\"Home\",\"item\":\"https:\\\/\\\/www.bedbugfoundation.org\\\/\"},{\"@type\":\"ListItem\",\"position\":2,\"name\":\"Bed Bug Biology\",\"item\":\"https:\\\/\\\/www.bedbugfoundation.org\\\/bed-bug-biology\\\/\"},{\"@type\":\"ListItem\",\"position\":3,\"name\":\"Life Cycle\"}]},{\"@type\":\"WebSite\",\"@id\":\"https:\\\/\\\/www.bedbugfoundation.org\\\/#website\",\"url\":\"https:\\\/\\\/www.bedbugfoundation.org\\\/\",\"name\":\"Bed Bug Foundation\",\"description\":\"Home of the European Code of Practice for Bed Bug Management\",\"potentialAction\":[{\"@type\":\"SearchAction\",\"target\":{\"@type\":\"EntryPoint\",\"urlTemplate\":\"https:\\\/\\\/www.bedbugfoundation.org\\\/?s={search_term_string}\"},\"query-input\":{\"@type\":\"PropertyValueSpecification\",\"valueRequired\":true,\"valueName\":\"search_term_string\"}}],\"inLanguage\":\"it-IT\"}]}<\/script>\n<!-- \/ Yoast SEO plugin. -->","yoast_head_json":{"title":"Ciclo di vita - Fondazione Cimice dei letti","robots":{"index":"index","follow":"follow","max-snippet":"max-snippet:-1","max-image-preview":"max-image-preview:large","max-video-preview":"max-video-preview:-1"},"canonical":"https:\/\/www.bedbugfoundation.org\/it\/bed-bug-biology\/life-cycle\/","og_locale":"it_IT","og_type":"article","og_title":"Life Cycle - Bed Bug Foundation","og_description":"Bed bugs are true bugs (Order: Hemiptera), belonging to the family Cimicidae. Like all other members of this family they feed solely on blood, requiring a meal from one of a range of vertebrate hosts in order to develop between &hellip; Continua a leggere&rarr;","og_url":"https:\/\/www.bedbugfoundation.org\/it\/bed-bug-biology\/life-cycle\/","og_site_name":"Bed Bug Foundation","article_modified_time":"2020-02-25T16:09:10+00:00","og_image":[{"url":"http:\/\/bedbugfoundation.org\/wp-content\/uploads\/2012\/12\/Life-Cyle-of-the-Bedbug.png","type":"","width":"","height":""}],"twitter_card":"summary_large_image","twitter_misc":{"Tempo di lettura stimato":"1 minuto"},"schema":{"@context":"https:\/\/schema.org","@graph":[{"@type":"WebPage","@id":"https:\/\/www.bedbugfoundation.org\/sv\/bed-bug-biology\/life-cycle\/","url":"https:\/\/www.bedbugfoundation.org\/sv\/bed-bug-biology\/life-cycle\/","name":"Ciclo di vita - Fondazione Cimice dei letti","isPartOf":{"@id":"https:\/\/www.bedbugfoundation.org\/#website"},"primaryImageOfPage":{"@id":"https:\/\/www.bedbugfoundation.org\/sv\/bed-bug-biology\/life-cycle\/#primaryimage"},"image":{"@id":"https:\/\/www.bedbugfoundation.org\/sv\/bed-bug-biology\/life-cycle\/#primaryimage"},"thumbnailUrl":"http:\/\/bedbugfoundation.org\/wp-content\/uploads\/2012\/12\/Life-Cyle-of-the-Bedbug.png","datePublished":"2012-12-21T17:02:13+00:00","dateModified":"2020-02-25T16:09:10+00:00","breadcrumb":{"@id":"https:\/\/www.bedbugfoundation.org\/sv\/bed-bug-biology\/life-cycle\/#breadcrumb"},"inLanguage":"it-IT","potentialAction":[{"@type":"ReadAction","target":["https:\/\/www.bedbugfoundation.org\/sv\/bed-bug-biology\/life-cycle\/"]}]},{"@type":"ImageObject","inLanguage":"it-IT","@id":"https:\/\/www.bedbugfoundation.org\/sv\/bed-bug-biology\/life-cycle\/#primaryimage","url":"http:\/\/bedbugfoundation.org\/wp-content\/uploads\/2012\/12\/Life-Cyle-of-the-Bedbug.png","contentUrl":"http:\/\/bedbugfoundation.org\/wp-content\/uploads\/2012\/12\/Life-Cyle-of-the-Bedbug.png"},{"@type":"BreadcrumbList","@id":"https:\/\/www.bedbugfoundation.org\/sv\/bed-bug-biology\/life-cycle\/#breadcrumb","itemListElement":[{"@type":"ListItem","position":1,"name":"Home","item":"https:\/\/www.bedbugfoundation.org\/"},{"@type":"ListItem","position":2,"name":"Bed Bug Biology","item":"https:\/\/www.bedbugfoundation.org\/bed-bug-biology\/"},{"@type":"ListItem","position":3,"name":"Life Cycle"}]},{"@type":"WebSite","@id":"https:\/\/www.bedbugfoundation.org\/#website","url":"https:\/\/www.bedbugfoundation.org\/","name":"Fondazione per le cimici dei letti","description":"Home del Codice europeo di pratica per la gestione delle cimici dei letti","potentialAction":[{"@type":"SearchAction","target":{"@type":"EntryPoint","urlTemplate":"https:\/\/www.bedbugfoundation.org\/?s={search_term_string}"},"query-input":{"@type":"PropertyValueSpecification","valueRequired":true,"valueName":"search_term_string"}}],"inLanguage":"it-IT"}]}},"_links":{"self":[{"href":"https:\/\/www.bedbugfoundation.org\/it\/wp-json\/wp\/v2\/pages\/208","targetHints":{"allow":["GET"]}}],"collection":[{"href":"https:\/\/www.bedbugfoundation.org\/it\/wp-json\/wp\/v2\/pages"}],"about":[{"href":"https:\/\/www.bedbugfoundation.org\/it\/wp-json\/wp\/v2\/types\/page"}],"author":[{"embeddable":true,"href":"https:\/\/www.bedbugfoundation.org\/it\/wp-json\/wp\/v2\/users\/1"}],"replies":[{"embeddable":true,"href":"https:\/\/www.bedbugfoundation.org\/it\/wp-json\/wp\/v2\/comments?post=208"}],"version-history":[{"count":14,"href":"https:\/\/www.bedbugfoundation.org\/it\/wp-json\/wp\/v2\/pages\/208\/revisions"}],"predecessor-version":[{"id":6182,"href":"https:\/\/www.bedbugfoundation.org\/it\/wp-json\/wp\/v2\/pages\/208\/revisions\/6182"}],"up":[{"embeddable":true,"href":"https:\/\/www.bedbugfoundation.org\/it\/wp-json\/wp\/v2\/pages\/216"}],"wp:attachment":[{"href":"https:\/\/www.bedbugfoundation.org\/it\/wp-json\/wp\/v2\/media?parent=208"}],"curies":[{"name":"wp","href":"https:\/\/api.w.org\/{rel}","templated":true}]}}