{"id":222,"date":"2012-12-21T17:43:57","date_gmt":"2012-12-21T17:43:57","guid":{"rendered":"http:\/\/bedbugfoundation.org\/?page_id=222"},"modified":"2020-02-25T16:10:23","modified_gmt":"2020-02-25T16:10:23","slug":"identification","status":"publish","type":"page","link":"https:\/\/www.bedbugfoundation.org\/it\/bed-bug-biology\/identification\/","title":{"rendered":"Identificazione"},"content":{"rendered":"<p><strong>Palchi dal vivo<\/strong><\/p>\n<p>Poich\u00e9 le cimici dei letti non hanno uno stadio larvale, queste caratteristiche sono visibili in tutte le fasi del ciclo di vita (tranne l'uovo).<\/p>\n<p><a href=\"http:\/\/bedbugfoundation.org\/wp-content\/uploads\/2012\/12\/Screen-Shot-2012-12-21-at-17.48.02.png\"><img loading=\"lazy\" decoding=\"async\" class=\"alignnone size-full wp-image-226\" src=\"http:\/\/bedbugfoundation.org\/wp-content\/uploads\/2012\/12\/Screen-Shot-2012-12-21-at-17.48.02.png\" alt=\"Schermata 2012-12-21 alle 17.48.02\" width=\"683\" height=\"300\" srcset=\"https:\/\/www.bedbugfoundation.org\/wp-content\/uploads\/2012\/12\/Screen-Shot-2012-12-21-at-17.48.02.png 849w, https:\/\/www.bedbugfoundation.org\/wp-content\/uploads\/2012\/12\/Screen-Shot-2012-12-21-at-17.48.02-300x131.png 300w\" sizes=\"auto, (max-width: 683px) 100vw, 683px\" \/><\/a><\/p>\n<p><strong>Uova<\/strong><\/p>\n<p>Le uova delle cimici dei letti sono piccole (circa 1,2 mm di lunghezza), ma facilmente distinguibili (con esperienza) da quelle di altri insetti domestici.<\/p>\n<p>Con l'ingrandimento si possono facilmente distinguere le uova covate e quelle vitali. Le uova vitali sono color perla e, durante gli ultimi stadi di sviluppo, il punto dell'occhio dell'embrione in via di sviluppo \u00e8 visibile attraverso il guscio dell'uovo. Le uova covate sono riconoscibili per l'assenza di un cappuccio finale e il loro aspetto traslucido.<\/p>\n<p><a href=\"http:\/\/bedbugfoundation.org\/wp-content\/uploads\/2012\/12\/Screen-Shot-2012-12-21-at-17.52.01.png\"><img loading=\"lazy\" decoding=\"async\" class=\"alignnone size-full wp-image-227\" src=\"http:\/\/bedbugfoundation.org\/wp-content\/uploads\/2012\/12\/Screen-Shot-2012-12-21-at-17.52.01.png\" alt=\"Schermata 2012-12-21 alle 17.52.01\" width=\"594\" height=\"511\" srcset=\"https:\/\/www.bedbugfoundation.org\/wp-content\/uploads\/2012\/12\/Screen-Shot-2012-12-21-at-17.52.01.png 594w, https:\/\/www.bedbugfoundation.org\/wp-content\/uploads\/2012\/12\/Screen-Shot-2012-12-21-at-17.52.01-300x258.png 300w\" sizes=\"auto, (max-width: 594px) 100vw, 594px\" \/><\/a><\/p>\n<p><strong>Pelli del cast<\/strong><\/p>\n<p><a href=\"http:\/\/bedbugfoundation.org\/wp-content\/uploads\/2012\/12\/Screen-Shot-2012-12-21-at-17.55.36.png\"><img loading=\"lazy\" decoding=\"async\" class=\"alignnone size-full wp-image-228\" src=\"http:\/\/bedbugfoundation.org\/wp-content\/uploads\/2012\/12\/Screen-Shot-2012-12-21-at-17.55.36.png\" alt=\"Schermata 2012-12-21 alle 17.55.36\" width=\"643\" height=\"197\" srcset=\"https:\/\/www.bedbugfoundation.org\/wp-content\/uploads\/2012\/12\/Screen-Shot-2012-12-21-at-17.55.36.png 961w, https:\/\/www.bedbugfoundation.org\/wp-content\/uploads\/2012\/12\/Screen-Shot-2012-12-21-at-17.55.36-300x92.png 300w\" sizes=\"auto, (max-width: 643px) 100vw, 643px\" \/><\/a><\/p>\n<p>Con l'esperienza le pelli fuse delle cimici dei letti sono facilmente distinguibili da quelle di altri insetti. Tuttavia, possono durare a lungo e non possono quindi essere usate per distinguere le infestazioni attive da quelle passate.<\/p>\n<p><strong>Macchie fecali<\/strong><\/p>\n<p>Le cimici dei letti iniziano a produrre materiale fecale scuro e acquoso non appena si sono nutrite. Queste macchie fecali sono spesso uno dei primi indicatori di un'infestazione. Macchie nere, simili all'inchiostro, sulle lenzuola, sul materasso o sulla struttura del letto sono uno dei segni rivelatori pi\u00f9 riconoscibili delle cimici dei letti. Tuttavia, macchie molto simili possono essere prodotte da ragni, mosche e scarafaggi tedeschi, quindi la posizione pu\u00f2 essere un fattore importante per distinguere i due. Le macchie trovate in alto sui muri, sul soffitto o sui lampadari hanno molte pi\u00f9 probabilit\u00e0 di essere prodotte dalle mosche. I kit di identificazione del sangue hanno dimostrato di essere in grado di distinguere il materiale fecale degli insetti che si nutrono di sangue, come le cimici dei letti, da quello di altri invertebrati domestici nella sezione prodotti.<\/p>\n<p>Le macchie fecali possono variare nel colore da nero a marrone a seconda delle proporzioni relative di sangue digerito e acido urico. L'aspetto delle macchie fecali \u00e8 anche influenzato dall'assorbenza del substrato su cui sono depositate. Le macchie fecali depositate su superfici assorbenti, come le lenzuola, si infiltrano nelle fibre, assomigliando all'inchiostro di una penna stilografica. Le macchie fecali depositate su superfici non assorbenti come il legno verniciato, spesso si asciugano come un grumo scuro e in rilievo.<\/p>\n<p><a href=\"http:\/\/bedbugfoundation.org\/wp-content\/uploads\/2012\/12\/Screen-Shot-2012-12-21-at-17.58.48.png\"><img loading=\"lazy\" decoding=\"async\" class=\"alignnone size-full wp-image-230\" src=\"http:\/\/bedbugfoundation.org\/wp-content\/uploads\/2012\/12\/Screen-Shot-2012-12-21-at-17.58.48.png\" alt=\"Schermata 2012-12-21 alle 17.58.48\" width=\"473\" height=\"499\" srcset=\"https:\/\/www.bedbugfoundation.org\/wp-content\/uploads\/2012\/12\/Screen-Shot-2012-12-21-at-17.58.48.png 473w, https:\/\/www.bedbugfoundation.org\/wp-content\/uploads\/2012\/12\/Screen-Shot-2012-12-21-at-17.58.48-300x316.png 300w, https:\/\/www.bedbugfoundation.org\/wp-content\/uploads\/2012\/12\/Screen-Shot-2012-12-21-at-17.58.48-284x300.png 284w\" sizes=\"auto, (max-width: 473px) 100vw, 473px\" \/><\/a><\/p>\n<p><a href=\"http:\/\/bedbugfoundation.org\/wp-content\/uploads\/2012\/12\/Screen-Shot-2012-12-21-at-17.59.05.png\"><img loading=\"lazy\" decoding=\"async\" class=\"alignnone size-medium wp-image-229\" title=\"Macchie fecali di cimici e mosche sulla carta da parati.\" src=\"http:\/\/bedbugfoundation.org\/wp-content\/uploads\/2012\/12\/Screen-Shot-2012-12-21-at-17.59.05-300x199.png\" alt=\"Schermata 2012-12-21 alle 17.59.05\" width=\"333\" height=\"221\" srcset=\"https:\/\/www.bedbugfoundation.org\/wp-content\/uploads\/2012\/12\/Screen-Shot-2012-12-21-at-17.59.05-300x199.png 300w, https:\/\/www.bedbugfoundation.org\/wp-content\/uploads\/2012\/12\/Screen-Shot-2012-12-21-at-17.59.05.png 564w\" sizes=\"auto, (max-width: 333px) 100vw, 333px\" \/><\/a><\/p>\n<p><strong>Morsi<\/strong><\/p>\n<p>Le cimici dei letti si nutrono di pelle esposta e spesso preferiscono non salire sull'ospite mentre si nutrono. Questo pu\u00f2 far s\u00ec che i morsi si verifichino in file mentre si muovono lungo il bordo della pelle esposta alla ricerca di un sito di alimentazione adatto.<\/p>\n<p>I morsi non dovrebbero mai essere considerati un segno conclusivo di un'infestazione di cimici dei letti, poich\u00e9 possono essere causati da una serie di altri insetti tra cui moscerini, zanzare, pulci e pidocchi. Reazioni simili possono essere causate anche dagli acari della scabbia e da un'ampia variet\u00e0 di allergeni.<\/p>\n<p>Le reazioni ai morsi delle cimici dei letti sono molto variabili tra le persone. Alcuni non hanno alcuna reazione, mentre altri hanno forti reazioni di vesciche. Reazioni sistemiche pi\u00f9 gravi (di tipo anafilattico) sono rare ma sono state riportate.<\/p>\n<p><a href=\"http:\/\/bedbugfoundation.org\/wp-content\/uploads\/2012\/12\/bedbug-bites.png\"><img loading=\"lazy\" decoding=\"async\" class=\"alignnone size-full wp-image-238\" src=\"http:\/\/bedbugfoundation.org\/wp-content\/uploads\/2012\/12\/bedbug-bites.png\" alt=\"morsi di cimice dei letti\" width=\"429\" height=\"167\" srcset=\"https:\/\/www.bedbugfoundation.org\/wp-content\/uploads\/2012\/12\/bedbug-bites.png 972w, https:\/\/www.bedbugfoundation.org\/wp-content\/uploads\/2012\/12\/bedbug-bites-300x116.png 300w\" sizes=\"auto, (max-width: 429px) 100vw, 429px\" \/><\/a><\/p>\n<p>La reazione della pelle al morso di una cimice dei letti pu\u00f2 essere ritardata fino a due settimane, soprattutto se \u00e8 la prima volta che il malato viene morso. Di conseguenza, se la persona ha viaggiato di recente, pu\u00f2 essere difficile stabilire esattamente dove e quando si sono verificati i morsi. Questo pu\u00f2 portare alla falsa convinzione di aver portato a casa con s\u00e9 le cimici dei letti o, in alternativa, a ritardi nell'individuazione di un'infestazione.<\/p>\n<p>Le cimici dei letti di solito si nutrono di notte, tuttavia, sono altamente adattabili e regolano il loro ciclo di alimentazione a seconda dei movimenti quotidiani dell'ospite. Sedie e divani vengono spesso infestati in situazioni in cui l'occupante trascorre la maggior parte della giornata seduto in un posto. In tali situazioni le cimici dei letti saranno costrette a nutrirsi durante il giorno, mentre l'ospite \u00e8 presente.<\/p>","protected":false},"excerpt":{"rendered":"<p>Stadi vivi Poich\u00e9 le cimici dei letti non hanno uno stadio larvale, queste caratteristiche sono visibili in tutti gli stadi del ciclo vitale (eccetto l'uovo). Uova Le uova delle cimici dei letti sono piccole (lunghe circa 1,2 mm), ma facilmente distinguibili (con ... <a href=\"https:\/\/www.bedbugfoundation.org\/it\/bed-bug-biology\/identification\/\">Continua a leggere<span class=\"meta-nav\">\u2192<\/span><\/a><\/p>","protected":false},"author":1,"featured_media":0,"parent":216,"menu_order":0,"comment_status":"closed","ping_status":"closed","template":"","meta":{"_bbp_topic_count":0,"_bbp_reply_count":0,"_bbp_total_topic_count":0,"_bbp_total_reply_count":0,"_bbp_voice_count":0,"_bbp_anonymous_reply_count":0,"_bbp_topic_count_hidden":0,"_bbp_reply_count_hidden":0,"_bbp_forum_subforum_count":0,"footnotes":""},"class_list":["post-222","page","type-page","status-publish","hentry"],"yoast_head":"<!-- This site is optimized with the Yoast SEO plugin v27.4 - https:\/\/yoast.com\/product\/yoast-seo-wordpress\/ -->\n<title>Identification - Bed Bug Foundation<\/title>\n<meta name=\"robots\" content=\"index, follow, max-snippet:-1, max-image-preview:large, max-video-preview:-1\" \/>\n<link rel=\"canonical\" href=\"https:\/\/www.bedbugfoundation.org\/it\/bed-bug-biology\/identification\/\" \/>\n<meta property=\"og:locale\" content=\"it_IT\" \/>\n<meta property=\"og:type\" content=\"article\" \/>\n<meta property=\"og:title\" content=\"Identification - Bed Bug Foundation\" \/>\n<meta property=\"og:description\" content=\"Live Stages As bed bugs do not have a larval stage, these features are visible at all stages of the lifecycle (except the egg). Eggs The eggs of bed bugs are small (ca. 1.2 mm long), but easily distinguishable (with &hellip; Continua a leggere&rarr;\" \/>\n<meta property=\"og:url\" content=\"https:\/\/www.bedbugfoundation.org\/it\/bed-bug-biology\/identification\/\" \/>\n<meta property=\"og:site_name\" content=\"Bed Bug Foundation\" \/>\n<meta property=\"article:modified_time\" content=\"2020-02-25T16:10:23+00:00\" \/>\n<meta property=\"og:image\" content=\"http:\/\/bedbugfoundation.org\/wp-content\/uploads\/2012\/12\/Screen-Shot-2012-12-21-at-17.48.02.png\" \/>\n<meta name=\"twitter:card\" content=\"summary_large_image\" \/>\n<meta name=\"twitter:label1\" content=\"Tempo di lettura stimato\" \/>\n\t<meta name=\"twitter:data1\" content=\"3 minuti\" \/>\n<script type=\"application\/ld+json\" class=\"yoast-schema-graph\">{\"@context\":\"https:\\\/\\\/schema.org\",\"@graph\":[{\"@type\":\"WebPage\",\"@id\":\"https:\\\/\\\/www.bedbugfoundation.org\\\/sv\\\/bed-bug-biology\\\/identification\\\/\",\"url\":\"https:\\\/\\\/www.bedbugfoundation.org\\\/sv\\\/bed-bug-biology\\\/identification\\\/\",\"name\":\"Identification - Bed Bug Foundation\",\"isPartOf\":{\"@id\":\"https:\\\/\\\/www.bedbugfoundation.org\\\/#website\"},\"primaryImageOfPage\":{\"@id\":\"https:\\\/\\\/www.bedbugfoundation.org\\\/sv\\\/bed-bug-biology\\\/identification\\\/#primaryimage\"},\"image\":{\"@id\":\"https:\\\/\\\/www.bedbugfoundation.org\\\/sv\\\/bed-bug-biology\\\/identification\\\/#primaryimage\"},\"thumbnailUrl\":\"http:\\\/\\\/bedbugfoundation.org\\\/wp-content\\\/uploads\\\/2012\\\/12\\\/Screen-Shot-2012-12-21-at-17.48.02.png\",\"datePublished\":\"2012-12-21T17:43:57+00:00\",\"dateModified\":\"2020-02-25T16:10:23+00:00\",\"breadcrumb\":{\"@id\":\"https:\\\/\\\/www.bedbugfoundation.org\\\/sv\\\/bed-bug-biology\\\/identification\\\/#breadcrumb\"},\"inLanguage\":\"it-IT\",\"potentialAction\":[{\"@type\":\"ReadAction\",\"target\":[\"https:\\\/\\\/www.bedbugfoundation.org\\\/sv\\\/bed-bug-biology\\\/identification\\\/\"]}]},{\"@type\":\"ImageObject\",\"inLanguage\":\"it-IT\",\"@id\":\"https:\\\/\\\/www.bedbugfoundation.org\\\/sv\\\/bed-bug-biology\\\/identification\\\/#primaryimage\",\"url\":\"http:\\\/\\\/bedbugfoundation.org\\\/wp-content\\\/uploads\\\/2012\\\/12\\\/Screen-Shot-2012-12-21-at-17.48.02.png\",\"contentUrl\":\"http:\\\/\\\/bedbugfoundation.org\\\/wp-content\\\/uploads\\\/2012\\\/12\\\/Screen-Shot-2012-12-21-at-17.48.02.png\"},{\"@type\":\"BreadcrumbList\",\"@id\":\"https:\\\/\\\/www.bedbugfoundation.org\\\/sv\\\/bed-bug-biology\\\/identification\\\/#breadcrumb\",\"itemListElement\":[{\"@type\":\"ListItem\",\"position\":1,\"name\":\"Home\",\"item\":\"https:\\\/\\\/www.bedbugfoundation.org\\\/\"},{\"@type\":\"ListItem\",\"position\":2,\"name\":\"Bed Bug Biology\",\"item\":\"https:\\\/\\\/www.bedbugfoundation.org\\\/bed-bug-biology\\\/\"},{\"@type\":\"ListItem\",\"position\":3,\"name\":\"Identification\"}]},{\"@type\":\"WebSite\",\"@id\":\"https:\\\/\\\/www.bedbugfoundation.org\\\/#website\",\"url\":\"https:\\\/\\\/www.bedbugfoundation.org\\\/\",\"name\":\"Bed Bug Foundation\",\"description\":\"Home of the European Code of Practice for Bed Bug Management\",\"potentialAction\":[{\"@type\":\"SearchAction\",\"target\":{\"@type\":\"EntryPoint\",\"urlTemplate\":\"https:\\\/\\\/www.bedbugfoundation.org\\\/?s={search_term_string}\"},\"query-input\":{\"@type\":\"PropertyValueSpecification\",\"valueRequired\":true,\"valueName\":\"search_term_string\"}}],\"inLanguage\":\"it-IT\"}]}<\/script>\n<!-- \/ Yoast SEO plugin. -->","yoast_head_json":{"title":"Identificazione - Fondazione Cimice dei letti","robots":{"index":"index","follow":"follow","max-snippet":"max-snippet:-1","max-image-preview":"max-image-preview:large","max-video-preview":"max-video-preview:-1"},"canonical":"https:\/\/www.bedbugfoundation.org\/it\/bed-bug-biology\/identification\/","og_locale":"it_IT","og_type":"article","og_title":"Identification - Bed Bug Foundation","og_description":"Live Stages As bed bugs do not have a larval stage, these features are visible at all stages of the lifecycle (except the egg). Eggs The eggs of bed bugs are small (ca. 1.2 mm long), but easily distinguishable (with &hellip; Continua a leggere&rarr;","og_url":"https:\/\/www.bedbugfoundation.org\/it\/bed-bug-biology\/identification\/","og_site_name":"Bed Bug Foundation","article_modified_time":"2020-02-25T16:10:23+00:00","og_image":[{"url":"http:\/\/bedbugfoundation.org\/wp-content\/uploads\/2012\/12\/Screen-Shot-2012-12-21-at-17.48.02.png","type":"","width":"","height":""}],"twitter_card":"summary_large_image","twitter_misc":{"Tempo di lettura stimato":"3 minuti"},"schema":{"@context":"https:\/\/schema.org","@graph":[{"@type":"WebPage","@id":"https:\/\/www.bedbugfoundation.org\/sv\/bed-bug-biology\/identification\/","url":"https:\/\/www.bedbugfoundation.org\/sv\/bed-bug-biology\/identification\/","name":"Identificazione - Fondazione Cimice dei letti","isPartOf":{"@id":"https:\/\/www.bedbugfoundation.org\/#website"},"primaryImageOfPage":{"@id":"https:\/\/www.bedbugfoundation.org\/sv\/bed-bug-biology\/identification\/#primaryimage"},"image":{"@id":"https:\/\/www.bedbugfoundation.org\/sv\/bed-bug-biology\/identification\/#primaryimage"},"thumbnailUrl":"http:\/\/bedbugfoundation.org\/wp-content\/uploads\/2012\/12\/Screen-Shot-2012-12-21-at-17.48.02.png","datePublished":"2012-12-21T17:43:57+00:00","dateModified":"2020-02-25T16:10:23+00:00","breadcrumb":{"@id":"https:\/\/www.bedbugfoundation.org\/sv\/bed-bug-biology\/identification\/#breadcrumb"},"inLanguage":"it-IT","potentialAction":[{"@type":"ReadAction","target":["https:\/\/www.bedbugfoundation.org\/sv\/bed-bug-biology\/identification\/"]}]},{"@type":"ImageObject","inLanguage":"it-IT","@id":"https:\/\/www.bedbugfoundation.org\/sv\/bed-bug-biology\/identification\/#primaryimage","url":"http:\/\/bedbugfoundation.org\/wp-content\/uploads\/2012\/12\/Screen-Shot-2012-12-21-at-17.48.02.png","contentUrl":"http:\/\/bedbugfoundation.org\/wp-content\/uploads\/2012\/12\/Screen-Shot-2012-12-21-at-17.48.02.png"},{"@type":"BreadcrumbList","@id":"https:\/\/www.bedbugfoundation.org\/sv\/bed-bug-biology\/identification\/#breadcrumb","itemListElement":[{"@type":"ListItem","position":1,"name":"Home","item":"https:\/\/www.bedbugfoundation.org\/"},{"@type":"ListItem","position":2,"name":"Bed Bug Biology","item":"https:\/\/www.bedbugfoundation.org\/bed-bug-biology\/"},{"@type":"ListItem","position":3,"name":"Identification"}]},{"@type":"WebSite","@id":"https:\/\/www.bedbugfoundation.org\/#website","url":"https:\/\/www.bedbugfoundation.org\/","name":"Fondazione per le cimici dei letti","description":"Home del Codice europeo di pratica per la gestione delle cimici dei letti","potentialAction":[{"@type":"SearchAction","target":{"@type":"EntryPoint","urlTemplate":"https:\/\/www.bedbugfoundation.org\/?s={search_term_string}"},"query-input":{"@type":"PropertyValueSpecification","valueRequired":true,"valueName":"search_term_string"}}],"inLanguage":"it-IT"}]}},"_links":{"self":[{"href":"https:\/\/www.bedbugfoundation.org\/it\/wp-json\/wp\/v2\/pages\/222","targetHints":{"allow":["GET"]}}],"collection":[{"href":"https:\/\/www.bedbugfoundation.org\/it\/wp-json\/wp\/v2\/pages"}],"about":[{"href":"https:\/\/www.bedbugfoundation.org\/it\/wp-json\/wp\/v2\/types\/page"}],"author":[{"embeddable":true,"href":"https:\/\/www.bedbugfoundation.org\/it\/wp-json\/wp\/v2\/users\/1"}],"replies":[{"embeddable":true,"href":"https:\/\/www.bedbugfoundation.org\/it\/wp-json\/wp\/v2\/comments?post=222"}],"version-history":[{"count":17,"href":"https:\/\/www.bedbugfoundation.org\/it\/wp-json\/wp\/v2\/pages\/222\/revisions"}],"predecessor-version":[{"id":6183,"href":"https:\/\/www.bedbugfoundation.org\/it\/wp-json\/wp\/v2\/pages\/222\/revisions\/6183"}],"up":[{"embeddable":true,"href":"https:\/\/www.bedbugfoundation.org\/it\/wp-json\/wp\/v2\/pages\/216"}],"wp:attachment":[{"href":"https:\/\/www.bedbugfoundation.org\/it\/wp-json\/wp\/v2\/media?parent=222"}],"curies":[{"name":"wp","href":"https:\/\/api.w.org\/{rel}","templated":true}]}}