{"id":2285,"date":"2019-08-27T11:04:04","date_gmt":"2019-08-27T10:04:04","guid":{"rendered":"https:\/\/www.bedbugfoundation.org\/?page_id=2285"},"modified":"2025-09-23T11:04:52","modified_gmt":"2025-09-23T10:04:52","slug":"self-help","status":"publish","type":"page","link":"https:\/\/www.bedbugfoundation.org\/it\/self-help\/","title":{"rendered":"Aiuto! Credo di avere le cimici dei letti!"},"content":{"rendered":"<p class=\"has-text-align-left\">Per prima cosa, niente panico. Una risposta comune alla scoperta delle cimici dei letti in casa \u00e8 quella di iniziare a buttare via i mobili e spruzzare insetticidi in giro. A parte la spesa, spesso non necessaria, per sostituire i mobili e altri oggetti, l'uso di spray insetticidi inefficaci pu\u00f2 far s\u00ec che le cimici dei letti si disperdano nella vostra propriet\u00e0, rendendo l'eliminazione pi\u00f9 difficile e costosa. Sia che decidiate di chiamare un professionista o di affrontare il problema da soli, vi consigliamo di prendere il tempo necessario per capire il problema e le opzioni a vostra disposizione.<\/p>\n\n\n\n<p>I seguenti sono i passi da fare per controllare il problema delle cimici dei letti:<\/p>\n\n\n\n<ol class=\"wp-block-list\"><li><strong><a href=\"https:\/\/www.bedbugfoundation.org\/it\/self-help\/step-1\/\">Conferma<\/a>.<\/strong><\/li><li><strong><a href=\"https:\/\/www.bedbugfoundation.org\/it\/self-help\/step-2\/\">Decidere se chiamare un professionista.<\/a><\/strong><\/li><li><strong><a href=\"https:\/\/www.bedbugfoundation.org\/it\/self-help\/step-3\/\">Consigli di auto-aiuto per il controllo delle cimici dei letti.<\/a><\/strong><\/li><\/ol>\n\n\n\n<p>Per maggiori dettagli si prega di leggere il <a href=\"https:\/\/www.bedbugfoundation.org\/it\/ecop\/\">Codice di condotta<\/a>.<\/p>","protected":false},"excerpt":{"rendered":"<p>First things first, don\u2019t panic. A common response to the discovery of bed bugs in your home is to start throwing out furniture and spraying insecticides around. Aside from the, often unnecessary, expense of replacing furniture and other belongings, the &hellip; <a href=\"https:\/\/www.bedbugfoundation.org\/it\/self-help\/\">Continua a leggere<span class=\"meta-nav\">\u2192<\/span><\/a><\/p>","protected":false},"author":1,"featured_media":0,"parent":0,"menu_order":0,"comment_status":"closed","ping_status":"closed","template":"","meta":{"_bbp_topic_count":0,"_bbp_reply_count":0,"_bbp_total_topic_count":0,"_bbp_total_reply_count":0,"_bbp_voice_count":0,"_bbp_anonymous_reply_count":0,"_bbp_topic_count_hidden":0,"_bbp_reply_count_hidden":0,"_bbp_forum_subforum_count":0,"footnotes":""},"class_list":["post-2285","page","type-page","status-publish","hentry"],"yoast_head":"<!-- This site is optimized with the Yoast SEO plugin v27.5 - https:\/\/yoast.com\/product\/yoast-seo-wordpress\/ -->\n<title>Help! I think I have bed bugs! - Bed Bug Foundation<\/title>\n<meta name=\"robots\" content=\"index, follow, max-snippet:-1, max-image-preview:large, max-video-preview:-1\" \/>\n<link rel=\"canonical\" href=\"https:\/\/www.bedbugfoundation.org\/it\/self-help\/\" \/>\n<meta property=\"og:locale\" content=\"it_IT\" \/>\n<meta property=\"og:type\" content=\"article\" \/>\n<meta property=\"og:title\" content=\"Help! I think I have bed bugs! - Bed Bug Foundation\" \/>\n<meta property=\"og:description\" content=\"First things first, don\u2019t panic. A common response to the discovery of bed bugs in your home is to start throwing out furniture and spraying insecticides around. Aside from the, often unnecessary, expense of replacing furniture and other belongings, the &hellip; Continua a leggere&rarr;\" \/>\n<meta property=\"og:url\" content=\"https:\/\/www.bedbugfoundation.org\/it\/self-help\/\" \/>\n<meta property=\"og:site_name\" content=\"Bed Bug Foundation\" \/>\n<meta property=\"article:modified_time\" content=\"2025-09-23T10:04:52+00:00\" \/>\n<meta name=\"twitter:card\" content=\"summary_large_image\" \/>\n<meta name=\"twitter:label1\" content=\"Tempo di lettura stimato\" \/>\n\t<meta name=\"twitter:data1\" content=\"1 minuto\" \/>\n<script type=\"application\/ld+json\" class=\"yoast-schema-graph\">{\"@context\":\"https:\\\/\\\/schema.org\",\"@graph\":[{\"@type\":\"WebPage\",\"@id\":\"https:\\\/\\\/www.bedbugfoundation.org\\\/self-help\\\/\",\"url\":\"https:\\\/\\\/www.bedbugfoundation.org\\\/self-help\\\/\",\"name\":\"Help! I think I have bed bugs! - Bed Bug Foundation\",\"isPartOf\":{\"@id\":\"https:\\\/\\\/www.bedbugfoundation.org\\\/#website\"},\"datePublished\":\"2019-08-27T10:04:04+00:00\",\"dateModified\":\"2025-09-23T10:04:52+00:00\",\"breadcrumb\":{\"@id\":\"https:\\\/\\\/www.bedbugfoundation.org\\\/self-help\\\/#breadcrumb\"},\"inLanguage\":\"it-IT\",\"potentialAction\":[{\"@type\":\"ReadAction\",\"target\":[\"https:\\\/\\\/www.bedbugfoundation.org\\\/self-help\\\/\"]}]},{\"@type\":\"BreadcrumbList\",\"@id\":\"https:\\\/\\\/www.bedbugfoundation.org\\\/self-help\\\/#breadcrumb\",\"itemListElement\":[{\"@type\":\"ListItem\",\"position\":1,\"name\":\"Home\",\"item\":\"https:\\\/\\\/www.bedbugfoundation.org\\\/\"},{\"@type\":\"ListItem\",\"position\":2,\"name\":\"Help! I think I have bed bugs!\"}]},{\"@type\":\"WebSite\",\"@id\":\"https:\\\/\\\/www.bedbugfoundation.org\\\/#website\",\"url\":\"https:\\\/\\\/www.bedbugfoundation.org\\\/\",\"name\":\"Bed Bug Foundation\",\"description\":\"Home of the European Code of Practice for Bed Bug Management\",\"potentialAction\":[{\"@type\":\"SearchAction\",\"target\":{\"@type\":\"EntryPoint\",\"urlTemplate\":\"https:\\\/\\\/www.bedbugfoundation.org\\\/?s={search_term_string}\"},\"query-input\":{\"@type\":\"PropertyValueSpecification\",\"valueRequired\":true,\"valueName\":\"search_term_string\"}}],\"inLanguage\":\"it-IT\"}]}<\/script>\n<!-- \/ Yoast SEO plugin. -->","yoast_head_json":{"title":"Aiuto! Penso di avere le cimici dei letti! - Fondazione per le cimici dei letti","robots":{"index":"index","follow":"follow","max-snippet":"max-snippet:-1","max-image-preview":"max-image-preview:large","max-video-preview":"max-video-preview:-1"},"canonical":"https:\/\/www.bedbugfoundation.org\/it\/self-help\/","og_locale":"it_IT","og_type":"article","og_title":"Help! I think I have bed bugs! - Bed Bug Foundation","og_description":"First things first, don\u2019t panic. A common response to the discovery of bed bugs in your home is to start throwing out furniture and spraying insecticides around. Aside from the, often unnecessary, expense of replacing furniture and other belongings, the &hellip; Continua a leggere&rarr;","og_url":"https:\/\/www.bedbugfoundation.org\/it\/self-help\/","og_site_name":"Bed Bug Foundation","article_modified_time":"2025-09-23T10:04:52+00:00","twitter_card":"summary_large_image","twitter_misc":{"Tempo di lettura stimato":"1 minuto"},"schema":{"@context":"https:\/\/schema.org","@graph":[{"@type":"WebPage","@id":"https:\/\/www.bedbugfoundation.org\/self-help\/","url":"https:\/\/www.bedbugfoundation.org\/self-help\/","name":"Aiuto! Penso di avere le cimici dei letti! - Fondazione per le cimici dei letti","isPartOf":{"@id":"https:\/\/www.bedbugfoundation.org\/#website"},"datePublished":"2019-08-27T10:04:04+00:00","dateModified":"2025-09-23T10:04:52+00:00","breadcrumb":{"@id":"https:\/\/www.bedbugfoundation.org\/self-help\/#breadcrumb"},"inLanguage":"it-IT","potentialAction":[{"@type":"ReadAction","target":["https:\/\/www.bedbugfoundation.org\/self-help\/"]}]},{"@type":"BreadcrumbList","@id":"https:\/\/www.bedbugfoundation.org\/self-help\/#breadcrumb","itemListElement":[{"@type":"ListItem","position":1,"name":"Home","item":"https:\/\/www.bedbugfoundation.org\/"},{"@type":"ListItem","position":2,"name":"Help! I think I have bed bugs!"}]},{"@type":"WebSite","@id":"https:\/\/www.bedbugfoundation.org\/#website","url":"https:\/\/www.bedbugfoundation.org\/","name":"Fondazione per le cimici dei letti","description":"Home del Codice europeo di pratica per la gestione delle cimici dei letti","potentialAction":[{"@type":"SearchAction","target":{"@type":"EntryPoint","urlTemplate":"https:\/\/www.bedbugfoundation.org\/?s={search_term_string}"},"query-input":{"@type":"PropertyValueSpecification","valueRequired":true,"valueName":"search_term_string"}}],"inLanguage":"it-IT"}]}},"_links":{"self":[{"href":"https:\/\/www.bedbugfoundation.org\/it\/wp-json\/wp\/v2\/pages\/2285","targetHints":{"allow":["GET"]}}],"collection":[{"href":"https:\/\/www.bedbugfoundation.org\/it\/wp-json\/wp\/v2\/pages"}],"about":[{"href":"https:\/\/www.bedbugfoundation.org\/it\/wp-json\/wp\/v2\/types\/page"}],"author":[{"embeddable":true,"href":"https:\/\/www.bedbugfoundation.org\/it\/wp-json\/wp\/v2\/users\/1"}],"replies":[{"embeddable":true,"href":"https:\/\/www.bedbugfoundation.org\/it\/wp-json\/wp\/v2\/comments?post=2285"}],"version-history":[{"count":10,"href":"https:\/\/www.bedbugfoundation.org\/it\/wp-json\/wp\/v2\/pages\/2285\/revisions"}],"predecessor-version":[{"id":8484,"href":"https:\/\/www.bedbugfoundation.org\/it\/wp-json\/wp\/v2\/pages\/2285\/revisions\/8484"}],"wp:attachment":[{"href":"https:\/\/www.bedbugfoundation.org\/it\/wp-json\/wp\/v2\/media?parent=2285"}],"curies":[{"name":"wp","href":"https:\/\/api.w.org\/{rel}","templated":true}]}}