{"id":2294,"date":"2019-08-27T12:24:37","date_gmt":"2019-08-27T11:24:37","guid":{"rendered":"https:\/\/www.bedbugfoundation.org\/?page_id=2294"},"modified":"2021-02-17T12:06:48","modified_gmt":"2021-02-17T12:06:48","slug":"step-1","status":"publish","type":"page","link":"https:\/\/www.bedbugfoundation.org\/it\/self-help\/step-1\/","title":{"rendered":"Fase 1: Conferma"},"content":{"rendered":"<p>Il BBF offre un servizio gratuito di identificazione degli esemplari. Puoi trovare i dettagli su come inviare immagini o esemplari per la conferma cliccando il pulsante qui sotto:<\/p>\n\n\n\n<div class=\"wp-block-buttons aligncenter is-layout-flex wp-block-buttons-is-layout-flex\">\n<div class=\"wp-block-button is-style-outline is-style-outline--1\"><a class=\"wp-block-button__link\" href=\"https:\/\/www.bedbugfoundation.org\/it\/specimen-identification-service\/\">Servizio di identificazione dei campioni<\/a><\/div>\n<\/div>\n\n\n\n<p>Ogni anno, meno di 20% degli esemplari e delle fotografie che il BBF riceve sono cimici dei letti, quindi ci sono buone probabilit\u00e0 che non abbiate nulla di cui preoccuparvi. Molte societ\u00e0 di disinfestazione sono note per condurre costosi servizi di trattamento delle cimici dei letti senza la conferma che le cimici dei letti sono effettivamente presenti. In alcuni casi i trattamenti non necessari sono anche causati da un'errata identificazione di altri insetti domestici come cimici dei letti. In ogni caso, i trattamenti non necessari delle cimici dei letti sono un problema comune, che causa notevoli disagi e spese inutili. \u00c8 possibile proteggersi da questo problema utilizzando il nostro <a href=\"https:\/\/www.bedbugfoundation.org\/it\/specimen-identification-service\/\">servizio di identificazione<\/a>e familiarizzare con <a href=\"https:\/\/www.bedbugfoundation.org\/it\/bedbug-biology\/identification\/\">come sono le cimici dei letti e i loro segni<\/a>prima di contattare una societ\u00e0 di disinfestazione.<\/p>\n\n\n\n<p><strong><em><strong><em>Morsi<\/em><\/strong><\/em><\/strong><strong>&nbsp;<\/strong>- Non \u00e8 possibile identificare il colpevole solo dai morsi. La distribuzione dei morsi pu\u00f2 dare alcuni indizi, ma l'entit\u00e0 del prurito e del gonfiore pu\u00f2 essere molto specifica per l'individuo. Alcune persone non reagiscono affatto alle punture di insetti del letto, mentre altre sperimentano reazioni forti e durature, e a volte anche vesciche. Sia le cimici dei letti che le zanzare tendono a mordere la pelle esposta, mentre le pulci si spingono pi\u00f9 facilmente sotto i vestiti.<\/p>\n\n\n\n<figure class=\"wp-block-gallery aligncenter columns-3 is-cropped wp-block-gallery-2 is-layout-flex wp-block-gallery-is-layout-flex\"><ul class=\"blocks-gallery-grid\"><li class=\"blocks-gallery-item\"><figure><img loading=\"lazy\" decoding=\"async\" width=\"1024\" height=\"803\" src=\"https:\/\/www.bedbugfoundation.org\/wp-content\/uploads\/2019\/02\/bedbug-bites-1024x803.jpg\" alt=\"\" data-id=\"1950\" data-link=\"https:\/\/www.bedbugfoundation.org\/?attachment_id=1950\" class=\"wp-image-1950\" srcset=\"https:\/\/www.bedbugfoundation.org\/wp-content\/uploads\/2019\/02\/bedbug-bites-1024x803.jpg 1024w, https:\/\/www.bedbugfoundation.org\/wp-content\/uploads\/2019\/02\/bedbug-bites-300x235.jpg 300w, https:\/\/www.bedbugfoundation.org\/wp-content\/uploads\/2019\/02\/bedbug-bites-768x602.jpg 768w, https:\/\/www.bedbugfoundation.org\/wp-content\/uploads\/2019\/02\/bedbug-bites-383x300.jpg 383w, https:\/\/www.bedbugfoundation.org\/wp-content\/uploads\/2019\/02\/bedbug-bites.jpg 1500w\" sizes=\"auto, (max-width: 1024px) 100vw, 1024px\" \/><\/figure><\/li><li class=\"blocks-gallery-item\"><figure><img loading=\"lazy\" decoding=\"async\" width=\"1024\" height=\"820\" src=\"https:\/\/www.bedbugfoundation.org\/wp-content\/uploads\/2019\/02\/bedbug-cimex-1-1024x820.jpg\" alt=\"\" data-id=\"1951\" data-link=\"https:\/\/www.bedbugfoundation.org\/?attachment_id=1951\" class=\"wp-image-1951\" srcset=\"https:\/\/www.bedbugfoundation.org\/wp-content\/uploads\/2019\/02\/bedbug-cimex-1-1024x820.jpg 1024w, https:\/\/www.bedbugfoundation.org\/wp-content\/uploads\/2019\/02\/bedbug-cimex-1-300x240.jpg 300w, https:\/\/www.bedbugfoundation.org\/wp-content\/uploads\/2019\/02\/bedbug-cimex-1-768x615.jpg 768w, https:\/\/www.bedbugfoundation.org\/wp-content\/uploads\/2019\/02\/bedbug-cimex-1-375x300.jpg 375w, https:\/\/www.bedbugfoundation.org\/wp-content\/uploads\/2019\/02\/bedbug-cimex-1.jpg 1500w\" sizes=\"auto, (max-width: 1024px) 100vw, 1024px\" \/><\/figure><\/li><li class=\"blocks-gallery-item\"><figure><img loading=\"lazy\" decoding=\"async\" width=\"1024\" height=\"672\" src=\"https:\/\/www.bedbugfoundation.org\/wp-content\/uploads\/2019\/02\/bedbug-cimex-9-1024x672.jpg\" alt=\"\" data-id=\"1957\" data-link=\"https:\/\/www.bedbugfoundation.org\/?attachment_id=1957\" class=\"wp-image-1957\" srcset=\"https:\/\/www.bedbugfoundation.org\/wp-content\/uploads\/2019\/02\/bedbug-cimex-9-1024x672.jpg 1024w, https:\/\/www.bedbugfoundation.org\/wp-content\/uploads\/2019\/02\/bedbug-cimex-9-300x197.jpg 300w, https:\/\/www.bedbugfoundation.org\/wp-content\/uploads\/2019\/02\/bedbug-cimex-9-768x504.jpg 768w, https:\/\/www.bedbugfoundation.org\/wp-content\/uploads\/2019\/02\/bedbug-cimex-9-457x300.jpg 457w, https:\/\/www.bedbugfoundation.org\/wp-content\/uploads\/2019\/02\/bedbug-cimex-9.jpg 1500w\" sizes=\"auto, (max-width: 1024px) 100vw, 1024px\" \/><\/figure><\/li><\/ul><\/figure>\n\n\n\n<p>A volte le cimici dei letti mordono due o tre volte in un unico posto. Ci\u00f2 tende ad accadere quando cercano un vaso sanguigno adatto. Il risultato \u00e8 un insieme di morsi pruriginosi a pochi centimetri l'uno dall'altro. \u00c8 raro avere pi\u00f9 di qualche morso nello stesso punto. Quando si verifica un numero maggiore di lesioni simili a morsi insieme, vale la pena considerare altre cause, come una reazione allergica localizzata a qualcosa nell'ambiente, un'infezione batterica (come l'impetigine), o un'infezione da acari (come la scabbia o la scabbia). Ci sono in realt\u00e0 molti disturbi della pelle che producono sintomi simili alle punture d'insetto, quindi potrebbe valere la pena di mostrarli al medico di famiglia o al dermatologo.<\/p>\n\n\n\n<p>&gt;&gt; <a href=\"https:\/\/bedbugfoundation.org\/wp-content\/uploads\/fileuploads\/ECoPv2%20UK.pdf\">3.2 Identificazione<\/a> &lt;&lt;<\/p>\n\n\n\n<p><strong><em><strong><em>Macchie fecali<\/em><\/strong><\/em><\/strong><strong>&nbsp;&#8211;<\/strong>&nbsp;Poich\u00e9 le cimici dei letti ingeriscono una dieta esclusivamente liquida, espellono grandi quantit\u00e0 di feci acquose scure. La presenza di macchie fecali scure sulla biancheria da letto \u00e8 molto spesso la prima indicazione di un'infestazione da cimici dei letti. Anche se alcune macchie sono spesso evidenti sulla biancheria da letto, la maggior parte di esse tende a trovarsi dove le cimici dei letti si nascondono, di solito in una fessura riparata da qualche parte nella struttura del letto. Su superfici assorbenti, come le lettiere, tendono a penetrare nelle fibre, ma su superfici non assorbenti, come il legno verniciato, le macchie tendono ad asciugarsi come grumi in rilievo.<\/p>\n\n\n\n<figure class=\"wp-block-gallery aligncenter columns-3 is-cropped wp-block-gallery-3 is-layout-flex wp-block-gallery-is-layout-flex\"><ul class=\"blocks-gallery-grid\"><li class=\"blocks-gallery-item\"><figure><img loading=\"lazy\" decoding=\"async\" width=\"1024\" height=\"682\" src=\"https:\/\/www.bedbugfoundation.org\/wp-content\/uploads\/2019\/02\/SH7W6269-1024x682.jpg\" alt=\"\" data-id=\"1995\" data-link=\"https:\/\/www.bedbugfoundation.org\/?attachment_id=1995\" class=\"wp-image-1995\" srcset=\"https:\/\/www.bedbugfoundation.org\/wp-content\/uploads\/2019\/02\/SH7W6269-1024x682.jpg 1024w, https:\/\/www.bedbugfoundation.org\/wp-content\/uploads\/2019\/02\/SH7W6269-300x200.jpg 300w, https:\/\/www.bedbugfoundation.org\/wp-content\/uploads\/2019\/02\/SH7W6269-768x511.jpg 768w, https:\/\/www.bedbugfoundation.org\/wp-content\/uploads\/2019\/02\/SH7W6269-450x300.jpg 450w, https:\/\/www.bedbugfoundation.org\/wp-content\/uploads\/2019\/02\/SH7W6269.jpg 1500w\" sizes=\"auto, (max-width: 1024px) 100vw, 1024px\" \/><\/figure><\/li><li class=\"blocks-gallery-item\"><figure><img loading=\"lazy\" decoding=\"async\" width=\"683\" height=\"1024\" src=\"https:\/\/www.bedbugfoundation.org\/wp-content\/uploads\/2019\/02\/back-edge-of-wardrobe-683x1024.jpg\" alt=\"\" data-id=\"1947\" data-link=\"https:\/\/www.bedbugfoundation.org\/?attachment_id=1947\" class=\"wp-image-1947\" srcset=\"https:\/\/www.bedbugfoundation.org\/wp-content\/uploads\/2019\/02\/back-edge-of-wardrobe-683x1024.jpg 683w, https:\/\/www.bedbugfoundation.org\/wp-content\/uploads\/2019\/02\/back-edge-of-wardrobe-300x450.jpg 300w, https:\/\/www.bedbugfoundation.org\/wp-content\/uploads\/2019\/02\/back-edge-of-wardrobe-200x300.jpg 200w, https:\/\/www.bedbugfoundation.org\/wp-content\/uploads\/2019\/02\/back-edge-of-wardrobe-768x1152.jpg 768w, https:\/\/www.bedbugfoundation.org\/wp-content\/uploads\/2019\/02\/back-edge-of-wardrobe.jpg 1000w\" sizes=\"auto, (max-width: 683px) 100vw, 683px\" \/><\/figure><\/li><li class=\"blocks-gallery-item\"><figure><img loading=\"lazy\" decoding=\"async\" width=\"1024\" height=\"683\" src=\"https:\/\/www.bedbugfoundation.org\/wp-content\/uploads\/2019\/02\/bedbug-harbourage-2-1024x683.jpg\" alt=\"\" data-id=\"1961\" data-link=\"https:\/\/www.bedbugfoundation.org\/?attachment_id=1961\" class=\"wp-image-1961\" srcset=\"https:\/\/www.bedbugfoundation.org\/wp-content\/uploads\/2019\/02\/bedbug-harbourage-2-1024x683.jpg 1024w, https:\/\/www.bedbugfoundation.org\/wp-content\/uploads\/2019\/02\/bedbug-harbourage-2-300x200.jpg 300w, https:\/\/www.bedbugfoundation.org\/wp-content\/uploads\/2019\/02\/bedbug-harbourage-2-768x512.jpg 768w, https:\/\/www.bedbugfoundation.org\/wp-content\/uploads\/2019\/02\/bedbug-harbourage-2-450x300.jpg 450w, https:\/\/www.bedbugfoundation.org\/wp-content\/uploads\/2019\/02\/bedbug-harbourage-2.jpg 1500w\" sizes=\"auto, (max-width: 1024px) 100vw, 1024px\" \/><\/figure><\/li><\/ul><\/figure>\n\n\n\n<p><strong><em><strong><em>Cani per la rilevazione del profumo<\/em><\/strong><\/em>\u00a0&#8211;<\/strong>\u00a0I cani per la rilevazione degli odori possono essere un modo efficiente per determinare se avete le cimici dei letti. Potete leggere di pi\u00f9 sul profumo <a href=\"https:\/\/www.bedbugfoundation.org\/it\/bed-bug-dogs\/\">Cani di rilevamento qui<\/a>.<\/p>\n\n\n\n<p>Il BBF fornisce la certificazione per i cani per la rilevazione degli odori in Europa. Potete trovare i dettagli di contatto per i team certificati che lavorano nella vostra zona.<\/p>\n\n\n\n<p class=\"has-text-align-center\"><a href=\"https:\/\/www.bedbugfoundation.org\/it\/self-help\/step-2\/\">Avanti<\/a><\/p>","protected":false},"excerpt":{"rendered":"<p>The BBF offers a free specimen identification service. You can find details of how to submit images or specimens for confirmation by clicking the button below: Each year, less than 20% of the specimens and photographs that the BBF receives &hellip; <a href=\"https:\/\/www.bedbugfoundation.org\/it\/self-help\/step-1\/\">Continua a leggere<span class=\"meta-nav\">\u2192<\/span><\/a><\/p>","protected":false},"author":1,"featured_media":0,"parent":2285,"menu_order":0,"comment_status":"closed","ping_status":"closed","template":"","meta":{"_bbp_topic_count":0,"_bbp_reply_count":0,"_bbp_total_topic_count":0,"_bbp_total_reply_count":0,"_bbp_voice_count":0,"_bbp_anonymous_reply_count":0,"_bbp_topic_count_hidden":0,"_bbp_reply_count_hidden":0,"_bbp_forum_subforum_count":0,"footnotes":""},"class_list":["post-2294","page","type-page","status-publish","hentry"],"yoast_head":"<!-- This site is optimized with the Yoast SEO plugin v27.5 - https:\/\/yoast.com\/product\/yoast-seo-wordpress\/ -->\n<title>Step 1: Confirmation - Bed Bug Foundation<\/title>\n<meta name=\"robots\" content=\"index, follow, max-snippet:-1, max-image-preview:large, max-video-preview:-1\" \/>\n<link rel=\"canonical\" href=\"https:\/\/www.bedbugfoundation.org\/it\/self-help\/step-1\/\" \/>\n<meta property=\"og:locale\" content=\"it_IT\" \/>\n<meta property=\"og:type\" content=\"article\" \/>\n<meta property=\"og:title\" content=\"Step 1: Confirmation - Bed Bug Foundation\" \/>\n<meta property=\"og:description\" content=\"The BBF offers a free specimen identification service. You can find details of how to submit images or specimens for confirmation by clicking the button below: Each year, less than 20% of the specimens and photographs that the BBF receives &hellip; Continua a leggere&rarr;\" \/>\n<meta property=\"og:url\" content=\"https:\/\/www.bedbugfoundation.org\/it\/self-help\/step-1\/\" \/>\n<meta property=\"og:site_name\" content=\"Bed Bug Foundation\" \/>\n<meta property=\"article:modified_time\" content=\"2021-02-17T12:06:48+00:00\" \/>\n<meta property=\"og:image\" content=\"https:\/\/www.bedbugfoundation.org\/wp-content\/uploads\/2019\/02\/bedbug-bites-1024x803.jpg\" \/>\n<meta name=\"twitter:card\" content=\"summary_large_image\" \/>\n<meta name=\"twitter:label1\" content=\"Tempo di lettura stimato\" \/>\n\t<meta name=\"twitter:data1\" content=\"3 minuti\" \/>\n<script type=\"application\/ld+json\" class=\"yoast-schema-graph\">{\"@context\":\"https:\\\/\\\/schema.org\",\"@graph\":[{\"@type\":\"WebPage\",\"@id\":\"https:\\\/\\\/www.bedbugfoundation.org\\\/sv\\\/self-help\\\/step-1\\\/\",\"url\":\"https:\\\/\\\/www.bedbugfoundation.org\\\/sv\\\/self-help\\\/step-1\\\/\",\"name\":\"Step 1: Confirmation - Bed Bug Foundation\",\"isPartOf\":{\"@id\":\"https:\\\/\\\/www.bedbugfoundation.org\\\/#website\"},\"primaryImageOfPage\":{\"@id\":\"https:\\\/\\\/www.bedbugfoundation.org\\\/sv\\\/self-help\\\/step-1\\\/#primaryimage\"},\"image\":{\"@id\":\"https:\\\/\\\/www.bedbugfoundation.org\\\/sv\\\/self-help\\\/step-1\\\/#primaryimage\"},\"thumbnailUrl\":\"https:\\\/\\\/www.bedbugfoundation.org\\\/wp-content\\\/uploads\\\/2019\\\/02\\\/bedbug-bites-1024x803.jpg\",\"datePublished\":\"2019-08-27T11:24:37+00:00\",\"dateModified\":\"2021-02-17T12:06:48+00:00\",\"breadcrumb\":{\"@id\":\"https:\\\/\\\/www.bedbugfoundation.org\\\/sv\\\/self-help\\\/step-1\\\/#breadcrumb\"},\"inLanguage\":\"it-IT\",\"potentialAction\":[{\"@type\":\"ReadAction\",\"target\":[\"https:\\\/\\\/www.bedbugfoundation.org\\\/sv\\\/self-help\\\/step-1\\\/\"]}]},{\"@type\":\"ImageObject\",\"inLanguage\":\"it-IT\",\"@id\":\"https:\\\/\\\/www.bedbugfoundation.org\\\/sv\\\/self-help\\\/step-1\\\/#primaryimage\",\"url\":\"https:\\\/\\\/www.bedbugfoundation.org\\\/wp-content\\\/uploads\\\/2019\\\/02\\\/bedbug-bites-1024x803.jpg\",\"contentUrl\":\"https:\\\/\\\/www.bedbugfoundation.org\\\/wp-content\\\/uploads\\\/2019\\\/02\\\/bedbug-bites-1024x803.jpg\"},{\"@type\":\"BreadcrumbList\",\"@id\":\"https:\\\/\\\/www.bedbugfoundation.org\\\/sv\\\/self-help\\\/step-1\\\/#breadcrumb\",\"itemListElement\":[{\"@type\":\"ListItem\",\"position\":1,\"name\":\"Home\",\"item\":\"https:\\\/\\\/www.bedbugfoundation.org\\\/\"},{\"@type\":\"ListItem\",\"position\":2,\"name\":\"Help! I think I have bed bugs!\",\"item\":\"https:\\\/\\\/www.bedbugfoundation.org\\\/self-help\\\/\"},{\"@type\":\"ListItem\",\"position\":3,\"name\":\"Step 1: Confirmation\"}]},{\"@type\":\"WebSite\",\"@id\":\"https:\\\/\\\/www.bedbugfoundation.org\\\/#website\",\"url\":\"https:\\\/\\\/www.bedbugfoundation.org\\\/\",\"name\":\"Bed Bug Foundation\",\"description\":\"Home of the European Code of Practice for Bed Bug Management\",\"potentialAction\":[{\"@type\":\"SearchAction\",\"target\":{\"@type\":\"EntryPoint\",\"urlTemplate\":\"https:\\\/\\\/www.bedbugfoundation.org\\\/?s={search_term_string}\"},\"query-input\":{\"@type\":\"PropertyValueSpecification\",\"valueRequired\":true,\"valueName\":\"search_term_string\"}}],\"inLanguage\":\"it-IT\"}]}<\/script>\n<!-- \/ Yoast SEO plugin. -->","yoast_head_json":{"title":"Passo 1: Conferma - Fondazione Cimice dei letti","robots":{"index":"index","follow":"follow","max-snippet":"max-snippet:-1","max-image-preview":"max-image-preview:large","max-video-preview":"max-video-preview:-1"},"canonical":"https:\/\/www.bedbugfoundation.org\/it\/self-help\/step-1\/","og_locale":"it_IT","og_type":"article","og_title":"Step 1: Confirmation - Bed Bug Foundation","og_description":"The BBF offers a free specimen identification service. You can find details of how to submit images or specimens for confirmation by clicking the button below: Each year, less than 20% of the specimens and photographs that the BBF receives &hellip; Continua a leggere&rarr;","og_url":"https:\/\/www.bedbugfoundation.org\/it\/self-help\/step-1\/","og_site_name":"Bed Bug Foundation","article_modified_time":"2021-02-17T12:06:48+00:00","og_image":[{"url":"https:\/\/www.bedbugfoundation.org\/wp-content\/uploads\/2019\/02\/bedbug-bites-1024x803.jpg","type":"","width":"","height":""}],"twitter_card":"summary_large_image","twitter_misc":{"Tempo di lettura stimato":"3 minuti"},"schema":{"@context":"https:\/\/schema.org","@graph":[{"@type":"WebPage","@id":"https:\/\/www.bedbugfoundation.org\/sv\/self-help\/step-1\/","url":"https:\/\/www.bedbugfoundation.org\/sv\/self-help\/step-1\/","name":"Passo 1: Conferma - Fondazione Cimice dei letti","isPartOf":{"@id":"https:\/\/www.bedbugfoundation.org\/#website"},"primaryImageOfPage":{"@id":"https:\/\/www.bedbugfoundation.org\/sv\/self-help\/step-1\/#primaryimage"},"image":{"@id":"https:\/\/www.bedbugfoundation.org\/sv\/self-help\/step-1\/#primaryimage"},"thumbnailUrl":"https:\/\/www.bedbugfoundation.org\/wp-content\/uploads\/2019\/02\/bedbug-bites-1024x803.jpg","datePublished":"2019-08-27T11:24:37+00:00","dateModified":"2021-02-17T12:06:48+00:00","breadcrumb":{"@id":"https:\/\/www.bedbugfoundation.org\/sv\/self-help\/step-1\/#breadcrumb"},"inLanguage":"it-IT","potentialAction":[{"@type":"ReadAction","target":["https:\/\/www.bedbugfoundation.org\/sv\/self-help\/step-1\/"]}]},{"@type":"ImageObject","inLanguage":"it-IT","@id":"https:\/\/www.bedbugfoundation.org\/sv\/self-help\/step-1\/#primaryimage","url":"https:\/\/www.bedbugfoundation.org\/wp-content\/uploads\/2019\/02\/bedbug-bites-1024x803.jpg","contentUrl":"https:\/\/www.bedbugfoundation.org\/wp-content\/uploads\/2019\/02\/bedbug-bites-1024x803.jpg"},{"@type":"BreadcrumbList","@id":"https:\/\/www.bedbugfoundation.org\/sv\/self-help\/step-1\/#breadcrumb","itemListElement":[{"@type":"ListItem","position":1,"name":"Home","item":"https:\/\/www.bedbugfoundation.org\/"},{"@type":"ListItem","position":2,"name":"Help! I think I have bed bugs!","item":"https:\/\/www.bedbugfoundation.org\/self-help\/"},{"@type":"ListItem","position":3,"name":"Step 1: Confirmation"}]},{"@type":"WebSite","@id":"https:\/\/www.bedbugfoundation.org\/#website","url":"https:\/\/www.bedbugfoundation.org\/","name":"Fondazione per le cimici dei letti","description":"Home del Codice europeo di pratica per la gestione delle cimici dei letti","potentialAction":[{"@type":"SearchAction","target":{"@type":"EntryPoint","urlTemplate":"https:\/\/www.bedbugfoundation.org\/?s={search_term_string}"},"query-input":{"@type":"PropertyValueSpecification","valueRequired":true,"valueName":"search_term_string"}}],"inLanguage":"it-IT"}]}},"_links":{"self":[{"href":"https:\/\/www.bedbugfoundation.org\/it\/wp-json\/wp\/v2\/pages\/2294","targetHints":{"allow":["GET"]}}],"collection":[{"href":"https:\/\/www.bedbugfoundation.org\/it\/wp-json\/wp\/v2\/pages"}],"about":[{"href":"https:\/\/www.bedbugfoundation.org\/it\/wp-json\/wp\/v2\/types\/page"}],"author":[{"embeddable":true,"href":"https:\/\/www.bedbugfoundation.org\/it\/wp-json\/wp\/v2\/users\/1"}],"replies":[{"embeddable":true,"href":"https:\/\/www.bedbugfoundation.org\/it\/wp-json\/wp\/v2\/comments?post=2294"}],"version-history":[{"count":12,"href":"https:\/\/www.bedbugfoundation.org\/it\/wp-json\/wp\/v2\/pages\/2294\/revisions"}],"predecessor-version":[{"id":8488,"href":"https:\/\/www.bedbugfoundation.org\/it\/wp-json\/wp\/v2\/pages\/2294\/revisions\/8488"}],"up":[{"embeddable":true,"href":"https:\/\/www.bedbugfoundation.org\/it\/wp-json\/wp\/v2\/pages\/2285"}],"wp:attachment":[{"href":"https:\/\/www.bedbugfoundation.org\/it\/wp-json\/wp\/v2\/media?parent=2294"}],"curies":[{"name":"wp","href":"https:\/\/api.w.org\/{rel}","templated":true}]}}