{"id":9402,"date":"2022-10-25T11:14:35","date_gmt":"2022-10-25T10:14:35","guid":{"rendered":"https:\/\/www.bedbugfoundation.org\/?page_id=9402"},"modified":"2023-09-05T09:53:25","modified_gmt":"2023-09-05T08:53:25","slug":"the-bed-bug","status":"publish","type":"page","link":"https:\/\/www.bedbugfoundation.org\/it\/the-bed-bug\/","title":{"rendered":"The Bed Bug Poem"},"content":{"rendered":"<blockquote class=\"wp-block-quote has-text-align-center is-layout-flow wp-block-quote-is-layout-flow\"><p>Tra gli insetti creati da Dio<br>Un piccolo artropode succhiatore di sangue<br>Chiamato Cimex Lectularius<br>\u00c8 stato mandato per morderci e tormentarci.<br>\u00a0<br>Ora, cosa possedeva la Divinit\u00e0<br>Fare questo \u00e8 un mistero.<br>Forse Dio si sentiva in vena di scherzi,<br>E disse: \"Mander\u00f2 questo piccolo uomo<br>\u00a0<br>\"Nascondersi finch\u00e9 la gente non si riposa,<br>\"Poi mordete le loro orecchie, le gambe, il collo e le dita dei piedi<br>\"E aspetta di vedere l'umanit\u00e0<br>\"Impegnarsi in una bestemmia\".<br>\u00a0<br>Dio ha creato questi piccoli insetti<br>Ovunque si trovassero esseri umani.<br>In grotta e in capanna, sia in basso che in alto,<br>Dio ha detto: \"Crescete e moltiplicatevi!\".<br>\u00a0<br>E cos\u00ec hanno fatto, fin dai tempi antichi<br>In climi gelidi o tropicali.<br>Hanno morso il sedere e succhiato il sangue<br>Di No\u00e8, che galleggia sul Diluvio.<br>\u00a0<br>Hanno morso i Faraoni vicino al Nilo,<br>E succhi\u00f2 il sangue di Nerone, mentre<br>Si \u00e8 messo a giocherellare mentre guardava le fiamme<br>Di Roma. E se faccio dei nomi<br>\u00a0<br>Come Platone, Michelangelo<br>\u00c8 solo per farvi sapere<br>Che anche i grandi come questo<br>Ricevuto il bacio insanguinato della cimice dei letti.<br>\u00a0<br>Anche la santa Giovanna d'Arco<br>(Sicuramente la scintilla pi\u00f9 brillante del suo paese)<br>Si \u00e8 lanciato verso il rogo ardente,<br>E grid\u00f2: \"Non posso accettare<br>\u00a0<br>\"Un'altra notte in quel maledetto letto,<br>\"Con insetti vivi dalla punta dei piedi alla testa.<br>\"Preferisco affrontare il mistero ardente della morte\".<br>Lo ha fatto.  Il resto, ovviamente, \u00e8 storia.<br>\u00a0<br>E che dire di Maria Antonietta,<br>Che ha detto: \"Scommetto che ci sono cinquecento insetti,<br>\"Mi hanno morso, anche se sono regina.<br>\"Preferirei affrontare la ghigliottina<br>\u00a0<br>\"Allora accoccolatevi di nuovo con gli insetti\".<br>L'hanno presa in parola.  Amen.<br>A Oz, l'uomo del fiume innevato<br>La storia ha mostrato grinta e abilit\u00e0,<br>\u00a0<br>Per tenere a freno la mandria di brumbies.<br>Le sue parole rivelano un'altra prospettiva.<br>Echeggiarono lungo il dirupo della montagna,<br>\"Ci sono delle maledette cimici nel mio letto!\".<br>\u00a0<br>E lontano, negli anni successivi,<br>\u00a0Una storia di grilli che fa ancora piangere.<br>Al Lord's, in quella che qualcuno ha definito sfortuna,<br>Don Bradman ha fatto un'anatra in un Test Match.<br>\u00a0<br>\"Sfortuna?\", scatt\u00f2, \"\u00e8 stato un inferno -.<br>\"Ci sono cimici nell'albergo della squadra!\".<br>Ma la cosa peggiore \u00e8 che le cimici dei letti mordono<br>L'Adolph Hitler addormentato. Il<br>\u00a0<br>L'ha fatto arrabbiare pi\u00f9 di quanto potesse sopportare.<br>Ha fatto i capricci in quel momento<br>Si \u00e8 strappato i capelli, ha battuto gli stivali,<br>Estrasse la pistola, come per sparare.<br>\u00a0<br>E pianse, con rabbia pi\u00f9 che con dolore,<br>\"Domani inizier\u00f2 la seconda guerra mondiale!\".<br>Quindi, caro lettore, cerca nella tua stanza<br>Prima di andare incontro a un doloroso destino.<br>\u00a0<br>Cercate nel vostro materasso, cercate nel vostro materassino,<br>Fatelo ora, o anche prima.<br>Cercate nelle crepe e nelle fessure del pavimento,<br>Cercate in casa vostra e in quella di vostra nonna,<br>\u00a0<br>Zii, cugini, ogni parente.<br>Non rischiate un'infestazione,<br>Per evitare che tutti noi diventiamo<br>Le vittime della terza guerra mondiale.<\/p><\/blockquote>\n\n\n\n<p class=\"has-text-align-center\"><strong>Una poesia di Dermot Dorgan<\/strong><\/p>","protected":false},"excerpt":{"rendered":"<p>Among the insects made by GodA small blood-sucking arthropodCalled\u00a0Cimex LectulariusWas sent to bit and harry us.\u00a0Now, what possessed the DeityTo do this is a mystery.Perhaps God felt in playful mood,And said, &#8220;I&#8217;ll send this little dude\u00a0&#8220;To hide till folks are &hellip; <a href=\"https:\/\/www.bedbugfoundation.org\/it\/the-bed-bug\/\">Continua a leggere<span class=\"meta-nav\">\u2192<\/span><\/a><\/p>","protected":false},"author":195,"featured_media":0,"parent":0,"menu_order":0,"comment_status":"closed","ping_status":"closed","template":"","meta":{"_bbp_topic_count":0,"_bbp_reply_count":0,"_bbp_total_topic_count":0,"_bbp_total_reply_count":0,"_bbp_voice_count":0,"_bbp_anonymous_reply_count":0,"_bbp_topic_count_hidden":0,"_bbp_reply_count_hidden":0,"_bbp_forum_subforum_count":0,"footnotes":""},"class_list":["post-9402","page","type-page","status-publish","hentry"],"yoast_head":"<!-- This site is optimized with the Yoast SEO plugin v27.4 - https:\/\/yoast.com\/product\/yoast-seo-wordpress\/ -->\n<title>The Bed Bug Poem - Bed Bug Foundation<\/title>\n<meta name=\"robots\" content=\"index, follow, max-snippet:-1, max-image-preview:large, max-video-preview:-1\" \/>\n<link rel=\"canonical\" href=\"https:\/\/www.bedbugfoundation.org\/it\/the-bed-bug\/\" \/>\n<meta property=\"og:locale\" content=\"it_IT\" \/>\n<meta property=\"og:type\" content=\"article\" \/>\n<meta property=\"og:title\" content=\"The Bed Bug Poem - Bed Bug Foundation\" \/>\n<meta property=\"og:description\" content=\"Among the insects made by GodA small blood-sucking arthropodCalled\u00a0Cimex LectulariusWas sent to bit and harry us.\u00a0Now, what possessed the DeityTo do this is a mystery.Perhaps God felt in playful mood,And said, &#8220;I&#8217;ll send this little dude\u00a0&#8220;To hide till folks are &hellip; Continua a leggere&rarr;\" \/>\n<meta property=\"og:url\" content=\"https:\/\/www.bedbugfoundation.org\/it\/the-bed-bug\/\" \/>\n<meta property=\"og:site_name\" content=\"Bed Bug Foundation\" \/>\n<meta property=\"article:modified_time\" content=\"2023-09-05T08:53:25+00:00\" \/>\n<meta name=\"twitter:card\" content=\"summary_large_image\" \/>\n<meta name=\"twitter:label1\" content=\"Tempo di lettura stimato\" \/>\n\t<meta name=\"twitter:data1\" content=\"3 minuti\" \/>\n<script type=\"application\/ld+json\" class=\"yoast-schema-graph\">{\"@context\":\"https:\\\/\\\/schema.org\",\"@graph\":[{\"@type\":\"WebPage\",\"@id\":\"https:\\\/\\\/www.bedbugfoundation.org\\\/the-bed-bug\\\/\",\"url\":\"https:\\\/\\\/www.bedbugfoundation.org\\\/the-bed-bug\\\/\",\"name\":\"The Bed Bug Poem - Bed Bug Foundation\",\"isPartOf\":{\"@id\":\"https:\\\/\\\/www.bedbugfoundation.org\\\/#website\"},\"datePublished\":\"2022-10-25T10:14:35+00:00\",\"dateModified\":\"2023-09-05T08:53:25+00:00\",\"breadcrumb\":{\"@id\":\"https:\\\/\\\/www.bedbugfoundation.org\\\/the-bed-bug\\\/#breadcrumb\"},\"inLanguage\":\"it-IT\",\"potentialAction\":[{\"@type\":\"ReadAction\",\"target\":[\"https:\\\/\\\/www.bedbugfoundation.org\\\/the-bed-bug\\\/\"]}]},{\"@type\":\"BreadcrumbList\",\"@id\":\"https:\\\/\\\/www.bedbugfoundation.org\\\/the-bed-bug\\\/#breadcrumb\",\"itemListElement\":[{\"@type\":\"ListItem\",\"position\":1,\"name\":\"Home\",\"item\":\"https:\\\/\\\/www.bedbugfoundation.org\\\/\"},{\"@type\":\"ListItem\",\"position\":2,\"name\":\"The Bed Bug Poem\"}]},{\"@type\":\"WebSite\",\"@id\":\"https:\\\/\\\/www.bedbugfoundation.org\\\/#website\",\"url\":\"https:\\\/\\\/www.bedbugfoundation.org\\\/\",\"name\":\"Bed Bug Foundation\",\"description\":\"Home of the European Code of Practice for Bed Bug Management\",\"potentialAction\":[{\"@type\":\"SearchAction\",\"target\":{\"@type\":\"EntryPoint\",\"urlTemplate\":\"https:\\\/\\\/www.bedbugfoundation.org\\\/?s={search_term_string}\"},\"query-input\":{\"@type\":\"PropertyValueSpecification\",\"valueRequired\":true,\"valueName\":\"search_term_string\"}}],\"inLanguage\":\"it-IT\"}]}<\/script>\n<!-- \/ Yoast SEO plugin. -->","yoast_head_json":{"title":"The Bed Bug Poem - Bed Bug Foundation","robots":{"index":"index","follow":"follow","max-snippet":"max-snippet:-1","max-image-preview":"max-image-preview:large","max-video-preview":"max-video-preview:-1"},"canonical":"https:\/\/www.bedbugfoundation.org\/it\/the-bed-bug\/","og_locale":"it_IT","og_type":"article","og_title":"The Bed Bug Poem - Bed Bug Foundation","og_description":"Among the insects made by GodA small blood-sucking arthropodCalled\u00a0Cimex LectulariusWas sent to bit and harry us.\u00a0Now, what possessed the DeityTo do this is a mystery.Perhaps God felt in playful mood,And said, &#8220;I&#8217;ll send this little dude\u00a0&#8220;To hide till folks are &hellip; Continua a leggere&rarr;","og_url":"https:\/\/www.bedbugfoundation.org\/it\/the-bed-bug\/","og_site_name":"Bed Bug Foundation","article_modified_time":"2023-09-05T08:53:25+00:00","twitter_card":"summary_large_image","twitter_misc":{"Tempo di lettura stimato":"3 minuti"},"schema":{"@context":"https:\/\/schema.org","@graph":[{"@type":"WebPage","@id":"https:\/\/www.bedbugfoundation.org\/the-bed-bug\/","url":"https:\/\/www.bedbugfoundation.org\/the-bed-bug\/","name":"The Bed Bug Poem - Bed Bug Foundation","isPartOf":{"@id":"https:\/\/www.bedbugfoundation.org\/#website"},"datePublished":"2022-10-25T10:14:35+00:00","dateModified":"2023-09-05T08:53:25+00:00","breadcrumb":{"@id":"https:\/\/www.bedbugfoundation.org\/the-bed-bug\/#breadcrumb"},"inLanguage":"it-IT","potentialAction":[{"@type":"ReadAction","target":["https:\/\/www.bedbugfoundation.org\/the-bed-bug\/"]}]},{"@type":"BreadcrumbList","@id":"https:\/\/www.bedbugfoundation.org\/the-bed-bug\/#breadcrumb","itemListElement":[{"@type":"ListItem","position":1,"name":"Home","item":"https:\/\/www.bedbugfoundation.org\/"},{"@type":"ListItem","position":2,"name":"The Bed Bug Poem"}]},{"@type":"WebSite","@id":"https:\/\/www.bedbugfoundation.org\/#website","url":"https:\/\/www.bedbugfoundation.org\/","name":"Fondazione per le cimici dei letti","description":"Home del Codice europeo di pratica per la gestione delle cimici dei letti","potentialAction":[{"@type":"SearchAction","target":{"@type":"EntryPoint","urlTemplate":"https:\/\/www.bedbugfoundation.org\/?s={search_term_string}"},"query-input":{"@type":"PropertyValueSpecification","valueRequired":true,"valueName":"search_term_string"}}],"inLanguage":"it-IT"}]}},"_links":{"self":[{"href":"https:\/\/www.bedbugfoundation.org\/it\/wp-json\/wp\/v2\/pages\/9402","targetHints":{"allow":["GET"]}}],"collection":[{"href":"https:\/\/www.bedbugfoundation.org\/it\/wp-json\/wp\/v2\/pages"}],"about":[{"href":"https:\/\/www.bedbugfoundation.org\/it\/wp-json\/wp\/v2\/types\/page"}],"author":[{"embeddable":true,"href":"https:\/\/www.bedbugfoundation.org\/it\/wp-json\/wp\/v2\/users\/195"}],"replies":[{"embeddable":true,"href":"https:\/\/www.bedbugfoundation.org\/it\/wp-json\/wp\/v2\/comments?post=9402"}],"version-history":[{"count":4,"href":"https:\/\/www.bedbugfoundation.org\/it\/wp-json\/wp\/v2\/pages\/9402\/revisions"}],"predecessor-version":[{"id":9816,"href":"https:\/\/www.bedbugfoundation.org\/it\/wp-json\/wp\/v2\/pages\/9402\/revisions\/9816"}],"wp:attachment":[{"href":"https:\/\/www.bedbugfoundation.org\/it\/wp-json\/wp\/v2\/media?parent=9402"}],"curies":[{"name":"wp","href":"https:\/\/api.w.org\/{rel}","templated":true}]}}