{"id":10078,"date":"2024-05-07T13:17:32","date_gmt":"2024-05-07T12:17:32","guid":{"rendered":"https:\/\/www.bedbugfoundation.org\/?page_id=10078"},"modified":"2024-05-07T13:17:33","modified_gmt":"2024-05-07T12:17:33","slug":"bed-bug-media","status":"publish","type":"page","link":"https:\/\/www.bedbugfoundation.org\/sv\/bed-bug-media\/","title":{"rendered":"Bed Bug Media"},"content":{"rendered":"<div style=\"height:20px\" aria-hidden=\"true\" class=\"wp-block-spacer\"><\/div>\n\n\n\n<h2 class=\"wp-block-heading\">Artistic Media<\/h2>\n\n\n\n<div class=\"wp-block-buttons is-layout-flex wp-block-buttons-is-layout-flex\">\n<div class=\"wp-block-button is-style-outline is-style-outline--1\"><a class=\"wp-block-button__link wp-element-button\" href=\"https:\/\/www.bedbugfoundation.org\/sv\/the-bed-bug\/\">Bud Bug, en dikt av Dermot Dorgan<\/a><\/div>\n<\/div>\n\n\n\n<h2 class=\"wp-block-heading\">YouTube Videos<\/h2>\n\n\n\n<p>Check out the following video of Arte, a french\/german public broadcast service that came to the Bed Bug Foudnation to see what we do and interview Dr Richard Naylor about Cimex Store and the research they do on Bed Bugs.<\/p>\n\n\n\n<figure class=\"wp-block-embed aligncenter is-type-video is-provider-youtube wp-block-embed-youtube wp-embed-aspect-16-9 wp-has-aspect-ratio\"><div class=\"wp-block-embed__wrapper\">\n<iframe loading=\"lazy\" title=\"La chasse aux punaises de lit | ARTE Regards | ARTE\" width=\"584\" height=\"329\" src=\"https:\/\/www.youtube.com\/embed\/XCSz8q49IsY?feature=oembed\" frameborder=\"0\" allow=\"accelerometer; autoplay; clipboard-write; encrypted-media; gyroscope; picture-in-picture; web-share\" referrerpolicy=\"strict-origin-when-cross-origin\" allowfullscreen><\/iframe>\n<\/div><\/figure>\n\n\n\n<p>Kolla in f\u00f6ljande video fr\u00e5n Mark Rober p\u00e5 Youtube, som har f\u00f6rdjupat sig i s\u00e4ngbaggar och ger en mycket l\u00e4ttillg\u00e4nglig bild av v\u00e5r favoritskadedjur i hemmet:<\/p>\n\n\n\n<figure class=\"wp-block-embed is-type-video is-provider-youtube wp-block-embed-youtube wp-embed-aspect-16-9 wp-has-aspect-ratio\"><div class=\"wp-block-embed__wrapper\">\n<iframe loading=\"lazy\" title=\"Bed Bugs- What You&#039;ve Been Told is Totally False\" width=\"584\" height=\"329\" src=\"https:\/\/www.youtube.com\/embed\/2JAOTJxYqh8?feature=oembed\" frameborder=\"0\" allow=\"accelerometer; autoplay; clipboard-write; encrypted-media; gyroscope; picture-in-picture; web-share\" referrerpolicy=\"strict-origin-when-cross-origin\" allowfullscreen><\/iframe>\n<\/div><\/figure>","protected":false},"excerpt":{"rendered":"<p>Artistic Media YouTube Videos Check out the following video of Arte, a french\/german public broadcast service that came to the Bed Bug Foudnation to see what we do and interview Dr Richard Naylor about Cimex Store and the research they &hellip; <a href=\"https:\/\/www.bedbugfoundation.org\/sv\/bed-bug-media\/\">Forts\u00e4tt l\u00e4sa <span class=\"meta-nav\">\u2192<\/span><\/a><\/p>","protected":false},"author":195,"featured_media":0,"parent":0,"menu_order":0,"comment_status":"closed","ping_status":"closed","template":"","meta":{"_bbp_topic_count":0,"_bbp_reply_count":0,"_bbp_total_topic_count":0,"_bbp_total_reply_count":0,"_bbp_voice_count":0,"_bbp_anonymous_reply_count":0,"_bbp_topic_count_hidden":0,"_bbp_reply_count_hidden":0,"_bbp_forum_subforum_count":0,"footnotes":""},"class_list":["post-10078","page","type-page","status-publish","hentry"],"yoast_head":"<!-- This site is optimized with the Yoast SEO plugin v27.4 - https:\/\/yoast.com\/product\/yoast-seo-wordpress\/ -->\n<title>Bed Bug Media - Bed Bug Foundation<\/title>\n<meta name=\"robots\" content=\"index, follow, max-snippet:-1, max-image-preview:large, max-video-preview:-1\" \/>\n<link rel=\"canonical\" href=\"https:\/\/www.bedbugfoundation.org\/sv\/bed-bug-media\/\" \/>\n<meta property=\"og:locale\" content=\"sv_SE\" \/>\n<meta property=\"og:type\" content=\"article\" \/>\n<meta property=\"og:title\" content=\"Bed Bug Media - Bed Bug Foundation\" \/>\n<meta property=\"og:description\" content=\"Artistic Media YouTube Videos Check out the following video of Arte, a french\/german public broadcast service that came to the Bed Bug Foudnation to see what we do and interview Dr Richard Naylor about Cimex Store and the research they &hellip; Forts\u00e4tt l\u00e4sa &rarr;\" \/>\n<meta property=\"og:url\" content=\"https:\/\/www.bedbugfoundation.org\/sv\/bed-bug-media\/\" \/>\n<meta property=\"og:site_name\" content=\"Bed Bug Foundation\" \/>\n<meta property=\"article:modified_time\" content=\"2024-05-07T12:17:33+00:00\" \/>\n<meta name=\"twitter:card\" content=\"summary_large_image\" \/>\n<meta name=\"twitter:label1\" content=\"Ber\u00e4knad l\u00e4stid\" \/>\n\t<meta name=\"twitter:data1\" content=\"1 minut\" \/>\n<script type=\"application\/ld+json\" class=\"yoast-schema-graph\">{\"@context\":\"https:\\\/\\\/schema.org\",\"@graph\":[{\"@type\":\"WebPage\",\"@id\":\"https:\\\/\\\/www.bedbugfoundation.org\\\/bed-bug-media\\\/\",\"url\":\"https:\\\/\\\/www.bedbugfoundation.org\\\/bed-bug-media\\\/\",\"name\":\"Bed Bug Media - Bed Bug Foundation\",\"isPartOf\":{\"@id\":\"https:\\\/\\\/www.bedbugfoundation.org\\\/#website\"},\"datePublished\":\"2024-05-07T12:17:32+00:00\",\"dateModified\":\"2024-05-07T12:17:33+00:00\",\"breadcrumb\":{\"@id\":\"https:\\\/\\\/www.bedbugfoundation.org\\\/bed-bug-media\\\/#breadcrumb\"},\"inLanguage\":\"sv-SE\",\"potentialAction\":[{\"@type\":\"ReadAction\",\"target\":[\"https:\\\/\\\/www.bedbugfoundation.org\\\/bed-bug-media\\\/\"]}]},{\"@type\":\"BreadcrumbList\",\"@id\":\"https:\\\/\\\/www.bedbugfoundation.org\\\/bed-bug-media\\\/#breadcrumb\",\"itemListElement\":[{\"@type\":\"ListItem\",\"position\":1,\"name\":\"Home\",\"item\":\"https:\\\/\\\/www.bedbugfoundation.org\\\/\"},{\"@type\":\"ListItem\",\"position\":2,\"name\":\"Bed Bug Media\"}]},{\"@type\":\"WebSite\",\"@id\":\"https:\\\/\\\/www.bedbugfoundation.org\\\/#website\",\"url\":\"https:\\\/\\\/www.bedbugfoundation.org\\\/\",\"name\":\"Bed Bug Foundation\",\"description\":\"Home of the European Code of Practice for Bed Bug Management\",\"potentialAction\":[{\"@type\":\"SearchAction\",\"target\":{\"@type\":\"EntryPoint\",\"urlTemplate\":\"https:\\\/\\\/www.bedbugfoundation.org\\\/?s={search_term_string}\"},\"query-input\":{\"@type\":\"PropertyValueSpecification\",\"valueRequired\":true,\"valueName\":\"search_term_string\"}}],\"inLanguage\":\"sv-SE\"}]}<\/script>\n<!-- \/ Yoast SEO plugin. -->","yoast_head_json":{"title":"Bed Bug Media - Bed Bug Foundation","robots":{"index":"index","follow":"follow","max-snippet":"max-snippet:-1","max-image-preview":"max-image-preview:large","max-video-preview":"max-video-preview:-1"},"canonical":"https:\/\/www.bedbugfoundation.org\/sv\/bed-bug-media\/","og_locale":"sv_SE","og_type":"article","og_title":"Bed Bug Media - Bed Bug Foundation","og_description":"Artistic Media YouTube Videos Check out the following video of Arte, a french\/german public broadcast service that came to the Bed Bug Foudnation to see what we do and interview Dr Richard Naylor about Cimex Store and the research they &hellip; Forts\u00e4tt l\u00e4sa &rarr;","og_url":"https:\/\/www.bedbugfoundation.org\/sv\/bed-bug-media\/","og_site_name":"Bed Bug Foundation","article_modified_time":"2024-05-07T12:17:33+00:00","twitter_card":"summary_large_image","twitter_misc":{"Ber\u00e4knad l\u00e4stid":"1 minut"},"schema":{"@context":"https:\/\/schema.org","@graph":[{"@type":"WebPage","@id":"https:\/\/www.bedbugfoundation.org\/bed-bug-media\/","url":"https:\/\/www.bedbugfoundation.org\/bed-bug-media\/","name":"Bed Bug Media - Bed Bug Foundation","isPartOf":{"@id":"https:\/\/www.bedbugfoundation.org\/#website"},"datePublished":"2024-05-07T12:17:32+00:00","dateModified":"2024-05-07T12:17:33+00:00","breadcrumb":{"@id":"https:\/\/www.bedbugfoundation.org\/bed-bug-media\/#breadcrumb"},"inLanguage":"sv-SE","potentialAction":[{"@type":"ReadAction","target":["https:\/\/www.bedbugfoundation.org\/bed-bug-media\/"]}]},{"@type":"BreadcrumbList","@id":"https:\/\/www.bedbugfoundation.org\/bed-bug-media\/#breadcrumb","itemListElement":[{"@type":"ListItem","position":1,"name":"Home","item":"https:\/\/www.bedbugfoundation.org\/"},{"@type":"ListItem","position":2,"name":"Bed Bug Media"}]},{"@type":"WebSite","@id":"https:\/\/www.bedbugfoundation.org\/#website","url":"https:\/\/www.bedbugfoundation.org\/","name":"Stiftelsen f\u00f6r s\u00e4ngbaggar","description":"Hem f\u00f6r den europeiska koden f\u00f6r hantering av s\u00e4nginfektioner","potentialAction":[{"@type":"SearchAction","target":{"@type":"EntryPoint","urlTemplate":"https:\/\/www.bedbugfoundation.org\/?s={search_term_string}"},"query-input":{"@type":"PropertyValueSpecification","valueRequired":true,"valueName":"search_term_string"}}],"inLanguage":"sv-SE"}]}},"_links":{"self":[{"href":"https:\/\/www.bedbugfoundation.org\/sv\/wp-json\/wp\/v2\/pages\/10078","targetHints":{"allow":["GET"]}}],"collection":[{"href":"https:\/\/www.bedbugfoundation.org\/sv\/wp-json\/wp\/v2\/pages"}],"about":[{"href":"https:\/\/www.bedbugfoundation.org\/sv\/wp-json\/wp\/v2\/types\/page"}],"author":[{"embeddable":true,"href":"https:\/\/www.bedbugfoundation.org\/sv\/wp-json\/wp\/v2\/users\/195"}],"replies":[{"embeddable":true,"href":"https:\/\/www.bedbugfoundation.org\/sv\/wp-json\/wp\/v2\/comments?post=10078"}],"version-history":[{"count":1,"href":"https:\/\/www.bedbugfoundation.org\/sv\/wp-json\/wp\/v2\/pages\/10078\/revisions"}],"predecessor-version":[{"id":10080,"href":"https:\/\/www.bedbugfoundation.org\/sv\/wp-json\/wp\/v2\/pages\/10078\/revisions\/10080"}],"wp:attachment":[{"href":"https:\/\/www.bedbugfoundation.org\/sv\/wp-json\/wp\/v2\/media?parent=10078"}],"curies":[{"name":"wp","href":"https:\/\/api.w.org\/{rel}","templated":true}]}}