{"id":1034,"date":"2016-07-04T09:52:59","date_gmt":"2016-07-04T08:52:59","guid":{"rendered":"http:\/\/bedbugfoundation.org\/?page_id=1034"},"modified":"2026-04-23T10:17:50","modified_gmt":"2026-04-23T09:17:50","slug":"certification-process-rules-requirements","status":"publish","type":"page","link":"https:\/\/www.bedbugfoundation.org\/sv\/certification-process-rules-requirements\/","title":{"rendered":"Certifieringsprocess, regler och krav"},"content":{"rendered":"<p>F\u00f6ljande best\u00e4mmelser ligger till grund f\u00f6r certifieringen av hundteam som arbetar med att uppt\u00e4cka v\u00e4ggl\u00f6ss.<\/p>\n\n\n\n<p><strong> 1.1 &nbsp; &nbsp;Evaluator<\/strong><\/p>\n\n\n\n<p>De utv\u00e4rderare som anlitas av Bed Bug Foundation (BBF) genomg\u00e5r en intern urvalsprocess, examination och d\u00e4refter certifiering.<\/p>\n\n\n\n<p>Utv\u00e4rderare som ocks\u00e5 utbildar doftsp\u00e5rningsgrupper f\u00e5r inte certifiera de grupper som de utbildar.<\/p>\n\n\n\n<p><strong>1.2&nbsp;&nbsp;&nbsp;&nbsp;&nbsp;&nbsp; Training requirements for handler and dog<\/strong><\/p>\n\n\n\n<p>Bed Bug Foundation kr\u00e4ver att f\u00f6ljande minimikrav uppfylls under granskningen f\u00f6r att framg\u00e5ngsrikt klara examinationen och bli certifierad.<\/p>\n\n\n\n<ul class=\"wp-block-list\">\n<li>Identifiering av m\u00e5lets doft.<\/li>\n\n\n\n<li>Varning eller markering.<\/li>\n\n\n\n<li>Utveckling av s\u00f6kintensitet och s\u00f6kvillkor.<\/li>\n\n\n\n<li>Grundl\u00e4ggande kunskaper om v\u00e4ggl\u00f6ssens beteende och biologi.<\/li>\n\n\n\n<li>Grundl\u00e4ggande kunskaper om hundars beteende och h\u00e4lsa.<\/li>\n\n\n\n<li>En hunds f\u00f6rm\u00e5ga att s\u00f6ka i 15 minuter utan avbrott.<\/li>\n<\/ul>\n\n\n\n<p><strong>&nbsp;<\/strong><\/p>\n\n\n\n<p><strong>1.3&nbsp;&nbsp;&nbsp;&nbsp;&nbsp;&nbsp; Definition of bed bug detection dog team<\/strong><\/p>\n\n\n\n<ul class=\"wp-block-list\">\n<li>Certifieringen g\u00e4ller endast f\u00f6r ett team best\u00e5ende av hund och f\u00f6rare; separat certifiering f\u00f6r hund och f\u00f6rare \u00e4r inte m\u00f6jlig.<\/li>\n\n\n\n<li>Om en f\u00f6rare separerar fr\u00e5n sin hund \u00e4r certifieringen ogiltig.<\/li>\n\n\n\n<li>Det \u00e4r m\u00f6jligt att f\u00e5 en hund testad med mer \u00e4n en f\u00f6rare. Varje f\u00f6rare kommer att certifieras separat med hunden och p\u00e5 olika platser.<\/li>\n<\/ul>\n\n\n\n<p><strong>&nbsp;<\/strong><\/p>\n\n\n\n<p><strong>1.4&nbsp;&nbsp;&nbsp;&nbsp;&nbsp;&nbsp; General Provision<\/strong><\/p>\n\n\n\n<ul class=\"wp-block-list\">\n<li>Medlemskap i BBF kr\u00e4vs f\u00f6r att f\u00e5 delta i provet.<\/li>\n\n\n\n<li>Varje team f\u00e5r sj\u00e4lv best\u00e4mma i vilket land det vill certifiera sig.<\/li>\n\n\n\n<li>Syftet med certifieringen \u00e4r att testa och certifiera hundteam f\u00f6r v\u00e4gglussp\u00e5rning, enligt definitionen i punkt 1.1, f\u00f6r att uppfylla de h\u00f6gkvalitativa standarder som efterstr\u00e4vas av Bed Bug Foundation.<\/li>\n\n\n\n<li>Provet best\u00e5r av b\u00e5de teoretiska och praktiska kriterier. Godk\u00e4nt resultat p\u00e5 den teoretiska delen av provet \u00e4r en f\u00f6ruts\u00e4ttning f\u00f6r att f\u00e5 delta i den praktiska delen. N\u00e4r b\u00e5da delarna av provet har klarats av \u00e4r v\u00e4gglushundteamet certifierat.<\/li>\n\n\n\n<li>Certifieringen \u00e4r giltig i 12 m\u00e5nader. Efter den f\u00f6rsta certifieringen m\u00e5ste teamet omcertifiera sig var 12:e m\u00e5nad.<\/li>\n<\/ul>\n\n\n\n<p><strong>&nbsp;<\/strong><\/p>\n\n\n\n<p><strong>2. &nbsp; &nbsp; &nbsp; Examination requirements <\/strong><\/p>\n\n\n\n<p><strong>2.1 Krav p\u00e5 hundf\u00f6raren<\/strong>.<\/p>\n\n\n\n<ul class=\"wp-block-list\">\n<li>Samtycker till publicering av kontaktuppgifter p\u00e5 BBF:s webbplats.<\/li>\n\n\n\n<li>G\u00e4llande f\u00f6rs\u00e4kringsskydd f\u00f6r skador orsakade av f\u00f6raren eller hunden.<\/li>\n<\/ul>\n\n\n\n<p><strong>2.2&nbsp;&nbsp;&nbsp;&nbsp;&nbsp;&nbsp; Requirements of the dog<\/strong><\/p>\n\n\n\n<ul class=\"wp-block-list\">\n<li>Hunden m\u00e5ste vara minst 15 m\u00e5nader gammal p\u00e5 provdagen. En beg\u00e4ran om undantag kan g\u00f6ras till BBF f\u00f6r att testa mellan 12 och 14 m\u00e5naders \u00e5lder.<\/li>\n\n\n\n<li>Hunden f\u00e5r inte vara \u00e4ldre \u00e4n 10 \u00e5r vid tidpunkten f\u00f6r den f\u00f6rsta certifieringen.<\/li>\n\n\n\n<li>Hundens identitet m\u00e5ste bevisas bortom allt tvivel genom avl\u00e4sning av transponderchipet.<\/li>\n\n\n\n<li>Presentation of a valid vaccination certificate (the legal requirements of the respective country must be observed) and a veterinary health certificate, which must not be older than 2 weeks at the time of the test.<\/li>\n\n\n\n<li>Hunden m\u00e5ste visa neutrala reaktioner p\u00e5 rimlig milj\u00f6p\u00e5verkan.<\/li>\n\n\n\n<li>F\u00f6rarpr\u00f6varen har r\u00e4tt att kontrollera om hunden uppvisar aggressivt och\/eller r\u00e4ddh\u00e5gset beteende genom v\u00e4nlig neutral kontakt och\/eller l\u00e4mplig ber\u00f6ring. Om hunden visar \u00f6verdrivet aggressivt eller r\u00e4ddh\u00e5gset beteende kommer detta att leda till uteslutning fr\u00e5n provet och kommer att rapporteras till BBF.<\/li>\n\n\n\n<li>Hundar som \u00e4r professionellt tr\u00e4nade eller som anv\u00e4nds i annat detekteringsarbete f\u00e5r inte delta i testet.<\/li>\n\n\n\n<li>F\u00f6raren \u00e4r skyldig att informera BBF om eventuella ytterligare sp\u00e5rningsarbeten, underl\u00e5tenhet att g\u00f6ra detta kommer att leda till omedelbar f\u00f6rlust av certifieringen.<\/li>\n\n\n\n<li>Arbete som s\u00f6k- och r\u00e4ddningshund eller tryffels\u00f6khund \u00e4r till\u00e5tet. BBF:s styrelse har beviljat motsvarande ans\u00f6kningar fr\u00e5n hundf\u00f6rare, eftersom detta s\u00f6karbete utf\u00f6rs utanf\u00f6r inomhusutrymmen och d\u00e4rf\u00f6r inte leder till konflikter vid bed\u00f6mningen av en positiv rapport.<\/li>\n<\/ul>\n\n\n\n<p><strong>3 &nbsp; &nbsp; &nbsp; &nbsp;Examination Procedere<\/strong><\/p>\n\n\n\n<p><strong>3.1&nbsp;&nbsp;&nbsp;&nbsp;&nbsp;&nbsp; General<\/strong><\/p>\n\n\n\n<ul class=\"wp-block-list\">\n<li>Certifiering \u00e4r endast tillg\u00e4nglig f\u00f6r medlemmar som tidigare har anm\u00e4lt sig till ett prov p\u00e5 BBF:s webbplats.<\/li>\n\n\n\n<li>BBF har som m\u00e5l att h\u00e5lla minst fyra prov per \u00e5r i hela Europa och att resultaten skall publiceras p\u00e5 organisationens webbplats.<\/li>\n\n\n\n<li>En examinator utsedd av BBF kommer att n\u00e4rvara under hela provet.<\/li>\n\n\n\n<li>F\u00f6rarens tr\u00e4nare f\u00e5r n\u00e4rvara vid provet men f\u00e5r inte p\u00e5verka f\u00f6rarens beslutsfattande.<\/li>\n\n\n\n<li>Andra personer som godk\u00e4nts av BBF kan observera certifieringen, enligt \u00f6verenskommelse mellan hundf\u00f6raren och utv\u00e4rderaren.<\/li>\n<\/ul>\n\n\n\n<p><strong>&nbsp;<\/strong><\/p>\n\n\n\n<p><strong>3.2&nbsp;&nbsp;&nbsp;&nbsp;&nbsp;&nbsp; Disqualification from the certification<\/strong><\/p>\n\n\n\n<ul class=\"wp-block-list\">\n<li>Om f\u00f6raren, enligt examinatorns uppfattning, visar starkt tv\u00e5ng eller \u00f6verdriven h\u00e5rdhet mot hunden, kommer detta att leda till omedelbar diskvalificering (underk\u00e4nd certifiering och rapport till landets representant). BBF:s representant m\u00e5ste l\u00e4mna en skriftlig rapport till djurskyddsmyndigheten i det land d\u00e4r certifieringen genomf\u00f6rdes samt till BBF. BBF f\u00f6rbeh\u00e5ller sig r\u00e4tten att vidta ytterligare \u00e5tg\u00e4rder vid behov.<\/li>\n\n\n\n<li>Eftersom certifieringen \u00e4r avsedd f\u00f6r anv\u00e4ndning p\u00e5 hotell eller i privata hem \u00e4r exemplarisk sk\u00f6tsel och putsning av hunden ett krav f\u00f6r examen; osk\u00f6tta eller smutsiga ekipage kommer inte att till\u00e5tas delta i examen.<\/li>\n\n\n\n<li>Om hunden visar \u00f6verdriven aggressivitet eller r\u00e4dsla under provet kommer detta att leda till diskvalificering (underk\u00e4nd certifiering) med en rapport till BBF.<\/li>\n<\/ul>\n\n\n\n<p><strong><br>4&nbsp;&nbsp;&nbsp;&nbsp;&nbsp;&nbsp;&nbsp;&nbsp;&nbsp; Carrying out the test<\/strong><\/p>\n\n\n\n<p><strong>4.1&nbsp;&nbsp;&nbsp;&nbsp;&nbsp;&nbsp; Suitable locations<\/strong><\/p>\n\n\n\n<ul class=\"wp-block-list\">\n<li>Privatbostad.<\/li>\n\n\n\n<li>Hotell, vandrarhem eller annat boende.<\/li>\n\n\n\n<li>Lokalen m\u00e5ste vara fri fr\u00e5n drag, f\u00f6nster m\u00e5ste vara st\u00e4ngda och v\u00e4rme, kyla och ventilation avst\u00e4ngda (om m\u00f6jligt).<\/li>\n\n\n\n<li>Inomhustemperaturen b\u00f6r ligga mellan 17 grader C och 24 grader C.<\/li>\n<\/ul>\n\n\n\n<p><strong>&nbsp;<\/strong><\/p>\n\n\n\n<p><strong>4.2&nbsp;&nbsp;&nbsp;&nbsp;&nbsp;&nbsp; Hiding place for bed bug samples<\/strong><\/p>\n\n\n\n<ul class=\"wp-block-list\">\n<li>Proverna skall l\u00e4ggas ut minst 30 minuter f\u00f6re provets b\u00f6rjan.<\/li>\n\n\n\n<li>Proverna f\u00e5r inte vara synliga f\u00f6r f\u00f6raren eller hunden.<\/li>\n\n\n\n<li>En maximal h\u00f6jd p\u00e5 1,20 m och ett maximalt djup p\u00e5 20 cm f\u00f6r g\u00f6mst\u00e4llena m\u00e5ste iakttas.<\/li>\n\n\n\n<li>Om placering f\u00f6reg\u00e5ende dag \u00e4r m\u00f6jlig, till\u00e5ts placering p\u00e5 en maximal h\u00f6jd av 2,0 m och ett maximalt djup av 40 cm.<\/li>\n<\/ul>\n\n\n\n<p><strong>4.3&nbsp;&nbsp;&nbsp;&nbsp;&nbsp;&nbsp; Tasks and responsibilities of the examiner<\/strong><\/p>\n\n\n\n<ul class=\"wp-block-list\">\n<li>Examinatorn v\u00e4ljer och f\u00f6rbereder den plats d\u00e4r ett BBF-prov ska h\u00e5llas. Om ett prov organiseras externt \u00e4r arrang\u00f6ren ansvarig f\u00f6r platsen.<\/li>\n\n\n\n<li>Unders\u00f6karen definierar det omr\u00e5de d\u00e4r teamet ska b\u00f6rja s\u00f6ka.<\/li>\n\n\n\n<li>Examinatorn f\u00f6ljer laget under hela provet och m\u00e5ste kunna bed\u00f6ma den prestation som visas.<\/li>\n\n\n\n<li>The examiner describes a tactical situation to the handler in oral or written form at the beginning of the test. The handler may question the examiner to gather information as desired with the help of a checklist. The handler then communicates his planned approach to the search. This allows the handler to demonstrate his understanding and knowledge of the situation presented.<\/li>\n\n\n\n<li>F\u00f6rarpr\u00f6varen kontrollerar att hunden under testet reagerar neutralt p\u00e5 vanliga milj\u00f6faktorer (t.ex. en d\u00f6rr som sm\u00e4ller igen eller en kvast som v\u00e4lter).<\/li>\n\n\n\n<li>Unders\u00f6karen bed\u00f6mer hunden under testet f\u00f6r \u00f6verdrivet aggressivt eller \u00f6verdrivet r\u00e4dd beteende.<\/li>\n<\/ul>\n\n\n\n<p><strong>&nbsp;<\/strong><\/p>\n\n\n\n<p><strong>4.4&nbsp;&nbsp;&nbsp;&nbsp;&nbsp;&nbsp; Handler and dog<\/strong><\/p>\n\n\n\n<ul class=\"wp-block-list\">\n<li>Under provet bed\u00f6ms ocks\u00e5 hur v\u00e4l f\u00f6raren och hunden arbetar tillsammans och om f\u00f6raren kan kontrollera sin hund hela tiden.<\/li>\n\n\n\n<li>F\u00f6raren avg\u00f6r om hunden skall vara kopplad eller okopplad vid s\u00f6ket samt om s\u00f6ket skall vara fint eller grovt; f\u00f6rarpr\u00f6varen har r\u00e4tt att l\u00e5ta f\u00f6raren visa en s\u00f6kteknik (kopplad\/okopplad, fint\/grovt s\u00f6k) som inte har visats.<\/li>\n\n\n\n<li>Hundf\u00f6raren f\u00e5r anv\u00e4nda den utrustning som normalt anv\u00e4nds (halsband, sele, koppel etc.).<\/li>\n\n\n\n<li>F\u00f6raren f\u00e5r ber\u00f6mma och bel\u00f6na sin hund under s\u00f6ket.<\/li>\n\n\n\n<li>F\u00f6raren f\u00f6ljer med sin hund under hela s\u00f6kandet och kan anv\u00e4nda de vanliga kommandona och gesterna.<\/li>\n\n\n\n<li>Alla indikeringar p\u00e5 hunden m\u00e5ste g\u00f6ras med en passiv teknik.<\/li>\n<\/ul>\n\n\n\n<p><strong>&nbsp;<\/strong><\/p>\n\n\n\n<p><strong>5&nbsp;&nbsp;&nbsp;&nbsp;&nbsp;&nbsp;&nbsp;&nbsp;&nbsp; Examination procedure and determination of results<\/strong><\/p>\n\n\n\n<p><strong>5.1&nbsp;&nbsp;&nbsp;&nbsp;&nbsp;&nbsp; Theoretical examination<\/strong><\/p>\n\n\n\n<ul class=\"wp-block-list\">\n<li>F\u00f6r att bli godk\u00e4nd p\u00e5 den teoretiska delen kr\u00e4vs att minst 12 av de 15 fr\u00e5gorna besvaras korrekt.<\/li>\n\n\n\n<li>Om svaren p\u00e5 den skriftliga delen inte \u00e4r tydliga f\u00f6r examinatorn, \u00e4r en kort muntlig omexamination m\u00f6jlig.<\/li>\n\n\n\n<li>Fr\u00e5gorna f\u00f6r den teoretiska delen av provet finns tillg\u00e4ngliga p\u00e5 Bed Bug Foundations webbplats f\u00f6r registrerade medlemmar. Om du har n\u00e5gra fr\u00e5gor, v\u00e4nligen kontakta de certifierade utbildningscentren.<\/li>\n<\/ul>\n\n\n\n<p><strong>5.2&nbsp;&nbsp;&nbsp;&nbsp;&nbsp;&nbsp; Practical examination <\/strong><\/p>\n\n\n\n<ul class=\"wp-block-list\">\n<li>Unders\u00f6karen beslutar om antalet rum som skall genoms\u00f6kas.<\/li>\n\n\n\n<li>Det \u00e4r m\u00f6jligt att rum ska genoms\u00f6kas utan provtagning av v\u00e4ggl\u00f6ss.<\/li>\n\n\n\n<li>Totalt 4 - 6 v\u00e4gglusprover \u00e4r dolda. Varje r\u00f6r inneh\u00e5ller minst 5 och h\u00f6gst 15 levande, vuxna v\u00e4ggl\u00f6ss.<\/li>\n\n\n\n<li>1 - 2 g\u00f6mst\u00e4llen \u00e4r utrustade med distraktorer.<\/li>\n\n\n\n<li>Examinatorn best\u00e4mmer vilken av f\u00f6ljande distraktionsfaktorer som ska anv\u00e4ndas:<\/li>\n\n\n\n<li>D\u00f6da v\u00e4ggl\u00f6ss (d\u00f6da sedan minst 2 veckor), g\u00f6mda i ett r\u00f6r eller l\u00f6sa.<\/li>\n\n\n\n<li>Andra icke-m\u00e5linsektsarter som vanligen f\u00f6rekommer i hush\u00e5ll, t.ex. mattbaggar.<\/li>\n\n\n\n<li>Hundgodis<\/li>\n\n\n\n<li>Anv\u00e4ndning av pseudo-scent (artificiell v\u00e4ggluslukt) \u00e4r inte till\u00e5ten.<\/li>\n\n\n\n<li>F\u00f6r att klara testet m\u00e5ste laget hitta minst 3 g\u00f6mst\u00e4llen. Det f\u00e5r f\u00f6rekomma h\u00f6gst en miss.<\/li>\n\n\n\n<li>En varning om distraherande f\u00f6rem\u00e5l leder till att provet underk\u00e4nns.<\/li>\n\n\n\n<li>Hundens varningssignal skall vara klart synlig f\u00f6r f\u00f6rarpr\u00f6varen.<\/li>\n\n\n\n<li>Unders\u00f6karen kan be ett team att hitta ett annat g\u00f6mst\u00e4lle om han tvivlar p\u00e5 teamets prestation.<\/li>\n\n\n\n<li>Aktivt varningsbeteende, som att klia sig eller sk\u00e4lla, leder till att testet underk\u00e4nns.<\/li>\n\n\n\n<li>Om hunden beh\u00f6ver en paus under s\u00f6ket f\u00e5r teamet ta en paus men inte l\u00e4mna s\u00f6komr\u00e5det.<\/li>\n<\/ul>\n\n\n\n<p><strong>6 &nbsp; &nbsp;<\/strong><strong style=\"font-size: revert;\">Certifikat och ID-kort<\/strong><\/p>\n\n\n\n<ul class=\"wp-block-list\">\n<li>Efter godk\u00e4nd examination kommer teamet att f\u00e5 ett certifikat och ett ID-kort.<\/li>\n\n\n\n<li>Certifikatet \u00e4r giltigt i 12 m\u00e5nader fr\u00e5n utf\u00e4rdandedatumet.<\/li>\n\n\n\n<li>Handl\u00e4ggaren har m\u00f6jlighet att, om det finns giltiga sk\u00e4l, ans\u00f6ka om en f\u00f6rl\u00e4ngning p\u00e5 3 m\u00e5nader hos den ber\u00f6rda landansvarige.<\/li>\n<\/ul>\n\n\n\n<p><strong>7 &nbsp; Repetition of the examination<\/strong><\/p>\n\n\n\n<ul class=\"wp-block-list\">\n<li>Om ett team misslyckas med den praktiska delen av examinationen kan certifieringen upprepas efter tre veckor.<\/li>\n\n\n\n<li>Om ett team ans\u00f6ker om en andra certifiering m\u00e5ste de v\u00e4nta i tre m\u00e5nader.<\/li>\n\n\n\n<li>Vid praktiska omprov eller omcertifiering beh\u00f6ver ett godk\u00e4nt teoriprov inte g\u00f6ras om.<\/li>\n\n\n\n<li>Efter underk\u00e4nt prov har laget h\u00f6gst tv\u00e5 ytterligare f\u00f6rs\u00f6k att g\u00f6ra om ett praktiskt prov.<\/li>\n<\/ul>\n\n\n\n<p><strong>8 &nbsp; Costs<\/strong><\/p>\n\n\n\n<ul class=\"wp-block-list\">\n<li>Annual Membership Fee \u00a335<\/li>\n\n\n\n<li>Certification Booking is \u00a3150 for the first team and then subsequent teams are \u00a3100 (please use the button on the certification page to pay for all additional teams).<\/li>\n\n\n\n<li>Assesment Fee which varies (approximately \u00a350) based on travel cost, duration, venue booking and number of teams attending.<\/li>\n<\/ul>\n\n\n\n<p>Kontakta Larry Hansen p\u00e5: <a href=\"mailto:larry@bedbugfoundation.org\">larry@bedbugfoundation.org<\/a> f\u00f6r alla detaljer om hur du kan delta i eller vara v\u00e4rd f\u00f6r ett certifieringsevenemang och alla andra fr\u00e5gor du kan ha om certifieringsprocessen.<\/p>","protected":false},"excerpt":{"rendered":"<p>The following regulations serve as the foundation for the certification of bed bug detection dog teams. 1.1 &nbsp; &nbsp;Evaluator The evaluators employed by the Bed Bug Foundation (BBF) undergo an internal selection process, examination and then certification. Evaluators who also &hellip; <a href=\"https:\/\/www.bedbugfoundation.org\/sv\/certification-process-rules-requirements\/\">Forts\u00e4tt l\u00e4sa <span class=\"meta-nav\">\u2192<\/span><\/a><\/p>","protected":false},"author":1,"featured_media":0,"parent":0,"menu_order":0,"comment_status":"closed","ping_status":"closed","template":"","meta":{"_bbp_topic_count":0,"_bbp_reply_count":0,"_bbp_total_topic_count":0,"_bbp_total_reply_count":0,"_bbp_voice_count":0,"_bbp_anonymous_reply_count":0,"_bbp_topic_count_hidden":0,"_bbp_reply_count_hidden":0,"_bbp_forum_subforum_count":0,"footnotes":""},"class_list":["post-1034","page","type-page","status-publish","hentry"],"yoast_head":"<!-- This site is optimized with the Yoast SEO plugin v27.4 - https:\/\/yoast.com\/product\/yoast-seo-wordpress\/ -->\n<title>Certification Process, Rules &amp; Requirements - Bed Bug Foundation<\/title>\n<meta name=\"robots\" content=\"index, follow, max-snippet:-1, max-image-preview:large, max-video-preview:-1\" \/>\n<link rel=\"canonical\" href=\"https:\/\/www.bedbugfoundation.org\/sv\/certification-process-rules-requirements\/\" \/>\n<meta property=\"og:locale\" content=\"sv_SE\" \/>\n<meta property=\"og:type\" content=\"article\" \/>\n<meta property=\"og:title\" content=\"Certification Process, Rules &amp; Requirements - Bed Bug Foundation\" \/>\n<meta property=\"og:description\" content=\"The following regulations serve as the foundation for the certification of bed bug detection dog teams. 1.1 &nbsp; &nbsp;Evaluator The evaluators employed by the Bed Bug Foundation (BBF) undergo an internal selection process, examination and then certification. Evaluators who also &hellip; Forts\u00e4tt l\u00e4sa &rarr;\" \/>\n<meta property=\"og:url\" content=\"https:\/\/www.bedbugfoundation.org\/sv\/certification-process-rules-requirements\/\" \/>\n<meta property=\"og:site_name\" content=\"Bed Bug Foundation\" \/>\n<meta property=\"article:modified_time\" content=\"2026-04-23T09:17:50+00:00\" \/>\n<meta name=\"twitter:card\" content=\"summary_large_image\" \/>\n<meta name=\"twitter:label1\" content=\"Ber\u00e4knad l\u00e4stid\" \/>\n\t<meta name=\"twitter:data1\" content=\"8 minuter\" \/>\n<script type=\"application\/ld+json\" class=\"yoast-schema-graph\">{\"@context\":\"https:\\\/\\\/schema.org\",\"@graph\":[{\"@type\":\"WebPage\",\"@id\":\"https:\\\/\\\/www.bedbugfoundation.org\\\/certification-process-rules-requirements\\\/\",\"url\":\"https:\\\/\\\/www.bedbugfoundation.org\\\/certification-process-rules-requirements\\\/\",\"name\":\"Certification Process, Rules & Requirements - Bed Bug Foundation\",\"isPartOf\":{\"@id\":\"https:\\\/\\\/www.bedbugfoundation.org\\\/#website\"},\"datePublished\":\"2016-07-04T08:52:59+00:00\",\"dateModified\":\"2026-04-23T09:17:50+00:00\",\"breadcrumb\":{\"@id\":\"https:\\\/\\\/www.bedbugfoundation.org\\\/certification-process-rules-requirements\\\/#breadcrumb\"},\"inLanguage\":\"sv-SE\",\"potentialAction\":[{\"@type\":\"ReadAction\",\"target\":[\"https:\\\/\\\/www.bedbugfoundation.org\\\/certification-process-rules-requirements\\\/\"]}]},{\"@type\":\"BreadcrumbList\",\"@id\":\"https:\\\/\\\/www.bedbugfoundation.org\\\/certification-process-rules-requirements\\\/#breadcrumb\",\"itemListElement\":[{\"@type\":\"ListItem\",\"position\":1,\"name\":\"Home\",\"item\":\"https:\\\/\\\/www.bedbugfoundation.org\\\/\"},{\"@type\":\"ListItem\",\"position\":2,\"name\":\"Certification Process, Rules &#038; Requirements\"}]},{\"@type\":\"WebSite\",\"@id\":\"https:\\\/\\\/www.bedbugfoundation.org\\\/#website\",\"url\":\"https:\\\/\\\/www.bedbugfoundation.org\\\/\",\"name\":\"Bed Bug Foundation\",\"description\":\"Home of the European Code of Practice for Bed Bug Management\",\"potentialAction\":[{\"@type\":\"SearchAction\",\"target\":{\"@type\":\"EntryPoint\",\"urlTemplate\":\"https:\\\/\\\/www.bedbugfoundation.org\\\/?s={search_term_string}\"},\"query-input\":{\"@type\":\"PropertyValueSpecification\",\"valueRequired\":true,\"valueName\":\"search_term_string\"}}],\"inLanguage\":\"sv-SE\"}]}<\/script>\n<!-- \/ Yoast SEO plugin. -->","yoast_head_json":{"title":"Certifieringsprocess, regler och krav - Bed Bug Foundation","robots":{"index":"index","follow":"follow","max-snippet":"max-snippet:-1","max-image-preview":"max-image-preview:large","max-video-preview":"max-video-preview:-1"},"canonical":"https:\/\/www.bedbugfoundation.org\/sv\/certification-process-rules-requirements\/","og_locale":"sv_SE","og_type":"article","og_title":"Certification Process, Rules & Requirements - Bed Bug Foundation","og_description":"The following regulations serve as the foundation for the certification of bed bug detection dog teams. 1.1 &nbsp; &nbsp;Evaluator The evaluators employed by the Bed Bug Foundation (BBF) undergo an internal selection process, examination and then certification. Evaluators who also &hellip; Forts\u00e4tt l\u00e4sa &rarr;","og_url":"https:\/\/www.bedbugfoundation.org\/sv\/certification-process-rules-requirements\/","og_site_name":"Bed Bug Foundation","article_modified_time":"2026-04-23T09:17:50+00:00","twitter_card":"summary_large_image","twitter_misc":{"Ber\u00e4knad l\u00e4stid":"8 minuter"},"schema":{"@context":"https:\/\/schema.org","@graph":[{"@type":"WebPage","@id":"https:\/\/www.bedbugfoundation.org\/certification-process-rules-requirements\/","url":"https:\/\/www.bedbugfoundation.org\/certification-process-rules-requirements\/","name":"Certifieringsprocess, regler och krav - Bed Bug Foundation","isPartOf":{"@id":"https:\/\/www.bedbugfoundation.org\/#website"},"datePublished":"2016-07-04T08:52:59+00:00","dateModified":"2026-04-23T09:17:50+00:00","breadcrumb":{"@id":"https:\/\/www.bedbugfoundation.org\/certification-process-rules-requirements\/#breadcrumb"},"inLanguage":"sv-SE","potentialAction":[{"@type":"ReadAction","target":["https:\/\/www.bedbugfoundation.org\/certification-process-rules-requirements\/"]}]},{"@type":"BreadcrumbList","@id":"https:\/\/www.bedbugfoundation.org\/certification-process-rules-requirements\/#breadcrumb","itemListElement":[{"@type":"ListItem","position":1,"name":"Home","item":"https:\/\/www.bedbugfoundation.org\/"},{"@type":"ListItem","position":2,"name":"Certification Process, Rules &#038; Requirements"}]},{"@type":"WebSite","@id":"https:\/\/www.bedbugfoundation.org\/#website","url":"https:\/\/www.bedbugfoundation.org\/","name":"Stiftelsen f\u00f6r s\u00e4ngbaggar","description":"Hem f\u00f6r den europeiska koden f\u00f6r hantering av s\u00e4nginfektioner","potentialAction":[{"@type":"SearchAction","target":{"@type":"EntryPoint","urlTemplate":"https:\/\/www.bedbugfoundation.org\/?s={search_term_string}"},"query-input":{"@type":"PropertyValueSpecification","valueRequired":true,"valueName":"search_term_string"}}],"inLanguage":"sv-SE"}]}},"_links":{"self":[{"href":"https:\/\/www.bedbugfoundation.org\/sv\/wp-json\/wp\/v2\/pages\/1034","targetHints":{"allow":["GET"]}}],"collection":[{"href":"https:\/\/www.bedbugfoundation.org\/sv\/wp-json\/wp\/v2\/pages"}],"about":[{"href":"https:\/\/www.bedbugfoundation.org\/sv\/wp-json\/wp\/v2\/types\/page"}],"author":[{"embeddable":true,"href":"https:\/\/www.bedbugfoundation.org\/sv\/wp-json\/wp\/v2\/users\/1"}],"replies":[{"embeddable":true,"href":"https:\/\/www.bedbugfoundation.org\/sv\/wp-json\/wp\/v2\/comments?post=1034"}],"version-history":[{"count":16,"href":"https:\/\/www.bedbugfoundation.org\/sv\/wp-json\/wp\/v2\/pages\/1034\/revisions"}],"predecessor-version":[{"id":10746,"href":"https:\/\/www.bedbugfoundation.org\/sv\/wp-json\/wp\/v2\/pages\/1034\/revisions\/10746"}],"wp:attachment":[{"href":"https:\/\/www.bedbugfoundation.org\/sv\/wp-json\/wp\/v2\/media?parent=1034"}],"curies":[{"name":"wp","href":"https:\/\/api.w.org\/{rel}","templated":true}]}}