{"id":208,"date":"2012-12-21T17:02:13","date_gmt":"2012-12-21T17:02:13","guid":{"rendered":"http:\/\/bedbugfoundation.org\/?page_id=208"},"modified":"2020-02-25T16:09:10","modified_gmt":"2020-02-25T16:09:10","slug":"life-cycle","status":"publish","type":"page","link":"https:\/\/www.bedbugfoundation.org\/sv\/bed-bug-biology\/life-cycle\/","title":{"rendered":"Livscykel"},"content":{"rendered":"<p>S\u00e4ngbaggar \u00e4r riktiga insekter (ordning: Hemiptera) som tillh\u00f6r familjen Cimicidae. Liksom alla andra medlemmar av denna familj livn\u00e4r de sig enbart p\u00e5 blod och beh\u00f6ver en m\u00e5ltid fr\u00e5n ett av en rad ryggradsdjur f\u00f6r att kunna utvecklas mellan olika stadier och f\u00f6r att kunna f\u00f6r\u00f6ka sig.<\/p>\n<p><a href=\"http:\/\/bedbugfoundation.org\/wp-content\/uploads\/2012\/12\/Life-Cyle-of-the-Bedbug.png\"><img loading=\"lazy\" decoding=\"async\" class=\"alignnone size-full wp-image-209\" src=\"http:\/\/bedbugfoundation.org\/wp-content\/uploads\/2012\/12\/Life-Cyle-of-the-Bedbug.png\" alt=\"Bedbugs livsstil\" width=\"633\" height=\"752\" srcset=\"https:\/\/www.bedbugfoundation.org\/wp-content\/uploads\/2012\/12\/Life-Cyle-of-the-Bedbug.png 839w, https:\/\/www.bedbugfoundation.org\/wp-content\/uploads\/2012\/12\/Life-Cyle-of-the-Bedbug-300x356.png 300w, https:\/\/www.bedbugfoundation.org\/wp-content\/uploads\/2012\/12\/Life-Cyle-of-the-Bedbug-252x300.png 252w\" sizes=\"auto, (max-width: 633px) 100vw, 633px\" \/><\/a><\/p>\n<p><strong>Utvecklingstid<\/strong><\/p>\n<p>Utvecklingstiden p\u00e5verkas i h\u00f6g grad av temperaturen. Vid temperaturer under 13 \u00b0C upph\u00f6r all utveckling, honorna slutar att l\u00e4gga \u00e4gg och de \u00e4gg som har lagts kl\u00e4cks inte. Vid temperaturer \u00f6ver 36 \u00b0C leder skador p\u00e5 de bakteriella symbionterna, som hj\u00e4lper till med syntesen av mikron\u00e4rings\u00e4mnen, till minskad fruktsamhet och \u00f6verlevnad. Mellan dessa tv\u00e5 ytterligheter minskar utvecklingstiden med stigande temperatur (se nedan).<\/p>\n<p><a href=\"http:\/\/bedbugfoundation.org\/wp-content\/uploads\/2012\/12\/Screen-Shot-2012-12-21-at-17.07.57.png\"><img loading=\"lazy\" decoding=\"async\" class=\"alignnone size-full wp-image-214\" src=\"http:\/\/bedbugfoundation.org\/wp-content\/uploads\/2012\/12\/Screen-Shot-2012-12-21-at-17.07.57.png\" alt=\"Sk\u00e4rmdump 2012-12-21 kl. 17.07.57\" width=\"625\" height=\"377\" srcset=\"https:\/\/www.bedbugfoundation.org\/wp-content\/uploads\/2012\/12\/Screen-Shot-2012-12-21-at-17.07.57.png 1030w, https:\/\/www.bedbugfoundation.org\/wp-content\/uploads\/2012\/12\/Screen-Shot-2012-12-21-at-17.07.57-300x181.png 300w, https:\/\/www.bedbugfoundation.org\/wp-content\/uploads\/2012\/12\/Screen-Shot-2012-12-21-at-17.07.57-1024x618.png 1024w\" sizes=\"auto, (max-width: 625px) 100vw, 625px\" \/><\/a><\/p>\n<p><strong>Reproduktionshastighet<\/strong><\/p>\n<p>Honorna beh\u00f6ver para sig minst en g\u00e5ng var 5-6:e vecka f\u00f6r att bibeh\u00e5lla full fertilitet, \u00e4ven om den naturliga parningsfrekvensen tros vara mycket h\u00f6gre.<\/p>\n<p>Antalet \u00e4gg som en hona l\u00e4gger per vecka p\u00e5verkas i h\u00f6g grad av temperaturen och individuella variationer. I ett varmt rum kan en enskild hona f\u00f6rv\u00e4ntas l\u00e4gga 15-25 \u00e4gg per vecka och upp till 500 \u00e4gg under hela sitt liv, s\u00e5 l\u00e4nge hon har kontinuerlig tillg\u00e5ng till mat och blir regelbundet parad.<\/p>\n<p><a href=\"https:\/\/www.bedbugfoundation.org\/sv\/bedbug-biology\/identification\/\">N\u00e4sta &gt;&gt;<\/a><\/p>","protected":false},"excerpt":{"rendered":"<p>Bed bugs are true bugs (Order: Hemiptera), belonging to the family Cimicidae. Like all other members of this family they feed solely on blood, requiring a meal from one of a range of vertebrate hosts in order to develop between &hellip; <a href=\"https:\/\/www.bedbugfoundation.org\/sv\/bed-bug-biology\/life-cycle\/\">Forts\u00e4tt l\u00e4sa <span class=\"meta-nav\">\u2192<\/span><\/a><\/p>","protected":false},"author":1,"featured_media":0,"parent":216,"menu_order":0,"comment_status":"closed","ping_status":"closed","template":"","meta":{"_bbp_topic_count":0,"_bbp_reply_count":0,"_bbp_total_topic_count":0,"_bbp_total_reply_count":0,"_bbp_voice_count":0,"_bbp_anonymous_reply_count":0,"_bbp_topic_count_hidden":0,"_bbp_reply_count_hidden":0,"_bbp_forum_subforum_count":0,"footnotes":""},"class_list":["post-208","page","type-page","status-publish","hentry"],"yoast_head":"<!-- This site is optimized with the Yoast SEO plugin v27.4 - https:\/\/yoast.com\/product\/yoast-seo-wordpress\/ -->\n<title>Life Cycle - Bed Bug Foundation<\/title>\n<meta name=\"robots\" content=\"index, follow, max-snippet:-1, max-image-preview:large, max-video-preview:-1\" \/>\n<link rel=\"canonical\" href=\"https:\/\/www.bedbugfoundation.org\/sv\/bed-bug-biology\/life-cycle\/\" \/>\n<meta property=\"og:locale\" content=\"sv_SE\" \/>\n<meta property=\"og:type\" content=\"article\" \/>\n<meta property=\"og:title\" content=\"Life Cycle - Bed Bug Foundation\" \/>\n<meta property=\"og:description\" content=\"Bed bugs are true bugs (Order: Hemiptera), belonging to the family Cimicidae. Like all other members of this family they feed solely on blood, requiring a meal from one of a range of vertebrate hosts in order to develop between &hellip; Forts\u00e4tt l\u00e4sa &rarr;\" \/>\n<meta property=\"og:url\" content=\"https:\/\/www.bedbugfoundation.org\/sv\/bed-bug-biology\/life-cycle\/\" \/>\n<meta property=\"og:site_name\" content=\"Bed Bug Foundation\" \/>\n<meta property=\"article:modified_time\" content=\"2020-02-25T16:09:10+00:00\" \/>\n<meta property=\"og:image\" content=\"http:\/\/bedbugfoundation.org\/wp-content\/uploads\/2012\/12\/Life-Cyle-of-the-Bedbug.png\" \/>\n<meta name=\"twitter:card\" content=\"summary_large_image\" \/>\n<meta name=\"twitter:label1\" content=\"Ber\u00e4knad l\u00e4stid\" \/>\n\t<meta name=\"twitter:data1\" content=\"1 minut\" \/>\n<script type=\"application\/ld+json\" class=\"yoast-schema-graph\">{\"@context\":\"https:\\\/\\\/schema.org\",\"@graph\":[{\"@type\":\"WebPage\",\"@id\":\"https:\\\/\\\/www.bedbugfoundation.org\\\/sv\\\/bed-bug-biology\\\/life-cycle\\\/\",\"url\":\"https:\\\/\\\/www.bedbugfoundation.org\\\/sv\\\/bed-bug-biology\\\/life-cycle\\\/\",\"name\":\"Life Cycle - Bed Bug Foundation\",\"isPartOf\":{\"@id\":\"https:\\\/\\\/www.bedbugfoundation.org\\\/#website\"},\"primaryImageOfPage\":{\"@id\":\"https:\\\/\\\/www.bedbugfoundation.org\\\/sv\\\/bed-bug-biology\\\/life-cycle\\\/#primaryimage\"},\"image\":{\"@id\":\"https:\\\/\\\/www.bedbugfoundation.org\\\/sv\\\/bed-bug-biology\\\/life-cycle\\\/#primaryimage\"},\"thumbnailUrl\":\"http:\\\/\\\/bedbugfoundation.org\\\/wp-content\\\/uploads\\\/2012\\\/12\\\/Life-Cyle-of-the-Bedbug.png\",\"datePublished\":\"2012-12-21T17:02:13+00:00\",\"dateModified\":\"2020-02-25T16:09:10+00:00\",\"breadcrumb\":{\"@id\":\"https:\\\/\\\/www.bedbugfoundation.org\\\/sv\\\/bed-bug-biology\\\/life-cycle\\\/#breadcrumb\"},\"inLanguage\":\"sv-SE\",\"potentialAction\":[{\"@type\":\"ReadAction\",\"target\":[\"https:\\\/\\\/www.bedbugfoundation.org\\\/sv\\\/bed-bug-biology\\\/life-cycle\\\/\"]}]},{\"@type\":\"ImageObject\",\"inLanguage\":\"sv-SE\",\"@id\":\"https:\\\/\\\/www.bedbugfoundation.org\\\/sv\\\/bed-bug-biology\\\/life-cycle\\\/#primaryimage\",\"url\":\"http:\\\/\\\/bedbugfoundation.org\\\/wp-content\\\/uploads\\\/2012\\\/12\\\/Life-Cyle-of-the-Bedbug.png\",\"contentUrl\":\"http:\\\/\\\/bedbugfoundation.org\\\/wp-content\\\/uploads\\\/2012\\\/12\\\/Life-Cyle-of-the-Bedbug.png\"},{\"@type\":\"BreadcrumbList\",\"@id\":\"https:\\\/\\\/www.bedbugfoundation.org\\\/sv\\\/bed-bug-biology\\\/life-cycle\\\/#breadcrumb\",\"itemListElement\":[{\"@type\":\"ListItem\",\"position\":1,\"name\":\"Home\",\"item\":\"https:\\\/\\\/www.bedbugfoundation.org\\\/\"},{\"@type\":\"ListItem\",\"position\":2,\"name\":\"Bed Bug Biology\",\"item\":\"https:\\\/\\\/www.bedbugfoundation.org\\\/bed-bug-biology\\\/\"},{\"@type\":\"ListItem\",\"position\":3,\"name\":\"Life Cycle\"}]},{\"@type\":\"WebSite\",\"@id\":\"https:\\\/\\\/www.bedbugfoundation.org\\\/#website\",\"url\":\"https:\\\/\\\/www.bedbugfoundation.org\\\/\",\"name\":\"Bed Bug Foundation\",\"description\":\"Home of the European Code of Practice for Bed Bug Management\",\"potentialAction\":[{\"@type\":\"SearchAction\",\"target\":{\"@type\":\"EntryPoint\",\"urlTemplate\":\"https:\\\/\\\/www.bedbugfoundation.org\\\/?s={search_term_string}\"},\"query-input\":{\"@type\":\"PropertyValueSpecification\",\"valueRequired\":true,\"valueName\":\"search_term_string\"}}],\"inLanguage\":\"sv-SE\"}]}<\/script>\n<!-- \/ Yoast SEO plugin. -->","yoast_head_json":{"title":"Livscykel - Bed Bug Foundation","robots":{"index":"index","follow":"follow","max-snippet":"max-snippet:-1","max-image-preview":"max-image-preview:large","max-video-preview":"max-video-preview:-1"},"canonical":"https:\/\/www.bedbugfoundation.org\/sv\/bed-bug-biology\/life-cycle\/","og_locale":"sv_SE","og_type":"article","og_title":"Life Cycle - Bed Bug Foundation","og_description":"Bed bugs are true bugs (Order: Hemiptera), belonging to the family Cimicidae. Like all other members of this family they feed solely on blood, requiring a meal from one of a range of vertebrate hosts in order to develop between &hellip; Forts\u00e4tt l\u00e4sa &rarr;","og_url":"https:\/\/www.bedbugfoundation.org\/sv\/bed-bug-biology\/life-cycle\/","og_site_name":"Bed Bug Foundation","article_modified_time":"2020-02-25T16:09:10+00:00","og_image":[{"url":"http:\/\/bedbugfoundation.org\/wp-content\/uploads\/2012\/12\/Life-Cyle-of-the-Bedbug.png","type":"","width":"","height":""}],"twitter_card":"summary_large_image","twitter_misc":{"Ber\u00e4knad l\u00e4stid":"1 minut"},"schema":{"@context":"https:\/\/schema.org","@graph":[{"@type":"WebPage","@id":"https:\/\/www.bedbugfoundation.org\/sv\/bed-bug-biology\/life-cycle\/","url":"https:\/\/www.bedbugfoundation.org\/sv\/bed-bug-biology\/life-cycle\/","name":"Livscykel - Bed Bug Foundation","isPartOf":{"@id":"https:\/\/www.bedbugfoundation.org\/#website"},"primaryImageOfPage":{"@id":"https:\/\/www.bedbugfoundation.org\/sv\/bed-bug-biology\/life-cycle\/#primaryimage"},"image":{"@id":"https:\/\/www.bedbugfoundation.org\/sv\/bed-bug-biology\/life-cycle\/#primaryimage"},"thumbnailUrl":"http:\/\/bedbugfoundation.org\/wp-content\/uploads\/2012\/12\/Life-Cyle-of-the-Bedbug.png","datePublished":"2012-12-21T17:02:13+00:00","dateModified":"2020-02-25T16:09:10+00:00","breadcrumb":{"@id":"https:\/\/www.bedbugfoundation.org\/sv\/bed-bug-biology\/life-cycle\/#breadcrumb"},"inLanguage":"sv-SE","potentialAction":[{"@type":"ReadAction","target":["https:\/\/www.bedbugfoundation.org\/sv\/bed-bug-biology\/life-cycle\/"]}]},{"@type":"ImageObject","inLanguage":"sv-SE","@id":"https:\/\/www.bedbugfoundation.org\/sv\/bed-bug-biology\/life-cycle\/#primaryimage","url":"http:\/\/bedbugfoundation.org\/wp-content\/uploads\/2012\/12\/Life-Cyle-of-the-Bedbug.png","contentUrl":"http:\/\/bedbugfoundation.org\/wp-content\/uploads\/2012\/12\/Life-Cyle-of-the-Bedbug.png"},{"@type":"BreadcrumbList","@id":"https:\/\/www.bedbugfoundation.org\/sv\/bed-bug-biology\/life-cycle\/#breadcrumb","itemListElement":[{"@type":"ListItem","position":1,"name":"Home","item":"https:\/\/www.bedbugfoundation.org\/"},{"@type":"ListItem","position":2,"name":"Bed Bug Biology","item":"https:\/\/www.bedbugfoundation.org\/bed-bug-biology\/"},{"@type":"ListItem","position":3,"name":"Life Cycle"}]},{"@type":"WebSite","@id":"https:\/\/www.bedbugfoundation.org\/#website","url":"https:\/\/www.bedbugfoundation.org\/","name":"Stiftelsen f\u00f6r s\u00e4ngbaggar","description":"Hem f\u00f6r den europeiska koden f\u00f6r hantering av s\u00e4nginfektioner","potentialAction":[{"@type":"SearchAction","target":{"@type":"EntryPoint","urlTemplate":"https:\/\/www.bedbugfoundation.org\/?s={search_term_string}"},"query-input":{"@type":"PropertyValueSpecification","valueRequired":true,"valueName":"search_term_string"}}],"inLanguage":"sv-SE"}]}},"_links":{"self":[{"href":"https:\/\/www.bedbugfoundation.org\/sv\/wp-json\/wp\/v2\/pages\/208","targetHints":{"allow":["GET"]}}],"collection":[{"href":"https:\/\/www.bedbugfoundation.org\/sv\/wp-json\/wp\/v2\/pages"}],"about":[{"href":"https:\/\/www.bedbugfoundation.org\/sv\/wp-json\/wp\/v2\/types\/page"}],"author":[{"embeddable":true,"href":"https:\/\/www.bedbugfoundation.org\/sv\/wp-json\/wp\/v2\/users\/1"}],"replies":[{"embeddable":true,"href":"https:\/\/www.bedbugfoundation.org\/sv\/wp-json\/wp\/v2\/comments?post=208"}],"version-history":[{"count":14,"href":"https:\/\/www.bedbugfoundation.org\/sv\/wp-json\/wp\/v2\/pages\/208\/revisions"}],"predecessor-version":[{"id":6182,"href":"https:\/\/www.bedbugfoundation.org\/sv\/wp-json\/wp\/v2\/pages\/208\/revisions\/6182"}],"up":[{"embeddable":true,"href":"https:\/\/www.bedbugfoundation.org\/sv\/wp-json\/wp\/v2\/pages\/216"}],"wp:attachment":[{"href":"https:\/\/www.bedbugfoundation.org\/sv\/wp-json\/wp\/v2\/media?parent=208"}],"curies":[{"name":"wp","href":"https:\/\/api.w.org\/{rel}","templated":true}]}}