{"id":216,"date":"2012-12-21T17:20:03","date_gmt":"2012-12-21T17:20:03","guid":{"rendered":"http:\/\/bedbugfoundation.org\/?page_id=216"},"modified":"2020-02-25T16:08:21","modified_gmt":"2020-02-25T16:08:21","slug":"bed-bug-biology","status":"publish","type":"page","link":"https:\/\/www.bedbugfoundation.org\/sv\/bed-bug-biology\/","title":{"rendered":"S\u00e4ngbaggens biologi"},"content":{"rendered":"<p><a href=\"https:\/\/www.bedbugfoundation.org\/sv\/bedbug-biology\/bedbug\/\" rel=\"attachment wp-att-217\"><img loading=\"lazy\" decoding=\"async\" class=\"size-medium wp-image-217 alignleft\" style=\"margin-right: 12px;\" src=\"http:\/\/bedbugfoundation.org\/wp-content\/uploads\/2012\/12\/Bedbug-300x199.png\" alt=\"Bedbug\" width=\"300\" height=\"199\" srcset=\"https:\/\/www.bedbugfoundation.org\/wp-content\/uploads\/2012\/12\/Bedbug-300x199.png 300w, https:\/\/www.bedbugfoundation.org\/wp-content\/uploads\/2012\/12\/Bedbug-1024x682.png 1024w, https:\/\/www.bedbugfoundation.org\/wp-content\/uploads\/2012\/12\/Bedbug.png 1075w\" sizes=\"auto, (max-width: 300px) 100vw, 300px\" \/><\/a><\/p>\n<p style=\"text-align: left;\">F\u00f6r att effektivt kunna bek\u00e4mpa angrepp av v\u00e4ggl\u00f6ss \u00e4r det viktigt att f\u00f6rst\u00e5 olika aspekter av v\u00e4ggl\u00f6ssens biologi och beteende. En god f\u00f6rst\u00e5else f\u00f6r skadedjuret \u00e4r n\u00f6dv\u00e4ndig f\u00f6r att kunna identifiera det korrekt, lokalisera h\u00f6ljena och utforma effektiva bek\u00e4mpningsstrategier.<\/p>\n<p style=\"text-align: left;\"><a href=\"https:\/\/www.bedbugfoundation.org\/sv\/bedbug-biology\/life-cycle\/\">N\u00e4sta &gt;&gt;<\/a><\/p>","protected":false},"excerpt":{"rendered":"<p>F\u00f6r att effektivt kunna bek\u00e4mpa angrepp av v\u00e4ggl\u00f6ss \u00e4r det viktigt att f\u00f6rst\u00e5 olika aspekter av v\u00e4ggl\u00f6ssens biologi och beteende. En god f\u00f6rst\u00e5else f\u00f6r skadedjuret \u00e4r n\u00f6dv\u00e4ndig f\u00f6r att kunna identifiera det korrekt, lokalisera dess boningar och ... <a href=\"https:\/\/www.bedbugfoundation.org\/sv\/bed-bug-biology\/\">Forts\u00e4tt l\u00e4sa <span class=\"meta-nav\">\u2192<\/span><\/a><\/p>","protected":false},"author":1,"featured_media":0,"parent":0,"menu_order":0,"comment_status":"closed","ping_status":"closed","template":"","meta":{"_bbp_topic_count":0,"_bbp_reply_count":0,"_bbp_total_topic_count":0,"_bbp_total_reply_count":0,"_bbp_voice_count":0,"_bbp_anonymous_reply_count":0,"_bbp_topic_count_hidden":0,"_bbp_reply_count_hidden":0,"_bbp_forum_subforum_count":0,"footnotes":""},"class_list":["post-216","page","type-page","status-publish","hentry"],"yoast_head":"<!-- This site is optimized with the Yoast SEO plugin v27.4 - https:\/\/yoast.com\/product\/yoast-seo-wordpress\/ -->\n<title>Bed Bug Biology - Bed Bug Foundation<\/title>\n<meta name=\"robots\" content=\"index, follow, max-snippet:-1, max-image-preview:large, max-video-preview:-1\" \/>\n<link rel=\"canonical\" href=\"https:\/\/www.bedbugfoundation.org\/sv\/bed-bug-biology\/\" \/>\n<meta property=\"og:locale\" content=\"sv_SE\" \/>\n<meta property=\"og:type\" content=\"article\" \/>\n<meta property=\"og:title\" content=\"Bed Bug Biology - Bed Bug Foundation\" \/>\n<meta property=\"og:description\" content=\"To be effective at controlling bed bug infestations it is important to understand various aspects of the bed bug\u2019s biology and behaviour. A good understanding of the target pest is essential for its correct identification, location of the harbourages and &hellip; Forts\u00e4tt l\u00e4sa &rarr;\" \/>\n<meta property=\"og:url\" content=\"https:\/\/www.bedbugfoundation.org\/sv\/bed-bug-biology\/\" \/>\n<meta property=\"og:site_name\" content=\"Bed Bug Foundation\" \/>\n<meta property=\"article:modified_time\" content=\"2020-02-25T16:08:21+00:00\" \/>\n<meta property=\"og:image\" content=\"http:\/\/bedbugfoundation.org\/wp-content\/uploads\/2012\/12\/Bedbug-300x199.png\" \/>\n<meta name=\"twitter:card\" content=\"summary_large_image\" \/>\n<script type=\"application\/ld+json\" class=\"yoast-schema-graph\">{\"@context\":\"https:\\\/\\\/schema.org\",\"@graph\":[{\"@type\":\"WebPage\",\"@id\":\"https:\\\/\\\/www.bedbugfoundation.org\\\/bed-bug-biology\\\/\",\"url\":\"https:\\\/\\\/www.bedbugfoundation.org\\\/bed-bug-biology\\\/\",\"name\":\"Bed Bug Biology - Bed Bug Foundation\",\"isPartOf\":{\"@id\":\"https:\\\/\\\/www.bedbugfoundation.org\\\/#website\"},\"primaryImageOfPage\":{\"@id\":\"https:\\\/\\\/www.bedbugfoundation.org\\\/bed-bug-biology\\\/#primaryimage\"},\"image\":{\"@id\":\"https:\\\/\\\/www.bedbugfoundation.org\\\/bed-bug-biology\\\/#primaryimage\"},\"thumbnailUrl\":\"http:\\\/\\\/bedbugfoundation.org\\\/wp-content\\\/uploads\\\/2012\\\/12\\\/Bedbug-300x199.png\",\"datePublished\":\"2012-12-21T17:20:03+00:00\",\"dateModified\":\"2020-02-25T16:08:21+00:00\",\"breadcrumb\":{\"@id\":\"https:\\\/\\\/www.bedbugfoundation.org\\\/bed-bug-biology\\\/#breadcrumb\"},\"inLanguage\":\"sv-SE\",\"potentialAction\":[{\"@type\":\"ReadAction\",\"target\":[\"https:\\\/\\\/www.bedbugfoundation.org\\\/bed-bug-biology\\\/\"]}]},{\"@type\":\"ImageObject\",\"inLanguage\":\"sv-SE\",\"@id\":\"https:\\\/\\\/www.bedbugfoundation.org\\\/bed-bug-biology\\\/#primaryimage\",\"url\":\"http:\\\/\\\/bedbugfoundation.org\\\/wp-content\\\/uploads\\\/2012\\\/12\\\/Bedbug-300x199.png\",\"contentUrl\":\"http:\\\/\\\/bedbugfoundation.org\\\/wp-content\\\/uploads\\\/2012\\\/12\\\/Bedbug-300x199.png\"},{\"@type\":\"BreadcrumbList\",\"@id\":\"https:\\\/\\\/www.bedbugfoundation.org\\\/bed-bug-biology\\\/#breadcrumb\",\"itemListElement\":[{\"@type\":\"ListItem\",\"position\":1,\"name\":\"Home\",\"item\":\"https:\\\/\\\/www.bedbugfoundation.org\\\/\"},{\"@type\":\"ListItem\",\"position\":2,\"name\":\"Bed Bug Biology\"}]},{\"@type\":\"WebSite\",\"@id\":\"https:\\\/\\\/www.bedbugfoundation.org\\\/#website\",\"url\":\"https:\\\/\\\/www.bedbugfoundation.org\\\/\",\"name\":\"Bed Bug Foundation\",\"description\":\"Home of the European Code of Practice for Bed Bug Management\",\"potentialAction\":[{\"@type\":\"SearchAction\",\"target\":{\"@type\":\"EntryPoint\",\"urlTemplate\":\"https:\\\/\\\/www.bedbugfoundation.org\\\/?s={search_term_string}\"},\"query-input\":{\"@type\":\"PropertyValueSpecification\",\"valueRequired\":true,\"valueName\":\"search_term_string\"}}],\"inLanguage\":\"sv-SE\"}]}<\/script>\n<!-- \/ Yoast SEO plugin. -->","yoast_head_json":{"title":"S\u00e4ngbaggens biologi - Bed Bug Foundation","robots":{"index":"index","follow":"follow","max-snippet":"max-snippet:-1","max-image-preview":"max-image-preview:large","max-video-preview":"max-video-preview:-1"},"canonical":"https:\/\/www.bedbugfoundation.org\/sv\/bed-bug-biology\/","og_locale":"sv_SE","og_type":"article","og_title":"Bed Bug Biology - Bed Bug Foundation","og_description":"To be effective at controlling bed bug infestations it is important to understand various aspects of the bed bug\u2019s biology and behaviour. A good understanding of the target pest is essential for its correct identification, location of the harbourages and &hellip; Forts\u00e4tt l\u00e4sa &rarr;","og_url":"https:\/\/www.bedbugfoundation.org\/sv\/bed-bug-biology\/","og_site_name":"Bed Bug Foundation","article_modified_time":"2020-02-25T16:08:21+00:00","og_image":[{"url":"http:\/\/bedbugfoundation.org\/wp-content\/uploads\/2012\/12\/Bedbug-300x199.png","type":"","width":"","height":""}],"twitter_card":"summary_large_image","schema":{"@context":"https:\/\/schema.org","@graph":[{"@type":"WebPage","@id":"https:\/\/www.bedbugfoundation.org\/bed-bug-biology\/","url":"https:\/\/www.bedbugfoundation.org\/bed-bug-biology\/","name":"S\u00e4ngbaggens biologi - Bed Bug Foundation","isPartOf":{"@id":"https:\/\/www.bedbugfoundation.org\/#website"},"primaryImageOfPage":{"@id":"https:\/\/www.bedbugfoundation.org\/bed-bug-biology\/#primaryimage"},"image":{"@id":"https:\/\/www.bedbugfoundation.org\/bed-bug-biology\/#primaryimage"},"thumbnailUrl":"http:\/\/bedbugfoundation.org\/wp-content\/uploads\/2012\/12\/Bedbug-300x199.png","datePublished":"2012-12-21T17:20:03+00:00","dateModified":"2020-02-25T16:08:21+00:00","breadcrumb":{"@id":"https:\/\/www.bedbugfoundation.org\/bed-bug-biology\/#breadcrumb"},"inLanguage":"sv-SE","potentialAction":[{"@type":"ReadAction","target":["https:\/\/www.bedbugfoundation.org\/bed-bug-biology\/"]}]},{"@type":"ImageObject","inLanguage":"sv-SE","@id":"https:\/\/www.bedbugfoundation.org\/bed-bug-biology\/#primaryimage","url":"http:\/\/bedbugfoundation.org\/wp-content\/uploads\/2012\/12\/Bedbug-300x199.png","contentUrl":"http:\/\/bedbugfoundation.org\/wp-content\/uploads\/2012\/12\/Bedbug-300x199.png"},{"@type":"BreadcrumbList","@id":"https:\/\/www.bedbugfoundation.org\/bed-bug-biology\/#breadcrumb","itemListElement":[{"@type":"ListItem","position":1,"name":"Home","item":"https:\/\/www.bedbugfoundation.org\/"},{"@type":"ListItem","position":2,"name":"Bed Bug Biology"}]},{"@type":"WebSite","@id":"https:\/\/www.bedbugfoundation.org\/#website","url":"https:\/\/www.bedbugfoundation.org\/","name":"Stiftelsen f\u00f6r s\u00e4ngbaggar","description":"Hem f\u00f6r den europeiska koden f\u00f6r hantering av s\u00e4nginfektioner","potentialAction":[{"@type":"SearchAction","target":{"@type":"EntryPoint","urlTemplate":"https:\/\/www.bedbugfoundation.org\/?s={search_term_string}"},"query-input":{"@type":"PropertyValueSpecification","valueRequired":true,"valueName":"search_term_string"}}],"inLanguage":"sv-SE"}]}},"_links":{"self":[{"href":"https:\/\/www.bedbugfoundation.org\/sv\/wp-json\/wp\/v2\/pages\/216","targetHints":{"allow":["GET"]}}],"collection":[{"href":"https:\/\/www.bedbugfoundation.org\/sv\/wp-json\/wp\/v2\/pages"}],"about":[{"href":"https:\/\/www.bedbugfoundation.org\/sv\/wp-json\/wp\/v2\/types\/page"}],"author":[{"embeddable":true,"href":"https:\/\/www.bedbugfoundation.org\/sv\/wp-json\/wp\/v2\/users\/1"}],"replies":[{"embeddable":true,"href":"https:\/\/www.bedbugfoundation.org\/sv\/wp-json\/wp\/v2\/comments?post=216"}],"version-history":[{"count":12,"href":"https:\/\/www.bedbugfoundation.org\/sv\/wp-json\/wp\/v2\/pages\/216\/revisions"}],"predecessor-version":[{"id":6181,"href":"https:\/\/www.bedbugfoundation.org\/sv\/wp-json\/wp\/v2\/pages\/216\/revisions\/6181"}],"wp:attachment":[{"href":"https:\/\/www.bedbugfoundation.org\/sv\/wp-json\/wp\/v2\/media?parent=216"}],"curies":[{"name":"wp","href":"https:\/\/api.w.org\/{rel}","templated":true}]}}