{"id":2294,"date":"2019-08-27T12:24:37","date_gmt":"2019-08-27T11:24:37","guid":{"rendered":"https:\/\/www.bedbugfoundation.org\/?page_id=2294"},"modified":"2021-02-17T12:06:48","modified_gmt":"2021-02-17T12:06:48","slug":"step-1","status":"publish","type":"page","link":"https:\/\/www.bedbugfoundation.org\/sv\/self-help\/step-1\/","title":{"rendered":"Steg 1: Bekr\u00e4ftelse"},"content":{"rendered":"<p>BBF erbjuder en kostnadsfri tj\u00e4nst f\u00f6r identifiering av prover. Du hittar information om hur du skickar in bilder eller exemplar f\u00f6r bekr\u00e4ftelse genom att klicka p\u00e5 knappen nedan:<\/p>\n\n\n\n<div class=\"wp-block-buttons aligncenter is-layout-flex wp-block-buttons-is-layout-flex\">\n<div class=\"wp-block-button is-style-outline is-style-outline--1\"><a class=\"wp-block-button__link\" href=\"https:\/\/www.bedbugfoundation.org\/sv\/specimen-identification-service\/\">Tj\u00e4nst f\u00f6r identifiering av prover<\/a><\/div>\n<\/div>\n\n\n\n<p>Varje \u00e5r \u00e4r mindre \u00e4n 20% av de prover och fotografier som BBF tar emot s\u00e4ngbaggar, s\u00e5 det finns en god chans att du inte har n\u00e5got att oroa dig f\u00f6r. M\u00e5nga skadedjursbek\u00e4mpningsf\u00f6retag har varit k\u00e4nda f\u00f6r att utf\u00f6ra dyra behandlingar av s\u00e4ngbaggar utan att bekr\u00e4fta att det faktiskt finns s\u00e4ngbaggar. I vissa fall orsakas on\u00f6diga behandlingar ocks\u00e5 av att andra hush\u00e5llsinsekter felaktigt identifieras som s\u00e4ngbaggar. Hur som helst \u00e4r on\u00f6diga behandlingar av s\u00e4ngbaggar ett vanligt problem som orsakar betydande on\u00f6diga st\u00f6rningar och kostnader. Du kan skydda dig mot detta genom att anv\u00e4nda dig av v\u00e5r <a href=\"https:\/\/www.bedbugfoundation.org\/sv\/specimen-identification-service\/\">identifieringstj\u00e4nst<\/a>och att bekanta dig med <a href=\"https:\/\/www.bedbugfoundation.org\/sv\/bedbug-biology\/identification\/\">hur s\u00e4ngbaggar och deras tecken ser ut<\/a>innan du kontaktar ett skadedjursbek\u00e4mpningsf\u00f6retag.<\/p>\n\n\n\n<p><strong><em><strong><em>Bites<\/em><\/strong><\/em><\/strong><strong>&nbsp;<\/strong>- Det \u00e4r inte m\u00f6jligt att identifiera den skyldige enbart med hj\u00e4lp av bett. Utbredningen av bett kan ge vissa ledtr\u00e5dar, men kl\u00e5da och svullnad kan vara mycket specifika f\u00f6r individen. Vissa m\u00e4nniskor reagerar inte alls p\u00e5 bett av v\u00e4ggl\u00f6ss, medan andra upplever starka, l\u00e5ngvariga reaktioner och ibland till och med bl\u00e5sbildning. B\u00e5de s\u00e4ngbaggar och myggor tenderar att bita exponerad hud, medan loppor l\u00e4ttare trycker sig in under kl\u00e4der.<\/p>\n\n\n\n<figure class=\"wp-block-gallery aligncenter columns-3 is-cropped wp-block-gallery-2 is-layout-flex wp-block-gallery-is-layout-flex\"><ul class=\"blocks-gallery-grid\"><li class=\"blocks-gallery-item\"><figure><img loading=\"lazy\" decoding=\"async\" width=\"1024\" height=\"803\" src=\"https:\/\/www.bedbugfoundation.org\/wp-content\/uploads\/2019\/02\/bedbug-bites-1024x803.jpg\" alt=\"\" data-id=\"1950\" data-link=\"https:\/\/www.bedbugfoundation.org\/?attachment_id=1950\" class=\"wp-image-1950\" srcset=\"https:\/\/www.bedbugfoundation.org\/wp-content\/uploads\/2019\/02\/bedbug-bites-1024x803.jpg 1024w, https:\/\/www.bedbugfoundation.org\/wp-content\/uploads\/2019\/02\/bedbug-bites-300x235.jpg 300w, https:\/\/www.bedbugfoundation.org\/wp-content\/uploads\/2019\/02\/bedbug-bites-768x602.jpg 768w, https:\/\/www.bedbugfoundation.org\/wp-content\/uploads\/2019\/02\/bedbug-bites-383x300.jpg 383w, https:\/\/www.bedbugfoundation.org\/wp-content\/uploads\/2019\/02\/bedbug-bites.jpg 1500w\" sizes=\"auto, (max-width: 1024px) 100vw, 1024px\" \/><\/figure><\/li><li class=\"blocks-gallery-item\"><figure><img loading=\"lazy\" decoding=\"async\" width=\"1024\" height=\"820\" src=\"https:\/\/www.bedbugfoundation.org\/wp-content\/uploads\/2019\/02\/bedbug-cimex-1-1024x820.jpg\" alt=\"\" data-id=\"1951\" data-link=\"https:\/\/www.bedbugfoundation.org\/?attachment_id=1951\" class=\"wp-image-1951\" srcset=\"https:\/\/www.bedbugfoundation.org\/wp-content\/uploads\/2019\/02\/bedbug-cimex-1-1024x820.jpg 1024w, https:\/\/www.bedbugfoundation.org\/wp-content\/uploads\/2019\/02\/bedbug-cimex-1-300x240.jpg 300w, https:\/\/www.bedbugfoundation.org\/wp-content\/uploads\/2019\/02\/bedbug-cimex-1-768x615.jpg 768w, https:\/\/www.bedbugfoundation.org\/wp-content\/uploads\/2019\/02\/bedbug-cimex-1-375x300.jpg 375w, https:\/\/www.bedbugfoundation.org\/wp-content\/uploads\/2019\/02\/bedbug-cimex-1.jpg 1500w\" sizes=\"auto, (max-width: 1024px) 100vw, 1024px\" \/><\/figure><\/li><li class=\"blocks-gallery-item\"><figure><img loading=\"lazy\" decoding=\"async\" width=\"1024\" height=\"672\" src=\"https:\/\/www.bedbugfoundation.org\/wp-content\/uploads\/2019\/02\/bedbug-cimex-9-1024x672.jpg\" alt=\"\" data-id=\"1957\" data-link=\"https:\/\/www.bedbugfoundation.org\/?attachment_id=1957\" class=\"wp-image-1957\" srcset=\"https:\/\/www.bedbugfoundation.org\/wp-content\/uploads\/2019\/02\/bedbug-cimex-9-1024x672.jpg 1024w, https:\/\/www.bedbugfoundation.org\/wp-content\/uploads\/2019\/02\/bedbug-cimex-9-300x197.jpg 300w, https:\/\/www.bedbugfoundation.org\/wp-content\/uploads\/2019\/02\/bedbug-cimex-9-768x504.jpg 768w, https:\/\/www.bedbugfoundation.org\/wp-content\/uploads\/2019\/02\/bedbug-cimex-9-457x300.jpg 457w, https:\/\/www.bedbugfoundation.org\/wp-content\/uploads\/2019\/02\/bedbug-cimex-9.jpg 1500w\" sizes=\"auto, (max-width: 1024px) 100vw, 1024px\" \/><\/figure><\/li><\/ul><\/figure>\n\n\n\n<p>Ibland biter s\u00e4ngbaggar tv\u00e5 eller tre g\u00e5nger p\u00e5 samma st\u00e4lle. Detta brukar h\u00e4nda n\u00e4r de letar efter ett l\u00e4mpligt blodk\u00e4rl. Resultatet blir en samling kliande bett inom n\u00e5gra centimeter fr\u00e5n varandra. Det \u00e4r ovanligt att man f\u00e5r mer \u00e4n ett par bett p\u00e5 samma st\u00e4lle. N\u00e4r ett st\u00f6rre antal bettliknande lesioner upptr\u00e4der tillsammans \u00e4r det v\u00e4rt att \u00f6verv\u00e4ga andra orsaker, t.ex. en lokal allergisk reaktion p\u00e5 n\u00e5got i milj\u00f6n, en bakterieinfektion (t.ex. impetigo) eller en kvalsterinfektion (t.ex. chiggers eller scabies). Det finns faktiskt m\u00e5nga hudbesv\u00e4r som ger symtom som liknar insektsbett, s\u00e5 det kan vara v\u00e4rt att visa dem f\u00f6r din husl\u00e4kare eller hudl\u00e4kare.<\/p>\n\n\n\n<p>&gt;&gt; <a href=\"https:\/\/bedbugfoundation.org\/wp-content\/uploads\/fileuploads\/ECoPv2%20UK.pdf\">3.2 Identifiering<\/a> &lt;&lt;<\/p>\n\n\n\n<p><strong><em><strong><em>Fekaliska fl\u00e4ckar<\/em><\/strong><\/em><\/strong><strong>&nbsp;&#8211;<\/strong>&nbsp;Eftersom s\u00e4ngbaggar uteslutande \u00e4ter flytande f\u00f6da uts\u00f6ndrar de stora m\u00e4ngder m\u00f6rk vattenhaltig avf\u00f6ring. F\u00f6rekomsten av m\u00f6rka avf\u00f6ringsprickor p\u00e5 s\u00e4ngkl\u00e4derna \u00e4r ofta den f\u00f6rsta indikationen p\u00e5 ett angrepp av v\u00e4ggl\u00f6ss. \u00c4ven om n\u00e5gra f\u00e5 fl\u00e4ckar ofta \u00e4r uppenbara p\u00e5 s\u00e4ngkl\u00e4derna, tenderar de flesta av dem att hittas d\u00e4r s\u00e4ngbaggarna g\u00f6mmer sig, vanligtvis i en skyddad skreva n\u00e5gonstans i s\u00e4ngens struktur. P\u00e5 absorberande ytor, t.ex. s\u00e4ngkl\u00e4der, tenderar de att tr\u00e4nga in i fibrerna, men p\u00e5 icke absorberande ytor, t.ex. lackerat tr\u00e4, tenderar fl\u00e4ckarna att torka in som upph\u00f6jda klumpar.<\/p>\n\n\n\n<figure class=\"wp-block-gallery aligncenter columns-3 is-cropped wp-block-gallery-3 is-layout-flex wp-block-gallery-is-layout-flex\"><ul class=\"blocks-gallery-grid\"><li class=\"blocks-gallery-item\"><figure><img loading=\"lazy\" decoding=\"async\" width=\"1024\" height=\"682\" src=\"https:\/\/www.bedbugfoundation.org\/wp-content\/uploads\/2019\/02\/SH7W6269-1024x682.jpg\" alt=\"\" data-id=\"1995\" data-link=\"https:\/\/www.bedbugfoundation.org\/?attachment_id=1995\" class=\"wp-image-1995\" srcset=\"https:\/\/www.bedbugfoundation.org\/wp-content\/uploads\/2019\/02\/SH7W6269-1024x682.jpg 1024w, https:\/\/www.bedbugfoundation.org\/wp-content\/uploads\/2019\/02\/SH7W6269-300x200.jpg 300w, https:\/\/www.bedbugfoundation.org\/wp-content\/uploads\/2019\/02\/SH7W6269-768x511.jpg 768w, https:\/\/www.bedbugfoundation.org\/wp-content\/uploads\/2019\/02\/SH7W6269-450x300.jpg 450w, https:\/\/www.bedbugfoundation.org\/wp-content\/uploads\/2019\/02\/SH7W6269.jpg 1500w\" sizes=\"auto, (max-width: 1024px) 100vw, 1024px\" \/><\/figure><\/li><li class=\"blocks-gallery-item\"><figure><img loading=\"lazy\" decoding=\"async\" width=\"683\" height=\"1024\" src=\"https:\/\/www.bedbugfoundation.org\/wp-content\/uploads\/2019\/02\/back-edge-of-wardrobe-683x1024.jpg\" alt=\"\" data-id=\"1947\" data-link=\"https:\/\/www.bedbugfoundation.org\/?attachment_id=1947\" class=\"wp-image-1947\" srcset=\"https:\/\/www.bedbugfoundation.org\/wp-content\/uploads\/2019\/02\/back-edge-of-wardrobe-683x1024.jpg 683w, https:\/\/www.bedbugfoundation.org\/wp-content\/uploads\/2019\/02\/back-edge-of-wardrobe-300x450.jpg 300w, https:\/\/www.bedbugfoundation.org\/wp-content\/uploads\/2019\/02\/back-edge-of-wardrobe-200x300.jpg 200w, https:\/\/www.bedbugfoundation.org\/wp-content\/uploads\/2019\/02\/back-edge-of-wardrobe-768x1152.jpg 768w, https:\/\/www.bedbugfoundation.org\/wp-content\/uploads\/2019\/02\/back-edge-of-wardrobe.jpg 1000w\" sizes=\"auto, (max-width: 683px) 100vw, 683px\" \/><\/figure><\/li><li class=\"blocks-gallery-item\"><figure><img loading=\"lazy\" decoding=\"async\" width=\"1024\" height=\"683\" src=\"https:\/\/www.bedbugfoundation.org\/wp-content\/uploads\/2019\/02\/bedbug-harbourage-2-1024x683.jpg\" alt=\"\" data-id=\"1961\" data-link=\"https:\/\/www.bedbugfoundation.org\/?attachment_id=1961\" class=\"wp-image-1961\" srcset=\"https:\/\/www.bedbugfoundation.org\/wp-content\/uploads\/2019\/02\/bedbug-harbourage-2-1024x683.jpg 1024w, https:\/\/www.bedbugfoundation.org\/wp-content\/uploads\/2019\/02\/bedbug-harbourage-2-300x200.jpg 300w, https:\/\/www.bedbugfoundation.org\/wp-content\/uploads\/2019\/02\/bedbug-harbourage-2-768x512.jpg 768w, https:\/\/www.bedbugfoundation.org\/wp-content\/uploads\/2019\/02\/bedbug-harbourage-2-450x300.jpg 450w, https:\/\/www.bedbugfoundation.org\/wp-content\/uploads\/2019\/02\/bedbug-harbourage-2.jpg 1500w\" sizes=\"auto, (max-width: 1024px) 100vw, 1024px\" \/><\/figure><\/li><\/ul><\/figure>\n\n\n\n<p><strong><em><strong><em>Hundar f\u00f6r sp\u00e5rning av doft<\/em><\/strong><\/em>\u00a0&#8211;<\/strong>\u00a0Hundarna kan vara ett effektivt s\u00e4tt att avg\u00f6ra om du har s\u00e4ngbaggar. Du kan l\u00e4sa mer om dofthundar <a href=\"https:\/\/www.bedbugfoundation.org\/sv\/bed-bug-dogs\/\">detektionshundar h\u00e4r<\/a>.<\/p>\n\n\n\n<p>BBF certifierar hundar f\u00f6r dofts\u00f6kande hundar i Europa. Du kan hitta kontaktuppgifter till certifierade team som arbetar i ditt omr\u00e5de.<\/p>\n\n\n\n<p class=\"has-text-align-center\"><a href=\"https:\/\/www.bedbugfoundation.org\/sv\/self-help\/step-2\/\">N\u00e4sta<\/a><\/p>","protected":false},"excerpt":{"rendered":"<p>BBF erbjuder en kostnadsfri tj\u00e4nst f\u00f6r identifiering av prover. Du hittar information om hur du skickar in bilder eller exemplar f\u00f6r bekr\u00e4ftelse genom att klicka p\u00e5 knappen nedan: Varje \u00e5r \u00e4r mindre \u00e4n 20% av de exemplar och fotografier som BBF tar emot ... <a href=\"https:\/\/www.bedbugfoundation.org\/sv\/self-help\/step-1\/\">Forts\u00e4tt l\u00e4sa <span class=\"meta-nav\">\u2192<\/span><\/a><\/p>","protected":false},"author":1,"featured_media":0,"parent":2285,"menu_order":0,"comment_status":"closed","ping_status":"closed","template":"","meta":{"_bbp_topic_count":0,"_bbp_reply_count":0,"_bbp_total_topic_count":0,"_bbp_total_reply_count":0,"_bbp_voice_count":0,"_bbp_anonymous_reply_count":0,"_bbp_topic_count_hidden":0,"_bbp_reply_count_hidden":0,"_bbp_forum_subforum_count":0,"footnotes":""},"class_list":["post-2294","page","type-page","status-publish","hentry"],"yoast_head":"<!-- This site is optimized with the Yoast SEO plugin v27.5 - https:\/\/yoast.com\/product\/yoast-seo-wordpress\/ -->\n<title>Step 1: Confirmation - Bed Bug Foundation<\/title>\n<meta name=\"robots\" content=\"index, follow, max-snippet:-1, max-image-preview:large, max-video-preview:-1\" \/>\n<link rel=\"canonical\" href=\"https:\/\/www.bedbugfoundation.org\/sv\/self-help\/step-1\/\" \/>\n<meta property=\"og:locale\" content=\"sv_SE\" \/>\n<meta property=\"og:type\" content=\"article\" \/>\n<meta property=\"og:title\" content=\"Step 1: Confirmation - Bed Bug Foundation\" \/>\n<meta property=\"og:description\" content=\"The BBF offers a free specimen identification service. You can find details of how to submit images or specimens for confirmation by clicking the button below: Each year, less than 20% of the specimens and photographs that the BBF receives &hellip; Forts\u00e4tt l\u00e4sa &rarr;\" \/>\n<meta property=\"og:url\" content=\"https:\/\/www.bedbugfoundation.org\/sv\/self-help\/step-1\/\" \/>\n<meta property=\"og:site_name\" content=\"Bed Bug Foundation\" \/>\n<meta property=\"article:modified_time\" content=\"2021-02-17T12:06:48+00:00\" \/>\n<meta property=\"og:image\" content=\"https:\/\/www.bedbugfoundation.org\/wp-content\/uploads\/2019\/02\/bedbug-bites-1024x803.jpg\" \/>\n<meta name=\"twitter:card\" content=\"summary_large_image\" \/>\n<meta name=\"twitter:label1\" content=\"Ber\u00e4knad l\u00e4stid\" \/>\n\t<meta name=\"twitter:data1\" content=\"3 minuter\" \/>\n<script type=\"application\/ld+json\" class=\"yoast-schema-graph\">{\"@context\":\"https:\\\/\\\/schema.org\",\"@graph\":[{\"@type\":\"WebPage\",\"@id\":\"https:\\\/\\\/www.bedbugfoundation.org\\\/sv\\\/self-help\\\/step-1\\\/\",\"url\":\"https:\\\/\\\/www.bedbugfoundation.org\\\/sv\\\/self-help\\\/step-1\\\/\",\"name\":\"Step 1: Confirmation - Bed Bug Foundation\",\"isPartOf\":{\"@id\":\"https:\\\/\\\/www.bedbugfoundation.org\\\/#website\"},\"primaryImageOfPage\":{\"@id\":\"https:\\\/\\\/www.bedbugfoundation.org\\\/sv\\\/self-help\\\/step-1\\\/#primaryimage\"},\"image\":{\"@id\":\"https:\\\/\\\/www.bedbugfoundation.org\\\/sv\\\/self-help\\\/step-1\\\/#primaryimage\"},\"thumbnailUrl\":\"https:\\\/\\\/www.bedbugfoundation.org\\\/wp-content\\\/uploads\\\/2019\\\/02\\\/bedbug-bites-1024x803.jpg\",\"datePublished\":\"2019-08-27T11:24:37+00:00\",\"dateModified\":\"2021-02-17T12:06:48+00:00\",\"breadcrumb\":{\"@id\":\"https:\\\/\\\/www.bedbugfoundation.org\\\/sv\\\/self-help\\\/step-1\\\/#breadcrumb\"},\"inLanguage\":\"sv-SE\",\"potentialAction\":[{\"@type\":\"ReadAction\",\"target\":[\"https:\\\/\\\/www.bedbugfoundation.org\\\/sv\\\/self-help\\\/step-1\\\/\"]}]},{\"@type\":\"ImageObject\",\"inLanguage\":\"sv-SE\",\"@id\":\"https:\\\/\\\/www.bedbugfoundation.org\\\/sv\\\/self-help\\\/step-1\\\/#primaryimage\",\"url\":\"https:\\\/\\\/www.bedbugfoundation.org\\\/wp-content\\\/uploads\\\/2019\\\/02\\\/bedbug-bites-1024x803.jpg\",\"contentUrl\":\"https:\\\/\\\/www.bedbugfoundation.org\\\/wp-content\\\/uploads\\\/2019\\\/02\\\/bedbug-bites-1024x803.jpg\"},{\"@type\":\"BreadcrumbList\",\"@id\":\"https:\\\/\\\/www.bedbugfoundation.org\\\/sv\\\/self-help\\\/step-1\\\/#breadcrumb\",\"itemListElement\":[{\"@type\":\"ListItem\",\"position\":1,\"name\":\"Home\",\"item\":\"https:\\\/\\\/www.bedbugfoundation.org\\\/\"},{\"@type\":\"ListItem\",\"position\":2,\"name\":\"Help! I think I have bed bugs!\",\"item\":\"https:\\\/\\\/www.bedbugfoundation.org\\\/self-help\\\/\"},{\"@type\":\"ListItem\",\"position\":3,\"name\":\"Step 1: Confirmation\"}]},{\"@type\":\"WebSite\",\"@id\":\"https:\\\/\\\/www.bedbugfoundation.org\\\/#website\",\"url\":\"https:\\\/\\\/www.bedbugfoundation.org\\\/\",\"name\":\"Bed Bug Foundation\",\"description\":\"Home of the European Code of Practice for Bed Bug Management\",\"potentialAction\":[{\"@type\":\"SearchAction\",\"target\":{\"@type\":\"EntryPoint\",\"urlTemplate\":\"https:\\\/\\\/www.bedbugfoundation.org\\\/?s={search_term_string}\"},\"query-input\":{\"@type\":\"PropertyValueSpecification\",\"valueRequired\":true,\"valueName\":\"search_term_string\"}}],\"inLanguage\":\"sv-SE\"}]}<\/script>\n<!-- \/ Yoast SEO plugin. -->","yoast_head_json":{"title":"Steg 1: Bekr\u00e4ftelse - Bed Bug Foundation","robots":{"index":"index","follow":"follow","max-snippet":"max-snippet:-1","max-image-preview":"max-image-preview:large","max-video-preview":"max-video-preview:-1"},"canonical":"https:\/\/www.bedbugfoundation.org\/sv\/self-help\/step-1\/","og_locale":"sv_SE","og_type":"article","og_title":"Step 1: Confirmation - Bed Bug Foundation","og_description":"The BBF offers a free specimen identification service. You can find details of how to submit images or specimens for confirmation by clicking the button below: Each year, less than 20% of the specimens and photographs that the BBF receives &hellip; Forts\u00e4tt l\u00e4sa &rarr;","og_url":"https:\/\/www.bedbugfoundation.org\/sv\/self-help\/step-1\/","og_site_name":"Bed Bug Foundation","article_modified_time":"2021-02-17T12:06:48+00:00","og_image":[{"url":"https:\/\/www.bedbugfoundation.org\/wp-content\/uploads\/2019\/02\/bedbug-bites-1024x803.jpg","type":"","width":"","height":""}],"twitter_card":"summary_large_image","twitter_misc":{"Ber\u00e4knad l\u00e4stid":"3 minuter"},"schema":{"@context":"https:\/\/schema.org","@graph":[{"@type":"WebPage","@id":"https:\/\/www.bedbugfoundation.org\/sv\/self-help\/step-1\/","url":"https:\/\/www.bedbugfoundation.org\/sv\/self-help\/step-1\/","name":"Steg 1: Bekr\u00e4ftelse - Bed Bug Foundation","isPartOf":{"@id":"https:\/\/www.bedbugfoundation.org\/#website"},"primaryImageOfPage":{"@id":"https:\/\/www.bedbugfoundation.org\/sv\/self-help\/step-1\/#primaryimage"},"image":{"@id":"https:\/\/www.bedbugfoundation.org\/sv\/self-help\/step-1\/#primaryimage"},"thumbnailUrl":"https:\/\/www.bedbugfoundation.org\/wp-content\/uploads\/2019\/02\/bedbug-bites-1024x803.jpg","datePublished":"2019-08-27T11:24:37+00:00","dateModified":"2021-02-17T12:06:48+00:00","breadcrumb":{"@id":"https:\/\/www.bedbugfoundation.org\/sv\/self-help\/step-1\/#breadcrumb"},"inLanguage":"sv-SE","potentialAction":[{"@type":"ReadAction","target":["https:\/\/www.bedbugfoundation.org\/sv\/self-help\/step-1\/"]}]},{"@type":"ImageObject","inLanguage":"sv-SE","@id":"https:\/\/www.bedbugfoundation.org\/sv\/self-help\/step-1\/#primaryimage","url":"https:\/\/www.bedbugfoundation.org\/wp-content\/uploads\/2019\/02\/bedbug-bites-1024x803.jpg","contentUrl":"https:\/\/www.bedbugfoundation.org\/wp-content\/uploads\/2019\/02\/bedbug-bites-1024x803.jpg"},{"@type":"BreadcrumbList","@id":"https:\/\/www.bedbugfoundation.org\/sv\/self-help\/step-1\/#breadcrumb","itemListElement":[{"@type":"ListItem","position":1,"name":"Home","item":"https:\/\/www.bedbugfoundation.org\/"},{"@type":"ListItem","position":2,"name":"Help! I think I have bed bugs!","item":"https:\/\/www.bedbugfoundation.org\/self-help\/"},{"@type":"ListItem","position":3,"name":"Step 1: Confirmation"}]},{"@type":"WebSite","@id":"https:\/\/www.bedbugfoundation.org\/#website","url":"https:\/\/www.bedbugfoundation.org\/","name":"Stiftelsen f\u00f6r s\u00e4ngbaggar","description":"Hem f\u00f6r den europeiska koden f\u00f6r hantering av s\u00e4nginfektioner","potentialAction":[{"@type":"SearchAction","target":{"@type":"EntryPoint","urlTemplate":"https:\/\/www.bedbugfoundation.org\/?s={search_term_string}"},"query-input":{"@type":"PropertyValueSpecification","valueRequired":true,"valueName":"search_term_string"}}],"inLanguage":"sv-SE"}]}},"_links":{"self":[{"href":"https:\/\/www.bedbugfoundation.org\/sv\/wp-json\/wp\/v2\/pages\/2294","targetHints":{"allow":["GET"]}}],"collection":[{"href":"https:\/\/www.bedbugfoundation.org\/sv\/wp-json\/wp\/v2\/pages"}],"about":[{"href":"https:\/\/www.bedbugfoundation.org\/sv\/wp-json\/wp\/v2\/types\/page"}],"author":[{"embeddable":true,"href":"https:\/\/www.bedbugfoundation.org\/sv\/wp-json\/wp\/v2\/users\/1"}],"replies":[{"embeddable":true,"href":"https:\/\/www.bedbugfoundation.org\/sv\/wp-json\/wp\/v2\/comments?post=2294"}],"version-history":[{"count":12,"href":"https:\/\/www.bedbugfoundation.org\/sv\/wp-json\/wp\/v2\/pages\/2294\/revisions"}],"predecessor-version":[{"id":8488,"href":"https:\/\/www.bedbugfoundation.org\/sv\/wp-json\/wp\/v2\/pages\/2294\/revisions\/8488"}],"up":[{"embeddable":true,"href":"https:\/\/www.bedbugfoundation.org\/sv\/wp-json\/wp\/v2\/pages\/2285"}],"wp:attachment":[{"href":"https:\/\/www.bedbugfoundation.org\/sv\/wp-json\/wp\/v2\/media?parent=2294"}],"curies":[{"name":"wp","href":"https:\/\/api.w.org\/{rel}","templated":true}]}}