{"id":2299,"date":"2019-08-27T12:27:15","date_gmt":"2019-08-27T11:27:15","guid":{"rendered":"https:\/\/www.bedbugfoundation.org\/?page_id=2299"},"modified":"2021-02-17T11:26:20","modified_gmt":"2021-02-17T11:26:20","slug":"step-2","status":"publish","type":"page","link":"https:\/\/www.bedbugfoundation.org\/sv\/self-help\/step-2\/","title":{"rendered":"Steg 2: Best\u00e4m om du ska ringa ett proffs."},"content":{"rendered":"<p>Om du har \u00f6vertygande bevis f\u00f6r att det finns ett angrepp av v\u00e4ggl\u00f6ss m\u00e5ste du nu best\u00e4mma om du ska ta itu med problemet sj\u00e4lv eller om du ska anlita en professionell person. Observera att s\u00e4ngbaggar \u00e4r mycket sv\u00e5ra att utrota. Till och med proffs beh\u00f6ver ofta flera bes\u00f6k. Det r\u00e4cker med att en eller tv\u00e5 individer \u00f6verlever bek\u00e4mpnings\u00e5tg\u00e4rden och angreppet kan \u00e5terkomma. Man m\u00e5ste vara f\u00f6rsiktig s\u00e5 att angreppet inte sprids inom den egna fastigheten eller till grannarna. BBF har tidigare alltid rekommenderat hus\u00e4gare att ta hj\u00e4lp av en yrkesman. I m\u00e5nga l\u00e4nder \u00e4r dock professionella behandlingar av v\u00e4ggl\u00f6ss numera mycket dyra, och BBF inser att detta helt enkelt kan vara om\u00f6jligt f\u00f6r m\u00e5nga, s\u00e5 vi ger nu r\u00e5d om sj\u00e4lvhj\u00e4lp.<\/p>\n\n\n\n<p>H\u00e4r \u00e4r n\u00e5gra faktorer att ta h\u00e4nsyn till n\u00e4r du best\u00e4mmer dig f\u00f6r om du ska ta itu med ett angrepp av v\u00e4ggl\u00f6ss sj\u00e4lv:<\/p>\n\n\n\n<p><strong><em><strong><em>Vems ansvar \u00e4r det?<\/em><\/strong><\/em><\/strong><strong>&nbsp;<\/strong>- Det \u00e4r ofta hyresv\u00e4rdens ansvar att se till att en lokal \u00e4r fri fr\u00e5n skadedjur. Reglerna varierar fr\u00e5n land till land och det kan finnas s\u00e4rskilda klausuler i ditt bostadsavtal, s\u00e5 kontrollera detta innan du ringer en yrkesman.<\/p>\n\n\n\n<p><strong><em><strong><em>Situationens komplexitet<\/em><\/strong><\/em><\/strong>&nbsp;- Sm\u00e5 angrepp finns n\u00e4stan alltid i eller mycket n\u00e4ra s\u00e4ngen. I situationer d\u00e4r m\u00e4nniskor sitter mycket p\u00e5 samma st\u00e4lle, t.ex. p\u00e5 \u00e4ldreboenden, kan \u00e4ven stolar och soffor bli angripna. Ju tidigare angreppet identifieras, desto l\u00e4ttare \u00e4r det att behandla. N\u00e4r angreppen blir mer v\u00e4letablerade tenderar s\u00e4ngbaggarna att sprida sig till fler m\u00f6bler och tillh\u00f6righeter runt s\u00e4ngen, och \u00e4ven b\u00f6rja sprida sig till angr\u00e4nsande rum. I detta skede \u00f6kar behandlingskostnaden, men \u00e4ven det arbete som det inneb\u00e4r att sj\u00e4lv ta itu med angreppet.<\/p>\n\n\n\n<p><strong><em><strong><em>Var kommer de ifr\u00e5n?<\/em><\/strong><\/em><\/strong>&nbsp;- Det \u00e4r viktigt att t\u00e4nka p\u00e5 varifr\u00e5n v\u00e4ggl\u00f6ssen kan ha kommit. Om de sprider sig fr\u00e5n en n\u00e4rliggande l\u00e4genhet eller byggnad kan \u00e4ven en framg\u00e5ngsrik behandling av din egen l\u00e4genhet endast ge en tillf\u00e4llig lindring om inte grannl\u00e4genheterna behandlas samtidigt. Om detta inte \u00e4r m\u00f6jligt kan alternativen f\u00f6r sj\u00e4lvhj\u00e4lp vara mer v\u00e4rdefulla \u00e4n att betala f\u00f6r en professionell behandling.<\/p>\n\n\n\n<p><strong><em><strong><em>Fysisk styrka och god syn<\/em><\/strong><\/em><\/strong>&nbsp;- F\u00f6r att utrota v\u00e4ggl\u00f6ss m\u00e5ste man lyfta av madrassen fr\u00e5n s\u00e4ngen och flytta runt s\u00e4ngen. Du m\u00e5ste kunna g\u00f6ra en visuell inspektion av alla omr\u00e5den i s\u00e4ngen och den n\u00e4rmaste omgivningen, vilket troligen inneb\u00e4r att du m\u00e5ste krypa runt p\u00e5 h\u00e4nder och kn\u00e4n. Du beh\u00f6ver ocks\u00e5 ha en relativt god syn. Vuxna s\u00e4ngbaggar \u00e4r ungef\u00e4r lika stora som ett \u00e4ppelfr\u00f6, men unga nymfer \u00e4r ungef\u00e4r lika stora som ett korn av brunt socker.<\/p>\n\n\n\n<p class=\"has-text-align-center\"><a href=\"https:\/\/www.bedbugfoundation.org\/sv\/self-help\/step-1\/\">F\u00f6reg\u00e5ende<\/a> \/ <a href=\"https:\/\/www.bedbugfoundation.org\/sv\/self-help\/step-3\/\">N\u00e4sta<\/a><\/p>","protected":false},"excerpt":{"rendered":"<p>If you have conclusive evidence of a bed bug infestation, you must now decide whether to tackle the problem yourself, or to call in a professional. Please be aware that bed bugs are notoriously difficult to eradicate. Even professionals often &hellip; <a href=\"https:\/\/www.bedbugfoundation.org\/sv\/self-help\/step-2\/\">Forts\u00e4tt l\u00e4sa <span class=\"meta-nav\">\u2192<\/span><\/a><\/p>","protected":false},"author":1,"featured_media":0,"parent":2285,"menu_order":1,"comment_status":"closed","ping_status":"closed","template":"","meta":{"_bbp_topic_count":0,"_bbp_reply_count":0,"_bbp_total_topic_count":0,"_bbp_total_reply_count":0,"_bbp_voice_count":0,"_bbp_anonymous_reply_count":0,"_bbp_topic_count_hidden":0,"_bbp_reply_count_hidden":0,"_bbp_forum_subforum_count":0,"footnotes":""},"class_list":["post-2299","page","type-page","status-publish","hentry"],"yoast_head":"<!-- This site is optimized with the Yoast SEO plugin v27.5 - https:\/\/yoast.com\/product\/yoast-seo-wordpress\/ -->\n<title>Step 2: Decide whether to call a professional - Bed Bug Foundation<\/title>\n<meta name=\"robots\" content=\"index, follow, max-snippet:-1, max-image-preview:large, max-video-preview:-1\" \/>\n<link rel=\"canonical\" href=\"https:\/\/www.bedbugfoundation.org\/sv\/self-help\/step-2\/\" \/>\n<meta property=\"og:locale\" content=\"sv_SE\" \/>\n<meta property=\"og:type\" content=\"article\" \/>\n<meta property=\"og:title\" content=\"Step 2: Decide whether to call a professional - Bed Bug Foundation\" \/>\n<meta property=\"og:description\" content=\"If you have conclusive evidence of a bed bug infestation, you must now decide whether to tackle the problem yourself, or to call in a professional. Please be aware that bed bugs are notoriously difficult to eradicate. Even professionals often &hellip; Forts\u00e4tt l\u00e4sa &rarr;\" \/>\n<meta property=\"og:url\" content=\"https:\/\/www.bedbugfoundation.org\/sv\/self-help\/step-2\/\" \/>\n<meta property=\"og:site_name\" content=\"Bed Bug Foundation\" \/>\n<meta property=\"article:modified_time\" content=\"2021-02-17T11:26:20+00:00\" \/>\n<meta name=\"twitter:card\" content=\"summary_large_image\" \/>\n<meta name=\"twitter:label1\" content=\"Ber\u00e4knad l\u00e4stid\" \/>\n\t<meta name=\"twitter:data1\" content=\"2 minuter\" \/>\n<script type=\"application\/ld+json\" class=\"yoast-schema-graph\">{\"@context\":\"https:\\\/\\\/schema.org\",\"@graph\":[{\"@type\":\"WebPage\",\"@id\":\"https:\\\/\\\/www.bedbugfoundation.org\\\/sv\\\/self-help\\\/step-2\\\/\",\"url\":\"https:\\\/\\\/www.bedbugfoundation.org\\\/sv\\\/self-help\\\/step-2\\\/\",\"name\":\"Step 2: Decide whether to call a professional - Bed Bug Foundation\",\"isPartOf\":{\"@id\":\"https:\\\/\\\/www.bedbugfoundation.org\\\/#website\"},\"datePublished\":\"2019-08-27T11:27:15+00:00\",\"dateModified\":\"2021-02-17T11:26:20+00:00\",\"breadcrumb\":{\"@id\":\"https:\\\/\\\/www.bedbugfoundation.org\\\/sv\\\/self-help\\\/step-2\\\/#breadcrumb\"},\"inLanguage\":\"sv-SE\",\"potentialAction\":[{\"@type\":\"ReadAction\",\"target\":[\"https:\\\/\\\/www.bedbugfoundation.org\\\/sv\\\/self-help\\\/step-2\\\/\"]}]},{\"@type\":\"BreadcrumbList\",\"@id\":\"https:\\\/\\\/www.bedbugfoundation.org\\\/sv\\\/self-help\\\/step-2\\\/#breadcrumb\",\"itemListElement\":[{\"@type\":\"ListItem\",\"position\":1,\"name\":\"Home\",\"item\":\"https:\\\/\\\/www.bedbugfoundation.org\\\/\"},{\"@type\":\"ListItem\",\"position\":2,\"name\":\"Help! I think I have bed bugs!\",\"item\":\"https:\\\/\\\/www.bedbugfoundation.org\\\/self-help\\\/\"},{\"@type\":\"ListItem\",\"position\":3,\"name\":\"Step 2: Decide whether to call a professional\"}]},{\"@type\":\"WebSite\",\"@id\":\"https:\\\/\\\/www.bedbugfoundation.org\\\/#website\",\"url\":\"https:\\\/\\\/www.bedbugfoundation.org\\\/\",\"name\":\"Bed Bug Foundation\",\"description\":\"Home of the European Code of Practice for Bed Bug Management\",\"potentialAction\":[{\"@type\":\"SearchAction\",\"target\":{\"@type\":\"EntryPoint\",\"urlTemplate\":\"https:\\\/\\\/www.bedbugfoundation.org\\\/?s={search_term_string}\"},\"query-input\":{\"@type\":\"PropertyValueSpecification\",\"valueRequired\":true,\"valueName\":\"search_term_string\"}}],\"inLanguage\":\"sv-SE\"}]}<\/script>\n<!-- \/ Yoast SEO plugin. -->","yoast_head_json":{"title":"Steg 2: Best\u00e4m om du ska ringa ett proffs - Bed Bug Foundation","robots":{"index":"index","follow":"follow","max-snippet":"max-snippet:-1","max-image-preview":"max-image-preview:large","max-video-preview":"max-video-preview:-1"},"canonical":"https:\/\/www.bedbugfoundation.org\/sv\/self-help\/step-2\/","og_locale":"sv_SE","og_type":"article","og_title":"Step 2: Decide whether to call a professional - Bed Bug Foundation","og_description":"If you have conclusive evidence of a bed bug infestation, you must now decide whether to tackle the problem yourself, or to call in a professional. Please be aware that bed bugs are notoriously difficult to eradicate. Even professionals often &hellip; Forts\u00e4tt l\u00e4sa &rarr;","og_url":"https:\/\/www.bedbugfoundation.org\/sv\/self-help\/step-2\/","og_site_name":"Bed Bug Foundation","article_modified_time":"2021-02-17T11:26:20+00:00","twitter_card":"summary_large_image","twitter_misc":{"Ber\u00e4knad l\u00e4stid":"2 minuter"},"schema":{"@context":"https:\/\/schema.org","@graph":[{"@type":"WebPage","@id":"https:\/\/www.bedbugfoundation.org\/sv\/self-help\/step-2\/","url":"https:\/\/www.bedbugfoundation.org\/sv\/self-help\/step-2\/","name":"Steg 2: Best\u00e4m om du ska ringa ett proffs - Bed Bug Foundation","isPartOf":{"@id":"https:\/\/www.bedbugfoundation.org\/#website"},"datePublished":"2019-08-27T11:27:15+00:00","dateModified":"2021-02-17T11:26:20+00:00","breadcrumb":{"@id":"https:\/\/www.bedbugfoundation.org\/sv\/self-help\/step-2\/#breadcrumb"},"inLanguage":"sv-SE","potentialAction":[{"@type":"ReadAction","target":["https:\/\/www.bedbugfoundation.org\/sv\/self-help\/step-2\/"]}]},{"@type":"BreadcrumbList","@id":"https:\/\/www.bedbugfoundation.org\/sv\/self-help\/step-2\/#breadcrumb","itemListElement":[{"@type":"ListItem","position":1,"name":"Home","item":"https:\/\/www.bedbugfoundation.org\/"},{"@type":"ListItem","position":2,"name":"Help! I think I have bed bugs!","item":"https:\/\/www.bedbugfoundation.org\/self-help\/"},{"@type":"ListItem","position":3,"name":"Step 2: Decide whether to call a professional"}]},{"@type":"WebSite","@id":"https:\/\/www.bedbugfoundation.org\/#website","url":"https:\/\/www.bedbugfoundation.org\/","name":"Stiftelsen f\u00f6r s\u00e4ngbaggar","description":"Hem f\u00f6r den europeiska koden f\u00f6r hantering av s\u00e4nginfektioner","potentialAction":[{"@type":"SearchAction","target":{"@type":"EntryPoint","urlTemplate":"https:\/\/www.bedbugfoundation.org\/?s={search_term_string}"},"query-input":{"@type":"PropertyValueSpecification","valueRequired":true,"valueName":"search_term_string"}}],"inLanguage":"sv-SE"}]}},"_links":{"self":[{"href":"https:\/\/www.bedbugfoundation.org\/sv\/wp-json\/wp\/v2\/pages\/2299","targetHints":{"allow":["GET"]}}],"collection":[{"href":"https:\/\/www.bedbugfoundation.org\/sv\/wp-json\/wp\/v2\/pages"}],"about":[{"href":"https:\/\/www.bedbugfoundation.org\/sv\/wp-json\/wp\/v2\/types\/page"}],"author":[{"embeddable":true,"href":"https:\/\/www.bedbugfoundation.org\/sv\/wp-json\/wp\/v2\/users\/1"}],"replies":[{"embeddable":true,"href":"https:\/\/www.bedbugfoundation.org\/sv\/wp-json\/wp\/v2\/comments?post=2299"}],"version-history":[{"count":11,"href":"https:\/\/www.bedbugfoundation.org\/sv\/wp-json\/wp\/v2\/pages\/2299\/revisions"}],"predecessor-version":[{"id":8482,"href":"https:\/\/www.bedbugfoundation.org\/sv\/wp-json\/wp\/v2\/pages\/2299\/revisions\/8482"}],"up":[{"embeddable":true,"href":"https:\/\/www.bedbugfoundation.org\/sv\/wp-json\/wp\/v2\/pages\/2285"}],"wp:attachment":[{"href":"https:\/\/www.bedbugfoundation.org\/sv\/wp-json\/wp\/v2\/media?parent=2299"}],"curies":[{"name":"wp","href":"https:\/\/api.w.org\/{rel}","templated":true}]}}