{"id":2308,"date":"2019-08-27T13:16:57","date_gmt":"2019-08-27T12:16:57","guid":{"rendered":"https:\/\/www.bedbugfoundation.org\/?page_id=2308"},"modified":"2026-02-24T11:03:17","modified_gmt":"2026-02-24T11:03:17","slug":"step-3","status":"publish","type":"page","link":"https:\/\/www.bedbugfoundation.org\/sv\/self-help\/step-3\/","title":{"rendered":"Steg 3: Sj\u00e4lvhj\u00e4lpsr\u00e5d f\u00f6r bek\u00e4mpning av s\u00e4ngbakterier"},"content":{"rendered":"<p>Bettbaggar f\u00f6redrar alltid att g\u00f6mma sig i grupper, n\u00e5gonstans n\u00e4ra f\u00f6dos\u00f6ksst\u00e4llet. De letar efter h\u00e5rda sprickor och klyftor p\u00e5 skyddade platser, vanligtvis i och runt s\u00e4ngkonstruktionen. Deras g\u00f6mst\u00e4llen tenderar att vara kraftigt nedsmutsade med svart fekalier samt \u00e4gg och avgjorda skinn.<\/p>\n\n\n\n<p><strong>Innan du b\u00f6rjar<\/strong><strong><\/strong><\/p>\n\n\n\n<p>Du beh\u00f6ver:<\/p>\n\n\n\n<ul class=\"wp-block-list\">\n<li>tunga sops\u00e4ckar f\u00f6r sopor<\/li>\n\n\n\n<li>en bra ficklampa<\/li>\n\n\n\n<li>pincetter\/forcer<\/li>\n\n\n\n<li>Verktyg f\u00f6r att demontera s\u00e4ngen.<\/li>\n\n\n\n<li>dammsugare med verktyg f\u00f6r att f\u00e5 en springa i springan<\/li>\n\n\n\n<li>h\u00f6lje f\u00f6r madrassen<\/li>\n\n\n\n<li>H\u00f6lje f\u00f6r s\u00e4ngbotten (endast divan\/s\u00e4ngar med boxram).<\/li>\n\n\n\n<li>Kiselmassa (valfritt, endast f\u00f6r ramb\u00e4ddar)<\/li>\n\n\n\n<li>desiccant dust (e.g. CimeXa or ChinChex)<\/li>\n\n\n\n<li>Anordning f\u00f6r isolering av s\u00e4ngar (t.ex. ClimbUp Interceptor).<\/li>\n<\/ul>\n\n\n\n<p><strong>Rensa runt s\u00e4ngen<\/strong><strong><\/strong><\/p>\n\n\n\n<p>B\u00f6rja med att rensa runt s\u00e4ngen. L\u00e4gg alla f\u00f6rem\u00e5l som inte l\u00e4tt kan inspekteras i sops\u00e4ckar f\u00f6r senare desinfektion. I de flesta fall \u00e4r det osannolikt att f\u00f6rem\u00e5l som ligger mer \u00e4n tv\u00e5 meter fr\u00e5n s\u00e4ngen hyser v\u00e4ggl\u00f6ss, men det beror p\u00e5 hur allvarligt angreppet \u00e4r. Lite utrymme runt s\u00e4ngen g\u00f6r det l\u00e4ttare att arbeta och g\u00f6r det ocks\u00e5 l\u00e4ttare att uppt\u00e4cka eventuella insekter som f\u00f6rs\u00f6ker fly fr\u00e5n s\u00e4ngen p\u00e5 grund av st\u00f6rningen.<\/p>\n\n\n\n<p>En dammsugare kan vara anv\u00e4ndbar f\u00f6r att snabbt suga upp eventuella insekter, men t\u00e4nk p\u00e5 att insekterna troligen \u00f6verlever i dammsugaren, s\u00e5 den m\u00e5ste t\u00f6mmas i en soptunna utomhus omedelbart efter anv\u00e4ndning.<\/p>\n\n\n\n<p><strong>Ta bort s\u00e4ngkl\u00e4der och andra mjuka m\u00f6bler.<\/strong><strong><\/strong><\/p>\n\n\n\n<p>B\u00f6rja med att f\u00f6rsiktigt ta bort och isolera s\u00e4ngkl\u00e4derna. Detta kan f\u00f6rsiktigt packas i sops\u00e4ckar och senare tv\u00e4ttas och\/eller torktumlas i en varm tv\u00e4ttcykel f\u00f6r att se till att det \u00e4r fritt fr\u00e5n insekter. Ibland kan man genom att ta bort lakanen f\u00e5 bort insekter som g\u00f6mmer sig under madrassen och f\u00e5 dem att springa iv\u00e4g. Samla in vandrande insekter n\u00e4r du uppt\u00e4cker dem och f\u00f6rs\u00f6k undvika att de flyr.<\/p>\n\n\n\n<p><strong>Inspektera madrassen<\/strong><strong><\/strong><\/p>\n\n\n\n<p>Inspektera f\u00f6rsiktigt madrassens ovansida medan den fortfarande ligger p\u00e5 s\u00e4ngen. Var s\u00e4rskilt uppm\u00e4rksam p\u00e5 passpoalerna runt madrassens kant och eventuella andra detaljer, t.ex. etiketter och grepphandtag. Bedbugs gillar ofta att kl\u00e4mma sig intill dessa.<\/p>\n\n\n\n<figure class=\"wp-block-gallery aligncenter has-nested-images columns-default is-cropped wp-block-gallery-1 is-layout-flex wp-block-gallery-is-layout-flex\">\n<figure class=\"wp-block-image size-large\"><img loading=\"lazy\" decoding=\"async\" width=\"1024\" height=\"683\" data-id=\"1989\" src=\"https:\/\/www.bedbugfoundation.org\/wp-content\/uploads\/2019\/02\/SH7W6211-1024x683.jpg\" alt=\"\" class=\"wp-image-1989\" srcset=\"https:\/\/www.bedbugfoundation.org\/wp-content\/uploads\/2019\/02\/SH7W6211-1024x683.jpg 1024w, https:\/\/www.bedbugfoundation.org\/wp-content\/uploads\/2019\/02\/SH7W6211-300x200.jpg 300w, https:\/\/www.bedbugfoundation.org\/wp-content\/uploads\/2019\/02\/SH7W6211-768x512.jpg 768w, https:\/\/www.bedbugfoundation.org\/wp-content\/uploads\/2019\/02\/SH7W6211-450x300.jpg 450w, https:\/\/www.bedbugfoundation.org\/wp-content\/uploads\/2019\/02\/SH7W6211.jpg 1500w\" sizes=\"auto, (max-width: 1024px) 100vw, 1024px\" \/><\/figure>\n\n\n\n<figure class=\"wp-block-image size-large\"><img loading=\"lazy\" decoding=\"async\" width=\"1024\" height=\"683\" data-id=\"1961\" src=\"https:\/\/www.bedbugfoundation.org\/wp-content\/uploads\/2019\/02\/bedbug-harbourage-2-1024x683.jpg\" alt=\"\" class=\"wp-image-1961\" srcset=\"https:\/\/www.bedbugfoundation.org\/wp-content\/uploads\/2019\/02\/bedbug-harbourage-2-1024x683.jpg 1024w, https:\/\/www.bedbugfoundation.org\/wp-content\/uploads\/2019\/02\/bedbug-harbourage-2-300x200.jpg 300w, https:\/\/www.bedbugfoundation.org\/wp-content\/uploads\/2019\/02\/bedbug-harbourage-2-768x512.jpg 768w, https:\/\/www.bedbugfoundation.org\/wp-content\/uploads\/2019\/02\/bedbug-harbourage-2-450x300.jpg 450w, https:\/\/www.bedbugfoundation.org\/wp-content\/uploads\/2019\/02\/bedbug-harbourage-2.jpg 1500w\" sizes=\"auto, (max-width: 1024px) 100vw, 1024px\" \/><\/figure>\n\n\n\n<figure class=\"wp-block-image size-large\"><img loading=\"lazy\" decoding=\"async\" width=\"1000\" height=\"288\" data-id=\"592\" src=\"https:\/\/www.bedbugfoundation.org\/wp-content\/uploads\/2016\/05\/SH7W6278a-small.jpg\" alt=\"\" class=\"wp-image-592\" srcset=\"https:\/\/www.bedbugfoundation.org\/wp-content\/uploads\/2016\/05\/SH7W6278a-small.jpg 1000w, https:\/\/www.bedbugfoundation.org\/wp-content\/uploads\/2016\/05\/SH7W6278a-small-300x86.jpg 300w, https:\/\/www.bedbugfoundation.org\/wp-content\/uploads\/2016\/05\/SH7W6278a-small-768x221.jpg 768w\" sizes=\"auto, (max-width: 1000px) 100vw, 1000px\" \/><\/figure>\n<\/figure>\n\n\n\n<p>St\u00e4ll madrassen mot v\u00e4ggen och g\u00f6r en inspektion av undersidan, inklusive r\u00f6ren runt den nedre kanten.<\/p>\n\n\n\n<p>Det g\u00e5r att k\u00f6pa madrassh\u00f6ljen f\u00f6r att eliminera potentiella g\u00f6mst\u00e4llen p\u00e5 madrassen och f\u00f6r att f\u00f6rsegla eventuella insekter och \u00e4gg som missades under inspektionen. Detta \u00e4r inte alltid n\u00f6dv\u00e4ndigt om madrassens utsida \u00e4r intakt, men om det finns n\u00e5gra h\u00e5l i madrassens utsida som kan g\u00f6ra det m\u00f6jligt f\u00f6r v\u00e4ggl\u00f6ss att komma in, \u00e4r ett madrassomslag ett bra alternativ till att g\u00f6ra sig av med madrassen helt och h\u00e5llet.<\/p>\n\n\n\n<p><strong>Inspektera s\u00e4ngunderlaget\/ramen<\/strong><strong><\/strong><\/p>\n\n\n\n<p><strong>Ram s\u00e4ngar - <\/strong>Om m\u00f6jligt, ta bort s\u00e4ngens lameller och inspektera dem noggrant. S\u00e4ngsl\u00e5arnas \u00e4ndar, s\u00e4rskilt vid s\u00e4ngens huvud\u00e4nda, brukar vara en fristad f\u00f6r s\u00e4ngbaggar.<strong><\/strong><\/p>\n\n\n\n<p>Vissa s\u00e4ngar kan l\u00e4tt demonteras, vilket g\u00f6r det l\u00e4tt att inspektera skarvar och skruvh\u00e5l d\u00e4r v\u00e4ggl\u00f6ss brukar g\u00f6mma sig.<\/p>\n\n\n\n<p>Kiselmassa kan anv\u00e4ndas f\u00f6r att fylla fogar och h\u00e5l. Detta kan leda till att vissa insekter fastnar i fogarna. S\u00e5 l\u00e4nge t\u00e4tningen \u00e4r tillr\u00e4ckligt noggrann kommer insekterna att fastna och d\u00f6 s\u00e5 sm\u00e5ningom.<\/p>\n\n\n\n<p><strong>Divan\/s\u00e4ngar med boxram - <\/strong>Om det finns en s\u00e4nggavel som \u00e4r fastskruvad p\u00e5 s\u00e4ngen ska du ta bort den och inspektera s\u00e4nggaveln separat.<strong><\/strong><\/p>\n\n\n\n<p>S\u00e4ngar med otillg\u00e4ngliga h\u00e5lrum \u00e4r s\u00e4rskilt sv\u00e5ra att inspektera. Bedbugs lyckas ofta kl\u00e4mma sig in i dem. I den h\u00e4r situationen \u00e4r det oftast b\u00e4st att installera en b\u00e4ddk\u00e5pa. Det \u00e4r n\u00f6dv\u00e4ndigt att ta bort rullarna eller f\u00f6tterna fr\u00e5n s\u00e4ngunderlaget, installera inkapslingen och sedan s\u00e4tta tillbaka rullarna p\u00e5 utsidan av inkapslingen. Detta kan kr\u00e4va att man g\u00f6r sm\u00e5 snitt i h\u00f6ljet f\u00f6r att f\u00e5 tillg\u00e5ng till f\u00e4sth\u00e5len.<\/p>\n\n\n\n<p><strong>Torkmedel - <\/strong>Desiccant dusts are white or off-white, very finely ground silica. The natural form is called diatomaceous earth and the synthetic equivalent is called silica dioxide (e.g. CimeXa or ChinChex). Both can be effective for bed bug control if used correctly. They are relatively safe to use, although care should be taken not to inhale the dust, which can become airborne quite easily.<\/p>\n\n\n\n<p>Sorkmedel \u00e4r bra f\u00f6r att behandla sprickor och klyftor i s\u00e4ngkonstruktionen. De ger ett varaktigt skydd mot \u00e5terangrepp och \u00e4r s\u00e4rskilt effektiva mot sm\u00e5 nymfer, som sannolikt missas vid en inspektion. Sorptionsmedel kan appliceras med en specialtillverkad applikator eller med en mjuk f\u00e4rg- eller sminkborste.<\/p>\n\n\n\n<p><strong>G\u00f6r s\u00e4ngen till en \u00f6<\/strong><strong><\/strong><\/p>\n\n\n\n<p>Det sista steget \u00e4r att isolera s\u00e4ngen fr\u00e5n resten av rummet. Det finns flera anordningar tillg\u00e4ngliga p\u00e5 Internet (t.ex. ClimbUp Insect Interceptor). S\u00e4ngbaggar har mycket sv\u00e5rt att g\u00e5 \u00f6ver blanka ytor, vilket inneb\u00e4r att alla insekter som f\u00f6rs\u00f6ker kl\u00e4ttra upp p\u00e5 s\u00e4ngen via benen kommer att falla ner i sk\u00e5len och f\u00e5ngas in. F\u00f6r att detta tillv\u00e4gag\u00e5ngss\u00e4tt ska vara effektivt \u00e4r det viktigt att s\u00e4ngen dras en bit bort fr\u00e5n v\u00e4ggen och att inga s\u00e4ngkl\u00e4der f\u00e5r r\u00f6ra golvet. P\u00e5 s\u00e5 s\u00e4tt f\u00f6rvandlas s\u00e4ngen effektivt till en gigantisk s\u00e4ngbaggef\u00e4lla. Eventuella bortsprungna insekter som missats eller som g\u00f6mmer sig utanf\u00f6r s\u00e4ngen kommer att lockas tillbaka till s\u00e4ngen av CO<sub>2<\/sub>&nbsp;och kroppsv\u00e4rme s\u00e5 snart den \u00e4r upptagen igen.<\/p>\n\n\n\n<p>Om s\u00e4ngbaggar inte kan \u00e4ta sig m\u00e4tta kan de inte f\u00f6r\u00f6ka sig. S\u00e5 \u00e4ven om det finns vilsna insekter n\u00e5gonstans i fastigheten kan de inte etablera ett angrepp utan regelbunden tillg\u00e5ng till en blodk\u00e4lla. Med tiden tenderar de herrel\u00f6sa insekterna att vandra till sovutrymmena, s\u00e5 l\u00e4nge alla s\u00e4ngar som anv\u00e4nds \u00e4r utrustade med s\u00e4ngisoleringssystem kommer insekterna antingen att f\u00e5ngas in eller (s\u00e5 sm\u00e5ningom) d\u00f6 av sv\u00e4lt. Att isolera s\u00e4ngen p\u00e5 detta s\u00e4tt \u00e4r det b\u00e4sta alternativet f\u00f6r personer som bor i flerbostadshus, d\u00e4r det \u00e4r troligt med \u00e5terinfektion fr\u00e5n angr\u00e4nsande rum eller l\u00e4genheter.<\/p>\n\n\n\n<p>S\u00e4ngisoleringsanordningar tenderar att bli ineffektiva n\u00e4r de samlar in f\u00f6r mycket damm och skr\u00e4p fr\u00e5n rummet, vilket g\u00f6r att insekterna kan kl\u00e4ttra ut. Det \u00e4r d\u00e4rf\u00f6r viktigt att reng\u00f6ra s\u00e4ngisoleringsanordningarna med n\u00e5gra veckors mellanrum och att ge dem en l\u00e4tt dammning av talkpulver eller torkmedel.<\/p>\n\n\n\n<p class=\"has-text-align-center\"><a href=\"https:\/\/www.bedbugfoundation.org\/sv\/self-help\/step-2\/\">F\u00f6reg\u00e5ende<\/a><\/p>","protected":false},"excerpt":{"rendered":"<p>Bed bugs always prefer to hide in clusters, somewhere close to the feeding site. They look for hard cracks and crevices in sheltered locations, usually in and around the bed structure. Their hiding places tend to be heavily soiled with &hellip; <a href=\"https:\/\/www.bedbugfoundation.org\/sv\/self-help\/step-3\/\">Forts\u00e4tt l\u00e4sa <span class=\"meta-nav\">\u2192<\/span><\/a><\/p>","protected":false},"author":1,"featured_media":0,"parent":2285,"menu_order":2,"comment_status":"closed","ping_status":"closed","template":"","meta":{"_bbp_topic_count":0,"_bbp_reply_count":0,"_bbp_total_topic_count":0,"_bbp_total_reply_count":0,"_bbp_voice_count":0,"_bbp_anonymous_reply_count":0,"_bbp_topic_count_hidden":0,"_bbp_reply_count_hidden":0,"_bbp_forum_subforum_count":0,"footnotes":""},"class_list":["post-2308","page","type-page","status-publish","hentry"],"yoast_head":"<!-- This site is optimized with the Yoast SEO plugin v27.4 - https:\/\/yoast.com\/product\/yoast-seo-wordpress\/ -->\n<title>Step 3: Self-help advice for bed bug control - Bed Bug Foundation<\/title>\n<meta name=\"robots\" content=\"index, follow, max-snippet:-1, max-image-preview:large, max-video-preview:-1\" \/>\n<link rel=\"canonical\" href=\"https:\/\/www.bedbugfoundation.org\/sv\/self-help\/step-3\/\" \/>\n<meta property=\"og:locale\" content=\"sv_SE\" \/>\n<meta property=\"og:type\" content=\"article\" \/>\n<meta property=\"og:title\" content=\"Step 3: Self-help advice for bed bug control - Bed Bug Foundation\" \/>\n<meta property=\"og:description\" content=\"Bed bugs always prefer to hide in clusters, somewhere close to the feeding site. They look for hard cracks and crevices in sheltered locations, usually in and around the bed structure. Their hiding places tend to be heavily soiled with &hellip; Forts\u00e4tt l\u00e4sa &rarr;\" \/>\n<meta property=\"og:url\" content=\"https:\/\/www.bedbugfoundation.org\/sv\/self-help\/step-3\/\" \/>\n<meta property=\"og:site_name\" content=\"Bed Bug Foundation\" \/>\n<meta property=\"article:modified_time\" content=\"2026-02-24T11:03:17+00:00\" \/>\n<meta property=\"og:image\" content=\"https:\/\/www.bedbugfoundation.org\/wp-content\/uploads\/2019\/02\/SH7W6211.jpg\" \/>\n\t<meta property=\"og:image:width\" content=\"1500\" \/>\n\t<meta property=\"og:image:height\" content=\"1000\" \/>\n\t<meta property=\"og:image:type\" content=\"image\/jpeg\" \/>\n<meta name=\"twitter:card\" content=\"summary_large_image\" \/>\n<meta name=\"twitter:label1\" content=\"Ber\u00e4knad l\u00e4stid\" \/>\n\t<meta name=\"twitter:data1\" content=\"6 minuter\" \/>\n<script type=\"application\/ld+json\" class=\"yoast-schema-graph\">{\"@context\":\"https:\\\/\\\/schema.org\",\"@graph\":[{\"@type\":\"WebPage\",\"@id\":\"https:\\\/\\\/www.bedbugfoundation.org\\\/self-help\\\/step-3\\\/\",\"url\":\"https:\\\/\\\/www.bedbugfoundation.org\\\/self-help\\\/step-3\\\/\",\"name\":\"Step 3: Self-help advice for bed bug control - Bed Bug Foundation\",\"isPartOf\":{\"@id\":\"https:\\\/\\\/www.bedbugfoundation.org\\\/#website\"},\"primaryImageOfPage\":{\"@id\":\"https:\\\/\\\/www.bedbugfoundation.org\\\/self-help\\\/step-3\\\/#primaryimage\"},\"image\":{\"@id\":\"https:\\\/\\\/www.bedbugfoundation.org\\\/self-help\\\/step-3\\\/#primaryimage\"},\"thumbnailUrl\":\"https:\\\/\\\/www.bedbugfoundation.org\\\/wp-content\\\/uploads\\\/2019\\\/02\\\/SH7W6211-1024x683.jpg\",\"datePublished\":\"2019-08-27T12:16:57+00:00\",\"dateModified\":\"2026-02-24T11:03:17+00:00\",\"breadcrumb\":{\"@id\":\"https:\\\/\\\/www.bedbugfoundation.org\\\/self-help\\\/step-3\\\/#breadcrumb\"},\"inLanguage\":\"sv-SE\",\"potentialAction\":[{\"@type\":\"ReadAction\",\"target\":[\"https:\\\/\\\/www.bedbugfoundation.org\\\/self-help\\\/step-3\\\/\"]}]},{\"@type\":\"ImageObject\",\"inLanguage\":\"sv-SE\",\"@id\":\"https:\\\/\\\/www.bedbugfoundation.org\\\/self-help\\\/step-3\\\/#primaryimage\",\"url\":\"https:\\\/\\\/www.bedbugfoundation.org\\\/wp-content\\\/uploads\\\/2019\\\/02\\\/SH7W6211-1024x683.jpg\",\"contentUrl\":\"https:\\\/\\\/www.bedbugfoundation.org\\\/wp-content\\\/uploads\\\/2019\\\/02\\\/SH7W6211-1024x683.jpg\"},{\"@type\":\"BreadcrumbList\",\"@id\":\"https:\\\/\\\/www.bedbugfoundation.org\\\/self-help\\\/step-3\\\/#breadcrumb\",\"itemListElement\":[{\"@type\":\"ListItem\",\"position\":1,\"name\":\"Home\",\"item\":\"https:\\\/\\\/www.bedbugfoundation.org\\\/\"},{\"@type\":\"ListItem\",\"position\":2,\"name\":\"Help! I think I have bed bugs!\",\"item\":\"https:\\\/\\\/www.bedbugfoundation.org\\\/self-help\\\/\"},{\"@type\":\"ListItem\",\"position\":3,\"name\":\"Step 3: Self-help advice for bed bug control\"}]},{\"@type\":\"WebSite\",\"@id\":\"https:\\\/\\\/www.bedbugfoundation.org\\\/#website\",\"url\":\"https:\\\/\\\/www.bedbugfoundation.org\\\/\",\"name\":\"Bed Bug Foundation\",\"description\":\"Home of the European Code of Practice for Bed Bug Management\",\"potentialAction\":[{\"@type\":\"SearchAction\",\"target\":{\"@type\":\"EntryPoint\",\"urlTemplate\":\"https:\\\/\\\/www.bedbugfoundation.org\\\/?s={search_term_string}\"},\"query-input\":{\"@type\":\"PropertyValueSpecification\",\"valueRequired\":true,\"valueName\":\"search_term_string\"}}],\"inLanguage\":\"sv-SE\"}]}<\/script>\n<!-- \/ Yoast SEO plugin. -->","yoast_head_json":{"title":"Steg 3: Sj\u00e4lvhj\u00e4lpsr\u00e5d f\u00f6r bek\u00e4mpning av v\u00e4ggl\u00f6ss - Bed Bug Foundation","robots":{"index":"index","follow":"follow","max-snippet":"max-snippet:-1","max-image-preview":"max-image-preview:large","max-video-preview":"max-video-preview:-1"},"canonical":"https:\/\/www.bedbugfoundation.org\/sv\/self-help\/step-3\/","og_locale":"sv_SE","og_type":"article","og_title":"Step 3: Self-help advice for bed bug control - Bed Bug Foundation","og_description":"Bed bugs always prefer to hide in clusters, somewhere close to the feeding site. They look for hard cracks and crevices in sheltered locations, usually in and around the bed structure. Their hiding places tend to be heavily soiled with &hellip; Forts\u00e4tt l\u00e4sa &rarr;","og_url":"https:\/\/www.bedbugfoundation.org\/sv\/self-help\/step-3\/","og_site_name":"Bed Bug Foundation","article_modified_time":"2026-02-24T11:03:17+00:00","og_image":[{"width":1500,"height":1000,"url":"https:\/\/www.bedbugfoundation.org\/wp-content\/uploads\/2019\/02\/SH7W6211.jpg","type":"image\/jpeg"}],"twitter_card":"summary_large_image","twitter_misc":{"Ber\u00e4knad l\u00e4stid":"6 minuter"},"schema":{"@context":"https:\/\/schema.org","@graph":[{"@type":"WebPage","@id":"https:\/\/www.bedbugfoundation.org\/self-help\/step-3\/","url":"https:\/\/www.bedbugfoundation.org\/self-help\/step-3\/","name":"Steg 3: Sj\u00e4lvhj\u00e4lpsr\u00e5d f\u00f6r bek\u00e4mpning av v\u00e4ggl\u00f6ss - Bed Bug Foundation","isPartOf":{"@id":"https:\/\/www.bedbugfoundation.org\/#website"},"primaryImageOfPage":{"@id":"https:\/\/www.bedbugfoundation.org\/self-help\/step-3\/#primaryimage"},"image":{"@id":"https:\/\/www.bedbugfoundation.org\/self-help\/step-3\/#primaryimage"},"thumbnailUrl":"https:\/\/www.bedbugfoundation.org\/wp-content\/uploads\/2019\/02\/SH7W6211-1024x683.jpg","datePublished":"2019-08-27T12:16:57+00:00","dateModified":"2026-02-24T11:03:17+00:00","breadcrumb":{"@id":"https:\/\/www.bedbugfoundation.org\/self-help\/step-3\/#breadcrumb"},"inLanguage":"sv-SE","potentialAction":[{"@type":"ReadAction","target":["https:\/\/www.bedbugfoundation.org\/self-help\/step-3\/"]}]},{"@type":"ImageObject","inLanguage":"sv-SE","@id":"https:\/\/www.bedbugfoundation.org\/self-help\/step-3\/#primaryimage","url":"https:\/\/www.bedbugfoundation.org\/wp-content\/uploads\/2019\/02\/SH7W6211-1024x683.jpg","contentUrl":"https:\/\/www.bedbugfoundation.org\/wp-content\/uploads\/2019\/02\/SH7W6211-1024x683.jpg"},{"@type":"BreadcrumbList","@id":"https:\/\/www.bedbugfoundation.org\/self-help\/step-3\/#breadcrumb","itemListElement":[{"@type":"ListItem","position":1,"name":"Home","item":"https:\/\/www.bedbugfoundation.org\/"},{"@type":"ListItem","position":2,"name":"Help! I think I have bed bugs!","item":"https:\/\/www.bedbugfoundation.org\/self-help\/"},{"@type":"ListItem","position":3,"name":"Step 3: Self-help advice for bed bug control"}]},{"@type":"WebSite","@id":"https:\/\/www.bedbugfoundation.org\/#website","url":"https:\/\/www.bedbugfoundation.org\/","name":"Stiftelsen f\u00f6r s\u00e4ngbaggar","description":"Hem f\u00f6r den europeiska koden f\u00f6r hantering av s\u00e4nginfektioner","potentialAction":[{"@type":"SearchAction","target":{"@type":"EntryPoint","urlTemplate":"https:\/\/www.bedbugfoundation.org\/?s={search_term_string}"},"query-input":{"@type":"PropertyValueSpecification","valueRequired":true,"valueName":"search_term_string"}}],"inLanguage":"sv-SE"}]}},"_links":{"self":[{"href":"https:\/\/www.bedbugfoundation.org\/sv\/wp-json\/wp\/v2\/pages\/2308","targetHints":{"allow":["GET"]}}],"collection":[{"href":"https:\/\/www.bedbugfoundation.org\/sv\/wp-json\/wp\/v2\/pages"}],"about":[{"href":"https:\/\/www.bedbugfoundation.org\/sv\/wp-json\/wp\/v2\/types\/page"}],"author":[{"embeddable":true,"href":"https:\/\/www.bedbugfoundation.org\/sv\/wp-json\/wp\/v2\/users\/1"}],"replies":[{"embeddable":true,"href":"https:\/\/www.bedbugfoundation.org\/sv\/wp-json\/wp\/v2\/comments?post=2308"}],"version-history":[{"count":14,"href":"https:\/\/www.bedbugfoundation.org\/sv\/wp-json\/wp\/v2\/pages\/2308\/revisions"}],"predecessor-version":[{"id":10644,"href":"https:\/\/www.bedbugfoundation.org\/sv\/wp-json\/wp\/v2\/pages\/2308\/revisions\/10644"}],"up":[{"embeddable":true,"href":"https:\/\/www.bedbugfoundation.org\/sv\/wp-json\/wp\/v2\/pages\/2285"}],"wp:attachment":[{"href":"https:\/\/www.bedbugfoundation.org\/sv\/wp-json\/wp\/v2\/media?parent=2308"}],"curies":[{"name":"wp","href":"https:\/\/api.w.org\/{rel}","templated":true}]}}