{"id":2312,"date":"2019-08-27T13:49:19","date_gmt":"2019-08-27T12:49:19","guid":{"rendered":"https:\/\/www.bedbugfoundation.org\/?page_id=2312"},"modified":"2019-08-27T13:49:20","modified_gmt":"2019-08-27T12:49:20","slug":"step-4-choosing-a-professional","status":"publish","type":"page","link":"https:\/\/www.bedbugfoundation.org\/sv\/step-4-choosing-a-professional\/","title":{"rendered":"Steg 4: Att v\u00e4lja en yrkesman"},"content":{"rendered":"<p>Be om en offert<\/p>\n\n\n\n<p>Fr\u00e5ga vad du \u00e4r skyldig att g\u00f6ra<\/p>\n\n\n\n<p>Fr\u00e5ga vilka garantier de erbjuder och vilka villkor de har.<\/p>\n\n\n\n<p>Om det inte har varit m\u00f6jligt att hitta n\u00e5gra avg\u00f6rande bevis f\u00f6r ett angrepp innan du ringer skadedjursbek\u00e4mparen, se till att skadedjursbek\u00e4mparen g\u00f6r en inspektion innan han\/hon behandlar och visar dig de bevis som han\/hon har hittat. Samla helst in prover och beh\u00e5ll dem.<\/p>\n\n\n\n<p>Skadedjursbek\u00e4mpningsf\u00f6retag som anv\u00e4nder \u00e5nga brukar vara bra eftersom...<\/p>\n\n\n\n<p><a href=\"https:\/\/www.bedbugfoundation.org\/sv\/step-3-self-help-advice-for-bed-bug-control\/\">F\u00f6reg\u00e5ende<\/a>\u00a0\/\u00a0<a href=\"https:\/\/www.bedbugfoundation.org\/sv\/help-i-think-i-have-bed-bugs\/\">Hem<\/a> <\/p>","protected":false},"excerpt":{"rendered":"<p>Ask for a quote Ask what you are required to do Ask what guarantees they offer and their terms If it has not been possible to find conclusive evidence of an infestation prior to calling the pest controller, make sure &hellip; <a href=\"https:\/\/www.bedbugfoundation.org\/sv\/step-4-choosing-a-professional\/\">Forts\u00e4tt l\u00e4sa <span class=\"meta-nav\">\u2192<\/span><\/a><\/p>","protected":false},"author":1,"featured_media":0,"parent":0,"menu_order":0,"comment_status":"closed","ping_status":"closed","template":"","meta":{"_bbp_topic_count":0,"_bbp_reply_count":0,"_bbp_total_topic_count":0,"_bbp_total_reply_count":0,"_bbp_voice_count":0,"_bbp_anonymous_reply_count":0,"_bbp_topic_count_hidden":0,"_bbp_reply_count_hidden":0,"_bbp_forum_subforum_count":0,"footnotes":""},"class_list":["post-2312","page","type-page","status-publish","hentry"],"yoast_head":"<!-- This site is optimized with the Yoast SEO plugin v27.5 - https:\/\/yoast.com\/product\/yoast-seo-wordpress\/ -->\n<title>Step 4: Choosing a professional - Bed Bug Foundation<\/title>\n<meta name=\"robots\" content=\"index, follow, max-snippet:-1, max-image-preview:large, max-video-preview:-1\" \/>\n<link rel=\"canonical\" href=\"https:\/\/www.bedbugfoundation.org\/sv\/step-4-choosing-a-professional\/\" \/>\n<meta property=\"og:locale\" content=\"sv_SE\" \/>\n<meta property=\"og:type\" content=\"article\" \/>\n<meta property=\"og:title\" content=\"Step 4: Choosing a professional - Bed Bug Foundation\" \/>\n<meta property=\"og:description\" content=\"Ask for a quote Ask what you are required to do Ask what guarantees they offer and their terms If it has not been possible to find conclusive evidence of an infestation prior to calling the pest controller, make sure &hellip; Forts\u00e4tt l\u00e4sa &rarr;\" \/>\n<meta property=\"og:url\" content=\"https:\/\/www.bedbugfoundation.org\/sv\/step-4-choosing-a-professional\/\" \/>\n<meta property=\"og:site_name\" content=\"Bed Bug Foundation\" \/>\n<meta property=\"article:modified_time\" content=\"2019-08-27T12:49:20+00:00\" \/>\n<meta name=\"twitter:card\" content=\"summary_large_image\" \/>\n<script type=\"application\/ld+json\" class=\"yoast-schema-graph\">{\"@context\":\"https:\\\/\\\/schema.org\",\"@graph\":[{\"@type\":\"WebPage\",\"@id\":\"https:\\\/\\\/www.bedbugfoundation.org\\\/de\\\/step-4-choosing-a-professional\\\/\",\"url\":\"https:\\\/\\\/www.bedbugfoundation.org\\\/de\\\/step-4-choosing-a-professional\\\/\",\"name\":\"Step 4: Choosing a professional - Bed Bug Foundation\",\"isPartOf\":{\"@id\":\"https:\\\/\\\/www.bedbugfoundation.org\\\/#website\"},\"datePublished\":\"2019-08-27T12:49:19+00:00\",\"dateModified\":\"2019-08-27T12:49:20+00:00\",\"breadcrumb\":{\"@id\":\"https:\\\/\\\/www.bedbugfoundation.org\\\/de\\\/step-4-choosing-a-professional\\\/#breadcrumb\"},\"inLanguage\":\"sv-SE\",\"potentialAction\":[{\"@type\":\"ReadAction\",\"target\":[\"https:\\\/\\\/www.bedbugfoundation.org\\\/de\\\/step-4-choosing-a-professional\\\/\"]}]},{\"@type\":\"BreadcrumbList\",\"@id\":\"https:\\\/\\\/www.bedbugfoundation.org\\\/de\\\/step-4-choosing-a-professional\\\/#breadcrumb\",\"itemListElement\":[{\"@type\":\"ListItem\",\"position\":1,\"name\":\"Home\",\"item\":\"https:\\\/\\\/www.bedbugfoundation.org\\\/\"},{\"@type\":\"ListItem\",\"position\":2,\"name\":\"Step 4: Choosing a professional\"}]},{\"@type\":\"WebSite\",\"@id\":\"https:\\\/\\\/www.bedbugfoundation.org\\\/#website\",\"url\":\"https:\\\/\\\/www.bedbugfoundation.org\\\/\",\"name\":\"Bed Bug Foundation\",\"description\":\"Home of the European Code of Practice for Bed Bug Management\",\"potentialAction\":[{\"@type\":\"SearchAction\",\"target\":{\"@type\":\"EntryPoint\",\"urlTemplate\":\"https:\\\/\\\/www.bedbugfoundation.org\\\/?s={search_term_string}\"},\"query-input\":{\"@type\":\"PropertyValueSpecification\",\"valueRequired\":true,\"valueName\":\"search_term_string\"}}],\"inLanguage\":\"sv-SE\"}]}<\/script>\n<!-- \/ Yoast SEO plugin. -->","yoast_head_json":{"title":"Step 4: Choosing a professional - Bed Bug Foundation","robots":{"index":"index","follow":"follow","max-snippet":"max-snippet:-1","max-image-preview":"max-image-preview:large","max-video-preview":"max-video-preview:-1"},"canonical":"https:\/\/www.bedbugfoundation.org\/sv\/step-4-choosing-a-professional\/","og_locale":"sv_SE","og_type":"article","og_title":"Step 4: Choosing a professional - Bed Bug Foundation","og_description":"Ask for a quote Ask what you are required to do Ask what guarantees they offer and their terms If it has not been possible to find conclusive evidence of an infestation prior to calling the pest controller, make sure &hellip; Forts\u00e4tt l\u00e4sa &rarr;","og_url":"https:\/\/www.bedbugfoundation.org\/sv\/step-4-choosing-a-professional\/","og_site_name":"Bed Bug Foundation","article_modified_time":"2019-08-27T12:49:20+00:00","twitter_card":"summary_large_image","schema":{"@context":"https:\/\/schema.org","@graph":[{"@type":"WebPage","@id":"https:\/\/www.bedbugfoundation.org\/de\/step-4-choosing-a-professional\/","url":"https:\/\/www.bedbugfoundation.org\/de\/step-4-choosing-a-professional\/","name":"Step 4: Choosing a professional - Bed Bug Foundation","isPartOf":{"@id":"https:\/\/www.bedbugfoundation.org\/#website"},"datePublished":"2019-08-27T12:49:19+00:00","dateModified":"2019-08-27T12:49:20+00:00","breadcrumb":{"@id":"https:\/\/www.bedbugfoundation.org\/de\/step-4-choosing-a-professional\/#breadcrumb"},"inLanguage":"sv-SE","potentialAction":[{"@type":"ReadAction","target":["https:\/\/www.bedbugfoundation.org\/de\/step-4-choosing-a-professional\/"]}]},{"@type":"BreadcrumbList","@id":"https:\/\/www.bedbugfoundation.org\/de\/step-4-choosing-a-professional\/#breadcrumb","itemListElement":[{"@type":"ListItem","position":1,"name":"Home","item":"https:\/\/www.bedbugfoundation.org\/"},{"@type":"ListItem","position":2,"name":"Step 4: Choosing a professional"}]},{"@type":"WebSite","@id":"https:\/\/www.bedbugfoundation.org\/#website","url":"https:\/\/www.bedbugfoundation.org\/","name":"Stiftelsen f\u00f6r s\u00e4ngbaggar","description":"Hem f\u00f6r den europeiska koden f\u00f6r hantering av s\u00e4nginfektioner","potentialAction":[{"@type":"SearchAction","target":{"@type":"EntryPoint","urlTemplate":"https:\/\/www.bedbugfoundation.org\/?s={search_term_string}"},"query-input":{"@type":"PropertyValueSpecification","valueRequired":true,"valueName":"search_term_string"}}],"inLanguage":"sv-SE"}]}},"_links":{"self":[{"href":"https:\/\/www.bedbugfoundation.org\/sv\/wp-json\/wp\/v2\/pages\/2312","targetHints":{"allow":["GET"]}}],"collection":[{"href":"https:\/\/www.bedbugfoundation.org\/sv\/wp-json\/wp\/v2\/pages"}],"about":[{"href":"https:\/\/www.bedbugfoundation.org\/sv\/wp-json\/wp\/v2\/types\/page"}],"author":[{"embeddable":true,"href":"https:\/\/www.bedbugfoundation.org\/sv\/wp-json\/wp\/v2\/users\/1"}],"replies":[{"embeddable":true,"href":"https:\/\/www.bedbugfoundation.org\/sv\/wp-json\/wp\/v2\/comments?post=2312"}],"version-history":[{"count":1,"href":"https:\/\/www.bedbugfoundation.org\/sv\/wp-json\/wp\/v2\/pages\/2312\/revisions"}],"predecessor-version":[{"id":2313,"href":"https:\/\/www.bedbugfoundation.org\/sv\/wp-json\/wp\/v2\/pages\/2312\/revisions\/2313"}],"wp:attachment":[{"href":"https:\/\/www.bedbugfoundation.org\/sv\/wp-json\/wp\/v2\/media?parent=2312"}],"curies":[{"name":"wp","href":"https:\/\/api.w.org\/{rel}","templated":true}]}}