{"id":3176,"date":"2019-10-30T18:20:34","date_gmt":"2019-10-30T18:20:34","guid":{"rendered":"https:\/\/www.bedbugfoundation.org\/?page_id=3176"},"modified":"2026-04-23T10:20:02","modified_gmt":"2026-04-23T09:20:02","slug":"dog-trainers-handlers","status":"publish","type":"page","link":"https:\/\/www.bedbugfoundation.org\/sv\/dog-trainers-handlers\/","title":{"rendered":"Hundtr\u00e4nare och hundf\u00f6rare"},"content":{"rendered":"<p>Bed Bug Foundation certifierar hundar f\u00f6r uppt\u00e4ckt av doft av v\u00e4ggl\u00f6ss i Europa. M\u00e5let med programmet \u00e4r att fr\u00e4mja h\u00f6ga standarder f\u00f6r uppt\u00e4ckt av s\u00e4ngbakterier och d\u00e4rmed h\u00f6ja branschens profil.<\/p>\n\n\n\n<p>BBF samarbetar med godk\u00e4nda utbildningsskolor och ett team av bed\u00f6mare som utbildar och certifierar hundar f\u00f6r att uppt\u00e4cka doft av insekter enligt en \u00f6verenskommen standard.<\/p>\n\n\n\n<p>Du hittar v\u00e5ra anslutna utbildningsskolor <a href=\"https:\/\/www.bedbugfoundation.org\/sv\/bbf-approved-training-schools\/\">&gt;&gt;h\u00e4r&lt;&lt;<\/a><\/p>\n\n\n\n<p>Du kan l\u00e4sa om v\u00e5r certifieringsprocess <a href=\"https:\/\/www.bedbugfoundation.org\/sv\/certification-process-rules-requirements\/\">&gt;&gt;h\u00e4r&lt;&lt;<\/a><\/p>\n\n\n\n<p>Om du \u00e4r intresserad av att certifiera dig med BBF, kan du \u00f6verv\u00e4ga att bli en <a href=\"https:\/\/www.bedbugfoundation.org\/sv\/membership-join\/\">Ledamot<\/a>. Medlemskapet kostar 35 euro och ger dig tillg\u00e5ng till v\u00e5rt medlemsomr\u00e5de, d\u00e4r du kan registrera dig i v\u00e5r databas \u00f6ver lag och se information om alla kommande certifieringar.<\/p>\n\n\n\n<p>Vi letar alltid efter m\u00f6jligheter att ut\u00f6ka v\u00e5rt n\u00e4tverk av anslutna skolor. Om du \u00e4r intresserad av att ans\u00f6ka om att bli en ansluten utbildningsskola, v\u00e4nligen kontakta <a href=\"mailto:larry@bedbugfoundation.org\">Larry Hansen<\/a> som g\u00e4rna diskuterar detta med dig.<\/p>","protected":false},"excerpt":{"rendered":"<p>Bed Bug Foundation certifierar hundar f\u00f6r uppt\u00e4ckt av doft av s\u00e4ngbaggar i Europa. M\u00e5let med programmet \u00e4r att fr\u00e4mja h\u00f6ga standarder f\u00f6r uppt\u00e4ckt av s\u00e4ngbakterier och d\u00e4rmed h\u00f6ja branschens profil. BBF samarbetar med godk\u00e4nda utbildningsskolor ... <a href=\"https:\/\/www.bedbugfoundation.org\/sv\/dog-trainers-handlers\/\">Forts\u00e4tt l\u00e4sa <span class=\"meta-nav\">\u2192<\/span><\/a><\/p>","protected":false},"author":1,"featured_media":0,"parent":0,"menu_order":0,"comment_status":"closed","ping_status":"closed","template":"","meta":{"_bbp_topic_count":0,"_bbp_reply_count":0,"_bbp_total_topic_count":0,"_bbp_total_reply_count":0,"_bbp_voice_count":0,"_bbp_anonymous_reply_count":0,"_bbp_topic_count_hidden":0,"_bbp_reply_count_hidden":0,"_bbp_forum_subforum_count":0,"footnotes":""},"class_list":["post-3176","page","type-page","status-publish","hentry"],"yoast_head":"<!-- This site is optimized with the Yoast SEO plugin v27.5 - https:\/\/yoast.com\/product\/yoast-seo-wordpress\/ -->\n<title>Dog Trainers &amp; Handlers - Bed Bug Foundation<\/title>\n<meta name=\"robots\" content=\"index, follow, max-snippet:-1, max-image-preview:large, max-video-preview:-1\" \/>\n<link rel=\"canonical\" href=\"https:\/\/www.bedbugfoundation.org\/sv\/dog-trainers-handlers\/\" \/>\n<meta property=\"og:locale\" content=\"sv_SE\" \/>\n<meta property=\"og:type\" content=\"article\" \/>\n<meta property=\"og:title\" content=\"Dog Trainers &amp; Handlers - Bed Bug Foundation\" \/>\n<meta property=\"og:description\" content=\"The Bed Bug Foundation certifies bed bug scent detection dogs in Europe. The goal of this programme is promote high standards of bed bugs detection and thereby raise the profile of the industry. The BBF works with approved training schools &hellip; Forts\u00e4tt l\u00e4sa &rarr;\" \/>\n<meta property=\"og:url\" content=\"https:\/\/www.bedbugfoundation.org\/sv\/dog-trainers-handlers\/\" \/>\n<meta property=\"og:site_name\" content=\"Bed Bug Foundation\" \/>\n<meta property=\"article:modified_time\" content=\"2026-04-23T09:20:02+00:00\" \/>\n<meta name=\"twitter:card\" content=\"summary_large_image\" \/>\n<meta name=\"twitter:label1\" content=\"Ber\u00e4knad l\u00e4stid\" \/>\n\t<meta name=\"twitter:data1\" content=\"1 minut\" \/>\n<script type=\"application\/ld+json\" class=\"yoast-schema-graph\">{\"@context\":\"https:\\\/\\\/schema.org\",\"@graph\":[{\"@type\":\"WebPage\",\"@id\":\"https:\\\/\\\/www.bedbugfoundation.org\\\/dog-trainers-handlers\\\/\",\"url\":\"https:\\\/\\\/www.bedbugfoundation.org\\\/dog-trainers-handlers\\\/\",\"name\":\"Dog Trainers & Handlers - Bed Bug Foundation\",\"isPartOf\":{\"@id\":\"https:\\\/\\\/www.bedbugfoundation.org\\\/#website\"},\"datePublished\":\"2019-10-30T18:20:34+00:00\",\"dateModified\":\"2026-04-23T09:20:02+00:00\",\"breadcrumb\":{\"@id\":\"https:\\\/\\\/www.bedbugfoundation.org\\\/dog-trainers-handlers\\\/#breadcrumb\"},\"inLanguage\":\"sv-SE\",\"potentialAction\":[{\"@type\":\"ReadAction\",\"target\":[\"https:\\\/\\\/www.bedbugfoundation.org\\\/dog-trainers-handlers\\\/\"]}]},{\"@type\":\"BreadcrumbList\",\"@id\":\"https:\\\/\\\/www.bedbugfoundation.org\\\/dog-trainers-handlers\\\/#breadcrumb\",\"itemListElement\":[{\"@type\":\"ListItem\",\"position\":1,\"name\":\"Home\",\"item\":\"https:\\\/\\\/www.bedbugfoundation.org\\\/\"},{\"@type\":\"ListItem\",\"position\":2,\"name\":\"Dog Trainers &#038; Handlers\"}]},{\"@type\":\"WebSite\",\"@id\":\"https:\\\/\\\/www.bedbugfoundation.org\\\/#website\",\"url\":\"https:\\\/\\\/www.bedbugfoundation.org\\\/\",\"name\":\"Bed Bug Foundation\",\"description\":\"Home of the European Code of Practice for Bed Bug Management\",\"potentialAction\":[{\"@type\":\"SearchAction\",\"target\":{\"@type\":\"EntryPoint\",\"urlTemplate\":\"https:\\\/\\\/www.bedbugfoundation.org\\\/?s={search_term_string}\"},\"query-input\":{\"@type\":\"PropertyValueSpecification\",\"valueRequired\":true,\"valueName\":\"search_term_string\"}}],\"inLanguage\":\"sv-SE\"}]}<\/script>\n<!-- \/ Yoast SEO plugin. -->","yoast_head_json":{"title":"Hundtr\u00e4nare och hundf\u00f6rare - Bed Bug Foundation","robots":{"index":"index","follow":"follow","max-snippet":"max-snippet:-1","max-image-preview":"max-image-preview:large","max-video-preview":"max-video-preview:-1"},"canonical":"https:\/\/www.bedbugfoundation.org\/sv\/dog-trainers-handlers\/","og_locale":"sv_SE","og_type":"article","og_title":"Dog Trainers & Handlers - Bed Bug Foundation","og_description":"The Bed Bug Foundation certifies bed bug scent detection dogs in Europe. The goal of this programme is promote high standards of bed bugs detection and thereby raise the profile of the industry. The BBF works with approved training schools &hellip; Forts\u00e4tt l\u00e4sa &rarr;","og_url":"https:\/\/www.bedbugfoundation.org\/sv\/dog-trainers-handlers\/","og_site_name":"Bed Bug Foundation","article_modified_time":"2026-04-23T09:20:02+00:00","twitter_card":"summary_large_image","twitter_misc":{"Ber\u00e4knad l\u00e4stid":"1 minut"},"schema":{"@context":"https:\/\/schema.org","@graph":[{"@type":"WebPage","@id":"https:\/\/www.bedbugfoundation.org\/dog-trainers-handlers\/","url":"https:\/\/www.bedbugfoundation.org\/dog-trainers-handlers\/","name":"Hundtr\u00e4nare och hundf\u00f6rare - Bed Bug Foundation","isPartOf":{"@id":"https:\/\/www.bedbugfoundation.org\/#website"},"datePublished":"2019-10-30T18:20:34+00:00","dateModified":"2026-04-23T09:20:02+00:00","breadcrumb":{"@id":"https:\/\/www.bedbugfoundation.org\/dog-trainers-handlers\/#breadcrumb"},"inLanguage":"sv-SE","potentialAction":[{"@type":"ReadAction","target":["https:\/\/www.bedbugfoundation.org\/dog-trainers-handlers\/"]}]},{"@type":"BreadcrumbList","@id":"https:\/\/www.bedbugfoundation.org\/dog-trainers-handlers\/#breadcrumb","itemListElement":[{"@type":"ListItem","position":1,"name":"Home","item":"https:\/\/www.bedbugfoundation.org\/"},{"@type":"ListItem","position":2,"name":"Dog Trainers &#038; Handlers"}]},{"@type":"WebSite","@id":"https:\/\/www.bedbugfoundation.org\/#website","url":"https:\/\/www.bedbugfoundation.org\/","name":"Stiftelsen f\u00f6r s\u00e4ngbaggar","description":"Hem f\u00f6r den europeiska koden f\u00f6r hantering av s\u00e4nginfektioner","potentialAction":[{"@type":"SearchAction","target":{"@type":"EntryPoint","urlTemplate":"https:\/\/www.bedbugfoundation.org\/?s={search_term_string}"},"query-input":{"@type":"PropertyValueSpecification","valueRequired":true,"valueName":"search_term_string"}}],"inLanguage":"sv-SE"}]}},"_links":{"self":[{"href":"https:\/\/www.bedbugfoundation.org\/sv\/wp-json\/wp\/v2\/pages\/3176","targetHints":{"allow":["GET"]}}],"collection":[{"href":"https:\/\/www.bedbugfoundation.org\/sv\/wp-json\/wp\/v2\/pages"}],"about":[{"href":"https:\/\/www.bedbugfoundation.org\/sv\/wp-json\/wp\/v2\/types\/page"}],"author":[{"embeddable":true,"href":"https:\/\/www.bedbugfoundation.org\/sv\/wp-json\/wp\/v2\/users\/1"}],"replies":[{"embeddable":true,"href":"https:\/\/www.bedbugfoundation.org\/sv\/wp-json\/wp\/v2\/comments?post=3176"}],"version-history":[{"count":3,"href":"https:\/\/www.bedbugfoundation.org\/sv\/wp-json\/wp\/v2\/pages\/3176\/revisions"}],"predecessor-version":[{"id":10785,"href":"https:\/\/www.bedbugfoundation.org\/sv\/wp-json\/wp\/v2\/pages\/3176\/revisions\/10785"}],"wp:attachment":[{"href":"https:\/\/www.bedbugfoundation.org\/sv\/wp-json\/wp\/v2\/media?parent=3176"}],"curies":[{"name":"wp","href":"https:\/\/api.w.org\/{rel}","templated":true}]}}