{"id":7526,"date":"2020-09-30T11:27:09","date_gmt":"2020-09-30T10:27:09","guid":{"rendered":"https:\/\/www.bedbugfoundation.org\/?page_id=7526"},"modified":"2024-04-30T16:43:32","modified_gmt":"2024-04-30T15:43:32","slug":"help","status":"publish","type":"page","link":"https:\/\/www.bedbugfoundation.org\/sv\/help\/","title":{"rendered":"Hj\u00e4lp"},"content":{"rendered":"<p>F\u00f6r information om hur man blir ett certifierat doftdetekteringsteam f\u00f6ljer du den fullst\u00e4ndiga guiden som finns l\u00e4nkad h\u00e4r: <a href=\"https:\/\/www.bedbugfoundation.org\/sv\/help\/how-to-become-a-certified-team\/\">https:\/\/www.bedbugfoundation.org\/help\/how-to-become-a-certified-team\/<\/a><\/p>\n\n\n\n<div class=\"wp-block-buttons is-horizontal is-content-justification-center is-layout-flex wp-container-core-buttons-is-layout-499968f5 wp-block-buttons-is-layout-flex\">\n<div class=\"wp-block-button has-custom-font-size is-style-outline has-medium-font-size is-style-outline--1\"><a class=\"wp-block-button__link has-black-color has-text-color has-background wp-element-button\" href=\"https:\/\/www.bedbugfoundation.org\/sv\/help\/how-to-become-a-certified-team\/\" style=\"background-color:#3db8ff\">Hur man blir ett certifierat team<\/a><\/div>\n<\/div>\n\n\n\n<p class=\"has-text-align-center has-medium-font-size\"><strong><span style=\"text-decoration: underline;\">F\u00f6ljande \u00e4r endast avsett f\u00f6r bed\u00f6mare<\/span><\/strong><\/p>\n\n\n\n<p>F\u00f6r information om hur du anv\u00e4nder den h\u00e4r webbplatsen f\u00f6r att certifiera ett lag eller justera \u00f6vers\u00e4ttningar av webbsidor, f\u00f6lj dessa l\u00e4nkar:<\/p>\n\n\n\n<div class=\"wp-block-buttons is-horizontal is-content-justification-center is-layout-flex wp-container-core-buttons-is-layout-499968f5 wp-block-buttons-is-layout-flex\">\n<div class=\"wp-block-button is-style-outline is-style-outline--2\"><a class=\"wp-block-button__link has-background wp-element-button\" href=\"https:\/\/www.bedbugfoundation.org\/sv\/help\/how-to-certify-a-scent-detection-team-assessor\/\" style=\"background-color:#ffc933\">Hur certifierar man ett lag?<\/a><\/div>\n\n\n\n<div class=\"wp-block-button is-style-outline is-style-outline--3\"><a class=\"wp-block-button__link has-black-color has-text-color has-background has-link-color wp-element-button\" href=\"https:\/\/www.bedbugfoundation.org\/sv\/help\/how-to-edit-translations\/\" style=\"background-color:#ffc933\"> Hur man redigerar \u00f6vers\u00e4ttningar <\/a><\/div>\n<\/div>\n\n\n\n<p>For information about email creation and setup follow the link below:<\/p>\n\n\n\n<div class=\"wp-block-buttons is-horizontal is-content-justification-center is-layout-flex wp-container-core-buttons-is-layout-499968f5 wp-block-buttons-is-layout-flex\">\n<div class=\"wp-block-button is-style-outline is-style-outline--4\"><a class=\"wp-block-button__link has-black-color has-text-color has-background has-link-color wp-element-button\" href=\"https:\/\/www.bedbugfoundation.org\/sv\/help\/email-account-creation-and-setup\/\" style=\"background-color:#ffc933\">Email Creation and Setup<\/a><\/div>\n<\/div>\n\n\n\n<p>F\u00f6r information om hur du hanterar kommande certifieringsevenemang och hur du kopplar din digitala kalender till evenemangsdagboken kan du f\u00f6lja dessa l\u00e4nkar:<\/p>\n\n\n\n<div class=\"wp-block-buttons is-horizontal is-content-justification-center is-layout-flex wp-container-core-buttons-is-layout-499968f5 wp-block-buttons-is-layout-flex\">\n<div class=\"wp-block-button is-style-outline is-style-outline--5\"><a class=\"wp-block-button__link has-background wp-element-button\" href=\"https:\/\/www.bedbugfoundation.org\/sv\/help\/event-managment-explained\/\" style=\"background-color:#ffc933\">Hantering av evenemang<\/a><\/div>\n\n\n\n<div class=\"wp-block-button is-style-outline is-style-outline--6\"><a class=\"wp-block-button__link has-background wp-element-button\" href=\"https:\/\/www.bedbugfoundation.org\/sv\/help\/connect-to-the-event-calendar\/\" style=\"background-color:#ffc933\"> Anslut till evenemangskalendern <\/a><\/div>\n<\/div>\n\n\n\n<p class=\"has-text-align-center\">Om du har andra fr\u00e5gor eller problem \u00e4r du v\u00e4lkommen att skicka ett e-postmeddelande till oss p\u00e5 f\u00f6ljande adress <a href=\"\/sv\/help@bedbugfoundation.org\/\">help@bedbugfoundation.org<\/a>.<\/p>","protected":false},"excerpt":{"rendered":"<p>F\u00f6r information om hur man blir ett certifierat doftdetekteringsteam f\u00f6lj den totala l\u00e4nken h\u00e4r: https:\/\/www.bedbugfoundation.org\/help\/how-to-become-a-certified-team\/ F\u00f6ljande \u00e4r endast f\u00f6r bed\u00f6mare F\u00f6r information om hur du anv\u00e4nder den h\u00e4r webbplatsen f\u00f6r att certifiera ett team eller justera webbplatsens sid\u00f6vers\u00e4ttningar ... <a href=\"https:\/\/www.bedbugfoundation.org\/sv\/help\/\">Forts\u00e4tt l\u00e4sa <span class=\"meta-nav\">\u2192<\/span><\/a><\/p>","protected":false},"author":195,"featured_media":0,"parent":0,"menu_order":0,"comment_status":"closed","ping_status":"closed","template":"","meta":{"_bbp_topic_count":0,"_bbp_reply_count":0,"_bbp_total_topic_count":0,"_bbp_total_reply_count":0,"_bbp_voice_count":0,"_bbp_anonymous_reply_count":0,"_bbp_topic_count_hidden":0,"_bbp_reply_count_hidden":0,"_bbp_forum_subforum_count":0,"footnotes":""},"class_list":["post-7526","page","type-page","status-publish","hentry"],"yoast_head":"<!-- This site is optimized with the Yoast SEO plugin v27.4 - https:\/\/yoast.com\/product\/yoast-seo-wordpress\/ -->\n<title>Help - Bed Bug Foundation<\/title>\n<meta name=\"robots\" content=\"index, follow, max-snippet:-1, max-image-preview:large, max-video-preview:-1\" \/>\n<link rel=\"canonical\" href=\"https:\/\/www.bedbugfoundation.org\/sv\/help\/\" \/>\n<meta property=\"og:locale\" content=\"sv_SE\" \/>\n<meta property=\"og:type\" content=\"article\" \/>\n<meta property=\"og:title\" content=\"Help - Bed Bug Foundation\" \/>\n<meta property=\"og:description\" content=\"For information on how to become a certified scent detection team follow the totorial linked here: https:\/\/www.bedbugfoundation.org\/help\/how-to-become-a-certified-team\/ The Following are for assessors only For information on how to use this site to certify a team or adjust website page translations &hellip; Forts\u00e4tt l\u00e4sa &rarr;\" \/>\n<meta property=\"og:url\" content=\"https:\/\/www.bedbugfoundation.org\/sv\/help\/\" \/>\n<meta property=\"og:site_name\" content=\"Bed Bug Foundation\" \/>\n<meta property=\"article:modified_time\" content=\"2024-04-30T15:43:32+00:00\" \/>\n<meta name=\"twitter:card\" content=\"summary_large_image\" \/>\n<meta name=\"twitter:label1\" content=\"Ber\u00e4knad l\u00e4stid\" \/>\n\t<meta name=\"twitter:data1\" content=\"1 minut\" \/>\n<script type=\"application\/ld+json\" class=\"yoast-schema-graph\">{\"@context\":\"https:\\\/\\\/schema.org\",\"@graph\":[{\"@type\":[\"WebPage\",\"FAQPage\"],\"@id\":\"https:\\\/\\\/www.bedbugfoundation.org\\\/help\\\/\",\"url\":\"https:\\\/\\\/www.bedbugfoundation.org\\\/help\\\/\",\"name\":\"Help - Bed Bug Foundation\",\"isPartOf\":{\"@id\":\"https:\\\/\\\/www.bedbugfoundation.org\\\/#website\"},\"datePublished\":\"2020-09-30T10:27:09+00:00\",\"dateModified\":\"2024-04-30T15:43:32+00:00\",\"breadcrumb\":{\"@id\":\"https:\\\/\\\/www.bedbugfoundation.org\\\/help\\\/#breadcrumb\"},\"inLanguage\":\"sv-SE\",\"potentialAction\":[{\"@type\":\"ReadAction\",\"target\":[\"https:\\\/\\\/www.bedbugfoundation.org\\\/help\\\/\"]}]},{\"@type\":\"BreadcrumbList\",\"@id\":\"https:\\\/\\\/www.bedbugfoundation.org\\\/help\\\/#breadcrumb\",\"itemListElement\":[{\"@type\":\"ListItem\",\"position\":1,\"name\":\"Home\",\"item\":\"https:\\\/\\\/www.bedbugfoundation.org\\\/\"},{\"@type\":\"ListItem\",\"position\":2,\"name\":\"Help\"}]},{\"@type\":\"WebSite\",\"@id\":\"https:\\\/\\\/www.bedbugfoundation.org\\\/#website\",\"url\":\"https:\\\/\\\/www.bedbugfoundation.org\\\/\",\"name\":\"Bed Bug Foundation\",\"description\":\"Home of the European Code of Practice for Bed Bug Management\",\"potentialAction\":[{\"@type\":\"SearchAction\",\"target\":{\"@type\":\"EntryPoint\",\"urlTemplate\":\"https:\\\/\\\/www.bedbugfoundation.org\\\/?s={search_term_string}\"},\"query-input\":{\"@type\":\"PropertyValueSpecification\",\"valueRequired\":true,\"valueName\":\"search_term_string\"}}],\"inLanguage\":\"sv-SE\"}]}<\/script>\n<!-- \/ Yoast SEO plugin. -->","yoast_head_json":{"title":"Hj\u00e4lp - Bed Bug Foundation","robots":{"index":"index","follow":"follow","max-snippet":"max-snippet:-1","max-image-preview":"max-image-preview:large","max-video-preview":"max-video-preview:-1"},"canonical":"https:\/\/www.bedbugfoundation.org\/sv\/help\/","og_locale":"sv_SE","og_type":"article","og_title":"Help - Bed Bug Foundation","og_description":"For information on how to become a certified scent detection team follow the totorial linked here: https:\/\/www.bedbugfoundation.org\/help\/how-to-become-a-certified-team\/ The Following are for assessors only For information on how to use this site to certify a team or adjust website page translations &hellip; Forts\u00e4tt l\u00e4sa &rarr;","og_url":"https:\/\/www.bedbugfoundation.org\/sv\/help\/","og_site_name":"Bed Bug Foundation","article_modified_time":"2024-04-30T15:43:32+00:00","twitter_card":"summary_large_image","twitter_misc":{"Ber\u00e4knad l\u00e4stid":"1 minut"},"schema":{"@context":"https:\/\/schema.org","@graph":[{"@type":["WebPage","FAQPage"],"@id":"https:\/\/www.bedbugfoundation.org\/help\/","url":"https:\/\/www.bedbugfoundation.org\/help\/","name":"Hj\u00e4lp - Bed Bug Foundation","isPartOf":{"@id":"https:\/\/www.bedbugfoundation.org\/#website"},"datePublished":"2020-09-30T10:27:09+00:00","dateModified":"2024-04-30T15:43:32+00:00","breadcrumb":{"@id":"https:\/\/www.bedbugfoundation.org\/help\/#breadcrumb"},"inLanguage":"sv-SE","potentialAction":[{"@type":"ReadAction","target":["https:\/\/www.bedbugfoundation.org\/help\/"]}]},{"@type":"BreadcrumbList","@id":"https:\/\/www.bedbugfoundation.org\/help\/#breadcrumb","itemListElement":[{"@type":"ListItem","position":1,"name":"Home","item":"https:\/\/www.bedbugfoundation.org\/"},{"@type":"ListItem","position":2,"name":"Help"}]},{"@type":"WebSite","@id":"https:\/\/www.bedbugfoundation.org\/#website","url":"https:\/\/www.bedbugfoundation.org\/","name":"Stiftelsen f\u00f6r s\u00e4ngbaggar","description":"Hem f\u00f6r den europeiska koden f\u00f6r hantering av s\u00e4nginfektioner","potentialAction":[{"@type":"SearchAction","target":{"@type":"EntryPoint","urlTemplate":"https:\/\/www.bedbugfoundation.org\/?s={search_term_string}"},"query-input":{"@type":"PropertyValueSpecification","valueRequired":true,"valueName":"search_term_string"}}],"inLanguage":"sv-SE"}]}},"_links":{"self":[{"href":"https:\/\/www.bedbugfoundation.org\/sv\/wp-json\/wp\/v2\/pages\/7526","targetHints":{"allow":["GET"]}}],"collection":[{"href":"https:\/\/www.bedbugfoundation.org\/sv\/wp-json\/wp\/v2\/pages"}],"about":[{"href":"https:\/\/www.bedbugfoundation.org\/sv\/wp-json\/wp\/v2\/types\/page"}],"author":[{"embeddable":true,"href":"https:\/\/www.bedbugfoundation.org\/sv\/wp-json\/wp\/v2\/users\/195"}],"replies":[{"embeddable":true,"href":"https:\/\/www.bedbugfoundation.org\/sv\/wp-json\/wp\/v2\/comments?post=7526"}],"version-history":[{"count":16,"href":"https:\/\/www.bedbugfoundation.org\/sv\/wp-json\/wp\/v2\/pages\/7526\/revisions"}],"predecessor-version":[{"id":10072,"href":"https:\/\/www.bedbugfoundation.org\/sv\/wp-json\/wp\/v2\/pages\/7526\/revisions\/10072"}],"wp:attachment":[{"href":"https:\/\/www.bedbugfoundation.org\/sv\/wp-json\/wp\/v2\/media?parent=7526"}],"curies":[{"name":"wp","href":"https:\/\/api.w.org\/{rel}","templated":true}]}}