{"id":7755,"date":"2020-12-09T10:42:37","date_gmt":"2020-12-09T10:42:37","guid":{"rendered":"https:\/\/www.bedbugfoundation.org\/?page_id=7755"},"modified":"2021-02-17T14:31:45","modified_gmt":"2021-02-17T14:31:45","slug":"how-to-edit-translations","status":"publish","type":"page","link":"https:\/\/www.bedbugfoundation.org\/sv\/help\/how-to-edit-translations\/","title":{"rendered":"Hur man redigerar \u00f6vers\u00e4ttningar"},"content":{"rendered":"<p>F\u00f6r att redigera ett befintligt spr\u00e5k f\u00f6ljer du stegen nedan:<\/p>\n\n\n\n<p>Steg 1: Logga f\u00f6rst in p\u00e5 ditt WordPress-konto (om du av n\u00e5gon anledning inte har tillg\u00e5ng till det, v\u00e4nligen kontakta oss p\u00e5 <a href=\"\/sv\/help@bedbugfoundation.org\/\">help@bedbugfoundation.org<\/a>).<\/p>\n\n\n\n<p><a href=\"https:\/\/www.bedbugfoundation.org\/wp-admin\/\">https:\/\/www.bedbugfoundation.org\/wp-admin\/<\/a><\/p>\n\n\n\n<p>Steg 2: V\u00e4lj sedan \"\u00d6vers\u00e4tt webbplats\".<\/p>\n\n\n\n<figure class=\"wp-block-image size-large\"><a href=\"https:\/\/www.bedbugfoundation.org\/wp-content\/uploads\/2020\/12\/translate-button.png\"><img loading=\"lazy\" decoding=\"async\" width=\"843\" height=\"37\" src=\"https:\/\/www.bedbugfoundation.org\/wp-content\/uploads\/2020\/12\/translate-button.png\" alt=\"\" class=\"wp-image-7770\" srcset=\"https:\/\/www.bedbugfoundation.org\/wp-content\/uploads\/2020\/12\/translate-button.png 843w, https:\/\/www.bedbugfoundation.org\/wp-content\/uploads\/2020\/12\/translate-button-300x13.png 300w, https:\/\/www.bedbugfoundation.org\/wp-content\/uploads\/2020\/12\/translate-button-768x34.png 768w, https:\/\/www.bedbugfoundation.org\/wp-content\/uploads\/2020\/12\/translate-button-16x1.png 16w, https:\/\/www.bedbugfoundation.org\/wp-content\/uploads\/2020\/12\/translate-button-500x22.png 500w\" sizes=\"auto, (max-width: 843px) 100vw, 843px\" \/><\/a><\/figure>\n\n\n\n<p>Steg 3: V\u00e4lj det spr\u00e5k du vill \u00f6vers\u00e4tta till.<\/p>\n\n\n\n<figure class=\"wp-block-image size-large\"><a href=\"https:\/\/www.bedbugfoundation.org\/wp-content\/uploads\/2020\/12\/translate-language.png\"><img loading=\"lazy\" decoding=\"async\" width=\"1024\" height=\"241\" src=\"https:\/\/www.bedbugfoundation.org\/wp-content\/uploads\/2020\/12\/translate-language-1024x241.png\" alt=\"\" class=\"wp-image-7762\" srcset=\"https:\/\/www.bedbugfoundation.org\/wp-content\/uploads\/2020\/12\/translate-language-1024x241.png 1024w, https:\/\/www.bedbugfoundation.org\/wp-content\/uploads\/2020\/12\/translate-language-300x71.png 300w, https:\/\/www.bedbugfoundation.org\/wp-content\/uploads\/2020\/12\/translate-language-768x181.png 768w, https:\/\/www.bedbugfoundation.org\/wp-content\/uploads\/2020\/12\/translate-language-16x4.png 16w, https:\/\/www.bedbugfoundation.org\/wp-content\/uploads\/2020\/12\/translate-language-500x118.png 500w, https:\/\/www.bedbugfoundation.org\/wp-content\/uploads\/2020\/12\/translate-language.png 1468w\" sizes=\"auto, (max-width: 1024px) 100vw, 1024px\" \/><\/a><\/figure>\n\n\n\n<p>Steg 4: H\u00e5ll muspekaren \u00f6ver den text du vill \u00f6vers\u00e4tta och v\u00e4lj ikonen som visas.<\/p>\n\n\n\n<figure class=\"wp-block-image size-large\"><a href=\"https:\/\/www.bedbugfoundation.org\/wp-content\/uploads\/2020\/12\/top.png\"><img loading=\"lazy\" decoding=\"async\" width=\"1024\" height=\"298\" src=\"https:\/\/www.bedbugfoundation.org\/wp-content\/uploads\/2020\/12\/top-1024x298.png\" alt=\"\" class=\"wp-image-7763\" srcset=\"https:\/\/www.bedbugfoundation.org\/wp-content\/uploads\/2020\/12\/top-1024x298.png 1024w, https:\/\/www.bedbugfoundation.org\/wp-content\/uploads\/2020\/12\/top-300x87.png 300w, https:\/\/www.bedbugfoundation.org\/wp-content\/uploads\/2020\/12\/top-768x223.png 768w, https:\/\/www.bedbugfoundation.org\/wp-content\/uploads\/2020\/12\/top-16x5.png 16w, https:\/\/www.bedbugfoundation.org\/wp-content\/uploads\/2020\/12\/top-500x145.png 500w, https:\/\/www.bedbugfoundation.org\/wp-content\/uploads\/2020\/12\/top.png 1155w\" sizes=\"auto, (max-width: 1024px) 100vw, 1024px\" \/><\/a><\/figure>\n\n\n\n<p>Steg 5: Skriv den nya \u00f6vers\u00e4ttningen i den markerade textrutan.<\/p>\n\n\n\n<figure class=\"wp-block-image size-large\"><a href=\"https:\/\/www.bedbugfoundation.org\/wp-content\/uploads\/2020\/12\/bottom.png\"><img loading=\"lazy\" decoding=\"async\" width=\"1024\" height=\"365\" src=\"https:\/\/www.bedbugfoundation.org\/wp-content\/uploads\/2020\/12\/bottom-1024x365.png\" alt=\"\" class=\"wp-image-7764\" srcset=\"https:\/\/www.bedbugfoundation.org\/wp-content\/uploads\/2020\/12\/bottom-1024x365.png 1024w, https:\/\/www.bedbugfoundation.org\/wp-content\/uploads\/2020\/12\/bottom-300x107.png 300w, https:\/\/www.bedbugfoundation.org\/wp-content\/uploads\/2020\/12\/bottom-768x274.png 768w, https:\/\/www.bedbugfoundation.org\/wp-content\/uploads\/2020\/12\/bottom-16x6.png 16w, https:\/\/www.bedbugfoundation.org\/wp-content\/uploads\/2020\/12\/bottom-500x178.png 500w, https:\/\/www.bedbugfoundation.org\/wp-content\/uploads\/2020\/12\/bottom.png 1155w\" sizes=\"auto, (max-width: 1024px) 100vw, 1024px\" \/><\/a><\/figure>\n\n\n\n<p>Steg 6: Upprepa steg 3 och 4 tills du \u00e4r n\u00f6jd och v\u00e4lj sedan knappen Save Translation (Spara \u00f6vers\u00e4ttning) h\u00f6gst upp p\u00e5 sk\u00e4rmen.<\/p>\n\n\n\n<figure class=\"wp-block-image size-large\"><a href=\"https:\/\/www.bedbugfoundation.org\/wp-content\/uploads\/2020\/12\/save.png\"><img loading=\"lazy\" decoding=\"async\" width=\"1024\" height=\"299\" src=\"https:\/\/www.bedbugfoundation.org\/wp-content\/uploads\/2020\/12\/save-1024x299.png\" alt=\"\" class=\"wp-image-7765\" srcset=\"https:\/\/www.bedbugfoundation.org\/wp-content\/uploads\/2020\/12\/save-1024x299.png 1024w, https:\/\/www.bedbugfoundation.org\/wp-content\/uploads\/2020\/12\/save-300x88.png 300w, https:\/\/www.bedbugfoundation.org\/wp-content\/uploads\/2020\/12\/save-768x224.png 768w, https:\/\/www.bedbugfoundation.org\/wp-content\/uploads\/2020\/12\/save-16x5.png 16w, https:\/\/www.bedbugfoundation.org\/wp-content\/uploads\/2020\/12\/save-500x146.png 500w, https:\/\/www.bedbugfoundation.org\/wp-content\/uploads\/2020\/12\/save.png 1268w\" sizes=\"auto, (max-width: 1024px) 100vw, 1024px\" \/><\/a><\/figure>\n\n\n\n<p><\/p>","protected":false},"excerpt":{"rendered":"<p>To edit an existing language please follow the steps bellow: Step 1: First login to your WordPress account (If you dont have access for whatever reason please contact us at help@bedbugfoundation.org). https:\/\/www.bedbugfoundation.org\/wp-admin\/ Step 2: Then select &#8216;Translate site&#8217;. Step 3: &hellip; <a href=\"https:\/\/www.bedbugfoundation.org\/sv\/help\/how-to-edit-translations\/\">Forts\u00e4tt l\u00e4sa <span class=\"meta-nav\">\u2192<\/span><\/a><\/p>","protected":false},"author":195,"featured_media":0,"parent":7526,"menu_order":0,"comment_status":"closed","ping_status":"closed","template":"","meta":{"_bbp_topic_count":0,"_bbp_reply_count":0,"_bbp_total_topic_count":0,"_bbp_total_reply_count":0,"_bbp_voice_count":0,"_bbp_anonymous_reply_count":0,"_bbp_topic_count_hidden":0,"_bbp_reply_count_hidden":0,"_bbp_forum_subforum_count":0,"footnotes":""},"class_list":["post-7755","page","type-page","status-publish","hentry"],"yoast_head":"<!-- This site is optimized with the Yoast SEO plugin v27.4 - https:\/\/yoast.com\/product\/yoast-seo-wordpress\/ -->\n<title>How to Edit Translations - Bed Bug Foundation<\/title>\n<meta name=\"robots\" content=\"index, follow, max-snippet:-1, max-image-preview:large, max-video-preview:-1\" \/>\n<link rel=\"canonical\" href=\"https:\/\/www.bedbugfoundation.org\/sv\/help\/how-to-edit-translations\/\" \/>\n<meta property=\"og:locale\" content=\"sv_SE\" \/>\n<meta property=\"og:type\" content=\"article\" \/>\n<meta property=\"og:title\" content=\"How to Edit Translations - Bed Bug Foundation\" \/>\n<meta property=\"og:description\" content=\"To edit an existing language please follow the steps bellow: Step 1: First login to your WordPress account (If you dont have access for whatever reason please contact us at help@bedbugfoundation.org). https:\/\/www.bedbugfoundation.org\/wp-admin\/ Step 2: Then select &#8216;Translate site&#8217;. Step 3: &hellip; Forts\u00e4tt l\u00e4sa &rarr;\" \/>\n<meta property=\"og:url\" content=\"https:\/\/www.bedbugfoundation.org\/sv\/help\/how-to-edit-translations\/\" \/>\n<meta property=\"og:site_name\" content=\"Bed Bug Foundation\" \/>\n<meta property=\"article:modified_time\" content=\"2021-02-17T14:31:45+00:00\" \/>\n<meta property=\"og:image\" content=\"https:\/\/www.bedbugfoundation.org\/wp-content\/uploads\/2020\/12\/translate-button.png\" \/>\n<meta name=\"twitter:card\" content=\"summary_large_image\" \/>\n<script type=\"application\/ld+json\" class=\"yoast-schema-graph\">{\"@context\":\"https:\\\/\\\/schema.org\",\"@graph\":[{\"@type\":\"WebPage\",\"@id\":\"https:\\\/\\\/www.bedbugfoundation.org\\\/help\\\/how-to-edit-translations\\\/\",\"url\":\"https:\\\/\\\/www.bedbugfoundation.org\\\/help\\\/how-to-edit-translations\\\/\",\"name\":\"How to Edit Translations - Bed Bug Foundation\",\"isPartOf\":{\"@id\":\"https:\\\/\\\/www.bedbugfoundation.org\\\/#website\"},\"primaryImageOfPage\":{\"@id\":\"https:\\\/\\\/www.bedbugfoundation.org\\\/help\\\/how-to-edit-translations\\\/#primaryimage\"},\"image\":{\"@id\":\"https:\\\/\\\/www.bedbugfoundation.org\\\/help\\\/how-to-edit-translations\\\/#primaryimage\"},\"thumbnailUrl\":\"https:\\\/\\\/www.bedbugfoundation.org\\\/wp-content\\\/uploads\\\/2020\\\/12\\\/translate-button.png\",\"datePublished\":\"2020-12-09T10:42:37+00:00\",\"dateModified\":\"2021-02-17T14:31:45+00:00\",\"breadcrumb\":{\"@id\":\"https:\\\/\\\/www.bedbugfoundation.org\\\/help\\\/how-to-edit-translations\\\/#breadcrumb\"},\"inLanguage\":\"sv-SE\",\"potentialAction\":[{\"@type\":\"ReadAction\",\"target\":[\"https:\\\/\\\/www.bedbugfoundation.org\\\/help\\\/how-to-edit-translations\\\/\"]}]},{\"@type\":\"ImageObject\",\"inLanguage\":\"sv-SE\",\"@id\":\"https:\\\/\\\/www.bedbugfoundation.org\\\/help\\\/how-to-edit-translations\\\/#primaryimage\",\"url\":\"https:\\\/\\\/www.bedbugfoundation.org\\\/wp-content\\\/uploads\\\/2020\\\/12\\\/translate-button.png\",\"contentUrl\":\"https:\\\/\\\/www.bedbugfoundation.org\\\/wp-content\\\/uploads\\\/2020\\\/12\\\/translate-button.png\"},{\"@type\":\"BreadcrumbList\",\"@id\":\"https:\\\/\\\/www.bedbugfoundation.org\\\/help\\\/how-to-edit-translations\\\/#breadcrumb\",\"itemListElement\":[{\"@type\":\"ListItem\",\"position\":1,\"name\":\"Home\",\"item\":\"https:\\\/\\\/www.bedbugfoundation.org\\\/\"},{\"@type\":\"ListItem\",\"position\":2,\"name\":\"Help\",\"item\":\"https:\\\/\\\/www.bedbugfoundation.org\\\/help\\\/\"},{\"@type\":\"ListItem\",\"position\":3,\"name\":\"How to Edit Translations\"}]},{\"@type\":\"WebSite\",\"@id\":\"https:\\\/\\\/www.bedbugfoundation.org\\\/#website\",\"url\":\"https:\\\/\\\/www.bedbugfoundation.org\\\/\",\"name\":\"Bed Bug Foundation\",\"description\":\"Home of the European Code of Practice for Bed Bug Management\",\"potentialAction\":[{\"@type\":\"SearchAction\",\"target\":{\"@type\":\"EntryPoint\",\"urlTemplate\":\"https:\\\/\\\/www.bedbugfoundation.org\\\/?s={search_term_string}\"},\"query-input\":{\"@type\":\"PropertyValueSpecification\",\"valueRequired\":true,\"valueName\":\"search_term_string\"}}],\"inLanguage\":\"sv-SE\"}]}<\/script>\n<!-- \/ Yoast SEO plugin. -->","yoast_head_json":{"title":"Hur man redigerar \u00f6vers\u00e4ttningar - Bed Bug Foundation","robots":{"index":"index","follow":"follow","max-snippet":"max-snippet:-1","max-image-preview":"max-image-preview:large","max-video-preview":"max-video-preview:-1"},"canonical":"https:\/\/www.bedbugfoundation.org\/sv\/help\/how-to-edit-translations\/","og_locale":"sv_SE","og_type":"article","og_title":"How to Edit Translations - Bed Bug Foundation","og_description":"To edit an existing language please follow the steps bellow: Step 1: First login to your WordPress account (If you dont have access for whatever reason please contact us at help@bedbugfoundation.org). https:\/\/www.bedbugfoundation.org\/wp-admin\/ Step 2: Then select &#8216;Translate site&#8217;. Step 3: &hellip; Forts\u00e4tt l\u00e4sa &rarr;","og_url":"https:\/\/www.bedbugfoundation.org\/sv\/help\/how-to-edit-translations\/","og_site_name":"Bed Bug Foundation","article_modified_time":"2021-02-17T14:31:45+00:00","og_image":[{"url":"https:\/\/www.bedbugfoundation.org\/wp-content\/uploads\/2020\/12\/translate-button.png","type":"","width":"","height":""}],"twitter_card":"summary_large_image","schema":{"@context":"https:\/\/schema.org","@graph":[{"@type":"WebPage","@id":"https:\/\/www.bedbugfoundation.org\/help\/how-to-edit-translations\/","url":"https:\/\/www.bedbugfoundation.org\/help\/how-to-edit-translations\/","name":"Hur man redigerar \u00f6vers\u00e4ttningar - Bed Bug Foundation","isPartOf":{"@id":"https:\/\/www.bedbugfoundation.org\/#website"},"primaryImageOfPage":{"@id":"https:\/\/www.bedbugfoundation.org\/help\/how-to-edit-translations\/#primaryimage"},"image":{"@id":"https:\/\/www.bedbugfoundation.org\/help\/how-to-edit-translations\/#primaryimage"},"thumbnailUrl":"https:\/\/www.bedbugfoundation.org\/wp-content\/uploads\/2020\/12\/translate-button.png","datePublished":"2020-12-09T10:42:37+00:00","dateModified":"2021-02-17T14:31:45+00:00","breadcrumb":{"@id":"https:\/\/www.bedbugfoundation.org\/help\/how-to-edit-translations\/#breadcrumb"},"inLanguage":"sv-SE","potentialAction":[{"@type":"ReadAction","target":["https:\/\/www.bedbugfoundation.org\/help\/how-to-edit-translations\/"]}]},{"@type":"ImageObject","inLanguage":"sv-SE","@id":"https:\/\/www.bedbugfoundation.org\/help\/how-to-edit-translations\/#primaryimage","url":"https:\/\/www.bedbugfoundation.org\/wp-content\/uploads\/2020\/12\/translate-button.png","contentUrl":"https:\/\/www.bedbugfoundation.org\/wp-content\/uploads\/2020\/12\/translate-button.png"},{"@type":"BreadcrumbList","@id":"https:\/\/www.bedbugfoundation.org\/help\/how-to-edit-translations\/#breadcrumb","itemListElement":[{"@type":"ListItem","position":1,"name":"Home","item":"https:\/\/www.bedbugfoundation.org\/"},{"@type":"ListItem","position":2,"name":"Help","item":"https:\/\/www.bedbugfoundation.org\/help\/"},{"@type":"ListItem","position":3,"name":"How to Edit Translations"}]},{"@type":"WebSite","@id":"https:\/\/www.bedbugfoundation.org\/#website","url":"https:\/\/www.bedbugfoundation.org\/","name":"Stiftelsen f\u00f6r s\u00e4ngbaggar","description":"Hem f\u00f6r den europeiska koden f\u00f6r hantering av s\u00e4nginfektioner","potentialAction":[{"@type":"SearchAction","target":{"@type":"EntryPoint","urlTemplate":"https:\/\/www.bedbugfoundation.org\/?s={search_term_string}"},"query-input":{"@type":"PropertyValueSpecification","valueRequired":true,"valueName":"search_term_string"}}],"inLanguage":"sv-SE"}]}},"_links":{"self":[{"href":"https:\/\/www.bedbugfoundation.org\/sv\/wp-json\/wp\/v2\/pages\/7755","targetHints":{"allow":["GET"]}}],"collection":[{"href":"https:\/\/www.bedbugfoundation.org\/sv\/wp-json\/wp\/v2\/pages"}],"about":[{"href":"https:\/\/www.bedbugfoundation.org\/sv\/wp-json\/wp\/v2\/types\/page"}],"author":[{"embeddable":true,"href":"https:\/\/www.bedbugfoundation.org\/sv\/wp-json\/wp\/v2\/users\/195"}],"replies":[{"embeddable":true,"href":"https:\/\/www.bedbugfoundation.org\/sv\/wp-json\/wp\/v2\/comments?post=7755"}],"version-history":[{"count":7,"href":"https:\/\/www.bedbugfoundation.org\/sv\/wp-json\/wp\/v2\/pages\/7755\/revisions"}],"predecessor-version":[{"id":7775,"href":"https:\/\/www.bedbugfoundation.org\/sv\/wp-json\/wp\/v2\/pages\/7755\/revisions\/7775"}],"up":[{"embeddable":true,"href":"https:\/\/www.bedbugfoundation.org\/sv\/wp-json\/wp\/v2\/pages\/7526"}],"wp:attachment":[{"href":"https:\/\/www.bedbugfoundation.org\/sv\/wp-json\/wp\/v2\/media?parent=7755"}],"curies":[{"name":"wp","href":"https:\/\/api.w.org\/{rel}","templated":true}]}}